{"id":488455,"date":"2024-10-02T15:13:05","date_gmt":"2024-10-02T12:13:05","guid":{"rendered":"https:\/\/justbuildit.eu\/?post_type=product&#038;p=488455"},"modified":"2026-04-11T12:03:17","modified_gmt":"2026-04-11T09:03:17","slug":"hudroisolatsioonimastiks-kiilto-fibergum-140kg","status":"publish","type":"product","link":"https:\/\/justbuildit.eu\/en\/pood\/hudroisolatsioon\/veetokked\/hudroisolatsioonimastiks-kiilto-fibergum-140kg\/","title":{"rendered":"H\u00fcdroisolatsioonimastiks Kiilto Fibergum 14,0kg"},"content":{"rendered":"<ul>\n<li>Kiilto Fibergum on kasutusvalmis kiudtugevdatud h\u00fcdroisolatsioonimastiks, mis paigaldatakse vannitubade, saunade jms niiskete ruumide seina- ja p\u00f5randaplaatide alla.<\/li>\n<li>Ei sobi kasutamiseks kohtades, mis on pidevalt vee all (n\u00e4iteks basseinid) v\u00f5i juhul kui temperatuur t\u00f5useb \u00fcle +60 \u00b0C (n\u00e4iteks sauna leiliruumi seinad).<\/li>\n<li>Aluspinnaks sobivad betoon, tsemendialusel pahtel v\u00f5i m\u00e4rga ruumi sobiv ehitusplaat.<\/li>\n<li>\u00dchekomponentne&lt;\/kulu 0,6 l\/m\u00b2 \/ 0,8 kg seinte, 0,8 l\/m\u00b2 \/ 1,0 kg p\u00f5randate puhul.<\/li>\n<li>Kuivamisaeg 2 + 6 h.<\/li>\n<\/ul>\n","protected":false},"excerpt":{"rendered":"Kiilto Fibergum on kasutusvalmis kiudtugevdatud h\u00fcdroisolatsioonimastiks, mis paigaldatakse vannitubade, saunade jms niiskete ruumide seina- ja p\u00f5randaplaatide alla. Ei sobi kasutamiseks kohtades, mis on pidevalt vee all (n\u00e4iteks basseinid) v\u00f5i juhul kui temperatuur t\u00f5useb \u00fcle +60 \u00b0C (n\u00e4iteks sauna leiliruumi seinad). Aluspinnaks sobivad betoon, tsemendialusel pahtel v\u00f5i m\u00e4rga ruumi sobiv ehitusplaat. \u00dchekomponentne&lt;\/kulu 0,6 l\/m\u00b2 \/ 0,8 [&hellip;]","protected":false},"featured_media":488456,"comment_status":"open","ping_status":"closed","template":"","meta":{"_acf_changed":false},"product_brand":[],"product_cat":[64,62,497],"product_tag":[],"class_list":{"0":"post-488455","1":"product","2":"type-product","3":"status-publish","4":"has-post-thumbnail","6":"product_cat-veetokked","7":"product_cat-hudroisolatsioon","8":"product_cat-puumarket","10":"first","11":"outofstock","12":"shipping-taxable","13":"purchasable","14":"product-type-simple"},"acf":[],"yoast_head":"<!-- This site is optimized with the Yoast SEO Premium plugin v18.7 (Yoast SEO v26.5) - https:\/\/yoast.com\/wordpress\/plugins\/seo\/ -->\n<title>H\u00fcdroisolatsioonimastiks Kiilto Fibergum 14,0kg - Ehituslahendused<\/title>\n<meta name=\"robots\" content=\"index, follow, max-snippet:-1, max-image-preview:large, max-video-preview:-1\" \/>\n<link rel=\"canonical\" href=\"https:\/\/justbuildit.eu\/en\/pood\/hudroisolatsioon\/veetokked\/hudroisolatsioonimastiks-kiilto-fibergum-140kg\/\" \/>\n<meta property=\"og:locale\" content=\"en_US\" \/>\n<meta property=\"og:type\" content=\"article\" \/>\n<meta property=\"og:title\" content=\"H\u00fcdroisolatsioonimastiks Kiilto Fibergum 14,0kg\" \/>\n<meta property=\"og:description\" content=\"Kiilto Fibergum on kasutusvalmis kiudtugevdatud h\u00fcdroisolatsioonimastiks, mis paigaldatakse vannitubade, saunade jms niiskete ruumide seina- ja p\u00f5randaplaatide alla. Ei sobi kasutamiseks kohtades, mis on pidevalt vee all (n\u00e4iteks basseinid) v\u00f5i juhul kui temperatuur t\u00f5useb \u00fcle +60 \u00b0C (n\u00e4iteks sauna leiliruumi seinad). Aluspinnaks sobivad betoon, tsemendialusel pahtel v\u00f5i m\u00e4rga ruumi sobiv ehitusplaat. \u00dchekomponentne&lt;\/kulu 0,6 l\/m\u00b2 \/ 0,8 [&hellip;]\" \/>\n<meta property=\"og:url\" content=\"https:\/\/justbuildit.eu\/en\/pood\/hudroisolatsioon\/veetokked\/hudroisolatsioonimastiks-kiilto-fibergum-140kg\/\" \/>\n<meta property=\"og:site_name\" content=\"Ehituslahendused\" \/>\n<meta property=\"article:publisher\" content=\"https:\/\/www.facebook.com\/justbuildit.ee\" \/>\n<meta property=\"article:modified_time\" content=\"2026-04-11T09:03:17+00:00\" \/>\n<meta property=\"og:image\" content=\"https:\/\/justbuildit.eu\/wp-content\/uploads\/2024\/10\/103093.jpg\" \/>\n\t<meta property=\"og:image:width\" content=\"709\" \/>\n\t<meta property=\"og:image:height\" content=\"709\" \/>\n\t<meta property=\"og:image:type\" content=\"image\/jpeg\" \/>\n<meta name=\"twitter:card\" content=\"summary_large_image\" \/>\n<script type=\"application\/ld+json\" class=\"yoast-schema-graph\">{\"@context\":\"https:\/\/schema.org\",\"@graph\":[{\"@type\":\"WebPage\",\"@id\":\"https:\/\/justbuildit.eu\/en\/pood\/hudroisolatsioon\/veetokked\/hudroisolatsioonimastiks-kiilto-fibergum-140kg\/\",\"url\":\"https:\/\/justbuildit.eu\/en\/pood\/hudroisolatsioon\/veetokked\/hudroisolatsioonimastiks-kiilto-fibergum-140kg\/\",\"name\":\"H\u00fcdroisolatsioonimastiks Kiilto Fibergum 14,0kg - Ehituslahendused\",\"isPartOf\":{\"@id\":\"https:\/\/justbuildit.eu\/en\/#website\"},\"primaryImageOfPage\":{\"@id\":\"https:\/\/justbuildit.eu\/en\/pood\/hudroisolatsioon\/veetokked\/hudroisolatsioonimastiks-kiilto-fibergum-140kg\/#primaryimage\"},\"image\":{\"@id\":\"https:\/\/justbuildit.eu\/en\/pood\/hudroisolatsioon\/veetokked\/hudroisolatsioonimastiks-kiilto-fibergum-140kg\/#primaryimage\"},\"thumbnailUrl\":\"https:\/\/justbuildit.eu\/wp-content\/uploads\/2024\/10\/103093.jpg\",\"datePublished\":\"2024-10-02T12:13:05+00:00\",\"dateModified\":\"2026-04-11T09:03:17+00:00\",\"breadcrumb\":{\"@id\":\"https:\/\/justbuildit.eu\/en\/pood\/hudroisolatsioon\/veetokked\/hudroisolatsioonimastiks-kiilto-fibergum-140kg\/#breadcrumb\"},\"inLanguage\":\"en-US\",\"potentialAction\":[{\"@type\":\"ReadAction\",\"target\":[\"https:\/\/justbuildit.eu\/en\/pood\/hudroisolatsioon\/veetokked\/hudroisolatsioonimastiks-kiilto-fibergum-140kg\/\"]}]},{\"@type\":\"ImageObject\",\"inLanguage\":\"en-US\",\"@id\":\"https:\/\/justbuildit.eu\/en\/pood\/hudroisolatsioon\/veetokked\/hudroisolatsioonimastiks-kiilto-fibergum-140kg\/#primaryimage\",\"url\":\"https:\/\/justbuildit.eu\/wp-content\/uploads\/2024\/10\/103093.jpg\",\"contentUrl\":\"https:\/\/justbuildit.eu\/wp-content\/uploads\/2024\/10\/103093.jpg\",\"width\":709,\"height\":709},{\"@type\":\"BreadcrumbList\",\"@id\":\"https:\/\/justbuildit.eu\/en\/pood\/hudroisolatsioon\/veetokked\/hudroisolatsioonimastiks-kiilto-fibergum-140kg\/#breadcrumb\",\"itemListElement\":[{\"@type\":\"ListItem\",\"position\":1,\"name\":\"Home\",\"item\":\"https:\/\/justbuildit.eu\/en\/\"},{\"@type\":\"ListItem\",\"position\":2,\"name\":\"Shop\",\"item\":\"https:\/\/justbuildit.eu\/en\/building-materials\/\"},{\"@type\":\"ListItem\",\"position\":3,\"name\":\"H\u00fcdroisolatsioonimastiks Kiilto Fibergum 14,0kg\"}]},{\"@type\":\"WebSite\",\"@id\":\"https:\/\/justbuildit.eu\/en\/#website\",\"url\":\"https:\/\/justbuildit.eu\/en\/\",\"name\":\"Ehituslahendused\",\"description\":\"Ehituslahendused ja materjalid\",\"publisher\":{\"@id\":\"https:\/\/justbuildit.eu\/en\/#organization\"},\"potentialAction\":[{\"@type\":\"SearchAction\",\"target\":{\"@type\":\"EntryPoint\",\"urlTemplate\":\"https:\/\/justbuildit.eu\/en\/?s={search_term_string}\"},\"query-input\":{\"@type\":\"PropertyValueSpecification\",\"valueRequired\":true,\"valueName\":\"search_term_string\"}}],\"inLanguage\":\"en-US\"},{\"@type\":\"Organization\",\"@id\":\"https:\/\/justbuildit.eu\/en\/#organization\",\"name\":\"Just Build It O\u00dc\",\"url\":\"https:\/\/justbuildit.eu\/en\/\",\"logo\":{\"@type\":\"ImageObject\",\"inLanguage\":\"en-US\",\"@id\":\"https:\/\/justbuildit.eu\/en\/#\/schema\/logo\/image\/\",\"url\":\"https:\/\/justbuildit.eu\/wp-content\/uploads\/2022\/01\/justbuildit.png\",\"contentUrl\":\"https:\/\/justbuildit.eu\/wp-content\/uploads\/2022\/01\/justbuildit.png\",\"width\":173,\"height\":77,\"caption\":\"Just Build It O\u00dc\"},\"image\":{\"@id\":\"https:\/\/justbuildit.eu\/en\/#\/schema\/logo\/image\/\"},\"sameAs\":[\"https:\/\/www.facebook.com\/justbuildit.ee\"]}]}<\/script>\n<!-- \/ Yoast SEO Premium plugin. -->","yoast_head_json":{"title":"H\u00fcdroisolatsioonimastiks Kiilto Fibergum 14,0kg - Ehituslahendused","robots":{"index":"index","follow":"follow","max-snippet":"max-snippet:-1","max-image-preview":"max-image-preview:large","max-video-preview":"max-video-preview:-1"},"canonical":"https:\/\/justbuildit.eu\/en\/pood\/hudroisolatsioon\/veetokked\/hudroisolatsioonimastiks-kiilto-fibergum-140kg\/","og_locale":"en_US","og_type":"article","og_title":"H\u00fcdroisolatsioonimastiks Kiilto Fibergum 14,0kg","og_description":"Kiilto Fibergum on kasutusvalmis kiudtugevdatud h\u00fcdroisolatsioonimastiks, mis paigaldatakse vannitubade, saunade jms niiskete ruumide seina- ja p\u00f5randaplaatide alla. Ei sobi kasutamiseks kohtades, mis on pidevalt vee all (n\u00e4iteks basseinid) v\u00f5i juhul kui temperatuur t\u00f5useb \u00fcle +60 \u00b0C (n\u00e4iteks sauna leiliruumi seinad). Aluspinnaks sobivad betoon, tsemendialusel pahtel v\u00f5i m\u00e4rga ruumi sobiv ehitusplaat. \u00dchekomponentne&lt;\/kulu 0,6 l\/m\u00b2 \/ 0,8 [&hellip;]","og_url":"https:\/\/justbuildit.eu\/en\/pood\/hudroisolatsioon\/veetokked\/hudroisolatsioonimastiks-kiilto-fibergum-140kg\/","og_site_name":"Ehituslahendused","article_publisher":"https:\/\/www.facebook.com\/justbuildit.ee","article_modified_time":"2026-04-11T09:03:17+00:00","og_image":[{"width":709,"height":709,"url":"https:\/\/justbuildit.eu\/wp-content\/uploads\/2024\/10\/103093.jpg","type":"image\/jpeg"}],"twitter_card":"summary_large_image","schema":{"@context":"https:\/\/schema.org","@graph":[{"@type":"WebPage","@id":"https:\/\/justbuildit.eu\/en\/pood\/hudroisolatsioon\/veetokked\/hudroisolatsioonimastiks-kiilto-fibergum-140kg\/","url":"https:\/\/justbuildit.eu\/en\/pood\/hudroisolatsioon\/veetokked\/hudroisolatsioonimastiks-kiilto-fibergum-140kg\/","name":"H\u00fcdroisolatsioonimastiks Kiilto Fibergum 14,0kg - Ehituslahendused","isPartOf":{"@id":"https:\/\/justbuildit.eu\/en\/#website"},"primaryImageOfPage":{"@id":"https:\/\/justbuildit.eu\/en\/pood\/hudroisolatsioon\/veetokked\/hudroisolatsioonimastiks-kiilto-fibergum-140kg\/#primaryimage"},"image":{"@id":"https:\/\/justbuildit.eu\/en\/pood\/hudroisolatsioon\/veetokked\/hudroisolatsioonimastiks-kiilto-fibergum-140kg\/#primaryimage"},"thumbnailUrl":"https:\/\/justbuildit.eu\/wp-content\/uploads\/2024\/10\/103093.jpg","datePublished":"2024-10-02T12:13:05+00:00","dateModified":"2026-04-11T09:03:17+00:00","breadcrumb":{"@id":"https:\/\/justbuildit.eu\/en\/pood\/hudroisolatsioon\/veetokked\/hudroisolatsioonimastiks-kiilto-fibergum-140kg\/#breadcrumb"},"inLanguage":"en-US","potentialAction":[{"@type":"ReadAction","target":["https:\/\/justbuildit.eu\/en\/pood\/hudroisolatsioon\/veetokked\/hudroisolatsioonimastiks-kiilto-fibergum-140kg\/"]}]},{"@type":"ImageObject","inLanguage":"en-US","@id":"https:\/\/justbuildit.eu\/en\/pood\/hudroisolatsioon\/veetokked\/hudroisolatsioonimastiks-kiilto-fibergum-140kg\/#primaryimage","url":"https:\/\/justbuildit.eu\/wp-content\/uploads\/2024\/10\/103093.jpg","contentUrl":"https:\/\/justbuildit.eu\/wp-content\/uploads\/2024\/10\/103093.jpg","width":709,"height":709},{"@type":"BreadcrumbList","@id":"https:\/\/justbuildit.eu\/en\/pood\/hudroisolatsioon\/veetokked\/hudroisolatsioonimastiks-kiilto-fibergum-140kg\/#breadcrumb","itemListElement":[{"@type":"ListItem","position":1,"name":"Home","item":"https:\/\/justbuildit.eu\/en\/"},{"@type":"ListItem","position":2,"name":"Shop","item":"https:\/\/justbuildit.eu\/en\/building-materials\/"},{"@type":"ListItem","position":3,"name":"H\u00fcdroisolatsioonimastiks Kiilto Fibergum 14,0kg"}]},{"@type":"WebSite","@id":"https:\/\/justbuildit.eu\/en\/#website","url":"https:\/\/justbuildit.eu\/en\/","name":"Ehituslahendused","description":"Ehituslahendused ja materjalid","publisher":{"@id":"https:\/\/justbuildit.eu\/en\/#organization"},"potentialAction":[{"@type":"SearchAction","target":{"@type":"EntryPoint","urlTemplate":"https:\/\/justbuildit.eu\/en\/?s={search_term_string}"},"query-input":{"@type":"PropertyValueSpecification","valueRequired":true,"valueName":"search_term_string"}}],"inLanguage":"en-US"},{"@type":"Organization","@id":"https:\/\/justbuildit.eu\/en\/#organization","name":"Just Build It O\u00dc","url":"https:\/\/justbuildit.eu\/en\/","logo":{"@type":"ImageObject","inLanguage":"en-US","@id":"https:\/\/justbuildit.eu\/en\/#\/schema\/logo\/image\/","url":"https:\/\/justbuildit.eu\/wp-content\/uploads\/2022\/01\/justbuildit.png","contentUrl":"https:\/\/justbuildit.eu\/wp-content\/uploads\/2022\/01\/justbuildit.png","width":173,"height":77,"caption":"Just Build It O\u00dc"},"image":{"@id":"https:\/\/justbuildit.eu\/en\/#\/schema\/logo\/image\/"},"sameAs":["https:\/\/www.facebook.com\/justbuildit.ee"]}]}},"_links":{"self":[{"href":"https:\/\/justbuildit.eu\/en\/wp-json\/wp\/v2\/product\/488455","targetHints":{"allow":["GET"]}}],"collection":[{"href":"https:\/\/justbuildit.eu\/en\/wp-json\/wp\/v2\/product"}],"about":[{"href":"https:\/\/justbuildit.eu\/en\/wp-json\/wp\/v2\/types\/product"}],"replies":[{"embeddable":true,"href":"https:\/\/justbuildit.eu\/en\/wp-json\/wp\/v2\/comments?post=488455"}],"wp:featuredmedia":[{"embeddable":true,"href":"https:\/\/justbuildit.eu\/en\/wp-json\/wp\/v2\/media\/488456"}],"wp:attachment":[{"href":"https:\/\/justbuildit.eu\/en\/wp-json\/wp\/v2\/media?parent=488455"}],"wp:term":[{"taxonomy":"product_brand","embeddable":true,"href":"https:\/\/justbuildit.eu\/en\/wp-json\/wp\/v2\/product_brand?post=488455"},{"taxonomy":"product_cat","embeddable":true,"href":"https:\/\/justbuildit.eu\/en\/wp-json\/wp\/v2\/product_cat?post=488455"},{"taxonomy":"product_tag","embeddable":true,"href":"https:\/\/justbuildit.eu\/en\/wp-json\/wp\/v2\/product_tag?post=488455"}],"curies":[{"name":"wp","href":"https:\/\/api.w.org\/{rel}","templated":true}]}}