{"id":488464,"date":"2024-10-02T15:17:36","date_gmt":"2024-10-02T12:17:36","guid":{"rendered":"https:\/\/justbuildit.eu\/?post_type=product&#038;p=488464"},"modified":"2026-04-11T12:03:16","modified_gmt":"2026-04-11T09:03:16","slug":"soojustusplaat-xps-fl-300-100x585x2485mm-poolsulundiga-436m2","status":"publish","type":"product","link":"https:\/\/justbuildit.eu\/en\/pood\/isolatsioonimaterjalid\/vahtpolustureen-eps-xps\/soojustusplaat-xps-fl-300-100x585x2485mm-poolsulundiga-436m2\/","title":{"rendered":"Soojustusplaat XPS FL-300 100x585x2485mm poolsulundiga, 4,36m2"},"content":{"rendered":"<p>\u00dchtlase ja suletud pooridega XPS soojustus. Plaat on suurt m\u00f5\u00f5tu ja sileda pinnaga.<\/p>\n<p>FINNFOAM (XPS) on oma t\u00e4iesti \u00fchtlase ja suletud pooride struktuuri t\u00f5ttu veekindel ja tugev soojustusmaterjal. FINNFOAM sobib ideaalselt nii k\u00fclmat\u00f5kkeks kui alusp\u00f5randate, seinte ja lagede soojustuseks ning erinevate objektide lisasoojustuseks.<\/p>\n<p>Paksud plaadid kiirendavad oluliselt t\u00f6\u00f6d ehitusobjektil, kuna paigaldatavate plaadikihtide arv on v\u00e4iksem. N\u00e4iteks terrassikate, p\u00f6\u00f6ratud v\u00f5i roheline katus v\u00f5ib olla ehitatud kahest FINNFOAM soojustuskihist ja saavutada U-v\u00e4\u00e4rtuse 0,09 W\/m2K. Ka pinnasele rajatavatel alusp\u00f5randatel kiirendavad paksud poolsulundiga plaadid paigaldust.<\/p>\n<p>Material: Pressitud pol\u00fcst\u00fcreen<br \/>\nV\u00e4rv: Helekollane<br \/>\nSulund: Poolsulundiga<\/p>\n<p>Laius 600 mm (+-5 mm), pikkus 2500 mm (+- 10 mm)<br \/>\nNB! Kasulik pikkus 2485 mm ja kasulik laius 585 mm.<\/p>\n","protected":false},"excerpt":{"rendered":"<p>\u00dchtlase ja suletud pooridega XPS soojustus. Plaat on suurt m\u00f5\u00f5tu ja sileda pinnaga.<\/p>","protected":false},"featured_media":488465,"comment_status":"open","ping_status":"closed","template":"","meta":{"_acf_changed":false},"product_brand":[],"product_cat":[80,497],"product_tag":[],"class_list":{"0":"post-488464","1":"product","2":"type-product","3":"status-publish","4":"has-post-thumbnail","6":"product_cat-vahtpolustureen-eps-xps","7":"product_cat-puumarket","9":"first","10":"outofstock","11":"shipping-taxable","12":"purchasable","13":"product-type-simple"},"acf":[],"yoast_head":"<!-- This site is optimized with the Yoast SEO Premium plugin v18.7 (Yoast SEO v26.5) - https:\/\/yoast.com\/wordpress\/plugins\/seo\/ -->\n<title>Soojustusplaat XPS FL-300 100x585x2485mm poolsulundiga, 4,36m2 - Ehituslahendused<\/title>\n<meta name=\"robots\" content=\"index, follow, max-snippet:-1, max-image-preview:large, max-video-preview:-1\" \/>\n<link rel=\"canonical\" href=\"https:\/\/justbuildit.eu\/en\/pood\/isolatsioonimaterjalid\/vahtpolustureen-eps-xps\/soojustusplaat-xps-fl-300-100x585x2485mm-poolsulundiga-436m2\/\" \/>\n<meta property=\"og:locale\" content=\"en_US\" \/>\n<meta property=\"og:type\" content=\"article\" \/>\n<meta property=\"og:title\" content=\"Soojustusplaat XPS FL-300 100x585x2485mm poolsulundiga, 4,36m2\" \/>\n<meta property=\"og:description\" content=\"\u00dchtlase ja suletud pooridega XPS soojustus. Plaat on suurt m\u00f5\u00f5tu ja sileda pinnaga.\" \/>\n<meta property=\"og:url\" content=\"https:\/\/justbuildit.eu\/en\/pood\/isolatsioonimaterjalid\/vahtpolustureen-eps-xps\/soojustusplaat-xps-fl-300-100x585x2485mm-poolsulundiga-436m2\/\" \/>\n<meta property=\"og:site_name\" content=\"Ehituslahendused\" \/>\n<meta property=\"article:publisher\" content=\"https:\/\/www.facebook.com\/justbuildit.ee\" \/>\n<meta property=\"article:modified_time\" content=\"2026-04-11T09:03:16+00:00\" \/>\n<meta property=\"og:image\" content=\"https:\/\/justbuildit.eu\/wp-content\/uploads\/2024\/10\/116317.jpg\" \/>\n\t<meta property=\"og:image:width\" content=\"709\" \/>\n\t<meta property=\"og:image:height\" content=\"709\" \/>\n\t<meta property=\"og:image:type\" content=\"image\/jpeg\" \/>\n<meta name=\"twitter:card\" content=\"summary_large_image\" \/>\n<script type=\"application\/ld+json\" class=\"yoast-schema-graph\">{\"@context\":\"https:\/\/schema.org\",\"@graph\":[{\"@type\":\"WebPage\",\"@id\":\"https:\/\/justbuildit.eu\/en\/pood\/isolatsioonimaterjalid\/vahtpolustureen-eps-xps\/soojustusplaat-xps-fl-300-100x585x2485mm-poolsulundiga-436m2\/\",\"url\":\"https:\/\/justbuildit.eu\/en\/pood\/isolatsioonimaterjalid\/vahtpolustureen-eps-xps\/soojustusplaat-xps-fl-300-100x585x2485mm-poolsulundiga-436m2\/\",\"name\":\"Soojustusplaat XPS FL-300 100x585x2485mm poolsulundiga, 4,36m2 - Ehituslahendused\",\"isPartOf\":{\"@id\":\"https:\/\/justbuildit.eu\/en\/#website\"},\"primaryImageOfPage\":{\"@id\":\"https:\/\/justbuildit.eu\/en\/pood\/isolatsioonimaterjalid\/vahtpolustureen-eps-xps\/soojustusplaat-xps-fl-300-100x585x2485mm-poolsulundiga-436m2\/#primaryimage\"},\"image\":{\"@id\":\"https:\/\/justbuildit.eu\/en\/pood\/isolatsioonimaterjalid\/vahtpolustureen-eps-xps\/soojustusplaat-xps-fl-300-100x585x2485mm-poolsulundiga-436m2\/#primaryimage\"},\"thumbnailUrl\":\"https:\/\/justbuildit.eu\/wp-content\/uploads\/2024\/10\/116317.jpg\",\"datePublished\":\"2024-10-02T12:17:36+00:00\",\"dateModified\":\"2026-04-11T09:03:16+00:00\",\"breadcrumb\":{\"@id\":\"https:\/\/justbuildit.eu\/en\/pood\/isolatsioonimaterjalid\/vahtpolustureen-eps-xps\/soojustusplaat-xps-fl-300-100x585x2485mm-poolsulundiga-436m2\/#breadcrumb\"},\"inLanguage\":\"en-US\",\"potentialAction\":[{\"@type\":\"ReadAction\",\"target\":[\"https:\/\/justbuildit.eu\/en\/pood\/isolatsioonimaterjalid\/vahtpolustureen-eps-xps\/soojustusplaat-xps-fl-300-100x585x2485mm-poolsulundiga-436m2\/\"]}]},{\"@type\":\"ImageObject\",\"inLanguage\":\"en-US\",\"@id\":\"https:\/\/justbuildit.eu\/en\/pood\/isolatsioonimaterjalid\/vahtpolustureen-eps-xps\/soojustusplaat-xps-fl-300-100x585x2485mm-poolsulundiga-436m2\/#primaryimage\",\"url\":\"https:\/\/justbuildit.eu\/wp-content\/uploads\/2024\/10\/116317.jpg\",\"contentUrl\":\"https:\/\/justbuildit.eu\/wp-content\/uploads\/2024\/10\/116317.jpg\",\"width\":709,\"height\":709},{\"@type\":\"BreadcrumbList\",\"@id\":\"https:\/\/justbuildit.eu\/en\/pood\/isolatsioonimaterjalid\/vahtpolustureen-eps-xps\/soojustusplaat-xps-fl-300-100x585x2485mm-poolsulundiga-436m2\/#breadcrumb\",\"itemListElement\":[{\"@type\":\"ListItem\",\"position\":1,\"name\":\"Home\",\"item\":\"https:\/\/justbuildit.eu\/en\/\"},{\"@type\":\"ListItem\",\"position\":2,\"name\":\"Shop\",\"item\":\"https:\/\/justbuildit.eu\/en\/building-materials\/\"},{\"@type\":\"ListItem\",\"position\":3,\"name\":\"Soojustusplaat XPS FL-300 100x585x2485mm poolsulundiga, 4,36m2\"}]},{\"@type\":\"WebSite\",\"@id\":\"https:\/\/justbuildit.eu\/en\/#website\",\"url\":\"https:\/\/justbuildit.eu\/en\/\",\"name\":\"Ehituslahendused\",\"description\":\"Ehituslahendused ja materjalid\",\"publisher\":{\"@id\":\"https:\/\/justbuildit.eu\/en\/#organization\"},\"potentialAction\":[{\"@type\":\"SearchAction\",\"target\":{\"@type\":\"EntryPoint\",\"urlTemplate\":\"https:\/\/justbuildit.eu\/en\/?s={search_term_string}\"},\"query-input\":{\"@type\":\"PropertyValueSpecification\",\"valueRequired\":true,\"valueName\":\"search_term_string\"}}],\"inLanguage\":\"en-US\"},{\"@type\":\"Organization\",\"@id\":\"https:\/\/justbuildit.eu\/en\/#organization\",\"name\":\"Just Build It O\u00dc\",\"url\":\"https:\/\/justbuildit.eu\/en\/\",\"logo\":{\"@type\":\"ImageObject\",\"inLanguage\":\"en-US\",\"@id\":\"https:\/\/justbuildit.eu\/en\/#\/schema\/logo\/image\/\",\"url\":\"https:\/\/justbuildit.eu\/wp-content\/uploads\/2022\/01\/justbuildit.png\",\"contentUrl\":\"https:\/\/justbuildit.eu\/wp-content\/uploads\/2022\/01\/justbuildit.png\",\"width\":173,\"height\":77,\"caption\":\"Just Build It O\u00dc\"},\"image\":{\"@id\":\"https:\/\/justbuildit.eu\/en\/#\/schema\/logo\/image\/\"},\"sameAs\":[\"https:\/\/www.facebook.com\/justbuildit.ee\"]}]}<\/script>\n<!-- \/ Yoast SEO Premium plugin. -->","yoast_head_json":{"title":"Soojustusplaat XPS FL-300 100x585x2485mm poolsulundiga, 4,36m2 - Ehituslahendused","robots":{"index":"index","follow":"follow","max-snippet":"max-snippet:-1","max-image-preview":"max-image-preview:large","max-video-preview":"max-video-preview:-1"},"canonical":"https:\/\/justbuildit.eu\/en\/pood\/isolatsioonimaterjalid\/vahtpolustureen-eps-xps\/soojustusplaat-xps-fl-300-100x585x2485mm-poolsulundiga-436m2\/","og_locale":"en_US","og_type":"article","og_title":"Soojustusplaat XPS FL-300 100x585x2485mm poolsulundiga, 4,36m2","og_description":"\u00dchtlase ja suletud pooridega XPS soojustus. Plaat on suurt m\u00f5\u00f5tu ja sileda pinnaga.","og_url":"https:\/\/justbuildit.eu\/en\/pood\/isolatsioonimaterjalid\/vahtpolustureen-eps-xps\/soojustusplaat-xps-fl-300-100x585x2485mm-poolsulundiga-436m2\/","og_site_name":"Ehituslahendused","article_publisher":"https:\/\/www.facebook.com\/justbuildit.ee","article_modified_time":"2026-04-11T09:03:16+00:00","og_image":[{"width":709,"height":709,"url":"https:\/\/justbuildit.eu\/wp-content\/uploads\/2024\/10\/116317.jpg","type":"image\/jpeg"}],"twitter_card":"summary_large_image","schema":{"@context":"https:\/\/schema.org","@graph":[{"@type":"WebPage","@id":"https:\/\/justbuildit.eu\/en\/pood\/isolatsioonimaterjalid\/vahtpolustureen-eps-xps\/soojustusplaat-xps-fl-300-100x585x2485mm-poolsulundiga-436m2\/","url":"https:\/\/justbuildit.eu\/en\/pood\/isolatsioonimaterjalid\/vahtpolustureen-eps-xps\/soojustusplaat-xps-fl-300-100x585x2485mm-poolsulundiga-436m2\/","name":"Soojustusplaat XPS FL-300 100x585x2485mm poolsulundiga, 4,36m2 - Ehituslahendused","isPartOf":{"@id":"https:\/\/justbuildit.eu\/en\/#website"},"primaryImageOfPage":{"@id":"https:\/\/justbuildit.eu\/en\/pood\/isolatsioonimaterjalid\/vahtpolustureen-eps-xps\/soojustusplaat-xps-fl-300-100x585x2485mm-poolsulundiga-436m2\/#primaryimage"},"image":{"@id":"https:\/\/justbuildit.eu\/en\/pood\/isolatsioonimaterjalid\/vahtpolustureen-eps-xps\/soojustusplaat-xps-fl-300-100x585x2485mm-poolsulundiga-436m2\/#primaryimage"},"thumbnailUrl":"https:\/\/justbuildit.eu\/wp-content\/uploads\/2024\/10\/116317.jpg","datePublished":"2024-10-02T12:17:36+00:00","dateModified":"2026-04-11T09:03:16+00:00","breadcrumb":{"@id":"https:\/\/justbuildit.eu\/en\/pood\/isolatsioonimaterjalid\/vahtpolustureen-eps-xps\/soojustusplaat-xps-fl-300-100x585x2485mm-poolsulundiga-436m2\/#breadcrumb"},"inLanguage":"en-US","potentialAction":[{"@type":"ReadAction","target":["https:\/\/justbuildit.eu\/en\/pood\/isolatsioonimaterjalid\/vahtpolustureen-eps-xps\/soojustusplaat-xps-fl-300-100x585x2485mm-poolsulundiga-436m2\/"]}]},{"@type":"ImageObject","inLanguage":"en-US","@id":"https:\/\/justbuildit.eu\/en\/pood\/isolatsioonimaterjalid\/vahtpolustureen-eps-xps\/soojustusplaat-xps-fl-300-100x585x2485mm-poolsulundiga-436m2\/#primaryimage","url":"https:\/\/justbuildit.eu\/wp-content\/uploads\/2024\/10\/116317.jpg","contentUrl":"https:\/\/justbuildit.eu\/wp-content\/uploads\/2024\/10\/116317.jpg","width":709,"height":709},{"@type":"BreadcrumbList","@id":"https:\/\/justbuildit.eu\/en\/pood\/isolatsioonimaterjalid\/vahtpolustureen-eps-xps\/soojustusplaat-xps-fl-300-100x585x2485mm-poolsulundiga-436m2\/#breadcrumb","itemListElement":[{"@type":"ListItem","position":1,"name":"Home","item":"https:\/\/justbuildit.eu\/en\/"},{"@type":"ListItem","position":2,"name":"Shop","item":"https:\/\/justbuildit.eu\/en\/building-materials\/"},{"@type":"ListItem","position":3,"name":"Soojustusplaat XPS FL-300 100x585x2485mm poolsulundiga, 4,36m2"}]},{"@type":"WebSite","@id":"https:\/\/justbuildit.eu\/en\/#website","url":"https:\/\/justbuildit.eu\/en\/","name":"Ehituslahendused","description":"Ehituslahendused ja materjalid","publisher":{"@id":"https:\/\/justbuildit.eu\/en\/#organization"},"potentialAction":[{"@type":"SearchAction","target":{"@type":"EntryPoint","urlTemplate":"https:\/\/justbuildit.eu\/en\/?s={search_term_string}"},"query-input":{"@type":"PropertyValueSpecification","valueRequired":true,"valueName":"search_term_string"}}],"inLanguage":"en-US"},{"@type":"Organization","@id":"https:\/\/justbuildit.eu\/en\/#organization","name":"Just Build It O\u00dc","url":"https:\/\/justbuildit.eu\/en\/","logo":{"@type":"ImageObject","inLanguage":"en-US","@id":"https:\/\/justbuildit.eu\/en\/#\/schema\/logo\/image\/","url":"https:\/\/justbuildit.eu\/wp-content\/uploads\/2022\/01\/justbuildit.png","contentUrl":"https:\/\/justbuildit.eu\/wp-content\/uploads\/2022\/01\/justbuildit.png","width":173,"height":77,"caption":"Just Build It O\u00dc"},"image":{"@id":"https:\/\/justbuildit.eu\/en\/#\/schema\/logo\/image\/"},"sameAs":["https:\/\/www.facebook.com\/justbuildit.ee"]}]}},"_links":{"self":[{"href":"https:\/\/justbuildit.eu\/en\/wp-json\/wp\/v2\/product\/488464","targetHints":{"allow":["GET"]}}],"collection":[{"href":"https:\/\/justbuildit.eu\/en\/wp-json\/wp\/v2\/product"}],"about":[{"href":"https:\/\/justbuildit.eu\/en\/wp-json\/wp\/v2\/types\/product"}],"replies":[{"embeddable":true,"href":"https:\/\/justbuildit.eu\/en\/wp-json\/wp\/v2\/comments?post=488464"}],"wp:featuredmedia":[{"embeddable":true,"href":"https:\/\/justbuildit.eu\/en\/wp-json\/wp\/v2\/media\/488465"}],"wp:attachment":[{"href":"https:\/\/justbuildit.eu\/en\/wp-json\/wp\/v2\/media?parent=488464"}],"wp:term":[{"taxonomy":"product_brand","embeddable":true,"href":"https:\/\/justbuildit.eu\/en\/wp-json\/wp\/v2\/product_brand?post=488464"},{"taxonomy":"product_cat","embeddable":true,"href":"https:\/\/justbuildit.eu\/en\/wp-json\/wp\/v2\/product_cat?post=488464"},{"taxonomy":"product_tag","embeddable":true,"href":"https:\/\/justbuildit.eu\/en\/wp-json\/wp\/v2\/product_tag?post=488464"}],"curies":[{"name":"wp","href":"https:\/\/api.w.org\/{rel}","templated":true}]}}