{"id":488471,"date":"2024-10-02T15:19:48","date_gmt":"2024-10-02T12:19:48","guid":{"rendered":"https:\/\/justbuildit.eu\/?post_type=product&#038;p=488471"},"modified":"2026-04-11T12:03:16","modified_gmt":"2026-04-11T09:03:16","slug":"masinakrohv-mp-75-30kg","status":"publish","type":"product","link":"https:\/\/justbuildit.eu\/en\/pood\/pahtlid-krohvisegud\/krohvid\/masinakrohv-mp-75-30kg\/","title":{"rendered":"Masinakrohv MP-75 30kg"},"content":{"rendered":"<p><strong>Ehituskipsi, lisandeid ja kergt\u00e4iteaineid sisaldav veega segamisvalmis kuivsegu krohvimasinaga krohvim\u00f6rdi valmistamiseks ja lagede betoonpindade ning mineraalsete seinapindade katmiseks normaalse niiskusetasemega ruumides, sealhulgas k\u00f6\u00f6kides ja vannitubades. Kulu umbes 10,5 kg\/m\u00b2\/10 mm.<\/strong><\/p>\n<p>  <strong>Omadused:<\/strong>  <\/p>\n<ul>\n<li>Kipsmasinkrohvi kuivsegu siset\u00f6\u00f6deks<\/li>\n<li>Mineraalne<\/li>\n<li>Ruumi\u00f5hku niiskust pehmendav<\/li>\n<li>Veeauru l\u00e4bilaskev<\/li>\n<li>Tule levikut pidurdav<\/li>\n<li>Vastupidav kriimustustele<\/li>\n<li>Kantav korraga 8-50 mm kihina<\/li>\n<li>Valmissegu on t\u00f6\u00f6deldav kuni 3 tundi<\/li>\n<li>Masinaga ja k\u00e4sitsi t\u00f6\u00f6deldav<\/li>\n<li>Pinna saab siluda kuni v\u00e4rvivalmiks, tapeeditavaks jne.<\/li>\n<\/ul>\n<p>  Siset\u00f6\u00f6del seinte ja lagede silutud, struktureeritud v\u00f5i l\u00f5igatud siledusega krohvipinna tegemiseks igat liiki m\u00fc\u00fcritistele, betoonpindadele, samuti kandvatelele krohvialustele pindadele normaalse \u00f5huniiskusega elukondliku kasutusega ruumidele kaasa arvatud k\u00f6\u00f6gid ja vannitoad (ka WC-d koolides, vannitoad hotellides, haiglates ja hooldusasutustes). Sobib pinna kvaliteediklasside Q1-Q3 l\u00f5igatud pind v\u00f5i Q4 silutud pind saavutamiseks. Kvaliteediklass Q4 on saavutatav koos pahtliga Knauf Multi-Finish. Sobib v\u00e4rvi, tapeedi, keraamilise plaadi ja dekoratiivkrohvide aluspinnaks.<\/p>\n","protected":false},"excerpt":{"rendered":"<p><strong>Ehituskipsi, lisandeid ja kergt\u00e4iteaineid sisaldav veega segamisvalmis kuivsegu krohvimasinaga krohvim\u00f6rdi valmistamiseks ja lagede betoonpindade ning mineraalsete seinapindade katmiseks normaalse niiskusetasemega ruumides, sealhulgas k\u00f6\u00f6kides ja vannitubades. Kulu umbes 10,5 kg\/m\u00b2\/10 mm.<\/strong><\/p>","protected":false},"featured_media":488472,"comment_status":"open","ping_status":"closed","template":"","meta":{"_acf_changed":false},"product_brand":[],"product_cat":[92,93,91,497],"product_tag":[],"class_list":{"0":"post-488471","1":"product","2":"type-product","3":"status-publish","4":"has-post-thumbnail","6":"product_cat-krohvid","7":"product_cat-pahtlid","8":"product_cat-pahtlid-krohvisegud","9":"product_cat-puumarket","11":"first","12":"instock","13":"shipping-taxable","14":"purchasable","15":"product-type-simple"},"acf":[],"yoast_head":"<!-- This site is optimized with the Yoast SEO Premium plugin v18.7 (Yoast SEO v26.5) - https:\/\/yoast.com\/wordpress\/plugins\/seo\/ -->\n<title>Masinakrohv MP-75 30kg - Ehituslahendused<\/title>\n<meta name=\"robots\" content=\"index, follow, max-snippet:-1, max-image-preview:large, max-video-preview:-1\" \/>\n<link rel=\"canonical\" href=\"https:\/\/justbuildit.eu\/en\/pood\/pahtlid-krohvisegud\/krohvid\/masinakrohv-mp-75-30kg\/\" \/>\n<meta property=\"og:locale\" content=\"en_US\" \/>\n<meta property=\"og:type\" content=\"article\" \/>\n<meta property=\"og:title\" content=\"Masinakrohv MP-75 30kg\" \/>\n<meta property=\"og:description\" content=\"Ehituskipsi, lisandeid ja kergt\u00e4iteaineid sisaldav veega segamisvalmis kuivsegu krohvimasinaga krohvim\u00f6rdi valmistamiseks ja lagede betoonpindade ning mineraalsete seinapindade katmiseks normaalse niiskusetasemega ruumides, sealhulgas k\u00f6\u00f6kides ja vannitubades. Kulu umbes 10,5 kg\/m\u00b2\/10 mm.\" \/>\n<meta property=\"og:url\" content=\"https:\/\/justbuildit.eu\/en\/pood\/pahtlid-krohvisegud\/krohvid\/masinakrohv-mp-75-30kg\/\" \/>\n<meta property=\"og:site_name\" content=\"Ehituslahendused\" \/>\n<meta property=\"article:publisher\" content=\"https:\/\/www.facebook.com\/justbuildit.ee\" \/>\n<meta property=\"article:modified_time\" content=\"2026-04-11T09:03:16+00:00\" \/>\n<meta property=\"og:image\" content=\"https:\/\/justbuildit.eu\/wp-content\/uploads\/2024\/10\/109243.jpg\" \/>\n\t<meta property=\"og:image:width\" content=\"709\" \/>\n\t<meta property=\"og:image:height\" content=\"709\" \/>\n\t<meta property=\"og:image:type\" content=\"image\/jpeg\" \/>\n<meta name=\"twitter:card\" content=\"summary_large_image\" \/>\n<script type=\"application\/ld+json\" class=\"yoast-schema-graph\">{\"@context\":\"https:\/\/schema.org\",\"@graph\":[{\"@type\":\"WebPage\",\"@id\":\"https:\/\/justbuildit.eu\/en\/pood\/pahtlid-krohvisegud\/krohvid\/masinakrohv-mp-75-30kg\/\",\"url\":\"https:\/\/justbuildit.eu\/en\/pood\/pahtlid-krohvisegud\/krohvid\/masinakrohv-mp-75-30kg\/\",\"name\":\"Masinakrohv MP-75 30kg - Ehituslahendused\",\"isPartOf\":{\"@id\":\"https:\/\/justbuildit.eu\/en\/#website\"},\"primaryImageOfPage\":{\"@id\":\"https:\/\/justbuildit.eu\/en\/pood\/pahtlid-krohvisegud\/krohvid\/masinakrohv-mp-75-30kg\/#primaryimage\"},\"image\":{\"@id\":\"https:\/\/justbuildit.eu\/en\/pood\/pahtlid-krohvisegud\/krohvid\/masinakrohv-mp-75-30kg\/#primaryimage\"},\"thumbnailUrl\":\"https:\/\/justbuildit.eu\/wp-content\/uploads\/2024\/10\/109243.jpg\",\"datePublished\":\"2024-10-02T12:19:48+00:00\",\"dateModified\":\"2026-04-11T09:03:16+00:00\",\"breadcrumb\":{\"@id\":\"https:\/\/justbuildit.eu\/en\/pood\/pahtlid-krohvisegud\/krohvid\/masinakrohv-mp-75-30kg\/#breadcrumb\"},\"inLanguage\":\"en-US\",\"potentialAction\":[{\"@type\":\"ReadAction\",\"target\":[\"https:\/\/justbuildit.eu\/en\/pood\/pahtlid-krohvisegud\/krohvid\/masinakrohv-mp-75-30kg\/\"]}]},{\"@type\":\"ImageObject\",\"inLanguage\":\"en-US\",\"@id\":\"https:\/\/justbuildit.eu\/en\/pood\/pahtlid-krohvisegud\/krohvid\/masinakrohv-mp-75-30kg\/#primaryimage\",\"url\":\"https:\/\/justbuildit.eu\/wp-content\/uploads\/2024\/10\/109243.jpg\",\"contentUrl\":\"https:\/\/justbuildit.eu\/wp-content\/uploads\/2024\/10\/109243.jpg\",\"width\":709,\"height\":709},{\"@type\":\"BreadcrumbList\",\"@id\":\"https:\/\/justbuildit.eu\/en\/pood\/pahtlid-krohvisegud\/krohvid\/masinakrohv-mp-75-30kg\/#breadcrumb\",\"itemListElement\":[{\"@type\":\"ListItem\",\"position\":1,\"name\":\"Home\",\"item\":\"https:\/\/justbuildit.eu\/en\/\"},{\"@type\":\"ListItem\",\"position\":2,\"name\":\"Shop\",\"item\":\"https:\/\/justbuildit.eu\/en\/building-materials\/\"},{\"@type\":\"ListItem\",\"position\":3,\"name\":\"Masinakrohv MP-75 30kg\"}]},{\"@type\":\"WebSite\",\"@id\":\"https:\/\/justbuildit.eu\/en\/#website\",\"url\":\"https:\/\/justbuildit.eu\/en\/\",\"name\":\"Ehituslahendused\",\"description\":\"Ehituslahendused ja materjalid\",\"publisher\":{\"@id\":\"https:\/\/justbuildit.eu\/en\/#organization\"},\"potentialAction\":[{\"@type\":\"SearchAction\",\"target\":{\"@type\":\"EntryPoint\",\"urlTemplate\":\"https:\/\/justbuildit.eu\/en\/?s={search_term_string}\"},\"query-input\":{\"@type\":\"PropertyValueSpecification\",\"valueRequired\":true,\"valueName\":\"search_term_string\"}}],\"inLanguage\":\"en-US\"},{\"@type\":\"Organization\",\"@id\":\"https:\/\/justbuildit.eu\/en\/#organization\",\"name\":\"Just Build It O\u00dc\",\"url\":\"https:\/\/justbuildit.eu\/en\/\",\"logo\":{\"@type\":\"ImageObject\",\"inLanguage\":\"en-US\",\"@id\":\"https:\/\/justbuildit.eu\/en\/#\/schema\/logo\/image\/\",\"url\":\"https:\/\/justbuildit.eu\/wp-content\/uploads\/2022\/01\/justbuildit.png\",\"contentUrl\":\"https:\/\/justbuildit.eu\/wp-content\/uploads\/2022\/01\/justbuildit.png\",\"width\":173,\"height\":77,\"caption\":\"Just Build It O\u00dc\"},\"image\":{\"@id\":\"https:\/\/justbuildit.eu\/en\/#\/schema\/logo\/image\/\"},\"sameAs\":[\"https:\/\/www.facebook.com\/justbuildit.ee\"]}]}<\/script>\n<!-- \/ Yoast SEO Premium plugin. -->","yoast_head_json":{"title":"Masinakrohv MP-75 30kg - Ehituslahendused","robots":{"index":"index","follow":"follow","max-snippet":"max-snippet:-1","max-image-preview":"max-image-preview:large","max-video-preview":"max-video-preview:-1"},"canonical":"https:\/\/justbuildit.eu\/en\/pood\/pahtlid-krohvisegud\/krohvid\/masinakrohv-mp-75-30kg\/","og_locale":"en_US","og_type":"article","og_title":"Masinakrohv MP-75 30kg","og_description":"Ehituskipsi, lisandeid ja kergt\u00e4iteaineid sisaldav veega segamisvalmis kuivsegu krohvimasinaga krohvim\u00f6rdi valmistamiseks ja lagede betoonpindade ning mineraalsete seinapindade katmiseks normaalse niiskusetasemega ruumides, sealhulgas k\u00f6\u00f6kides ja vannitubades. Kulu umbes 10,5 kg\/m\u00b2\/10 mm.","og_url":"https:\/\/justbuildit.eu\/en\/pood\/pahtlid-krohvisegud\/krohvid\/masinakrohv-mp-75-30kg\/","og_site_name":"Ehituslahendused","article_publisher":"https:\/\/www.facebook.com\/justbuildit.ee","article_modified_time":"2026-04-11T09:03:16+00:00","og_image":[{"width":709,"height":709,"url":"https:\/\/justbuildit.eu\/wp-content\/uploads\/2024\/10\/109243.jpg","type":"image\/jpeg"}],"twitter_card":"summary_large_image","schema":{"@context":"https:\/\/schema.org","@graph":[{"@type":"WebPage","@id":"https:\/\/justbuildit.eu\/en\/pood\/pahtlid-krohvisegud\/krohvid\/masinakrohv-mp-75-30kg\/","url":"https:\/\/justbuildit.eu\/en\/pood\/pahtlid-krohvisegud\/krohvid\/masinakrohv-mp-75-30kg\/","name":"Masinakrohv MP-75 30kg - Ehituslahendused","isPartOf":{"@id":"https:\/\/justbuildit.eu\/en\/#website"},"primaryImageOfPage":{"@id":"https:\/\/justbuildit.eu\/en\/pood\/pahtlid-krohvisegud\/krohvid\/masinakrohv-mp-75-30kg\/#primaryimage"},"image":{"@id":"https:\/\/justbuildit.eu\/en\/pood\/pahtlid-krohvisegud\/krohvid\/masinakrohv-mp-75-30kg\/#primaryimage"},"thumbnailUrl":"https:\/\/justbuildit.eu\/wp-content\/uploads\/2024\/10\/109243.jpg","datePublished":"2024-10-02T12:19:48+00:00","dateModified":"2026-04-11T09:03:16+00:00","breadcrumb":{"@id":"https:\/\/justbuildit.eu\/en\/pood\/pahtlid-krohvisegud\/krohvid\/masinakrohv-mp-75-30kg\/#breadcrumb"},"inLanguage":"en-US","potentialAction":[{"@type":"ReadAction","target":["https:\/\/justbuildit.eu\/en\/pood\/pahtlid-krohvisegud\/krohvid\/masinakrohv-mp-75-30kg\/"]}]},{"@type":"ImageObject","inLanguage":"en-US","@id":"https:\/\/justbuildit.eu\/en\/pood\/pahtlid-krohvisegud\/krohvid\/masinakrohv-mp-75-30kg\/#primaryimage","url":"https:\/\/justbuildit.eu\/wp-content\/uploads\/2024\/10\/109243.jpg","contentUrl":"https:\/\/justbuildit.eu\/wp-content\/uploads\/2024\/10\/109243.jpg","width":709,"height":709},{"@type":"BreadcrumbList","@id":"https:\/\/justbuildit.eu\/en\/pood\/pahtlid-krohvisegud\/krohvid\/masinakrohv-mp-75-30kg\/#breadcrumb","itemListElement":[{"@type":"ListItem","position":1,"name":"Home","item":"https:\/\/justbuildit.eu\/en\/"},{"@type":"ListItem","position":2,"name":"Shop","item":"https:\/\/justbuildit.eu\/en\/building-materials\/"},{"@type":"ListItem","position":3,"name":"Masinakrohv MP-75 30kg"}]},{"@type":"WebSite","@id":"https:\/\/justbuildit.eu\/en\/#website","url":"https:\/\/justbuildit.eu\/en\/","name":"Ehituslahendused","description":"Ehituslahendused ja materjalid","publisher":{"@id":"https:\/\/justbuildit.eu\/en\/#organization"},"potentialAction":[{"@type":"SearchAction","target":{"@type":"EntryPoint","urlTemplate":"https:\/\/justbuildit.eu\/en\/?s={search_term_string}"},"query-input":{"@type":"PropertyValueSpecification","valueRequired":true,"valueName":"search_term_string"}}],"inLanguage":"en-US"},{"@type":"Organization","@id":"https:\/\/justbuildit.eu\/en\/#organization","name":"Just Build It O\u00dc","url":"https:\/\/justbuildit.eu\/en\/","logo":{"@type":"ImageObject","inLanguage":"en-US","@id":"https:\/\/justbuildit.eu\/en\/#\/schema\/logo\/image\/","url":"https:\/\/justbuildit.eu\/wp-content\/uploads\/2022\/01\/justbuildit.png","contentUrl":"https:\/\/justbuildit.eu\/wp-content\/uploads\/2022\/01\/justbuildit.png","width":173,"height":77,"caption":"Just Build It O\u00dc"},"image":{"@id":"https:\/\/justbuildit.eu\/en\/#\/schema\/logo\/image\/"},"sameAs":["https:\/\/www.facebook.com\/justbuildit.ee"]}]}},"_links":{"self":[{"href":"https:\/\/justbuildit.eu\/en\/wp-json\/wp\/v2\/product\/488471","targetHints":{"allow":["GET"]}}],"collection":[{"href":"https:\/\/justbuildit.eu\/en\/wp-json\/wp\/v2\/product"}],"about":[{"href":"https:\/\/justbuildit.eu\/en\/wp-json\/wp\/v2\/types\/product"}],"replies":[{"embeddable":true,"href":"https:\/\/justbuildit.eu\/en\/wp-json\/wp\/v2\/comments?post=488471"}],"wp:featuredmedia":[{"embeddable":true,"href":"https:\/\/justbuildit.eu\/en\/wp-json\/wp\/v2\/media\/488472"}],"wp:attachment":[{"href":"https:\/\/justbuildit.eu\/en\/wp-json\/wp\/v2\/media?parent=488471"}],"wp:term":[{"taxonomy":"product_brand","embeddable":true,"href":"https:\/\/justbuildit.eu\/en\/wp-json\/wp\/v2\/product_brand?post=488471"},{"taxonomy":"product_cat","embeddable":true,"href":"https:\/\/justbuildit.eu\/en\/wp-json\/wp\/v2\/product_cat?post=488471"},{"taxonomy":"product_tag","embeddable":true,"href":"https:\/\/justbuildit.eu\/en\/wp-json\/wp\/v2\/product_tag?post=488471"}],"curies":[{"name":"wp","href":"https:\/\/api.w.org\/{rel}","templated":true}]}}