{"id":488554,"date":"2024-10-02T15:30:25","date_gmt":"2024-10-02T12:30:25","guid":{"rendered":"https:\/\/justbuildit.eu\/?post_type=product&#038;p=488554"},"modified":"2026-04-11T12:03:14","modified_gmt":"2026-04-11T09:03:14","slug":"aravoolurenn-zebra-850-plast-rv-ravak-tellimisel","status":"publish","type":"product","link":"https:\/\/justbuildit.eu\/en\/pood\/espak\/aravoolurenn-zebra-850-plast-rv-ravak-tellimisel\/","title":{"rendered":"\u00c4RAVOOLURENN ZEBRA 850 PLAST\/RV RAVAK &#8211; TELLIMISEL"},"content":{"rendered":"<div class=\"row\"  id=\"row-166901838\">\n<div id=\"col-799255272\" class=\"col medium-9 small-12 large-9\"  >\n<div class=\"col-inner\"  >\n<h2>\u00c4ravoolurenn RAVAK Zebra 850mm plast\/ roostevaba teras &#8211; TELLIMISEL<\/h2>\n<p>\u00d5nnestunud kompromiss laitmatu teostuse ja konkurentsiv\u00f5imelise hinna vahel.<br \/>\nRenni materjal: plastik.<br \/>\nResti materjal: roostevaba teras.<br \/>\nVee \u00e4ravool minutis: 30 l.<br \/>\nH\u00fcdrolukk: kombineeritud.<br \/>\nH\u00fcrdoluku k\u00f5rgus: 2,8 \u0441m.<br \/>\nGarantii: 6 aastat (liikumatult sisseehitatud osadele), 3 aastat (vahetatavatele osadele).<br \/>\nL\u00e4bilaskev\u00f5ime kuni 30 l\/min \u00e4ravoolu kaldega keskosa suunas. Plastiku k\u00f5rgendatud vastupidavus kemikaalidele.<br \/>\n Madal montaa\u017eik\u00f5rgus \u2013 75 mm, kaasa arvatud keraamiline plaat, sobib remondi jaoks.\n<\/p>\n<div id=\"gap-154320251\" class=\"gap-element clearfix\" style=\"display:block; height:auto;\">\n<style>\n#gap-154320251 {\n  padding-top: 30px;\n}\n<\/style>\n<\/p>\n<\/div>\n<\/div>\n<\/div>\n<div id=\"col-755387693\" class=\"col medium-3 small-12 large-3\"  >\n<div class=\"col-inner\"  >\n<h3>Tootekataloog<\/h3>\n<p><a href=\"https:\/\/espak.ee\/epood\/wp-content\/uploads\/2022\/06\/ravak_collection_2022_ee.pdf\" target=\"_blank\" rel=\"noopener noreferrer\"><i class=\"far fa-file-pdf\"><\/i> Tootekataloog (PDF)<\/a><\/p>\n<div class=\"is-divider divider clearfix\" ><\/div>\n<p><strong>\u00dcksikasjalikuma n\u00f5u saamiseks v\u00f5tke \u00fchendust:<br \/><\/strong> Ravak Baltic UAB<br \/><a href=\"mailto:info@ravak.ee\">info@ravak.ee<\/a><\/p>\n<div class=\"is-divider divider clearfix\" ><\/div>\n<\/p>\n<\/div>\n<\/div>\n<\/div>\n","protected":false},"excerpt":{"rendered":"<p>\u00d5nnestunud kompromiss laitmatu teostuse ja konkurentsiv\u00f5imelise hinna vahel.<br \/>\nRenni materjal: plastik.<br \/>\nResti materjal: roostevaba teras.<br \/>\nVee \u00e4ravool minutis: 30 l.<br \/>\nH\u00fcdrolukk: kombineeritud.<br \/>\nH\u00fcrdoluku k\u00f5rgus: 2,8 \u0441m.<br \/>\nGarantii: 6 aastat (liikumatult sisseehitatud osadele), 3 aastat (vahetatavatele osadele).<br \/>\nL\u00e4bilaskev\u00f5ime kuni 30 l\/min \u00e4ravoolu kaldega keskosa suunas. Plastiku k\u00f5rgendatud vastupidavus kemikaalidele.<br \/>\n Madal montaa\u017eik\u00f5rgus \u2013 75 mm, kaasa arvatud keraamiline plaat, sobib remondi jaoks.\n<\/p>","protected":false},"featured_media":488555,"comment_status":"open","ping_status":"closed","template":"","meta":{"_acf_changed":false},"product_brand":[],"product_cat":[785,498],"product_tag":[],"class_list":{"0":"post-488554","1":"product","2":"type-product","3":"status-publish","4":"has-post-thumbnail","6":"product_cat-santehnika","7":"product_cat-espak","9":"first","10":"outofstock","11":"sale","12":"shipping-taxable","13":"purchasable","14":"product-type-simple"},"acf":[],"yoast_head":"<!-- This site is optimized with the Yoast SEO Premium plugin v18.7 (Yoast SEO v26.5) - https:\/\/yoast.com\/wordpress\/plugins\/seo\/ -->\n<title>\u00c4RAVOOLURENN ZEBRA 850 PLAST\/RV RAVAK - TELLIMISEL - Ehituslahendused<\/title>\n<meta name=\"robots\" content=\"index, follow, max-snippet:-1, max-image-preview:large, max-video-preview:-1\" \/>\n<link rel=\"canonical\" href=\"https:\/\/justbuildit.eu\/en\/pood\/espak\/aravoolurenn-zebra-850-plast-rv-ravak-tellimisel\/\" \/>\n<meta property=\"og:locale\" content=\"en_US\" \/>\n<meta property=\"og:type\" content=\"article\" \/>\n<meta property=\"og:title\" content=\"\u00c4RAVOOLURENN ZEBRA 850 PLAST\/RV RAVAK - TELLIMISEL\" \/>\n<meta property=\"og:description\" content=\"\u00d5nnestunud kompromiss laitmatu teostuse ja konkurentsiv\u00f5imelise hinna vahel. Renni materjal: plastik. Resti materjal: roostevaba teras. Vee \u00e4ravool minutis: 30 l. H\u00fcdrolukk: kombineeritud. H\u00fcrdoluku k\u00f5rgus: 2,8 \u0441m. Garantii: 6 aastat (liikumatult sisseehitatud osadele), 3 aastat (vahetatavatele osadele). L\u00e4bilaskev\u00f5ime kuni 30 l\/min \u00e4ravoolu kaldega keskosa suunas. Plastiku k\u00f5rgendatud vastupidavus kemikaalidele. Madal montaa\u017eik\u00f5rgus \u2013 75 mm, kaasa arvatud keraamiline plaat, sobib remondi jaoks.\" \/>\n<meta property=\"og:url\" content=\"https:\/\/justbuildit.eu\/en\/pood\/espak\/aravoolurenn-zebra-850-plast-rv-ravak-tellimisel\/\" \/>\n<meta property=\"og:site_name\" content=\"Ehituslahendused\" \/>\n<meta property=\"article:publisher\" content=\"https:\/\/www.facebook.com\/justbuildit.ee\" \/>\n<meta property=\"article:modified_time\" content=\"2026-04-11T09:03:14+00:00\" \/>\n<meta property=\"og:image\" content=\"https:\/\/justbuildit.eu\/wp-content\/uploads\/2024\/10\/ozp-zebra-packshot.jpg\" \/>\n\t<meta property=\"og:image:width\" content=\"800\" \/>\n\t<meta property=\"og:image:height\" content=\"800\" \/>\n\t<meta property=\"og:image:type\" content=\"image\/jpeg\" \/>\n<meta name=\"twitter:card\" content=\"summary_large_image\" \/>\n<script type=\"application\/ld+json\" class=\"yoast-schema-graph\">{\"@context\":\"https:\/\/schema.org\",\"@graph\":[{\"@type\":\"WebPage\",\"@id\":\"https:\/\/justbuildit.eu\/en\/pood\/espak\/aravoolurenn-zebra-850-plast-rv-ravak-tellimisel\/\",\"url\":\"https:\/\/justbuildit.eu\/en\/pood\/espak\/aravoolurenn-zebra-850-plast-rv-ravak-tellimisel\/\",\"name\":\"\u00c4RAVOOLURENN ZEBRA 850 PLAST\/RV RAVAK - TELLIMISEL - Ehituslahendused\",\"isPartOf\":{\"@id\":\"https:\/\/justbuildit.eu\/en\/#website\"},\"primaryImageOfPage\":{\"@id\":\"https:\/\/justbuildit.eu\/en\/pood\/espak\/aravoolurenn-zebra-850-plast-rv-ravak-tellimisel\/#primaryimage\"},\"image\":{\"@id\":\"https:\/\/justbuildit.eu\/en\/pood\/espak\/aravoolurenn-zebra-850-plast-rv-ravak-tellimisel\/#primaryimage\"},\"thumbnailUrl\":\"https:\/\/justbuildit.eu\/wp-content\/uploads\/2024\/10\/ozp-zebra-packshot.jpg\",\"datePublished\":\"2024-10-02T12:30:25+00:00\",\"dateModified\":\"2026-04-11T09:03:14+00:00\",\"breadcrumb\":{\"@id\":\"https:\/\/justbuildit.eu\/en\/pood\/espak\/aravoolurenn-zebra-850-plast-rv-ravak-tellimisel\/#breadcrumb\"},\"inLanguage\":\"en-US\",\"potentialAction\":[{\"@type\":\"ReadAction\",\"target\":[\"https:\/\/justbuildit.eu\/en\/pood\/espak\/aravoolurenn-zebra-850-plast-rv-ravak-tellimisel\/\"]}]},{\"@type\":\"ImageObject\",\"inLanguage\":\"en-US\",\"@id\":\"https:\/\/justbuildit.eu\/en\/pood\/espak\/aravoolurenn-zebra-850-plast-rv-ravak-tellimisel\/#primaryimage\",\"url\":\"https:\/\/justbuildit.eu\/wp-content\/uploads\/2024\/10\/ozp-zebra-packshot.jpg\",\"contentUrl\":\"https:\/\/justbuildit.eu\/wp-content\/uploads\/2024\/10\/ozp-zebra-packshot.jpg\",\"width\":800,\"height\":800},{\"@type\":\"BreadcrumbList\",\"@id\":\"https:\/\/justbuildit.eu\/en\/pood\/espak\/aravoolurenn-zebra-850-plast-rv-ravak-tellimisel\/#breadcrumb\",\"itemListElement\":[{\"@type\":\"ListItem\",\"position\":1,\"name\":\"Home\",\"item\":\"https:\/\/justbuildit.eu\/en\/\"},{\"@type\":\"ListItem\",\"position\":2,\"name\":\"Shop\",\"item\":\"https:\/\/justbuildit.eu\/en\/building-materials\/\"},{\"@type\":\"ListItem\",\"position\":3,\"name\":\"\u00c4RAVOOLURENN ZEBRA 850 PLAST\/RV RAVAK &#8211; TELLIMISEL\"}]},{\"@type\":\"WebSite\",\"@id\":\"https:\/\/justbuildit.eu\/en\/#website\",\"url\":\"https:\/\/justbuildit.eu\/en\/\",\"name\":\"Ehituslahendused\",\"description\":\"Ehituslahendused ja materjalid\",\"publisher\":{\"@id\":\"https:\/\/justbuildit.eu\/en\/#organization\"},\"potentialAction\":[{\"@type\":\"SearchAction\",\"target\":{\"@type\":\"EntryPoint\",\"urlTemplate\":\"https:\/\/justbuildit.eu\/en\/?s={search_term_string}\"},\"query-input\":{\"@type\":\"PropertyValueSpecification\",\"valueRequired\":true,\"valueName\":\"search_term_string\"}}],\"inLanguage\":\"en-US\"},{\"@type\":\"Organization\",\"@id\":\"https:\/\/justbuildit.eu\/en\/#organization\",\"name\":\"Just Build It O\u00dc\",\"url\":\"https:\/\/justbuildit.eu\/en\/\",\"logo\":{\"@type\":\"ImageObject\",\"inLanguage\":\"en-US\",\"@id\":\"https:\/\/justbuildit.eu\/en\/#\/schema\/logo\/image\/\",\"url\":\"https:\/\/justbuildit.eu\/wp-content\/uploads\/2022\/01\/justbuildit.png\",\"contentUrl\":\"https:\/\/justbuildit.eu\/wp-content\/uploads\/2022\/01\/justbuildit.png\",\"width\":173,\"height\":77,\"caption\":\"Just Build It O\u00dc\"},\"image\":{\"@id\":\"https:\/\/justbuildit.eu\/en\/#\/schema\/logo\/image\/\"},\"sameAs\":[\"https:\/\/www.facebook.com\/justbuildit.ee\"]}]}<\/script>\n<!-- \/ Yoast SEO Premium plugin. -->","yoast_head_json":{"title":"\u00c4RAVOOLURENN ZEBRA 850 PLAST\/RV RAVAK - TELLIMISEL - Ehituslahendused","robots":{"index":"index","follow":"follow","max-snippet":"max-snippet:-1","max-image-preview":"max-image-preview:large","max-video-preview":"max-video-preview:-1"},"canonical":"https:\/\/justbuildit.eu\/en\/pood\/espak\/aravoolurenn-zebra-850-plast-rv-ravak-tellimisel\/","og_locale":"en_US","og_type":"article","og_title":"\u00c4RAVOOLURENN ZEBRA 850 PLAST\/RV RAVAK - TELLIMISEL","og_description":"\u00d5nnestunud kompromiss laitmatu teostuse ja konkurentsiv\u00f5imelise hinna vahel. Renni materjal: plastik. Resti materjal: roostevaba teras. Vee \u00e4ravool minutis: 30 l. H\u00fcdrolukk: kombineeritud. H\u00fcrdoluku k\u00f5rgus: 2,8 \u0441m. Garantii: 6 aastat (liikumatult sisseehitatud osadele), 3 aastat (vahetatavatele osadele). L\u00e4bilaskev\u00f5ime kuni 30 l\/min \u00e4ravoolu kaldega keskosa suunas. Plastiku k\u00f5rgendatud vastupidavus kemikaalidele. Madal montaa\u017eik\u00f5rgus \u2013 75 mm, kaasa arvatud keraamiline plaat, sobib remondi jaoks.","og_url":"https:\/\/justbuildit.eu\/en\/pood\/espak\/aravoolurenn-zebra-850-plast-rv-ravak-tellimisel\/","og_site_name":"Ehituslahendused","article_publisher":"https:\/\/www.facebook.com\/justbuildit.ee","article_modified_time":"2026-04-11T09:03:14+00:00","og_image":[{"width":800,"height":800,"url":"https:\/\/justbuildit.eu\/wp-content\/uploads\/2024\/10\/ozp-zebra-packshot.jpg","type":"image\/jpeg"}],"twitter_card":"summary_large_image","schema":{"@context":"https:\/\/schema.org","@graph":[{"@type":"WebPage","@id":"https:\/\/justbuildit.eu\/en\/pood\/espak\/aravoolurenn-zebra-850-plast-rv-ravak-tellimisel\/","url":"https:\/\/justbuildit.eu\/en\/pood\/espak\/aravoolurenn-zebra-850-plast-rv-ravak-tellimisel\/","name":"\u00c4RAVOOLURENN ZEBRA 850 PLAST\/RV RAVAK - TELLIMISEL - Ehituslahendused","isPartOf":{"@id":"https:\/\/justbuildit.eu\/en\/#website"},"primaryImageOfPage":{"@id":"https:\/\/justbuildit.eu\/en\/pood\/espak\/aravoolurenn-zebra-850-plast-rv-ravak-tellimisel\/#primaryimage"},"image":{"@id":"https:\/\/justbuildit.eu\/en\/pood\/espak\/aravoolurenn-zebra-850-plast-rv-ravak-tellimisel\/#primaryimage"},"thumbnailUrl":"https:\/\/justbuildit.eu\/wp-content\/uploads\/2024\/10\/ozp-zebra-packshot.jpg","datePublished":"2024-10-02T12:30:25+00:00","dateModified":"2026-04-11T09:03:14+00:00","breadcrumb":{"@id":"https:\/\/justbuildit.eu\/en\/pood\/espak\/aravoolurenn-zebra-850-plast-rv-ravak-tellimisel\/#breadcrumb"},"inLanguage":"en-US","potentialAction":[{"@type":"ReadAction","target":["https:\/\/justbuildit.eu\/en\/pood\/espak\/aravoolurenn-zebra-850-plast-rv-ravak-tellimisel\/"]}]},{"@type":"ImageObject","inLanguage":"en-US","@id":"https:\/\/justbuildit.eu\/en\/pood\/espak\/aravoolurenn-zebra-850-plast-rv-ravak-tellimisel\/#primaryimage","url":"https:\/\/justbuildit.eu\/wp-content\/uploads\/2024\/10\/ozp-zebra-packshot.jpg","contentUrl":"https:\/\/justbuildit.eu\/wp-content\/uploads\/2024\/10\/ozp-zebra-packshot.jpg","width":800,"height":800},{"@type":"BreadcrumbList","@id":"https:\/\/justbuildit.eu\/en\/pood\/espak\/aravoolurenn-zebra-850-plast-rv-ravak-tellimisel\/#breadcrumb","itemListElement":[{"@type":"ListItem","position":1,"name":"Home","item":"https:\/\/justbuildit.eu\/en\/"},{"@type":"ListItem","position":2,"name":"Shop","item":"https:\/\/justbuildit.eu\/en\/building-materials\/"},{"@type":"ListItem","position":3,"name":"\u00c4RAVOOLURENN ZEBRA 850 PLAST\/RV RAVAK &#8211; TELLIMISEL"}]},{"@type":"WebSite","@id":"https:\/\/justbuildit.eu\/en\/#website","url":"https:\/\/justbuildit.eu\/en\/","name":"Ehituslahendused","description":"Ehituslahendused ja materjalid","publisher":{"@id":"https:\/\/justbuildit.eu\/en\/#organization"},"potentialAction":[{"@type":"SearchAction","target":{"@type":"EntryPoint","urlTemplate":"https:\/\/justbuildit.eu\/en\/?s={search_term_string}"},"query-input":{"@type":"PropertyValueSpecification","valueRequired":true,"valueName":"search_term_string"}}],"inLanguage":"en-US"},{"@type":"Organization","@id":"https:\/\/justbuildit.eu\/en\/#organization","name":"Just Build It O\u00dc","url":"https:\/\/justbuildit.eu\/en\/","logo":{"@type":"ImageObject","inLanguage":"en-US","@id":"https:\/\/justbuildit.eu\/en\/#\/schema\/logo\/image\/","url":"https:\/\/justbuildit.eu\/wp-content\/uploads\/2022\/01\/justbuildit.png","contentUrl":"https:\/\/justbuildit.eu\/wp-content\/uploads\/2022\/01\/justbuildit.png","width":173,"height":77,"caption":"Just Build It O\u00dc"},"image":{"@id":"https:\/\/justbuildit.eu\/en\/#\/schema\/logo\/image\/"},"sameAs":["https:\/\/www.facebook.com\/justbuildit.ee"]}]}},"_links":{"self":[{"href":"https:\/\/justbuildit.eu\/en\/wp-json\/wp\/v2\/product\/488554","targetHints":{"allow":["GET"]}}],"collection":[{"href":"https:\/\/justbuildit.eu\/en\/wp-json\/wp\/v2\/product"}],"about":[{"href":"https:\/\/justbuildit.eu\/en\/wp-json\/wp\/v2\/types\/product"}],"replies":[{"embeddable":true,"href":"https:\/\/justbuildit.eu\/en\/wp-json\/wp\/v2\/comments?post=488554"}],"wp:featuredmedia":[{"embeddable":true,"href":"https:\/\/justbuildit.eu\/en\/wp-json\/wp\/v2\/media\/488555"}],"wp:attachment":[{"href":"https:\/\/justbuildit.eu\/en\/wp-json\/wp\/v2\/media?parent=488554"}],"wp:term":[{"taxonomy":"product_brand","embeddable":true,"href":"https:\/\/justbuildit.eu\/en\/wp-json\/wp\/v2\/product_brand?post=488554"},{"taxonomy":"product_cat","embeddable":true,"href":"https:\/\/justbuildit.eu\/en\/wp-json\/wp\/v2\/product_cat?post=488554"},{"taxonomy":"product_tag","embeddable":true,"href":"https:\/\/justbuildit.eu\/en\/wp-json\/wp\/v2\/product_tag?post=488554"}],"curies":[{"name":"wp","href":"https:\/\/api.w.org\/{rel}","templated":true}]}}