{"id":488582,"date":"2024-10-02T15:36:37","date_gmt":"2024-10-02T12:36:37","guid":{"rendered":"https:\/\/justbuildit.eu\/?post_type=product&#038;p=488582"},"modified":"2026-04-11T12:03:13","modified_gmt":"2026-04-11T09:03:13","slug":"dusikabiin-blix-blcp4-90-laige-klaas-transparent-ravak-tellimisel","status":"publish","type":"product","link":"https:\/\/justbuildit.eu\/en\/pood\/espak\/dusikabiin-blix-blcp4-90-laige-klaas-transparent-ravak-tellimisel\/","title":{"rendered":"DU\u0160IKABIIN BLIX BLCP4-90 L\u00c4IGE + KLAAS TRANSPARENT RAVAK &#8211; TELLIMISEL"},"content":{"rendered":"<div class=\"row\"  id=\"row-426930606\">\n<div id=\"col-955734101\" class=\"col medium-9 small-12 large-9\"  >\n<div class=\"col-inner\"  >\n<h2>Du\u0161inurk Blix BLCP4 &#8211; 90 l\u00e4ige + transparent &#8211; TELLIMISEL<\/h2>\n<p> Du\u0161ikabiin Blix kujutab endast k\u00f5ige paremat k\u00f5rge kvaliteedi ja soodsa hinna suhet. See korralikult valmistatud ja moodsa disainiga toode on k\u00e4ttesaadav igale tavakliendile ning sellel on alati palju praktilisi eeliseid.<br \/>\nKlaasuks ja vastupidav k\u00e4iguosa r\u00f5\u00f5mustavad Teid oma laitmatu t\u00f6\u00f6ga pikki aastaid. Du\u0161inurga kuju teeb vannitoas viibimise veelgi meeldivamaks.<\/p>\n<div class=\"is-divider divider clearfix\" ><\/div>\n<p>M\u00f5\u00f5dud: 80, 90 \u0441m.<br \/>\nV\u00e4rvilahendus: profiil &#8211; valge, poleeritud alumiinium, satiin; poleeritud alumiiniumist k\u00e4epidemed.<br \/>\nOhutust klaasist vitraa\u017e: 6 mm; Transparent, Grape.<br \/>\nToote k\u00f5rgus: 190 \u0441m.<br \/>\nGarantii: 5 aastat.<\/p>\n<div id=\"gap-595196185\" class=\"gap-element clearfix\" style=\"display:block; height:auto;\">\n<style>\n#gap-595196185 {\n  padding-top: 30px;\n}\n<\/style>\n<\/p>\n<\/div>\n<p>Toode koosneb kahest sirgest liikumatust osast ja kahest kumerast osast, mis moodustavad liuguksed. Paigaldatakse plaadiga viimistletud vannitoanurka du\u0161ialustele RAVAK RONDA, ELIPSO, ELIPSO PRO, ELIPSO PRO FLAT, ELIPSO PRO CHROME v\u00f5i otse sisseehitatud du\u0161itrapi v\u00f5i -renniga p\u00f5randale. On v\u00f5imalik mittestandardse du\u0161inurga valmistamine.<\/p>\n<div id=\"gap-1162996206\" class=\"gap-element clearfix\" style=\"display:block; height:auto;\">\n<style>\n#gap-1162996206 {\n  padding-top: 30px;\n}\n<\/style>\n<\/p>\n<\/div>\n<\/div>\n<\/div>\n<div id=\"col-180326338\" class=\"col medium-3 small-12 large-3\"  >\n<div class=\"col-inner\"  >\n<h3>Tootekataloog<\/h3>\n<p><a href=\"https:\/\/espak.ee\/epood\/wp-content\/uploads\/2022\/06\/ravak_collection_2022_ee.pdf\" target=\"_blank\" rel=\"noopener noreferrer\"><i class=\"far fa-file-pdf\"><\/i> Tootekataloog (PDF)<\/a><\/p>\n<div class=\"is-divider divider clearfix\" ><\/div>\n<p><strong>\u00dcksikasjalikuma n\u00f5u saamiseks v\u00f5tke \u00fchendust:<br \/><\/strong> Ravak Baltic UAB<br \/><a href=\"mailto:info@ravak.ee\">info@ravak.ee<\/a><\/p>\n<div class=\"is-divider divider clearfix\" ><\/div>\n<\/p>\n<\/div>\n<\/div>\n<\/div>\n","protected":false},"excerpt":{"rendered":"<p> Du\u0161ikabiin Blix kujutab endast k\u00f5ige paremat k\u00f5rge kvaliteedi ja soodsa hinna suhet. See korralikult valmistatud ja moodsa disainiga toode on k\u00e4ttesaadav igale tavakliendile ning sellel on alati palju praktilisi eeliseid.<br \/>\nKlaasuks ja vastupidav k\u00e4iguosa r\u00f5\u00f5mustavad Teid oma laitmatu t\u00f6\u00f6ga pikki aastaid. Du\u0161inurga kuju teeb vannitoas viibimise veelgi meeldivamaks.<\/p>","protected":false},"featured_media":488583,"comment_status":"open","ping_status":"closed","template":"","meta":{"_acf_changed":false},"product_brand":[],"product_cat":[785,498],"product_tag":[],"class_list":{"0":"post-488582","1":"product","2":"type-product","3":"status-publish","4":"has-post-thumbnail","6":"product_cat-santehnika","7":"product_cat-espak","9":"first","10":"outofstock","11":"sale","12":"shipping-taxable","13":"purchasable","14":"product-type-simple"},"acf":[],"yoast_head":"<!-- This site is optimized with the Yoast SEO Premium plugin v18.7 (Yoast SEO v26.5) - https:\/\/yoast.com\/wordpress\/plugins\/seo\/ -->\n<title>DU\u0160IKABIIN BLIX BLCP4-90 L\u00c4IGE + KLAAS TRANSPARENT RAVAK - TELLIMISEL - Ehituslahendused<\/title>\n<meta name=\"robots\" content=\"index, follow, max-snippet:-1, max-image-preview:large, max-video-preview:-1\" \/>\n<link rel=\"canonical\" href=\"https:\/\/justbuildit.eu\/en\/pood\/espak\/dusikabiin-blix-blcp4-90-laige-klaas-transparent-ravak-tellimisel\/\" \/>\n<meta property=\"og:locale\" content=\"en_US\" \/>\n<meta property=\"og:type\" content=\"article\" \/>\n<meta property=\"og:title\" content=\"DU\u0160IKABIIN BLIX BLCP4-90 L\u00c4IGE + KLAAS TRANSPARENT RAVAK - TELLIMISEL\" \/>\n<meta property=\"og:description\" content=\"Du\u0161ikabiin Blix kujutab endast k\u00f5ige paremat k\u00f5rge kvaliteedi ja soodsa hinna suhet. See korralikult valmistatud ja moodsa disainiga toode on k\u00e4ttesaadav igale tavakliendile ning sellel on alati palju praktilisi eeliseid. Klaasuks ja vastupidav k\u00e4iguosa r\u00f5\u00f5mustavad Teid oma laitmatu t\u00f6\u00f6ga pikki aastaid. Du\u0161inurga kuju teeb vannitoas viibimise veelgi meeldivamaks.\" \/>\n<meta property=\"og:url\" content=\"https:\/\/justbuildit.eu\/en\/pood\/espak\/dusikabiin-blix-blcp4-90-laige-klaas-transparent-ravak-tellimisel\/\" \/>\n<meta property=\"og:site_name\" content=\"Ehituslahendused\" \/>\n<meta property=\"article:publisher\" content=\"https:\/\/www.facebook.com\/justbuildit.ee\" \/>\n<meta property=\"article:modified_time\" content=\"2026-04-11T09:03:13+00:00\" \/>\n<meta property=\"og:image\" content=\"https:\/\/justbuildit.eu\/wp-content\/uploads\/2024\/10\/blcp41.jpg\" \/>\n\t<meta property=\"og:image:width\" content=\"800\" \/>\n\t<meta property=\"og:image:height\" content=\"800\" \/>\n\t<meta property=\"og:image:type\" content=\"image\/jpeg\" \/>\n<meta name=\"twitter:card\" content=\"summary_large_image\" \/>\n<script type=\"application\/ld+json\" class=\"yoast-schema-graph\">{\"@context\":\"https:\/\/schema.org\",\"@graph\":[{\"@type\":\"WebPage\",\"@id\":\"https:\/\/justbuildit.eu\/en\/pood\/espak\/dusikabiin-blix-blcp4-90-laige-klaas-transparent-ravak-tellimisel\/\",\"url\":\"https:\/\/justbuildit.eu\/en\/pood\/espak\/dusikabiin-blix-blcp4-90-laige-klaas-transparent-ravak-tellimisel\/\",\"name\":\"DU\u0160IKABIIN BLIX BLCP4-90 L\u00c4IGE + KLAAS TRANSPARENT RAVAK - TELLIMISEL - Ehituslahendused\",\"isPartOf\":{\"@id\":\"https:\/\/justbuildit.eu\/en\/#website\"},\"primaryImageOfPage\":{\"@id\":\"https:\/\/justbuildit.eu\/en\/pood\/espak\/dusikabiin-blix-blcp4-90-laige-klaas-transparent-ravak-tellimisel\/#primaryimage\"},\"image\":{\"@id\":\"https:\/\/justbuildit.eu\/en\/pood\/espak\/dusikabiin-blix-blcp4-90-laige-klaas-transparent-ravak-tellimisel\/#primaryimage\"},\"thumbnailUrl\":\"https:\/\/justbuildit.eu\/wp-content\/uploads\/2024\/10\/blcp41.jpg\",\"datePublished\":\"2024-10-02T12:36:37+00:00\",\"dateModified\":\"2026-04-11T09:03:13+00:00\",\"breadcrumb\":{\"@id\":\"https:\/\/justbuildit.eu\/en\/pood\/espak\/dusikabiin-blix-blcp4-90-laige-klaas-transparent-ravak-tellimisel\/#breadcrumb\"},\"inLanguage\":\"en-US\",\"potentialAction\":[{\"@type\":\"ReadAction\",\"target\":[\"https:\/\/justbuildit.eu\/en\/pood\/espak\/dusikabiin-blix-blcp4-90-laige-klaas-transparent-ravak-tellimisel\/\"]}]},{\"@type\":\"ImageObject\",\"inLanguage\":\"en-US\",\"@id\":\"https:\/\/justbuildit.eu\/en\/pood\/espak\/dusikabiin-blix-blcp4-90-laige-klaas-transparent-ravak-tellimisel\/#primaryimage\",\"url\":\"https:\/\/justbuildit.eu\/wp-content\/uploads\/2024\/10\/blcp41.jpg\",\"contentUrl\":\"https:\/\/justbuildit.eu\/wp-content\/uploads\/2024\/10\/blcp41.jpg\",\"width\":800,\"height\":800},{\"@type\":\"BreadcrumbList\",\"@id\":\"https:\/\/justbuildit.eu\/en\/pood\/espak\/dusikabiin-blix-blcp4-90-laige-klaas-transparent-ravak-tellimisel\/#breadcrumb\",\"itemListElement\":[{\"@type\":\"ListItem\",\"position\":1,\"name\":\"Home\",\"item\":\"https:\/\/justbuildit.eu\/en\/\"},{\"@type\":\"ListItem\",\"position\":2,\"name\":\"Shop\",\"item\":\"https:\/\/justbuildit.eu\/en\/building-materials\/\"},{\"@type\":\"ListItem\",\"position\":3,\"name\":\"DU\u0160IKABIIN BLIX BLCP4-90 L\u00c4IGE + KLAAS TRANSPARENT RAVAK &#8211; TELLIMISEL\"}]},{\"@type\":\"WebSite\",\"@id\":\"https:\/\/justbuildit.eu\/en\/#website\",\"url\":\"https:\/\/justbuildit.eu\/en\/\",\"name\":\"Ehituslahendused\",\"description\":\"Ehituslahendused ja materjalid\",\"publisher\":{\"@id\":\"https:\/\/justbuildit.eu\/en\/#organization\"},\"potentialAction\":[{\"@type\":\"SearchAction\",\"target\":{\"@type\":\"EntryPoint\",\"urlTemplate\":\"https:\/\/justbuildit.eu\/en\/?s={search_term_string}\"},\"query-input\":{\"@type\":\"PropertyValueSpecification\",\"valueRequired\":true,\"valueName\":\"search_term_string\"}}],\"inLanguage\":\"en-US\"},{\"@type\":\"Organization\",\"@id\":\"https:\/\/justbuildit.eu\/en\/#organization\",\"name\":\"Just Build It O\u00dc\",\"url\":\"https:\/\/justbuildit.eu\/en\/\",\"logo\":{\"@type\":\"ImageObject\",\"inLanguage\":\"en-US\",\"@id\":\"https:\/\/justbuildit.eu\/en\/#\/schema\/logo\/image\/\",\"url\":\"https:\/\/justbuildit.eu\/wp-content\/uploads\/2022\/01\/justbuildit.png\",\"contentUrl\":\"https:\/\/justbuildit.eu\/wp-content\/uploads\/2022\/01\/justbuildit.png\",\"width\":173,\"height\":77,\"caption\":\"Just Build It O\u00dc\"},\"image\":{\"@id\":\"https:\/\/justbuildit.eu\/en\/#\/schema\/logo\/image\/\"},\"sameAs\":[\"https:\/\/www.facebook.com\/justbuildit.ee\"]}]}<\/script>\n<!-- \/ Yoast SEO Premium plugin. -->","yoast_head_json":{"title":"DU\u0160IKABIIN BLIX BLCP4-90 L\u00c4IGE + KLAAS TRANSPARENT RAVAK - TELLIMISEL - Ehituslahendused","robots":{"index":"index","follow":"follow","max-snippet":"max-snippet:-1","max-image-preview":"max-image-preview:large","max-video-preview":"max-video-preview:-1"},"canonical":"https:\/\/justbuildit.eu\/en\/pood\/espak\/dusikabiin-blix-blcp4-90-laige-klaas-transparent-ravak-tellimisel\/","og_locale":"en_US","og_type":"article","og_title":"DU\u0160IKABIIN BLIX BLCP4-90 L\u00c4IGE + KLAAS TRANSPARENT RAVAK - TELLIMISEL","og_description":"Du\u0161ikabiin Blix kujutab endast k\u00f5ige paremat k\u00f5rge kvaliteedi ja soodsa hinna suhet. See korralikult valmistatud ja moodsa disainiga toode on k\u00e4ttesaadav igale tavakliendile ning sellel on alati palju praktilisi eeliseid. Klaasuks ja vastupidav k\u00e4iguosa r\u00f5\u00f5mustavad Teid oma laitmatu t\u00f6\u00f6ga pikki aastaid. Du\u0161inurga kuju teeb vannitoas viibimise veelgi meeldivamaks.","og_url":"https:\/\/justbuildit.eu\/en\/pood\/espak\/dusikabiin-blix-blcp4-90-laige-klaas-transparent-ravak-tellimisel\/","og_site_name":"Ehituslahendused","article_publisher":"https:\/\/www.facebook.com\/justbuildit.ee","article_modified_time":"2026-04-11T09:03:13+00:00","og_image":[{"width":800,"height":800,"url":"https:\/\/justbuildit.eu\/wp-content\/uploads\/2024\/10\/blcp41.jpg","type":"image\/jpeg"}],"twitter_card":"summary_large_image","schema":{"@context":"https:\/\/schema.org","@graph":[{"@type":"WebPage","@id":"https:\/\/justbuildit.eu\/en\/pood\/espak\/dusikabiin-blix-blcp4-90-laige-klaas-transparent-ravak-tellimisel\/","url":"https:\/\/justbuildit.eu\/en\/pood\/espak\/dusikabiin-blix-blcp4-90-laige-klaas-transparent-ravak-tellimisel\/","name":"DU\u0160IKABIIN BLIX BLCP4-90 L\u00c4IGE + KLAAS TRANSPARENT RAVAK - TELLIMISEL - Ehituslahendused","isPartOf":{"@id":"https:\/\/justbuildit.eu\/en\/#website"},"primaryImageOfPage":{"@id":"https:\/\/justbuildit.eu\/en\/pood\/espak\/dusikabiin-blix-blcp4-90-laige-klaas-transparent-ravak-tellimisel\/#primaryimage"},"image":{"@id":"https:\/\/justbuildit.eu\/en\/pood\/espak\/dusikabiin-blix-blcp4-90-laige-klaas-transparent-ravak-tellimisel\/#primaryimage"},"thumbnailUrl":"https:\/\/justbuildit.eu\/wp-content\/uploads\/2024\/10\/blcp41.jpg","datePublished":"2024-10-02T12:36:37+00:00","dateModified":"2026-04-11T09:03:13+00:00","breadcrumb":{"@id":"https:\/\/justbuildit.eu\/en\/pood\/espak\/dusikabiin-blix-blcp4-90-laige-klaas-transparent-ravak-tellimisel\/#breadcrumb"},"inLanguage":"en-US","potentialAction":[{"@type":"ReadAction","target":["https:\/\/justbuildit.eu\/en\/pood\/espak\/dusikabiin-blix-blcp4-90-laige-klaas-transparent-ravak-tellimisel\/"]}]},{"@type":"ImageObject","inLanguage":"en-US","@id":"https:\/\/justbuildit.eu\/en\/pood\/espak\/dusikabiin-blix-blcp4-90-laige-klaas-transparent-ravak-tellimisel\/#primaryimage","url":"https:\/\/justbuildit.eu\/wp-content\/uploads\/2024\/10\/blcp41.jpg","contentUrl":"https:\/\/justbuildit.eu\/wp-content\/uploads\/2024\/10\/blcp41.jpg","width":800,"height":800},{"@type":"BreadcrumbList","@id":"https:\/\/justbuildit.eu\/en\/pood\/espak\/dusikabiin-blix-blcp4-90-laige-klaas-transparent-ravak-tellimisel\/#breadcrumb","itemListElement":[{"@type":"ListItem","position":1,"name":"Home","item":"https:\/\/justbuildit.eu\/en\/"},{"@type":"ListItem","position":2,"name":"Shop","item":"https:\/\/justbuildit.eu\/en\/building-materials\/"},{"@type":"ListItem","position":3,"name":"DU\u0160IKABIIN BLIX BLCP4-90 L\u00c4IGE + KLAAS TRANSPARENT RAVAK &#8211; TELLIMISEL"}]},{"@type":"WebSite","@id":"https:\/\/justbuildit.eu\/en\/#website","url":"https:\/\/justbuildit.eu\/en\/","name":"Ehituslahendused","description":"Ehituslahendused ja materjalid","publisher":{"@id":"https:\/\/justbuildit.eu\/en\/#organization"},"potentialAction":[{"@type":"SearchAction","target":{"@type":"EntryPoint","urlTemplate":"https:\/\/justbuildit.eu\/en\/?s={search_term_string}"},"query-input":{"@type":"PropertyValueSpecification","valueRequired":true,"valueName":"search_term_string"}}],"inLanguage":"en-US"},{"@type":"Organization","@id":"https:\/\/justbuildit.eu\/en\/#organization","name":"Just Build It O\u00dc","url":"https:\/\/justbuildit.eu\/en\/","logo":{"@type":"ImageObject","inLanguage":"en-US","@id":"https:\/\/justbuildit.eu\/en\/#\/schema\/logo\/image\/","url":"https:\/\/justbuildit.eu\/wp-content\/uploads\/2022\/01\/justbuildit.png","contentUrl":"https:\/\/justbuildit.eu\/wp-content\/uploads\/2022\/01\/justbuildit.png","width":173,"height":77,"caption":"Just Build It O\u00dc"},"image":{"@id":"https:\/\/justbuildit.eu\/en\/#\/schema\/logo\/image\/"},"sameAs":["https:\/\/www.facebook.com\/justbuildit.ee"]}]}},"_links":{"self":[{"href":"https:\/\/justbuildit.eu\/en\/wp-json\/wp\/v2\/product\/488582","targetHints":{"allow":["GET"]}}],"collection":[{"href":"https:\/\/justbuildit.eu\/en\/wp-json\/wp\/v2\/product"}],"about":[{"href":"https:\/\/justbuildit.eu\/en\/wp-json\/wp\/v2\/types\/product"}],"replies":[{"embeddable":true,"href":"https:\/\/justbuildit.eu\/en\/wp-json\/wp\/v2\/comments?post=488582"}],"wp:featuredmedia":[{"embeddable":true,"href":"https:\/\/justbuildit.eu\/en\/wp-json\/wp\/v2\/media\/488583"}],"wp:attachment":[{"href":"https:\/\/justbuildit.eu\/en\/wp-json\/wp\/v2\/media?parent=488582"}],"wp:term":[{"taxonomy":"product_brand","embeddable":true,"href":"https:\/\/justbuildit.eu\/en\/wp-json\/wp\/v2\/product_brand?post=488582"},{"taxonomy":"product_cat","embeddable":true,"href":"https:\/\/justbuildit.eu\/en\/wp-json\/wp\/v2\/product_cat?post=488582"},{"taxonomy":"product_tag","embeddable":true,"href":"https:\/\/justbuildit.eu\/en\/wp-json\/wp\/v2\/product_tag?post=488582"}],"curies":[{"name":"wp","href":"https:\/\/api.w.org\/{rel}","templated":true}]}}