{"id":488627,"date":"2024-10-02T15:40:39","date_gmt":"2024-10-02T12:40:39","guid":{"rendered":"https:\/\/justbuildit.eu\/?post_type=product&#038;p=488627"},"modified":"2026-04-11T12:03:10","modified_gmt":"2026-04-11T09:03:10","slug":"dusikomplekt-termostaatsegistiga-grohe-grohtherm-500","status":"publish","type":"product","link":"https:\/\/justbuildit.eu\/en\/pood\/espak\/dusikomplekt-termostaatsegistiga-grohe-grohtherm-500\/","title":{"rendered":"DU\u0160IKOMPLEKT TERMOSTAATSEGISTIGA GROHE GROHTHERM 500"},"content":{"rendered":"<div class=\"row\"  id=\"row-146644552\">\n<div id=\"col-1333948473\" class=\"col medium-9 small-12 large-9\"  >\n<div class=\"col-inner\"  >\n<h3>Du\u0161ikomplekt Grohe Grohtherm 500<\/h3>\n<p>T\u00e4pset kontrolli v\u00f5imaldav igati t\u00f5hus GROHE Grohtherm 500 termostaadiga du\u0161ikomplekt aitab sinu vannituba lihtsalt uuendada.<br \/>\n Komplektis on GROHE Grohtherm 500 termostaadiga du\u0161isegisti, Tempesta 110 k\u00e4sidu\u0161\u0161, 900\u00a0mm du\u0161ilift ja 1750\u00a0mm voolik.<br \/>\n Segisti GROHE termostaatiline s\u00fcdamik tagab pideva sobiva temperatuuriga veevoolu ilma ebameeldiva k\u00f5ikumiseta ning GROHE vees\u00e4\u00e4stutehnoloogia v\u00e4hendab vee- ja energiakulu. See on ka peres\u00f5bralik, kuna GROHE SafeStopi turvanupp on seatud 38\u00a0\u00b0C juurde, et lapsed ei saaks kogemata vett liiga kuumaks keerata. Valikulise GROHE SafeStopi temperatuuripiiriku saab seada 43\u00a0\u00b0C juurde, et oleks veelgi turvalisem.<br \/>\n Kui veevarustus t\u00e4ielikult katkeb, v\u00e4hendab automaatne seiskamine veevoolu miinimumini. 110\u00a0mm l\u00e4bim\u00f5\u00f5duga k\u00e4sidu\u0161il on stressi leevendav rahustav Raini pihustus. GROHE DreamSpray tehnoloogia tagab, et igast avast tuleb vett \u00fchtlaselt ja pihustus on tasakaalus. Soovituslik r\u00f5hk on v\u00e4hemalt 1\u00a0baar.<br \/>\nT\u00e4nu GROHE SpeedCleanile saate pihustusavad katlakivist puhtaks vaid s\u00f5rmet\u00f5mbega. ShockProofi silikoonr\u00f5ngas kaitseb k\u00e4sidu\u0161\u0161i ja du\u0161ialust v\u00f5i vanni kahjustuste eest, kui du\u0161\u0161 kogemata maha kukub. Tugev voolik peab vastu rasketele oludele ning talub kuni 5-baarist veer\u00f5hku, kuni 50\u00a0kg raskust ja kuni 70\u00a0\u00b0C kuumust.<br \/>\n Du\u0161iliftil on liugur ja kaldehoidik ning du\u0161iotsaku k\u00f5rgust ja kaldenurka saab imelihtsalt muuta.<br \/>\nT\u00e4nu GROHE FastFixationi paigalduss\u00fcsteemile on v\u00f5imalik muuta \u00fclakinnituse k\u00f5rgust ja seda saab sobitada varem puuritud aukudega.<br \/>\n GROHE Long-Life\u2019i viimistlus on l\u00e4ikiv, ent vastupidav ja see komplekt n\u00e4eb aastaid laitmatu v\u00e4lja.<\/p>\n<\/p>\n<\/div>\n<\/div>\n<div id=\"col-61958691\" class=\"col medium-3 small-12 large-3\"  >\n<div class=\"col-inner\"  >\n<div id=\"gap-754647184\" class=\"gap-element clearfix\" style=\"display:block; height:auto;\">\n<style>\n#gap-754647184 {\n  padding-top: 30px;\n}\n<\/style>\n<\/p>\n<\/div>\n<h3>Paigaldusjuhend<\/h3>\n<p><a href=\"https:\/\/espak.ee\/epood\/wp-content\/uploads\/2024\/07\/2208139.pdf\"target=\"_blank\" rel=\"noopener noreferrer\"><i class=\"far fa-file-pdf\"><\/i> Paigaldusjuhend (PDF)<\/a><\/p>\n<p><a href=\"https:\/\/espak.ee\/epood\/wp-content\/uploads\/2024\/07\/2205077.pdf\"target=\"_blank\" rel=\"noopener noreferrer\"><i class=\"far fa-file-pdf\"><\/i> Paigaldusjuhend (PDF)<\/a><\/p>\n<div class=\"is-divider divider clearfix\" ><\/div>\n<p><strong>\u00dcksikasjalikuma n\u00f5u saamiseks v\u00f5tke \u00fchendust:<br \/><\/strong>Grohe AG Eesti filiaal<br \/>Tartu mnt 16<br \/>10117<br \/>Tallinn<br \/>+372 6616354<\/p>\n<div class=\"is-divider divider clearfix\" ><\/div>\n<\/p>\n<\/div>\n<\/div>\n<\/div>\n","protected":false},"excerpt":{"rendered":"<p>T\u00e4pset kontrolli v\u00f5imaldav igati t\u00f5hus GROHE Grohtherm 500 termostaadiga du\u0161ikomplekt aitab sinu vannituba lihtsalt uuendada.<br \/>\n Komplektis on GROHE Grohtherm 500 termostaadiga du\u0161isegisti, Tempesta 110 k\u00e4sidu\u0161\u0161, 900\u00a0mm du\u0161ilift ja 1750\u00a0mm voolik.<br \/>\n Segisti GROHE termostaatiline s\u00fcdamik tagab pideva sobiva temperatuuriga veevoolu ilma ebameeldiva k\u00f5ikumiseta ning GROHE vees\u00e4\u00e4stutehnoloogia v\u00e4hendab vee- ja energiakulu. See on ka peres\u00f5bralik, kuna GROHE SafeStopi turvanupp on seatud 38\u00a0\u00b0C juurde, et lapsed ei saaks kogemata vett liiga kuumaks keerata. Valikulise GROHE SafeStopi temperatuuripiiriku saab seada 43\u00a0\u00b0C juurde, et oleks veelgi turvalisem.<br \/>\n Kui veevarustus t\u00e4ielikult katkeb, v\u00e4hendab automaatne seiskamine veevoolu miinimumini. 110\u00a0mm l\u00e4bim\u00f5\u00f5duga k\u00e4sidu\u0161il on stressi leevendav rahustav Raini pihustus. GROHE DreamSpray tehnoloogia tagab, et igast avast tuleb vett \u00fchtlaselt ja pihustus on tasakaalus. Soovituslik r\u00f5hk on v\u00e4hemalt 1\u00a0baar.<br \/>\nT\u00e4nu GROHE SpeedCleanile saate pihustusavad katlakivist puhtaks vaid s\u00f5rmet\u00f5mbega. ShockProofi silikoonr\u00f5ngas kaitseb k\u00e4sidu\u0161\u0161i ja du\u0161ialust v\u00f5i vanni kahjustuste eest, kui du\u0161\u0161 kogemata maha kukub. Tugev voolik peab vastu rasketele oludele ning talub kuni 5-baarist veer\u00f5hku, kuni 50\u00a0kg raskust ja kuni 70\u00a0\u00b0C kuumust.<br \/>\n Du\u0161iliftil on liugur ja kaldehoidik ning du\u0161iotsaku k\u00f5rgust ja kaldenurka saab imelihtsalt muuta.<br \/>\nT\u00e4nu GROHE FastFixationi paigalduss\u00fcsteemile on v\u00f5imalik muuta \u00fclakinnituse k\u00f5rgust ja seda saab sobitada varem puuritud aukudega.<br \/>\n GROHE Long-Life\u2019i viimistlus on l\u00e4ikiv, ent vastupidav ja see komplekt n\u00e4eb aastaid laitmatu v\u00e4lja.<\/p>","protected":false},"featured_media":488628,"comment_status":"open","ping_status":"closed","template":"","meta":{"_acf_changed":false},"product_brand":[],"product_cat":[785,498],"product_tag":[],"class_list":{"0":"post-488627","1":"product","2":"type-product","3":"status-publish","4":"has-post-thumbnail","6":"product_cat-santehnika","7":"product_cat-espak","9":"first","10":"instock","11":"sale","12":"shipping-taxable","13":"purchasable","14":"product-type-simple"},"acf":[],"yoast_head":"<!-- This site is optimized with the Yoast SEO Premium plugin v18.7 (Yoast SEO v26.5) - https:\/\/yoast.com\/wordpress\/plugins\/seo\/ -->\n<title>DU\u0160IKOMPLEKT TERMOSTAATSEGISTIGA GROHE GROHTHERM 500 - Ehituslahendused<\/title>\n<meta name=\"robots\" content=\"index, follow, max-snippet:-1, max-image-preview:large, max-video-preview:-1\" \/>\n<link rel=\"canonical\" href=\"https:\/\/justbuildit.eu\/en\/pood\/espak\/dusikomplekt-termostaatsegistiga-grohe-grohtherm-500\/\" \/>\n<meta property=\"og:locale\" content=\"en_US\" \/>\n<meta property=\"og:type\" content=\"article\" \/>\n<meta property=\"og:title\" content=\"DU\u0160IKOMPLEKT TERMOSTAATSEGISTIGA GROHE GROHTHERM 500\" \/>\n<meta property=\"og:description\" content=\"T\u00e4pset kontrolli v\u00f5imaldav igati t\u00f5hus GROHE Grohtherm 500 termostaadiga du\u0161ikomplekt aitab sinu vannituba lihtsalt uuendada. Komplektis on GROHE Grohtherm 500 termostaadiga du\u0161isegisti, Tempesta 110 k\u00e4sidu\u0161\u0161, 900\u00a0mm du\u0161ilift ja 1750\u00a0mm voolik. Segisti GROHE termostaatiline s\u00fcdamik tagab pideva sobiva temperatuuriga veevoolu ilma ebameeldiva k\u00f5ikumiseta ning GROHE vees\u00e4\u00e4stutehnoloogia v\u00e4hendab vee- ja energiakulu. See on ka peres\u00f5bralik, kuna GROHE SafeStopi turvanupp on seatud 38\u00a0\u00b0C juurde, et lapsed ei saaks kogemata vett liiga kuumaks keerata. Valikulise GROHE SafeStopi temperatuuripiiriku saab seada 43\u00a0\u00b0C juurde, et oleks veelgi turvalisem. Kui veevarustus t\u00e4ielikult katkeb, v\u00e4hendab automaatne seiskamine veevoolu miinimumini. 110\u00a0mm l\u00e4bim\u00f5\u00f5duga k\u00e4sidu\u0161il on stressi leevendav rahustav Raini pihustus. GROHE DreamSpray tehnoloogia tagab, et igast avast tuleb vett \u00fchtlaselt ja pihustus on tasakaalus. Soovituslik r\u00f5hk on v\u00e4hemalt 1\u00a0baar. T\u00e4nu GROHE SpeedCleanile saate pihustusavad katlakivist puhtaks vaid s\u00f5rmet\u00f5mbega. ShockProofi silikoonr\u00f5ngas kaitseb k\u00e4sidu\u0161\u0161i ja du\u0161ialust v\u00f5i vanni kahjustuste eest, kui du\u0161\u0161 kogemata maha kukub. Tugev voolik peab vastu rasketele oludele ning talub kuni 5-baarist veer\u00f5hku, kuni 50\u00a0kg raskust ja kuni 70\u00a0\u00b0C kuumust. Du\u0161iliftil on liugur ja kaldehoidik ning du\u0161iotsaku k\u00f5rgust ja kaldenurka saab imelihtsalt muuta. T\u00e4nu GROHE FastFixationi paigalduss\u00fcsteemile on v\u00f5imalik muuta \u00fclakinnituse k\u00f5rgust ja seda saab sobitada varem puuritud aukudega. GROHE Long-Life\u2019i viimistlus on l\u00e4ikiv, ent vastupidav ja see komplekt n\u00e4eb aastaid laitmatu v\u00e4lja.\" \/>\n<meta property=\"og:url\" content=\"https:\/\/justbuildit.eu\/en\/pood\/espak\/dusikomplekt-termostaatsegistiga-grohe-grohtherm-500\/\" \/>\n<meta property=\"og:site_name\" content=\"Ehituslahendused\" \/>\n<meta property=\"article:publisher\" content=\"https:\/\/www.facebook.com\/justbuildit.ee\" \/>\n<meta property=\"article:modified_time\" content=\"2026-04-11T09:03:10+00:00\" \/>\n<meta property=\"og:image\" content=\"https:\/\/justbuildit.eu\/wp-content\/uploads\/2024\/10\/34797001_1_1.jpg\" \/>\n\t<meta property=\"og:image:width\" content=\"1000\" \/>\n\t<meta property=\"og:image:height\" content=\"1000\" \/>\n\t<meta property=\"og:image:type\" content=\"image\/jpeg\" \/>\n<meta name=\"twitter:card\" content=\"summary_large_image\" \/>\n<script type=\"application\/ld+json\" class=\"yoast-schema-graph\">{\"@context\":\"https:\/\/schema.org\",\"@graph\":[{\"@type\":\"WebPage\",\"@id\":\"https:\/\/justbuildit.eu\/en\/pood\/espak\/dusikomplekt-termostaatsegistiga-grohe-grohtherm-500\/\",\"url\":\"https:\/\/justbuildit.eu\/en\/pood\/espak\/dusikomplekt-termostaatsegistiga-grohe-grohtherm-500\/\",\"name\":\"DU\u0160IKOMPLEKT TERMOSTAATSEGISTIGA GROHE GROHTHERM 500 - Ehituslahendused\",\"isPartOf\":{\"@id\":\"https:\/\/justbuildit.eu\/en\/#website\"},\"primaryImageOfPage\":{\"@id\":\"https:\/\/justbuildit.eu\/en\/pood\/espak\/dusikomplekt-termostaatsegistiga-grohe-grohtherm-500\/#primaryimage\"},\"image\":{\"@id\":\"https:\/\/justbuildit.eu\/en\/pood\/espak\/dusikomplekt-termostaatsegistiga-grohe-grohtherm-500\/#primaryimage\"},\"thumbnailUrl\":\"https:\/\/justbuildit.eu\/wp-content\/uploads\/2024\/10\/34797001_1_1.jpg\",\"datePublished\":\"2024-10-02T12:40:39+00:00\",\"dateModified\":\"2026-04-11T09:03:10+00:00\",\"breadcrumb\":{\"@id\":\"https:\/\/justbuildit.eu\/en\/pood\/espak\/dusikomplekt-termostaatsegistiga-grohe-grohtherm-500\/#breadcrumb\"},\"inLanguage\":\"en-US\",\"potentialAction\":[{\"@type\":\"ReadAction\",\"target\":[\"https:\/\/justbuildit.eu\/en\/pood\/espak\/dusikomplekt-termostaatsegistiga-grohe-grohtherm-500\/\"]}]},{\"@type\":\"ImageObject\",\"inLanguage\":\"en-US\",\"@id\":\"https:\/\/justbuildit.eu\/en\/pood\/espak\/dusikomplekt-termostaatsegistiga-grohe-grohtherm-500\/#primaryimage\",\"url\":\"https:\/\/justbuildit.eu\/wp-content\/uploads\/2024\/10\/34797001_1_1.jpg\",\"contentUrl\":\"https:\/\/justbuildit.eu\/wp-content\/uploads\/2024\/10\/34797001_1_1.jpg\",\"width\":1000,\"height\":1000},{\"@type\":\"BreadcrumbList\",\"@id\":\"https:\/\/justbuildit.eu\/en\/pood\/espak\/dusikomplekt-termostaatsegistiga-grohe-grohtherm-500\/#breadcrumb\",\"itemListElement\":[{\"@type\":\"ListItem\",\"position\":1,\"name\":\"Home\",\"item\":\"https:\/\/justbuildit.eu\/en\/\"},{\"@type\":\"ListItem\",\"position\":2,\"name\":\"Shop\",\"item\":\"https:\/\/justbuildit.eu\/en\/building-materials\/\"},{\"@type\":\"ListItem\",\"position\":3,\"name\":\"DU\u0160IKOMPLEKT TERMOSTAATSEGISTIGA GROHE GROHTHERM 500\"}]},{\"@type\":\"WebSite\",\"@id\":\"https:\/\/justbuildit.eu\/en\/#website\",\"url\":\"https:\/\/justbuildit.eu\/en\/\",\"name\":\"Ehituslahendused\",\"description\":\"Ehituslahendused ja materjalid\",\"publisher\":{\"@id\":\"https:\/\/justbuildit.eu\/en\/#organization\"},\"potentialAction\":[{\"@type\":\"SearchAction\",\"target\":{\"@type\":\"EntryPoint\",\"urlTemplate\":\"https:\/\/justbuildit.eu\/en\/?s={search_term_string}\"},\"query-input\":{\"@type\":\"PropertyValueSpecification\",\"valueRequired\":true,\"valueName\":\"search_term_string\"}}],\"inLanguage\":\"en-US\"},{\"@type\":\"Organization\",\"@id\":\"https:\/\/justbuildit.eu\/en\/#organization\",\"name\":\"Just Build It O\u00dc\",\"url\":\"https:\/\/justbuildit.eu\/en\/\",\"logo\":{\"@type\":\"ImageObject\",\"inLanguage\":\"en-US\",\"@id\":\"https:\/\/justbuildit.eu\/en\/#\/schema\/logo\/image\/\",\"url\":\"https:\/\/justbuildit.eu\/wp-content\/uploads\/2022\/01\/justbuildit.png\",\"contentUrl\":\"https:\/\/justbuildit.eu\/wp-content\/uploads\/2022\/01\/justbuildit.png\",\"width\":173,\"height\":77,\"caption\":\"Just Build It O\u00dc\"},\"image\":{\"@id\":\"https:\/\/justbuildit.eu\/en\/#\/schema\/logo\/image\/\"},\"sameAs\":[\"https:\/\/www.facebook.com\/justbuildit.ee\"]}]}<\/script>\n<!-- \/ Yoast SEO Premium plugin. -->","yoast_head_json":{"title":"DU\u0160IKOMPLEKT TERMOSTAATSEGISTIGA GROHE GROHTHERM 500 - Ehituslahendused","robots":{"index":"index","follow":"follow","max-snippet":"max-snippet:-1","max-image-preview":"max-image-preview:large","max-video-preview":"max-video-preview:-1"},"canonical":"https:\/\/justbuildit.eu\/en\/pood\/espak\/dusikomplekt-termostaatsegistiga-grohe-grohtherm-500\/","og_locale":"en_US","og_type":"article","og_title":"DU\u0160IKOMPLEKT TERMOSTAATSEGISTIGA GROHE GROHTHERM 500","og_description":"T\u00e4pset kontrolli v\u00f5imaldav igati t\u00f5hus GROHE Grohtherm 500 termostaadiga du\u0161ikomplekt aitab sinu vannituba lihtsalt uuendada. Komplektis on GROHE Grohtherm 500 termostaadiga du\u0161isegisti, Tempesta 110 k\u00e4sidu\u0161\u0161, 900\u00a0mm du\u0161ilift ja 1750\u00a0mm voolik. Segisti GROHE termostaatiline s\u00fcdamik tagab pideva sobiva temperatuuriga veevoolu ilma ebameeldiva k\u00f5ikumiseta ning GROHE vees\u00e4\u00e4stutehnoloogia v\u00e4hendab vee- ja energiakulu. See on ka peres\u00f5bralik, kuna GROHE SafeStopi turvanupp on seatud 38\u00a0\u00b0C juurde, et lapsed ei saaks kogemata vett liiga kuumaks keerata. Valikulise GROHE SafeStopi temperatuuripiiriku saab seada 43\u00a0\u00b0C juurde, et oleks veelgi turvalisem. Kui veevarustus t\u00e4ielikult katkeb, v\u00e4hendab automaatne seiskamine veevoolu miinimumini. 110\u00a0mm l\u00e4bim\u00f5\u00f5duga k\u00e4sidu\u0161il on stressi leevendav rahustav Raini pihustus. GROHE DreamSpray tehnoloogia tagab, et igast avast tuleb vett \u00fchtlaselt ja pihustus on tasakaalus. Soovituslik r\u00f5hk on v\u00e4hemalt 1\u00a0baar. T\u00e4nu GROHE SpeedCleanile saate pihustusavad katlakivist puhtaks vaid s\u00f5rmet\u00f5mbega. ShockProofi silikoonr\u00f5ngas kaitseb k\u00e4sidu\u0161\u0161i ja du\u0161ialust v\u00f5i vanni kahjustuste eest, kui du\u0161\u0161 kogemata maha kukub. Tugev voolik peab vastu rasketele oludele ning talub kuni 5-baarist veer\u00f5hku, kuni 50\u00a0kg raskust ja kuni 70\u00a0\u00b0C kuumust. Du\u0161iliftil on liugur ja kaldehoidik ning du\u0161iotsaku k\u00f5rgust ja kaldenurka saab imelihtsalt muuta. T\u00e4nu GROHE FastFixationi paigalduss\u00fcsteemile on v\u00f5imalik muuta \u00fclakinnituse k\u00f5rgust ja seda saab sobitada varem puuritud aukudega. GROHE Long-Life\u2019i viimistlus on l\u00e4ikiv, ent vastupidav ja see komplekt n\u00e4eb aastaid laitmatu v\u00e4lja.","og_url":"https:\/\/justbuildit.eu\/en\/pood\/espak\/dusikomplekt-termostaatsegistiga-grohe-grohtherm-500\/","og_site_name":"Ehituslahendused","article_publisher":"https:\/\/www.facebook.com\/justbuildit.ee","article_modified_time":"2026-04-11T09:03:10+00:00","og_image":[{"width":1000,"height":1000,"url":"https:\/\/justbuildit.eu\/wp-content\/uploads\/2024\/10\/34797001_1_1.jpg","type":"image\/jpeg"}],"twitter_card":"summary_large_image","schema":{"@context":"https:\/\/schema.org","@graph":[{"@type":"WebPage","@id":"https:\/\/justbuildit.eu\/en\/pood\/espak\/dusikomplekt-termostaatsegistiga-grohe-grohtherm-500\/","url":"https:\/\/justbuildit.eu\/en\/pood\/espak\/dusikomplekt-termostaatsegistiga-grohe-grohtherm-500\/","name":"DU\u0160IKOMPLEKT TERMOSTAATSEGISTIGA GROHE GROHTHERM 500 - Ehituslahendused","isPartOf":{"@id":"https:\/\/justbuildit.eu\/en\/#website"},"primaryImageOfPage":{"@id":"https:\/\/justbuildit.eu\/en\/pood\/espak\/dusikomplekt-termostaatsegistiga-grohe-grohtherm-500\/#primaryimage"},"image":{"@id":"https:\/\/justbuildit.eu\/en\/pood\/espak\/dusikomplekt-termostaatsegistiga-grohe-grohtherm-500\/#primaryimage"},"thumbnailUrl":"https:\/\/justbuildit.eu\/wp-content\/uploads\/2024\/10\/34797001_1_1.jpg","datePublished":"2024-10-02T12:40:39+00:00","dateModified":"2026-04-11T09:03:10+00:00","breadcrumb":{"@id":"https:\/\/justbuildit.eu\/en\/pood\/espak\/dusikomplekt-termostaatsegistiga-grohe-grohtherm-500\/#breadcrumb"},"inLanguage":"en-US","potentialAction":[{"@type":"ReadAction","target":["https:\/\/justbuildit.eu\/en\/pood\/espak\/dusikomplekt-termostaatsegistiga-grohe-grohtherm-500\/"]}]},{"@type":"ImageObject","inLanguage":"en-US","@id":"https:\/\/justbuildit.eu\/en\/pood\/espak\/dusikomplekt-termostaatsegistiga-grohe-grohtherm-500\/#primaryimage","url":"https:\/\/justbuildit.eu\/wp-content\/uploads\/2024\/10\/34797001_1_1.jpg","contentUrl":"https:\/\/justbuildit.eu\/wp-content\/uploads\/2024\/10\/34797001_1_1.jpg","width":1000,"height":1000},{"@type":"BreadcrumbList","@id":"https:\/\/justbuildit.eu\/en\/pood\/espak\/dusikomplekt-termostaatsegistiga-grohe-grohtherm-500\/#breadcrumb","itemListElement":[{"@type":"ListItem","position":1,"name":"Home","item":"https:\/\/justbuildit.eu\/en\/"},{"@type":"ListItem","position":2,"name":"Shop","item":"https:\/\/justbuildit.eu\/en\/building-materials\/"},{"@type":"ListItem","position":3,"name":"DU\u0160IKOMPLEKT TERMOSTAATSEGISTIGA GROHE GROHTHERM 500"}]},{"@type":"WebSite","@id":"https:\/\/justbuildit.eu\/en\/#website","url":"https:\/\/justbuildit.eu\/en\/","name":"Ehituslahendused","description":"Ehituslahendused ja materjalid","publisher":{"@id":"https:\/\/justbuildit.eu\/en\/#organization"},"potentialAction":[{"@type":"SearchAction","target":{"@type":"EntryPoint","urlTemplate":"https:\/\/justbuildit.eu\/en\/?s={search_term_string}"},"query-input":{"@type":"PropertyValueSpecification","valueRequired":true,"valueName":"search_term_string"}}],"inLanguage":"en-US"},{"@type":"Organization","@id":"https:\/\/justbuildit.eu\/en\/#organization","name":"Just Build It O\u00dc","url":"https:\/\/justbuildit.eu\/en\/","logo":{"@type":"ImageObject","inLanguage":"en-US","@id":"https:\/\/justbuildit.eu\/en\/#\/schema\/logo\/image\/","url":"https:\/\/justbuildit.eu\/wp-content\/uploads\/2022\/01\/justbuildit.png","contentUrl":"https:\/\/justbuildit.eu\/wp-content\/uploads\/2022\/01\/justbuildit.png","width":173,"height":77,"caption":"Just Build It O\u00dc"},"image":{"@id":"https:\/\/justbuildit.eu\/en\/#\/schema\/logo\/image\/"},"sameAs":["https:\/\/www.facebook.com\/justbuildit.ee"]}]}},"_links":{"self":[{"href":"https:\/\/justbuildit.eu\/en\/wp-json\/wp\/v2\/product\/488627","targetHints":{"allow":["GET"]}}],"collection":[{"href":"https:\/\/justbuildit.eu\/en\/wp-json\/wp\/v2\/product"}],"about":[{"href":"https:\/\/justbuildit.eu\/en\/wp-json\/wp\/v2\/types\/product"}],"replies":[{"embeddable":true,"href":"https:\/\/justbuildit.eu\/en\/wp-json\/wp\/v2\/comments?post=488627"}],"wp:featuredmedia":[{"embeddable":true,"href":"https:\/\/justbuildit.eu\/en\/wp-json\/wp\/v2\/media\/488628"}],"wp:attachment":[{"href":"https:\/\/justbuildit.eu\/en\/wp-json\/wp\/v2\/media?parent=488627"}],"wp:term":[{"taxonomy":"product_brand","embeddable":true,"href":"https:\/\/justbuildit.eu\/en\/wp-json\/wp\/v2\/product_brand?post=488627"},{"taxonomy":"product_cat","embeddable":true,"href":"https:\/\/justbuildit.eu\/en\/wp-json\/wp\/v2\/product_cat?post=488627"},{"taxonomy":"product_tag","embeddable":true,"href":"https:\/\/justbuildit.eu\/en\/wp-json\/wp\/v2\/product_tag?post=488627"}],"curies":[{"name":"wp","href":"https:\/\/api.w.org\/{rel}","templated":true}]}}