{"id":488661,"date":"2024-10-02T15:45:48","date_gmt":"2024-10-02T12:45:48","guid":{"rendered":"https:\/\/justbuildit.eu\/?post_type=product&#038;p=488661"},"modified":"2026-04-12T12:03:20","modified_gmt":"2026-04-12T09:03:20","slug":"wc-pott-ifo-vinta-porandapealne-tahajooks-kahesusteemne-rimfree-pehme-prill-laud","status":"publish","type":"product","link":"https:\/\/justbuildit.eu\/en\/pood\/espak\/wc-pott-ifo-vinta-porandapealne-tahajooks-kahesusteemne-rimfree-pehme-prill-laud\/","title":{"rendered":"WC-POTT IF\u00d6 VINTA P\u00d5RANDAPEALNE, TAHAJOOKS, KAHES\u00dcSTEEMNE, RIMFREE, PEHME PRILL-LAUD"},"content":{"rendered":"<div class=\"row\"  id=\"row-2135177718\">\n<div id=\"col-384751177\" class=\"col medium-9 small-12 large-9\"  >\n<div class=\"col-inner\"  >\n<h2>If\u00f6 Vinta p\u00f5randapealne WC-pott<\/h2>\n<p>&#8211; P\u00f5randapealne<br \/>\n&#8211; Kahes\u00fcsteemne loputus 4\/2L<br \/>\n&#8211; Rimfree<br \/>\n&#8211; Kinnitus poldiga<br \/>\n&#8211; Vee\u00fchendus all vasakul\/paremal<br \/>\n&#8211; T\u00fc\u00fcp 1, t\u00e4iskogus 4 l, EN 997 j\u00e4rgi<br \/>\n&#8211; \u00c4raviik horisontaalne ja varjatud<br \/>\n&#8211; Prill-laud, pehme<br \/>\n&#8211; Sobib loputuspulkadele Fresh\n<\/p>\n<div id=\"gap-1920475441\" class=\"gap-element clearfix\" style=\"display:block; height:auto;\">\n<style>\n#gap-1920475441 {\n  padding-top: 30px;\n}\n<\/style>\n<\/p>\n<\/div>\n<\/div>\n<\/div>\n<div id=\"col-1038934407\" class=\"col medium-3 small-12 large-3\"  >\n<div class=\"col-inner\"  >\n<div id=\"gap-713574519\" class=\"gap-element clearfix\" style=\"display:block; height:auto;\">\n<style>\n#gap-713574519 {\n  padding-top: 30px;\n}\n<\/style>\n<\/p>\n<\/div>\n<div class=\"is-divider divider clearfix\" ><\/div>\n<p><strong>\u00dcksikasjalikuma n\u00f5u saamiseks v\u00f5tke \u00fchendust:<br \/><\/strong>Geberit UAB Eesti filiaal<br \/>Kuma tee 2<br \/>75312<br \/>Peetri<br \/>+372 6020775<\/p>\n<div class=\"is-divider divider clearfix\" ><\/div>\n<\/p>\n<\/div>\n<\/div>\n<\/div>\n","protected":false},"excerpt":{"rendered":"<p>&#8211; P\u00f5randapealne<br \/>\n&#8211; Kahes\u00fcsteemne loputus 4\/2L<br \/>\n&#8211; Rimfree<br \/>\n&#8211; Kinnitus poldiga<br \/>\n&#8211; Vee\u00fchendus all vasakul\/paremal<br \/>\n&#8211; T\u00fc\u00fcp 1, t\u00e4iskogus 4 l, EN 997 j\u00e4rgi<br \/>\n&#8211; \u00c4raviik horisontaalne ja varjatud<br \/>\n&#8211; Prill-laud, pehme<br \/>\n&#8211; Sobib loputuspulkadele Fresh\n<\/p>","protected":false},"featured_media":488662,"comment_status":"open","ping_status":"closed","template":"","meta":{"_acf_changed":false},"product_brand":[],"product_cat":[785,498],"product_tag":[],"class_list":{"0":"post-488661","1":"product","2":"type-product","3":"status-publish","4":"has-post-thumbnail","6":"product_cat-santehnika","7":"product_cat-espak","9":"first","10":"instock","11":"sale","12":"shipping-taxable","13":"purchasable","14":"product-type-simple"},"acf":[],"yoast_head":"<!-- This site is optimized with the Yoast SEO Premium plugin v18.7 (Yoast SEO v26.5) - https:\/\/yoast.com\/wordpress\/plugins\/seo\/ -->\n<title>WC-POTT IF\u00d6 VINTA P\u00d5RANDAPEALNE, TAHAJOOKS, KAHES\u00dcSTEEMNE, RIMFREE, PEHME PRILL-LAUD - Ehituslahendused<\/title>\n<meta name=\"robots\" content=\"index, follow, max-snippet:-1, max-image-preview:large, max-video-preview:-1\" \/>\n<link rel=\"canonical\" href=\"https:\/\/justbuildit.eu\/en\/pood\/espak\/wc-pott-ifo-vinta-porandapealne-tahajooks-kahesusteemne-rimfree-pehme-prill-laud\/\" \/>\n<meta property=\"og:locale\" content=\"en_US\" \/>\n<meta property=\"og:type\" content=\"article\" \/>\n<meta property=\"og:title\" content=\"WC-POTT IF\u00d6 VINTA P\u00d5RANDAPEALNE, TAHAJOOKS, KAHES\u00dcSTEEMNE, RIMFREE, PEHME PRILL-LAUD\" \/>\n<meta property=\"og:description\" content=\"- P\u00f5randapealne - Kahes\u00fcsteemne loputus 4\/2L - Rimfree - Kinnitus poldiga - Vee\u00fchendus all vasakul\/paremal - T\u00fc\u00fcp 1, t\u00e4iskogus 4 l, EN 997 j\u00e4rgi - \u00c4raviik horisontaalne ja varjatud - Prill-laud, pehme - Sobib loputuspulkadele Fresh\" \/>\n<meta property=\"og:url\" content=\"https:\/\/justbuildit.eu\/en\/pood\/espak\/wc-pott-ifo-vinta-porandapealne-tahajooks-kahesusteemne-rimfree-pehme-prill-laud\/\" \/>\n<meta property=\"og:site_name\" content=\"Ehituslahendused\" \/>\n<meta property=\"article:publisher\" content=\"https:\/\/www.facebook.com\/justbuildit.ee\" \/>\n<meta property=\"article:modified_time\" content=\"2026-04-12T09:03:20+00:00\" \/>\n<meta property=\"og:image\" content=\"https:\/\/justbuildit.eu\/wp-content\/uploads\/2024\/10\/DAS_2627704_20220607_162132.jpg\" \/>\n\t<meta property=\"og:image:width\" content=\"800\" \/>\n\t<meta property=\"og:image:height\" content=\"800\" \/>\n\t<meta property=\"og:image:type\" content=\"image\/jpeg\" \/>\n<meta name=\"twitter:card\" content=\"summary_large_image\" \/>\n<script type=\"application\/ld+json\" class=\"yoast-schema-graph\">{\"@context\":\"https:\/\/schema.org\",\"@graph\":[{\"@type\":\"WebPage\",\"@id\":\"https:\/\/justbuildit.eu\/en\/pood\/espak\/wc-pott-ifo-vinta-porandapealne-tahajooks-kahesusteemne-rimfree-pehme-prill-laud\/\",\"url\":\"https:\/\/justbuildit.eu\/en\/pood\/espak\/wc-pott-ifo-vinta-porandapealne-tahajooks-kahesusteemne-rimfree-pehme-prill-laud\/\",\"name\":\"WC-POTT IF\u00d6 VINTA P\u00d5RANDAPEALNE, TAHAJOOKS, KAHES\u00dcSTEEMNE, RIMFREE, PEHME PRILL-LAUD - Ehituslahendused\",\"isPartOf\":{\"@id\":\"https:\/\/justbuildit.eu\/en\/#website\"},\"primaryImageOfPage\":{\"@id\":\"https:\/\/justbuildit.eu\/en\/pood\/espak\/wc-pott-ifo-vinta-porandapealne-tahajooks-kahesusteemne-rimfree-pehme-prill-laud\/#primaryimage\"},\"image\":{\"@id\":\"https:\/\/justbuildit.eu\/en\/pood\/espak\/wc-pott-ifo-vinta-porandapealne-tahajooks-kahesusteemne-rimfree-pehme-prill-laud\/#primaryimage\"},\"thumbnailUrl\":\"https:\/\/justbuildit.eu\/wp-content\/uploads\/2024\/10\/DAS_2627704_20220607_162132.jpg\",\"datePublished\":\"2024-10-02T12:45:48+00:00\",\"dateModified\":\"2026-04-12T09:03:20+00:00\",\"breadcrumb\":{\"@id\":\"https:\/\/justbuildit.eu\/en\/pood\/espak\/wc-pott-ifo-vinta-porandapealne-tahajooks-kahesusteemne-rimfree-pehme-prill-laud\/#breadcrumb\"},\"inLanguage\":\"en-US\",\"potentialAction\":[{\"@type\":\"ReadAction\",\"target\":[\"https:\/\/justbuildit.eu\/en\/pood\/espak\/wc-pott-ifo-vinta-porandapealne-tahajooks-kahesusteemne-rimfree-pehme-prill-laud\/\"]}]},{\"@type\":\"ImageObject\",\"inLanguage\":\"en-US\",\"@id\":\"https:\/\/justbuildit.eu\/en\/pood\/espak\/wc-pott-ifo-vinta-porandapealne-tahajooks-kahesusteemne-rimfree-pehme-prill-laud\/#primaryimage\",\"url\":\"https:\/\/justbuildit.eu\/wp-content\/uploads\/2024\/10\/DAS_2627704_20220607_162132.jpg\",\"contentUrl\":\"https:\/\/justbuildit.eu\/wp-content\/uploads\/2024\/10\/DAS_2627704_20220607_162132.jpg\",\"width\":800,\"height\":800},{\"@type\":\"BreadcrumbList\",\"@id\":\"https:\/\/justbuildit.eu\/en\/pood\/espak\/wc-pott-ifo-vinta-porandapealne-tahajooks-kahesusteemne-rimfree-pehme-prill-laud\/#breadcrumb\",\"itemListElement\":[{\"@type\":\"ListItem\",\"position\":1,\"name\":\"Home\",\"item\":\"https:\/\/justbuildit.eu\/en\/\"},{\"@type\":\"ListItem\",\"position\":2,\"name\":\"Shop\",\"item\":\"https:\/\/justbuildit.eu\/en\/building-materials\/\"},{\"@type\":\"ListItem\",\"position\":3,\"name\":\"WC-POTT IF\u00d6 VINTA P\u00d5RANDAPEALNE, TAHAJOOKS, KAHES\u00dcSTEEMNE, RIMFREE, PEHME PRILL-LAUD\"}]},{\"@type\":\"WebSite\",\"@id\":\"https:\/\/justbuildit.eu\/en\/#website\",\"url\":\"https:\/\/justbuildit.eu\/en\/\",\"name\":\"Ehituslahendused\",\"description\":\"Ehituslahendused ja materjalid\",\"publisher\":{\"@id\":\"https:\/\/justbuildit.eu\/en\/#organization\"},\"potentialAction\":[{\"@type\":\"SearchAction\",\"target\":{\"@type\":\"EntryPoint\",\"urlTemplate\":\"https:\/\/justbuildit.eu\/en\/?s={search_term_string}\"},\"query-input\":{\"@type\":\"PropertyValueSpecification\",\"valueRequired\":true,\"valueName\":\"search_term_string\"}}],\"inLanguage\":\"en-US\"},{\"@type\":\"Organization\",\"@id\":\"https:\/\/justbuildit.eu\/en\/#organization\",\"name\":\"Just Build It O\u00dc\",\"url\":\"https:\/\/justbuildit.eu\/en\/\",\"logo\":{\"@type\":\"ImageObject\",\"inLanguage\":\"en-US\",\"@id\":\"https:\/\/justbuildit.eu\/en\/#\/schema\/logo\/image\/\",\"url\":\"https:\/\/justbuildit.eu\/wp-content\/uploads\/2022\/01\/justbuildit.png\",\"contentUrl\":\"https:\/\/justbuildit.eu\/wp-content\/uploads\/2022\/01\/justbuildit.png\",\"width\":173,\"height\":77,\"caption\":\"Just Build It O\u00dc\"},\"image\":{\"@id\":\"https:\/\/justbuildit.eu\/en\/#\/schema\/logo\/image\/\"},\"sameAs\":[\"https:\/\/www.facebook.com\/justbuildit.ee\"]}]}<\/script>\n<!-- \/ Yoast SEO Premium plugin. -->","yoast_head_json":{"title":"WC-POTT IF\u00d6 VINTA P\u00d5RANDAPEALNE, TAHAJOOKS, KAHES\u00dcSTEEMNE, RIMFREE, PEHME PRILL-LAUD - Ehituslahendused","robots":{"index":"index","follow":"follow","max-snippet":"max-snippet:-1","max-image-preview":"max-image-preview:large","max-video-preview":"max-video-preview:-1"},"canonical":"https:\/\/justbuildit.eu\/en\/pood\/espak\/wc-pott-ifo-vinta-porandapealne-tahajooks-kahesusteemne-rimfree-pehme-prill-laud\/","og_locale":"en_US","og_type":"article","og_title":"WC-POTT IF\u00d6 VINTA P\u00d5RANDAPEALNE, TAHAJOOKS, KAHES\u00dcSTEEMNE, RIMFREE, PEHME PRILL-LAUD","og_description":"- P\u00f5randapealne - Kahes\u00fcsteemne loputus 4\/2L - Rimfree - Kinnitus poldiga - Vee\u00fchendus all vasakul\/paremal - T\u00fc\u00fcp 1, t\u00e4iskogus 4 l, EN 997 j\u00e4rgi - \u00c4raviik horisontaalne ja varjatud - Prill-laud, pehme - Sobib loputuspulkadele Fresh","og_url":"https:\/\/justbuildit.eu\/en\/pood\/espak\/wc-pott-ifo-vinta-porandapealne-tahajooks-kahesusteemne-rimfree-pehme-prill-laud\/","og_site_name":"Ehituslahendused","article_publisher":"https:\/\/www.facebook.com\/justbuildit.ee","article_modified_time":"2026-04-12T09:03:20+00:00","og_image":[{"width":800,"height":800,"url":"https:\/\/justbuildit.eu\/wp-content\/uploads\/2024\/10\/DAS_2627704_20220607_162132.jpg","type":"image\/jpeg"}],"twitter_card":"summary_large_image","schema":{"@context":"https:\/\/schema.org","@graph":[{"@type":"WebPage","@id":"https:\/\/justbuildit.eu\/en\/pood\/espak\/wc-pott-ifo-vinta-porandapealne-tahajooks-kahesusteemne-rimfree-pehme-prill-laud\/","url":"https:\/\/justbuildit.eu\/en\/pood\/espak\/wc-pott-ifo-vinta-porandapealne-tahajooks-kahesusteemne-rimfree-pehme-prill-laud\/","name":"WC-POTT IF\u00d6 VINTA P\u00d5RANDAPEALNE, TAHAJOOKS, KAHES\u00dcSTEEMNE, RIMFREE, PEHME PRILL-LAUD - Ehituslahendused","isPartOf":{"@id":"https:\/\/justbuildit.eu\/en\/#website"},"primaryImageOfPage":{"@id":"https:\/\/justbuildit.eu\/en\/pood\/espak\/wc-pott-ifo-vinta-porandapealne-tahajooks-kahesusteemne-rimfree-pehme-prill-laud\/#primaryimage"},"image":{"@id":"https:\/\/justbuildit.eu\/en\/pood\/espak\/wc-pott-ifo-vinta-porandapealne-tahajooks-kahesusteemne-rimfree-pehme-prill-laud\/#primaryimage"},"thumbnailUrl":"https:\/\/justbuildit.eu\/wp-content\/uploads\/2024\/10\/DAS_2627704_20220607_162132.jpg","datePublished":"2024-10-02T12:45:48+00:00","dateModified":"2026-04-12T09:03:20+00:00","breadcrumb":{"@id":"https:\/\/justbuildit.eu\/en\/pood\/espak\/wc-pott-ifo-vinta-porandapealne-tahajooks-kahesusteemne-rimfree-pehme-prill-laud\/#breadcrumb"},"inLanguage":"en-US","potentialAction":[{"@type":"ReadAction","target":["https:\/\/justbuildit.eu\/en\/pood\/espak\/wc-pott-ifo-vinta-porandapealne-tahajooks-kahesusteemne-rimfree-pehme-prill-laud\/"]}]},{"@type":"ImageObject","inLanguage":"en-US","@id":"https:\/\/justbuildit.eu\/en\/pood\/espak\/wc-pott-ifo-vinta-porandapealne-tahajooks-kahesusteemne-rimfree-pehme-prill-laud\/#primaryimage","url":"https:\/\/justbuildit.eu\/wp-content\/uploads\/2024\/10\/DAS_2627704_20220607_162132.jpg","contentUrl":"https:\/\/justbuildit.eu\/wp-content\/uploads\/2024\/10\/DAS_2627704_20220607_162132.jpg","width":800,"height":800},{"@type":"BreadcrumbList","@id":"https:\/\/justbuildit.eu\/en\/pood\/espak\/wc-pott-ifo-vinta-porandapealne-tahajooks-kahesusteemne-rimfree-pehme-prill-laud\/#breadcrumb","itemListElement":[{"@type":"ListItem","position":1,"name":"Home","item":"https:\/\/justbuildit.eu\/en\/"},{"@type":"ListItem","position":2,"name":"Shop","item":"https:\/\/justbuildit.eu\/en\/building-materials\/"},{"@type":"ListItem","position":3,"name":"WC-POTT IF\u00d6 VINTA P\u00d5RANDAPEALNE, TAHAJOOKS, KAHES\u00dcSTEEMNE, RIMFREE, PEHME PRILL-LAUD"}]},{"@type":"WebSite","@id":"https:\/\/justbuildit.eu\/en\/#website","url":"https:\/\/justbuildit.eu\/en\/","name":"Ehituslahendused","description":"Ehituslahendused ja materjalid","publisher":{"@id":"https:\/\/justbuildit.eu\/en\/#organization"},"potentialAction":[{"@type":"SearchAction","target":{"@type":"EntryPoint","urlTemplate":"https:\/\/justbuildit.eu\/en\/?s={search_term_string}"},"query-input":{"@type":"PropertyValueSpecification","valueRequired":true,"valueName":"search_term_string"}}],"inLanguage":"en-US"},{"@type":"Organization","@id":"https:\/\/justbuildit.eu\/en\/#organization","name":"Just Build It O\u00dc","url":"https:\/\/justbuildit.eu\/en\/","logo":{"@type":"ImageObject","inLanguage":"en-US","@id":"https:\/\/justbuildit.eu\/en\/#\/schema\/logo\/image\/","url":"https:\/\/justbuildit.eu\/wp-content\/uploads\/2022\/01\/justbuildit.png","contentUrl":"https:\/\/justbuildit.eu\/wp-content\/uploads\/2022\/01\/justbuildit.png","width":173,"height":77,"caption":"Just Build It O\u00dc"},"image":{"@id":"https:\/\/justbuildit.eu\/en\/#\/schema\/logo\/image\/"},"sameAs":["https:\/\/www.facebook.com\/justbuildit.ee"]}]}},"_links":{"self":[{"href":"https:\/\/justbuildit.eu\/en\/wp-json\/wp\/v2\/product\/488661","targetHints":{"allow":["GET"]}}],"collection":[{"href":"https:\/\/justbuildit.eu\/en\/wp-json\/wp\/v2\/product"}],"about":[{"href":"https:\/\/justbuildit.eu\/en\/wp-json\/wp\/v2\/types\/product"}],"replies":[{"embeddable":true,"href":"https:\/\/justbuildit.eu\/en\/wp-json\/wp\/v2\/comments?post=488661"}],"wp:featuredmedia":[{"embeddable":true,"href":"https:\/\/justbuildit.eu\/en\/wp-json\/wp\/v2\/media\/488662"}],"wp:attachment":[{"href":"https:\/\/justbuildit.eu\/en\/wp-json\/wp\/v2\/media?parent=488661"}],"wp:term":[{"taxonomy":"product_brand","embeddable":true,"href":"https:\/\/justbuildit.eu\/en\/wp-json\/wp\/v2\/product_brand?post=488661"},{"taxonomy":"product_cat","embeddable":true,"href":"https:\/\/justbuildit.eu\/en\/wp-json\/wp\/v2\/product_cat?post=488661"},{"taxonomy":"product_tag","embeddable":true,"href":"https:\/\/justbuildit.eu\/en\/wp-json\/wp\/v2\/product_tag?post=488661"}],"curies":[{"name":"wp","href":"https:\/\/api.w.org\/{rel}","templated":true}]}}