{"id":488672,"date":"2024-10-02T15:47:00","date_gmt":"2024-10-02T12:47:00","guid":{"rendered":"https:\/\/justbuildit.eu\/?post_type=product&#038;p=488672"},"modified":"2026-04-12T12:03:19","modified_gmt":"2026-04-12T09:03:19","slug":"xs-suuruses-valamusegisti-grohe-lineare","status":"publish","type":"product","link":"https:\/\/justbuildit.eu\/en\/pood\/espak\/xs-suuruses-valamusegisti-grohe-lineare\/","title":{"rendered":"XS-SUURUSES VALAMUSEGISTI GROHE LINEARE"},"content":{"rendered":"<div class=\"row\"  id=\"row-1662802543\">\n<div id=\"col-253686573\" class=\"col medium-9 small-12 large-9\"  >\n<div class=\"col-inner\"  >\n<h2>XS-suuruses valamusegisti Lineare<\/h2>\n<p>GROHE Lineare \u00fche hoovaga valamusegisti, millel on vajutamisega avatav h\u00fcpik-\u00e4ravooluklapp. Keskkonnahoidlik kroomitud kraan l\u00fchikese t\u00e4isnurkse tilaga. Lihtne paigaldada ja Saksamaal valmistatud.<\/p>\n<div id=\"gap-549117113\" class=\"gap-element clearfix\" style=\"display:block; height:auto;\">\n<style>\n#gap-549117113 {\n  padding-top: 30px;\n}\n<\/style>\n<\/p>\n<\/div>\n<h3>Kasutamise \u00fcksikasjad<\/h3>\n<p><strong>Toote kirjeldus:<\/strong> Kutsuv minimalistlik disain ja tipptehnoloogia \u00fches! GROHE Lineare \u00fche hoovaga valamusegisti sile silinderkorpus ja karge t\u00e4isnurkne k\u00e4epide sobivad ideaalselt igasse moodsasse vannituppa. T\u00e4nu vaid n\u00e4puotsaga k\u00e4sitsetavale h\u00fcpik-\u00e4ravooluklapile ja mitmekesisele GROHE tehnoloogiale on seda r\u00f5\u00f5m kasutada. GROHE SilkMove&#8217;i keraamilise s\u00fcdamiku abil saate veevoolu ja -temperatuuri t\u00e4pselt ja lihtsalt reguleerida ning GROHE EcoJoy funktsioon piirab veekasutust 5,7 liitrini minutis \u2013 nii saate nautida m\u00f5nusat vooluhulka ning \u00fchtlasi s\u00e4\u00e4sta vett ja raha. Hiilgav GROHE StarLighti kroompind on kriimustuskindel ja selle puhastamiseks piisab korra kuiva lapiga t\u00f5mbamisest, et see n\u00e4eks v\u00e4lja nagu uus. Segistit on ka lihtne paigaldada, sest GROHE QuickFix Plusi s\u00fcsteem v\u00e4hendab paigaldusaega kuni 50% v\u00f5rra.<br \/>\nGROHE Lineare \u2013 tippklassi disain ja tehnoloogia magusa hinnaga!<\/p>\n<\/p>\n<\/div>\n<\/div>\n<div id=\"col-973096113\" class=\"col medium-3 small-12 large-3\"  >\n<div class=\"col-inner\"  >\n<div id=\"gap-1823592609\" class=\"gap-element clearfix\" style=\"display:block; height:auto;\">\n<style>\n#gap-1823592609 {\n  padding-top: 30px;\n}\n<\/style>\n<\/p>\n<\/div>\n<h3>Tehniline informatsioon<\/h3>\n<p><a href=\"https:\/\/espak.ee\/epood\/wp-content\/uploads\/XS-suuruses-valamusegisti-Lineare-tooteleht.pdf\" target=\"_blank\" rel=\"noopener noreferrer\"><i class=\"far fa-file-pdf\"><\/i> Tehniline info (PDF)<\/a><\/p>\n<div class=\"is-divider divider clearfix\" ><\/div>\n<p><strong>\u00dcksikasjalikuma n\u00f5u saamiseks v\u00f5tke \u00fchendust:<br \/><\/strong>Grohe AG Eesti filiaal<br \/>Tartu mnt 16<br \/>10117<br \/>Tallinn<br \/>+372 6616354<\/p>\n<div class=\"is-divider divider clearfix\" ><\/div>\n<\/p>\n<\/div>\n<\/div>\n<\/div>\n","protected":false},"excerpt":{"rendered":"<p>GROHE Lineare \u00fche hoovaga valamusegisti, millel on vajutamisega avatav h\u00fcpik-\u00e4ravooluklapp. Keskkonnahoidlik kroomitud kraan l\u00fchikese t\u00e4isnurkse tilaga. Lihtne paigaldada ja Saksamaal valmistatud.<\/p>","protected":false},"featured_media":488673,"comment_status":"open","ping_status":"closed","template":"","meta":{"_acf_changed":false},"product_brand":[],"product_cat":[785,498],"product_tag":[],"class_list":{"0":"post-488672","1":"product","2":"type-product","3":"status-publish","4":"has-post-thumbnail","6":"product_cat-santehnika","7":"product_cat-espak","9":"first","10":"instock","11":"sale","12":"shipping-taxable","13":"purchasable","14":"product-type-simple"},"acf":[],"yoast_head":"<!-- This site is optimized with the Yoast SEO Premium plugin v18.7 (Yoast SEO v26.5) - https:\/\/yoast.com\/wordpress\/plugins\/seo\/ -->\n<title>XS-SUURUSES VALAMUSEGISTI GROHE LINEARE - Ehituslahendused<\/title>\n<meta name=\"robots\" content=\"index, follow, max-snippet:-1, max-image-preview:large, max-video-preview:-1\" \/>\n<link rel=\"canonical\" href=\"https:\/\/justbuildit.eu\/en\/pood\/espak\/xs-suuruses-valamusegisti-grohe-lineare\/\" \/>\n<meta property=\"og:locale\" content=\"en_US\" \/>\n<meta property=\"og:type\" content=\"article\" \/>\n<meta property=\"og:title\" content=\"XS-SUURUSES VALAMUSEGISTI GROHE LINEARE\" \/>\n<meta property=\"og:description\" content=\"GROHE Lineare \u00fche hoovaga valamusegisti, millel on vajutamisega avatav h\u00fcpik-\u00e4ravooluklapp. Keskkonnahoidlik kroomitud kraan l\u00fchikese t\u00e4isnurkse tilaga. Lihtne paigaldada ja Saksamaal valmistatud.\" \/>\n<meta property=\"og:url\" content=\"https:\/\/justbuildit.eu\/en\/pood\/espak\/xs-suuruses-valamusegisti-grohe-lineare\/\" \/>\n<meta property=\"og:site_name\" content=\"Ehituslahendused\" \/>\n<meta property=\"article:publisher\" content=\"https:\/\/www.facebook.com\/justbuildit.ee\" \/>\n<meta property=\"article:modified_time\" content=\"2026-04-12T09:03:19+00:00\" \/>\n<meta property=\"og:image\" content=\"https:\/\/justbuildit.eu\/wp-content\/uploads\/2024\/10\/XS-suuruses-valamusegisti-Lineare.jpg\" \/>\n\t<meta property=\"og:image:width\" content=\"1500\" \/>\n\t<meta property=\"og:image:height\" content=\"1500\" \/>\n\t<meta property=\"og:image:type\" content=\"image\/jpeg\" \/>\n<meta name=\"twitter:card\" content=\"summary_large_image\" \/>\n<script type=\"application\/ld+json\" class=\"yoast-schema-graph\">{\"@context\":\"https:\/\/schema.org\",\"@graph\":[{\"@type\":\"WebPage\",\"@id\":\"https:\/\/justbuildit.eu\/en\/pood\/espak\/xs-suuruses-valamusegisti-grohe-lineare\/\",\"url\":\"https:\/\/justbuildit.eu\/en\/pood\/espak\/xs-suuruses-valamusegisti-grohe-lineare\/\",\"name\":\"XS-SUURUSES VALAMUSEGISTI GROHE LINEARE - Ehituslahendused\",\"isPartOf\":{\"@id\":\"https:\/\/justbuildit.eu\/en\/#website\"},\"primaryImageOfPage\":{\"@id\":\"https:\/\/justbuildit.eu\/en\/pood\/espak\/xs-suuruses-valamusegisti-grohe-lineare\/#primaryimage\"},\"image\":{\"@id\":\"https:\/\/justbuildit.eu\/en\/pood\/espak\/xs-suuruses-valamusegisti-grohe-lineare\/#primaryimage\"},\"thumbnailUrl\":\"https:\/\/justbuildit.eu\/wp-content\/uploads\/2024\/10\/XS-suuruses-valamusegisti-Lineare.jpg\",\"datePublished\":\"2024-10-02T12:47:00+00:00\",\"dateModified\":\"2026-04-12T09:03:19+00:00\",\"breadcrumb\":{\"@id\":\"https:\/\/justbuildit.eu\/en\/pood\/espak\/xs-suuruses-valamusegisti-grohe-lineare\/#breadcrumb\"},\"inLanguage\":\"en-US\",\"potentialAction\":[{\"@type\":\"ReadAction\",\"target\":[\"https:\/\/justbuildit.eu\/en\/pood\/espak\/xs-suuruses-valamusegisti-grohe-lineare\/\"]}]},{\"@type\":\"ImageObject\",\"inLanguage\":\"en-US\",\"@id\":\"https:\/\/justbuildit.eu\/en\/pood\/espak\/xs-suuruses-valamusegisti-grohe-lineare\/#primaryimage\",\"url\":\"https:\/\/justbuildit.eu\/wp-content\/uploads\/2024\/10\/XS-suuruses-valamusegisti-Lineare.jpg\",\"contentUrl\":\"https:\/\/justbuildit.eu\/wp-content\/uploads\/2024\/10\/XS-suuruses-valamusegisti-Lineare.jpg\",\"width\":1500,\"height\":1500},{\"@type\":\"BreadcrumbList\",\"@id\":\"https:\/\/justbuildit.eu\/en\/pood\/espak\/xs-suuruses-valamusegisti-grohe-lineare\/#breadcrumb\",\"itemListElement\":[{\"@type\":\"ListItem\",\"position\":1,\"name\":\"Home\",\"item\":\"https:\/\/justbuildit.eu\/en\/\"},{\"@type\":\"ListItem\",\"position\":2,\"name\":\"Shop\",\"item\":\"https:\/\/justbuildit.eu\/en\/building-materials\/\"},{\"@type\":\"ListItem\",\"position\":3,\"name\":\"XS-SUURUSES VALAMUSEGISTI GROHE LINEARE\"}]},{\"@type\":\"WebSite\",\"@id\":\"https:\/\/justbuildit.eu\/en\/#website\",\"url\":\"https:\/\/justbuildit.eu\/en\/\",\"name\":\"Ehituslahendused\",\"description\":\"Ehituslahendused ja materjalid\",\"publisher\":{\"@id\":\"https:\/\/justbuildit.eu\/en\/#organization\"},\"potentialAction\":[{\"@type\":\"SearchAction\",\"target\":{\"@type\":\"EntryPoint\",\"urlTemplate\":\"https:\/\/justbuildit.eu\/en\/?s={search_term_string}\"},\"query-input\":{\"@type\":\"PropertyValueSpecification\",\"valueRequired\":true,\"valueName\":\"search_term_string\"}}],\"inLanguage\":\"en-US\"},{\"@type\":\"Organization\",\"@id\":\"https:\/\/justbuildit.eu\/en\/#organization\",\"name\":\"Just Build It O\u00dc\",\"url\":\"https:\/\/justbuildit.eu\/en\/\",\"logo\":{\"@type\":\"ImageObject\",\"inLanguage\":\"en-US\",\"@id\":\"https:\/\/justbuildit.eu\/en\/#\/schema\/logo\/image\/\",\"url\":\"https:\/\/justbuildit.eu\/wp-content\/uploads\/2022\/01\/justbuildit.png\",\"contentUrl\":\"https:\/\/justbuildit.eu\/wp-content\/uploads\/2022\/01\/justbuildit.png\",\"width\":173,\"height\":77,\"caption\":\"Just Build It O\u00dc\"},\"image\":{\"@id\":\"https:\/\/justbuildit.eu\/en\/#\/schema\/logo\/image\/\"},\"sameAs\":[\"https:\/\/www.facebook.com\/justbuildit.ee\"]}]}<\/script>\n<!-- \/ Yoast SEO Premium plugin. -->","yoast_head_json":{"title":"XS-SUURUSES VALAMUSEGISTI GROHE LINEARE - Ehituslahendused","robots":{"index":"index","follow":"follow","max-snippet":"max-snippet:-1","max-image-preview":"max-image-preview:large","max-video-preview":"max-video-preview:-1"},"canonical":"https:\/\/justbuildit.eu\/en\/pood\/espak\/xs-suuruses-valamusegisti-grohe-lineare\/","og_locale":"en_US","og_type":"article","og_title":"XS-SUURUSES VALAMUSEGISTI GROHE LINEARE","og_description":"GROHE Lineare \u00fche hoovaga valamusegisti, millel on vajutamisega avatav h\u00fcpik-\u00e4ravooluklapp. Keskkonnahoidlik kroomitud kraan l\u00fchikese t\u00e4isnurkse tilaga. Lihtne paigaldada ja Saksamaal valmistatud.","og_url":"https:\/\/justbuildit.eu\/en\/pood\/espak\/xs-suuruses-valamusegisti-grohe-lineare\/","og_site_name":"Ehituslahendused","article_publisher":"https:\/\/www.facebook.com\/justbuildit.ee","article_modified_time":"2026-04-12T09:03:19+00:00","og_image":[{"width":1500,"height":1500,"url":"https:\/\/justbuildit.eu\/wp-content\/uploads\/2024\/10\/XS-suuruses-valamusegisti-Lineare.jpg","type":"image\/jpeg"}],"twitter_card":"summary_large_image","schema":{"@context":"https:\/\/schema.org","@graph":[{"@type":"WebPage","@id":"https:\/\/justbuildit.eu\/en\/pood\/espak\/xs-suuruses-valamusegisti-grohe-lineare\/","url":"https:\/\/justbuildit.eu\/en\/pood\/espak\/xs-suuruses-valamusegisti-grohe-lineare\/","name":"XS-SUURUSES VALAMUSEGISTI GROHE LINEARE - Ehituslahendused","isPartOf":{"@id":"https:\/\/justbuildit.eu\/en\/#website"},"primaryImageOfPage":{"@id":"https:\/\/justbuildit.eu\/en\/pood\/espak\/xs-suuruses-valamusegisti-grohe-lineare\/#primaryimage"},"image":{"@id":"https:\/\/justbuildit.eu\/en\/pood\/espak\/xs-suuruses-valamusegisti-grohe-lineare\/#primaryimage"},"thumbnailUrl":"https:\/\/justbuildit.eu\/wp-content\/uploads\/2024\/10\/XS-suuruses-valamusegisti-Lineare.jpg","datePublished":"2024-10-02T12:47:00+00:00","dateModified":"2026-04-12T09:03:19+00:00","breadcrumb":{"@id":"https:\/\/justbuildit.eu\/en\/pood\/espak\/xs-suuruses-valamusegisti-grohe-lineare\/#breadcrumb"},"inLanguage":"en-US","potentialAction":[{"@type":"ReadAction","target":["https:\/\/justbuildit.eu\/en\/pood\/espak\/xs-suuruses-valamusegisti-grohe-lineare\/"]}]},{"@type":"ImageObject","inLanguage":"en-US","@id":"https:\/\/justbuildit.eu\/en\/pood\/espak\/xs-suuruses-valamusegisti-grohe-lineare\/#primaryimage","url":"https:\/\/justbuildit.eu\/wp-content\/uploads\/2024\/10\/XS-suuruses-valamusegisti-Lineare.jpg","contentUrl":"https:\/\/justbuildit.eu\/wp-content\/uploads\/2024\/10\/XS-suuruses-valamusegisti-Lineare.jpg","width":1500,"height":1500},{"@type":"BreadcrumbList","@id":"https:\/\/justbuildit.eu\/en\/pood\/espak\/xs-suuruses-valamusegisti-grohe-lineare\/#breadcrumb","itemListElement":[{"@type":"ListItem","position":1,"name":"Home","item":"https:\/\/justbuildit.eu\/en\/"},{"@type":"ListItem","position":2,"name":"Shop","item":"https:\/\/justbuildit.eu\/en\/building-materials\/"},{"@type":"ListItem","position":3,"name":"XS-SUURUSES VALAMUSEGISTI GROHE LINEARE"}]},{"@type":"WebSite","@id":"https:\/\/justbuildit.eu\/en\/#website","url":"https:\/\/justbuildit.eu\/en\/","name":"Ehituslahendused","description":"Ehituslahendused ja materjalid","publisher":{"@id":"https:\/\/justbuildit.eu\/en\/#organization"},"potentialAction":[{"@type":"SearchAction","target":{"@type":"EntryPoint","urlTemplate":"https:\/\/justbuildit.eu\/en\/?s={search_term_string}"},"query-input":{"@type":"PropertyValueSpecification","valueRequired":true,"valueName":"search_term_string"}}],"inLanguage":"en-US"},{"@type":"Organization","@id":"https:\/\/justbuildit.eu\/en\/#organization","name":"Just Build It O\u00dc","url":"https:\/\/justbuildit.eu\/en\/","logo":{"@type":"ImageObject","inLanguage":"en-US","@id":"https:\/\/justbuildit.eu\/en\/#\/schema\/logo\/image\/","url":"https:\/\/justbuildit.eu\/wp-content\/uploads\/2022\/01\/justbuildit.png","contentUrl":"https:\/\/justbuildit.eu\/wp-content\/uploads\/2022\/01\/justbuildit.png","width":173,"height":77,"caption":"Just Build It O\u00dc"},"image":{"@id":"https:\/\/justbuildit.eu\/en\/#\/schema\/logo\/image\/"},"sameAs":["https:\/\/www.facebook.com\/justbuildit.ee"]}]}},"_links":{"self":[{"href":"https:\/\/justbuildit.eu\/en\/wp-json\/wp\/v2\/product\/488672","targetHints":{"allow":["GET"]}}],"collection":[{"href":"https:\/\/justbuildit.eu\/en\/wp-json\/wp\/v2\/product"}],"about":[{"href":"https:\/\/justbuildit.eu\/en\/wp-json\/wp\/v2\/types\/product"}],"replies":[{"embeddable":true,"href":"https:\/\/justbuildit.eu\/en\/wp-json\/wp\/v2\/comments?post=488672"}],"wp:featuredmedia":[{"embeddable":true,"href":"https:\/\/justbuildit.eu\/en\/wp-json\/wp\/v2\/media\/488673"}],"wp:attachment":[{"href":"https:\/\/justbuildit.eu\/en\/wp-json\/wp\/v2\/media?parent=488672"}],"wp:term":[{"taxonomy":"product_brand","embeddable":true,"href":"https:\/\/justbuildit.eu\/en\/wp-json\/wp\/v2\/product_brand?post=488672"},{"taxonomy":"product_cat","embeddable":true,"href":"https:\/\/justbuildit.eu\/en\/wp-json\/wp\/v2\/product_cat?post=488672"},{"taxonomy":"product_tag","embeddable":true,"href":"https:\/\/justbuildit.eu\/en\/wp-json\/wp\/v2\/product_tag?post=488672"}],"curies":[{"name":"wp","href":"https:\/\/api.w.org\/{rel}","templated":true}]}}