{"id":489363,"date":"2024-10-05T10:00:18","date_gmt":"2024-10-05T07:00:18","guid":{"rendered":"https:\/\/justbuildit.eu\/?post_type=product&#038;p=489363"},"modified":"2026-04-11T12:03:03","modified_gmt":"2026-04-11T09:03:03","slug":"kleepe-ja-armeerimissegu-weber-therm-310-25kg","status":"publish","type":"product","link":"https:\/\/justbuildit.eu\/en\/pood\/pahtlid-krohvisegud\/krohvid\/kleepe-ja-armeerimissegu-weber-therm-310-25kg\/","title":{"rendered":"KLEEPE- JA ARMEERIMISSEGU WEBER THERM 310 25KG"},"content":{"rendered":"<div class=\"row\"  id=\"row-1798235212\">\n<div id=\"col-1890946888\" class=\"col medium-9 small-12 large-9\"  >\n<div class=\"col-inner\"  >\n<p>webertherm 310 on on tsemendil ja pol\u00fcmeeridel baseeruv ning kiudusid sisaldav armeerimissegu soojustuse (EPS, j\u00e4ik vill, XPS) krohvimiseks ja armeerimiseks koos armeerimisv\u00f5rguga. Kasutatakse WeberTherm ja WeberMin SILS-s\u00fcsteemide ehitamiseks. webertherm 310 on ette n\u00e4htud j\u00e4iga villa liimimiseks WeberMin soojustuss\u00fcsteemi ehitamisel. Toode on suure nakketugevusega ja v\u00e4ga elastne. Sobib ka mineraalsete aluspindade tasandamiseks. Testitud k\u00fclmakindlus: 100 ts\u00fcklit!<\/p>\n<div class=\"message-box relative\" style=\"padding-top:15px;padding-bottom:15px;\">\n<div class=\"message-box-bg-image bg-fill fill\" ><\/div>\n<div class=\"message-box-bg-overlay bg-fill fill\" ><\/div>\n<div class=\"container relative\">\n<div class=\"inner last-reset\">\n<div class=\"row align-middle align-center\"  id=\"row-184919099\">\n<div id=\"col-1752379484\" class=\"col small-12 large-12\"  >\n<div class=\"col-inner text-left\"  >\n<h4>Omadused<\/h4>\n<div class=\"row\"  id=\"row-316355655\">\n<div id=\"col-1393525273\" class=\"col medium-6 small-12 large-6\"  >\n<div class=\"col-inner\"  >\n<p><i class=\"fa fa-paint-roller fa-2x\"><\/i> <strong>Kulunorm<\/strong> 1,5 kg\/m\u00b2\/mm<\/p>\n<\/p>\n<\/div>\n<style>\n#col-1393525273 > .col-inner {\n  margin: 10px 0px 15px 0px;\n}\n<\/style>\n<\/p>\n<\/div>\n<div id=\"col-781009464\" class=\"col medium-6 small-12 large-6\"  >\n<div class=\"col-inner\"  >\n<p><i class=\"fa fa-clock-four fa-2x\"><\/i> <strong>Kuivamisaeg<\/strong> 24 h<\/p>\n<\/p>\n<\/div>\n<style>\n#col-781009464 > .col-inner {\n  margin: 10px 0px 15px 0px;\n}\n<\/style>\n<\/p>\n<\/div>\n<\/div>\n<div class=\"is-divider divider clearfix\" style=\"margin-top:20px;margin-bottom:20px;max-width:100%;height:2px;background-color:rgb(1, 27, 70);\"><\/div>\n<div class=\"row\"  id=\"row-98708551\">\n<div id=\"col-1815941872\" class=\"col medium-6 small-12 large-6\"  >\n<div class=\"col-inner\"  >\n<p><i class=\"fa fa-check fa-2x\"><\/i> <strong>Suur nakketugevus<\/strong><\/p>\n<p><i class=\"fa fa-check fa-2x\"><\/i> <strong>Elastne<\/strong><\/p>\n<\/p>\n<\/div>\n<style>\n#col-1815941872 > .col-inner {\n  margin: 10px 0px 15px 0px;\n}\n<\/style>\n<\/p>\n<\/div>\n<div id=\"col-1224466835\" class=\"col medium-6 small-12 large-6\"  >\n<div class=\"col-inner\"  >\n<p><i class=\"fa fa-check fa-2x\"><\/i> <strong>Pragunemiskindel<\/strong><\/p>\n<p><i class=\"fa fa-check fa-2x\"><\/i> <strong>K\u00fclmakindel<\/strong><\/p>\n<\/p>\n<\/div>\n<style>\n#col-1224466835 > .col-inner {\n  margin: 10px 0px 15px 0px;\n}\n<\/style>\n<\/p>\n<\/div>\n<\/div>\n<\/div>\n<\/div>\n<\/div>\n<\/div>\n<\/div>\n<\/div>\n<div id=\"gap-767850923\" class=\"gap-element clearfix\" style=\"display:block; height:auto;\">\n<style>\n#gap-767850923 {\n  padding-top: 30px;\n}\n<\/style>\n<\/p>\n<\/div>\n<p><strong>Kasutamine:<\/strong> Soojustuss\u00fcsteemide armeerimissegu. Sobib v\u00e4lis- ja sisetingimustesse ning soklisse.<\/p>\n<\/p>\n<\/div>\n<\/div>\n<div id=\"col-1215258511\" class=\"col medium-3 small-12 large-3\"  >\n<div class=\"col-inner\"  >\n<h3>Ohutuskaart<\/h3>\n<p><a href=\"https:\/\/espak.ee\/epood\/wp-content\/uploads\/2020\/05\/SDSXXP01000224_-_2_-_weber_therm_310_-_EE.pdf\"target=\"_blank\" rel=\"noopener noreferrer\"><i class=\"far fa-file-pdf\"><\/i> Ohutuskaart (PDF)<\/a><\/p>\n<h3>Tooteleht<\/h3>\n<p><a href=\"https:\/\/espak.ee\/epood\/wp-content\/uploads\/2020\/05\/weber.therm-310_0.pdf\"target=\"_blank\" rel=\"noopener noreferrer\"><i class=\"far fa-file-pdf\"><\/i> Tooteleht (PDF)<\/a><\/p>\n<h3>DoP<\/h3>\n<p><a href=\"https:\/\/espak.ee\/epood\/wp-content\/uploads\/2020\/05\/weber.therm_310_02.pdf\"target=\"_blank\" rel=\"noopener noreferrer\"><i class=\"far fa-file-pdf\"><\/i> DoP (PDF)<\/a><\/p>\n<h3>T\u00f6\u00f6juhend<\/h3>\n<p><a href=\"https:\/\/espak.ee\/epood\/wp-content\/uploads\/2020\/05\/WeberTherm-AK500-BK500-juhend-veebi.pdf\"target=\"_blank\" rel=\"noopener noreferrer\"><i class=\"far fa-file-pdf\"><\/i> T\u00f6\u00f6juhised (PDF)<\/a><\/p>\n<p><strong>\u00dcksikasjalikuma n\u00f5u saamiseks v\u00f5tke \u00fchendust:<br \/><\/strong>SAINT-GOBAIN EESTI AS, Peterburi tee 75, 11415 Tallinn, Telefon: +372 6209 510<\/p>\n<\/p>\n<\/div>\n<\/div>\n<\/div>\n","protected":false},"excerpt":{"rendered":"<p>webertherm 310 on on tsemendil ja pol\u00fcmeeridel baseeruv ning kiudusid sisaldav armeerimissegu soojustuse (EPS, j\u00e4ik vill, XPS) krohvimiseks ja armeerimiseks koos armeerimisv\u00f5rguga. Kasutatakse WeberTherm ja WeberMin SILS-s\u00fcsteemide ehitamiseks. webertherm 310 on ette n\u00e4htud j\u00e4iga villa liimimiseks WeberMin soojustuss\u00fcsteemi ehitamisel. Toode on suure nakketugevusega ja v\u00e4ga elastne. Sobib ka mineraalsete aluspindade tasandamiseks. Testitud k\u00fclmakindlus: 100 ts\u00fcklit!<\/p>","protected":false},"featured_media":648219,"comment_status":"open","ping_status":"closed","template":"","meta":{"_acf_changed":false},"product_brand":[],"product_cat":[92,498],"product_tag":[],"class_list":{"0":"post-489363","1":"product","2":"type-product","3":"status-publish","4":"has-post-thumbnail","6":"product_cat-krohvid","7":"product_cat-espak","9":"first","10":"instock","11":"sale","12":"shipping-taxable","13":"purchasable","14":"product-type-simple"},"acf":[],"yoast_head":"<!-- This site is optimized with the Yoast SEO Premium plugin v18.7 (Yoast SEO v26.5) - https:\/\/yoast.com\/wordpress\/plugins\/seo\/ -->\n<title>KLEEPE- JA ARMEERIMISSEGU WEBER THERM 310 25KG - Ehituslahendused<\/title>\n<meta name=\"robots\" content=\"index, follow, max-snippet:-1, max-image-preview:large, max-video-preview:-1\" \/>\n<link rel=\"canonical\" href=\"https:\/\/justbuildit.eu\/en\/pood\/pahtlid-krohvisegud\/krohvid\/kleepe-ja-armeerimissegu-weber-therm-310-25kg\/\" \/>\n<meta property=\"og:locale\" content=\"en_US\" \/>\n<meta property=\"og:type\" content=\"article\" \/>\n<meta property=\"og:title\" content=\"KLEEPE- JA ARMEERIMISSEGU WEBER THERM 310 25KG\" \/>\n<meta property=\"og:description\" content=\"webertherm 310 on on tsemendil ja pol\u00fcmeeridel baseeruv ning kiudusid sisaldav armeerimissegu soojustuse (EPS, j\u00e4ik vill, XPS) krohvimiseks ja armeerimiseks koos armeerimisv\u00f5rguga. Kasutatakse WeberTherm ja WeberMin SILS-s\u00fcsteemide ehitamiseks. webertherm 310 on ette n\u00e4htud j\u00e4iga villa liimimiseks WeberMin soojustuss\u00fcsteemi ehitamisel. Toode on suure nakketugevusega ja v\u00e4ga elastne. Sobib ka mineraalsete aluspindade tasandamiseks. Testitud k\u00fclmakindlus: 100 ts\u00fcklit!\" \/>\n<meta property=\"og:url\" content=\"https:\/\/justbuildit.eu\/en\/pood\/pahtlid-krohvisegud\/krohvid\/kleepe-ja-armeerimissegu-weber-therm-310-25kg\/\" \/>\n<meta property=\"og:site_name\" content=\"Ehituslahendused\" \/>\n<meta property=\"article:publisher\" content=\"https:\/\/www.facebook.com\/justbuildit.ee\" \/>\n<meta property=\"article:modified_time\" content=\"2026-04-11T09:03:03+00:00\" \/>\n<meta property=\"og:image\" content=\"https:\/\/justbuildit.eu\/wp-content\/uploads\/2024\/10\/1000224-scaled-1.jpg\" \/>\n\t<meta property=\"og:image:width\" content=\"2048\" \/>\n\t<meta property=\"og:image:height\" content=\"2048\" \/>\n\t<meta property=\"og:image:type\" content=\"image\/jpeg\" \/>\n<meta name=\"twitter:card\" content=\"summary_large_image\" \/>\n<script type=\"application\/ld+json\" class=\"yoast-schema-graph\">{\"@context\":\"https:\/\/schema.org\",\"@graph\":[{\"@type\":\"WebPage\",\"@id\":\"https:\/\/justbuildit.eu\/en\/pood\/pahtlid-krohvisegud\/krohvid\/kleepe-ja-armeerimissegu-weber-therm-310-25kg\/\",\"url\":\"https:\/\/justbuildit.eu\/en\/pood\/pahtlid-krohvisegud\/krohvid\/kleepe-ja-armeerimissegu-weber-therm-310-25kg\/\",\"name\":\"KLEEPE- JA ARMEERIMISSEGU WEBER THERM 310 25KG - Ehituslahendused\",\"isPartOf\":{\"@id\":\"https:\/\/justbuildit.eu\/en\/#website\"},\"primaryImageOfPage\":{\"@id\":\"https:\/\/justbuildit.eu\/en\/pood\/pahtlid-krohvisegud\/krohvid\/kleepe-ja-armeerimissegu-weber-therm-310-25kg\/#primaryimage\"},\"image\":{\"@id\":\"https:\/\/justbuildit.eu\/en\/pood\/pahtlid-krohvisegud\/krohvid\/kleepe-ja-armeerimissegu-weber-therm-310-25kg\/#primaryimage\"},\"thumbnailUrl\":\"https:\/\/justbuildit.eu\/wp-content\/uploads\/2024\/10\/1000224-scaled-2.jpg\",\"datePublished\":\"2024-10-05T07:00:18+00:00\",\"dateModified\":\"2026-04-11T09:03:03+00:00\",\"breadcrumb\":{\"@id\":\"https:\/\/justbuildit.eu\/en\/pood\/pahtlid-krohvisegud\/krohvid\/kleepe-ja-armeerimissegu-weber-therm-310-25kg\/#breadcrumb\"},\"inLanguage\":\"en-US\",\"potentialAction\":[{\"@type\":\"ReadAction\",\"target\":[\"https:\/\/justbuildit.eu\/en\/pood\/pahtlid-krohvisegud\/krohvid\/kleepe-ja-armeerimissegu-weber-therm-310-25kg\/\"]}]},{\"@type\":\"ImageObject\",\"inLanguage\":\"en-US\",\"@id\":\"https:\/\/justbuildit.eu\/en\/pood\/pahtlid-krohvisegud\/krohvid\/kleepe-ja-armeerimissegu-weber-therm-310-25kg\/#primaryimage\",\"url\":\"https:\/\/justbuildit.eu\/wp-content\/uploads\/2024\/10\/1000224-scaled-2.jpg\",\"contentUrl\":\"https:\/\/justbuildit.eu\/wp-content\/uploads\/2024\/10\/1000224-scaled-2.jpg\",\"width\":2048,\"height\":2048},{\"@type\":\"BreadcrumbList\",\"@id\":\"https:\/\/justbuildit.eu\/en\/pood\/pahtlid-krohvisegud\/krohvid\/kleepe-ja-armeerimissegu-weber-therm-310-25kg\/#breadcrumb\",\"itemListElement\":[{\"@type\":\"ListItem\",\"position\":1,\"name\":\"Home\",\"item\":\"https:\/\/justbuildit.eu\/en\/\"},{\"@type\":\"ListItem\",\"position\":2,\"name\":\"Shop\",\"item\":\"https:\/\/justbuildit.eu\/en\/building-materials\/\"},{\"@type\":\"ListItem\",\"position\":3,\"name\":\"KLEEPE- JA ARMEERIMISSEGU WEBER THERM 310 25KG\"}]},{\"@type\":\"WebSite\",\"@id\":\"https:\/\/justbuildit.eu\/en\/#website\",\"url\":\"https:\/\/justbuildit.eu\/en\/\",\"name\":\"Ehituslahendused\",\"description\":\"Ehituslahendused ja materjalid\",\"publisher\":{\"@id\":\"https:\/\/justbuildit.eu\/en\/#organization\"},\"potentialAction\":[{\"@type\":\"SearchAction\",\"target\":{\"@type\":\"EntryPoint\",\"urlTemplate\":\"https:\/\/justbuildit.eu\/en\/?s={search_term_string}\"},\"query-input\":{\"@type\":\"PropertyValueSpecification\",\"valueRequired\":true,\"valueName\":\"search_term_string\"}}],\"inLanguage\":\"en-US\"},{\"@type\":\"Organization\",\"@id\":\"https:\/\/justbuildit.eu\/en\/#organization\",\"name\":\"Just Build It O\u00dc\",\"url\":\"https:\/\/justbuildit.eu\/en\/\",\"logo\":{\"@type\":\"ImageObject\",\"inLanguage\":\"en-US\",\"@id\":\"https:\/\/justbuildit.eu\/en\/#\/schema\/logo\/image\/\",\"url\":\"https:\/\/justbuildit.eu\/wp-content\/uploads\/2022\/01\/justbuildit.png\",\"contentUrl\":\"https:\/\/justbuildit.eu\/wp-content\/uploads\/2022\/01\/justbuildit.png\",\"width\":173,\"height\":77,\"caption\":\"Just Build It O\u00dc\"},\"image\":{\"@id\":\"https:\/\/justbuildit.eu\/en\/#\/schema\/logo\/image\/\"},\"sameAs\":[\"https:\/\/www.facebook.com\/justbuildit.ee\"]}]}<\/script>\n<!-- \/ Yoast SEO Premium plugin. -->","yoast_head_json":{"title":"KLEEPE- JA ARMEERIMISSEGU WEBER THERM 310 25KG - Ehituslahendused","robots":{"index":"index","follow":"follow","max-snippet":"max-snippet:-1","max-image-preview":"max-image-preview:large","max-video-preview":"max-video-preview:-1"},"canonical":"https:\/\/justbuildit.eu\/en\/pood\/pahtlid-krohvisegud\/krohvid\/kleepe-ja-armeerimissegu-weber-therm-310-25kg\/","og_locale":"en_US","og_type":"article","og_title":"KLEEPE- JA ARMEERIMISSEGU WEBER THERM 310 25KG","og_description":"webertherm 310 on on tsemendil ja pol\u00fcmeeridel baseeruv ning kiudusid sisaldav armeerimissegu soojustuse (EPS, j\u00e4ik vill, XPS) krohvimiseks ja armeerimiseks koos armeerimisv\u00f5rguga. Kasutatakse WeberTherm ja WeberMin SILS-s\u00fcsteemide ehitamiseks. webertherm 310 on ette n\u00e4htud j\u00e4iga villa liimimiseks WeberMin soojustuss\u00fcsteemi ehitamisel. Toode on suure nakketugevusega ja v\u00e4ga elastne. Sobib ka mineraalsete aluspindade tasandamiseks. Testitud k\u00fclmakindlus: 100 ts\u00fcklit!","og_url":"https:\/\/justbuildit.eu\/en\/pood\/pahtlid-krohvisegud\/krohvid\/kleepe-ja-armeerimissegu-weber-therm-310-25kg\/","og_site_name":"Ehituslahendused","article_publisher":"https:\/\/www.facebook.com\/justbuildit.ee","article_modified_time":"2026-04-11T09:03:03+00:00","og_image":[{"width":2048,"height":2048,"url":"https:\/\/justbuildit.eu\/wp-content\/uploads\/2024\/10\/1000224-scaled-1.jpg","type":"image\/jpeg"}],"twitter_card":"summary_large_image","schema":{"@context":"https:\/\/schema.org","@graph":[{"@type":"WebPage","@id":"https:\/\/justbuildit.eu\/en\/pood\/pahtlid-krohvisegud\/krohvid\/kleepe-ja-armeerimissegu-weber-therm-310-25kg\/","url":"https:\/\/justbuildit.eu\/en\/pood\/pahtlid-krohvisegud\/krohvid\/kleepe-ja-armeerimissegu-weber-therm-310-25kg\/","name":"KLEEPE- JA ARMEERIMISSEGU WEBER THERM 310 25KG - Ehituslahendused","isPartOf":{"@id":"https:\/\/justbuildit.eu\/en\/#website"},"primaryImageOfPage":{"@id":"https:\/\/justbuildit.eu\/en\/pood\/pahtlid-krohvisegud\/krohvid\/kleepe-ja-armeerimissegu-weber-therm-310-25kg\/#primaryimage"},"image":{"@id":"https:\/\/justbuildit.eu\/en\/pood\/pahtlid-krohvisegud\/krohvid\/kleepe-ja-armeerimissegu-weber-therm-310-25kg\/#primaryimage"},"thumbnailUrl":"https:\/\/justbuildit.eu\/wp-content\/uploads\/2024\/10\/1000224-scaled-2.jpg","datePublished":"2024-10-05T07:00:18+00:00","dateModified":"2026-04-11T09:03:03+00:00","breadcrumb":{"@id":"https:\/\/justbuildit.eu\/en\/pood\/pahtlid-krohvisegud\/krohvid\/kleepe-ja-armeerimissegu-weber-therm-310-25kg\/#breadcrumb"},"inLanguage":"en-US","potentialAction":[{"@type":"ReadAction","target":["https:\/\/justbuildit.eu\/en\/pood\/pahtlid-krohvisegud\/krohvid\/kleepe-ja-armeerimissegu-weber-therm-310-25kg\/"]}]},{"@type":"ImageObject","inLanguage":"en-US","@id":"https:\/\/justbuildit.eu\/en\/pood\/pahtlid-krohvisegud\/krohvid\/kleepe-ja-armeerimissegu-weber-therm-310-25kg\/#primaryimage","url":"https:\/\/justbuildit.eu\/wp-content\/uploads\/2024\/10\/1000224-scaled-2.jpg","contentUrl":"https:\/\/justbuildit.eu\/wp-content\/uploads\/2024\/10\/1000224-scaled-2.jpg","width":2048,"height":2048},{"@type":"BreadcrumbList","@id":"https:\/\/justbuildit.eu\/en\/pood\/pahtlid-krohvisegud\/krohvid\/kleepe-ja-armeerimissegu-weber-therm-310-25kg\/#breadcrumb","itemListElement":[{"@type":"ListItem","position":1,"name":"Home","item":"https:\/\/justbuildit.eu\/en\/"},{"@type":"ListItem","position":2,"name":"Shop","item":"https:\/\/justbuildit.eu\/en\/building-materials\/"},{"@type":"ListItem","position":3,"name":"KLEEPE- JA ARMEERIMISSEGU WEBER THERM 310 25KG"}]},{"@type":"WebSite","@id":"https:\/\/justbuildit.eu\/en\/#website","url":"https:\/\/justbuildit.eu\/en\/","name":"Ehituslahendused","description":"Ehituslahendused ja materjalid","publisher":{"@id":"https:\/\/justbuildit.eu\/en\/#organization"},"potentialAction":[{"@type":"SearchAction","target":{"@type":"EntryPoint","urlTemplate":"https:\/\/justbuildit.eu\/en\/?s={search_term_string}"},"query-input":{"@type":"PropertyValueSpecification","valueRequired":true,"valueName":"search_term_string"}}],"inLanguage":"en-US"},{"@type":"Organization","@id":"https:\/\/justbuildit.eu\/en\/#organization","name":"Just Build It O\u00dc","url":"https:\/\/justbuildit.eu\/en\/","logo":{"@type":"ImageObject","inLanguage":"en-US","@id":"https:\/\/justbuildit.eu\/en\/#\/schema\/logo\/image\/","url":"https:\/\/justbuildit.eu\/wp-content\/uploads\/2022\/01\/justbuildit.png","contentUrl":"https:\/\/justbuildit.eu\/wp-content\/uploads\/2022\/01\/justbuildit.png","width":173,"height":77,"caption":"Just Build It O\u00dc"},"image":{"@id":"https:\/\/justbuildit.eu\/en\/#\/schema\/logo\/image\/"},"sameAs":["https:\/\/www.facebook.com\/justbuildit.ee"]}]}},"_links":{"self":[{"href":"https:\/\/justbuildit.eu\/en\/wp-json\/wp\/v2\/product\/489363","targetHints":{"allow":["GET"]}}],"collection":[{"href":"https:\/\/justbuildit.eu\/en\/wp-json\/wp\/v2\/product"}],"about":[{"href":"https:\/\/justbuildit.eu\/en\/wp-json\/wp\/v2\/types\/product"}],"replies":[{"embeddable":true,"href":"https:\/\/justbuildit.eu\/en\/wp-json\/wp\/v2\/comments?post=489363"}],"wp:featuredmedia":[{"embeddable":true,"href":"https:\/\/justbuildit.eu\/en\/wp-json\/wp\/v2\/media\/648219"}],"wp:attachment":[{"href":"https:\/\/justbuildit.eu\/en\/wp-json\/wp\/v2\/media?parent=489363"}],"wp:term":[{"taxonomy":"product_brand","embeddable":true,"href":"https:\/\/justbuildit.eu\/en\/wp-json\/wp\/v2\/product_brand?post=489363"},{"taxonomy":"product_cat","embeddable":true,"href":"https:\/\/justbuildit.eu\/en\/wp-json\/wp\/v2\/product_cat?post=489363"},{"taxonomy":"product_tag","embeddable":true,"href":"https:\/\/justbuildit.eu\/en\/wp-json\/wp\/v2\/product_tag?post=489363"}],"curies":[{"name":"wp","href":"https:\/\/api.w.org\/{rel}","templated":true}]}}