{"id":489366,"date":"2024-10-05T10:04:34","date_gmt":"2024-10-05T07:04:34","guid":{"rendered":"https:\/\/justbuildit.eu\/?post_type=product&#038;p=489366"},"modified":"2026-04-11T12:03:03","modified_gmt":"2026-04-11T09:03:03","slug":"armeerimis-ja-liimsegu-ceresit-ct-85-eps-25kg","status":"publish","type":"product","link":"https:\/\/justbuildit.eu\/en\/pood\/pahtlid-krohvisegud\/krohvid\/armeerimis-ja-liimsegu-ceresit-ct-85-eps-25kg\/","title":{"rendered":"ARMEERIMIS- JA LIIMSEGU CERESIT CT-85 EPS 25KG"},"content":{"rendered":"<div class=\"row\"  id=\"row-996738059\">\n<div id=\"col-1784452598\" class=\"col medium-9 small-12 large-9\"  >\n<div class=\"col-inner\"  >\n<h2>CT 85 Armeerimis- ja liimsegu EPS-plaatidele<\/h2>\n<p>Vahtpol\u00fcst\u00fcreenplaatide (EPS), samuti \u00f5hukese armeerimiskihi kinnitamiseks hoonete soojusisolatsiooniks kergm\u00e4rjal meetodil.<\/p>\n<div class=\"message-box relative\" style=\"padding-top:15px;padding-bottom:15px;\">\n<div class=\"message-box-bg-image bg-fill fill\" ><\/div>\n<div class=\"message-box-bg-overlay bg-fill fill\" ><\/div>\n<div class=\"container relative\">\n<div class=\"inner last-reset\">\n<div class=\"row align-middle align-center\"  id=\"row-980823709\">\n<div id=\"col-68555623\" class=\"col small-12 large-12\"  >\n<div class=\"col-inner text-left\"  >\n<h4>Omadused<\/h4>\n<div class=\"row\"  id=\"row-394144242\">\n<div id=\"col-1592232216\" class=\"col medium-6 small-12 large-6\"  >\n<div class=\"col-inner\"  >\n<p><i class=\"fa fa-check fa-2x\"><\/i> <strong>Elastne<\/strong><\/p>\n<p><i class=\"fa fa-check fa-2x\"><\/i> <strong>Ilmastikukindel<\/strong><\/p>\n<\/p>\n<\/div>\n<style>\n#col-1592232216 > .col-inner {\n  margin: 0px 0px 15px 0px;\n}\n<\/style>\n<\/p>\n<\/div>\n<div id=\"col-1116744152\" class=\"col medium-6 small-12 large-6\"  >\n<div class=\"col-inner\"  >\n<p><i class=\"fa fa-check fa-2x\"><\/i> <strong>V\u00e4ga l\u00f6\u00f6gikindel<\/strong><\/p>\n<p><i class=\"fa fa-check fa-2x\"><\/i> <strong>Vastupidav pragunemisele ja l\u00f5henemisele<\/strong><\/p>\n<\/p>\n<\/div>\n<style>\n#col-1116744152 > .col-inner {\n  margin: 0px 0px 15px 0px;\n}\n<\/style>\n<\/p>\n<\/div>\n<\/div>\n<\/div>\n<\/div>\n<\/div>\n<\/div>\n<\/div>\n<\/div>\n<div id=\"gap-84637337\" class=\"gap-element clearfix\" style=\"display:block; height:auto;\">\n<style>\n#gap-84637337 {\n  padding-top: 30px;\n}\n<\/style>\n<\/p>\n<\/div>\n<h3>Kasutamise \u00fcksikasjad<\/h3>\n<p><strong>Kasutusala:<\/strong> CT 85 on m\u00f5eldud hoonete v\u00e4lisseinte EPS-plaatidega soojustamiseks kergm\u00e4rjal meetodil. Toode on Ceresit Ceretherm ETICS-s\u00fcsteemi (v\u00e4lise soojusisolatsiooni liits\u00fcsteemi) element. Kasutatakse EPS-plaatide kinnitamiseks ja armeerimiskihi tegemiseks uute ja renoveeritavate hoonete soojustamisel. CT 85 koostisse lisatud spetsiaalsed kiud suurendavad isolatsioonis\u00fcsteemi vastupidavust kahjustuste ning pragude ja l\u00f5hede tekkimise suhtes.<\/p>\n<p><strong>Aluspinna ettevalmistus:<\/strong> 1. Vahtpol\u00fcst\u00fcreenist plaatide kinnitamine Segu CT 85 nakkub v\u00e4ga h\u00e4sti kandvate, j\u00e4ikade, kuivade ning puhaste segu nakkumist takistavatest ainetest (n\u00e4iteks m\u00e4\u00e4rde\u00f5lidest, bituumenist, tolmust) puhastatud m\u00fc\u00fcride, krohvipindade, mosaiikpindade ning betooniga. Eelnevalt tuleb kontrollida segu nakkuvust olemasolevate krohvi- v\u00f5i v\u00e4rvikihtidega. Pudenev krohv tuleb aluspinnalt eemaldada. Rohkem kui 20 mm s\u00fcgavused kriimustused ja defektid tuleb t\u00e4ita pahtliga CT 29 v\u00f5i tsementkrohviga. M\u00e4\u00e4rdunud kohad, materjali imendumist takistavate ainete j\u00e4\u00e4gid, mittehingavad v\u00e4rvikihid ning muud n\u00f5rgalt aluspinnaga nakkunud kihid tuleb t\u00e4ielikult eemaldada, kasutades selleks n\u00e4iteks survepesuseadmeid. Kohad, kus kasvavad sammal v\u00f5i vetikad, tuleb alguses puhastada terasharjaga ning seej\u00e4rel immutada Ceresit CT 99 vesilahusega. Vanad krohvimata m\u00fc\u00fcrid ning tugevad krohvi- ja v\u00e4rvikihid tuleb hoolikalt tolmust puhastada, pesta tugeva surve all veega \u00fcle ning oodata, kuni need on t\u00e4ielikult kuivanud. Suurema niiskusesisaldusega, n\u00e4iteks gaasbetoon- v\u00f5i silikaatplokkidest aluspinnad tuleb \u00fcle kruntida Ceresit CT 17-ga ning lasta neil seej\u00e4rel v\u00e4hemalt 2 tundi kuivada. CT 85 nakkuvust ettevalmistatud aluspindadega kontrollitakse 10 x 10 cm suuruste vahtplasti t\u00fckkide kleepimisega aluspinna erinevatesse kohtadesse. 4 &#8211; 7 p\u00e4eva m\u00f6\u00f6dudes proovitakse neid k\u00e4sitsi eemaldada. Nakkuvus on piisav siis, kui vahtpol\u00fcst\u00fcreen puruneb. Kui vahtpol\u00fcst\u00fcreen eraldub aga koos aluspinna v\u00f5i segukihi t\u00fckkidega, tuleb plaatide kinnitamiseks kasutada t\u00e4iendavalt mehhaanilisi kinnitusvahendeid.<br \/>\n2. Armatuurkihi moodustamine vahtpol\u00fcst\u00fcreenile. P\u00e4rast seda, kui plaadid on liimisegu CT 85 abil aluspinnaga tihedalt nakkunud (umbes 3 p\u00e4eva p\u00e4rast) v\u00f5ib need \u00fcle liivapaberiga lihvida ning kinnitada t\u00e4iendavalt mehhaaniliste kinnititega. Kui 2 n\u00e4dala jooksul pole vahtpol\u00fcst\u00fcreenist plaate armatuurikihiga kaetud, siis tuleks kontrollida kihi kvaliteeti. Kollaseks t\u00f5mbunud v\u00f5i tolmava pealispinnaga plaadid tuleb tingimata j\u00e4meda liivapaberiga \u00fcle lihvida.<\/p>\n<p><strong>T\u00f6\u00f6de k\u00e4ik:<\/strong> CT 85 puistata t\u00e4pselt v\u00e4lja m\u00f5\u00f5detud puhtasse k\u00fclma vette ning segada mikseri abil l\u00e4bi, kuni on saadud \u00fchtlane ilma t\u00fckkideta mass.<br \/>\n1. Vahtpol\u00fcst\u00fcreenist plaatide kinnitamine. Valmis tehtud segu kanda kellu abil 3 &#8211; 4 cm laiuselt plaadi servadele ning plaadi montaa\u017eipinnale umbes 8 cm laikudena. Seej\u00e4rel tuleb plaat otsekohe vastu seina suruda ning fikseerida paari h\u00f5\u00f5rutil\u00f6\u00f6giga kohale. \u00d5igesti kohale asetatud segu peab p\u00e4rast plaadi vastu seinapinda surumist katma umbes 40% plaadi montaa\u017eipinnast. Kui plaatidega kaetakse tasaseid ja siledaid aluspindu, v\u00f5ib segu plaatide tagapinnale kanda ka liimikammi abil (hammastikuga 10 &#8211; 12 mm). Vahtpol\u00fcst\u00fcreen- plaadid paigaldada tihedalt \u00fcksteise k\u00f5rvale, v\u00e4ltides vertikaalvuukide kohakuti sattumist.<br \/>\n2. Armatuurkihi moodustamine vahtpol\u00fcst\u00fcreenile- Valmis tehtud segu tuleb m\u00f6\u00f6da vahtpol\u00fcst\u00fcreenist plaatidepinda laiali ajada 2 &#8211; 3 mm paksuse kihina, kasutades selleks siledat terash\u00f5\u00f5rutit. V\u00e4rskelt peale kantud segukihile asetada klaaskiudv\u00f5rk (tagades 10 cm v\u00f5rgupaanide \u00fclekatte). Seej\u00e4rel kanda v\u00f5rgule teine, umbes 1 mm paksune segukiht ning tasandada n\u00fc\u00fcd pealispind nii, et v\u00f5rku poleks enam n\u00e4ha. V\u00f5ib peale kanda masinaga. Soovituslik masina t\u00fc\u00fcp: nt Wagner PC 15, d\u00fc\u00fcsi l\u00e4bim\u00f5\u00f5t 6 mm. V\u00e4rsked seguplekid pesta maha veega, kivinenud krohvij\u00e4\u00e4ke saab eemaldada ainult mehaaniliselt.<\/p>\n<p><strong>T\u00e4helepanu:<\/strong> Sarrusekihi pealekandmisel ei ole soovitatav t\u00f6\u00f6tada otsese p\u00e4ikesekiirguse k\u00e4es, valmis sarrusekihti tuleb kaitsta vihma eest. Tellingutel on soovitatav kasutada katteid. T\u00f6id tuleb teha kuivades tingimustes, kui \u00f5hu ja t\u00f6\u00f6deldavate pindade temperatuur on +5\u00b0 kuni + 25\u00b0C. K\u00f5ik siinkohal \u00e4ra toodud andmed kehtivad temperatuuril +23\u00b0C, kui suhteline \u00f5huniiskus on 60%. Teistsugustes tingimustes v\u00f5ivad materjali omadused m\u00f5nev\u00f5rra muutuda. L\u00f6\u00f6gikindlus vastab Euroopa tehnilises tunnustuses (ETA) s\u00fcsteemile Ceresit Ceretherm s\u00e4testatud n\u00f5uetele. See s\u00f5ltub sarrusekihi tegemise kvaliteedist. CT 85 sisaldab tsementi ja selle segamisel veega tekib aluseline reaktsioon. Seet\u00f5ttu tuleb t\u00f6\u00f6tades nahka ja silmi kaitsta. Kui segu on silma sattunud, tuleb silmi loputada kohe rohke veega ja p\u00f6\u00f6rduda arsti poole. Kroom VI sisaldus alla 2 ppm toote s\u00e4ilivusaja jooksul.<\/p>\n<\/p>\n<\/div>\n<\/div>\n<div id=\"col-1536433684\" class=\"col medium-3 small-12 large-3\"  >\n<div class=\"col-inner\"  >\n<div id=\"gap-359360095\" class=\"gap-element clearfix\" style=\"display:block; height:auto;\">\n<style>\n#gap-359360095 {\n  padding-top: 30px;\n}\n<\/style>\n<\/p>\n<\/div>\n<h3>Tehniline informatsioon<\/h3>\n<p><a href=\"https:\/\/espak.ee\/epood\/wp-content\/uploads\/CT85-tooteleht.pdf\" target=\"_blank\" rel=\"noopener noreferrer\"><i class=\"far fa-file-pdf\"><\/i> Tehniline info (PDF)<\/a><\/p>\n<h3>Ohutusalane teave<\/h3>\n<p><a href=\"https:\/\/espak.ee\/epood\/wp-content\/uploads\/CT85-ohutuskaart.pdf\" target=\"_blank\" rel=\"noopener noreferrer\"><i class=\"far fa-file-pdf\"><\/i> Ohutusalane teave (PDF)<\/a><\/p>\n<div class=\"is-divider divider clearfix\" ><\/div>\n<p><strong>\u00dcksikasjalikuma n\u00f5u saamiseks v\u00f5tke \u00fchendust:<br \/><\/strong>Henkel Balti<br \/>S\u00f5bra 56 B<br \/>51013<br \/>Tartu<br \/>+ 372 7305800<\/p>\n<div class=\"is-divider divider clearfix\" ><\/div>\n<\/p>\n<\/div>\n<\/div>\n<\/div>\n","protected":false},"excerpt":{"rendered":"<p>Vahtpol\u00fcst\u00fcreenplaatide (EPS), samuti \u00f5hukese armeerimiskihi kinnitamiseks hoonete soojusisolatsiooniks kergm\u00e4rjal meetodil.<\/p>","protected":false},"featured_media":489367,"comment_status":"open","ping_status":"closed","template":"","meta":{"_acf_changed":false},"product_brand":[],"product_cat":[92,498],"product_tag":[],"class_list":{"0":"post-489366","1":"product","2":"type-product","3":"status-publish","4":"has-post-thumbnail","6":"product_cat-krohvid","7":"product_cat-espak","9":"first","10":"instock","11":"sale","12":"shipping-taxable","13":"purchasable","14":"product-type-simple"},"acf":[],"yoast_head":"<!-- This site is optimized with the Yoast SEO Premium plugin v18.7 (Yoast SEO v26.5) - https:\/\/yoast.com\/wordpress\/plugins\/seo\/ -->\n<title>ARMEERIMIS- JA LIIMSEGU CERESIT CT-85 EPS 25KG - Ehituslahendused<\/title>\n<meta name=\"robots\" content=\"index, follow, max-snippet:-1, max-image-preview:large, max-video-preview:-1\" \/>\n<link rel=\"canonical\" href=\"https:\/\/justbuildit.eu\/en\/pood\/pahtlid-krohvisegud\/krohvid\/armeerimis-ja-liimsegu-ceresit-ct-85-eps-25kg\/\" \/>\n<meta property=\"og:locale\" content=\"en_US\" \/>\n<meta property=\"og:type\" content=\"article\" \/>\n<meta property=\"og:title\" content=\"ARMEERIMIS- JA LIIMSEGU CERESIT CT-85 EPS 25KG\" \/>\n<meta property=\"og:description\" content=\"Vahtpol\u00fcst\u00fcreenplaatide (EPS), samuti \u00f5hukese armeerimiskihi kinnitamiseks hoonete soojusisolatsiooniks kergm\u00e4rjal meetodil.\" \/>\n<meta property=\"og:url\" content=\"https:\/\/justbuildit.eu\/en\/pood\/pahtlid-krohvisegud\/krohvid\/armeerimis-ja-liimsegu-ceresit-ct-85-eps-25kg\/\" \/>\n<meta property=\"og:site_name\" content=\"Ehituslahendused\" \/>\n<meta property=\"article:publisher\" content=\"https:\/\/www.facebook.com\/justbuildit.ee\" \/>\n<meta property=\"article:modified_time\" content=\"2026-04-11T09:03:03+00:00\" \/>\n<meta property=\"og:image\" content=\"https:\/\/justbuildit.eu\/wp-content\/uploads\/2024\/10\/Ceresit-CT85.jpg\" \/>\n\t<meta property=\"og:image:width\" content=\"1417\" \/>\n\t<meta property=\"og:image:height\" content=\"1417\" \/>\n\t<meta property=\"og:image:type\" content=\"image\/jpeg\" \/>\n<meta name=\"twitter:card\" content=\"summary_large_image\" \/>\n<script type=\"application\/ld+json\" class=\"yoast-schema-graph\">{\"@context\":\"https:\/\/schema.org\",\"@graph\":[{\"@type\":\"WebPage\",\"@id\":\"https:\/\/justbuildit.eu\/en\/pood\/pahtlid-krohvisegud\/krohvid\/armeerimis-ja-liimsegu-ceresit-ct-85-eps-25kg\/\",\"url\":\"https:\/\/justbuildit.eu\/en\/pood\/pahtlid-krohvisegud\/krohvid\/armeerimis-ja-liimsegu-ceresit-ct-85-eps-25kg\/\",\"name\":\"ARMEERIMIS- JA LIIMSEGU CERESIT CT-85 EPS 25KG - Ehituslahendused\",\"isPartOf\":{\"@id\":\"https:\/\/justbuildit.eu\/en\/#website\"},\"primaryImageOfPage\":{\"@id\":\"https:\/\/justbuildit.eu\/en\/pood\/pahtlid-krohvisegud\/krohvid\/armeerimis-ja-liimsegu-ceresit-ct-85-eps-25kg\/#primaryimage\"},\"image\":{\"@id\":\"https:\/\/justbuildit.eu\/en\/pood\/pahtlid-krohvisegud\/krohvid\/armeerimis-ja-liimsegu-ceresit-ct-85-eps-25kg\/#primaryimage\"},\"thumbnailUrl\":\"https:\/\/justbuildit.eu\/wp-content\/uploads\/2024\/10\/Ceresit-CT85.jpg\",\"datePublished\":\"2024-10-05T07:04:34+00:00\",\"dateModified\":\"2026-04-11T09:03:03+00:00\",\"breadcrumb\":{\"@id\":\"https:\/\/justbuildit.eu\/en\/pood\/pahtlid-krohvisegud\/krohvid\/armeerimis-ja-liimsegu-ceresit-ct-85-eps-25kg\/#breadcrumb\"},\"inLanguage\":\"en-US\",\"potentialAction\":[{\"@type\":\"ReadAction\",\"target\":[\"https:\/\/justbuildit.eu\/en\/pood\/pahtlid-krohvisegud\/krohvid\/armeerimis-ja-liimsegu-ceresit-ct-85-eps-25kg\/\"]}]},{\"@type\":\"ImageObject\",\"inLanguage\":\"en-US\",\"@id\":\"https:\/\/justbuildit.eu\/en\/pood\/pahtlid-krohvisegud\/krohvid\/armeerimis-ja-liimsegu-ceresit-ct-85-eps-25kg\/#primaryimage\",\"url\":\"https:\/\/justbuildit.eu\/wp-content\/uploads\/2024\/10\/Ceresit-CT85.jpg\",\"contentUrl\":\"https:\/\/justbuildit.eu\/wp-content\/uploads\/2024\/10\/Ceresit-CT85.jpg\",\"width\":1417,\"height\":1417},{\"@type\":\"BreadcrumbList\",\"@id\":\"https:\/\/justbuildit.eu\/en\/pood\/pahtlid-krohvisegud\/krohvid\/armeerimis-ja-liimsegu-ceresit-ct-85-eps-25kg\/#breadcrumb\",\"itemListElement\":[{\"@type\":\"ListItem\",\"position\":1,\"name\":\"Home\",\"item\":\"https:\/\/justbuildit.eu\/en\/\"},{\"@type\":\"ListItem\",\"position\":2,\"name\":\"Shop\",\"item\":\"https:\/\/justbuildit.eu\/en\/building-materials\/\"},{\"@type\":\"ListItem\",\"position\":3,\"name\":\"ARMEERIMIS- JA LIIMSEGU CERESIT CT-85 EPS 25KG\"}]},{\"@type\":\"WebSite\",\"@id\":\"https:\/\/justbuildit.eu\/en\/#website\",\"url\":\"https:\/\/justbuildit.eu\/en\/\",\"name\":\"Ehituslahendused\",\"description\":\"Ehituslahendused ja materjalid\",\"publisher\":{\"@id\":\"https:\/\/justbuildit.eu\/en\/#organization\"},\"potentialAction\":[{\"@type\":\"SearchAction\",\"target\":{\"@type\":\"EntryPoint\",\"urlTemplate\":\"https:\/\/justbuildit.eu\/en\/?s={search_term_string}\"},\"query-input\":{\"@type\":\"PropertyValueSpecification\",\"valueRequired\":true,\"valueName\":\"search_term_string\"}}],\"inLanguage\":\"en-US\"},{\"@type\":\"Organization\",\"@id\":\"https:\/\/justbuildit.eu\/en\/#organization\",\"name\":\"Just Build It O\u00dc\",\"url\":\"https:\/\/justbuildit.eu\/en\/\",\"logo\":{\"@type\":\"ImageObject\",\"inLanguage\":\"en-US\",\"@id\":\"https:\/\/justbuildit.eu\/en\/#\/schema\/logo\/image\/\",\"url\":\"https:\/\/justbuildit.eu\/wp-content\/uploads\/2022\/01\/justbuildit.png\",\"contentUrl\":\"https:\/\/justbuildit.eu\/wp-content\/uploads\/2022\/01\/justbuildit.png\",\"width\":173,\"height\":77,\"caption\":\"Just Build It O\u00dc\"},\"image\":{\"@id\":\"https:\/\/justbuildit.eu\/en\/#\/schema\/logo\/image\/\"},\"sameAs\":[\"https:\/\/www.facebook.com\/justbuildit.ee\"]}]}<\/script>\n<!-- \/ Yoast SEO Premium plugin. -->","yoast_head_json":{"title":"ARMEERIMIS- JA LIIMSEGU CERESIT CT-85 EPS 25KG - Ehituslahendused","robots":{"index":"index","follow":"follow","max-snippet":"max-snippet:-1","max-image-preview":"max-image-preview:large","max-video-preview":"max-video-preview:-1"},"canonical":"https:\/\/justbuildit.eu\/en\/pood\/pahtlid-krohvisegud\/krohvid\/armeerimis-ja-liimsegu-ceresit-ct-85-eps-25kg\/","og_locale":"en_US","og_type":"article","og_title":"ARMEERIMIS- JA LIIMSEGU CERESIT CT-85 EPS 25KG","og_description":"Vahtpol\u00fcst\u00fcreenplaatide (EPS), samuti \u00f5hukese armeerimiskihi kinnitamiseks hoonete soojusisolatsiooniks kergm\u00e4rjal meetodil.","og_url":"https:\/\/justbuildit.eu\/en\/pood\/pahtlid-krohvisegud\/krohvid\/armeerimis-ja-liimsegu-ceresit-ct-85-eps-25kg\/","og_site_name":"Ehituslahendused","article_publisher":"https:\/\/www.facebook.com\/justbuildit.ee","article_modified_time":"2026-04-11T09:03:03+00:00","og_image":[{"width":1417,"height":1417,"url":"https:\/\/justbuildit.eu\/wp-content\/uploads\/2024\/10\/Ceresit-CT85.jpg","type":"image\/jpeg"}],"twitter_card":"summary_large_image","schema":{"@context":"https:\/\/schema.org","@graph":[{"@type":"WebPage","@id":"https:\/\/justbuildit.eu\/en\/pood\/pahtlid-krohvisegud\/krohvid\/armeerimis-ja-liimsegu-ceresit-ct-85-eps-25kg\/","url":"https:\/\/justbuildit.eu\/en\/pood\/pahtlid-krohvisegud\/krohvid\/armeerimis-ja-liimsegu-ceresit-ct-85-eps-25kg\/","name":"ARMEERIMIS- JA LIIMSEGU CERESIT CT-85 EPS 25KG - Ehituslahendused","isPartOf":{"@id":"https:\/\/justbuildit.eu\/en\/#website"},"primaryImageOfPage":{"@id":"https:\/\/justbuildit.eu\/en\/pood\/pahtlid-krohvisegud\/krohvid\/armeerimis-ja-liimsegu-ceresit-ct-85-eps-25kg\/#primaryimage"},"image":{"@id":"https:\/\/justbuildit.eu\/en\/pood\/pahtlid-krohvisegud\/krohvid\/armeerimis-ja-liimsegu-ceresit-ct-85-eps-25kg\/#primaryimage"},"thumbnailUrl":"https:\/\/justbuildit.eu\/wp-content\/uploads\/2024\/10\/Ceresit-CT85.jpg","datePublished":"2024-10-05T07:04:34+00:00","dateModified":"2026-04-11T09:03:03+00:00","breadcrumb":{"@id":"https:\/\/justbuildit.eu\/en\/pood\/pahtlid-krohvisegud\/krohvid\/armeerimis-ja-liimsegu-ceresit-ct-85-eps-25kg\/#breadcrumb"},"inLanguage":"en-US","potentialAction":[{"@type":"ReadAction","target":["https:\/\/justbuildit.eu\/en\/pood\/pahtlid-krohvisegud\/krohvid\/armeerimis-ja-liimsegu-ceresit-ct-85-eps-25kg\/"]}]},{"@type":"ImageObject","inLanguage":"en-US","@id":"https:\/\/justbuildit.eu\/en\/pood\/pahtlid-krohvisegud\/krohvid\/armeerimis-ja-liimsegu-ceresit-ct-85-eps-25kg\/#primaryimage","url":"https:\/\/justbuildit.eu\/wp-content\/uploads\/2024\/10\/Ceresit-CT85.jpg","contentUrl":"https:\/\/justbuildit.eu\/wp-content\/uploads\/2024\/10\/Ceresit-CT85.jpg","width":1417,"height":1417},{"@type":"BreadcrumbList","@id":"https:\/\/justbuildit.eu\/en\/pood\/pahtlid-krohvisegud\/krohvid\/armeerimis-ja-liimsegu-ceresit-ct-85-eps-25kg\/#breadcrumb","itemListElement":[{"@type":"ListItem","position":1,"name":"Home","item":"https:\/\/justbuildit.eu\/en\/"},{"@type":"ListItem","position":2,"name":"Shop","item":"https:\/\/justbuildit.eu\/en\/building-materials\/"},{"@type":"ListItem","position":3,"name":"ARMEERIMIS- JA LIIMSEGU CERESIT CT-85 EPS 25KG"}]},{"@type":"WebSite","@id":"https:\/\/justbuildit.eu\/en\/#website","url":"https:\/\/justbuildit.eu\/en\/","name":"Ehituslahendused","description":"Ehituslahendused ja materjalid","publisher":{"@id":"https:\/\/justbuildit.eu\/en\/#organization"},"potentialAction":[{"@type":"SearchAction","target":{"@type":"EntryPoint","urlTemplate":"https:\/\/justbuildit.eu\/en\/?s={search_term_string}"},"query-input":{"@type":"PropertyValueSpecification","valueRequired":true,"valueName":"search_term_string"}}],"inLanguage":"en-US"},{"@type":"Organization","@id":"https:\/\/justbuildit.eu\/en\/#organization","name":"Just Build It O\u00dc","url":"https:\/\/justbuildit.eu\/en\/","logo":{"@type":"ImageObject","inLanguage":"en-US","@id":"https:\/\/justbuildit.eu\/en\/#\/schema\/logo\/image\/","url":"https:\/\/justbuildit.eu\/wp-content\/uploads\/2022\/01\/justbuildit.png","contentUrl":"https:\/\/justbuildit.eu\/wp-content\/uploads\/2022\/01\/justbuildit.png","width":173,"height":77,"caption":"Just Build It O\u00dc"},"image":{"@id":"https:\/\/justbuildit.eu\/en\/#\/schema\/logo\/image\/"},"sameAs":["https:\/\/www.facebook.com\/justbuildit.ee"]}]}},"_links":{"self":[{"href":"https:\/\/justbuildit.eu\/en\/wp-json\/wp\/v2\/product\/489366","targetHints":{"allow":["GET"]}}],"collection":[{"href":"https:\/\/justbuildit.eu\/en\/wp-json\/wp\/v2\/product"}],"about":[{"href":"https:\/\/justbuildit.eu\/en\/wp-json\/wp\/v2\/types\/product"}],"replies":[{"embeddable":true,"href":"https:\/\/justbuildit.eu\/en\/wp-json\/wp\/v2\/comments?post=489366"}],"wp:featuredmedia":[{"embeddable":true,"href":"https:\/\/justbuildit.eu\/en\/wp-json\/wp\/v2\/media\/489367"}],"wp:attachment":[{"href":"https:\/\/justbuildit.eu\/en\/wp-json\/wp\/v2\/media?parent=489366"}],"wp:term":[{"taxonomy":"product_brand","embeddable":true,"href":"https:\/\/justbuildit.eu\/en\/wp-json\/wp\/v2\/product_brand?post=489366"},{"taxonomy":"product_cat","embeddable":true,"href":"https:\/\/justbuildit.eu\/en\/wp-json\/wp\/v2\/product_cat?post=489366"},{"taxonomy":"product_tag","embeddable":true,"href":"https:\/\/justbuildit.eu\/en\/wp-json\/wp\/v2\/product_tag?post=489366"}],"curies":[{"name":"wp","href":"https:\/\/api.w.org\/{rel}","templated":true}]}}