{"id":489380,"date":"2024-10-05T10:06:37","date_gmt":"2024-10-05T07:06:37","guid":{"rendered":"https:\/\/justbuildit.eu\/?post_type=product&#038;p=489380"},"modified":"2026-04-11T12:03:02","modified_gmt":"2026-04-11T09:03:02","slug":"segu-soojustusmaterjali-liimimiseks-ja-armeerimiseks-mira-5300-netfix-fiberplaster-25kg","status":"publish","type":"product","link":"https:\/\/justbuildit.eu\/en\/pood\/pahtlid-krohvisegud\/krohvid\/segu-soojustusmaterjali-liimimiseks-ja-armeerimiseks-mira-5300-netfix-fiberplaster-25kg\/","title":{"rendered":"SEGU SOOJUSTUSMATERJALI LIIMIMISEKS JA ARMEERIMISEKS MIRA 5300 NETFIX FIBERPLASTER 25KG"},"content":{"rendered":"<div class=\"row\"  id=\"row-872488357\">\n<div id=\"col-1030392560\" class=\"col medium-9 small-12 large-9\"  >\n<div class=\"col-inner\"  >\n<h2>Segu soojustusmaterjali liimimiseks ja armeerimiseks.<\/h2>\n<p>Mira 5300 netfix on veega segatav kuivm\u00f6rt soojusisolatsioonimaterjalide (nagu fassadi-pol\u00fcst\u00fcreenplaadid, fassaadi-mineraalvillplaadid) armeerimiseks klaaskiudv\u00f5rguga mira uninet fassaadisoojustuss\u00fcsteemis (SILS). Sobib armeerida ja pahteldada teisi aluspindu nagu betoon, m\u00fc\u00fcritisele, kergbetoon, gaasbetoon. Sobib kasutada miratherm soojusisolatsiooni liits\u00fcsteemides (SILS) armeeringpahtlina ja ka liimina.<\/p>\n<div class=\"message-box relative\" style=\"padding-top:15px;padding-bottom:15px;\">\n<div class=\"message-box-bg-image bg-fill fill\" ><\/div>\n<div class=\"message-box-bg-overlay bg-fill fill\" ><\/div>\n<div class=\"container relative\">\n<div class=\"inner last-reset\">\n<div class=\"row align-middle align-center\"  id=\"row-120414065\">\n<div id=\"col-1457872161\" class=\"col small-12 large-12\"  >\n<div class=\"col-inner text-left\"  >\n<h4>Omadused<\/h4>\n<div class=\"row\"  id=\"row-235693173\">\n<div id=\"col-1215106652\" class=\"col medium-6 small-12 large-6\"  >\n<div class=\"col-inner\"  >\n<p><i class=\"fa fa-fill fa-2x\"><\/i> <strong>Tsemendi baasil<\/strong><\/p>\n<p><i class=\"fa fa-cloud-sun-rain fa-2x\"><\/i> <strong>ilmastikukindel<\/strong><\/p>\n<\/p>\n<\/div>\n<style>\n#col-1215106652 > .col-inner {\n  margin: 0px 0px 15px 0px;\n}\n<\/style>\n<\/p>\n<\/div>\n<div id=\"col-1804491962\" class=\"col medium-6 small-12 large-6\"  >\n<div class=\"col-inner\"  >\n<p><i class=\"fa fa-hammer fa-2x\"><\/i> <strong>Elastne, fiibriga tugevdatud<\/strong><\/p>\n<p><i class=\"fa fa-check fa-2x\"><\/i> <strong>Mehaaniliselt vastupidav<\/strong><\/p>\n<\/p>\n<\/div>\n<style>\n#col-1804491962 > .col-inner {\n  margin: 0px 0px 15px 0px;\n}\n<\/style>\n<\/p>\n<\/div>\n<\/div>\n<\/div>\n<\/div>\n<\/div>\n<\/div>\n<\/div>\n<\/div>\n<div id=\"gap-889759210\" class=\"gap-element clearfix\" style=\"display:block; height:auto;\">\n<style>\n#gap-889759210 {\n  padding-top: 30px;\n}\n<\/style>\n<\/p>\n<\/div>\n<h3>Kasutamise \u00fcksikasjad<\/h3>\n<p><strong>Kasutusalad:<\/strong> Mira 5300 Netfix on elastne, halli tsemendip\u00f5hine, fiibriga tugevdatud liim- ja armeerimissegu, mis on m\u00f5eldud pol\u00fcst\u00fcreenplaatide, mineraalvillast isolatsiooniplaatide ning mineraalvillast lamellplaatide liimimiseks ja armeerimiseks.<br \/>\n<strong>Sobib pahteldamiseks sisetingimustes, sh m\u00e4rgades ja kuivades ruumides.<\/strong><\/p>\n<p><strong>Aluspinna ettevalmistus:<\/strong> Pol\u00fcst\u00fcreenplaatidest ja mineraal villa plaatide pind peab olema tasane. Vajadusel see lihvida ning tolm eemaldada.<br \/>\nMineraalsed aluspinnad peavad olema p\u00fcsivad, tihedad, kuivad, puhtad tolmust, rasvast, tsemendipiimast, \u00f5list jms.<br \/>\nSoolad, hallitus, vetikad vm aluspinna naket halvendavad tegurid eelnevalt vastavalt eemaldada v\u00f5i t\u00f6\u00f6delda.<br \/>\nN\u00f5rgemad aluspinna osad tuleb eemaldada ning teha parandused. Absorbeeruvad pinnad tuleb kruntida s\u00fcgavimmutuskrundiga mira 5050 tiefgrund, \u00fclej\u00e4\u00e4nud pinnad niisutada mira 5300 netfix\u2019i kasutamise ajal. Mineraalsete pindade armeerimiseks tuleb pind eelnevalt siledaks krohvida.<\/p>\n<p><strong>Kasutamine:<\/strong> Kleepsegu segada vahekorras: ca 0,25 l puhast vett 1 kg kuivsegu kohta. J\u00e4tta segu 10 minutiks seisma, seej\u00e4rel segada hoolikalt l\u00e4bi. N\u00fc\u00fcd on segu valmis kasutamiseks. Parimaid tulemusi annab segamine madalap\u00f6\u00f6rdelise segumikseriga. Isolatsiooniplaadid katta mira 5300 netfix\u2019iga, kasutades hammastatud segukammi, seej\u00e4rel surutakse segusse armatuurv\u00f5rk v\u00e4hemalt 10 cm \u00fclekattega k\u00f5rvalpaani suhtes. Pind tasandada. Klaaskiudv\u00f5rk ei tohi j\u00e4\u00e4da m\u00f6rdi seest n\u00e4ha. T\u00f6\u00f6delda m\u00e4rg-m\u00e4rjale., kihi kogupaksus 3-4 mm. mira 5300 netfix-ga tehakse enne lauspinna armeerimist ka vastavad avanurkade diagonaalarmeeringud ja nurkade ning aknap\u00f5skede profiilide armeeringud. <\/p>\n<p><strong>Ohutus:<\/strong> Toode sisaldab tsementi, j\u00e4rgige tsemendiga t\u00f6\u00f6tamise ohutusn\u00f5udeid.<\/p>\n<\/p>\n<\/div>\n<\/div>\n<div id=\"col-389350180\" class=\"col medium-3 small-12 large-3\"  >\n<div class=\"col-inner\"  >\n<div id=\"gap-902502589\" class=\"gap-element clearfix\" style=\"display:block; height:auto;\">\n<style>\n#gap-902502589 {\n  padding-top: 30px;\n}\n<\/style>\n<\/p>\n<\/div>\n<h3>Tehniline informatsioon<\/h3>\n<p><a href=\"https:\/\/espak.ee\/epood\/wp-content\/uploads\/mira5300_tooteleht.pdf\" target=\"_blank\" rel=\"noopener noreferrer\"><i class=\"far fa-file-pdf\"><\/i> Tehniline info (PDF)<\/a><\/p>\n<h3>Ohutusalane teave<\/h3>\n<p><a href=\"https:\/\/espak.ee\/epood\/wp-content\/uploads\/mira5300_ohutusleht.pdf\" target=\"_blank\" rel=\"noopener noreferrer\"><i class=\"far fa-file-pdf\"><\/i> Ohutusalane teave (PDF)<\/a><\/p>\n<div class=\"is-divider divider clearfix\" ><\/div>\n<p><strong>\u00dcksikasjalikuma n\u00f5u saamiseks v\u00f5tke \u00fchendust:<br \/><\/strong>Mira Ehitusmaterjalid O\u00dc<br \/>Segu 8<br \/>76505<br \/>Saue<br \/>+372 6790670<\/p>\n<div class=\"is-divider divider clearfix\" ><\/div>\n<\/p>\n<\/div>\n<\/div>\n<\/div>\n","protected":false},"excerpt":{"rendered":"<p>Mira 5300 netfix on veega segatav kuivm\u00f6rt soojusisolatsioonimaterjalide (nagu fassadi-pol\u00fcst\u00fcreenplaadid, fassaadi-mineraalvillplaadid) armeerimiseks klaaskiudv\u00f5rguga mira uninet fassaadisoojustuss\u00fcsteemis (SILS). Sobib armeerida ja pahteldada teisi aluspindu nagu betoon, m\u00fc\u00fcritisele, kergbetoon, gaasbetoon. Sobib kasutada miratherm soojusisolatsiooni liits\u00fcsteemides (SILS) armeeringpahtlina ja ka liimina.<\/p>","protected":false},"featured_media":539657,"comment_status":"open","ping_status":"closed","template":"","meta":{"_acf_changed":false},"product_brand":[],"product_cat":[92,498],"product_tag":[],"class_list":{"0":"post-489380","1":"product","2":"type-product","3":"status-publish","4":"has-post-thumbnail","6":"product_cat-krohvid","7":"product_cat-espak","9":"first","10":"instock","11":"sale","12":"shipping-taxable","13":"purchasable","14":"product-type-simple"},"acf":[],"yoast_head":"<!-- This site is optimized with the Yoast SEO Premium plugin v18.7 (Yoast SEO v26.5) - https:\/\/yoast.com\/wordpress\/plugins\/seo\/ -->\n<title>SEGU SOOJUSTUSMATERJALI LIIMIMISEKS JA ARMEERIMISEKS MIRA 5300 NETFIX FIBERPLASTER 25KG - Ehituslahendused<\/title>\n<meta name=\"robots\" content=\"index, follow, max-snippet:-1, max-image-preview:large, max-video-preview:-1\" \/>\n<link rel=\"canonical\" href=\"https:\/\/justbuildit.eu\/en\/pood\/pahtlid-krohvisegud\/krohvid\/segu-soojustusmaterjali-liimimiseks-ja-armeerimiseks-mira-5300-netfix-fiberplaster-25kg\/\" \/>\n<meta property=\"og:locale\" content=\"en_US\" \/>\n<meta property=\"og:type\" content=\"article\" \/>\n<meta property=\"og:title\" content=\"SEGU SOOJUSTUSMATERJALI LIIMIMISEKS JA ARMEERIMISEKS MIRA 5300 NETFIX FIBERPLASTER 25KG\" \/>\n<meta property=\"og:description\" content=\"Mira 5300 netfix on veega segatav kuivm\u00f6rt soojusisolatsioonimaterjalide (nagu fassadi-pol\u00fcst\u00fcreenplaadid, fassaadi-mineraalvillplaadid) armeerimiseks klaaskiudv\u00f5rguga mira uninet fassaadisoojustuss\u00fcsteemis (SILS). Sobib armeerida ja pahteldada teisi aluspindu nagu betoon, m\u00fc\u00fcritisele, kergbetoon, gaasbetoon. Sobib kasutada miratherm soojusisolatsiooni liits\u00fcsteemides (SILS) armeeringpahtlina ja ka liimina.\" \/>\n<meta property=\"og:url\" content=\"https:\/\/justbuildit.eu\/en\/pood\/pahtlid-krohvisegud\/krohvid\/segu-soojustusmaterjali-liimimiseks-ja-armeerimiseks-mira-5300-netfix-fiberplaster-25kg\/\" \/>\n<meta property=\"og:site_name\" content=\"Ehituslahendused\" \/>\n<meta property=\"article:publisher\" content=\"https:\/\/www.facebook.com\/justbuildit.ee\" \/>\n<meta property=\"article:modified_time\" content=\"2026-04-11T09:03:02+00:00\" \/>\n<meta property=\"og:image\" content=\"https:\/\/justbuildit.eu\/wp-content\/uploads\/2024\/10\/5300_netfix_fiberplaster_25kg_22d_1600x1600.jpg\" \/>\n\t<meta property=\"og:image:width\" content=\"1000\" \/>\n\t<meta property=\"og:image:height\" content=\"1000\" \/>\n\t<meta property=\"og:image:type\" content=\"image\/jpeg\" \/>\n<meta name=\"twitter:card\" content=\"summary_large_image\" \/>\n<script type=\"application\/ld+json\" class=\"yoast-schema-graph\">{\"@context\":\"https:\/\/schema.org\",\"@graph\":[{\"@type\":\"WebPage\",\"@id\":\"https:\/\/justbuildit.eu\/en\/pood\/pahtlid-krohvisegud\/krohvid\/segu-soojustusmaterjali-liimimiseks-ja-armeerimiseks-mira-5300-netfix-fiberplaster-25kg\/\",\"url\":\"https:\/\/justbuildit.eu\/en\/pood\/pahtlid-krohvisegud\/krohvid\/segu-soojustusmaterjali-liimimiseks-ja-armeerimiseks-mira-5300-netfix-fiberplaster-25kg\/\",\"name\":\"SEGU SOOJUSTUSMATERJALI LIIMIMISEKS JA ARMEERIMISEKS MIRA 5300 NETFIX FIBERPLASTER 25KG - Ehituslahendused\",\"isPartOf\":{\"@id\":\"https:\/\/justbuildit.eu\/en\/#website\"},\"primaryImageOfPage\":{\"@id\":\"https:\/\/justbuildit.eu\/en\/pood\/pahtlid-krohvisegud\/krohvid\/segu-soojustusmaterjali-liimimiseks-ja-armeerimiseks-mira-5300-netfix-fiberplaster-25kg\/#primaryimage\"},\"image\":{\"@id\":\"https:\/\/justbuildit.eu\/en\/pood\/pahtlid-krohvisegud\/krohvid\/segu-soojustusmaterjali-liimimiseks-ja-armeerimiseks-mira-5300-netfix-fiberplaster-25kg\/#primaryimage\"},\"thumbnailUrl\":\"https:\/\/justbuildit.eu\/wp-content\/uploads\/2024\/10\/5300_netfix_fiberplaster_25kg_22d_1600x1600.jpg\",\"datePublished\":\"2024-10-05T07:06:37+00:00\",\"dateModified\":\"2026-04-11T09:03:02+00:00\",\"breadcrumb\":{\"@id\":\"https:\/\/justbuildit.eu\/en\/pood\/pahtlid-krohvisegud\/krohvid\/segu-soojustusmaterjali-liimimiseks-ja-armeerimiseks-mira-5300-netfix-fiberplaster-25kg\/#breadcrumb\"},\"inLanguage\":\"en-US\",\"potentialAction\":[{\"@type\":\"ReadAction\",\"target\":[\"https:\/\/justbuildit.eu\/en\/pood\/pahtlid-krohvisegud\/krohvid\/segu-soojustusmaterjali-liimimiseks-ja-armeerimiseks-mira-5300-netfix-fiberplaster-25kg\/\"]}]},{\"@type\":\"ImageObject\",\"inLanguage\":\"en-US\",\"@id\":\"https:\/\/justbuildit.eu\/en\/pood\/pahtlid-krohvisegud\/krohvid\/segu-soojustusmaterjali-liimimiseks-ja-armeerimiseks-mira-5300-netfix-fiberplaster-25kg\/#primaryimage\",\"url\":\"https:\/\/justbuildit.eu\/wp-content\/uploads\/2024\/10\/5300_netfix_fiberplaster_25kg_22d_1600x1600.jpg\",\"contentUrl\":\"https:\/\/justbuildit.eu\/wp-content\/uploads\/2024\/10\/5300_netfix_fiberplaster_25kg_22d_1600x1600.jpg\",\"width\":1000,\"height\":1000},{\"@type\":\"BreadcrumbList\",\"@id\":\"https:\/\/justbuildit.eu\/en\/pood\/pahtlid-krohvisegud\/krohvid\/segu-soojustusmaterjali-liimimiseks-ja-armeerimiseks-mira-5300-netfix-fiberplaster-25kg\/#breadcrumb\",\"itemListElement\":[{\"@type\":\"ListItem\",\"position\":1,\"name\":\"Home\",\"item\":\"https:\/\/justbuildit.eu\/en\/\"},{\"@type\":\"ListItem\",\"position\":2,\"name\":\"Shop\",\"item\":\"https:\/\/justbuildit.eu\/en\/building-materials\/\"},{\"@type\":\"ListItem\",\"position\":3,\"name\":\"SEGU SOOJUSTUSMATERJALI LIIMIMISEKS JA ARMEERIMISEKS MIRA 5300 NETFIX FIBERPLASTER 25KG\"}]},{\"@type\":\"WebSite\",\"@id\":\"https:\/\/justbuildit.eu\/en\/#website\",\"url\":\"https:\/\/justbuildit.eu\/en\/\",\"name\":\"Ehituslahendused\",\"description\":\"Ehituslahendused ja materjalid\",\"publisher\":{\"@id\":\"https:\/\/justbuildit.eu\/en\/#organization\"},\"potentialAction\":[{\"@type\":\"SearchAction\",\"target\":{\"@type\":\"EntryPoint\",\"urlTemplate\":\"https:\/\/justbuildit.eu\/en\/?s={search_term_string}\"},\"query-input\":{\"@type\":\"PropertyValueSpecification\",\"valueRequired\":true,\"valueName\":\"search_term_string\"}}],\"inLanguage\":\"en-US\"},{\"@type\":\"Organization\",\"@id\":\"https:\/\/justbuildit.eu\/en\/#organization\",\"name\":\"Just Build It O\u00dc\",\"url\":\"https:\/\/justbuildit.eu\/en\/\",\"logo\":{\"@type\":\"ImageObject\",\"inLanguage\":\"en-US\",\"@id\":\"https:\/\/justbuildit.eu\/en\/#\/schema\/logo\/image\/\",\"url\":\"https:\/\/justbuildit.eu\/wp-content\/uploads\/2022\/01\/justbuildit.png\",\"contentUrl\":\"https:\/\/justbuildit.eu\/wp-content\/uploads\/2022\/01\/justbuildit.png\",\"width\":173,\"height\":77,\"caption\":\"Just Build It O\u00dc\"},\"image\":{\"@id\":\"https:\/\/justbuildit.eu\/en\/#\/schema\/logo\/image\/\"},\"sameAs\":[\"https:\/\/www.facebook.com\/justbuildit.ee\"]}]}<\/script>\n<!-- \/ Yoast SEO Premium plugin. -->","yoast_head_json":{"title":"SEGU SOOJUSTUSMATERJALI LIIMIMISEKS JA ARMEERIMISEKS MIRA 5300 NETFIX FIBERPLASTER 25KG - Ehituslahendused","robots":{"index":"index","follow":"follow","max-snippet":"max-snippet:-1","max-image-preview":"max-image-preview:large","max-video-preview":"max-video-preview:-1"},"canonical":"https:\/\/justbuildit.eu\/en\/pood\/pahtlid-krohvisegud\/krohvid\/segu-soojustusmaterjali-liimimiseks-ja-armeerimiseks-mira-5300-netfix-fiberplaster-25kg\/","og_locale":"en_US","og_type":"article","og_title":"SEGU SOOJUSTUSMATERJALI LIIMIMISEKS JA ARMEERIMISEKS MIRA 5300 NETFIX FIBERPLASTER 25KG","og_description":"Mira 5300 netfix on veega segatav kuivm\u00f6rt soojusisolatsioonimaterjalide (nagu fassadi-pol\u00fcst\u00fcreenplaadid, fassaadi-mineraalvillplaadid) armeerimiseks klaaskiudv\u00f5rguga mira uninet fassaadisoojustuss\u00fcsteemis (SILS). Sobib armeerida ja pahteldada teisi aluspindu nagu betoon, m\u00fc\u00fcritisele, kergbetoon, gaasbetoon. Sobib kasutada miratherm soojusisolatsiooni liits\u00fcsteemides (SILS) armeeringpahtlina ja ka liimina.","og_url":"https:\/\/justbuildit.eu\/en\/pood\/pahtlid-krohvisegud\/krohvid\/segu-soojustusmaterjali-liimimiseks-ja-armeerimiseks-mira-5300-netfix-fiberplaster-25kg\/","og_site_name":"Ehituslahendused","article_publisher":"https:\/\/www.facebook.com\/justbuildit.ee","article_modified_time":"2026-04-11T09:03:02+00:00","og_image":[{"width":1000,"height":1000,"url":"https:\/\/justbuildit.eu\/wp-content\/uploads\/2024\/10\/5300_netfix_fiberplaster_25kg_22d_1600x1600.jpg","type":"image\/jpeg"}],"twitter_card":"summary_large_image","schema":{"@context":"https:\/\/schema.org","@graph":[{"@type":"WebPage","@id":"https:\/\/justbuildit.eu\/en\/pood\/pahtlid-krohvisegud\/krohvid\/segu-soojustusmaterjali-liimimiseks-ja-armeerimiseks-mira-5300-netfix-fiberplaster-25kg\/","url":"https:\/\/justbuildit.eu\/en\/pood\/pahtlid-krohvisegud\/krohvid\/segu-soojustusmaterjali-liimimiseks-ja-armeerimiseks-mira-5300-netfix-fiberplaster-25kg\/","name":"SEGU SOOJUSTUSMATERJALI LIIMIMISEKS JA ARMEERIMISEKS MIRA 5300 NETFIX FIBERPLASTER 25KG - Ehituslahendused","isPartOf":{"@id":"https:\/\/justbuildit.eu\/en\/#website"},"primaryImageOfPage":{"@id":"https:\/\/justbuildit.eu\/en\/pood\/pahtlid-krohvisegud\/krohvid\/segu-soojustusmaterjali-liimimiseks-ja-armeerimiseks-mira-5300-netfix-fiberplaster-25kg\/#primaryimage"},"image":{"@id":"https:\/\/justbuildit.eu\/en\/pood\/pahtlid-krohvisegud\/krohvid\/segu-soojustusmaterjali-liimimiseks-ja-armeerimiseks-mira-5300-netfix-fiberplaster-25kg\/#primaryimage"},"thumbnailUrl":"https:\/\/justbuildit.eu\/wp-content\/uploads\/2024\/10\/5300_netfix_fiberplaster_25kg_22d_1600x1600.jpg","datePublished":"2024-10-05T07:06:37+00:00","dateModified":"2026-04-11T09:03:02+00:00","breadcrumb":{"@id":"https:\/\/justbuildit.eu\/en\/pood\/pahtlid-krohvisegud\/krohvid\/segu-soojustusmaterjali-liimimiseks-ja-armeerimiseks-mira-5300-netfix-fiberplaster-25kg\/#breadcrumb"},"inLanguage":"en-US","potentialAction":[{"@type":"ReadAction","target":["https:\/\/justbuildit.eu\/en\/pood\/pahtlid-krohvisegud\/krohvid\/segu-soojustusmaterjali-liimimiseks-ja-armeerimiseks-mira-5300-netfix-fiberplaster-25kg\/"]}]},{"@type":"ImageObject","inLanguage":"en-US","@id":"https:\/\/justbuildit.eu\/en\/pood\/pahtlid-krohvisegud\/krohvid\/segu-soojustusmaterjali-liimimiseks-ja-armeerimiseks-mira-5300-netfix-fiberplaster-25kg\/#primaryimage","url":"https:\/\/justbuildit.eu\/wp-content\/uploads\/2024\/10\/5300_netfix_fiberplaster_25kg_22d_1600x1600.jpg","contentUrl":"https:\/\/justbuildit.eu\/wp-content\/uploads\/2024\/10\/5300_netfix_fiberplaster_25kg_22d_1600x1600.jpg","width":1000,"height":1000},{"@type":"BreadcrumbList","@id":"https:\/\/justbuildit.eu\/en\/pood\/pahtlid-krohvisegud\/krohvid\/segu-soojustusmaterjali-liimimiseks-ja-armeerimiseks-mira-5300-netfix-fiberplaster-25kg\/#breadcrumb","itemListElement":[{"@type":"ListItem","position":1,"name":"Home","item":"https:\/\/justbuildit.eu\/en\/"},{"@type":"ListItem","position":2,"name":"Shop","item":"https:\/\/justbuildit.eu\/en\/building-materials\/"},{"@type":"ListItem","position":3,"name":"SEGU SOOJUSTUSMATERJALI LIIMIMISEKS JA ARMEERIMISEKS MIRA 5300 NETFIX FIBERPLASTER 25KG"}]},{"@type":"WebSite","@id":"https:\/\/justbuildit.eu\/en\/#website","url":"https:\/\/justbuildit.eu\/en\/","name":"Ehituslahendused","description":"Ehituslahendused ja materjalid","publisher":{"@id":"https:\/\/justbuildit.eu\/en\/#organization"},"potentialAction":[{"@type":"SearchAction","target":{"@type":"EntryPoint","urlTemplate":"https:\/\/justbuildit.eu\/en\/?s={search_term_string}"},"query-input":{"@type":"PropertyValueSpecification","valueRequired":true,"valueName":"search_term_string"}}],"inLanguage":"en-US"},{"@type":"Organization","@id":"https:\/\/justbuildit.eu\/en\/#organization","name":"Just Build It O\u00dc","url":"https:\/\/justbuildit.eu\/en\/","logo":{"@type":"ImageObject","inLanguage":"en-US","@id":"https:\/\/justbuildit.eu\/en\/#\/schema\/logo\/image\/","url":"https:\/\/justbuildit.eu\/wp-content\/uploads\/2022\/01\/justbuildit.png","contentUrl":"https:\/\/justbuildit.eu\/wp-content\/uploads\/2022\/01\/justbuildit.png","width":173,"height":77,"caption":"Just Build It O\u00dc"},"image":{"@id":"https:\/\/justbuildit.eu\/en\/#\/schema\/logo\/image\/"},"sameAs":["https:\/\/www.facebook.com\/justbuildit.ee"]}]}},"_links":{"self":[{"href":"https:\/\/justbuildit.eu\/en\/wp-json\/wp\/v2\/product\/489380","targetHints":{"allow":["GET"]}}],"collection":[{"href":"https:\/\/justbuildit.eu\/en\/wp-json\/wp\/v2\/product"}],"about":[{"href":"https:\/\/justbuildit.eu\/en\/wp-json\/wp\/v2\/types\/product"}],"replies":[{"embeddable":true,"href":"https:\/\/justbuildit.eu\/en\/wp-json\/wp\/v2\/comments?post=489380"}],"wp:featuredmedia":[{"embeddable":true,"href":"https:\/\/justbuildit.eu\/en\/wp-json\/wp\/v2\/media\/539657"}],"wp:attachment":[{"href":"https:\/\/justbuildit.eu\/en\/wp-json\/wp\/v2\/media?parent=489380"}],"wp:term":[{"taxonomy":"product_brand","embeddable":true,"href":"https:\/\/justbuildit.eu\/en\/wp-json\/wp\/v2\/product_brand?post=489380"},{"taxonomy":"product_cat","embeddable":true,"href":"https:\/\/justbuildit.eu\/en\/wp-json\/wp\/v2\/product_cat?post=489380"},{"taxonomy":"product_tag","embeddable":true,"href":"https:\/\/justbuildit.eu\/en\/wp-json\/wp\/v2\/product_tag?post=489380"}],"curies":[{"name":"wp","href":"https:\/\/api.w.org\/{rel}","templated":true}]}}