{"id":489394,"date":"2024-10-05T10:12:20","date_gmt":"2024-10-05T07:12:20","guid":{"rendered":"https:\/\/justbuildit.eu\/?post_type=product&#038;p=489394"},"modified":"2026-04-11T12:03:01","modified_gmt":"2026-04-11T09:03:01","slug":"isepuhastuv-silikoonkrohv-ceresit-ct-74-20mm-25kg","status":"publish","type":"product","link":"https:\/\/justbuildit.eu\/en\/pood\/pahtlid-krohvisegud\/krohvid\/isepuhastuv-silikoonkrohv-ceresit-ct-74-20mm-25kg\/","title":{"rendered":"ISEPUHASTUV SILIKOONKROHV CERESIT CT-74 2,0MM 25KG"},"content":{"rendered":"<div class=\"row\"  id=\"row-2141143426\">\n<div id=\"col-1348047227\" class=\"col medium-9 small-12 large-9\"  >\n<div class=\"col-inner\"  >\n<h2>CT 74 Isepuhastuv silikoonkrohv<\/h2>\n<p>\u00d5hukesekihiline dekoratiivkrohv sise- ja v\u00e4list\u00f6\u00f6de jaoks.<\/p>\n<div class=\"message-box relative\" style=\"padding-top:15px;padding-bottom:15px;\">\n<div class=\"message-box-bg-image bg-fill fill\" ><\/div>\n<div class=\"message-box-bg-overlay bg-fill fill\" ><\/div>\n<div class=\"container relative\">\n<div class=\"inner last-reset\">\n<div class=\"row align-middle align-center\"  id=\"row-1724049071\">\n<div id=\"col-324745718\" class=\"col small-12 large-12\"  >\n<div class=\"col-inner text-left\"  >\n<h4>Omadused<\/h4>\n<div class=\"row\"  id=\"row-971004100\">\n<div id=\"col-898509557\" class=\"col medium-6 small-12 large-6\"  >\n<div class=\"col-inner\"  >\n<p><i class=\"fa fa-check fa-2x\"><\/i> <strong>Isepuhastuv efekt<\/strong><\/p>\n<p><i class=\"fa fa-check fa-2x\"><\/i> <strong>V\u00e4ga stabiilsed v\u00e4rvitoonid<\/strong><\/p>\n<\/p>\n<\/div>\n<style>\n#col-898509557 > .col-inner {\n  margin: 0px 0px 15px 0px;\n}\n<\/style>\n<\/p>\n<\/div>\n<div id=\"col-2088281187\" class=\"col medium-6 small-12 large-6\"  >\n<div class=\"col-inner\"  >\n<p><i class=\"fa fa-check fa-2x\"><\/i> <strong>V\u00e4ga vastupidav<\/strong><\/p>\n<p><i class=\"fa fa-check fa-2x\"><\/i> <strong>V\u00e4ga ilmastikukindel<\/strong><\/p>\n<\/p>\n<\/div>\n<style>\n#col-2088281187 > .col-inner {\n  margin: 0px 0px 15px 0px;\n}\n<\/style>\n<\/p>\n<\/div>\n<\/div>\n<\/div>\n<\/div>\n<\/div>\n<\/div>\n<\/div>\n<\/div>\n<div id=\"gap-1450149754\" class=\"gap-element clearfix\" style=\"display:block; height:auto;\">\n<style>\n#gap-1450149754 {\n  padding-top: 30px;\n}\n<\/style>\n<\/p>\n<\/div>\n<h3>Kasutamise \u00fcksikasjad<\/h3>\n<p><strong>Kasutusala:<\/strong> CT 74 kasutatakse \u00f5hukese kihi moodustamiseks betoon-, kips- ja puitlaastplaatpindadele, kipspartongplaatidele jne. Soovitame kasutada CT 74 fassaadikrohvina Ceresit ETICS (krohvitud v\u00e4liste soojusisolatsiooni liits\u00fcsteemide) puhul EPS- (vahtpol\u00fcst\u00fcreen-) ja mineraalvillplaatide kasutamisel. CT 74 soovitatakse suurt veeauru l\u00e4bialskvust n\u00f5udvate vaheseinte jaoks.<\/p>\n<p><strong>Aluspinna ettevalmistus:<\/strong> CT 74 v\u00f5ib kasutada j\u00e4rgmistel siledatel, kandvatel, kuivadel ja nakkuvust takistavatest ainetest (rasvast, bituumenist, tolmust jms.) puhastatud aluspindadel:<br \/>\n&#8211; kruntv\u00e4rviga Ceresit CT 16 krunditud tsement- ja lubitsementkrohv (\u00fcle 28 p\u00e4eva vanune), betoon (\u00fcle 3 kuud vanune, niiskus \u2264 4%);<br \/>\n&#8211; segust Ceresit CT 85, CT 190 v\u00f5i ZU, klaaskiudv\u00f5rguga sarrustatud ja CT 16-ga krunditud pind (\u00fcle 3 p\u00e4eva vanune) ja Ceresit CT 87 (\u00fcle 2 p\u00e4eva vanune);<br \/>\n&#8211; alla 1%-lise niiskusesisaldusega, esmalt kruntpreparaadiga Ceresit CT 17 ja seej\u00e4rel kruntv\u00e4rviga CT 16 krunditud kipspinnad (ainult sees);<br \/>\n&#8211; plaatide tootja soovitustel kohaselt paigaldatud ning esmalt krunt-preparaadiga Ceresit CT 17 ja seej\u00e4rel v\u00e4rviga CT 16 krunditud puitlaast-, kipskartong- v\u00f5i kipskiudplaadid (ainult sees);<br \/>\n&#8211; v\u00e4rviga CT 16 krunditud, aluspinnaga h\u00e4sti nakkuvad tugevad v\u00e4rvkatted (ainult sees).<br \/>\nK\u00f5igepealt tasandage ja parandage kahjustatud ja ebatasased aluspinnad. Hariliku krohvi ja betoonpindade puhul v\u00f5ib kasutada pahtlit Ceresit CT 29. M\u00e4\u00e4rdunud kohad, n\u00f5rgad kihid ning elastsete, lubi- ja liimv\u00e4rvide kihid tuleb eemaldada. Imavad pinnad kruntige k\u00f5igepealt vahendiga Ceresit CT 17 ja k\u00f5ige varem 2 tunni p\u00e4rast krohviga sarnast tooni kruntv\u00e4rviga CT 16. Krohvi CT 74 v\u00f5ib peale kanda p\u00e4rast kruntv\u00e4rvi CT 16 t\u00e4ielikku kuivamist.<br \/>\nAluspinnast tulev niiskus v\u00f5ib krohvpinda kahjustada, seet\u00f5ttu seet\u00f5ttu tuleb veenduda, et pideva niiskuse k\u00e4es olevatele ruumidele (pindadele) on tehtud piisavad isolatsioonikihid.<\/p>\n<p><strong>T\u00f6\u00f6de k\u00e4ik:<\/strong> Segage anuma sisu korralikult l\u00e4bi. Vajadusel v\u00f5ib materjali konsistentsi kohandada segule maksimaalselt 1% puhast vett lisades ja uuesti l\u00e4bi segades. \u00c4rge kasutage roostes anumaid ega t\u00f6\u00f6riistu. CT 74 kantakse peale \u00fchtlase graanulipaksuse kihina terash\u00f5\u00f5rutit nurga all hoides. Kui segu ei kleepu enam t\u00f6\u00f6riista k\u00fclge, vormitakse lapiti hoitava<br \/>\nplastikh\u00f5\u00f5ruti abil tihe faktuur. \u00c4rge piserdage krohvi veega! Tehke \u00fcks t\u00f6\u00f6pind korraga \u00fchesugust konsistentsi hoides valmis. Kui t\u00f6\u00f6d on siiski vaja katkestada, kleepige piki m\u00e4rgitud krohvijoont teip, kandke sellele krohv ja vormige struktuur. Seej\u00e4rel t\u00f5mmake teip koos krohviga \u00e4ra. P\u00e4rast pausi j\u00e4tkake t\u00f6\u00f6d m\u00e4rgitud kohast. T\u00f6\u00f6riistad puhastatakse ja v\u00e4rsked krohviplekid eemaldatakse veega, kivistunud j\u00e4\u00e4gid mehaaniliselt. Krohvikihi v\u00f5ib katta silikoonv\u00e4rviga Ceresit CT 48, CT 49 v\u00f5i elastomeerv\u00e4rviga CT 55. V\u00f5imalik peale kanda masinaga. Soovituslik masinat\u00fc\u00fcp on Wagner PC 15, PC 830, SPG Baumaschinen PG 20.<\/p>\n<p><strong>T\u00e4helepanu:<\/strong> Krohvimise ajal peab \u00f5hu ja t\u00f6\u00f6deldava pinna temperatuur olema + 5\u00b0 kuni + 25\u00b0C ja suhteline \u00f5huniiskus alla 80%. \u00c4rge segage teiste krohvisegude, pigmentide, vaikude ega sideainetega. P\u00e4rast toote kasutamist tuulutage ruume krohvile iseloomulik l\u00f5hna kadumiseni. Silma sattumisel loputage rohke veega ja p\u00f6\u00f6rduge arsti poole. Hoidke lastele k\u00e4ttesaamatult! Toimivusomadused on kirjas vastavas toimivusdeklaratsioonis.<\/p>\n<\/p>\n<\/div>\n<\/div>\n<div id=\"col-717680574\" class=\"col medium-3 small-12 large-3\"  >\n<div class=\"col-inner\"  >\n<div id=\"gap-418679628\" class=\"gap-element clearfix\" style=\"display:block; height:auto;\">\n<style>\n#gap-418679628 {\n  padding-top: 30px;\n}\n<\/style>\n<\/p>\n<\/div>\n<h3>Tehniline informatsioon<\/h3>\n<p><a href=\"https:\/\/espak.ee\/epood\/wp-content\/uploads\/CT74-tooeleht.pdf\" target=\"_blank\" rel=\"noopener noreferrer\"><i class=\"far fa-file-pdf\"><\/i> Tehniline info (PDF)<\/a><\/p>\n<h3>Ohutusalane teave<\/h3>\n<p><a href=\"https:\/\/espak.ee\/epood\/wp-content\/uploads\/CT74-ohutuskaart.pdf\" target=\"_blank\" rel=\"noopener noreferrer\"><i class=\"far fa-file-pdf\"><\/i> Ohutusalane teave (PDF)<\/a><\/p>\n<div class=\"is-divider divider clearfix\" ><\/div>\n<p><strong>\u00dcksikasjalikuma n\u00f5u saamiseks v\u00f5tke \u00fchendust:<br \/><\/strong>Henkel Balti<br \/>S\u00f5bra 56 B<br \/>51013<br \/>Tartu<br \/>+ 372 7305800<\/p>\n<div class=\"is-divider divider clearfix\" ><\/div>\n<\/p>\n<\/div>\n<\/div>\n<\/div>\n","protected":false},"excerpt":{"rendered":"<p>\u00d5hukesekihiline dekoratiivkrohv sise- ja v\u00e4list\u00f6\u00f6de jaoks.<\/p>","protected":false},"featured_media":593072,"comment_status":"open","ping_status":"closed","template":"","meta":{"_acf_changed":false},"product_brand":[],"product_cat":[92,498],"product_tag":[],"class_list":{"0":"post-489394","1":"product","2":"type-product","3":"status-publish","4":"has-post-thumbnail","6":"product_cat-krohvid","7":"product_cat-espak","9":"first","10":"instock","11":"sale","12":"shipping-taxable","13":"purchasable","14":"product-type-simple"},"acf":[],"yoast_head":"<!-- This site is optimized with the Yoast SEO Premium plugin v18.7 (Yoast SEO v26.5) - https:\/\/yoast.com\/wordpress\/plugins\/seo\/ -->\n<title>ISEPUHASTUV SILIKOONKROHV CERESIT CT-74 2,0MM 25KG - Ehituslahendused<\/title>\n<meta name=\"robots\" content=\"index, follow, max-snippet:-1, max-image-preview:large, max-video-preview:-1\" \/>\n<link rel=\"canonical\" href=\"https:\/\/justbuildit.eu\/en\/pood\/pahtlid-krohvisegud\/krohvid\/isepuhastuv-silikoonkrohv-ceresit-ct-74-20mm-25kg\/\" \/>\n<meta property=\"og:locale\" content=\"en_US\" \/>\n<meta property=\"og:type\" content=\"article\" \/>\n<meta property=\"og:title\" content=\"ISEPUHASTUV SILIKOONKROHV CERESIT CT-74 2,0MM 25KG\" \/>\n<meta property=\"og:description\" content=\"\u00d5hukesekihiline dekoratiivkrohv sise- ja v\u00e4list\u00f6\u00f6de jaoks.\" \/>\n<meta property=\"og:url\" content=\"https:\/\/justbuildit.eu\/en\/pood\/pahtlid-krohvisegud\/krohvid\/isepuhastuv-silikoonkrohv-ceresit-ct-74-20mm-25kg\/\" \/>\n<meta property=\"og:site_name\" content=\"Ehituslahendused\" \/>\n<meta property=\"article:publisher\" content=\"https:\/\/www.facebook.com\/justbuildit.ee\" \/>\n<meta property=\"article:modified_time\" content=\"2026-04-11T09:03:01+00:00\" \/>\n<meta property=\"og:image\" content=\"https:\/\/justbuildit.eu\/wp-content\/uploads\/2024\/10\/Ceresit-CT74.jpg\" \/>\n\t<meta property=\"og:image:width\" content=\"1300\" \/>\n\t<meta property=\"og:image:height\" content=\"1300\" \/>\n\t<meta property=\"og:image:type\" content=\"image\/jpeg\" \/>\n<meta name=\"twitter:card\" content=\"summary_large_image\" \/>\n<script type=\"application\/ld+json\" class=\"yoast-schema-graph\">{\"@context\":\"https:\/\/schema.org\",\"@graph\":[{\"@type\":\"WebPage\",\"@id\":\"https:\/\/justbuildit.eu\/en\/pood\/pahtlid-krohvisegud\/krohvid\/isepuhastuv-silikoonkrohv-ceresit-ct-74-20mm-25kg\/\",\"url\":\"https:\/\/justbuildit.eu\/en\/pood\/pahtlid-krohvisegud\/krohvid\/isepuhastuv-silikoonkrohv-ceresit-ct-74-20mm-25kg\/\",\"name\":\"ISEPUHASTUV SILIKOONKROHV CERESIT CT-74 2,0MM 25KG - Ehituslahendused\",\"isPartOf\":{\"@id\":\"https:\/\/justbuildit.eu\/en\/#website\"},\"primaryImageOfPage\":{\"@id\":\"https:\/\/justbuildit.eu\/en\/pood\/pahtlid-krohvisegud\/krohvid\/isepuhastuv-silikoonkrohv-ceresit-ct-74-20mm-25kg\/#primaryimage\"},\"image\":{\"@id\":\"https:\/\/justbuildit.eu\/en\/pood\/pahtlid-krohvisegud\/krohvid\/isepuhastuv-silikoonkrohv-ceresit-ct-74-20mm-25kg\/#primaryimage\"},\"thumbnailUrl\":\"https:\/\/justbuildit.eu\/wp-content\/uploads\/2024\/10\/Ceresit-CT74.jpg\",\"datePublished\":\"2024-10-05T07:12:20+00:00\",\"dateModified\":\"2026-04-11T09:03:01+00:00\",\"breadcrumb\":{\"@id\":\"https:\/\/justbuildit.eu\/en\/pood\/pahtlid-krohvisegud\/krohvid\/isepuhastuv-silikoonkrohv-ceresit-ct-74-20mm-25kg\/#breadcrumb\"},\"inLanguage\":\"en-US\",\"potentialAction\":[{\"@type\":\"ReadAction\",\"target\":[\"https:\/\/justbuildit.eu\/en\/pood\/pahtlid-krohvisegud\/krohvid\/isepuhastuv-silikoonkrohv-ceresit-ct-74-20mm-25kg\/\"]}]},{\"@type\":\"ImageObject\",\"inLanguage\":\"en-US\",\"@id\":\"https:\/\/justbuildit.eu\/en\/pood\/pahtlid-krohvisegud\/krohvid\/isepuhastuv-silikoonkrohv-ceresit-ct-74-20mm-25kg\/#primaryimage\",\"url\":\"https:\/\/justbuildit.eu\/wp-content\/uploads\/2024\/10\/Ceresit-CT74.jpg\",\"contentUrl\":\"https:\/\/justbuildit.eu\/wp-content\/uploads\/2024\/10\/Ceresit-CT74.jpg\",\"width\":1300,\"height\":1300},{\"@type\":\"BreadcrumbList\",\"@id\":\"https:\/\/justbuildit.eu\/en\/pood\/pahtlid-krohvisegud\/krohvid\/isepuhastuv-silikoonkrohv-ceresit-ct-74-20mm-25kg\/#breadcrumb\",\"itemListElement\":[{\"@type\":\"ListItem\",\"position\":1,\"name\":\"Home\",\"item\":\"https:\/\/justbuildit.eu\/en\/\"},{\"@type\":\"ListItem\",\"position\":2,\"name\":\"Shop\",\"item\":\"https:\/\/justbuildit.eu\/en\/building-materials\/\"},{\"@type\":\"ListItem\",\"position\":3,\"name\":\"ISEPUHASTUV SILIKOONKROHV CERESIT CT-74 2,0MM 25KG\"}]},{\"@type\":\"WebSite\",\"@id\":\"https:\/\/justbuildit.eu\/en\/#website\",\"url\":\"https:\/\/justbuildit.eu\/en\/\",\"name\":\"Ehituslahendused\",\"description\":\"Ehituslahendused ja materjalid\",\"publisher\":{\"@id\":\"https:\/\/justbuildit.eu\/en\/#organization\"},\"potentialAction\":[{\"@type\":\"SearchAction\",\"target\":{\"@type\":\"EntryPoint\",\"urlTemplate\":\"https:\/\/justbuildit.eu\/en\/?s={search_term_string}\"},\"query-input\":{\"@type\":\"PropertyValueSpecification\",\"valueRequired\":true,\"valueName\":\"search_term_string\"}}],\"inLanguage\":\"en-US\"},{\"@type\":\"Organization\",\"@id\":\"https:\/\/justbuildit.eu\/en\/#organization\",\"name\":\"Just Build It O\u00dc\",\"url\":\"https:\/\/justbuildit.eu\/en\/\",\"logo\":{\"@type\":\"ImageObject\",\"inLanguage\":\"en-US\",\"@id\":\"https:\/\/justbuildit.eu\/en\/#\/schema\/logo\/image\/\",\"url\":\"https:\/\/justbuildit.eu\/wp-content\/uploads\/2022\/01\/justbuildit.png\",\"contentUrl\":\"https:\/\/justbuildit.eu\/wp-content\/uploads\/2022\/01\/justbuildit.png\",\"width\":173,\"height\":77,\"caption\":\"Just Build It O\u00dc\"},\"image\":{\"@id\":\"https:\/\/justbuildit.eu\/en\/#\/schema\/logo\/image\/\"},\"sameAs\":[\"https:\/\/www.facebook.com\/justbuildit.ee\"]}]}<\/script>\n<!-- \/ Yoast SEO Premium plugin. -->","yoast_head_json":{"title":"ISEPUHASTUV SILIKOONKROHV CERESIT CT-74 2,0MM 25KG - Ehituslahendused","robots":{"index":"index","follow":"follow","max-snippet":"max-snippet:-1","max-image-preview":"max-image-preview:large","max-video-preview":"max-video-preview:-1"},"canonical":"https:\/\/justbuildit.eu\/en\/pood\/pahtlid-krohvisegud\/krohvid\/isepuhastuv-silikoonkrohv-ceresit-ct-74-20mm-25kg\/","og_locale":"en_US","og_type":"article","og_title":"ISEPUHASTUV SILIKOONKROHV CERESIT CT-74 2,0MM 25KG","og_description":"\u00d5hukesekihiline dekoratiivkrohv sise- ja v\u00e4list\u00f6\u00f6de jaoks.","og_url":"https:\/\/justbuildit.eu\/en\/pood\/pahtlid-krohvisegud\/krohvid\/isepuhastuv-silikoonkrohv-ceresit-ct-74-20mm-25kg\/","og_site_name":"Ehituslahendused","article_publisher":"https:\/\/www.facebook.com\/justbuildit.ee","article_modified_time":"2026-04-11T09:03:01+00:00","og_image":[{"width":1300,"height":1300,"url":"https:\/\/justbuildit.eu\/wp-content\/uploads\/2024\/10\/Ceresit-CT74.jpg","type":"image\/jpeg"}],"twitter_card":"summary_large_image","schema":{"@context":"https:\/\/schema.org","@graph":[{"@type":"WebPage","@id":"https:\/\/justbuildit.eu\/en\/pood\/pahtlid-krohvisegud\/krohvid\/isepuhastuv-silikoonkrohv-ceresit-ct-74-20mm-25kg\/","url":"https:\/\/justbuildit.eu\/en\/pood\/pahtlid-krohvisegud\/krohvid\/isepuhastuv-silikoonkrohv-ceresit-ct-74-20mm-25kg\/","name":"ISEPUHASTUV SILIKOONKROHV CERESIT CT-74 2,0MM 25KG - Ehituslahendused","isPartOf":{"@id":"https:\/\/justbuildit.eu\/en\/#website"},"primaryImageOfPage":{"@id":"https:\/\/justbuildit.eu\/en\/pood\/pahtlid-krohvisegud\/krohvid\/isepuhastuv-silikoonkrohv-ceresit-ct-74-20mm-25kg\/#primaryimage"},"image":{"@id":"https:\/\/justbuildit.eu\/en\/pood\/pahtlid-krohvisegud\/krohvid\/isepuhastuv-silikoonkrohv-ceresit-ct-74-20mm-25kg\/#primaryimage"},"thumbnailUrl":"https:\/\/justbuildit.eu\/wp-content\/uploads\/2024\/10\/Ceresit-CT74.jpg","datePublished":"2024-10-05T07:12:20+00:00","dateModified":"2026-04-11T09:03:01+00:00","breadcrumb":{"@id":"https:\/\/justbuildit.eu\/en\/pood\/pahtlid-krohvisegud\/krohvid\/isepuhastuv-silikoonkrohv-ceresit-ct-74-20mm-25kg\/#breadcrumb"},"inLanguage":"en-US","potentialAction":[{"@type":"ReadAction","target":["https:\/\/justbuildit.eu\/en\/pood\/pahtlid-krohvisegud\/krohvid\/isepuhastuv-silikoonkrohv-ceresit-ct-74-20mm-25kg\/"]}]},{"@type":"ImageObject","inLanguage":"en-US","@id":"https:\/\/justbuildit.eu\/en\/pood\/pahtlid-krohvisegud\/krohvid\/isepuhastuv-silikoonkrohv-ceresit-ct-74-20mm-25kg\/#primaryimage","url":"https:\/\/justbuildit.eu\/wp-content\/uploads\/2024\/10\/Ceresit-CT74.jpg","contentUrl":"https:\/\/justbuildit.eu\/wp-content\/uploads\/2024\/10\/Ceresit-CT74.jpg","width":1300,"height":1300},{"@type":"BreadcrumbList","@id":"https:\/\/justbuildit.eu\/en\/pood\/pahtlid-krohvisegud\/krohvid\/isepuhastuv-silikoonkrohv-ceresit-ct-74-20mm-25kg\/#breadcrumb","itemListElement":[{"@type":"ListItem","position":1,"name":"Home","item":"https:\/\/justbuildit.eu\/en\/"},{"@type":"ListItem","position":2,"name":"Shop","item":"https:\/\/justbuildit.eu\/en\/building-materials\/"},{"@type":"ListItem","position":3,"name":"ISEPUHASTUV SILIKOONKROHV CERESIT CT-74 2,0MM 25KG"}]},{"@type":"WebSite","@id":"https:\/\/justbuildit.eu\/en\/#website","url":"https:\/\/justbuildit.eu\/en\/","name":"Ehituslahendused","description":"Ehituslahendused ja materjalid","publisher":{"@id":"https:\/\/justbuildit.eu\/en\/#organization"},"potentialAction":[{"@type":"SearchAction","target":{"@type":"EntryPoint","urlTemplate":"https:\/\/justbuildit.eu\/en\/?s={search_term_string}"},"query-input":{"@type":"PropertyValueSpecification","valueRequired":true,"valueName":"search_term_string"}}],"inLanguage":"en-US"},{"@type":"Organization","@id":"https:\/\/justbuildit.eu\/en\/#organization","name":"Just Build It O\u00dc","url":"https:\/\/justbuildit.eu\/en\/","logo":{"@type":"ImageObject","inLanguage":"en-US","@id":"https:\/\/justbuildit.eu\/en\/#\/schema\/logo\/image\/","url":"https:\/\/justbuildit.eu\/wp-content\/uploads\/2022\/01\/justbuildit.png","contentUrl":"https:\/\/justbuildit.eu\/wp-content\/uploads\/2022\/01\/justbuildit.png","width":173,"height":77,"caption":"Just Build It O\u00dc"},"image":{"@id":"https:\/\/justbuildit.eu\/en\/#\/schema\/logo\/image\/"},"sameAs":["https:\/\/www.facebook.com\/justbuildit.ee"]}]}},"_links":{"self":[{"href":"https:\/\/justbuildit.eu\/en\/wp-json\/wp\/v2\/product\/489394","targetHints":{"allow":["GET"]}}],"collection":[{"href":"https:\/\/justbuildit.eu\/en\/wp-json\/wp\/v2\/product"}],"about":[{"href":"https:\/\/justbuildit.eu\/en\/wp-json\/wp\/v2\/types\/product"}],"replies":[{"embeddable":true,"href":"https:\/\/justbuildit.eu\/en\/wp-json\/wp\/v2\/comments?post=489394"}],"wp:featuredmedia":[{"embeddable":true,"href":"https:\/\/justbuildit.eu\/en\/wp-json\/wp\/v2\/media\/593072"}],"wp:attachment":[{"href":"https:\/\/justbuildit.eu\/en\/wp-json\/wp\/v2\/media?parent=489394"}],"wp:term":[{"taxonomy":"product_brand","embeddable":true,"href":"https:\/\/justbuildit.eu\/en\/wp-json\/wp\/v2\/product_brand?post=489394"},{"taxonomy":"product_cat","embeddable":true,"href":"https:\/\/justbuildit.eu\/en\/wp-json\/wp\/v2\/product_cat?post=489394"},{"taxonomy":"product_tag","embeddable":true,"href":"https:\/\/justbuildit.eu\/en\/wp-json\/wp\/v2\/product_tag?post=489394"}],"curies":[{"name":"wp","href":"https:\/\/api.w.org\/{rel}","templated":true}]}}