{"id":489413,"date":"2024-10-05T10:16:51","date_gmt":"2024-10-05T07:16:51","guid":{"rendered":"https:\/\/justbuildit.eu\/?post_type=product&#038;p=489413"},"modified":"2026-04-11T12:02:59","modified_gmt":"2026-04-11T09:02:59","slug":"mineraalne-kuivsegu-capatect-dammkleber-185-25kg","status":"publish","type":"product","link":"https:\/\/justbuildit.eu\/en\/pood\/liimid\/mineraalne-kuivsegu-capatect-dammkleber-185-25kg\/","title":{"rendered":"MINERAALNE KUIVSEGU CAPATECT D\u00c4MMKLEBER 185 25KG"},"content":{"rendered":"<div class=\"row\"  id=\"row-868277937\">\n<div id=\"col-480216196\" class=\"col medium-9 small-12 large-9\"  >\n<div class=\"col-inner\"  >\n<h2>Mineraalne kuivsegu Capatect D\u00e4mmkleber 185<\/h2>\n<p>Mineraalne kuivsegu soojusplaatide liimimiseks.<\/p>\n<div class=\"message-box relative\" style=\"padding-top:15px;padding-bottom:15px;\">\n<div class=\"message-box-bg-image bg-fill fill\" ><\/div>\n<div class=\"message-box-bg-overlay bg-fill fill\" ><\/div>\n<div class=\"container relative\">\n<div class=\"inner last-reset\">\n<div class=\"row align-middle align-center\"  id=\"row-333392186\">\n<div id=\"col-2031231372\" class=\"col small-12 large-12\"  >\n<div class=\"col-inner text-left\"  >\n<h4>Omadused<\/h4>\n<div class=\"row\"  id=\"row-733213445\">\n<div id=\"col-835864488\" class=\"col medium-6 small-12 large-6\"  >\n<div class=\"col-inner\"  >\n<p><i class=\"fa fa-check fa-2x\"><\/i> <strong>Tuletundlikkus: mittep\u00f5lev ja raskesti s\u00fcttiv vastavalt SILS \u00fclesehitusele<\/strong><\/p>\n<p><i class=\"fa fa-check fa-2x\"><\/i> <strong>V\u00e4ga hea veeaurul\u00e4bilaskvus<\/strong><\/p>\n<\/p>\n<\/div>\n<style>\n#col-835864488 > .col-inner {\n  margin: 0px 0px 15px 0px;\n}\n<\/style>\n<\/p>\n<\/div>\n<div id=\"col-2041268654\" class=\"col medium-6 small-12 large-6\"  >\n<div class=\"col-inner\"  >\n<p><i class=\"fa fa-check fa-2x\"><\/i> <strong>Pikk pealekandmisaeg<\/strong><\/p>\n<p><i class=\"fa fa-check fa-2x\"><\/i> <strong>Hea kinnituvus<\/strong><\/p>\n<\/p>\n<\/div>\n<style>\n#col-2041268654 > .col-inner {\n  margin: 0px 0px 15px 0px;\n}\n<\/style>\n<\/p>\n<\/div>\n<\/div>\n<\/div>\n<\/div>\n<\/div>\n<\/div>\n<\/div>\n<\/div>\n<div id=\"gap-2120858620\" class=\"gap-element clearfix\" style=\"display:block; height:auto;\">\n<style>\n#gap-2120858620 {\n  padding-top: 30px;\n}\n<\/style>\n<\/p>\n<\/div>\n<h3>Kasutamise \u00fcksikasjad<\/h3>\n<p><strong>Kasutusala:<\/strong> Soojustusplaatide liimimiseks m\u00f5eldud liimimissegu Capatect soojusisolatsiooni liits\u00fcsteemides A ja B.<\/p>\n<p><strong>Aluspind:<\/strong> M\u00fc\u00fcritis, betoon ja tugevalt kinniolevad v\u00e4rvikihid peavad olema puhtad, kuivad ja kandvad. Mustus ja nakkumist takistavad ained (nt \u00f5lid), samuti k\u00f5rgemad pinnakonarused eemaldada. Kahjustatud, vanad kooruvad v\u00e4rvikihid ning struktuurkrohvid tuleb v\u00f5imalusel t\u00e4ielikult eemaldada. Krohvis leiduvad t\u00fchimikud tuleb avada ja t\u00e4is pahteldada. Suure imavusega, liivased v\u00f5i tolmavad pealispinnad tuleb p\u00f5hjalikult kuni tugeva aluspinnani puhastada ja kruntida tootega Sylitol-Konzentrat 111.<\/p>\n<p><strong>Ohutus:<\/strong> See mineraalne kuivsegu reageerib leeliseliselt. \u00c4rritab nahka. Silmade kahjustamise t\u00f5sine oht. Hoida lastele k\u00e4ttesaamatus kohas. V\u00e4ltida tolmu sissehingamist. V\u00e4ltida sattumist nahale ja silma. Silma sattumisel loputada kohe rohke veega ja p\u00f6\u00f6rduda arsti poole. Kanda sobivaid kaitsekindaid ja silmade v\u00f5i n\u00e4okaitset. Allaneelamise korral p\u00f6\u00f6rduda viivitamatult arsti poole ja n\u00e4idata talle pakendit v\u00f5i etiketti. Kaitseks vihma eest tuleb tellingud katta kaitsekiledega.<\/p>\n<\/p>\n<\/div>\n<\/div>\n<div id=\"col-832520383\" class=\"col medium-3 small-12 large-3\"  >\n<div class=\"col-inner\"  >\n<div id=\"gap-650991187\" class=\"gap-element clearfix\" style=\"display:block; height:auto;\">\n<style>\n#gap-650991187 {\n  padding-top: 30px;\n}\n<\/style>\n<\/p>\n<\/div>\n<h3>Tehniline informatsioon<\/h3>\n<p><a href=\"https:\/\/espak.ee\/epood\/wp-content\/uploads\/Capatect-D\u00e4mmkleber-185-tooteleht.pdf\" target=\"_blank\" rel=\"noopener noreferrer\"><i class=\"far fa-file-pdf\"><\/i> Tehniline info (PDF)<\/a><\/p>\n<h3>Ohutusalane teave<\/h3>\n<p><a href=\"https:\/\/espak.ee\/epood\/wp-content\/uploads\/Capatect-D\u00e4mmkleber-185-ohutuskaart.pdf\" target=\"_blank\" rel=\"noopener noreferrer\"><i class=\"far fa-file-pdf\"><\/i> Ohutusalane teave (PDF)<\/a><\/p>\n<div class=\"is-divider divider clearfix\" ><\/div>\n<p><strong>\u00dcksikasjalikuma n\u00f5u saamiseks v\u00f5tke \u00fchendust:<br \/><\/strong>SIA DAW Baltica Eesti filiaal<br \/>L\u00e4ike tee 2\/1<br \/>75312<br \/>Peetri alevik, Rae vald<br \/>+372 6000690<\/p>\n<div class=\"is-divider divider clearfix\" ><\/div>\n<\/p>\n<\/div>\n<\/div>\n<\/div>\n","protected":false},"excerpt":{"rendered":"<p>Mineraalne kuivsegu soojusplaatide liimimiseks.<\/p>","protected":false},"featured_media":489414,"comment_status":"open","ping_status":"closed","template":"","meta":{"_acf_changed":false},"product_brand":[],"product_cat":[89,498],"product_tag":[],"class_list":{"0":"post-489413","1":"product","2":"type-product","3":"status-publish","4":"has-post-thumbnail","6":"product_cat-liimid","7":"product_cat-espak","9":"first","10":"instock","11":"sale","12":"shipping-taxable","13":"purchasable","14":"product-type-simple"},"acf":[],"yoast_head":"<!-- This site is optimized with the Yoast SEO Premium plugin v18.7 (Yoast SEO v26.5) - https:\/\/yoast.com\/wordpress\/plugins\/seo\/ -->\n<title>MINERAALNE KUIVSEGU CAPATECT D\u00c4MMKLEBER 185 25KG - Ehituslahendused<\/title>\n<meta name=\"robots\" content=\"index, follow, max-snippet:-1, max-image-preview:large, max-video-preview:-1\" \/>\n<link rel=\"canonical\" href=\"https:\/\/justbuildit.eu\/en\/pood\/liimid\/mineraalne-kuivsegu-capatect-dammkleber-185-25kg\/\" \/>\n<meta property=\"og:locale\" content=\"en_US\" \/>\n<meta property=\"og:type\" content=\"article\" \/>\n<meta property=\"og:title\" content=\"MINERAALNE KUIVSEGU CAPATECT D\u00c4MMKLEBER 185 25KG\" \/>\n<meta property=\"og:description\" content=\"Mineraalne kuivsegu soojusplaatide liimimiseks.\" \/>\n<meta property=\"og:url\" content=\"https:\/\/justbuildit.eu\/en\/pood\/liimid\/mineraalne-kuivsegu-capatect-dammkleber-185-25kg\/\" \/>\n<meta property=\"og:site_name\" content=\"Ehituslahendused\" \/>\n<meta property=\"article:publisher\" content=\"https:\/\/www.facebook.com\/justbuildit.ee\" \/>\n<meta property=\"article:modified_time\" content=\"2026-04-11T09:02:59+00:00\" \/>\n<meta property=\"og:image\" content=\"https:\/\/justbuildit.eu\/wp-content\/uploads\/2024\/10\/caparol-185-new.png\" \/>\n\t<meta property=\"og:image:width\" content=\"1600\" \/>\n\t<meta property=\"og:image:height\" content=\"1000\" \/>\n\t<meta property=\"og:image:type\" content=\"image\/png\" \/>\n<meta name=\"twitter:card\" content=\"summary_large_image\" \/>\n<script type=\"application\/ld+json\" class=\"yoast-schema-graph\">{\"@context\":\"https:\/\/schema.org\",\"@graph\":[{\"@type\":\"WebPage\",\"@id\":\"https:\/\/justbuildit.eu\/en\/pood\/liimid\/mineraalne-kuivsegu-capatect-dammkleber-185-25kg\/\",\"url\":\"https:\/\/justbuildit.eu\/en\/pood\/liimid\/mineraalne-kuivsegu-capatect-dammkleber-185-25kg\/\",\"name\":\"MINERAALNE KUIVSEGU CAPATECT D\u00c4MMKLEBER 185 25KG - Ehituslahendused\",\"isPartOf\":{\"@id\":\"https:\/\/justbuildit.eu\/en\/#website\"},\"primaryImageOfPage\":{\"@id\":\"https:\/\/justbuildit.eu\/en\/pood\/liimid\/mineraalne-kuivsegu-capatect-dammkleber-185-25kg\/#primaryimage\"},\"image\":{\"@id\":\"https:\/\/justbuildit.eu\/en\/pood\/liimid\/mineraalne-kuivsegu-capatect-dammkleber-185-25kg\/#primaryimage\"},\"thumbnailUrl\":\"https:\/\/justbuildit.eu\/wp-content\/uploads\/2024\/10\/caparol-185-new.png\",\"datePublished\":\"2024-10-05T07:16:51+00:00\",\"dateModified\":\"2026-04-11T09:02:59+00:00\",\"breadcrumb\":{\"@id\":\"https:\/\/justbuildit.eu\/en\/pood\/liimid\/mineraalne-kuivsegu-capatect-dammkleber-185-25kg\/#breadcrumb\"},\"inLanguage\":\"en-US\",\"potentialAction\":[{\"@type\":\"ReadAction\",\"target\":[\"https:\/\/justbuildit.eu\/en\/pood\/liimid\/mineraalne-kuivsegu-capatect-dammkleber-185-25kg\/\"]}]},{\"@type\":\"ImageObject\",\"inLanguage\":\"en-US\",\"@id\":\"https:\/\/justbuildit.eu\/en\/pood\/liimid\/mineraalne-kuivsegu-capatect-dammkleber-185-25kg\/#primaryimage\",\"url\":\"https:\/\/justbuildit.eu\/wp-content\/uploads\/2024\/10\/caparol-185-new.png\",\"contentUrl\":\"https:\/\/justbuildit.eu\/wp-content\/uploads\/2024\/10\/caparol-185-new.png\",\"width\":1600,\"height\":1000},{\"@type\":\"BreadcrumbList\",\"@id\":\"https:\/\/justbuildit.eu\/en\/pood\/liimid\/mineraalne-kuivsegu-capatect-dammkleber-185-25kg\/#breadcrumb\",\"itemListElement\":[{\"@type\":\"ListItem\",\"position\":1,\"name\":\"Home\",\"item\":\"https:\/\/justbuildit.eu\/en\/\"},{\"@type\":\"ListItem\",\"position\":2,\"name\":\"Shop\",\"item\":\"https:\/\/justbuildit.eu\/en\/building-materials\/\"},{\"@type\":\"ListItem\",\"position\":3,\"name\":\"MINERAALNE KUIVSEGU CAPATECT D\u00c4MMKLEBER 185 25KG\"}]},{\"@type\":\"WebSite\",\"@id\":\"https:\/\/justbuildit.eu\/en\/#website\",\"url\":\"https:\/\/justbuildit.eu\/en\/\",\"name\":\"Ehituslahendused\",\"description\":\"Ehituslahendused ja materjalid\",\"publisher\":{\"@id\":\"https:\/\/justbuildit.eu\/en\/#organization\"},\"potentialAction\":[{\"@type\":\"SearchAction\",\"target\":{\"@type\":\"EntryPoint\",\"urlTemplate\":\"https:\/\/justbuildit.eu\/en\/?s={search_term_string}\"},\"query-input\":{\"@type\":\"PropertyValueSpecification\",\"valueRequired\":true,\"valueName\":\"search_term_string\"}}],\"inLanguage\":\"en-US\"},{\"@type\":\"Organization\",\"@id\":\"https:\/\/justbuildit.eu\/en\/#organization\",\"name\":\"Just Build It O\u00dc\",\"url\":\"https:\/\/justbuildit.eu\/en\/\",\"logo\":{\"@type\":\"ImageObject\",\"inLanguage\":\"en-US\",\"@id\":\"https:\/\/justbuildit.eu\/en\/#\/schema\/logo\/image\/\",\"url\":\"https:\/\/justbuildit.eu\/wp-content\/uploads\/2022\/01\/justbuildit.png\",\"contentUrl\":\"https:\/\/justbuildit.eu\/wp-content\/uploads\/2022\/01\/justbuildit.png\",\"width\":173,\"height\":77,\"caption\":\"Just Build It O\u00dc\"},\"image\":{\"@id\":\"https:\/\/justbuildit.eu\/en\/#\/schema\/logo\/image\/\"},\"sameAs\":[\"https:\/\/www.facebook.com\/justbuildit.ee\"]}]}<\/script>\n<!-- \/ Yoast SEO Premium plugin. -->","yoast_head_json":{"title":"MINERAALNE KUIVSEGU CAPATECT D\u00c4MMKLEBER 185 25KG - Ehituslahendused","robots":{"index":"index","follow":"follow","max-snippet":"max-snippet:-1","max-image-preview":"max-image-preview:large","max-video-preview":"max-video-preview:-1"},"canonical":"https:\/\/justbuildit.eu\/en\/pood\/liimid\/mineraalne-kuivsegu-capatect-dammkleber-185-25kg\/","og_locale":"en_US","og_type":"article","og_title":"MINERAALNE KUIVSEGU CAPATECT D\u00c4MMKLEBER 185 25KG","og_description":"Mineraalne kuivsegu soojusplaatide liimimiseks.","og_url":"https:\/\/justbuildit.eu\/en\/pood\/liimid\/mineraalne-kuivsegu-capatect-dammkleber-185-25kg\/","og_site_name":"Ehituslahendused","article_publisher":"https:\/\/www.facebook.com\/justbuildit.ee","article_modified_time":"2026-04-11T09:02:59+00:00","og_image":[{"width":1600,"height":1000,"url":"https:\/\/justbuildit.eu\/wp-content\/uploads\/2024\/10\/caparol-185-new.png","type":"image\/png"}],"twitter_card":"summary_large_image","schema":{"@context":"https:\/\/schema.org","@graph":[{"@type":"WebPage","@id":"https:\/\/justbuildit.eu\/en\/pood\/liimid\/mineraalne-kuivsegu-capatect-dammkleber-185-25kg\/","url":"https:\/\/justbuildit.eu\/en\/pood\/liimid\/mineraalne-kuivsegu-capatect-dammkleber-185-25kg\/","name":"MINERAALNE KUIVSEGU CAPATECT D\u00c4MMKLEBER 185 25KG - Ehituslahendused","isPartOf":{"@id":"https:\/\/justbuildit.eu\/en\/#website"},"primaryImageOfPage":{"@id":"https:\/\/justbuildit.eu\/en\/pood\/liimid\/mineraalne-kuivsegu-capatect-dammkleber-185-25kg\/#primaryimage"},"image":{"@id":"https:\/\/justbuildit.eu\/en\/pood\/liimid\/mineraalne-kuivsegu-capatect-dammkleber-185-25kg\/#primaryimage"},"thumbnailUrl":"https:\/\/justbuildit.eu\/wp-content\/uploads\/2024\/10\/caparol-185-new.png","datePublished":"2024-10-05T07:16:51+00:00","dateModified":"2026-04-11T09:02:59+00:00","breadcrumb":{"@id":"https:\/\/justbuildit.eu\/en\/pood\/liimid\/mineraalne-kuivsegu-capatect-dammkleber-185-25kg\/#breadcrumb"},"inLanguage":"en-US","potentialAction":[{"@type":"ReadAction","target":["https:\/\/justbuildit.eu\/en\/pood\/liimid\/mineraalne-kuivsegu-capatect-dammkleber-185-25kg\/"]}]},{"@type":"ImageObject","inLanguage":"en-US","@id":"https:\/\/justbuildit.eu\/en\/pood\/liimid\/mineraalne-kuivsegu-capatect-dammkleber-185-25kg\/#primaryimage","url":"https:\/\/justbuildit.eu\/wp-content\/uploads\/2024\/10\/caparol-185-new.png","contentUrl":"https:\/\/justbuildit.eu\/wp-content\/uploads\/2024\/10\/caparol-185-new.png","width":1600,"height":1000},{"@type":"BreadcrumbList","@id":"https:\/\/justbuildit.eu\/en\/pood\/liimid\/mineraalne-kuivsegu-capatect-dammkleber-185-25kg\/#breadcrumb","itemListElement":[{"@type":"ListItem","position":1,"name":"Home","item":"https:\/\/justbuildit.eu\/en\/"},{"@type":"ListItem","position":2,"name":"Shop","item":"https:\/\/justbuildit.eu\/en\/building-materials\/"},{"@type":"ListItem","position":3,"name":"MINERAALNE KUIVSEGU CAPATECT D\u00c4MMKLEBER 185 25KG"}]},{"@type":"WebSite","@id":"https:\/\/justbuildit.eu\/en\/#website","url":"https:\/\/justbuildit.eu\/en\/","name":"Ehituslahendused","description":"Ehituslahendused ja materjalid","publisher":{"@id":"https:\/\/justbuildit.eu\/en\/#organization"},"potentialAction":[{"@type":"SearchAction","target":{"@type":"EntryPoint","urlTemplate":"https:\/\/justbuildit.eu\/en\/?s={search_term_string}"},"query-input":{"@type":"PropertyValueSpecification","valueRequired":true,"valueName":"search_term_string"}}],"inLanguage":"en-US"},{"@type":"Organization","@id":"https:\/\/justbuildit.eu\/en\/#organization","name":"Just Build It O\u00dc","url":"https:\/\/justbuildit.eu\/en\/","logo":{"@type":"ImageObject","inLanguage":"en-US","@id":"https:\/\/justbuildit.eu\/en\/#\/schema\/logo\/image\/","url":"https:\/\/justbuildit.eu\/wp-content\/uploads\/2022\/01\/justbuildit.png","contentUrl":"https:\/\/justbuildit.eu\/wp-content\/uploads\/2022\/01\/justbuildit.png","width":173,"height":77,"caption":"Just Build It O\u00dc"},"image":{"@id":"https:\/\/justbuildit.eu\/en\/#\/schema\/logo\/image\/"},"sameAs":["https:\/\/www.facebook.com\/justbuildit.ee"]}]}},"_links":{"self":[{"href":"https:\/\/justbuildit.eu\/en\/wp-json\/wp\/v2\/product\/489413","targetHints":{"allow":["GET"]}}],"collection":[{"href":"https:\/\/justbuildit.eu\/en\/wp-json\/wp\/v2\/product"}],"about":[{"href":"https:\/\/justbuildit.eu\/en\/wp-json\/wp\/v2\/types\/product"}],"replies":[{"embeddable":true,"href":"https:\/\/justbuildit.eu\/en\/wp-json\/wp\/v2\/comments?post=489413"}],"wp:featuredmedia":[{"embeddable":true,"href":"https:\/\/justbuildit.eu\/en\/wp-json\/wp\/v2\/media\/489414"}],"wp:attachment":[{"href":"https:\/\/justbuildit.eu\/en\/wp-json\/wp\/v2\/media?parent=489413"}],"wp:term":[{"taxonomy":"product_brand","embeddable":true,"href":"https:\/\/justbuildit.eu\/en\/wp-json\/wp\/v2\/product_brand?post=489413"},{"taxonomy":"product_cat","embeddable":true,"href":"https:\/\/justbuildit.eu\/en\/wp-json\/wp\/v2\/product_cat?post=489413"},{"taxonomy":"product_tag","embeddable":true,"href":"https:\/\/justbuildit.eu\/en\/wp-json\/wp\/v2\/product_tag?post=489413"}],"curies":[{"name":"wp","href":"https:\/\/api.w.org\/{rel}","templated":true}]}}