{"id":49644,"date":"2022-03-23T15:15:21","date_gmt":"2022-03-23T12:15:21","guid":{"rendered":"https:\/\/justbuildit.eu\/?post_type=product&#038;p=49644"},"modified":"2026-04-11T12:06:13","modified_gmt":"2026-04-11T09:06:13","slug":"akruulhermeetik-makroflex-fx130-valge-280ml","status":"publish","type":"product","link":"https:\/\/justbuildit.eu\/en\/pood\/tihendusmaterjalid\/hermeetikud-silikoonid-akruulid\/akruulhermeetik-makroflex-fx130-valge-280ml\/","title":{"rendered":"AKR\u00dc\u00dcLHERMEETIK MAKROFLEX FX130 VALGE 280ML"},"content":{"rendered":"<div class=\"row\"  id=\"row-1458001248\">\n<div id=\"col-462541216\" class=\"col medium-9 small-12 large-9\"  >\n<div class=\"col-inner\"  >\n<h2>Makroflex FX130<\/h2>\n<p>Akr\u00fc\u00fclhermeetik<\/p>\n<div class=\"message-box relative\" style=\"padding-top:15px;padding-bottom:15px;\">\n<div class=\"message-box-bg-image bg-fill fill\" ><\/div>\n<div class=\"message-box-bg-overlay bg-fill fill\" ><\/div>\n<div class=\"container relative\">\n<div class=\"inner last-reset\">\n<div class=\"row align-middle align-center\"  id=\"row-1037025404\">\n<div id=\"col-986807683\" class=\"col small-12 large-12\"  >\n<div class=\"col-inner text-left\"  >\n<h4>Omadused<\/h4>\n<div class=\"row\"  id=\"row-690872907\">\n<div id=\"col-1292827943\" class=\"col medium-6 small-12 large-6\"  >\n<div class=\"col-inner\"  >\n<p><i class=\"fa fa-check fa-2x\"><\/i> <strong>V\u00e4ga mugav paigaldada<\/strong><\/p>\n<p><i class=\"fa fa-check fa-2x\"><\/i> <strong>Nakkub niiskete ja imavate aluspindadega<\/strong><\/p>\n<\/p>\n<\/div>\n<style>\n#col-1292827943 > .col-inner {\n  margin: 0px 0px 15px 0px;\n}\n<\/style>\n<\/p>\n<\/div>\n<\/div>\n<\/div>\n<\/div>\n<\/div>\n<\/div>\n<\/div>\n<\/div>\n<div id=\"gap-136342380\" class=\"gap-element clearfix\" style=\"display:block; height:auto;\">\n<style>\n#gap-136342380 {\n  padding-top: 30px;\n}\n<\/style>\n<\/p>\n<\/div>\n<h3>Kasutamise \u00fcksikasjad<\/h3>\n<p><strong>Kasutusala:<\/strong> Makroflex FX130 akr\u00fc\u00fclhermeetik on m\u00f5eldud pragude ja vuukide t\u00e4itmiseks sise- ja v\u00e4listingimustes. V\u00f5ib \u00fcle v\u00e4rvida umbes tund p\u00e4rast pealekandmist. V\u00f5ib kasutada lahusti- ja veep\u00f5hiseid kattekihte. Niiskuskindel, kuid ei sobi selliste vuukide tihendamiseks, mis puutuvad pidevalt veega kokku. Akr\u00fc\u00fclhermeetik sobib k\u00f5ikidesse vuukidesse, mida iseloomustab v\u00e4hene suurenemine. Nakkub h\u00e4sti betooni, tellise, puidu, kipsplaatide, v\u00e4rvitud ja lakitud pindade ning teiste pindadega. Sobib kasutada ka poorsetel pindadel.<\/p>\n<p><strong>Kasutusjuhend:<\/strong> L\u00f5igake padrunil ots \u00e4ra ja keerake otsik k\u00fclge. Ots tuleb \u00e4ra l\u00f5igata nurga all (umbes 45 kraadi all) vastavalt vuugi laiusele. Pange padrun silikoonip\u00fcstolisse. Suruge t\u00e4idis tihedasti vuuki. Eriti t\u00e4helepanelik peab olema servade nakke puhul. V\u00e4ga poorsed pinnad soovitatakse kruntida lahjendatud MAKROFLEX FA 131-ga (\u00fcks osa toodet ja kaks osa vett) v\u00f5i spetsiaalkrundiga. Krunt peab enne vuukimist t\u00e4iesti kuiv olema! MAKROFLEX FA 131 v\u00f5ib \u00fcle v\u00e4rvida umbes tunni aja p\u00e4rast. T\u00f6\u00f6riistad ja m\u00e4\u00e4rdunud pinnad saab enne kuivamist puhtaks vee abil.<\/p>\n<\/p>\n<\/div>\n<\/div>\n<div id=\"col-702356845\" class=\"col medium-3 small-12 large-3\"  >\n<div class=\"col-inner\"  >\n<div id=\"gap-1920845328\" class=\"gap-element clearfix\" style=\"display:block; height:auto;\">\n<style>\n#gap-1920845328 {\n  padding-top: 30px;\n}\n<\/style>\n<\/p>\n<\/div>\n<h3>Tehniline informatsioon<\/h3>\n<p><a href=\"https:\/\/espak.ee\/epood\/wp-content\/uploads\/FX130-tooteleht.pdf\" target=\"_blank\" rel=\"noopener noreferrer\"><i class=\"far fa-file-pdf\"><\/i> Tehniline info (PDF)<\/a><\/p>\n<h3>Ohutusalane teave<\/h3>\n<p><a href=\"https:\/\/espak.ee\/epood\/wp-content\/uploads\/FX130-ohutuskaart.pdf\" target=\"_blank\" rel=\"noopener noreferrer\"><i class=\"far fa-file-pdf\"><\/i> Ohutusalane teave (PDF)<\/a><\/p>\n<div class=\"is-divider divider clearfix\" ><\/div>\n<p><strong>\u00dcksikasjalikuma n\u00f5u saamiseks v\u00f5tke \u00fchendust:<br \/><\/strong>Henkel Balti<br \/>S\u00f5bra 56 B<br \/>51013<br \/>Tartu<br \/>+ 372 7305800<\/p>\n<div class=\"is-divider divider clearfix\" ><\/div>\n<\/p>\n<\/div>\n<\/div>\n<\/div>\n","protected":false},"excerpt":{"rendered":"<p>Akr\u00fc\u00fclhermeetik<\/p>","protected":false},"featured_media":75986,"comment_status":"open","ping_status":"closed","template":"","meta":{"_acf_changed":false},"product_brand":[],"product_cat":[110,108,498],"product_tag":[],"class_list":{"0":"post-49644","1":"product","2":"type-product","3":"status-publish","4":"has-post-thumbnail","6":"product_cat-hermeetikud-silikoonid-akruulid","7":"product_cat-tihendusmaterjalid","8":"product_cat-espak","10":"first","11":"instock","12":"sale","13":"shipping-taxable","14":"purchasable","15":"product-type-simple"},"acf":[],"yoast_head":"<!-- This site is optimized with the Yoast SEO Premium plugin v18.7 (Yoast SEO v26.5) - https:\/\/yoast.com\/wordpress\/plugins\/seo\/ -->\n<title>Akr\u00fc\u00fclhermeetik<\/title>\n<meta name=\"description\" content=\"Hermetiseerimine, akr\u00fc\u00fclhermeetik, akr\u00fc\u00fcl, akr\u00fc\u00fclimine, maalrit\u00f6\u00f6d\" \/>\n<meta name=\"robots\" content=\"index, follow, max-snippet:-1, max-image-preview:large, max-video-preview:-1\" \/>\n<link rel=\"canonical\" href=\"https:\/\/justbuildit.eu\/en\/pood\/tihendusmaterjalid\/hermeetikud-silikoonid-akruulid\/akruulhermeetik-makroflex-fx130-valge-280ml\/\" \/>\n<meta property=\"og:locale\" content=\"en_US\" \/>\n<meta property=\"og:type\" content=\"article\" \/>\n<meta property=\"og:title\" content=\"AKR\u00dc\u00dcLHERMEETIK MAKROFLEX FX130 VALGE 280ML\" \/>\n<meta property=\"og:description\" content=\"Hermetiseerimine, akr\u00fc\u00fclhermeetik, akr\u00fc\u00fcl, akr\u00fc\u00fclimine, maalrit\u00f6\u00f6d\" \/>\n<meta property=\"og:url\" content=\"https:\/\/justbuildit.eu\/en\/pood\/tihendusmaterjalid\/hermeetikud-silikoonid-akruulid\/akruulhermeetik-makroflex-fx130-valge-280ml\/\" \/>\n<meta property=\"og:site_name\" content=\"Ehituslahendused\" \/>\n<meta property=\"article:publisher\" content=\"https:\/\/www.facebook.com\/justbuildit.ee\" \/>\n<meta property=\"article:modified_time\" content=\"2026-04-11T09:06:13+00:00\" \/>\n<meta property=\"og:image\" content=\"https:\/\/justbuildit.eu\/wp-content\/uploads\/2022\/03\/MF-FX130.jpg\" \/>\n\t<meta property=\"og:image:width\" content=\"800\" \/>\n\t<meta property=\"og:image:height\" content=\"800\" \/>\n\t<meta property=\"og:image:type\" content=\"image\/jpeg\" \/>\n<meta name=\"twitter:card\" content=\"summary_large_image\" \/>\n<script type=\"application\/ld+json\" class=\"yoast-schema-graph\">{\"@context\":\"https:\/\/schema.org\",\"@graph\":[{\"@type\":\"WebPage\",\"@id\":\"https:\/\/justbuildit.eu\/en\/pood\/tihendusmaterjalid\/hermeetikud-silikoonid-akruulid\/akruulhermeetik-makroflex-fx130-valge-280ml\/\",\"url\":\"https:\/\/justbuildit.eu\/en\/pood\/tihendusmaterjalid\/hermeetikud-silikoonid-akruulid\/akruulhermeetik-makroflex-fx130-valge-280ml\/\",\"name\":\"Akr\u00fc\u00fclhermeetik\",\"isPartOf\":{\"@id\":\"https:\/\/justbuildit.eu\/en\/#website\"},\"primaryImageOfPage\":{\"@id\":\"https:\/\/justbuildit.eu\/en\/pood\/tihendusmaterjalid\/hermeetikud-silikoonid-akruulid\/akruulhermeetik-makroflex-fx130-valge-280ml\/#primaryimage\"},\"image\":{\"@id\":\"https:\/\/justbuildit.eu\/en\/pood\/tihendusmaterjalid\/hermeetikud-silikoonid-akruulid\/akruulhermeetik-makroflex-fx130-valge-280ml\/#primaryimage\"},\"thumbnailUrl\":\"https:\/\/justbuildit.eu\/wp-content\/uploads\/2022\/03\/MF-FX130.jpg\",\"datePublished\":\"2022-03-23T12:15:21+00:00\",\"dateModified\":\"2026-04-11T09:06:13+00:00\",\"description\":\"Hermetiseerimine, akr\u00fc\u00fclhermeetik, akr\u00fc\u00fcl, akr\u00fc\u00fclimine, maalrit\u00f6\u00f6d\",\"breadcrumb\":{\"@id\":\"https:\/\/justbuildit.eu\/en\/pood\/tihendusmaterjalid\/hermeetikud-silikoonid-akruulid\/akruulhermeetik-makroflex-fx130-valge-280ml\/#breadcrumb\"},\"inLanguage\":\"en-US\",\"potentialAction\":[{\"@type\":\"ReadAction\",\"target\":[\"https:\/\/justbuildit.eu\/en\/pood\/tihendusmaterjalid\/hermeetikud-silikoonid-akruulid\/akruulhermeetik-makroflex-fx130-valge-280ml\/\"]}]},{\"@type\":\"ImageObject\",\"inLanguage\":\"en-US\",\"@id\":\"https:\/\/justbuildit.eu\/en\/pood\/tihendusmaterjalid\/hermeetikud-silikoonid-akruulid\/akruulhermeetik-makroflex-fx130-valge-280ml\/#primaryimage\",\"url\":\"https:\/\/justbuildit.eu\/wp-content\/uploads\/2022\/03\/MF-FX130.jpg\",\"contentUrl\":\"https:\/\/justbuildit.eu\/wp-content\/uploads\/2022\/03\/MF-FX130.jpg\",\"width\":800,\"height\":800},{\"@type\":\"BreadcrumbList\",\"@id\":\"https:\/\/justbuildit.eu\/en\/pood\/tihendusmaterjalid\/hermeetikud-silikoonid-akruulid\/akruulhermeetik-makroflex-fx130-valge-280ml\/#breadcrumb\",\"itemListElement\":[{\"@type\":\"ListItem\",\"position\":1,\"name\":\"Home\",\"item\":\"https:\/\/justbuildit.eu\/en\/\"},{\"@type\":\"ListItem\",\"position\":2,\"name\":\"Shop\",\"item\":\"https:\/\/justbuildit.eu\/en\/building-materials\/\"},{\"@type\":\"ListItem\",\"position\":3,\"name\":\"AKR\u00dc\u00dcLHERMEETIK MAKROFLEX FX130 VALGE 280ML\"}]},{\"@type\":\"WebSite\",\"@id\":\"https:\/\/justbuildit.eu\/en\/#website\",\"url\":\"https:\/\/justbuildit.eu\/en\/\",\"name\":\"Ehituslahendused\",\"description\":\"Ehituslahendused ja materjalid\",\"publisher\":{\"@id\":\"https:\/\/justbuildit.eu\/en\/#organization\"},\"potentialAction\":[{\"@type\":\"SearchAction\",\"target\":{\"@type\":\"EntryPoint\",\"urlTemplate\":\"https:\/\/justbuildit.eu\/en\/?s={search_term_string}\"},\"query-input\":{\"@type\":\"PropertyValueSpecification\",\"valueRequired\":true,\"valueName\":\"search_term_string\"}}],\"inLanguage\":\"en-US\"},{\"@type\":\"Organization\",\"@id\":\"https:\/\/justbuildit.eu\/en\/#organization\",\"name\":\"Just Build It O\u00dc\",\"url\":\"https:\/\/justbuildit.eu\/en\/\",\"logo\":{\"@type\":\"ImageObject\",\"inLanguage\":\"en-US\",\"@id\":\"https:\/\/justbuildit.eu\/en\/#\/schema\/logo\/image\/\",\"url\":\"https:\/\/justbuildit.eu\/wp-content\/uploads\/2022\/01\/justbuildit.png\",\"contentUrl\":\"https:\/\/justbuildit.eu\/wp-content\/uploads\/2022\/01\/justbuildit.png\",\"width\":173,\"height\":77,\"caption\":\"Just Build It O\u00dc\"},\"image\":{\"@id\":\"https:\/\/justbuildit.eu\/en\/#\/schema\/logo\/image\/\"},\"sameAs\":[\"https:\/\/www.facebook.com\/justbuildit.ee\"]}]}<\/script>\n<!-- \/ Yoast SEO Premium plugin. -->","yoast_head_json":{"title":"Akr\u00fc\u00fclhermeetik","description":"Hermetiseerimine, akr\u00fc\u00fclhermeetik, akr\u00fc\u00fcl, akr\u00fc\u00fclimine, maalrit\u00f6\u00f6d","robots":{"index":"index","follow":"follow","max-snippet":"max-snippet:-1","max-image-preview":"max-image-preview:large","max-video-preview":"max-video-preview:-1"},"canonical":"https:\/\/justbuildit.eu\/en\/pood\/tihendusmaterjalid\/hermeetikud-silikoonid-akruulid\/akruulhermeetik-makroflex-fx130-valge-280ml\/","og_locale":"en_US","og_type":"article","og_title":"AKR\u00dc\u00dcLHERMEETIK MAKROFLEX FX130 VALGE 280ML","og_description":"Hermetiseerimine, akr\u00fc\u00fclhermeetik, akr\u00fc\u00fcl, akr\u00fc\u00fclimine, maalrit\u00f6\u00f6d","og_url":"https:\/\/justbuildit.eu\/en\/pood\/tihendusmaterjalid\/hermeetikud-silikoonid-akruulid\/akruulhermeetik-makroflex-fx130-valge-280ml\/","og_site_name":"Ehituslahendused","article_publisher":"https:\/\/www.facebook.com\/justbuildit.ee","article_modified_time":"2026-04-11T09:06:13+00:00","og_image":[{"width":800,"height":800,"url":"https:\/\/justbuildit.eu\/wp-content\/uploads\/2022\/03\/MF-FX130.jpg","type":"image\/jpeg"}],"twitter_card":"summary_large_image","schema":{"@context":"https:\/\/schema.org","@graph":[{"@type":"WebPage","@id":"https:\/\/justbuildit.eu\/en\/pood\/tihendusmaterjalid\/hermeetikud-silikoonid-akruulid\/akruulhermeetik-makroflex-fx130-valge-280ml\/","url":"https:\/\/justbuildit.eu\/en\/pood\/tihendusmaterjalid\/hermeetikud-silikoonid-akruulid\/akruulhermeetik-makroflex-fx130-valge-280ml\/","name":"Akr\u00fc\u00fclhermeetik","isPartOf":{"@id":"https:\/\/justbuildit.eu\/en\/#website"},"primaryImageOfPage":{"@id":"https:\/\/justbuildit.eu\/en\/pood\/tihendusmaterjalid\/hermeetikud-silikoonid-akruulid\/akruulhermeetik-makroflex-fx130-valge-280ml\/#primaryimage"},"image":{"@id":"https:\/\/justbuildit.eu\/en\/pood\/tihendusmaterjalid\/hermeetikud-silikoonid-akruulid\/akruulhermeetik-makroflex-fx130-valge-280ml\/#primaryimage"},"thumbnailUrl":"https:\/\/justbuildit.eu\/wp-content\/uploads\/2022\/03\/MF-FX130.jpg","datePublished":"2022-03-23T12:15:21+00:00","dateModified":"2026-04-11T09:06:13+00:00","description":"Hermetiseerimine, akr\u00fc\u00fclhermeetik, akr\u00fc\u00fcl, akr\u00fc\u00fclimine, maalrit\u00f6\u00f6d","breadcrumb":{"@id":"https:\/\/justbuildit.eu\/en\/pood\/tihendusmaterjalid\/hermeetikud-silikoonid-akruulid\/akruulhermeetik-makroflex-fx130-valge-280ml\/#breadcrumb"},"inLanguage":"en-US","potentialAction":[{"@type":"ReadAction","target":["https:\/\/justbuildit.eu\/en\/pood\/tihendusmaterjalid\/hermeetikud-silikoonid-akruulid\/akruulhermeetik-makroflex-fx130-valge-280ml\/"]}]},{"@type":"ImageObject","inLanguage":"en-US","@id":"https:\/\/justbuildit.eu\/en\/pood\/tihendusmaterjalid\/hermeetikud-silikoonid-akruulid\/akruulhermeetik-makroflex-fx130-valge-280ml\/#primaryimage","url":"https:\/\/justbuildit.eu\/wp-content\/uploads\/2022\/03\/MF-FX130.jpg","contentUrl":"https:\/\/justbuildit.eu\/wp-content\/uploads\/2022\/03\/MF-FX130.jpg","width":800,"height":800},{"@type":"BreadcrumbList","@id":"https:\/\/justbuildit.eu\/en\/pood\/tihendusmaterjalid\/hermeetikud-silikoonid-akruulid\/akruulhermeetik-makroflex-fx130-valge-280ml\/#breadcrumb","itemListElement":[{"@type":"ListItem","position":1,"name":"Home","item":"https:\/\/justbuildit.eu\/en\/"},{"@type":"ListItem","position":2,"name":"Shop","item":"https:\/\/justbuildit.eu\/en\/building-materials\/"},{"@type":"ListItem","position":3,"name":"AKR\u00dc\u00dcLHERMEETIK MAKROFLEX FX130 VALGE 280ML"}]},{"@type":"WebSite","@id":"https:\/\/justbuildit.eu\/en\/#website","url":"https:\/\/justbuildit.eu\/en\/","name":"Ehituslahendused","description":"Ehituslahendused ja materjalid","publisher":{"@id":"https:\/\/justbuildit.eu\/en\/#organization"},"potentialAction":[{"@type":"SearchAction","target":{"@type":"EntryPoint","urlTemplate":"https:\/\/justbuildit.eu\/en\/?s={search_term_string}"},"query-input":{"@type":"PropertyValueSpecification","valueRequired":true,"valueName":"search_term_string"}}],"inLanguage":"en-US"},{"@type":"Organization","@id":"https:\/\/justbuildit.eu\/en\/#organization","name":"Just Build It O\u00dc","url":"https:\/\/justbuildit.eu\/en\/","logo":{"@type":"ImageObject","inLanguage":"en-US","@id":"https:\/\/justbuildit.eu\/en\/#\/schema\/logo\/image\/","url":"https:\/\/justbuildit.eu\/wp-content\/uploads\/2022\/01\/justbuildit.png","contentUrl":"https:\/\/justbuildit.eu\/wp-content\/uploads\/2022\/01\/justbuildit.png","width":173,"height":77,"caption":"Just Build It O\u00dc"},"image":{"@id":"https:\/\/justbuildit.eu\/en\/#\/schema\/logo\/image\/"},"sameAs":["https:\/\/www.facebook.com\/justbuildit.ee"]}]}},"_links":{"self":[{"href":"https:\/\/justbuildit.eu\/en\/wp-json\/wp\/v2\/product\/49644","targetHints":{"allow":["GET"]}}],"collection":[{"href":"https:\/\/justbuildit.eu\/en\/wp-json\/wp\/v2\/product"}],"about":[{"href":"https:\/\/justbuildit.eu\/en\/wp-json\/wp\/v2\/types\/product"}],"replies":[{"embeddable":true,"href":"https:\/\/justbuildit.eu\/en\/wp-json\/wp\/v2\/comments?post=49644"}],"wp:featuredmedia":[{"embeddable":true,"href":"https:\/\/justbuildit.eu\/en\/wp-json\/wp\/v2\/media\/75986"}],"wp:attachment":[{"href":"https:\/\/justbuildit.eu\/en\/wp-json\/wp\/v2\/media?parent=49644"}],"wp:term":[{"taxonomy":"product_brand","embeddable":true,"href":"https:\/\/justbuildit.eu\/en\/wp-json\/wp\/v2\/product_brand?post=49644"},{"taxonomy":"product_cat","embeddable":true,"href":"https:\/\/justbuildit.eu\/en\/wp-json\/wp\/v2\/product_cat?post=49644"},{"taxonomy":"product_tag","embeddable":true,"href":"https:\/\/justbuildit.eu\/en\/wp-json\/wp\/v2\/product_tag?post=49644"}],"curies":[{"name":"wp","href":"https:\/\/api.w.org\/{rel}","templated":true}]}}