{"id":497221,"date":"2024-10-27T08:27:11","date_gmt":"2024-10-27T05:27:11","guid":{"rendered":"https:\/\/justbuildit.eu\/?post_type=product&#038;p=497221"},"modified":"2024-11-11T15:39:13","modified_gmt":"2024-11-11T12:39:13","slug":"easypro-all-purpose-mitmeotstarbeline-silikoon-penosil","status":"publish","type":"product","link":"https:\/\/justbuildit.eu\/en\/pood\/tihendusmaterjalid\/hermeetikud-silikoonid-akruulid\/easypro-all-purpose-mitmeotstarbeline-silikoon-penosil\/","title":{"rendered":"EasyPRO All Purpose mitmeotstarbeline silikoon PENOSIL"},"content":{"rendered":"<p>PENOSIL EasyPRO All Purpose on mitmeotstarbeline hea nakkuvusega silikoon kasutamiseks sise- ja v\u00e4listingimustes.<\/p>\n<p>VIHMAKINDEL 2 TUNNI P\u00c4RAST<br \/>\nToote kiire pol\u00fcmerisatsioon ja suurep\u00e4rase nakketugevuse v\u00e4ljat\u00f6\u00f6tamine erinevatel pindadel<br \/>\nv\u00f5imaldab EasyPRO All Purpose silikoonil kokkupuudet veega juba 2 tundi p\u00e4rast selle kasutamist.<br \/>\nVihm ei m\u00f5juta toote omadusi.<br \/>\nEasyPRO All Purpose silikoon on v\u00e4ga elastne fungitsiide sisaldav neutraalne hermeetik, mis on<br \/>\nekstreemselt vastupidav erinevatele ilmastikutingimustele. Erinevalt teistest hermeetikutest saab<br \/>\nseda toodet kasutada k\u00f5ikides kohtades, kus kasutakse nii neutraalseid kui ka happelisi hermeetikuid \u2013 sealhulgas sanitaarruumid, klaasimis- ja fassaadit\u00f6\u00f6d, h\u00fcdroisolatsiooni ning ilmastikukindluse tagamine ja paljud teised rakendused.<br \/>\nK\u00d5IKIDE PINDADE JAOKS<br \/>\nEasyPRO All Purpose silikoon nakkub peaaegu k\u00f5ikide ehituses kasutatavate materjalidega,<br \/>\nv\u00e4lja arvatud pol\u00fcet\u00fcleeni ja bituumenit sisaldavad pinnad. Toode tagab suurep\u00e4rase nakkumise<br \/>\ntundlike pindadega nagu peeglid, keraamilised plaadid, alumiinium, tsingitud teras ja v\u00e4rvilised<br \/>\nmetallid. Kuna saadaval on suurel hulgal mitmesuguseid materjale, soovitame enne toote kasutamist sobivuse katset.<br \/>\n5 AASTAT HALLITUSETA<br \/>\nHallitust \u00e4rahoidev lisand kaitseb tardunud silikooni hallituse eest ja hoiab seda puhtana v\u00e4hemalt<br \/>\n5 aastat tingimustel, et seda on \u00f5igesti kasutatud, regulaarselt puhastatud ja ruumis on tagatud<br \/>\nkorralik ventilatsioon. EasyPro All Purpose silikoon on klassifitseeritud vastavalt Euroopa standardile EN ISO 846: klass XS1 (k\u00f5rgeim v\u00f5imalik klass).<br \/>\nP\u00dcSIELASTNE<br \/>\nElastsus on \u00e4\u00e4rmiselt oluline, kuna EasyPRO All Purpose silikoon peab taluma \u00e4\u00e4rmiselt suuri<br \/>\nkonstruktsioonide liikumisi, mis tekivad suurtest temperatuurik\u00f5ikumistest. Kuna EasyPRO All<br \/>\nPurpose silikooni liikumisv\u00f5ime on kuni 25%, saab ta liikuda koos vuugiga nakkepinnalt eemaldumata. Toote elastus p\u00fcsib tema eluaja jooksul muutumatuna, \u00fcksk\u00f5ik millistes tingimustes seda<br \/>\nkasutatakse.<\/p>\n","protected":false},"excerpt":{"rendered":"PENOSIL EasyPRO All Purpose on mitmeotstarbeline hea nakkuvusega silikoon kasutamiseks sise- ja v\u00e4listingimustes.","protected":false},"featured_media":497222,"comment_status":"open","ping_status":"closed","template":"","meta":{"_acf_changed":false},"product_brand":[],"product_cat":[110,22],"product_tag":[],"class_list":{"0":"post-497221","1":"product","2":"type-product","3":"status-publish","4":"has-post-thumbnail","6":"product_cat-hermeetikud-silikoonid-akruulid","7":"product_cat-uncategorized","9":"first","10":"instock","11":"shipping-taxable","12":"product-type-external"},"acf":[],"yoast_head":"<!-- This site is optimized with the Yoast SEO Premium plugin v18.7 (Yoast SEO v26.5) - https:\/\/yoast.com\/wordpress\/plugins\/seo\/ -->\n<title>EasyPRO All Purpose mitmeotstarbeline silikoon PENOSIL - Ehituslahendused<\/title>\n<meta name=\"description\" content=\"mitmeotstarbeline hea nakkuvusega silikoon kasutamiseks sise- ja v\u00e4listingimustes\" \/>\n<meta name=\"robots\" content=\"index, follow, max-snippet:-1, max-image-preview:large, max-video-preview:-1\" \/>\n<link rel=\"canonical\" href=\"https:\/\/justbuildit.eu\/en\/pood\/tihendusmaterjalid\/hermeetikud-silikoonid-akruulid\/easypro-all-purpose-mitmeotstarbeline-silikoon-penosil\/\" \/>\n<meta property=\"og:locale\" content=\"en_US\" \/>\n<meta property=\"og:type\" content=\"article\" \/>\n<meta property=\"og:title\" content=\"EasyPRO All Purpose mitmeotstarbeline silikoon PENOSIL\" \/>\n<meta property=\"og:description\" content=\"mitmeotstarbeline hea nakkuvusega silikoon kasutamiseks sise- ja v\u00e4listingimustes\" \/>\n<meta property=\"og:url\" content=\"https:\/\/justbuildit.eu\/en\/pood\/tihendusmaterjalid\/hermeetikud-silikoonid-akruulid\/easypro-all-purpose-mitmeotstarbeline-silikoon-penosil\/\" \/>\n<meta property=\"og:site_name\" content=\"Ehituslahendused\" \/>\n<meta property=\"article:publisher\" content=\"https:\/\/www.facebook.com\/justbuildit.ee\" \/>\n<meta property=\"article:modified_time\" content=\"2024-11-11T12:39:13+00:00\" \/>\n<meta property=\"og:image\" content=\"https:\/\/justbuildit.eu\/wp-content\/uploads\/2024\/10\/MET_1534-PENOSIL-EasyPRO-All-Purpose-Silicone-Sealant-310ml-EE-RU_spatula-1.webp\" \/>\n\t<meta property=\"og:image:width\" content=\"600\" \/>\n\t<meta property=\"og:image:height\" content=\"2000\" \/>\n\t<meta property=\"og:image:type\" content=\"image\/webp\" \/>\n<meta name=\"twitter:card\" content=\"summary_large_image\" \/>\n<script type=\"application\/ld+json\" class=\"yoast-schema-graph\">{\"@context\":\"https:\/\/schema.org\",\"@graph\":[{\"@type\":\"WebPage\",\"@id\":\"https:\/\/justbuildit.eu\/en\/pood\/tihendusmaterjalid\/hermeetikud-silikoonid-akruulid\/easypro-all-purpose-mitmeotstarbeline-silikoon-penosil\/\",\"url\":\"https:\/\/justbuildit.eu\/en\/pood\/tihendusmaterjalid\/hermeetikud-silikoonid-akruulid\/easypro-all-purpose-mitmeotstarbeline-silikoon-penosil\/\",\"name\":\"EasyPRO All Purpose mitmeotstarbeline silikoon PENOSIL - Ehituslahendused\",\"isPartOf\":{\"@id\":\"https:\/\/justbuildit.eu\/en\/#website\"},\"primaryImageOfPage\":{\"@id\":\"https:\/\/justbuildit.eu\/en\/pood\/tihendusmaterjalid\/hermeetikud-silikoonid-akruulid\/easypro-all-purpose-mitmeotstarbeline-silikoon-penosil\/#primaryimage\"},\"image\":{\"@id\":\"https:\/\/justbuildit.eu\/en\/pood\/tihendusmaterjalid\/hermeetikud-silikoonid-akruulid\/easypro-all-purpose-mitmeotstarbeline-silikoon-penosil\/#primaryimage\"},\"thumbnailUrl\":\"https:\/\/justbuildit.eu\/wp-content\/uploads\/2024\/10\/MET_1534-PENOSIL-EasyPRO-All-Purpose-Silicone-Sealant-310ml-EE-RU_spatula-1.webp\",\"datePublished\":\"2024-10-27T05:27:11+00:00\",\"dateModified\":\"2024-11-11T12:39:13+00:00\",\"description\":\"mitmeotstarbeline hea nakkuvusega silikoon kasutamiseks sise- ja v\u00e4listingimustes\",\"breadcrumb\":{\"@id\":\"https:\/\/justbuildit.eu\/en\/pood\/tihendusmaterjalid\/hermeetikud-silikoonid-akruulid\/easypro-all-purpose-mitmeotstarbeline-silikoon-penosil\/#breadcrumb\"},\"inLanguage\":\"en-US\",\"potentialAction\":[{\"@type\":\"ReadAction\",\"target\":[\"https:\/\/justbuildit.eu\/en\/pood\/tihendusmaterjalid\/hermeetikud-silikoonid-akruulid\/easypro-all-purpose-mitmeotstarbeline-silikoon-penosil\/\"]}]},{\"@type\":\"ImageObject\",\"inLanguage\":\"en-US\",\"@id\":\"https:\/\/justbuildit.eu\/en\/pood\/tihendusmaterjalid\/hermeetikud-silikoonid-akruulid\/easypro-all-purpose-mitmeotstarbeline-silikoon-penosil\/#primaryimage\",\"url\":\"https:\/\/justbuildit.eu\/wp-content\/uploads\/2024\/10\/MET_1534-PENOSIL-EasyPRO-All-Purpose-Silicone-Sealant-310ml-EE-RU_spatula-1.webp\",\"contentUrl\":\"https:\/\/justbuildit.eu\/wp-content\/uploads\/2024\/10\/MET_1534-PENOSIL-EasyPRO-All-Purpose-Silicone-Sealant-310ml-EE-RU_spatula-1.webp\",\"width\":600,\"height\":2000},{\"@type\":\"BreadcrumbList\",\"@id\":\"https:\/\/justbuildit.eu\/en\/pood\/tihendusmaterjalid\/hermeetikud-silikoonid-akruulid\/easypro-all-purpose-mitmeotstarbeline-silikoon-penosil\/#breadcrumb\",\"itemListElement\":[{\"@type\":\"ListItem\",\"position\":1,\"name\":\"Home\",\"item\":\"https:\/\/justbuildit.eu\/en\/\"},{\"@type\":\"ListItem\",\"position\":2,\"name\":\"Shop\",\"item\":\"https:\/\/justbuildit.eu\/en\/building-materials\/\"},{\"@type\":\"ListItem\",\"position\":3,\"name\":\"EasyPRO All Purpose mitmeotstarbeline silikoon PENOSIL\"}]},{\"@type\":\"WebSite\",\"@id\":\"https:\/\/justbuildit.eu\/en\/#website\",\"url\":\"https:\/\/justbuildit.eu\/en\/\",\"name\":\"Ehituslahendused\",\"description\":\"Ehituslahendused ja materjalid\",\"publisher\":{\"@id\":\"https:\/\/justbuildit.eu\/en\/#organization\"},\"potentialAction\":[{\"@type\":\"SearchAction\",\"target\":{\"@type\":\"EntryPoint\",\"urlTemplate\":\"https:\/\/justbuildit.eu\/en\/?s={search_term_string}\"},\"query-input\":{\"@type\":\"PropertyValueSpecification\",\"valueRequired\":true,\"valueName\":\"search_term_string\"}}],\"inLanguage\":\"en-US\"},{\"@type\":\"Organization\",\"@id\":\"https:\/\/justbuildit.eu\/en\/#organization\",\"name\":\"Just Build It O\u00dc\",\"url\":\"https:\/\/justbuildit.eu\/en\/\",\"logo\":{\"@type\":\"ImageObject\",\"inLanguage\":\"en-US\",\"@id\":\"https:\/\/justbuildit.eu\/en\/#\/schema\/logo\/image\/\",\"url\":\"https:\/\/justbuildit.eu\/wp-content\/uploads\/2022\/01\/justbuildit.png\",\"contentUrl\":\"https:\/\/justbuildit.eu\/wp-content\/uploads\/2022\/01\/justbuildit.png\",\"width\":173,\"height\":77,\"caption\":\"Just Build It O\u00dc\"},\"image\":{\"@id\":\"https:\/\/justbuildit.eu\/en\/#\/schema\/logo\/image\/\"},\"sameAs\":[\"https:\/\/www.facebook.com\/justbuildit.ee\"]}]}<\/script>\n<!-- \/ Yoast SEO Premium plugin. -->","yoast_head_json":{"title":"EasyPRO All Purpose mitmeotstarbeline silikoon PENOSIL - Ehituslahendused","description":"mitmeotstarbeline hea nakkuvusega silikoon kasutamiseks sise- ja v\u00e4listingimustes","robots":{"index":"index","follow":"follow","max-snippet":"max-snippet:-1","max-image-preview":"max-image-preview:large","max-video-preview":"max-video-preview:-1"},"canonical":"https:\/\/justbuildit.eu\/en\/pood\/tihendusmaterjalid\/hermeetikud-silikoonid-akruulid\/easypro-all-purpose-mitmeotstarbeline-silikoon-penosil\/","og_locale":"en_US","og_type":"article","og_title":"EasyPRO All Purpose mitmeotstarbeline silikoon PENOSIL","og_description":"mitmeotstarbeline hea nakkuvusega silikoon kasutamiseks sise- ja v\u00e4listingimustes","og_url":"https:\/\/justbuildit.eu\/en\/pood\/tihendusmaterjalid\/hermeetikud-silikoonid-akruulid\/easypro-all-purpose-mitmeotstarbeline-silikoon-penosil\/","og_site_name":"Ehituslahendused","article_publisher":"https:\/\/www.facebook.com\/justbuildit.ee","article_modified_time":"2024-11-11T12:39:13+00:00","og_image":[{"width":600,"height":2000,"url":"https:\/\/justbuildit.eu\/wp-content\/uploads\/2024\/10\/MET_1534-PENOSIL-EasyPRO-All-Purpose-Silicone-Sealant-310ml-EE-RU_spatula-1.webp","type":"image\/webp"}],"twitter_card":"summary_large_image","schema":{"@context":"https:\/\/schema.org","@graph":[{"@type":"WebPage","@id":"https:\/\/justbuildit.eu\/en\/pood\/tihendusmaterjalid\/hermeetikud-silikoonid-akruulid\/easypro-all-purpose-mitmeotstarbeline-silikoon-penosil\/","url":"https:\/\/justbuildit.eu\/en\/pood\/tihendusmaterjalid\/hermeetikud-silikoonid-akruulid\/easypro-all-purpose-mitmeotstarbeline-silikoon-penosil\/","name":"EasyPRO All Purpose mitmeotstarbeline silikoon PENOSIL - Ehituslahendused","isPartOf":{"@id":"https:\/\/justbuildit.eu\/en\/#website"},"primaryImageOfPage":{"@id":"https:\/\/justbuildit.eu\/en\/pood\/tihendusmaterjalid\/hermeetikud-silikoonid-akruulid\/easypro-all-purpose-mitmeotstarbeline-silikoon-penosil\/#primaryimage"},"image":{"@id":"https:\/\/justbuildit.eu\/en\/pood\/tihendusmaterjalid\/hermeetikud-silikoonid-akruulid\/easypro-all-purpose-mitmeotstarbeline-silikoon-penosil\/#primaryimage"},"thumbnailUrl":"https:\/\/justbuildit.eu\/wp-content\/uploads\/2024\/10\/MET_1534-PENOSIL-EasyPRO-All-Purpose-Silicone-Sealant-310ml-EE-RU_spatula-1.webp","datePublished":"2024-10-27T05:27:11+00:00","dateModified":"2024-11-11T12:39:13+00:00","description":"mitmeotstarbeline hea nakkuvusega silikoon kasutamiseks sise- ja v\u00e4listingimustes","breadcrumb":{"@id":"https:\/\/justbuildit.eu\/en\/pood\/tihendusmaterjalid\/hermeetikud-silikoonid-akruulid\/easypro-all-purpose-mitmeotstarbeline-silikoon-penosil\/#breadcrumb"},"inLanguage":"en-US","potentialAction":[{"@type":"ReadAction","target":["https:\/\/justbuildit.eu\/en\/pood\/tihendusmaterjalid\/hermeetikud-silikoonid-akruulid\/easypro-all-purpose-mitmeotstarbeline-silikoon-penosil\/"]}]},{"@type":"ImageObject","inLanguage":"en-US","@id":"https:\/\/justbuildit.eu\/en\/pood\/tihendusmaterjalid\/hermeetikud-silikoonid-akruulid\/easypro-all-purpose-mitmeotstarbeline-silikoon-penosil\/#primaryimage","url":"https:\/\/justbuildit.eu\/wp-content\/uploads\/2024\/10\/MET_1534-PENOSIL-EasyPRO-All-Purpose-Silicone-Sealant-310ml-EE-RU_spatula-1.webp","contentUrl":"https:\/\/justbuildit.eu\/wp-content\/uploads\/2024\/10\/MET_1534-PENOSIL-EasyPRO-All-Purpose-Silicone-Sealant-310ml-EE-RU_spatula-1.webp","width":600,"height":2000},{"@type":"BreadcrumbList","@id":"https:\/\/justbuildit.eu\/en\/pood\/tihendusmaterjalid\/hermeetikud-silikoonid-akruulid\/easypro-all-purpose-mitmeotstarbeline-silikoon-penosil\/#breadcrumb","itemListElement":[{"@type":"ListItem","position":1,"name":"Home","item":"https:\/\/justbuildit.eu\/en\/"},{"@type":"ListItem","position":2,"name":"Shop","item":"https:\/\/justbuildit.eu\/en\/building-materials\/"},{"@type":"ListItem","position":3,"name":"EasyPRO All Purpose mitmeotstarbeline silikoon PENOSIL"}]},{"@type":"WebSite","@id":"https:\/\/justbuildit.eu\/en\/#website","url":"https:\/\/justbuildit.eu\/en\/","name":"Ehituslahendused","description":"Ehituslahendused ja materjalid","publisher":{"@id":"https:\/\/justbuildit.eu\/en\/#organization"},"potentialAction":[{"@type":"SearchAction","target":{"@type":"EntryPoint","urlTemplate":"https:\/\/justbuildit.eu\/en\/?s={search_term_string}"},"query-input":{"@type":"PropertyValueSpecification","valueRequired":true,"valueName":"search_term_string"}}],"inLanguage":"en-US"},{"@type":"Organization","@id":"https:\/\/justbuildit.eu\/en\/#organization","name":"Just Build It O\u00dc","url":"https:\/\/justbuildit.eu\/en\/","logo":{"@type":"ImageObject","inLanguage":"en-US","@id":"https:\/\/justbuildit.eu\/en\/#\/schema\/logo\/image\/","url":"https:\/\/justbuildit.eu\/wp-content\/uploads\/2022\/01\/justbuildit.png","contentUrl":"https:\/\/justbuildit.eu\/wp-content\/uploads\/2022\/01\/justbuildit.png","width":173,"height":77,"caption":"Just Build It O\u00dc"},"image":{"@id":"https:\/\/justbuildit.eu\/en\/#\/schema\/logo\/image\/"},"sameAs":["https:\/\/www.facebook.com\/justbuildit.ee"]}]}},"_links":{"self":[{"href":"https:\/\/justbuildit.eu\/en\/wp-json\/wp\/v2\/product\/497221","targetHints":{"allow":["GET"]}}],"collection":[{"href":"https:\/\/justbuildit.eu\/en\/wp-json\/wp\/v2\/product"}],"about":[{"href":"https:\/\/justbuildit.eu\/en\/wp-json\/wp\/v2\/types\/product"}],"replies":[{"embeddable":true,"href":"https:\/\/justbuildit.eu\/en\/wp-json\/wp\/v2\/comments?post=497221"}],"wp:featuredmedia":[{"embeddable":true,"href":"https:\/\/justbuildit.eu\/en\/wp-json\/wp\/v2\/media\/497222"}],"wp:attachment":[{"href":"https:\/\/justbuildit.eu\/en\/wp-json\/wp\/v2\/media?parent=497221"}],"wp:term":[{"taxonomy":"product_brand","embeddable":true,"href":"https:\/\/justbuildit.eu\/en\/wp-json\/wp\/v2\/product_brand?post=497221"},{"taxonomy":"product_cat","embeddable":true,"href":"https:\/\/justbuildit.eu\/en\/wp-json\/wp\/v2\/product_cat?post=497221"},{"taxonomy":"product_tag","embeddable":true,"href":"https:\/\/justbuildit.eu\/en\/wp-json\/wp\/v2\/product_tag?post=497221"}],"curies":[{"name":"wp","href":"https:\/\/api.w.org\/{rel}","templated":true}]}}