{"id":503961,"date":"2024-11-16T11:18:01","date_gmt":"2024-11-16T08:18:01","guid":{"rendered":"https:\/\/justbuildit.eu\/?post_type=product&#038;p=503961"},"modified":"2026-04-11T12:02:51","modified_gmt":"2026-04-11T09:02:51","slug":"poranda-ja-seinaliim-kiilto-extra-15l","status":"publish","type":"product","link":"https:\/\/justbuildit.eu\/en\/pood\/liimid\/poranda-ja-seinaliim-kiilto-extra-15l\/","title":{"rendered":"P\u00d5RANDA- JA SEINALIIM KIILTO EXTRA 15L"},"content":{"rendered":"<div class=\"row\"  id=\"row-1943552807\">\n<div id=\"col-781497945\" class=\"col medium-9 small-12 large-9\"  >\n<div class=\"col-inner\"  >\n<h2>Kiilto Extra p\u00f5randa- ja seinaliim<\/h2>\n<p>V\u00e4ga hea algnake ja pikk liimimisaeg. Sobib vin\u00fc\u00fclp\u00f5randakatetele ja &#8211; plaatidele ning tekstiilkatetele. 2-et\u00fc\u00fclheksanoolivaba. Ka m\u00e4rgadesse siseruumidesse.<\/p>\n<div class=\"message-box relative\" style=\"padding-top:15px;padding-bottom:15px;\">\n<div class=\"message-box-bg-image bg-fill fill\" ><\/div>\n<div class=\"message-box-bg-overlay bg-fill fill\" ><\/div>\n<div class=\"container relative\">\n<div class=\"inner last-reset\">\n<div class=\"row align-middle align-center\"  id=\"row-1265094548\">\n<div id=\"col-2048618590\" class=\"col small-12 large-12\"  >\n<div class=\"col-inner text-left\"  >\n<h4>Omadused<\/h4>\n<div class=\"row\"  id=\"row-1741736031\">\n<div id=\"col-1838519880\" class=\"col medium-6 small-12 large-6\"  >\n<div class=\"col-inner\"  >\n<p><i class=\"fa fa-check fa-2x\"><\/i> <strong>Hea algnake, pikk kleepliimimisaeg<\/strong><\/p>\n<p><i class=\"fa fa-check fa-2x\"><\/i> <strong>Veebaasil<\/strong><\/p>\n<\/p>\n<\/div>\n<style>\n#col-1838519880 > .col-inner {\n  margin: 0px 0px 15px 0px;\n}\n<\/style>\n<\/p>\n<\/div>\n<\/div>\n<\/div>\n<\/div>\n<\/div>\n<\/div>\n<\/div>\n<\/div>\n<div id=\"gap-856278055\" class=\"gap-element clearfix\" style=\"display:block; height:auto;\">\n<style>\n#gap-856278055 {\n  padding-top: 30px;\n}\n<\/style>\n<\/p>\n<\/div>\n<h3>Kasutamise \u00fcksikasjad<\/h3>\n<p><strong>Kasutusalad:<\/strong> Akr\u00fc\u00fcldispersioonliim PVC-p\u00f5randakatete ja plaatide paigaldamiseks, siledate ja k\u00e4rgstruktuuriga PVC v\u00f5i kummivahuga kaetud tekstiilp\u00f5randakatete, samuti viltkatete paigaldamiseks. Kiilto Extra sobib ka raskete, \u00fcle 0,6 mm paksuste PVC seinakatete liimimiseks absorbeerivatele ja mitteabsorbeerivatele aluspindadele. Kiilto Extra on ideaalne katete kinnitamisel kui vajatakse head algnaket ja pikka t\u00f6\u00f6aega. Sobib p\u00f5randak\u00fctte korral. Tootel on M1 ehitusmaterjali emissiooniklassifikatsioon.<\/p>\n<p><strong>Kasutusjuhis:<\/strong> Aluspind peab olema kuiv, k\u00f5va, sile, puhas tolmust ja rasvast. Betoonaluspind on soovitatav \u00fcle tasandada Kiilto p\u00f5randatasandusseguga. Tasandussegu madal leeliselisus v\u00e4hendab liimi\u00fchenduse ja katte kahjustumise riski, mis tuleneb betooni k\u00f5rgest leeliselisusest.<br \/>\nPuit- ja plaatp\u00f5randate vuugid tasandatakse ja pinnad eelt\u00f6\u00f6deldakse vajadusel. Liim segada vajadusel enne kasutamist ning kanda seej\u00e4rel peenehambulise liimikammiga \u00fchtlase kihina aluspinnale. Liimimine toimub \u00fcldjuhul m\u00e4rgliimimisena, mille puhul p\u00f5randakate paigaldatakse kohe peale liimi pealekandmist. Kate h\u00f5\u00f5ruda tugevasti kinni aluspinnale, liikudes keskelt \u00e4\u00e4rte poole ja j\u00e4lgides, et \u00f5humullid kaoksid. J\u00e4iga v\u00f5i murdekohtadega p\u00f5randakatte puhul v\u00f5ib lasta liimil kuivada kuni 10-20 min. enne katte paigaldamist. T\u00e4iesti mitteimavale aluspinnale mittepoorset katet paigaldades tuleb lasta liimil enne katte kinni vajutamist lasta seista isegi kuni 60 min v\u00f5i h\u00f5\u00f5ruda paan kergelt kinni, t\u00f5sta seej\u00e4rel uuesti lahti ja lasta kuivada 20-30 min ning seej\u00e4rel h\u00f5\u00f5ruda hoolikalt kinni.<br \/>\nV\u00e4rsked liimiplekid eemaldada veega. Kuivanud plekke saab eemaldada tugevalt leeliselise puhastusvahendiga v\u00f5i ks\u00fcleeniga. Paigaldamisel j\u00e4rgige ka p\u00f5randakatte tootja juhiseid. Kuivanud liimipinda ja katet saab kuumaktiveerida kuuma\u00f5hup\u00fcstoliga: kuumutage liimi ja katet ja h\u00f5\u00f5ruge kate aluspinnale (nt. p\u00f5randakatte \u00fclesp\u00f6\u00f6rded seinale m\u00e4rgades ruumides ja wc-s).<\/p>\n<p><strong>Keskkond ja ohutus:<\/strong> V\u00e4ltige kuivamata toote kokkupuudet nahaga, kasutage kaitsekindaid. Tutvuge tooteohutuskaardiga.<\/p>\n<\/p>\n<\/div>\n<\/div>\n<div id=\"col-1574717312\" class=\"col medium-3 small-12 large-3\"  >\n<div class=\"col-inner\"  >\n<div id=\"gap-1944706555\" class=\"gap-element clearfix\" style=\"display:block; height:auto;\">\n<style>\n#gap-1944706555 {\n  padding-top: 30px;\n}\n<\/style>\n<\/p>\n<\/div>\n<h3>Tehniline informatsioon<\/h3>\n<p><a href=\"https:\/\/espak.ee\/epood\/wp-content\/uploads\/extra-tooteleht.pdf\" target=\"_blank\" rel=\"noopener noreferrer\"><i class=\"far fa-file-pdf\"><\/i> Tehniline info (PDF)<\/a><\/p>\n<h3>Ohutusalane teave<\/h3>\n<p><a href=\"https:\/\/espak.ee\/epood\/wp-content\/uploads\/extra-ohutuskaart.pdf\" target=\"_blank\" rel=\"noopener noreferrer\"><i class=\"far fa-file-pdf\"><\/i> Ohutusalane teave (PDF)<\/a><\/p>\n<div class=\"is-divider divider clearfix\" ><\/div>\n<p><strong>\u00dcksikasjalikuma n\u00f5u saamiseks v\u00f5tke \u00fchendust:<br \/><\/strong>Kiilto Eesti O\u00dc<br \/>L\u00e4ike tee 4<br \/>75312<br \/>Rae vald<br \/>(+372) 60 31 900<\/p>\n<div class=\"is-divider divider clearfix\" ><\/div>\n<\/p>\n<\/div>\n<\/div>\n<\/div>\n","protected":false},"excerpt":{"rendered":"<p>V\u00e4ga hea algnake ja pikk liimimisaeg. Sobib vin\u00fc\u00fclp\u00f5randakatetele ja &#8211; plaatidele ning tekstiilkatetele. 2-et\u00fc\u00fclheksanoolivaba. Ka m\u00e4rgadesse siseruumidesse.<\/p>","protected":false},"featured_media":503962,"comment_status":"open","ping_status":"closed","template":"","meta":{"_acf_changed":false},"product_brand":[],"product_cat":[89,498],"product_tag":[],"class_list":{"0":"post-503961","1":"product","2":"type-product","3":"status-publish","4":"has-post-thumbnail","6":"product_cat-liimid","7":"product_cat-espak","9":"first","10":"instock","11":"sale","12":"shipping-taxable","13":"purchasable","14":"product-type-simple"},"acf":[],"yoast_head":"<!-- This site is optimized with the Yoast SEO Premium plugin v18.7 (Yoast SEO v26.5) - https:\/\/yoast.com\/wordpress\/plugins\/seo\/ -->\n<title>P\u00d5RANDA- JA SEINALIIM KIILTO EXTRA 15L - Ehituslahendused<\/title>\n<meta name=\"robots\" content=\"index, follow, max-snippet:-1, max-image-preview:large, max-video-preview:-1\" \/>\n<link rel=\"canonical\" href=\"https:\/\/justbuildit.eu\/en\/pood\/liimid\/poranda-ja-seinaliim-kiilto-extra-15l\/\" \/>\n<meta property=\"og:locale\" content=\"en_US\" \/>\n<meta property=\"og:type\" content=\"article\" \/>\n<meta property=\"og:title\" content=\"P\u00d5RANDA- JA SEINALIIM KIILTO EXTRA 15L\" \/>\n<meta property=\"og:description\" content=\"V\u00e4ga hea algnake ja pikk liimimisaeg. Sobib vin\u00fc\u00fclp\u00f5randakatetele ja - plaatidele ning tekstiilkatetele. 2-et\u00fc\u00fclheksanoolivaba. Ka m\u00e4rgadesse siseruumidesse.\" \/>\n<meta property=\"og:url\" content=\"https:\/\/justbuildit.eu\/en\/pood\/liimid\/poranda-ja-seinaliim-kiilto-extra-15l\/\" \/>\n<meta property=\"og:site_name\" content=\"Ehituslahendused\" \/>\n<meta property=\"article:publisher\" content=\"https:\/\/www.facebook.com\/justbuildit.ee\" \/>\n<meta property=\"article:modified_time\" content=\"2026-04-11T09:02:51+00:00\" \/>\n<meta property=\"og:image\" content=\"https:\/\/justbuildit.eu\/wp-content\/uploads\/2024\/11\/extra.png\" \/>\n\t<meta property=\"og:image:width\" content=\"800\" \/>\n\t<meta property=\"og:image:height\" content=\"800\" \/>\n\t<meta property=\"og:image:type\" content=\"image\/png\" \/>\n<meta name=\"twitter:card\" content=\"summary_large_image\" \/>\n<script type=\"application\/ld+json\" class=\"yoast-schema-graph\">{\"@context\":\"https:\/\/schema.org\",\"@graph\":[{\"@type\":\"WebPage\",\"@id\":\"https:\/\/justbuildit.eu\/en\/pood\/liimid\/poranda-ja-seinaliim-kiilto-extra-15l\/\",\"url\":\"https:\/\/justbuildit.eu\/en\/pood\/liimid\/poranda-ja-seinaliim-kiilto-extra-15l\/\",\"name\":\"P\u00d5RANDA- JA SEINALIIM KIILTO EXTRA 15L - Ehituslahendused\",\"isPartOf\":{\"@id\":\"https:\/\/justbuildit.eu\/en\/#website\"},\"primaryImageOfPage\":{\"@id\":\"https:\/\/justbuildit.eu\/en\/pood\/liimid\/poranda-ja-seinaliim-kiilto-extra-15l\/#primaryimage\"},\"image\":{\"@id\":\"https:\/\/justbuildit.eu\/en\/pood\/liimid\/poranda-ja-seinaliim-kiilto-extra-15l\/#primaryimage\"},\"thumbnailUrl\":\"https:\/\/justbuildit.eu\/wp-content\/uploads\/2024\/11\/extra.png\",\"datePublished\":\"2024-11-16T08:18:01+00:00\",\"dateModified\":\"2026-04-11T09:02:51+00:00\",\"breadcrumb\":{\"@id\":\"https:\/\/justbuildit.eu\/en\/pood\/liimid\/poranda-ja-seinaliim-kiilto-extra-15l\/#breadcrumb\"},\"inLanguage\":\"en-US\",\"potentialAction\":[{\"@type\":\"ReadAction\",\"target\":[\"https:\/\/justbuildit.eu\/en\/pood\/liimid\/poranda-ja-seinaliim-kiilto-extra-15l\/\"]}]},{\"@type\":\"ImageObject\",\"inLanguage\":\"en-US\",\"@id\":\"https:\/\/justbuildit.eu\/en\/pood\/liimid\/poranda-ja-seinaliim-kiilto-extra-15l\/#primaryimage\",\"url\":\"https:\/\/justbuildit.eu\/wp-content\/uploads\/2024\/11\/extra.png\",\"contentUrl\":\"https:\/\/justbuildit.eu\/wp-content\/uploads\/2024\/11\/extra.png\",\"width\":800,\"height\":800},{\"@type\":\"BreadcrumbList\",\"@id\":\"https:\/\/justbuildit.eu\/en\/pood\/liimid\/poranda-ja-seinaliim-kiilto-extra-15l\/#breadcrumb\",\"itemListElement\":[{\"@type\":\"ListItem\",\"position\":1,\"name\":\"Home\",\"item\":\"https:\/\/justbuildit.eu\/en\/\"},{\"@type\":\"ListItem\",\"position\":2,\"name\":\"Shop\",\"item\":\"https:\/\/justbuildit.eu\/en\/building-materials\/\"},{\"@type\":\"ListItem\",\"position\":3,\"name\":\"P\u00d5RANDA- JA SEINALIIM KIILTO EXTRA 15L\"}]},{\"@type\":\"WebSite\",\"@id\":\"https:\/\/justbuildit.eu\/en\/#website\",\"url\":\"https:\/\/justbuildit.eu\/en\/\",\"name\":\"Ehituslahendused\",\"description\":\"Ehituslahendused ja materjalid\",\"publisher\":{\"@id\":\"https:\/\/justbuildit.eu\/en\/#organization\"},\"potentialAction\":[{\"@type\":\"SearchAction\",\"target\":{\"@type\":\"EntryPoint\",\"urlTemplate\":\"https:\/\/justbuildit.eu\/en\/?s={search_term_string}\"},\"query-input\":{\"@type\":\"PropertyValueSpecification\",\"valueRequired\":true,\"valueName\":\"search_term_string\"}}],\"inLanguage\":\"en-US\"},{\"@type\":\"Organization\",\"@id\":\"https:\/\/justbuildit.eu\/en\/#organization\",\"name\":\"Just Build It O\u00dc\",\"url\":\"https:\/\/justbuildit.eu\/en\/\",\"logo\":{\"@type\":\"ImageObject\",\"inLanguage\":\"en-US\",\"@id\":\"https:\/\/justbuildit.eu\/en\/#\/schema\/logo\/image\/\",\"url\":\"https:\/\/justbuildit.eu\/wp-content\/uploads\/2022\/01\/justbuildit.png\",\"contentUrl\":\"https:\/\/justbuildit.eu\/wp-content\/uploads\/2022\/01\/justbuildit.png\",\"width\":173,\"height\":77,\"caption\":\"Just Build It O\u00dc\"},\"image\":{\"@id\":\"https:\/\/justbuildit.eu\/en\/#\/schema\/logo\/image\/\"},\"sameAs\":[\"https:\/\/www.facebook.com\/justbuildit.ee\"]}]}<\/script>\n<!-- \/ Yoast SEO Premium plugin. -->","yoast_head_json":{"title":"P\u00d5RANDA- JA SEINALIIM KIILTO EXTRA 15L - Ehituslahendused","robots":{"index":"index","follow":"follow","max-snippet":"max-snippet:-1","max-image-preview":"max-image-preview:large","max-video-preview":"max-video-preview:-1"},"canonical":"https:\/\/justbuildit.eu\/en\/pood\/liimid\/poranda-ja-seinaliim-kiilto-extra-15l\/","og_locale":"en_US","og_type":"article","og_title":"P\u00d5RANDA- JA SEINALIIM KIILTO EXTRA 15L","og_description":"V\u00e4ga hea algnake ja pikk liimimisaeg. Sobib vin\u00fc\u00fclp\u00f5randakatetele ja - plaatidele ning tekstiilkatetele. 2-et\u00fc\u00fclheksanoolivaba. Ka m\u00e4rgadesse siseruumidesse.","og_url":"https:\/\/justbuildit.eu\/en\/pood\/liimid\/poranda-ja-seinaliim-kiilto-extra-15l\/","og_site_name":"Ehituslahendused","article_publisher":"https:\/\/www.facebook.com\/justbuildit.ee","article_modified_time":"2026-04-11T09:02:51+00:00","og_image":[{"width":800,"height":800,"url":"https:\/\/justbuildit.eu\/wp-content\/uploads\/2024\/11\/extra.png","type":"image\/png"}],"twitter_card":"summary_large_image","schema":{"@context":"https:\/\/schema.org","@graph":[{"@type":"WebPage","@id":"https:\/\/justbuildit.eu\/en\/pood\/liimid\/poranda-ja-seinaliim-kiilto-extra-15l\/","url":"https:\/\/justbuildit.eu\/en\/pood\/liimid\/poranda-ja-seinaliim-kiilto-extra-15l\/","name":"P\u00d5RANDA- JA SEINALIIM KIILTO EXTRA 15L - Ehituslahendused","isPartOf":{"@id":"https:\/\/justbuildit.eu\/en\/#website"},"primaryImageOfPage":{"@id":"https:\/\/justbuildit.eu\/en\/pood\/liimid\/poranda-ja-seinaliim-kiilto-extra-15l\/#primaryimage"},"image":{"@id":"https:\/\/justbuildit.eu\/en\/pood\/liimid\/poranda-ja-seinaliim-kiilto-extra-15l\/#primaryimage"},"thumbnailUrl":"https:\/\/justbuildit.eu\/wp-content\/uploads\/2024\/11\/extra.png","datePublished":"2024-11-16T08:18:01+00:00","dateModified":"2026-04-11T09:02:51+00:00","breadcrumb":{"@id":"https:\/\/justbuildit.eu\/en\/pood\/liimid\/poranda-ja-seinaliim-kiilto-extra-15l\/#breadcrumb"},"inLanguage":"en-US","potentialAction":[{"@type":"ReadAction","target":["https:\/\/justbuildit.eu\/en\/pood\/liimid\/poranda-ja-seinaliim-kiilto-extra-15l\/"]}]},{"@type":"ImageObject","inLanguage":"en-US","@id":"https:\/\/justbuildit.eu\/en\/pood\/liimid\/poranda-ja-seinaliim-kiilto-extra-15l\/#primaryimage","url":"https:\/\/justbuildit.eu\/wp-content\/uploads\/2024\/11\/extra.png","contentUrl":"https:\/\/justbuildit.eu\/wp-content\/uploads\/2024\/11\/extra.png","width":800,"height":800},{"@type":"BreadcrumbList","@id":"https:\/\/justbuildit.eu\/en\/pood\/liimid\/poranda-ja-seinaliim-kiilto-extra-15l\/#breadcrumb","itemListElement":[{"@type":"ListItem","position":1,"name":"Home","item":"https:\/\/justbuildit.eu\/en\/"},{"@type":"ListItem","position":2,"name":"Shop","item":"https:\/\/justbuildit.eu\/en\/building-materials\/"},{"@type":"ListItem","position":3,"name":"P\u00d5RANDA- JA SEINALIIM KIILTO EXTRA 15L"}]},{"@type":"WebSite","@id":"https:\/\/justbuildit.eu\/en\/#website","url":"https:\/\/justbuildit.eu\/en\/","name":"Ehituslahendused","description":"Ehituslahendused ja materjalid","publisher":{"@id":"https:\/\/justbuildit.eu\/en\/#organization"},"potentialAction":[{"@type":"SearchAction","target":{"@type":"EntryPoint","urlTemplate":"https:\/\/justbuildit.eu\/en\/?s={search_term_string}"},"query-input":{"@type":"PropertyValueSpecification","valueRequired":true,"valueName":"search_term_string"}}],"inLanguage":"en-US"},{"@type":"Organization","@id":"https:\/\/justbuildit.eu\/en\/#organization","name":"Just Build It O\u00dc","url":"https:\/\/justbuildit.eu\/en\/","logo":{"@type":"ImageObject","inLanguage":"en-US","@id":"https:\/\/justbuildit.eu\/en\/#\/schema\/logo\/image\/","url":"https:\/\/justbuildit.eu\/wp-content\/uploads\/2022\/01\/justbuildit.png","contentUrl":"https:\/\/justbuildit.eu\/wp-content\/uploads\/2022\/01\/justbuildit.png","width":173,"height":77,"caption":"Just Build It O\u00dc"},"image":{"@id":"https:\/\/justbuildit.eu\/en\/#\/schema\/logo\/image\/"},"sameAs":["https:\/\/www.facebook.com\/justbuildit.ee"]}]}},"_links":{"self":[{"href":"https:\/\/justbuildit.eu\/en\/wp-json\/wp\/v2\/product\/503961","targetHints":{"allow":["GET"]}}],"collection":[{"href":"https:\/\/justbuildit.eu\/en\/wp-json\/wp\/v2\/product"}],"about":[{"href":"https:\/\/justbuildit.eu\/en\/wp-json\/wp\/v2\/types\/product"}],"replies":[{"embeddable":true,"href":"https:\/\/justbuildit.eu\/en\/wp-json\/wp\/v2\/comments?post=503961"}],"wp:featuredmedia":[{"embeddable":true,"href":"https:\/\/justbuildit.eu\/en\/wp-json\/wp\/v2\/media\/503962"}],"wp:attachment":[{"href":"https:\/\/justbuildit.eu\/en\/wp-json\/wp\/v2\/media?parent=503961"}],"wp:term":[{"taxonomy":"product_brand","embeddable":true,"href":"https:\/\/justbuildit.eu\/en\/wp-json\/wp\/v2\/product_brand?post=503961"},{"taxonomy":"product_cat","embeddable":true,"href":"https:\/\/justbuildit.eu\/en\/wp-json\/wp\/v2\/product_cat?post=503961"},{"taxonomy":"product_tag","embeddable":true,"href":"https:\/\/justbuildit.eu\/en\/wp-json\/wp\/v2\/product_tag?post=503961"}],"curies":[{"name":"wp","href":"https:\/\/api.w.org\/{rel}","templated":true}]}}