{"id":503968,"date":"2024-11-16T11:31:40","date_gmt":"2024-11-16T08:31:40","guid":{"rendered":"https:\/\/justbuildit.eu\/?post_type=product&#038;p=503968"},"modified":"2024-11-16T11:31:40","modified_gmt":"2024-11-16T08:31:40","slug":"floorwall-universalfix-619-seina-ja-porandakatete-liim-penosil","status":"publish","type":"product","link":"https:\/\/justbuildit.eu\/en\/pood\/liimid\/floorwall-universalfix-619-seina-ja-porandakatete-liim-penosil\/","title":{"rendered":"Floor&#038;Wall UniversalFix 619 seina- ja p\u00f5randakatete liim, Penosil"},"content":{"rendered":"<p>PENOSIL Floor&amp;Wall UniversalFix 619 on veep\u00f5hine akr\u00fc\u00fclliim mitmesuguste p\u00f5randa- ja seinakatete, nagu vaipade, PVC, vin\u00fc\u00fcli, vildi ja korgi liimimiseks. Hea nakkuvus isegi siledatel ja mitteimavatel pindadel.<\/p>\n<ul>\n<li>Pinna, liimi ja kattematerjali temperatuur paigalduse ajal +18\u00b0C kuni +25\u00b0C.<\/li>\n<li>Aluspinna niiskussisaldus v\u00f5ib olla k\u00f5ige enam 90%.<\/li>\n<li>Betoonp\u00f5randad ja tasandussegust p\u00f5randad on soovitav kruntida Penosil Premium BetPrimeri vesilahusega, mille lahjendussuhe on 1 : 5 .<\/li>\n<li>J\u00e4rgige kattematerjali tootja juhiseid.<\/li>\n<\/ul>\n<p>Ettevalmistus<br \/>\nAluspind peaks olema paigaldamiseks valmis, st tugev, puhas, kuiv ning \u00f5li-, tolmu- ja rasvavaba. Kasutustingimused tuleb tagada kehtivate ehitusn\u00f5uete ja standardi DIN 18356 (parketit\u00f6\u00f6d) kohaselt.<\/p>\n<p>Lihvige tsement-, betoon- ja anh\u00fcdriitp\u00f5randad ning ebatasased ja vanemad aluspinnad, kuni moodustub tugev liimitav pind. P\u00e4rast lihvimist eemaldage p\u00f5randalt kogu tolm.<\/p>\n<p>Liimimine<br \/>\nLaske liimil ja kattematerjalil saavutada toatemperatuur, vajaduse korral eemaldage liimilt kile. Segage liim korralikult l\u00e4bi ja kandke kelluga aluspinnale sellises ulatuses, mille j\u00f5uaksite etten\u00e4htud paigaldusaja jooksul katta.<\/p>\n<p>Vajutage kattematerjal liimile, nihutage \u00f5igesse asendisse ning eemaldage kattematerjali ja aluspinna vahelised \u00f5humullid, j\u00e4rgides kattematerjali tootja juhiseid. Tugevama nakke saavutamiseks v\u00f5ib liimitava materjali paigaldada 5-15 minuti p\u00e4rast.<\/p>\n<p>Hiliseim aeg m\u00e4rgliimimiseks on kuni 20 minutit p\u00e4rast liimi aluspinnale kandmist. Liimitud materjal tuleb sobiva t\u00f6\u00f6riista abil korralikult kinni h\u00f5\u00f5ruda.<\/p>\n<p>Siledate ja mitteimavate materjalide puhul on soovitatav kasutada kahepoolset liimimist. Kandke liim kellu abil aluspinnale nagu tavaliselt, asetage liimitav materjal liimile, suruge pinnad korraks kokku ja eemaldage uuesti. Hoidke pindu 5\u201310 minutit lahus, et liim saaks veidi aega kuivada, ja \u00fchendage need l\u00f5puks uuesti, surudes kattematerjali tugevasti vastu aluspinda.<\/p>\n<p>M\u00e4rgruumide katmisel tehke k\u00f5ik kattematerjali vuugid veetihedaks. Liimikulu ja liimimismeetod oleneb kattematerjalist ja aluspinna imamisomadustest.<\/p>\n","protected":false},"excerpt":{"rendered":"<h1 class=\"product_title entry-title\">PENOSIL Floor&amp;Wall UniversalFix 619 on veep\u00f5hine akr\u00fc\u00fclliim mitmesuguste p\u00f5randa- ja seinakatete, nagu vaipade, PVC, vin\u00fc\u00fcli, vildi ja korgi liimimiseks. Hea nakkuvus isegi siledatel ja mitteimavatel pindadel.<\/h1>","protected":false},"featured_media":503969,"comment_status":"open","ping_status":"closed","template":"","meta":{"_acf_changed":false},"product_brand":[],"product_cat":[89],"product_tag":[],"class_list":{"0":"post-503968","1":"product","2":"type-product","3":"status-publish","4":"has-post-thumbnail","6":"product_cat-liimid","8":"first","9":"instock","10":"shipping-taxable","11":"purchasable","12":"product-type-simple"},"acf":[],"yoast_head":"<!-- This site is optimized with the Yoast SEO Premium plugin v18.7 (Yoast SEO v26.5) - https:\/\/yoast.com\/wordpress\/plugins\/seo\/ -->\n<title>Floor&amp;Wall UniversalFix 619 seina- ja p\u00f5randakatete liim, Penosil - Ehituslahendused<\/title>\n<meta name=\"description\" content=\"veep\u00f5hine akr\u00fc\u00fclliim mitmesuguste p\u00f5randa- ja seinakatete, nagu vaipade, PVC, vin\u00fc\u00fcli, vildi ja korgi liimimiseks. Hea nakkuvus isegi siledatel ja mitteimavatel pindadel\" \/>\n<meta name=\"robots\" content=\"index, follow, max-snippet:-1, max-image-preview:large, max-video-preview:-1\" \/>\n<link rel=\"canonical\" href=\"https:\/\/justbuildit.eu\/en\/pood\/liimid\/floorwall-universalfix-619-seina-ja-porandakatete-liim-penosil\/\" \/>\n<meta property=\"og:locale\" content=\"en_US\" \/>\n<meta property=\"og:type\" content=\"article\" \/>\n<meta property=\"og:title\" content=\"Floor&amp;Wall UniversalFix 619 seina- ja p\u00f5randakatete liim, Penosil\" \/>\n<meta property=\"og:description\" content=\"veep\u00f5hine akr\u00fc\u00fclliim mitmesuguste p\u00f5randa- ja seinakatete, nagu vaipade, PVC, vin\u00fc\u00fcli, vildi ja korgi liimimiseks. Hea nakkuvus isegi siledatel ja mitteimavatel pindadel\" \/>\n<meta property=\"og:url\" content=\"https:\/\/justbuildit.eu\/en\/pood\/liimid\/floorwall-universalfix-619-seina-ja-porandakatete-liim-penosil\/\" \/>\n<meta property=\"og:site_name\" content=\"Ehituslahendused\" \/>\n<meta property=\"article:publisher\" content=\"https:\/\/www.facebook.com\/justbuildit.ee\" \/>\n<meta property=\"og:image\" content=\"https:\/\/justbuildit.eu\/wp-content\/uploads\/2024\/11\/619_Floor26Wall_UniversalFix_619.webp\" \/>\n\t<meta property=\"og:image:width\" content=\"1080\" \/>\n\t<meta property=\"og:image:height\" content=\"608\" \/>\n\t<meta property=\"og:image:type\" content=\"image\/webp\" \/>\n<meta name=\"twitter:card\" content=\"summary_large_image\" \/>\n<script type=\"application\/ld+json\" class=\"yoast-schema-graph\">{\"@context\":\"https:\/\/schema.org\",\"@graph\":[{\"@type\":\"WebPage\",\"@id\":\"https:\/\/justbuildit.eu\/en\/pood\/liimid\/floorwall-universalfix-619-seina-ja-porandakatete-liim-penosil\/\",\"url\":\"https:\/\/justbuildit.eu\/en\/pood\/liimid\/floorwall-universalfix-619-seina-ja-porandakatete-liim-penosil\/\",\"name\":\"Floor&Wall UniversalFix 619 seina- ja p\u00f5randakatete liim, Penosil - Ehituslahendused\",\"isPartOf\":{\"@id\":\"https:\/\/justbuildit.eu\/en\/#website\"},\"primaryImageOfPage\":{\"@id\":\"https:\/\/justbuildit.eu\/en\/pood\/liimid\/floorwall-universalfix-619-seina-ja-porandakatete-liim-penosil\/#primaryimage\"},\"image\":{\"@id\":\"https:\/\/justbuildit.eu\/en\/pood\/liimid\/floorwall-universalfix-619-seina-ja-porandakatete-liim-penosil\/#primaryimage\"},\"thumbnailUrl\":\"https:\/\/justbuildit.eu\/wp-content\/uploads\/2024\/11\/619_Floor26Wall_UniversalFix_619.webp\",\"datePublished\":\"2024-11-16T08:31:40+00:00\",\"description\":\"veep\u00f5hine akr\u00fc\u00fclliim mitmesuguste p\u00f5randa- ja seinakatete, nagu vaipade, PVC, vin\u00fc\u00fcli, vildi ja korgi liimimiseks. Hea nakkuvus isegi siledatel ja mitteimavatel pindadel\",\"breadcrumb\":{\"@id\":\"https:\/\/justbuildit.eu\/en\/pood\/liimid\/floorwall-universalfix-619-seina-ja-porandakatete-liim-penosil\/#breadcrumb\"},\"inLanguage\":\"en-US\",\"potentialAction\":[{\"@type\":\"ReadAction\",\"target\":[\"https:\/\/justbuildit.eu\/en\/pood\/liimid\/floorwall-universalfix-619-seina-ja-porandakatete-liim-penosil\/\"]}]},{\"@type\":\"ImageObject\",\"inLanguage\":\"en-US\",\"@id\":\"https:\/\/justbuildit.eu\/en\/pood\/liimid\/floorwall-universalfix-619-seina-ja-porandakatete-liim-penosil\/#primaryimage\",\"url\":\"https:\/\/justbuildit.eu\/wp-content\/uploads\/2024\/11\/619_Floor26Wall_UniversalFix_619.webp\",\"contentUrl\":\"https:\/\/justbuildit.eu\/wp-content\/uploads\/2024\/11\/619_Floor26Wall_UniversalFix_619.webp\",\"width\":1080,\"height\":608},{\"@type\":\"BreadcrumbList\",\"@id\":\"https:\/\/justbuildit.eu\/en\/pood\/liimid\/floorwall-universalfix-619-seina-ja-porandakatete-liim-penosil\/#breadcrumb\",\"itemListElement\":[{\"@type\":\"ListItem\",\"position\":1,\"name\":\"Home\",\"item\":\"https:\/\/justbuildit.eu\/en\/\"},{\"@type\":\"ListItem\",\"position\":2,\"name\":\"Shop\",\"item\":\"https:\/\/justbuildit.eu\/en\/building-materials\/\"},{\"@type\":\"ListItem\",\"position\":3,\"name\":\"Floor&#038;Wall UniversalFix 619 seina- ja p\u00f5randakatete liim, Penosil\"}]},{\"@type\":\"WebSite\",\"@id\":\"https:\/\/justbuildit.eu\/en\/#website\",\"url\":\"https:\/\/justbuildit.eu\/en\/\",\"name\":\"Ehituslahendused\",\"description\":\"Ehituslahendused ja materjalid\",\"publisher\":{\"@id\":\"https:\/\/justbuildit.eu\/en\/#organization\"},\"potentialAction\":[{\"@type\":\"SearchAction\",\"target\":{\"@type\":\"EntryPoint\",\"urlTemplate\":\"https:\/\/justbuildit.eu\/en\/?s={search_term_string}\"},\"query-input\":{\"@type\":\"PropertyValueSpecification\",\"valueRequired\":true,\"valueName\":\"search_term_string\"}}],\"inLanguage\":\"en-US\"},{\"@type\":\"Organization\",\"@id\":\"https:\/\/justbuildit.eu\/en\/#organization\",\"name\":\"Just Build It O\u00dc\",\"url\":\"https:\/\/justbuildit.eu\/en\/\",\"logo\":{\"@type\":\"ImageObject\",\"inLanguage\":\"en-US\",\"@id\":\"https:\/\/justbuildit.eu\/en\/#\/schema\/logo\/image\/\",\"url\":\"https:\/\/justbuildit.eu\/wp-content\/uploads\/2022\/01\/justbuildit.png\",\"contentUrl\":\"https:\/\/justbuildit.eu\/wp-content\/uploads\/2022\/01\/justbuildit.png\",\"width\":173,\"height\":77,\"caption\":\"Just Build It O\u00dc\"},\"image\":{\"@id\":\"https:\/\/justbuildit.eu\/en\/#\/schema\/logo\/image\/\"},\"sameAs\":[\"https:\/\/www.facebook.com\/justbuildit.ee\"]}]}<\/script>\n<!-- \/ Yoast SEO Premium plugin. -->","yoast_head_json":{"title":"Floor&Wall UniversalFix 619 seina- ja p\u00f5randakatete liim, Penosil - Ehituslahendused","description":"veep\u00f5hine akr\u00fc\u00fclliim mitmesuguste p\u00f5randa- ja seinakatete, nagu vaipade, PVC, vin\u00fc\u00fcli, vildi ja korgi liimimiseks. Hea nakkuvus isegi siledatel ja mitteimavatel pindadel","robots":{"index":"index","follow":"follow","max-snippet":"max-snippet:-1","max-image-preview":"max-image-preview:large","max-video-preview":"max-video-preview:-1"},"canonical":"https:\/\/justbuildit.eu\/en\/pood\/liimid\/floorwall-universalfix-619-seina-ja-porandakatete-liim-penosil\/","og_locale":"en_US","og_type":"article","og_title":"Floor&Wall UniversalFix 619 seina- ja p\u00f5randakatete liim, Penosil","og_description":"veep\u00f5hine akr\u00fc\u00fclliim mitmesuguste p\u00f5randa- ja seinakatete, nagu vaipade, PVC, vin\u00fc\u00fcli, vildi ja korgi liimimiseks. Hea nakkuvus isegi siledatel ja mitteimavatel pindadel","og_url":"https:\/\/justbuildit.eu\/en\/pood\/liimid\/floorwall-universalfix-619-seina-ja-porandakatete-liim-penosil\/","og_site_name":"Ehituslahendused","article_publisher":"https:\/\/www.facebook.com\/justbuildit.ee","og_image":[{"width":1080,"height":608,"url":"https:\/\/justbuildit.eu\/wp-content\/uploads\/2024\/11\/619_Floor26Wall_UniversalFix_619.webp","type":"image\/webp"}],"twitter_card":"summary_large_image","schema":{"@context":"https:\/\/schema.org","@graph":[{"@type":"WebPage","@id":"https:\/\/justbuildit.eu\/en\/pood\/liimid\/floorwall-universalfix-619-seina-ja-porandakatete-liim-penosil\/","url":"https:\/\/justbuildit.eu\/en\/pood\/liimid\/floorwall-universalfix-619-seina-ja-porandakatete-liim-penosil\/","name":"Floor&Wall UniversalFix 619 seina- ja p\u00f5randakatete liim, Penosil - Ehituslahendused","isPartOf":{"@id":"https:\/\/justbuildit.eu\/en\/#website"},"primaryImageOfPage":{"@id":"https:\/\/justbuildit.eu\/en\/pood\/liimid\/floorwall-universalfix-619-seina-ja-porandakatete-liim-penosil\/#primaryimage"},"image":{"@id":"https:\/\/justbuildit.eu\/en\/pood\/liimid\/floorwall-universalfix-619-seina-ja-porandakatete-liim-penosil\/#primaryimage"},"thumbnailUrl":"https:\/\/justbuildit.eu\/wp-content\/uploads\/2024\/11\/619_Floor26Wall_UniversalFix_619.webp","datePublished":"2024-11-16T08:31:40+00:00","description":"veep\u00f5hine akr\u00fc\u00fclliim mitmesuguste p\u00f5randa- ja seinakatete, nagu vaipade, PVC, vin\u00fc\u00fcli, vildi ja korgi liimimiseks. Hea nakkuvus isegi siledatel ja mitteimavatel pindadel","breadcrumb":{"@id":"https:\/\/justbuildit.eu\/en\/pood\/liimid\/floorwall-universalfix-619-seina-ja-porandakatete-liim-penosil\/#breadcrumb"},"inLanguage":"en-US","potentialAction":[{"@type":"ReadAction","target":["https:\/\/justbuildit.eu\/en\/pood\/liimid\/floorwall-universalfix-619-seina-ja-porandakatete-liim-penosil\/"]}]},{"@type":"ImageObject","inLanguage":"en-US","@id":"https:\/\/justbuildit.eu\/en\/pood\/liimid\/floorwall-universalfix-619-seina-ja-porandakatete-liim-penosil\/#primaryimage","url":"https:\/\/justbuildit.eu\/wp-content\/uploads\/2024\/11\/619_Floor26Wall_UniversalFix_619.webp","contentUrl":"https:\/\/justbuildit.eu\/wp-content\/uploads\/2024\/11\/619_Floor26Wall_UniversalFix_619.webp","width":1080,"height":608},{"@type":"BreadcrumbList","@id":"https:\/\/justbuildit.eu\/en\/pood\/liimid\/floorwall-universalfix-619-seina-ja-porandakatete-liim-penosil\/#breadcrumb","itemListElement":[{"@type":"ListItem","position":1,"name":"Home","item":"https:\/\/justbuildit.eu\/en\/"},{"@type":"ListItem","position":2,"name":"Shop","item":"https:\/\/justbuildit.eu\/en\/building-materials\/"},{"@type":"ListItem","position":3,"name":"Floor&#038;Wall UniversalFix 619 seina- ja p\u00f5randakatete liim, Penosil"}]},{"@type":"WebSite","@id":"https:\/\/justbuildit.eu\/en\/#website","url":"https:\/\/justbuildit.eu\/en\/","name":"Ehituslahendused","description":"Ehituslahendused ja materjalid","publisher":{"@id":"https:\/\/justbuildit.eu\/en\/#organization"},"potentialAction":[{"@type":"SearchAction","target":{"@type":"EntryPoint","urlTemplate":"https:\/\/justbuildit.eu\/en\/?s={search_term_string}"},"query-input":{"@type":"PropertyValueSpecification","valueRequired":true,"valueName":"search_term_string"}}],"inLanguage":"en-US"},{"@type":"Organization","@id":"https:\/\/justbuildit.eu\/en\/#organization","name":"Just Build It O\u00dc","url":"https:\/\/justbuildit.eu\/en\/","logo":{"@type":"ImageObject","inLanguage":"en-US","@id":"https:\/\/justbuildit.eu\/en\/#\/schema\/logo\/image\/","url":"https:\/\/justbuildit.eu\/wp-content\/uploads\/2022\/01\/justbuildit.png","contentUrl":"https:\/\/justbuildit.eu\/wp-content\/uploads\/2022\/01\/justbuildit.png","width":173,"height":77,"caption":"Just Build It O\u00dc"},"image":{"@id":"https:\/\/justbuildit.eu\/en\/#\/schema\/logo\/image\/"},"sameAs":["https:\/\/www.facebook.com\/justbuildit.ee"]}]}},"_links":{"self":[{"href":"https:\/\/justbuildit.eu\/en\/wp-json\/wp\/v2\/product\/503968","targetHints":{"allow":["GET"]}}],"collection":[{"href":"https:\/\/justbuildit.eu\/en\/wp-json\/wp\/v2\/product"}],"about":[{"href":"https:\/\/justbuildit.eu\/en\/wp-json\/wp\/v2\/types\/product"}],"replies":[{"embeddable":true,"href":"https:\/\/justbuildit.eu\/en\/wp-json\/wp\/v2\/comments?post=503968"}],"wp:featuredmedia":[{"embeddable":true,"href":"https:\/\/justbuildit.eu\/en\/wp-json\/wp\/v2\/media\/503969"}],"wp:attachment":[{"href":"https:\/\/justbuildit.eu\/en\/wp-json\/wp\/v2\/media?parent=503968"}],"wp:term":[{"taxonomy":"product_brand","embeddable":true,"href":"https:\/\/justbuildit.eu\/en\/wp-json\/wp\/v2\/product_brand?post=503968"},{"taxonomy":"product_cat","embeddable":true,"href":"https:\/\/justbuildit.eu\/en\/wp-json\/wp\/v2\/product_cat?post=503968"},{"taxonomy":"product_tag","embeddable":true,"href":"https:\/\/justbuildit.eu\/en\/wp-json\/wp\/v2\/product_tag?post=503968"}],"curies":[{"name":"wp","href":"https:\/\/api.w.org\/{rel}","templated":true}]}}