{"id":503978,"date":"2024-11-16T11:47:56","date_gmt":"2024-11-16T08:47:56","guid":{"rendered":"https:\/\/justbuildit.eu\/?post_type=product&#038;p=503978"},"modified":"2026-04-16T12:02:59","modified_gmt":"2026-04-16T09:02:59","slug":"nakkedispersioon-penosil-603-3l","status":"publish","type":"product","link":"https:\/\/justbuildit.eu\/en\/pood\/varvid-ja-viimistlusmaterjalid\/krundid\/nakkedispersioon-penosil-603-3l\/","title":{"rendered":"NAKKEDISPERSIOON PENOSIL 603 3L"},"content":{"rendered":"<div class=\"row\"  id=\"row-740131538\">\n<div id=\"col-1962923186\" class=\"col medium-9 small-12 large-9\"  >\n<div class=\"col-inner\"  >\n<h3>PENOSIL BetPrimer 603 nakkedispersioon betoonpindade kruntimiseks<\/h3>\n<p>PENOSIL BetPrimer 603 on nakkedispersioon betoonpindade kruntimiseks enne tasandamist betooni v\u00f5i muu p\u00f5randatasandusseguga v\u00f5i katmist keraamiliste plaatide, tapeedi, v\u00e4rvi v\u00f5i muu viimistlusmaterjaliga.<\/p>\n<div class=\"message-box relative\" style=\"padding-top:15px;padding-bottom:15px;\">\n<div class=\"message-box-bg-image bg-fill fill\" ><\/div>\n<div class=\"message-box-bg-overlay bg-fill fill\" ><\/div>\n<div class=\"container relative\">\n<div class=\"inner last-reset\">\n<div class=\"row align-middle align-center\"  id=\"row-2019124357\">\n<div id=\"col-782544747\" class=\"col small-12 large-12\"  >\n<div class=\"col-inner text-left\"  >\n<h4>Omadused<\/h4>\n<div class=\"row\"  id=\"row-1350130345\">\n<div id=\"col-2141941557\" class=\"col medium-6 small-12 large-6\"  >\n<div class=\"col-inner\"  >\n<p><i class=\"fa fa-check fa-2x\"><\/i> <strong> Vesialusel, ei eralda l\u00f5hna ega ohtlikke \u00fchendeid<\/strong><\/p>\n<p><i class=\"fa fa-check fa-2x\"><\/i> <strong> Tagab hea nakke k\u00f5igil betoon-, tellis- ja krohvpindadel, looduskivil, kipsil ja muudel ehitusplaatidel<\/strong><\/p>\n<\/p>\n<\/div>\n<style>\n#col-2141941557 > .col-inner {\n  margin: 0px 0px 15px 0px;\n}\n<\/style>\n<\/p>\n<\/div>\n<div id=\"col-1344071360\" class=\"col medium-6 small-12 large-6\"  >\n<div class=\"col-inner\"  >\n<p><i class=\"fa fa-check fa-2x\"><\/i> <strong> Lihtne peale kanda<\/strong><\/p>\n<p><i class=\"fa fa-check fa-2x\"><\/i> <strong> Kuivab kiiresti<\/strong><\/p>\n<p><i class=\"fa fa-check fa-2x\"><\/i> <strong> Elastne ja vastupidav t\u00f5mbe- ning survepinge suhtes<\/strong><\/p>\n<\/p>\n<\/div>\n<style>\n#col-1344071360 > .col-inner {\n  margin: 0px 0px 15px 0px;\n}\n<\/style>\n<\/p>\n<\/div>\n<\/div>\n<\/div>\n<\/div>\n<\/div>\n<\/div>\n<\/div>\n<\/div>\n<div id=\"gap-1086886886\" class=\"gap-element clearfix\" style=\"display:block; height:auto;\">\n<style>\n#gap-1086886886 {\n  padding-top: 30px;\n}\n<\/style>\n<\/p>\n<\/div>\n<h3>Kasutamise \u00fcksikasjad<\/h3>\n<p><strong>Kasutusalad:<\/strong><br \/>\nAluskrunt (betoon, m\u00fc\u00fcrisegu, puit, plaadid) nakke parandamiseks enne isetasanduva seguga katmist, sobib sise- ja v\u00e4listingimustesse.<br \/>\nParandab poorsete seina- v\u00f5i laepindade nakkuvust enne tapeedi, v\u00e4rvi, pinnakattevahendi v\u00f5i muu viimistlusmaterjaliga katmist.<br \/>\nPoorsete pindade t\u00f6\u00f6tlemine kulumiskindluse suurendamiseks.<br \/>\nNakkuvus: Betoon, m\u00fc\u00fcrisegu, tellis, krohv, looduskivi, puit, v\u00e4rvkate, linoleum, pol\u00fcmeerkatted.<\/p>\n<p><strong>Kasutusjuhend:<\/strong><br \/>\nP\u00f5randad:<br \/>\nKrunt tuleb lahjendada veega vahekorras 1 : 5 kuni 1 : 20 (dispersioon : vesi). N\u00e4iteks p\u00f5randa kruntimiseks enne tasandussegu pealekandmist vahekorras 1 : 3 kuni 1 : 5; betoonikihtide, k\u00e4sitsi looditava p\u00f5randatasandussegu tugevdamiseks ja kulumiskindluse suurendamiseks vahekorras 1 : 5 kuni 1 : 20, betoonp\u00f5randate tugevdamiseks vahekorras 1 : 5 kuni 1 : 10.<br \/>\nBetooni v\u00f5i tasandussegu v\u00f5ib kanda otse niiskele nakkepinnale. Keraamiliste plaatide,  mitteimavate pindade ja vana liimi j\u00e4\u00e4ke sisaldavate aluspindade korral laske krundil enne katmist kaks tundi kuivada. Alusmaterjalile liimitava parketi ja p\u00f5randak\u00fcttes\u00fcsteemide korral tuleb k\u00f5ik betoonp\u00f5randad \u00fcle lihvida, et puhastada need p\u00f5hjalikult v\u00f5imalikest v\u00e4ljaimbunud v\u00f5i muudest ainetest, mis v\u00f5ivad nakkumist takistada (nt vana liimi j\u00e4\u00e4kidest). Kruntida v\u00f5ib ainult tasandatud alasid.<\/p>\n<p>Seinad ja laed:<br \/>\nKrunt tuleb lahjendada veega vahekorras 1 : 5 kuni 1 : 20 (dispersioon : vesi). Nt krohvi tugevdamisel vahekorras 1 : 5 kuni 1 : 20, tsemendip\u00f5hise m\u00f6rdi nakkuvuse parandamiseks 1,5 mm vahekorras 1 : 5 ja 5\u201320 mm vahekorras 1 : 10, n\u00f5rkade pindade tugevdamiseks vahekorras 1 : 15 kuni 1 : 20.<br \/>\nMitteimava aluspinna korral kasutage lahjendamata kontsentraati. Kandke krunt t\u00f6\u00f6deldud pinnale \u00fchtlase \u00f5hukese kihina, aluspinnal ei tohi olla nakkekrundi loike.<\/p>\n<p><strong>N\u00e4pun\u00e4ited:<\/strong><br \/>\nPuhastage alusmaterjal p\u00f5hjalikult tolmust, lahtistest osakestest, m\u00e4\u00e4rdeainest ja k\u00f5igest muust, mis v\u00f5iks takistada krundi nakkumist.<br \/>\nToode kantakse aluspinnale kahes kihis puhta harja v\u00f5i v\u00e4rvipintsliga.<br \/>\nKattev\u00f5ime olenevalt aluspinnast 3\u201310 m\u00b2\/l.<\/p>\n<p><strong>Kitsendused:<\/strong><br \/>\n\u00d5hutemperatuur kasutamise ajal +10\u00b0C kuni +30\u00b0C.<br \/>\nPinna maksimaalne suhteline niiskus: puidul 8\u201312% ja betoonil alla 80%.<\/p>\n<\/p>\n<\/div>\n<\/div>\n<div id=\"col-445781339\" class=\"col medium-3 small-12 large-3\"  >\n<div class=\"col-inner\"  >\n<h3>Tehniline informatsioon<\/h3>\n<p><a href=\"https:\/\/espak.ee\/epood\/wp-content\/uploads\/2023\/10\/603_Penosil_BetPrimer_603_TDS_est.pdf\"target=\"_blank\" rel=\"noopener noreferrer\"><i class=\"far fa-file-pdf\"><\/i> Tehniline info (PDF)<\/a><\/p>\n<h3>Ohutusalane teave<\/h3>\n<p><a href=\"https:\/\/espak.ee\/epood\/wp-content\/uploads\/2023\/10\/603_Penosil_BetPrimer_603_SDS_et-EE.pdf\"target=\"_blank\" rel=\"noopener noreferrer\"><i class=\"far fa-file-pdf\"><\/i> Ohutuskaart (PDF)<\/a><\/p>\n<div class=\"is-divider divider clearfix\" ><\/div>\n<p><strong>\u00dcksikasjalikuma n\u00f5u saamiseks v\u00f5tke \u00fchendust:<br \/><\/strong>Wolf Group O\u00dc<br \/>Suur-Paala 6<br \/>13619<br \/>Tallinn<br \/>+372 605 9301<\/p>\n<\/p>\n<\/div>\n<\/div>\n<\/div>\n","protected":false},"excerpt":{"rendered":"<p>PENOSIL BetPrimer 603 on nakkedispersioon betoonpindade kruntimiseks enne tasandamist betooni v\u00f5i muu p\u00f5randatasandusseguga v\u00f5i katmist keraamiliste plaatide, tapeedi, v\u00e4rvi v\u00f5i muu viimistlusmaterjaliga.<\/p>","protected":false},"featured_media":503979,"comment_status":"open","ping_status":"closed","template":"","meta":{"_acf_changed":false},"product_brand":[],"product_cat":[121,498],"product_tag":[],"class_list":{"0":"post-503978","1":"product","2":"type-product","3":"status-publish","4":"has-post-thumbnail","6":"product_cat-krundid","7":"product_cat-espak","9":"first","10":"instock","11":"sale","12":"shipping-taxable","13":"purchasable","14":"product-type-simple"},"acf":[],"yoast_head":"<!-- This site is optimized with the Yoast SEO Premium plugin v18.7 (Yoast SEO v26.5) - https:\/\/yoast.com\/wordpress\/plugins\/seo\/ -->\n<title>NAKKEDISPERSIOON PENOSIL 603 3L - Ehituslahendused<\/title>\n<meta name=\"robots\" content=\"index, follow, max-snippet:-1, max-image-preview:large, max-video-preview:-1\" \/>\n<link rel=\"canonical\" href=\"https:\/\/justbuildit.eu\/en\/pood\/varvid-ja-viimistlusmaterjalid\/krundid\/nakkedispersioon-penosil-603-3l\/\" \/>\n<meta property=\"og:locale\" content=\"en_US\" \/>\n<meta property=\"og:type\" content=\"article\" \/>\n<meta property=\"og:title\" content=\"NAKKEDISPERSIOON PENOSIL 603 3L\" \/>\n<meta property=\"og:description\" content=\"PENOSIL BetPrimer 603 on nakkedispersioon betoonpindade kruntimiseks enne tasandamist betooni v\u00f5i muu p\u00f5randatasandusseguga v\u00f5i katmist keraamiliste plaatide, tapeedi, v\u00e4rvi v\u00f5i muu viimistlusmaterjaliga.\" \/>\n<meta property=\"og:url\" content=\"https:\/\/justbuildit.eu\/en\/pood\/varvid-ja-viimistlusmaterjalid\/krundid\/nakkedispersioon-penosil-603-3l\/\" \/>\n<meta property=\"og:site_name\" content=\"Ehituslahendused\" \/>\n<meta property=\"article:publisher\" content=\"https:\/\/www.facebook.com\/justbuildit.ee\" \/>\n<meta property=\"article:modified_time\" content=\"2026-04-16T09:02:59+00:00\" \/>\n<meta property=\"og:image\" content=\"https:\/\/justbuildit.eu\/wp-content\/uploads\/2024\/11\/603_BetPrimer-603-EE-FI-3L.png-2.jpg\" \/>\n\t<meta property=\"og:image:width\" content=\"1000\" \/>\n\t<meta property=\"og:image:height\" content=\"1000\" \/>\n\t<meta property=\"og:image:type\" content=\"image\/jpeg\" \/>\n<meta name=\"twitter:card\" content=\"summary_large_image\" \/>\n<script type=\"application\/ld+json\" class=\"yoast-schema-graph\">{\"@context\":\"https:\/\/schema.org\",\"@graph\":[{\"@type\":\"WebPage\",\"@id\":\"https:\/\/justbuildit.eu\/en\/pood\/varvid-ja-viimistlusmaterjalid\/krundid\/nakkedispersioon-penosil-603-3l\/\",\"url\":\"https:\/\/justbuildit.eu\/en\/pood\/varvid-ja-viimistlusmaterjalid\/krundid\/nakkedispersioon-penosil-603-3l\/\",\"name\":\"NAKKEDISPERSIOON PENOSIL 603 3L - Ehituslahendused\",\"isPartOf\":{\"@id\":\"https:\/\/justbuildit.eu\/en\/#website\"},\"primaryImageOfPage\":{\"@id\":\"https:\/\/justbuildit.eu\/en\/pood\/varvid-ja-viimistlusmaterjalid\/krundid\/nakkedispersioon-penosil-603-3l\/#primaryimage\"},\"image\":{\"@id\":\"https:\/\/justbuildit.eu\/en\/pood\/varvid-ja-viimistlusmaterjalid\/krundid\/nakkedispersioon-penosil-603-3l\/#primaryimage\"},\"thumbnailUrl\":\"https:\/\/justbuildit.eu\/wp-content\/uploads\/2024\/11\/603_BetPrimer-603-EE-FI-3L.png-2.jpg\",\"datePublished\":\"2024-11-16T08:47:56+00:00\",\"dateModified\":\"2026-04-16T09:02:59+00:00\",\"breadcrumb\":{\"@id\":\"https:\/\/justbuildit.eu\/en\/pood\/varvid-ja-viimistlusmaterjalid\/krundid\/nakkedispersioon-penosil-603-3l\/#breadcrumb\"},\"inLanguage\":\"en-US\",\"potentialAction\":[{\"@type\":\"ReadAction\",\"target\":[\"https:\/\/justbuildit.eu\/en\/pood\/varvid-ja-viimistlusmaterjalid\/krundid\/nakkedispersioon-penosil-603-3l\/\"]}]},{\"@type\":\"ImageObject\",\"inLanguage\":\"en-US\",\"@id\":\"https:\/\/justbuildit.eu\/en\/pood\/varvid-ja-viimistlusmaterjalid\/krundid\/nakkedispersioon-penosil-603-3l\/#primaryimage\",\"url\":\"https:\/\/justbuildit.eu\/wp-content\/uploads\/2024\/11\/603_BetPrimer-603-EE-FI-3L.png-2.jpg\",\"contentUrl\":\"https:\/\/justbuildit.eu\/wp-content\/uploads\/2024\/11\/603_BetPrimer-603-EE-FI-3L.png-2.jpg\",\"width\":1000,\"height\":1000},{\"@type\":\"BreadcrumbList\",\"@id\":\"https:\/\/justbuildit.eu\/en\/pood\/varvid-ja-viimistlusmaterjalid\/krundid\/nakkedispersioon-penosil-603-3l\/#breadcrumb\",\"itemListElement\":[{\"@type\":\"ListItem\",\"position\":1,\"name\":\"Home\",\"item\":\"https:\/\/justbuildit.eu\/en\/\"},{\"@type\":\"ListItem\",\"position\":2,\"name\":\"Shop\",\"item\":\"https:\/\/justbuildit.eu\/en\/building-materials\/\"},{\"@type\":\"ListItem\",\"position\":3,\"name\":\"NAKKEDISPERSIOON PENOSIL 603 3L\"}]},{\"@type\":\"WebSite\",\"@id\":\"https:\/\/justbuildit.eu\/en\/#website\",\"url\":\"https:\/\/justbuildit.eu\/en\/\",\"name\":\"Ehituslahendused\",\"description\":\"Ehituslahendused ja materjalid\",\"publisher\":{\"@id\":\"https:\/\/justbuildit.eu\/en\/#organization\"},\"potentialAction\":[{\"@type\":\"SearchAction\",\"target\":{\"@type\":\"EntryPoint\",\"urlTemplate\":\"https:\/\/justbuildit.eu\/en\/?s={search_term_string}\"},\"query-input\":{\"@type\":\"PropertyValueSpecification\",\"valueRequired\":true,\"valueName\":\"search_term_string\"}}],\"inLanguage\":\"en-US\"},{\"@type\":\"Organization\",\"@id\":\"https:\/\/justbuildit.eu\/en\/#organization\",\"name\":\"Just Build It O\u00dc\",\"url\":\"https:\/\/justbuildit.eu\/en\/\",\"logo\":{\"@type\":\"ImageObject\",\"inLanguage\":\"en-US\",\"@id\":\"https:\/\/justbuildit.eu\/en\/#\/schema\/logo\/image\/\",\"url\":\"https:\/\/justbuildit.eu\/wp-content\/uploads\/2022\/01\/justbuildit.png\",\"contentUrl\":\"https:\/\/justbuildit.eu\/wp-content\/uploads\/2022\/01\/justbuildit.png\",\"width\":173,\"height\":77,\"caption\":\"Just Build It O\u00dc\"},\"image\":{\"@id\":\"https:\/\/justbuildit.eu\/en\/#\/schema\/logo\/image\/\"},\"sameAs\":[\"https:\/\/www.facebook.com\/justbuildit.ee\"]}]}<\/script>\n<!-- \/ Yoast SEO Premium plugin. -->","yoast_head_json":{"title":"NAKKEDISPERSIOON PENOSIL 603 3L - Ehituslahendused","robots":{"index":"index","follow":"follow","max-snippet":"max-snippet:-1","max-image-preview":"max-image-preview:large","max-video-preview":"max-video-preview:-1"},"canonical":"https:\/\/justbuildit.eu\/en\/pood\/varvid-ja-viimistlusmaterjalid\/krundid\/nakkedispersioon-penosil-603-3l\/","og_locale":"en_US","og_type":"article","og_title":"NAKKEDISPERSIOON PENOSIL 603 3L","og_description":"PENOSIL BetPrimer 603 on nakkedispersioon betoonpindade kruntimiseks enne tasandamist betooni v\u00f5i muu p\u00f5randatasandusseguga v\u00f5i katmist keraamiliste plaatide, tapeedi, v\u00e4rvi v\u00f5i muu viimistlusmaterjaliga.","og_url":"https:\/\/justbuildit.eu\/en\/pood\/varvid-ja-viimistlusmaterjalid\/krundid\/nakkedispersioon-penosil-603-3l\/","og_site_name":"Ehituslahendused","article_publisher":"https:\/\/www.facebook.com\/justbuildit.ee","article_modified_time":"2026-04-16T09:02:59+00:00","og_image":[{"width":1000,"height":1000,"url":"https:\/\/justbuildit.eu\/wp-content\/uploads\/2024\/11\/603_BetPrimer-603-EE-FI-3L.png-2.jpg","type":"image\/jpeg"}],"twitter_card":"summary_large_image","schema":{"@context":"https:\/\/schema.org","@graph":[{"@type":"WebPage","@id":"https:\/\/justbuildit.eu\/en\/pood\/varvid-ja-viimistlusmaterjalid\/krundid\/nakkedispersioon-penosil-603-3l\/","url":"https:\/\/justbuildit.eu\/en\/pood\/varvid-ja-viimistlusmaterjalid\/krundid\/nakkedispersioon-penosil-603-3l\/","name":"NAKKEDISPERSIOON PENOSIL 603 3L - Ehituslahendused","isPartOf":{"@id":"https:\/\/justbuildit.eu\/en\/#website"},"primaryImageOfPage":{"@id":"https:\/\/justbuildit.eu\/en\/pood\/varvid-ja-viimistlusmaterjalid\/krundid\/nakkedispersioon-penosil-603-3l\/#primaryimage"},"image":{"@id":"https:\/\/justbuildit.eu\/en\/pood\/varvid-ja-viimistlusmaterjalid\/krundid\/nakkedispersioon-penosil-603-3l\/#primaryimage"},"thumbnailUrl":"https:\/\/justbuildit.eu\/wp-content\/uploads\/2024\/11\/603_BetPrimer-603-EE-FI-3L.png-2.jpg","datePublished":"2024-11-16T08:47:56+00:00","dateModified":"2026-04-16T09:02:59+00:00","breadcrumb":{"@id":"https:\/\/justbuildit.eu\/en\/pood\/varvid-ja-viimistlusmaterjalid\/krundid\/nakkedispersioon-penosil-603-3l\/#breadcrumb"},"inLanguage":"en-US","potentialAction":[{"@type":"ReadAction","target":["https:\/\/justbuildit.eu\/en\/pood\/varvid-ja-viimistlusmaterjalid\/krundid\/nakkedispersioon-penosil-603-3l\/"]}]},{"@type":"ImageObject","inLanguage":"en-US","@id":"https:\/\/justbuildit.eu\/en\/pood\/varvid-ja-viimistlusmaterjalid\/krundid\/nakkedispersioon-penosil-603-3l\/#primaryimage","url":"https:\/\/justbuildit.eu\/wp-content\/uploads\/2024\/11\/603_BetPrimer-603-EE-FI-3L.png-2.jpg","contentUrl":"https:\/\/justbuildit.eu\/wp-content\/uploads\/2024\/11\/603_BetPrimer-603-EE-FI-3L.png-2.jpg","width":1000,"height":1000},{"@type":"BreadcrumbList","@id":"https:\/\/justbuildit.eu\/en\/pood\/varvid-ja-viimistlusmaterjalid\/krundid\/nakkedispersioon-penosil-603-3l\/#breadcrumb","itemListElement":[{"@type":"ListItem","position":1,"name":"Home","item":"https:\/\/justbuildit.eu\/en\/"},{"@type":"ListItem","position":2,"name":"Shop","item":"https:\/\/justbuildit.eu\/en\/building-materials\/"},{"@type":"ListItem","position":3,"name":"NAKKEDISPERSIOON PENOSIL 603 3L"}]},{"@type":"WebSite","@id":"https:\/\/justbuildit.eu\/en\/#website","url":"https:\/\/justbuildit.eu\/en\/","name":"Ehituslahendused","description":"Ehituslahendused ja materjalid","publisher":{"@id":"https:\/\/justbuildit.eu\/en\/#organization"},"potentialAction":[{"@type":"SearchAction","target":{"@type":"EntryPoint","urlTemplate":"https:\/\/justbuildit.eu\/en\/?s={search_term_string}"},"query-input":{"@type":"PropertyValueSpecification","valueRequired":true,"valueName":"search_term_string"}}],"inLanguage":"en-US"},{"@type":"Organization","@id":"https:\/\/justbuildit.eu\/en\/#organization","name":"Just Build It O\u00dc","url":"https:\/\/justbuildit.eu\/en\/","logo":{"@type":"ImageObject","inLanguage":"en-US","@id":"https:\/\/justbuildit.eu\/en\/#\/schema\/logo\/image\/","url":"https:\/\/justbuildit.eu\/wp-content\/uploads\/2022\/01\/justbuildit.png","contentUrl":"https:\/\/justbuildit.eu\/wp-content\/uploads\/2022\/01\/justbuildit.png","width":173,"height":77,"caption":"Just Build It O\u00dc"},"image":{"@id":"https:\/\/justbuildit.eu\/en\/#\/schema\/logo\/image\/"},"sameAs":["https:\/\/www.facebook.com\/justbuildit.ee"]}]}},"_links":{"self":[{"href":"https:\/\/justbuildit.eu\/en\/wp-json\/wp\/v2\/product\/503978","targetHints":{"allow":["GET"]}}],"collection":[{"href":"https:\/\/justbuildit.eu\/en\/wp-json\/wp\/v2\/product"}],"about":[{"href":"https:\/\/justbuildit.eu\/en\/wp-json\/wp\/v2\/types\/product"}],"replies":[{"embeddable":true,"href":"https:\/\/justbuildit.eu\/en\/wp-json\/wp\/v2\/comments?post=503978"}],"wp:featuredmedia":[{"embeddable":true,"href":"https:\/\/justbuildit.eu\/en\/wp-json\/wp\/v2\/media\/503979"}],"wp:attachment":[{"href":"https:\/\/justbuildit.eu\/en\/wp-json\/wp\/v2\/media?parent=503978"}],"wp:term":[{"taxonomy":"product_brand","embeddable":true,"href":"https:\/\/justbuildit.eu\/en\/wp-json\/wp\/v2\/product_brand?post=503978"},{"taxonomy":"product_cat","embeddable":true,"href":"https:\/\/justbuildit.eu\/en\/wp-json\/wp\/v2\/product_cat?post=503978"},{"taxonomy":"product_tag","embeddable":true,"href":"https:\/\/justbuildit.eu\/en\/wp-json\/wp\/v2\/product_tag?post=503978"}],"curies":[{"name":"wp","href":"https:\/\/api.w.org\/{rel}","templated":true}]}}