{"id":503996,"date":"2024-11-16T11:55:51","date_gmt":"2024-11-16T08:55:51","guid":{"rendered":"https:\/\/justbuildit.eu\/?post_type=product&#038;p=503996"},"modified":"2026-04-11T12:02:50","modified_gmt":"2026-04-11T09:02:50","slug":"liim-soudal-fix-all-turbo-valge-290ml","status":"publish","type":"product","link":"https:\/\/justbuildit.eu\/en\/pood\/liimid\/liim-soudal-fix-all-turbo-valge-290ml\/","title":{"rendered":"LIIM SOUDAL FIX ALL TURBO VALGE 290ML"},"content":{"rendered":"<div class=\"row\"  id=\"row-1284698776\">\n<div id=\"col-1287611500\" class=\"col medium-9 small-12 large-9\"  >\n<div class=\"col-inner\"  >\n<p>Fix All Turbo on eriti kiire algnakkega k\u00f5rgekvaliteetne \u00fchekomponentne SMX-pol\u00fcmeeridel p\u00f5hinev liimhermeetik.<\/p>\n<div class=\"message-box relative\" style=\"padding-top:15px;padding-bottom:15px;\">\n<div class=\"message-box-bg-image bg-fill fill\" ><\/div>\n<div class=\"message-box-bg-overlay bg-fill fill\" ><\/div>\n<div class=\"container relative\">\n<div class=\"inner last-reset\">\n<div class=\"row align-middle align-center\"  id=\"row-1857315162\">\n<div id=\"col-1083291079\" class=\"col small-12 large-12\"  >\n<div class=\"col-inner text-left\"  >\n<h4>Omadused<\/h4>\n<div class=\"row\"  id=\"row-744700523\">\n<div id=\"col-1448851691\" class=\"col medium-6 small-12 large-6\"  >\n<div class=\"col-inner\"  >\n<p><i class=\"far fa-check-circle fa-2x\"><\/i><strong>\u00a0Kiirelt kasutatav ja v\u00e4ga kiire l\u00f5ppnakke saavutamisega<\/strong><\/p>\n<p><strong><i class=\"far fa-check-circle fa-2x\"><\/i>\u00a0Suurep\u00e4rane nake enamusele aluspindadele\u00a0<\/strong><\/p>\n<\/p>\n<\/div>\n<style>\n#col-1448851691 > .col-inner {\n  margin: 0px 0px 15px 0px;\n}\n<\/style>\n<\/p>\n<\/div>\n<div id=\"col-608831252\" class=\"col medium-6 small-12 large-6\"  >\n<div class=\"col-inner\"  >\n<p><i class=\"far fa-check-circle fa-2x\"><\/i><strong>\u00a0Peale k\u00f5venemist j\u00e4\u00e4valt elastne <\/strong><\/p>\n<p><strong><i class=\"far fa-check-circle fa-2x\"><\/i>\u00a0V\u00e4rvuskindel ning vastupidav UV- kiirgusele <\/strong><\/p>\n<\/p>\n<\/div>\n<style>\n#col-608831252 > .col-inner {\n  margin: 0px 0px 15px 0px;\n}\n<\/style>\n<\/p>\n<\/div>\n<\/div>\n<\/div>\n<\/div>\n<\/div>\n<\/div>\n<\/div>\n<\/div>\n<div id=\"gap-1502287796\" class=\"gap-element clearfix\" style=\"display:block; height:auto;\">\n<style>\n#gap-1502287796 {\n  padding-top: 30px;\n}\n<\/style>\n<\/p>\n<\/div>\n<h3>Kasutamise \u00fcksikasjad<\/h3>\n<p><strong>Kasutamine: <\/strong>Vuugid ja \u00fchenduskohad metallit\u00f6\u00f6stuses ja ehitustel. Paneelide, profiilide jms elastne liimimine levinenumatele aluspindadele (puit, MDF, puitkiudplaat jms). Tugev elastne sidumine paljudes erinevates konstruktsioonides ja ehitustel.<\/p>\n<p><strong>Pinnad: <\/strong>Fix All Turbo nakkub suurep\u00e4raselt enamike pindadega nagu t\u00f6\u00f6deldud puit, alumiinium, PVC, looduslik kivi, plastikud. Seda on katsetatud j\u00e4rgmistel metallpindadel: teras, AlMgSi1, messing, elektrol\u00fc\u00fctiliselt galvaniseeritud teras, AlCuMg1, leegiga galvaniseeritud teras, AlMg3 ja teras ST1403. Plastmassidest on testitud: pol\u00fcst\u00fcreenil, pol\u00fckarbonaadil (Makrolon\u00ae), PVC-l, ABS-l, pol\u00fcamiidil, PMMA-l, klaaskiuga tugevdatud epoks\u00fc\u00fcdidel ja pol\u00fcestril (GRP). T\u00e4helepanu: \u00dchendades selliseid plastmasse nagu PMMA (n\u00e4iteks Plexi\u00aeglass), pol\u00fckarbonaat (n\u00e4iteks Makrolon\u00ae v\u00f5i Lexan\u00ae) kohtades, mis j\u00e4\u00e4vad pinge alla, v\u00f5ivad tekkida \u00fchenduse lisapingetest p\u00f5hjustatud praod. Selliste \u00fchenduste puhul pole soovitav kasutada Fix All Turbout. Plastmasside tootmisel kasutatakse sageli erinevaid pinnakaitseaineid ja materjale (nagu pinnakattekile). Need tuleb enne hermetiseerimist eemaldada. Parima \u00fchenduse saavutamiseks soovitame kasutada Soudali Pinnaaktivaatorit. Fix All Turbo ei nakku j\u00e4rgmiste materjalidega: PE, PP and PTFE (Teflon\u00ae), silikoonide ja bituumenpindadega. N\u00f5uded pinnale: Puhas, tolmu- ja rasvavaba. Ettevalmistus: Poorsed pinnad, mis puutuvad kokku veega, kruntida Soudali Primer 150-ga. Mittepoorseid pindu v\u00f5ib vajadusel t\u00f6\u00f6delda pinnaktivaatoriga.<\/p>\n<p><strong>Kasutamistemperatuur:<\/strong> +5\u02daC kuni +35\u02daC<\/p>\n<p><strong>Puhastamine<\/strong>: Kohe p\u00e4rast pealekandmist ning enne k\u00f5venemist Fix All puhastiga.<\/p>\n<p><strong>S\u00e4ilivusaeg:<\/strong> 12 kuud avamata pakendis jahedas ja kuivas kohas temperatuuride vahemikus +5\u00b0C kuni +25\u00b0C<\/p>\n<p><strong>Tervise- ja ohutusn\u00f5uded: <\/strong>Harilikud t\u00f6\u00f6stush\u00fcgieeni n\u00f5uded. Vaata silti lisainfo jaoks.<\/p>\n<\/p>\n<\/div>\n<\/div>\n<div id=\"col-480455953\" class=\"col medium-3 small-12 large-3\"  >\n<div class=\"col-inner\"  >\n<div class=\"video video-fit mb\" style=\"padding-top:56.25%;\">\n<p><iframe title=\"Fix All Turbo - Tugev kiirliim\" width=\"1020\" height=\"574\" src=\"https:\/\/www.youtube.com\/embed\/tu4ZSHzGI2k?feature=oembed&#038;enablejsapi=1&#038;origin=https:\/\/espak.ee\" frameborder=\"0\" allow=\"accelerometer; autoplay; clipboard-write; encrypted-media; gyroscope; picture-in-picture; web-share\" referrerpolicy=\"strict-origin-when-cross-origin\" allowfullscreen><\/iframe><\/p>\n<\/div>\n<div id=\"gap-923490131\" class=\"gap-element clearfix\" style=\"display:block; height:auto;\">\n<style>\n#gap-923490131 {\n  padding-top: 30px;\n}\n<\/style>\n<\/p>\n<\/div>\n<h3>Tehniline informatsioon<\/h3>\n<p><a href=\"https:\/\/espak.ee\/epood\/wp-content\/uploads\/189_9fdb3f190218138928c92c5c5084022d.pdf\" target=\"_blank\" rel=\"noopener noreferrer\"><i class=\"far fa-file-pdf\"><\/i> Tehniline info (PDF)<\/a><\/p>\n<div class=\"is-divider divider clearfix\" ><\/div>\n<p><strong>\u00dcksikasjalikuma n\u00f5u saamiseks v\u00f5tke \u00fchendust:<br \/><\/strong>SOUDAL AS\ufeff<br \/>Haraka tn. 5<br \/>11311<br \/>Tallinn<br \/>+ 372 655 1851<\/p>\n<\/p>\n<\/div>\n<\/div>\n<\/div>\n","protected":false},"excerpt":{"rendered":"<p>Fix All Turbo on eriti kiire algnakkega k\u00f5rgekvaliteetne \u00fchekomponentne SMX-pol\u00fcmeeridel p\u00f5hinev liimhermeetik.<\/p>","protected":false},"featured_media":503997,"comment_status":"open","ping_status":"closed","template":"","meta":{"_acf_changed":false},"product_brand":[],"product_cat":[89,498],"product_tag":[],"class_list":{"0":"post-503996","1":"product","2":"type-product","3":"status-publish","4":"has-post-thumbnail","6":"product_cat-liimid","7":"product_cat-espak","9":"first","10":"instock","11":"sale","12":"shipping-taxable","13":"purchasable","14":"product-type-simple"},"acf":[],"yoast_head":"<!-- This site is optimized with the Yoast SEO Premium plugin v18.7 (Yoast SEO v26.5) - https:\/\/yoast.com\/wordpress\/plugins\/seo\/ -->\n<title>LIIM SOUDAL FIX ALL TURBO VALGE 290ML - Ehituslahendused<\/title>\n<meta name=\"robots\" content=\"index, follow, max-snippet:-1, max-image-preview:large, max-video-preview:-1\" \/>\n<link rel=\"canonical\" href=\"https:\/\/justbuildit.eu\/en\/pood\/liimid\/liim-soudal-fix-all-turbo-valge-290ml\/\" \/>\n<meta property=\"og:locale\" content=\"en_US\" \/>\n<meta property=\"og:type\" content=\"article\" \/>\n<meta property=\"og:title\" content=\"LIIM SOUDAL FIX ALL TURBO VALGE 290ML\" \/>\n<meta property=\"og:description\" content=\"Fix All Turbo on eriti kiire algnakkega k\u00f5rgekvaliteetne \u00fchekomponentne SMX-pol\u00fcmeeridel p\u00f5hinev liimhermeetik.\" \/>\n<meta property=\"og:url\" content=\"https:\/\/justbuildit.eu\/en\/pood\/liimid\/liim-soudal-fix-all-turbo-valge-290ml\/\" \/>\n<meta property=\"og:site_name\" content=\"Ehituslahendused\" \/>\n<meta property=\"article:publisher\" content=\"https:\/\/www.facebook.com\/justbuildit.ee\" \/>\n<meta property=\"article:modified_time\" content=\"2026-04-11T09:02:50+00:00\" \/>\n<meta property=\"og:image\" content=\"https:\/\/justbuildit.eu\/wp-content\/uploads\/2024\/11\/Fix-ALL-Turbo.jpg\" \/>\n\t<meta property=\"og:image:width\" content=\"2048\" \/>\n\t<meta property=\"og:image:height\" content=\"2048\" \/>\n\t<meta property=\"og:image:type\" content=\"image\/jpeg\" \/>\n<meta name=\"twitter:card\" content=\"summary_large_image\" \/>\n<script type=\"application\/ld+json\" class=\"yoast-schema-graph\">{\"@context\":\"https:\/\/schema.org\",\"@graph\":[{\"@type\":\"WebPage\",\"@id\":\"https:\/\/justbuildit.eu\/en\/pood\/liimid\/liim-soudal-fix-all-turbo-valge-290ml\/\",\"url\":\"https:\/\/justbuildit.eu\/en\/pood\/liimid\/liim-soudal-fix-all-turbo-valge-290ml\/\",\"name\":\"LIIM SOUDAL FIX ALL TURBO VALGE 290ML - Ehituslahendused\",\"isPartOf\":{\"@id\":\"https:\/\/justbuildit.eu\/en\/#website\"},\"primaryImageOfPage\":{\"@id\":\"https:\/\/justbuildit.eu\/en\/pood\/liimid\/liim-soudal-fix-all-turbo-valge-290ml\/#primaryimage\"},\"image\":{\"@id\":\"https:\/\/justbuildit.eu\/en\/pood\/liimid\/liim-soudal-fix-all-turbo-valge-290ml\/#primaryimage\"},\"thumbnailUrl\":\"https:\/\/justbuildit.eu\/wp-content\/uploads\/2024\/11\/Fix-ALL-Turbo.jpg\",\"datePublished\":\"2024-11-16T08:55:51+00:00\",\"dateModified\":\"2026-04-11T09:02:50+00:00\",\"breadcrumb\":{\"@id\":\"https:\/\/justbuildit.eu\/en\/pood\/liimid\/liim-soudal-fix-all-turbo-valge-290ml\/#breadcrumb\"},\"inLanguage\":\"en-US\",\"potentialAction\":[{\"@type\":\"ReadAction\",\"target\":[\"https:\/\/justbuildit.eu\/en\/pood\/liimid\/liim-soudal-fix-all-turbo-valge-290ml\/\"]}]},{\"@type\":\"ImageObject\",\"inLanguage\":\"en-US\",\"@id\":\"https:\/\/justbuildit.eu\/en\/pood\/liimid\/liim-soudal-fix-all-turbo-valge-290ml\/#primaryimage\",\"url\":\"https:\/\/justbuildit.eu\/wp-content\/uploads\/2024\/11\/Fix-ALL-Turbo.jpg\",\"contentUrl\":\"https:\/\/justbuildit.eu\/wp-content\/uploads\/2024\/11\/Fix-ALL-Turbo.jpg\",\"width\":2048,\"height\":2048},{\"@type\":\"BreadcrumbList\",\"@id\":\"https:\/\/justbuildit.eu\/en\/pood\/liimid\/liim-soudal-fix-all-turbo-valge-290ml\/#breadcrumb\",\"itemListElement\":[{\"@type\":\"ListItem\",\"position\":1,\"name\":\"Home\",\"item\":\"https:\/\/justbuildit.eu\/en\/\"},{\"@type\":\"ListItem\",\"position\":2,\"name\":\"Shop\",\"item\":\"https:\/\/justbuildit.eu\/en\/building-materials\/\"},{\"@type\":\"ListItem\",\"position\":3,\"name\":\"LIIM SOUDAL FIX ALL TURBO VALGE 290ML\"}]},{\"@type\":\"WebSite\",\"@id\":\"https:\/\/justbuildit.eu\/en\/#website\",\"url\":\"https:\/\/justbuildit.eu\/en\/\",\"name\":\"Ehituslahendused\",\"description\":\"Ehituslahendused ja materjalid\",\"publisher\":{\"@id\":\"https:\/\/justbuildit.eu\/en\/#organization\"},\"potentialAction\":[{\"@type\":\"SearchAction\",\"target\":{\"@type\":\"EntryPoint\",\"urlTemplate\":\"https:\/\/justbuildit.eu\/en\/?s={search_term_string}\"},\"query-input\":{\"@type\":\"PropertyValueSpecification\",\"valueRequired\":true,\"valueName\":\"search_term_string\"}}],\"inLanguage\":\"en-US\"},{\"@type\":\"Organization\",\"@id\":\"https:\/\/justbuildit.eu\/en\/#organization\",\"name\":\"Just Build It O\u00dc\",\"url\":\"https:\/\/justbuildit.eu\/en\/\",\"logo\":{\"@type\":\"ImageObject\",\"inLanguage\":\"en-US\",\"@id\":\"https:\/\/justbuildit.eu\/en\/#\/schema\/logo\/image\/\",\"url\":\"https:\/\/justbuildit.eu\/wp-content\/uploads\/2022\/01\/justbuildit.png\",\"contentUrl\":\"https:\/\/justbuildit.eu\/wp-content\/uploads\/2022\/01\/justbuildit.png\",\"width\":173,\"height\":77,\"caption\":\"Just Build It O\u00dc\"},\"image\":{\"@id\":\"https:\/\/justbuildit.eu\/en\/#\/schema\/logo\/image\/\"},\"sameAs\":[\"https:\/\/www.facebook.com\/justbuildit.ee\"]}]}<\/script>\n<!-- \/ Yoast SEO Premium plugin. -->","yoast_head_json":{"title":"LIIM SOUDAL FIX ALL TURBO VALGE 290ML - Ehituslahendused","robots":{"index":"index","follow":"follow","max-snippet":"max-snippet:-1","max-image-preview":"max-image-preview:large","max-video-preview":"max-video-preview:-1"},"canonical":"https:\/\/justbuildit.eu\/en\/pood\/liimid\/liim-soudal-fix-all-turbo-valge-290ml\/","og_locale":"en_US","og_type":"article","og_title":"LIIM SOUDAL FIX ALL TURBO VALGE 290ML","og_description":"Fix All Turbo on eriti kiire algnakkega k\u00f5rgekvaliteetne \u00fchekomponentne SMX-pol\u00fcmeeridel p\u00f5hinev liimhermeetik.","og_url":"https:\/\/justbuildit.eu\/en\/pood\/liimid\/liim-soudal-fix-all-turbo-valge-290ml\/","og_site_name":"Ehituslahendused","article_publisher":"https:\/\/www.facebook.com\/justbuildit.ee","article_modified_time":"2026-04-11T09:02:50+00:00","og_image":[{"width":2048,"height":2048,"url":"https:\/\/justbuildit.eu\/wp-content\/uploads\/2024\/11\/Fix-ALL-Turbo.jpg","type":"image\/jpeg"}],"twitter_card":"summary_large_image","schema":{"@context":"https:\/\/schema.org","@graph":[{"@type":"WebPage","@id":"https:\/\/justbuildit.eu\/en\/pood\/liimid\/liim-soudal-fix-all-turbo-valge-290ml\/","url":"https:\/\/justbuildit.eu\/en\/pood\/liimid\/liim-soudal-fix-all-turbo-valge-290ml\/","name":"LIIM SOUDAL FIX ALL TURBO VALGE 290ML - Ehituslahendused","isPartOf":{"@id":"https:\/\/justbuildit.eu\/en\/#website"},"primaryImageOfPage":{"@id":"https:\/\/justbuildit.eu\/en\/pood\/liimid\/liim-soudal-fix-all-turbo-valge-290ml\/#primaryimage"},"image":{"@id":"https:\/\/justbuildit.eu\/en\/pood\/liimid\/liim-soudal-fix-all-turbo-valge-290ml\/#primaryimage"},"thumbnailUrl":"https:\/\/justbuildit.eu\/wp-content\/uploads\/2024\/11\/Fix-ALL-Turbo.jpg","datePublished":"2024-11-16T08:55:51+00:00","dateModified":"2026-04-11T09:02:50+00:00","breadcrumb":{"@id":"https:\/\/justbuildit.eu\/en\/pood\/liimid\/liim-soudal-fix-all-turbo-valge-290ml\/#breadcrumb"},"inLanguage":"en-US","potentialAction":[{"@type":"ReadAction","target":["https:\/\/justbuildit.eu\/en\/pood\/liimid\/liim-soudal-fix-all-turbo-valge-290ml\/"]}]},{"@type":"ImageObject","inLanguage":"en-US","@id":"https:\/\/justbuildit.eu\/en\/pood\/liimid\/liim-soudal-fix-all-turbo-valge-290ml\/#primaryimage","url":"https:\/\/justbuildit.eu\/wp-content\/uploads\/2024\/11\/Fix-ALL-Turbo.jpg","contentUrl":"https:\/\/justbuildit.eu\/wp-content\/uploads\/2024\/11\/Fix-ALL-Turbo.jpg","width":2048,"height":2048},{"@type":"BreadcrumbList","@id":"https:\/\/justbuildit.eu\/en\/pood\/liimid\/liim-soudal-fix-all-turbo-valge-290ml\/#breadcrumb","itemListElement":[{"@type":"ListItem","position":1,"name":"Home","item":"https:\/\/justbuildit.eu\/en\/"},{"@type":"ListItem","position":2,"name":"Shop","item":"https:\/\/justbuildit.eu\/en\/building-materials\/"},{"@type":"ListItem","position":3,"name":"LIIM SOUDAL FIX ALL TURBO VALGE 290ML"}]},{"@type":"WebSite","@id":"https:\/\/justbuildit.eu\/en\/#website","url":"https:\/\/justbuildit.eu\/en\/","name":"Ehituslahendused","description":"Ehituslahendused ja materjalid","publisher":{"@id":"https:\/\/justbuildit.eu\/en\/#organization"},"potentialAction":[{"@type":"SearchAction","target":{"@type":"EntryPoint","urlTemplate":"https:\/\/justbuildit.eu\/en\/?s={search_term_string}"},"query-input":{"@type":"PropertyValueSpecification","valueRequired":true,"valueName":"search_term_string"}}],"inLanguage":"en-US"},{"@type":"Organization","@id":"https:\/\/justbuildit.eu\/en\/#organization","name":"Just Build It O\u00dc","url":"https:\/\/justbuildit.eu\/en\/","logo":{"@type":"ImageObject","inLanguage":"en-US","@id":"https:\/\/justbuildit.eu\/en\/#\/schema\/logo\/image\/","url":"https:\/\/justbuildit.eu\/wp-content\/uploads\/2022\/01\/justbuildit.png","contentUrl":"https:\/\/justbuildit.eu\/wp-content\/uploads\/2022\/01\/justbuildit.png","width":173,"height":77,"caption":"Just Build It O\u00dc"},"image":{"@id":"https:\/\/justbuildit.eu\/en\/#\/schema\/logo\/image\/"},"sameAs":["https:\/\/www.facebook.com\/justbuildit.ee"]}]}},"_links":{"self":[{"href":"https:\/\/justbuildit.eu\/en\/wp-json\/wp\/v2\/product\/503996","targetHints":{"allow":["GET"]}}],"collection":[{"href":"https:\/\/justbuildit.eu\/en\/wp-json\/wp\/v2\/product"}],"about":[{"href":"https:\/\/justbuildit.eu\/en\/wp-json\/wp\/v2\/types\/product"}],"replies":[{"embeddable":true,"href":"https:\/\/justbuildit.eu\/en\/wp-json\/wp\/v2\/comments?post=503996"}],"wp:featuredmedia":[{"embeddable":true,"href":"https:\/\/justbuildit.eu\/en\/wp-json\/wp\/v2\/media\/503997"}],"wp:attachment":[{"href":"https:\/\/justbuildit.eu\/en\/wp-json\/wp\/v2\/media?parent=503996"}],"wp:term":[{"taxonomy":"product_brand","embeddable":true,"href":"https:\/\/justbuildit.eu\/en\/wp-json\/wp\/v2\/product_brand?post=503996"},{"taxonomy":"product_cat","embeddable":true,"href":"https:\/\/justbuildit.eu\/en\/wp-json\/wp\/v2\/product_cat?post=503996"},{"taxonomy":"product_tag","embeddable":true,"href":"https:\/\/justbuildit.eu\/en\/wp-json\/wp\/v2\/product_tag?post=503996"}],"curies":[{"name":"wp","href":"https:\/\/api.w.org\/{rel}","templated":true}]}}