{"id":504352,"date":"2024-11-17T09:58:37","date_gmt":"2024-11-17T06:58:37","guid":{"rendered":"https:\/\/justbuildit.eu\/?post_type=product&#038;p=504352"},"modified":"2026-04-11T12:02:49","modified_gmt":"2026-04-11T09:02:49","slug":"hoovelpruss-phl-45x195x5400mm-tugevussort-c24","status":"publish","type":"product","link":"https:\/\/justbuildit.eu\/en\/pood\/puitmaterjal\/hoovelmaterjal\/hoovelpruss-phl-45x195x5400mm-tugevussort-c24\/","title":{"rendered":"H\u00f6\u00f6velpruss PHL 45x195x5400mm tugevussort C24"},"content":{"rendered":"<ul>\n<li><strong>Kandvates konstruktsioonides tuleb kasutada tugevuse j\u00e4rgi sorteeritud materjali. <\/strong><\/li>\n<li>Visuaalsel tugevussorteerimisel hinnatakse igas prussis eraldi okste arvu, nende paiknemist ja rikete esinemist ning selle alusel m\u00e4\u00e4ratakse prussi tugevusklass.<\/li>\n<li>K\u00f5ige olulisem on m\u00f5\u00f5dut\u00e4psus, ent kuiv\u00f5rd puit on h\u00fcgroskoopne materjal, v\u00f5ib esineda tangensiaalset mahumuutust. St puit p\u00fc\u00fcab \u00fchtlustada oma niiskust \u00fcmbritseva \u00f5hu suhtelise niiskuse ja temperatuuriga. Kui niiskusolud muutuvad, t\u00f5mbub puit kas kokku v\u00f5i paisub. Kuusk imab v\u00e4hem niiskust kui m\u00e4nd ning seet\u00f5ttu on kuuse niiskusest tingitud mahumuutused v\u00e4iksemad.<\/li>\n<li>Markeeringus C24 t\u00e4hendab C okaspuitu ning 24 n\u00e4itab saematerjali normatiivset paindetugevust, N\/mm2.<\/li>\n<\/ul>\n","protected":false},"excerpt":{"rendered":"Kandvates konstruktsioonides tuleb kasutada tugevuse j\u00e4rgi sorteeritud materjali. Visuaalsel tugevussorteerimisel hinnatakse igas prussis eraldi okste arvu, nende paiknemist ja rikete esinemist ning selle alusel m\u00e4\u00e4ratakse prussi tugevusklass. K\u00f5ige olulisem on m\u00f5\u00f5dut\u00e4psus, ent kuiv\u00f5rd puit on h\u00fcgroskoopne materjal, v\u00f5ib esineda tangensiaalset mahumuutust. St puit p\u00fc\u00fcab \u00fchtlustada oma niiskust \u00fcmbritseva \u00f5hu suhtelise niiskuse ja temperatuuriga. Kui niiskusolud [&hellip;]","protected":false},"featured_media":504353,"comment_status":"open","ping_status":"closed","template":"","meta":{"_acf_changed":false},"product_brand":[],"product_cat":[100,99,497],"product_tag":[],"class_list":{"0":"post-504352","1":"product","2":"type-product","3":"status-publish","4":"has-post-thumbnail","6":"product_cat-hoovelmaterjal","7":"product_cat-puitmaterjal","8":"product_cat-puumarket","10":"first","11":"instock","12":"shipping-taxable","13":"purchasable","14":"product-type-simple"},"acf":[],"yoast_head":"<!-- This site is optimized with the Yoast SEO Premium plugin v18.7 (Yoast SEO v26.5) - https:\/\/yoast.com\/wordpress\/plugins\/seo\/ -->\n<title>H\u00f6\u00f6velpruss PHL 45x195x5400mm tugevussort C24 - Ehituslahendused<\/title>\n<meta name=\"description\" content=\"Tugevussorteeritud C24 . Markeeringus C24 t\u00e4hendab C okaspuitu ning 24 n\u00e4itab saematerjali normatiivset paindetugevust, N\/mm2.\" \/>\n<meta name=\"robots\" content=\"index, follow, max-snippet:-1, max-image-preview:large, max-video-preview:-1\" \/>\n<link rel=\"canonical\" href=\"https:\/\/justbuildit.eu\/en\/pood\/puitmaterjal\/hoovelmaterjal\/hoovelpruss-phl-45x195x5400mm-tugevussort-c24\/\" \/>\n<meta property=\"og:locale\" content=\"en_US\" \/>\n<meta property=\"og:type\" content=\"article\" \/>\n<meta property=\"og:title\" content=\"H\u00f6\u00f6velpruss PHL 45x195x5400mm tugevussort C24\" \/>\n<meta property=\"og:description\" content=\"Tugevussorteeritud C24 . Markeeringus C24 t\u00e4hendab C okaspuitu ning 24 n\u00e4itab saematerjali normatiivset paindetugevust, N\/mm2.\" \/>\n<meta property=\"og:url\" content=\"https:\/\/justbuildit.eu\/en\/pood\/puitmaterjal\/hoovelmaterjal\/hoovelpruss-phl-45x195x5400mm-tugevussort-c24\/\" \/>\n<meta property=\"og:site_name\" content=\"Ehituslahendused\" \/>\n<meta property=\"article:publisher\" content=\"https:\/\/www.facebook.com\/justbuildit.ee\" \/>\n<meta property=\"article:modified_time\" content=\"2026-04-11T09:02:49+00:00\" \/>\n<meta property=\"og:image\" content=\"https:\/\/justbuildit.eu\/wp-content\/uploads\/2024\/11\/101340.jpg\" \/>\n\t<meta property=\"og:image:width\" content=\"588\" \/>\n\t<meta property=\"og:image:height\" content=\"588\" \/>\n\t<meta property=\"og:image:type\" content=\"image\/jpeg\" \/>\n<meta name=\"twitter:card\" content=\"summary_large_image\" \/>\n<script type=\"application\/ld+json\" class=\"yoast-schema-graph\">{\"@context\":\"https:\/\/schema.org\",\"@graph\":[{\"@type\":\"WebPage\",\"@id\":\"https:\/\/justbuildit.eu\/en\/pood\/puitmaterjal\/hoovelmaterjal\/hoovelpruss-phl-45x195x5400mm-tugevussort-c24\/\",\"url\":\"https:\/\/justbuildit.eu\/en\/pood\/puitmaterjal\/hoovelmaterjal\/hoovelpruss-phl-45x195x5400mm-tugevussort-c24\/\",\"name\":\"H\u00f6\u00f6velpruss PHL 45x195x5400mm tugevussort C24 - Ehituslahendused\",\"isPartOf\":{\"@id\":\"https:\/\/justbuildit.eu\/en\/#website\"},\"primaryImageOfPage\":{\"@id\":\"https:\/\/justbuildit.eu\/en\/pood\/puitmaterjal\/hoovelmaterjal\/hoovelpruss-phl-45x195x5400mm-tugevussort-c24\/#primaryimage\"},\"image\":{\"@id\":\"https:\/\/justbuildit.eu\/en\/pood\/puitmaterjal\/hoovelmaterjal\/hoovelpruss-phl-45x195x5400mm-tugevussort-c24\/#primaryimage\"},\"thumbnailUrl\":\"https:\/\/justbuildit.eu\/wp-content\/uploads\/2024\/11\/101340.jpg\",\"datePublished\":\"2024-11-17T06:58:37+00:00\",\"dateModified\":\"2026-04-11T09:02:49+00:00\",\"description\":\"Tugevussorteeritud C24 . Markeeringus C24 t\u00e4hendab C okaspuitu ning 24 n\u00e4itab saematerjali normatiivset paindetugevust, N\/mm2.\",\"breadcrumb\":{\"@id\":\"https:\/\/justbuildit.eu\/en\/pood\/puitmaterjal\/hoovelmaterjal\/hoovelpruss-phl-45x195x5400mm-tugevussort-c24\/#breadcrumb\"},\"inLanguage\":\"en-US\",\"potentialAction\":[{\"@type\":\"ReadAction\",\"target\":[\"https:\/\/justbuildit.eu\/en\/pood\/puitmaterjal\/hoovelmaterjal\/hoovelpruss-phl-45x195x5400mm-tugevussort-c24\/\"]}]},{\"@type\":\"ImageObject\",\"inLanguage\":\"en-US\",\"@id\":\"https:\/\/justbuildit.eu\/en\/pood\/puitmaterjal\/hoovelmaterjal\/hoovelpruss-phl-45x195x5400mm-tugevussort-c24\/#primaryimage\",\"url\":\"https:\/\/justbuildit.eu\/wp-content\/uploads\/2024\/11\/101340.jpg\",\"contentUrl\":\"https:\/\/justbuildit.eu\/wp-content\/uploads\/2024\/11\/101340.jpg\",\"width\":588,\"height\":588},{\"@type\":\"BreadcrumbList\",\"@id\":\"https:\/\/justbuildit.eu\/en\/pood\/puitmaterjal\/hoovelmaterjal\/hoovelpruss-phl-45x195x5400mm-tugevussort-c24\/#breadcrumb\",\"itemListElement\":[{\"@type\":\"ListItem\",\"position\":1,\"name\":\"Home\",\"item\":\"https:\/\/justbuildit.eu\/en\/\"},{\"@type\":\"ListItem\",\"position\":2,\"name\":\"Shop\",\"item\":\"https:\/\/justbuildit.eu\/en\/building-materials\/\"},{\"@type\":\"ListItem\",\"position\":3,\"name\":\"H\u00f6\u00f6velpruss PHL 45x195x5400mm tugevussort C24\"}]},{\"@type\":\"WebSite\",\"@id\":\"https:\/\/justbuildit.eu\/en\/#website\",\"url\":\"https:\/\/justbuildit.eu\/en\/\",\"name\":\"Ehituslahendused\",\"description\":\"Ehituslahendused ja materjalid\",\"publisher\":{\"@id\":\"https:\/\/justbuildit.eu\/en\/#organization\"},\"potentialAction\":[{\"@type\":\"SearchAction\",\"target\":{\"@type\":\"EntryPoint\",\"urlTemplate\":\"https:\/\/justbuildit.eu\/en\/?s={search_term_string}\"},\"query-input\":{\"@type\":\"PropertyValueSpecification\",\"valueRequired\":true,\"valueName\":\"search_term_string\"}}],\"inLanguage\":\"en-US\"},{\"@type\":\"Organization\",\"@id\":\"https:\/\/justbuildit.eu\/en\/#organization\",\"name\":\"Just Build It O\u00dc\",\"url\":\"https:\/\/justbuildit.eu\/en\/\",\"logo\":{\"@type\":\"ImageObject\",\"inLanguage\":\"en-US\",\"@id\":\"https:\/\/justbuildit.eu\/en\/#\/schema\/logo\/image\/\",\"url\":\"https:\/\/justbuildit.eu\/wp-content\/uploads\/2022\/01\/justbuildit.png\",\"contentUrl\":\"https:\/\/justbuildit.eu\/wp-content\/uploads\/2022\/01\/justbuildit.png\",\"width\":173,\"height\":77,\"caption\":\"Just Build It O\u00dc\"},\"image\":{\"@id\":\"https:\/\/justbuildit.eu\/en\/#\/schema\/logo\/image\/\"},\"sameAs\":[\"https:\/\/www.facebook.com\/justbuildit.ee\"]}]}<\/script>\n<!-- \/ Yoast SEO Premium plugin. -->","yoast_head_json":{"title":"H\u00f6\u00f6velpruss PHL 45x195x5400mm tugevussort C24 - Ehituslahendused","description":"Tugevussorteeritud C24 . Markeeringus C24 t\u00e4hendab C okaspuitu ning 24 n\u00e4itab saematerjali normatiivset paindetugevust, N\/mm2.","robots":{"index":"index","follow":"follow","max-snippet":"max-snippet:-1","max-image-preview":"max-image-preview:large","max-video-preview":"max-video-preview:-1"},"canonical":"https:\/\/justbuildit.eu\/en\/pood\/puitmaterjal\/hoovelmaterjal\/hoovelpruss-phl-45x195x5400mm-tugevussort-c24\/","og_locale":"en_US","og_type":"article","og_title":"H\u00f6\u00f6velpruss PHL 45x195x5400mm tugevussort C24","og_description":"Tugevussorteeritud C24 . Markeeringus C24 t\u00e4hendab C okaspuitu ning 24 n\u00e4itab saematerjali normatiivset paindetugevust, N\/mm2.","og_url":"https:\/\/justbuildit.eu\/en\/pood\/puitmaterjal\/hoovelmaterjal\/hoovelpruss-phl-45x195x5400mm-tugevussort-c24\/","og_site_name":"Ehituslahendused","article_publisher":"https:\/\/www.facebook.com\/justbuildit.ee","article_modified_time":"2026-04-11T09:02:49+00:00","og_image":[{"width":588,"height":588,"url":"https:\/\/justbuildit.eu\/wp-content\/uploads\/2024\/11\/101340.jpg","type":"image\/jpeg"}],"twitter_card":"summary_large_image","schema":{"@context":"https:\/\/schema.org","@graph":[{"@type":"WebPage","@id":"https:\/\/justbuildit.eu\/en\/pood\/puitmaterjal\/hoovelmaterjal\/hoovelpruss-phl-45x195x5400mm-tugevussort-c24\/","url":"https:\/\/justbuildit.eu\/en\/pood\/puitmaterjal\/hoovelmaterjal\/hoovelpruss-phl-45x195x5400mm-tugevussort-c24\/","name":"H\u00f6\u00f6velpruss PHL 45x195x5400mm tugevussort C24 - Ehituslahendused","isPartOf":{"@id":"https:\/\/justbuildit.eu\/en\/#website"},"primaryImageOfPage":{"@id":"https:\/\/justbuildit.eu\/en\/pood\/puitmaterjal\/hoovelmaterjal\/hoovelpruss-phl-45x195x5400mm-tugevussort-c24\/#primaryimage"},"image":{"@id":"https:\/\/justbuildit.eu\/en\/pood\/puitmaterjal\/hoovelmaterjal\/hoovelpruss-phl-45x195x5400mm-tugevussort-c24\/#primaryimage"},"thumbnailUrl":"https:\/\/justbuildit.eu\/wp-content\/uploads\/2024\/11\/101340.jpg","datePublished":"2024-11-17T06:58:37+00:00","dateModified":"2026-04-11T09:02:49+00:00","description":"Tugevussorteeritud C24 . Markeeringus C24 t\u00e4hendab C okaspuitu ning 24 n\u00e4itab saematerjali normatiivset paindetugevust, N\/mm2.","breadcrumb":{"@id":"https:\/\/justbuildit.eu\/en\/pood\/puitmaterjal\/hoovelmaterjal\/hoovelpruss-phl-45x195x5400mm-tugevussort-c24\/#breadcrumb"},"inLanguage":"en-US","potentialAction":[{"@type":"ReadAction","target":["https:\/\/justbuildit.eu\/en\/pood\/puitmaterjal\/hoovelmaterjal\/hoovelpruss-phl-45x195x5400mm-tugevussort-c24\/"]}]},{"@type":"ImageObject","inLanguage":"en-US","@id":"https:\/\/justbuildit.eu\/en\/pood\/puitmaterjal\/hoovelmaterjal\/hoovelpruss-phl-45x195x5400mm-tugevussort-c24\/#primaryimage","url":"https:\/\/justbuildit.eu\/wp-content\/uploads\/2024\/11\/101340.jpg","contentUrl":"https:\/\/justbuildit.eu\/wp-content\/uploads\/2024\/11\/101340.jpg","width":588,"height":588},{"@type":"BreadcrumbList","@id":"https:\/\/justbuildit.eu\/en\/pood\/puitmaterjal\/hoovelmaterjal\/hoovelpruss-phl-45x195x5400mm-tugevussort-c24\/#breadcrumb","itemListElement":[{"@type":"ListItem","position":1,"name":"Home","item":"https:\/\/justbuildit.eu\/en\/"},{"@type":"ListItem","position":2,"name":"Shop","item":"https:\/\/justbuildit.eu\/en\/building-materials\/"},{"@type":"ListItem","position":3,"name":"H\u00f6\u00f6velpruss PHL 45x195x5400mm tugevussort C24"}]},{"@type":"WebSite","@id":"https:\/\/justbuildit.eu\/en\/#website","url":"https:\/\/justbuildit.eu\/en\/","name":"Ehituslahendused","description":"Ehituslahendused ja materjalid","publisher":{"@id":"https:\/\/justbuildit.eu\/en\/#organization"},"potentialAction":[{"@type":"SearchAction","target":{"@type":"EntryPoint","urlTemplate":"https:\/\/justbuildit.eu\/en\/?s={search_term_string}"},"query-input":{"@type":"PropertyValueSpecification","valueRequired":true,"valueName":"search_term_string"}}],"inLanguage":"en-US"},{"@type":"Organization","@id":"https:\/\/justbuildit.eu\/en\/#organization","name":"Just Build It O\u00dc","url":"https:\/\/justbuildit.eu\/en\/","logo":{"@type":"ImageObject","inLanguage":"en-US","@id":"https:\/\/justbuildit.eu\/en\/#\/schema\/logo\/image\/","url":"https:\/\/justbuildit.eu\/wp-content\/uploads\/2022\/01\/justbuildit.png","contentUrl":"https:\/\/justbuildit.eu\/wp-content\/uploads\/2022\/01\/justbuildit.png","width":173,"height":77,"caption":"Just Build It O\u00dc"},"image":{"@id":"https:\/\/justbuildit.eu\/en\/#\/schema\/logo\/image\/"},"sameAs":["https:\/\/www.facebook.com\/justbuildit.ee"]}]}},"_links":{"self":[{"href":"https:\/\/justbuildit.eu\/en\/wp-json\/wp\/v2\/product\/504352","targetHints":{"allow":["GET"]}}],"collection":[{"href":"https:\/\/justbuildit.eu\/en\/wp-json\/wp\/v2\/product"}],"about":[{"href":"https:\/\/justbuildit.eu\/en\/wp-json\/wp\/v2\/types\/product"}],"replies":[{"embeddable":true,"href":"https:\/\/justbuildit.eu\/en\/wp-json\/wp\/v2\/comments?post=504352"}],"wp:featuredmedia":[{"embeddable":true,"href":"https:\/\/justbuildit.eu\/en\/wp-json\/wp\/v2\/media\/504353"}],"wp:attachment":[{"href":"https:\/\/justbuildit.eu\/en\/wp-json\/wp\/v2\/media?parent=504352"}],"wp:term":[{"taxonomy":"product_brand","embeddable":true,"href":"https:\/\/justbuildit.eu\/en\/wp-json\/wp\/v2\/product_brand?post=504352"},{"taxonomy":"product_cat","embeddable":true,"href":"https:\/\/justbuildit.eu\/en\/wp-json\/wp\/v2\/product_cat?post=504352"},{"taxonomy":"product_tag","embeddable":true,"href":"https:\/\/justbuildit.eu\/en\/wp-json\/wp\/v2\/product_tag?post=504352"}],"curies":[{"name":"wp","href":"https:\/\/api.w.org\/{rel}","templated":true}]}}