{"id":504362,"date":"2024-11-17T10:04:37","date_gmt":"2024-11-17T07:04:37","guid":{"rendered":"https:\/\/justbuildit.eu\/?post_type=product&#038;p=504362"},"modified":"2026-04-11T12:02:48","modified_gmt":"2026-04-11T09:02:48","slug":"hoovelpruss-kuusk-phl-28x45x3000mm","status":"publish","type":"product","link":"https:\/\/justbuildit.eu\/en\/pood\/puitmaterjal\/hoovelmaterjal\/hoovelpruss-kuusk-phl-28x45x3000mm\/","title":{"rendered":"H\u00f6\u00f6velpruss kuusk PHL 28x45x3000mm"},"content":{"rendered":"<ul>\n<li>H\u00f6\u00f6velpruss on k\u00f5igist neljast k\u00fcljest h\u00f6\u00f6veldatud puitmaterjal.<\/li>\n<li>Selline materjal sobib h\u00e4sti erinevateks ehitust\u00f6\u00f6deks: talad, roovitus ja puits\u00f5restik ning lattideks ja vooderduseks.<\/li>\n<li>H\u00f6\u00f6veldatud materjalil on oluline m\u00f5\u00f5dut\u00e4psus. Puit on h\u00fcgroskoopne materjal, seega v\u00f5ib esineda tangensiaalset mahumuutust. St puit p\u00fc\u00fcab \u00fchtlustada oma niiskust \u00fcmbritseva \u00f5hu suhtelise niiskuse ja temperatuuriga. Kui niiskusolud muutuvad, t\u00f5mbub puit kas kokku v\u00f5i paisub.<\/li>\n<li>Kuusk imab v\u00e4hem niiskust kui m\u00e4nd ning seet\u00f5ttu on kuuse niiskusest tingitud mahumuutused v\u00e4iksemad.<\/li>\n<\/ul>\n","protected":false},"excerpt":{"rendered":"H\u00f6\u00f6velpruss on k\u00f5igist neljast k\u00fcljest h\u00f6\u00f6veldatud puitmaterjal. Selline materjal sobib h\u00e4sti erinevateks ehitust\u00f6\u00f6deks: talad, roovitus ja puits\u00f5restik ning lattideks ja vooderduseks. H\u00f6\u00f6veldatud materjalil on oluline m\u00f5\u00f5dut\u00e4psus. Puit on h\u00fcgroskoopne materjal, seega v\u00f5ib esineda tangensiaalset mahumuutust. St puit p\u00fc\u00fcab \u00fchtlustada oma niiskust \u00fcmbritseva \u00f5hu suhtelise niiskuse ja temperatuuriga. Kui niiskusolud muutuvad, t\u00f5mbub puit kas kokku v\u00f5i [&hellip;]","protected":false},"featured_media":504363,"comment_status":"open","ping_status":"closed","template":"","meta":{"_acf_changed":false},"product_brand":[],"product_cat":[100,99,497],"product_tag":[],"class_list":{"0":"post-504362","1":"product","2":"type-product","3":"status-publish","4":"has-post-thumbnail","6":"product_cat-hoovelmaterjal","7":"product_cat-puitmaterjal","8":"product_cat-puumarket","10":"first","11":"instock","12":"shipping-taxable","13":"purchasable","14":"product-type-simple"},"acf":[],"yoast_head":"<!-- This site is optimized with the Yoast SEO Premium plugin v18.7 (Yoast SEO v26.5) - https:\/\/yoast.com\/wordpress\/plugins\/seo\/ -->\n<title>H\u00f6\u00f6velpruss kuusk PHL 28x45x3000mm - Ehituslahendused<\/title>\n<meta name=\"robots\" content=\"index, follow, max-snippet:-1, max-image-preview:large, max-video-preview:-1\" \/>\n<link rel=\"canonical\" href=\"https:\/\/justbuildit.eu\/en\/pood\/puitmaterjal\/hoovelmaterjal\/hoovelpruss-kuusk-phl-28x45x3000mm\/\" \/>\n<meta property=\"og:locale\" content=\"en_US\" \/>\n<meta property=\"og:type\" content=\"article\" \/>\n<meta property=\"og:title\" content=\"H\u00f6\u00f6velpruss kuusk PHL 28x45x3000mm\" \/>\n<meta property=\"og:description\" content=\"H\u00f6\u00f6velpruss on k\u00f5igist neljast k\u00fcljest h\u00f6\u00f6veldatud puitmaterjal. Selline materjal sobib h\u00e4sti erinevateks ehitust\u00f6\u00f6deks: talad, roovitus ja puits\u00f5restik ning lattideks ja vooderduseks. H\u00f6\u00f6veldatud materjalil on oluline m\u00f5\u00f5dut\u00e4psus. Puit on h\u00fcgroskoopne materjal, seega v\u00f5ib esineda tangensiaalset mahumuutust. St puit p\u00fc\u00fcab \u00fchtlustada oma niiskust \u00fcmbritseva \u00f5hu suhtelise niiskuse ja temperatuuriga. Kui niiskusolud muutuvad, t\u00f5mbub puit kas kokku v\u00f5i [&hellip;]\" \/>\n<meta property=\"og:url\" content=\"https:\/\/justbuildit.eu\/en\/pood\/puitmaterjal\/hoovelmaterjal\/hoovelpruss-kuusk-phl-28x45x3000mm\/\" \/>\n<meta property=\"og:site_name\" content=\"Ehituslahendused\" \/>\n<meta property=\"article:publisher\" content=\"https:\/\/www.facebook.com\/justbuildit.ee\" \/>\n<meta property=\"article:modified_time\" content=\"2026-04-11T09:02:48+00:00\" \/>\n<meta property=\"og:image\" content=\"https:\/\/justbuildit.eu\/wp-content\/uploads\/2024\/11\/101248.jpg\" \/>\n\t<meta property=\"og:image:width\" content=\"588\" \/>\n\t<meta property=\"og:image:height\" content=\"588\" \/>\n\t<meta property=\"og:image:type\" content=\"image\/jpeg\" \/>\n<meta name=\"twitter:card\" content=\"summary_large_image\" \/>\n<script type=\"application\/ld+json\" class=\"yoast-schema-graph\">{\"@context\":\"https:\/\/schema.org\",\"@graph\":[{\"@type\":\"WebPage\",\"@id\":\"https:\/\/justbuildit.eu\/en\/pood\/puitmaterjal\/hoovelmaterjal\/hoovelpruss-kuusk-phl-28x45x3000mm\/\",\"url\":\"https:\/\/justbuildit.eu\/en\/pood\/puitmaterjal\/hoovelmaterjal\/hoovelpruss-kuusk-phl-28x45x3000mm\/\",\"name\":\"H\u00f6\u00f6velpruss kuusk PHL 28x45x3000mm - Ehituslahendused\",\"isPartOf\":{\"@id\":\"https:\/\/justbuildit.eu\/en\/#website\"},\"primaryImageOfPage\":{\"@id\":\"https:\/\/justbuildit.eu\/en\/pood\/puitmaterjal\/hoovelmaterjal\/hoovelpruss-kuusk-phl-28x45x3000mm\/#primaryimage\"},\"image\":{\"@id\":\"https:\/\/justbuildit.eu\/en\/pood\/puitmaterjal\/hoovelmaterjal\/hoovelpruss-kuusk-phl-28x45x3000mm\/#primaryimage\"},\"thumbnailUrl\":\"https:\/\/justbuildit.eu\/wp-content\/uploads\/2024\/11\/101248.jpg\",\"datePublished\":\"2024-11-17T07:04:37+00:00\",\"dateModified\":\"2026-04-11T09:02:48+00:00\",\"breadcrumb\":{\"@id\":\"https:\/\/justbuildit.eu\/en\/pood\/puitmaterjal\/hoovelmaterjal\/hoovelpruss-kuusk-phl-28x45x3000mm\/#breadcrumb\"},\"inLanguage\":\"en-US\",\"potentialAction\":[{\"@type\":\"ReadAction\",\"target\":[\"https:\/\/justbuildit.eu\/en\/pood\/puitmaterjal\/hoovelmaterjal\/hoovelpruss-kuusk-phl-28x45x3000mm\/\"]}]},{\"@type\":\"ImageObject\",\"inLanguage\":\"en-US\",\"@id\":\"https:\/\/justbuildit.eu\/en\/pood\/puitmaterjal\/hoovelmaterjal\/hoovelpruss-kuusk-phl-28x45x3000mm\/#primaryimage\",\"url\":\"https:\/\/justbuildit.eu\/wp-content\/uploads\/2024\/11\/101248.jpg\",\"contentUrl\":\"https:\/\/justbuildit.eu\/wp-content\/uploads\/2024\/11\/101248.jpg\",\"width\":588,\"height\":588},{\"@type\":\"BreadcrumbList\",\"@id\":\"https:\/\/justbuildit.eu\/en\/pood\/puitmaterjal\/hoovelmaterjal\/hoovelpruss-kuusk-phl-28x45x3000mm\/#breadcrumb\",\"itemListElement\":[{\"@type\":\"ListItem\",\"position\":1,\"name\":\"Home\",\"item\":\"https:\/\/justbuildit.eu\/en\/\"},{\"@type\":\"ListItem\",\"position\":2,\"name\":\"Shop\",\"item\":\"https:\/\/justbuildit.eu\/en\/building-materials\/\"},{\"@type\":\"ListItem\",\"position\":3,\"name\":\"H\u00f6\u00f6velpruss kuusk PHL 28x45x3000mm\"}]},{\"@type\":\"WebSite\",\"@id\":\"https:\/\/justbuildit.eu\/en\/#website\",\"url\":\"https:\/\/justbuildit.eu\/en\/\",\"name\":\"Ehituslahendused\",\"description\":\"Ehituslahendused ja materjalid\",\"publisher\":{\"@id\":\"https:\/\/justbuildit.eu\/en\/#organization\"},\"potentialAction\":[{\"@type\":\"SearchAction\",\"target\":{\"@type\":\"EntryPoint\",\"urlTemplate\":\"https:\/\/justbuildit.eu\/en\/?s={search_term_string}\"},\"query-input\":{\"@type\":\"PropertyValueSpecification\",\"valueRequired\":true,\"valueName\":\"search_term_string\"}}],\"inLanguage\":\"en-US\"},{\"@type\":\"Organization\",\"@id\":\"https:\/\/justbuildit.eu\/en\/#organization\",\"name\":\"Just Build It O\u00dc\",\"url\":\"https:\/\/justbuildit.eu\/en\/\",\"logo\":{\"@type\":\"ImageObject\",\"inLanguage\":\"en-US\",\"@id\":\"https:\/\/justbuildit.eu\/en\/#\/schema\/logo\/image\/\",\"url\":\"https:\/\/justbuildit.eu\/wp-content\/uploads\/2022\/01\/justbuildit.png\",\"contentUrl\":\"https:\/\/justbuildit.eu\/wp-content\/uploads\/2022\/01\/justbuildit.png\",\"width\":173,\"height\":77,\"caption\":\"Just Build It O\u00dc\"},\"image\":{\"@id\":\"https:\/\/justbuildit.eu\/en\/#\/schema\/logo\/image\/\"},\"sameAs\":[\"https:\/\/www.facebook.com\/justbuildit.ee\"]}]}<\/script>\n<!-- \/ Yoast SEO Premium plugin. -->","yoast_head_json":{"title":"H\u00f6\u00f6velpruss kuusk PHL 28x45x3000mm - Ehituslahendused","robots":{"index":"index","follow":"follow","max-snippet":"max-snippet:-1","max-image-preview":"max-image-preview:large","max-video-preview":"max-video-preview:-1"},"canonical":"https:\/\/justbuildit.eu\/en\/pood\/puitmaterjal\/hoovelmaterjal\/hoovelpruss-kuusk-phl-28x45x3000mm\/","og_locale":"en_US","og_type":"article","og_title":"H\u00f6\u00f6velpruss kuusk PHL 28x45x3000mm","og_description":"H\u00f6\u00f6velpruss on k\u00f5igist neljast k\u00fcljest h\u00f6\u00f6veldatud puitmaterjal. Selline materjal sobib h\u00e4sti erinevateks ehitust\u00f6\u00f6deks: talad, roovitus ja puits\u00f5restik ning lattideks ja vooderduseks. H\u00f6\u00f6veldatud materjalil on oluline m\u00f5\u00f5dut\u00e4psus. Puit on h\u00fcgroskoopne materjal, seega v\u00f5ib esineda tangensiaalset mahumuutust. St puit p\u00fc\u00fcab \u00fchtlustada oma niiskust \u00fcmbritseva \u00f5hu suhtelise niiskuse ja temperatuuriga. Kui niiskusolud muutuvad, t\u00f5mbub puit kas kokku v\u00f5i [&hellip;]","og_url":"https:\/\/justbuildit.eu\/en\/pood\/puitmaterjal\/hoovelmaterjal\/hoovelpruss-kuusk-phl-28x45x3000mm\/","og_site_name":"Ehituslahendused","article_publisher":"https:\/\/www.facebook.com\/justbuildit.ee","article_modified_time":"2026-04-11T09:02:48+00:00","og_image":[{"width":588,"height":588,"url":"https:\/\/justbuildit.eu\/wp-content\/uploads\/2024\/11\/101248.jpg","type":"image\/jpeg"}],"twitter_card":"summary_large_image","schema":{"@context":"https:\/\/schema.org","@graph":[{"@type":"WebPage","@id":"https:\/\/justbuildit.eu\/en\/pood\/puitmaterjal\/hoovelmaterjal\/hoovelpruss-kuusk-phl-28x45x3000mm\/","url":"https:\/\/justbuildit.eu\/en\/pood\/puitmaterjal\/hoovelmaterjal\/hoovelpruss-kuusk-phl-28x45x3000mm\/","name":"H\u00f6\u00f6velpruss kuusk PHL 28x45x3000mm - Ehituslahendused","isPartOf":{"@id":"https:\/\/justbuildit.eu\/en\/#website"},"primaryImageOfPage":{"@id":"https:\/\/justbuildit.eu\/en\/pood\/puitmaterjal\/hoovelmaterjal\/hoovelpruss-kuusk-phl-28x45x3000mm\/#primaryimage"},"image":{"@id":"https:\/\/justbuildit.eu\/en\/pood\/puitmaterjal\/hoovelmaterjal\/hoovelpruss-kuusk-phl-28x45x3000mm\/#primaryimage"},"thumbnailUrl":"https:\/\/justbuildit.eu\/wp-content\/uploads\/2024\/11\/101248.jpg","datePublished":"2024-11-17T07:04:37+00:00","dateModified":"2026-04-11T09:02:48+00:00","breadcrumb":{"@id":"https:\/\/justbuildit.eu\/en\/pood\/puitmaterjal\/hoovelmaterjal\/hoovelpruss-kuusk-phl-28x45x3000mm\/#breadcrumb"},"inLanguage":"en-US","potentialAction":[{"@type":"ReadAction","target":["https:\/\/justbuildit.eu\/en\/pood\/puitmaterjal\/hoovelmaterjal\/hoovelpruss-kuusk-phl-28x45x3000mm\/"]}]},{"@type":"ImageObject","inLanguage":"en-US","@id":"https:\/\/justbuildit.eu\/en\/pood\/puitmaterjal\/hoovelmaterjal\/hoovelpruss-kuusk-phl-28x45x3000mm\/#primaryimage","url":"https:\/\/justbuildit.eu\/wp-content\/uploads\/2024\/11\/101248.jpg","contentUrl":"https:\/\/justbuildit.eu\/wp-content\/uploads\/2024\/11\/101248.jpg","width":588,"height":588},{"@type":"BreadcrumbList","@id":"https:\/\/justbuildit.eu\/en\/pood\/puitmaterjal\/hoovelmaterjal\/hoovelpruss-kuusk-phl-28x45x3000mm\/#breadcrumb","itemListElement":[{"@type":"ListItem","position":1,"name":"Home","item":"https:\/\/justbuildit.eu\/en\/"},{"@type":"ListItem","position":2,"name":"Shop","item":"https:\/\/justbuildit.eu\/en\/building-materials\/"},{"@type":"ListItem","position":3,"name":"H\u00f6\u00f6velpruss kuusk PHL 28x45x3000mm"}]},{"@type":"WebSite","@id":"https:\/\/justbuildit.eu\/en\/#website","url":"https:\/\/justbuildit.eu\/en\/","name":"Ehituslahendused","description":"Ehituslahendused ja materjalid","publisher":{"@id":"https:\/\/justbuildit.eu\/en\/#organization"},"potentialAction":[{"@type":"SearchAction","target":{"@type":"EntryPoint","urlTemplate":"https:\/\/justbuildit.eu\/en\/?s={search_term_string}"},"query-input":{"@type":"PropertyValueSpecification","valueRequired":true,"valueName":"search_term_string"}}],"inLanguage":"en-US"},{"@type":"Organization","@id":"https:\/\/justbuildit.eu\/en\/#organization","name":"Just Build It O\u00dc","url":"https:\/\/justbuildit.eu\/en\/","logo":{"@type":"ImageObject","inLanguage":"en-US","@id":"https:\/\/justbuildit.eu\/en\/#\/schema\/logo\/image\/","url":"https:\/\/justbuildit.eu\/wp-content\/uploads\/2022\/01\/justbuildit.png","contentUrl":"https:\/\/justbuildit.eu\/wp-content\/uploads\/2022\/01\/justbuildit.png","width":173,"height":77,"caption":"Just Build It O\u00dc"},"image":{"@id":"https:\/\/justbuildit.eu\/en\/#\/schema\/logo\/image\/"},"sameAs":["https:\/\/www.facebook.com\/justbuildit.ee"]}]}},"_links":{"self":[{"href":"https:\/\/justbuildit.eu\/en\/wp-json\/wp\/v2\/product\/504362","targetHints":{"allow":["GET"]}}],"collection":[{"href":"https:\/\/justbuildit.eu\/en\/wp-json\/wp\/v2\/product"}],"about":[{"href":"https:\/\/justbuildit.eu\/en\/wp-json\/wp\/v2\/types\/product"}],"replies":[{"embeddable":true,"href":"https:\/\/justbuildit.eu\/en\/wp-json\/wp\/v2\/comments?post=504362"}],"wp:featuredmedia":[{"embeddable":true,"href":"https:\/\/justbuildit.eu\/en\/wp-json\/wp\/v2\/media\/504363"}],"wp:attachment":[{"href":"https:\/\/justbuildit.eu\/en\/wp-json\/wp\/v2\/media?parent=504362"}],"wp:term":[{"taxonomy":"product_brand","embeddable":true,"href":"https:\/\/justbuildit.eu\/en\/wp-json\/wp\/v2\/product_brand?post=504362"},{"taxonomy":"product_cat","embeddable":true,"href":"https:\/\/justbuildit.eu\/en\/wp-json\/wp\/v2\/product_cat?post=504362"},{"taxonomy":"product_tag","embeddable":true,"href":"https:\/\/justbuildit.eu\/en\/wp-json\/wp\/v2\/product_tag?post=504362"}],"curies":[{"name":"wp","href":"https:\/\/api.w.org\/{rel}","templated":true}]}}