{"id":504389,"date":"2024-11-17T10:31:49","date_gmt":"2024-11-17T07:31:49","guid":{"rendered":"https:\/\/justbuildit.eu\/?post_type=product&#038;p=504389"},"modified":"2026-04-19T12:02:42","modified_gmt":"2026-04-19T09:02:42","slug":"parkett-tamm-alamo-1-lipiline-olivaha-304m2","status":"publish","type":"product","link":"https:\/\/justbuildit.eu\/en\/pood\/poranda-ja-seinakatted\/parketid\/parkett-tamm-alamo-1-lipiline-olivaha-304m2\/","title":{"rendered":"Parkett tamm Alamo 1-lipiline \u00f5livaha 3,04m2"},"content":{"rendered":"<p>Alamo on \u00f5livahatatud parkett, millele on tehtud kivipesu. Kivipesu t\u00f6\u00f6tlus r\u00f5hutab puidu looduslikku struktuuri ja toob aastaringid paremini esile. Kivipesu v\u00e4limus saavutatakse parketti harjates ning seej\u00e4rel peitsides. Puidupind lihvitakse, nii et peitsitoon j\u00e4\u00e4b alles ainult puidus\u00fc\u00fc p\u00f5hja. Lihvitud pind kaetakse teise toon\u00f5li kihiga, mis loob ainulaadse antiikse v\u00e4limusega 2D efekti.<\/p>\n","protected":false},"excerpt":{"rendered":"<p>Alamo on \u00f5livahatatud parkett, millele on tehtud kivipesu. Kivipesu t\u00f6\u00f6tlus r\u00f5hutab puidu looduslikku struktuuri ja toob aastaringid paremini esile. Kivipesu v\u00e4limus saavutatakse parketti harjates ning seej\u00e4rel peitsides. Puidupind lihvitakse, nii et peitsitoon j\u00e4\u00e4b alles ainult puidus\u00fc\u00fc p\u00f5hja. Lihvitud pind kaetakse teise toon\u00f5li kihiga, mis loob ainulaadse antiikse v\u00e4limusega 2D efekti.<\/p>","protected":false},"featured_media":504390,"comment_status":"open","ping_status":"closed","template":"","meta":{"_acf_changed":false},"product_brand":[],"product_cat":[96,94,497],"product_tag":[],"class_list":{"0":"post-504389","1":"product","2":"type-product","3":"status-publish","4":"has-post-thumbnail","6":"product_cat-parketid","7":"product_cat-poranda-ja-seinakatted","8":"product_cat-puumarket","10":"first","11":"outofstock","12":"shipping-taxable","13":"purchasable","14":"product-type-simple"},"acf":[],"yoast_head":"<!-- This site is optimized with the Yoast SEO Premium plugin v18.7 (Yoast SEO v26.5) - https:\/\/yoast.com\/wordpress\/plugins\/seo\/ -->\n<title>Parkett tamm Alamo 1-lipiline \u00f5livaha 3,04m2 - Ehituslahendused<\/title>\n<meta name=\"robots\" content=\"index, follow, max-snippet:-1, max-image-preview:large, max-video-preview:-1\" \/>\n<link rel=\"canonical\" href=\"https:\/\/justbuildit.eu\/en\/pood\/poranda-ja-seinakatted\/parketid\/parkett-tamm-alamo-1-lipiline-olivaha-304m2\/\" \/>\n<meta property=\"og:locale\" content=\"en_US\" \/>\n<meta property=\"og:type\" content=\"article\" \/>\n<meta property=\"og:title\" content=\"Parkett tamm Alamo 1-lipiline \u00f5livaha 3,04m2\" \/>\n<meta property=\"og:description\" content=\"Alamo on \u00f5livahatatud parkett, millele on tehtud kivipesu. Kivipesu t\u00f6\u00f6tlus r\u00f5hutab puidu looduslikku struktuuri ja toob aastaringid paremini esile. Kivipesu v\u00e4limus saavutatakse parketti harjates ning seej\u00e4rel peitsides. Puidupind lihvitakse, nii et peitsitoon j\u00e4\u00e4b alles ainult puidus\u00fc\u00fc p\u00f5hja. Lihvitud pind kaetakse teise toon\u00f5li kihiga, mis loob ainulaadse antiikse v\u00e4limusega 2D efekti.\" \/>\n<meta property=\"og:url\" content=\"https:\/\/justbuildit.eu\/en\/pood\/poranda-ja-seinakatted\/parketid\/parkett-tamm-alamo-1-lipiline-olivaha-304m2\/\" \/>\n<meta property=\"og:site_name\" content=\"Ehituslahendused\" \/>\n<meta property=\"article:publisher\" content=\"https:\/\/www.facebook.com\/justbuildit.ee\" \/>\n<meta property=\"article:modified_time\" content=\"2026-04-19T09:02:42+00:00\" \/>\n<meta property=\"og:image\" content=\"https:\/\/justbuildit.eu\/wp-content\/uploads\/2024\/11\/114744.jpg\" \/>\n\t<meta property=\"og:image:width\" content=\"709\" \/>\n\t<meta property=\"og:image:height\" content=\"709\" \/>\n\t<meta property=\"og:image:type\" content=\"image\/jpeg\" \/>\n<meta name=\"twitter:card\" content=\"summary_large_image\" \/>\n<script type=\"application\/ld+json\" class=\"yoast-schema-graph\">{\"@context\":\"https:\/\/schema.org\",\"@graph\":[{\"@type\":\"WebPage\",\"@id\":\"https:\/\/justbuildit.eu\/en\/pood\/poranda-ja-seinakatted\/parketid\/parkett-tamm-alamo-1-lipiline-olivaha-304m2\/\",\"url\":\"https:\/\/justbuildit.eu\/en\/pood\/poranda-ja-seinakatted\/parketid\/parkett-tamm-alamo-1-lipiline-olivaha-304m2\/\",\"name\":\"Parkett tamm Alamo 1-lipiline \u00f5livaha 3,04m2 - Ehituslahendused\",\"isPartOf\":{\"@id\":\"https:\/\/justbuildit.eu\/en\/#website\"},\"primaryImageOfPage\":{\"@id\":\"https:\/\/justbuildit.eu\/en\/pood\/poranda-ja-seinakatted\/parketid\/parkett-tamm-alamo-1-lipiline-olivaha-304m2\/#primaryimage\"},\"image\":{\"@id\":\"https:\/\/justbuildit.eu\/en\/pood\/poranda-ja-seinakatted\/parketid\/parkett-tamm-alamo-1-lipiline-olivaha-304m2\/#primaryimage\"},\"thumbnailUrl\":\"https:\/\/justbuildit.eu\/wp-content\/uploads\/2024\/11\/114744.jpg\",\"datePublished\":\"2024-11-17T07:31:49+00:00\",\"dateModified\":\"2026-04-19T09:02:42+00:00\",\"breadcrumb\":{\"@id\":\"https:\/\/justbuildit.eu\/en\/pood\/poranda-ja-seinakatted\/parketid\/parkett-tamm-alamo-1-lipiline-olivaha-304m2\/#breadcrumb\"},\"inLanguage\":\"en-US\",\"potentialAction\":[{\"@type\":\"ReadAction\",\"target\":[\"https:\/\/justbuildit.eu\/en\/pood\/poranda-ja-seinakatted\/parketid\/parkett-tamm-alamo-1-lipiline-olivaha-304m2\/\"]}]},{\"@type\":\"ImageObject\",\"inLanguage\":\"en-US\",\"@id\":\"https:\/\/justbuildit.eu\/en\/pood\/poranda-ja-seinakatted\/parketid\/parkett-tamm-alamo-1-lipiline-olivaha-304m2\/#primaryimage\",\"url\":\"https:\/\/justbuildit.eu\/wp-content\/uploads\/2024\/11\/114744.jpg\",\"contentUrl\":\"https:\/\/justbuildit.eu\/wp-content\/uploads\/2024\/11\/114744.jpg\",\"width\":709,\"height\":709},{\"@type\":\"BreadcrumbList\",\"@id\":\"https:\/\/justbuildit.eu\/en\/pood\/poranda-ja-seinakatted\/parketid\/parkett-tamm-alamo-1-lipiline-olivaha-304m2\/#breadcrumb\",\"itemListElement\":[{\"@type\":\"ListItem\",\"position\":1,\"name\":\"Home\",\"item\":\"https:\/\/justbuildit.eu\/en\/\"},{\"@type\":\"ListItem\",\"position\":2,\"name\":\"Shop\",\"item\":\"https:\/\/justbuildit.eu\/en\/building-materials\/\"},{\"@type\":\"ListItem\",\"position\":3,\"name\":\"Parkett tamm Alamo 1-lipiline \u00f5livaha 3,04m2\"}]},{\"@type\":\"WebSite\",\"@id\":\"https:\/\/justbuildit.eu\/en\/#website\",\"url\":\"https:\/\/justbuildit.eu\/en\/\",\"name\":\"Ehituslahendused\",\"description\":\"Ehituslahendused ja materjalid\",\"publisher\":{\"@id\":\"https:\/\/justbuildit.eu\/en\/#organization\"},\"potentialAction\":[{\"@type\":\"SearchAction\",\"target\":{\"@type\":\"EntryPoint\",\"urlTemplate\":\"https:\/\/justbuildit.eu\/en\/?s={search_term_string}\"},\"query-input\":{\"@type\":\"PropertyValueSpecification\",\"valueRequired\":true,\"valueName\":\"search_term_string\"}}],\"inLanguage\":\"en-US\"},{\"@type\":\"Organization\",\"@id\":\"https:\/\/justbuildit.eu\/en\/#organization\",\"name\":\"Just Build It O\u00dc\",\"url\":\"https:\/\/justbuildit.eu\/en\/\",\"logo\":{\"@type\":\"ImageObject\",\"inLanguage\":\"en-US\",\"@id\":\"https:\/\/justbuildit.eu\/en\/#\/schema\/logo\/image\/\",\"url\":\"https:\/\/justbuildit.eu\/wp-content\/uploads\/2022\/01\/justbuildit.png\",\"contentUrl\":\"https:\/\/justbuildit.eu\/wp-content\/uploads\/2022\/01\/justbuildit.png\",\"width\":173,\"height\":77,\"caption\":\"Just Build It O\u00dc\"},\"image\":{\"@id\":\"https:\/\/justbuildit.eu\/en\/#\/schema\/logo\/image\/\"},\"sameAs\":[\"https:\/\/www.facebook.com\/justbuildit.ee\"]}]}<\/script>\n<!-- \/ Yoast SEO Premium plugin. -->","yoast_head_json":{"title":"Parkett tamm Alamo 1-lipiline \u00f5livaha 3,04m2 - Ehituslahendused","robots":{"index":"index","follow":"follow","max-snippet":"max-snippet:-1","max-image-preview":"max-image-preview:large","max-video-preview":"max-video-preview:-1"},"canonical":"https:\/\/justbuildit.eu\/en\/pood\/poranda-ja-seinakatted\/parketid\/parkett-tamm-alamo-1-lipiline-olivaha-304m2\/","og_locale":"en_US","og_type":"article","og_title":"Parkett tamm Alamo 1-lipiline \u00f5livaha 3,04m2","og_description":"Alamo on \u00f5livahatatud parkett, millele on tehtud kivipesu. Kivipesu t\u00f6\u00f6tlus r\u00f5hutab puidu looduslikku struktuuri ja toob aastaringid paremini esile. Kivipesu v\u00e4limus saavutatakse parketti harjates ning seej\u00e4rel peitsides. Puidupind lihvitakse, nii et peitsitoon j\u00e4\u00e4b alles ainult puidus\u00fc\u00fc p\u00f5hja. Lihvitud pind kaetakse teise toon\u00f5li kihiga, mis loob ainulaadse antiikse v\u00e4limusega 2D efekti.","og_url":"https:\/\/justbuildit.eu\/en\/pood\/poranda-ja-seinakatted\/parketid\/parkett-tamm-alamo-1-lipiline-olivaha-304m2\/","og_site_name":"Ehituslahendused","article_publisher":"https:\/\/www.facebook.com\/justbuildit.ee","article_modified_time":"2026-04-19T09:02:42+00:00","og_image":[{"width":709,"height":709,"url":"https:\/\/justbuildit.eu\/wp-content\/uploads\/2024\/11\/114744.jpg","type":"image\/jpeg"}],"twitter_card":"summary_large_image","schema":{"@context":"https:\/\/schema.org","@graph":[{"@type":"WebPage","@id":"https:\/\/justbuildit.eu\/en\/pood\/poranda-ja-seinakatted\/parketid\/parkett-tamm-alamo-1-lipiline-olivaha-304m2\/","url":"https:\/\/justbuildit.eu\/en\/pood\/poranda-ja-seinakatted\/parketid\/parkett-tamm-alamo-1-lipiline-olivaha-304m2\/","name":"Parkett tamm Alamo 1-lipiline \u00f5livaha 3,04m2 - Ehituslahendused","isPartOf":{"@id":"https:\/\/justbuildit.eu\/en\/#website"},"primaryImageOfPage":{"@id":"https:\/\/justbuildit.eu\/en\/pood\/poranda-ja-seinakatted\/parketid\/parkett-tamm-alamo-1-lipiline-olivaha-304m2\/#primaryimage"},"image":{"@id":"https:\/\/justbuildit.eu\/en\/pood\/poranda-ja-seinakatted\/parketid\/parkett-tamm-alamo-1-lipiline-olivaha-304m2\/#primaryimage"},"thumbnailUrl":"https:\/\/justbuildit.eu\/wp-content\/uploads\/2024\/11\/114744.jpg","datePublished":"2024-11-17T07:31:49+00:00","dateModified":"2026-04-19T09:02:42+00:00","breadcrumb":{"@id":"https:\/\/justbuildit.eu\/en\/pood\/poranda-ja-seinakatted\/parketid\/parkett-tamm-alamo-1-lipiline-olivaha-304m2\/#breadcrumb"},"inLanguage":"en-US","potentialAction":[{"@type":"ReadAction","target":["https:\/\/justbuildit.eu\/en\/pood\/poranda-ja-seinakatted\/parketid\/parkett-tamm-alamo-1-lipiline-olivaha-304m2\/"]}]},{"@type":"ImageObject","inLanguage":"en-US","@id":"https:\/\/justbuildit.eu\/en\/pood\/poranda-ja-seinakatted\/parketid\/parkett-tamm-alamo-1-lipiline-olivaha-304m2\/#primaryimage","url":"https:\/\/justbuildit.eu\/wp-content\/uploads\/2024\/11\/114744.jpg","contentUrl":"https:\/\/justbuildit.eu\/wp-content\/uploads\/2024\/11\/114744.jpg","width":709,"height":709},{"@type":"BreadcrumbList","@id":"https:\/\/justbuildit.eu\/en\/pood\/poranda-ja-seinakatted\/parketid\/parkett-tamm-alamo-1-lipiline-olivaha-304m2\/#breadcrumb","itemListElement":[{"@type":"ListItem","position":1,"name":"Home","item":"https:\/\/justbuildit.eu\/en\/"},{"@type":"ListItem","position":2,"name":"Shop","item":"https:\/\/justbuildit.eu\/en\/building-materials\/"},{"@type":"ListItem","position":3,"name":"Parkett tamm Alamo 1-lipiline \u00f5livaha 3,04m2"}]},{"@type":"WebSite","@id":"https:\/\/justbuildit.eu\/en\/#website","url":"https:\/\/justbuildit.eu\/en\/","name":"Ehituslahendused","description":"Ehituslahendused ja materjalid","publisher":{"@id":"https:\/\/justbuildit.eu\/en\/#organization"},"potentialAction":[{"@type":"SearchAction","target":{"@type":"EntryPoint","urlTemplate":"https:\/\/justbuildit.eu\/en\/?s={search_term_string}"},"query-input":{"@type":"PropertyValueSpecification","valueRequired":true,"valueName":"search_term_string"}}],"inLanguage":"en-US"},{"@type":"Organization","@id":"https:\/\/justbuildit.eu\/en\/#organization","name":"Just Build It O\u00dc","url":"https:\/\/justbuildit.eu\/en\/","logo":{"@type":"ImageObject","inLanguage":"en-US","@id":"https:\/\/justbuildit.eu\/en\/#\/schema\/logo\/image\/","url":"https:\/\/justbuildit.eu\/wp-content\/uploads\/2022\/01\/justbuildit.png","contentUrl":"https:\/\/justbuildit.eu\/wp-content\/uploads\/2022\/01\/justbuildit.png","width":173,"height":77,"caption":"Just Build It O\u00dc"},"image":{"@id":"https:\/\/justbuildit.eu\/en\/#\/schema\/logo\/image\/"},"sameAs":["https:\/\/www.facebook.com\/justbuildit.ee"]}]}},"_links":{"self":[{"href":"https:\/\/justbuildit.eu\/en\/wp-json\/wp\/v2\/product\/504389","targetHints":{"allow":["GET"]}}],"collection":[{"href":"https:\/\/justbuildit.eu\/en\/wp-json\/wp\/v2\/product"}],"about":[{"href":"https:\/\/justbuildit.eu\/en\/wp-json\/wp\/v2\/types\/product"}],"replies":[{"embeddable":true,"href":"https:\/\/justbuildit.eu\/en\/wp-json\/wp\/v2\/comments?post=504389"}],"wp:featuredmedia":[{"embeddable":true,"href":"https:\/\/justbuildit.eu\/en\/wp-json\/wp\/v2\/media\/504390"}],"wp:attachment":[{"href":"https:\/\/justbuildit.eu\/en\/wp-json\/wp\/v2\/media?parent=504389"}],"wp:term":[{"taxonomy":"product_brand","embeddable":true,"href":"https:\/\/justbuildit.eu\/en\/wp-json\/wp\/v2\/product_brand?post=504389"},{"taxonomy":"product_cat","embeddable":true,"href":"https:\/\/justbuildit.eu\/en\/wp-json\/wp\/v2\/product_cat?post=504389"},{"taxonomy":"product_tag","embeddable":true,"href":"https:\/\/justbuildit.eu\/en\/wp-json\/wp\/v2\/product_tag?post=504389"}],"curies":[{"name":"wp","href":"https:\/\/api.w.org\/{rel}","templated":true}]}}