{"id":504400,"date":"2024-11-17T10:33:47","date_gmt":"2024-11-17T07:33:47","guid":{"rendered":"https:\/\/justbuildit.eu\/?post_type=product&#038;p=504400"},"modified":"2026-05-12T12:02:39","modified_gmt":"2026-05-12T09:02:39","slug":"parketi-alusvaip-tupex-3mm-12x30m-33m2-ulekattega","status":"publish","type":"product","link":"https:\/\/justbuildit.eu\/en\/pood\/poranda-ja-seinakatted\/parketid\/parketi-alusvaip-tupex-3mm-12x30m-33m2-ulekattega\/","title":{"rendered":"Parketi alusvaip Tupex 3mm 1,2x30m (33m2) \u00fclekattega"},"content":{"rendered":"<p>Tuplex on spetsiaalne aluskate, mis paigaldatakse alusp\u00f5randale enne puitparketi v\u00f5i laminaadi ujuvpaigaldust ehk liimita paigaldust. Tuplex koosneb kahest kilekihist, millest pealmine ei lase alusp\u00f5randa niiskusel \u00fclespoole liikuda ja kihtide vahel on pehmed EPS graanulid, mis tagavad alusp\u00f5randa ja p\u00f5randakatte vahelise \u00f5hu liikumise.<\/p>\n<p>Peamised eelised:<\/p>\n<ul>\n<li>Heli summutavad omadused.<\/li>\n<li>Kompenseerib alusp\u00f5randa ebatasasusi.<\/li>\n<li>Hoiab \u00e4ra alusp\u00f5randast niiskuse j\u00f5udmise p\u00f5randakatteni. Lisa niiskust\u00f5ket alusp\u00f5randale ei ole vaja.<\/li>\n<li>Graanulite paigutus v\u00f5imaldab alusp\u00f5randa ja p\u00f5randakatte vahelist \u00f5hu liikumist.<\/li>\n<\/ul>\n","protected":false},"excerpt":{"rendered":"<p>Tuplex on spetsiaalne aluskate, mis paigaldatakse alusp\u00f5randale enne puitparketi v\u00f5i laminaadi ujuvpaigaldust ehk liimita paigaldust. Tuplex koosneb kahest kilekihist, millest pealmine ei lase alusp\u00f5randa niiskusel \u00fclespoole liikuda ja kihtide vahel on pehmed EPS graanulid, mis tagavad alusp\u00f5randa ja p\u00f5randakatte vahelise \u00f5hu liikumise.<\/p>","protected":false},"featured_media":504401,"comment_status":"open","ping_status":"closed","template":"","meta":{"_acf_changed":false},"product_brand":[],"product_cat":[68,96,497],"product_tag":[],"class_list":{"0":"post-504400","1":"product","2":"type-product","3":"status-publish","4":"has-post-thumbnail","6":"product_cat-membraanid","7":"product_cat-parketid","8":"product_cat-puumarket","10":"first","11":"outofstock","12":"shipping-taxable","13":"purchasable","14":"product-type-simple"},"acf":[],"yoast_head":"<!-- This site is optimized with the Yoast SEO Premium plugin v18.7 (Yoast SEO v26.5) - https:\/\/yoast.com\/wordpress\/plugins\/seo\/ -->\n<title>Parketi alusvaip Tupex 3mm 1,2x30m (33m2) \u00fclekattega - Ehituslahendused<\/title>\n<meta name=\"description\" content=\"Tuplex on spetsiaalne aluskate, mis paigaldatakse alusp\u00f5randale enne puitparketi v\u00f5i laminaadi ujuvpaigaldust ehk liimita paigaldust. Tuplex koosneb kahest kilekihist, millest pealmine ei lase alusp\u00f5randa niiskusel \u00fclespoole liikuda ja kihtide vahel on pehmed EPS graanulid, mis tagavad alusp\u00f5randa ja p\u00f5randakatte vahelise \u00f5hu liikumise.\" \/>\n<meta name=\"robots\" content=\"index, follow, max-snippet:-1, max-image-preview:large, max-video-preview:-1\" \/>\n<link rel=\"canonical\" href=\"https:\/\/justbuildit.eu\/en\/pood\/poranda-ja-seinakatted\/parketid\/parketi-alusvaip-tupex-3mm-12x30m-33m2-ulekattega\/\" \/>\n<meta property=\"og:locale\" content=\"en_US\" \/>\n<meta property=\"og:type\" content=\"article\" \/>\n<meta property=\"og:title\" content=\"Parketi alusvaip Tupex 3mm 1,2x30m (33m2) \u00fclekattega\" \/>\n<meta property=\"og:description\" content=\"Tuplex on spetsiaalne aluskate, mis paigaldatakse alusp\u00f5randale enne puitparketi v\u00f5i laminaadi ujuvpaigaldust ehk liimita paigaldust. Tuplex koosneb kahest kilekihist, millest pealmine ei lase alusp\u00f5randa niiskusel \u00fclespoole liikuda ja kihtide vahel on pehmed EPS graanulid, mis tagavad alusp\u00f5randa ja p\u00f5randakatte vahelise \u00f5hu liikumise.\" \/>\n<meta property=\"og:url\" content=\"https:\/\/justbuildit.eu\/en\/pood\/poranda-ja-seinakatted\/parketid\/parketi-alusvaip-tupex-3mm-12x30m-33m2-ulekattega\/\" \/>\n<meta property=\"og:site_name\" content=\"Ehituslahendused\" \/>\n<meta property=\"article:publisher\" content=\"https:\/\/www.facebook.com\/justbuildit.ee\" \/>\n<meta property=\"article:modified_time\" content=\"2026-05-12T09:02:39+00:00\" \/>\n<meta property=\"og:image\" content=\"https:\/\/justbuildit.eu\/wp-content\/uploads\/2024\/11\/116687.jpg\" \/>\n\t<meta property=\"og:image:width\" content=\"600\" \/>\n\t<meta property=\"og:image:height\" content=\"600\" \/>\n\t<meta property=\"og:image:type\" content=\"image\/jpeg\" \/>\n<meta name=\"twitter:card\" content=\"summary_large_image\" \/>\n<script type=\"application\/ld+json\" class=\"yoast-schema-graph\">{\"@context\":\"https:\/\/schema.org\",\"@graph\":[{\"@type\":\"WebPage\",\"@id\":\"https:\/\/justbuildit.eu\/en\/pood\/poranda-ja-seinakatted\/parketid\/parketi-alusvaip-tupex-3mm-12x30m-33m2-ulekattega\/\",\"url\":\"https:\/\/justbuildit.eu\/en\/pood\/poranda-ja-seinakatted\/parketid\/parketi-alusvaip-tupex-3mm-12x30m-33m2-ulekattega\/\",\"name\":\"Parketi alusvaip Tupex 3mm 1,2x30m (33m2) \u00fclekattega - Ehituslahendused\",\"isPartOf\":{\"@id\":\"https:\/\/justbuildit.eu\/en\/#website\"},\"primaryImageOfPage\":{\"@id\":\"https:\/\/justbuildit.eu\/en\/pood\/poranda-ja-seinakatted\/parketid\/parketi-alusvaip-tupex-3mm-12x30m-33m2-ulekattega\/#primaryimage\"},\"image\":{\"@id\":\"https:\/\/justbuildit.eu\/en\/pood\/poranda-ja-seinakatted\/parketid\/parketi-alusvaip-tupex-3mm-12x30m-33m2-ulekattega\/#primaryimage\"},\"thumbnailUrl\":\"https:\/\/justbuildit.eu\/wp-content\/uploads\/2024\/11\/116687.jpg\",\"datePublished\":\"2024-11-17T07:33:47+00:00\",\"dateModified\":\"2026-05-12T09:02:39+00:00\",\"description\":\"Tuplex on spetsiaalne aluskate, mis paigaldatakse alusp\u00f5randale enne puitparketi v\u00f5i laminaadi ujuvpaigaldust ehk liimita paigaldust. Tuplex koosneb kahest kilekihist, millest pealmine ei lase alusp\u00f5randa niiskusel \u00fclespoole liikuda ja kihtide vahel on pehmed EPS graanulid, mis tagavad alusp\u00f5randa ja p\u00f5randakatte vahelise \u00f5hu liikumise.\",\"breadcrumb\":{\"@id\":\"https:\/\/justbuildit.eu\/en\/pood\/poranda-ja-seinakatted\/parketid\/parketi-alusvaip-tupex-3mm-12x30m-33m2-ulekattega\/#breadcrumb\"},\"inLanguage\":\"en-US\",\"potentialAction\":[{\"@type\":\"ReadAction\",\"target\":[\"https:\/\/justbuildit.eu\/en\/pood\/poranda-ja-seinakatted\/parketid\/parketi-alusvaip-tupex-3mm-12x30m-33m2-ulekattega\/\"]}]},{\"@type\":\"ImageObject\",\"inLanguage\":\"en-US\",\"@id\":\"https:\/\/justbuildit.eu\/en\/pood\/poranda-ja-seinakatted\/parketid\/parketi-alusvaip-tupex-3mm-12x30m-33m2-ulekattega\/#primaryimage\",\"url\":\"https:\/\/justbuildit.eu\/wp-content\/uploads\/2024\/11\/116687.jpg\",\"contentUrl\":\"https:\/\/justbuildit.eu\/wp-content\/uploads\/2024\/11\/116687.jpg\",\"width\":600,\"height\":600},{\"@type\":\"BreadcrumbList\",\"@id\":\"https:\/\/justbuildit.eu\/en\/pood\/poranda-ja-seinakatted\/parketid\/parketi-alusvaip-tupex-3mm-12x30m-33m2-ulekattega\/#breadcrumb\",\"itemListElement\":[{\"@type\":\"ListItem\",\"position\":1,\"name\":\"Home\",\"item\":\"https:\/\/justbuildit.eu\/en\/\"},{\"@type\":\"ListItem\",\"position\":2,\"name\":\"Shop\",\"item\":\"https:\/\/justbuildit.eu\/en\/building-materials\/\"},{\"@type\":\"ListItem\",\"position\":3,\"name\":\"Parketi alusvaip Tupex 3mm 1,2x30m (33m2) \u00fclekattega\"}]},{\"@type\":\"WebSite\",\"@id\":\"https:\/\/justbuildit.eu\/en\/#website\",\"url\":\"https:\/\/justbuildit.eu\/en\/\",\"name\":\"Ehituslahendused\",\"description\":\"Ehituslahendused ja materjalid\",\"publisher\":{\"@id\":\"https:\/\/justbuildit.eu\/en\/#organization\"},\"potentialAction\":[{\"@type\":\"SearchAction\",\"target\":{\"@type\":\"EntryPoint\",\"urlTemplate\":\"https:\/\/justbuildit.eu\/en\/?s={search_term_string}\"},\"query-input\":{\"@type\":\"PropertyValueSpecification\",\"valueRequired\":true,\"valueName\":\"search_term_string\"}}],\"inLanguage\":\"en-US\"},{\"@type\":\"Organization\",\"@id\":\"https:\/\/justbuildit.eu\/en\/#organization\",\"name\":\"Just Build It O\u00dc\",\"url\":\"https:\/\/justbuildit.eu\/en\/\",\"logo\":{\"@type\":\"ImageObject\",\"inLanguage\":\"en-US\",\"@id\":\"https:\/\/justbuildit.eu\/en\/#\/schema\/logo\/image\/\",\"url\":\"https:\/\/justbuildit.eu\/wp-content\/uploads\/2022\/01\/justbuildit.png\",\"contentUrl\":\"https:\/\/justbuildit.eu\/wp-content\/uploads\/2022\/01\/justbuildit.png\",\"width\":173,\"height\":77,\"caption\":\"Just Build It O\u00dc\"},\"image\":{\"@id\":\"https:\/\/justbuildit.eu\/en\/#\/schema\/logo\/image\/\"},\"sameAs\":[\"https:\/\/www.facebook.com\/justbuildit.ee\"]}]}<\/script>\n<!-- \/ Yoast SEO Premium plugin. -->","yoast_head_json":{"title":"Parketi alusvaip Tupex 3mm 1,2x30m (33m2) \u00fclekattega - Ehituslahendused","description":"Tuplex on spetsiaalne aluskate, mis paigaldatakse alusp\u00f5randale enne puitparketi v\u00f5i laminaadi ujuvpaigaldust ehk liimita paigaldust. Tuplex koosneb kahest kilekihist, millest pealmine ei lase alusp\u00f5randa niiskusel \u00fclespoole liikuda ja kihtide vahel on pehmed EPS graanulid, mis tagavad alusp\u00f5randa ja p\u00f5randakatte vahelise \u00f5hu liikumise.","robots":{"index":"index","follow":"follow","max-snippet":"max-snippet:-1","max-image-preview":"max-image-preview:large","max-video-preview":"max-video-preview:-1"},"canonical":"https:\/\/justbuildit.eu\/en\/pood\/poranda-ja-seinakatted\/parketid\/parketi-alusvaip-tupex-3mm-12x30m-33m2-ulekattega\/","og_locale":"en_US","og_type":"article","og_title":"Parketi alusvaip Tupex 3mm 1,2x30m (33m2) \u00fclekattega","og_description":"Tuplex on spetsiaalne aluskate, mis paigaldatakse alusp\u00f5randale enne puitparketi v\u00f5i laminaadi ujuvpaigaldust ehk liimita paigaldust. Tuplex koosneb kahest kilekihist, millest pealmine ei lase alusp\u00f5randa niiskusel \u00fclespoole liikuda ja kihtide vahel on pehmed EPS graanulid, mis tagavad alusp\u00f5randa ja p\u00f5randakatte vahelise \u00f5hu liikumise.","og_url":"https:\/\/justbuildit.eu\/en\/pood\/poranda-ja-seinakatted\/parketid\/parketi-alusvaip-tupex-3mm-12x30m-33m2-ulekattega\/","og_site_name":"Ehituslahendused","article_publisher":"https:\/\/www.facebook.com\/justbuildit.ee","article_modified_time":"2026-05-12T09:02:39+00:00","og_image":[{"width":600,"height":600,"url":"https:\/\/justbuildit.eu\/wp-content\/uploads\/2024\/11\/116687.jpg","type":"image\/jpeg"}],"twitter_card":"summary_large_image","schema":{"@context":"https:\/\/schema.org","@graph":[{"@type":"WebPage","@id":"https:\/\/justbuildit.eu\/en\/pood\/poranda-ja-seinakatted\/parketid\/parketi-alusvaip-tupex-3mm-12x30m-33m2-ulekattega\/","url":"https:\/\/justbuildit.eu\/en\/pood\/poranda-ja-seinakatted\/parketid\/parketi-alusvaip-tupex-3mm-12x30m-33m2-ulekattega\/","name":"Parketi alusvaip Tupex 3mm 1,2x30m (33m2) \u00fclekattega - Ehituslahendused","isPartOf":{"@id":"https:\/\/justbuildit.eu\/en\/#website"},"primaryImageOfPage":{"@id":"https:\/\/justbuildit.eu\/en\/pood\/poranda-ja-seinakatted\/parketid\/parketi-alusvaip-tupex-3mm-12x30m-33m2-ulekattega\/#primaryimage"},"image":{"@id":"https:\/\/justbuildit.eu\/en\/pood\/poranda-ja-seinakatted\/parketid\/parketi-alusvaip-tupex-3mm-12x30m-33m2-ulekattega\/#primaryimage"},"thumbnailUrl":"https:\/\/justbuildit.eu\/wp-content\/uploads\/2024\/11\/116687.jpg","datePublished":"2024-11-17T07:33:47+00:00","dateModified":"2026-05-12T09:02:39+00:00","description":"Tuplex on spetsiaalne aluskate, mis paigaldatakse alusp\u00f5randale enne puitparketi v\u00f5i laminaadi ujuvpaigaldust ehk liimita paigaldust. Tuplex koosneb kahest kilekihist, millest pealmine ei lase alusp\u00f5randa niiskusel \u00fclespoole liikuda ja kihtide vahel on pehmed EPS graanulid, mis tagavad alusp\u00f5randa ja p\u00f5randakatte vahelise \u00f5hu liikumise.","breadcrumb":{"@id":"https:\/\/justbuildit.eu\/en\/pood\/poranda-ja-seinakatted\/parketid\/parketi-alusvaip-tupex-3mm-12x30m-33m2-ulekattega\/#breadcrumb"},"inLanguage":"en-US","potentialAction":[{"@type":"ReadAction","target":["https:\/\/justbuildit.eu\/en\/pood\/poranda-ja-seinakatted\/parketid\/parketi-alusvaip-tupex-3mm-12x30m-33m2-ulekattega\/"]}]},{"@type":"ImageObject","inLanguage":"en-US","@id":"https:\/\/justbuildit.eu\/en\/pood\/poranda-ja-seinakatted\/parketid\/parketi-alusvaip-tupex-3mm-12x30m-33m2-ulekattega\/#primaryimage","url":"https:\/\/justbuildit.eu\/wp-content\/uploads\/2024\/11\/116687.jpg","contentUrl":"https:\/\/justbuildit.eu\/wp-content\/uploads\/2024\/11\/116687.jpg","width":600,"height":600},{"@type":"BreadcrumbList","@id":"https:\/\/justbuildit.eu\/en\/pood\/poranda-ja-seinakatted\/parketid\/parketi-alusvaip-tupex-3mm-12x30m-33m2-ulekattega\/#breadcrumb","itemListElement":[{"@type":"ListItem","position":1,"name":"Home","item":"https:\/\/justbuildit.eu\/en\/"},{"@type":"ListItem","position":2,"name":"Shop","item":"https:\/\/justbuildit.eu\/en\/building-materials\/"},{"@type":"ListItem","position":3,"name":"Parketi alusvaip Tupex 3mm 1,2x30m (33m2) \u00fclekattega"}]},{"@type":"WebSite","@id":"https:\/\/justbuildit.eu\/en\/#website","url":"https:\/\/justbuildit.eu\/en\/","name":"Ehituslahendused","description":"Ehituslahendused ja materjalid","publisher":{"@id":"https:\/\/justbuildit.eu\/en\/#organization"},"potentialAction":[{"@type":"SearchAction","target":{"@type":"EntryPoint","urlTemplate":"https:\/\/justbuildit.eu\/en\/?s={search_term_string}"},"query-input":{"@type":"PropertyValueSpecification","valueRequired":true,"valueName":"search_term_string"}}],"inLanguage":"en-US"},{"@type":"Organization","@id":"https:\/\/justbuildit.eu\/en\/#organization","name":"Just Build It O\u00dc","url":"https:\/\/justbuildit.eu\/en\/","logo":{"@type":"ImageObject","inLanguage":"en-US","@id":"https:\/\/justbuildit.eu\/en\/#\/schema\/logo\/image\/","url":"https:\/\/justbuildit.eu\/wp-content\/uploads\/2022\/01\/justbuildit.png","contentUrl":"https:\/\/justbuildit.eu\/wp-content\/uploads\/2022\/01\/justbuildit.png","width":173,"height":77,"caption":"Just Build It O\u00dc"},"image":{"@id":"https:\/\/justbuildit.eu\/en\/#\/schema\/logo\/image\/"},"sameAs":["https:\/\/www.facebook.com\/justbuildit.ee"]}]}},"_links":{"self":[{"href":"https:\/\/justbuildit.eu\/en\/wp-json\/wp\/v2\/product\/504400","targetHints":{"allow":["GET"]}}],"collection":[{"href":"https:\/\/justbuildit.eu\/en\/wp-json\/wp\/v2\/product"}],"about":[{"href":"https:\/\/justbuildit.eu\/en\/wp-json\/wp\/v2\/types\/product"}],"replies":[{"embeddable":true,"href":"https:\/\/justbuildit.eu\/en\/wp-json\/wp\/v2\/comments?post=504400"}],"wp:featuredmedia":[{"embeddable":true,"href":"https:\/\/justbuildit.eu\/en\/wp-json\/wp\/v2\/media\/504401"}],"wp:attachment":[{"href":"https:\/\/justbuildit.eu\/en\/wp-json\/wp\/v2\/media?parent=504400"}],"wp:term":[{"taxonomy":"product_brand","embeddable":true,"href":"https:\/\/justbuildit.eu\/en\/wp-json\/wp\/v2\/product_brand?post=504400"},{"taxonomy":"product_cat","embeddable":true,"href":"https:\/\/justbuildit.eu\/en\/wp-json\/wp\/v2\/product_cat?post=504400"},{"taxonomy":"product_tag","embeddable":true,"href":"https:\/\/justbuildit.eu\/en\/wp-json\/wp\/v2\/product_tag?post=504400"}],"curies":[{"name":"wp","href":"https:\/\/api.w.org\/{rel}","templated":true}]}}