{"id":504425,"date":"2024-11-17T10:39:41","date_gmt":"2024-11-17T07:39:41","guid":{"rendered":"https:\/\/justbuildit.eu\/?post_type=product&#038;p=504425"},"modified":"2026-05-13T12:02:26","modified_gmt":"2026-05-13T09:02:26","slug":"parkett-tamm-nature-3-lipiline-matt-358m2","status":"publish","type":"product","link":"https:\/\/justbuildit.eu\/en\/pood\/poranda-ja-seinakatted\/parketid\/parkett-tamm-nature-3-lipiline-matt-358m2\/","title":{"rendered":"Parkett tamm Nature 3-lipiline matt 3,58m2"},"content":{"rendered":"<p>3-kihiline parkett on v\u00e4\u00e4rispuidu kihiga laudparkett, kus keskmine ja alumine kiht on tehtud kuusest, m\u00e4nnist v\u00f5i paplist. Sellise konstruktsiooniga laudparkett on temperatuuri ja niiskuse k\u00f5ikudes m\u00f5nev\u00f5rra stabiilsem kui massiivparkett, sest erisuunalise puidus\u00fc\u00fcga kihid neutraliseerivad puidu loomulikku liikumist. Sellest tulenevalt on ka pealispind stabiilsem ning sisekliima muutustele vastuv\u00f5tlikum. T\u00e4nu \u201clukk\u201d s\u00fcsteemile on paigaldamine v\u00e4ga lihtne ja kiire. Kui planke maha ei liimita, siis on v\u00f5imalik lauad \u00fcles v\u00f5tta ning teises ruumis uuesti paigaldada. Sobib h\u00e4sti kasutamiseks p\u00f5randak\u00fcttel.<br \/>\nV\u00e4\u00e4rispuidu kiht on kuni 3,0mm, mis v\u00f5imaldab parketti 2-3 korda lihvida.<\/p>\n<p>Klassikalise v\u00e4limusega parkett on ajatu loomuga, mis sobib nii modernsesse kui ka romantilisse interj\u00f6\u00f6ri. Klassikalised parketid on inspireeritud ajatutest interj\u00f6\u00f6ridest: k\u00f5rged laed, kaunid ornamendid ja l\u00fchtrid, romantiline sisekujunduse joon. Kasutades luksuslikke materjale, kulla ja h\u00f5beda toone, antiikset m\u00f6\u00f6blit ja aksessuaare, saavutate \u0161iki ja elegantse tulemuse. Stiilset klassikalist interj\u00f6\u00f6ri t\u00e4iustab eksklusiivne ja vastupidav parkett, mille v\u00f5ib paigaldada pilkup\u00fc\u00fcdvas mustris<\/p>\n","protected":false},"excerpt":{"rendered":"<p>3-kihiline parkett on v\u00e4\u00e4rispuidu kihiga laudparkett, kus keskmine ja alumine kiht on tehtud kuusest, m\u00e4nnist v\u00f5i paplist. Sellise konstruktsiooniga laudparkett on temperatuuri ja niiskuse k\u00f5ikudes m\u00f5nev\u00f5rra stabiilsem kui massiivparkett, sest erisuunalise puidus\u00fc\u00fcga kihid neutraliseerivad puidu loomulikku liikumist. Sellest tulenevalt on ka pealispind stabiilsem ning sisekliima muutustele vastuv\u00f5tlikum. T\u00e4nu \u201clukk\u201d s\u00fcsteemile on paigaldamine v\u00e4ga lihtne ja kiire. Kui planke maha ei liimita, siis on v\u00f5imalik lauad \u00fcles v\u00f5tta ning teises ruumis uuesti paigaldada. Sobib h\u00e4sti kasutamiseks p\u00f5randak\u00fcttel.<br \/>\nV\u00e4\u00e4rispuidu kiht on kuni 3,0mm, mis v\u00f5imaldab parketti 2-3 korda lihvida.<\/p>","protected":false},"featured_media":504426,"comment_status":"open","ping_status":"closed","template":"","meta":{"_acf_changed":false},"product_brand":[],"product_cat":[96,94,497],"product_tag":[],"class_list":{"0":"post-504425","1":"product","2":"type-product","3":"status-publish","4":"has-post-thumbnail","6":"product_cat-parketid","7":"product_cat-poranda-ja-seinakatted","8":"product_cat-puumarket","10":"first","11":"outofstock","12":"shipping-taxable","13":"purchasable","14":"product-type-simple"},"acf":[],"yoast_head":"<!-- This site is optimized with the Yoast SEO Premium plugin v18.7 (Yoast SEO v26.5) - https:\/\/yoast.com\/wordpress\/plugins\/seo\/ -->\n<title>Parkett tamm Nature 3-lipiline matt 3,58m2 - Ehituslahendused<\/title>\n<meta name=\"robots\" content=\"index, follow, max-snippet:-1, max-image-preview:large, max-video-preview:-1\" \/>\n<link rel=\"canonical\" href=\"https:\/\/justbuildit.eu\/en\/pood\/poranda-ja-seinakatted\/parketid\/parkett-tamm-nature-3-lipiline-matt-358m2\/\" \/>\n<meta property=\"og:locale\" content=\"en_US\" \/>\n<meta property=\"og:type\" content=\"article\" \/>\n<meta property=\"og:title\" content=\"Parkett tamm Nature 3-lipiline matt 3,58m2\" \/>\n<meta property=\"og:description\" content=\"3-kihiline parkett on v\u00e4\u00e4rispuidu kihiga laudparkett, kus keskmine ja alumine kiht on tehtud kuusest, m\u00e4nnist v\u00f5i paplist. Sellise konstruktsiooniga laudparkett on temperatuuri ja niiskuse k\u00f5ikudes m\u00f5nev\u00f5rra stabiilsem kui massiivparkett, sest erisuunalise puidus\u00fc\u00fcga kihid neutraliseerivad puidu loomulikku liikumist. Sellest tulenevalt on ka pealispind stabiilsem ning sisekliima muutustele vastuv\u00f5tlikum. T\u00e4nu \u201clukk\u201d s\u00fcsteemile on paigaldamine v\u00e4ga lihtne ja kiire. Kui planke maha ei liimita, siis on v\u00f5imalik lauad \u00fcles v\u00f5tta ning teises ruumis uuesti paigaldada. Sobib h\u00e4sti kasutamiseks p\u00f5randak\u00fcttel. V\u00e4\u00e4rispuidu kiht on kuni 3,0mm, mis v\u00f5imaldab parketti 2-3 korda lihvida.\" \/>\n<meta property=\"og:url\" content=\"https:\/\/justbuildit.eu\/en\/pood\/poranda-ja-seinakatted\/parketid\/parkett-tamm-nature-3-lipiline-matt-358m2\/\" \/>\n<meta property=\"og:site_name\" content=\"Ehituslahendused\" \/>\n<meta property=\"article:publisher\" content=\"https:\/\/www.facebook.com\/justbuildit.ee\" \/>\n<meta property=\"article:modified_time\" content=\"2026-05-13T09:02:26+00:00\" \/>\n<meta property=\"og:image\" content=\"https:\/\/justbuildit.eu\/wp-content\/uploads\/2024\/11\/114749.jpg\" \/>\n\t<meta property=\"og:image:width\" content=\"709\" \/>\n\t<meta property=\"og:image:height\" content=\"709\" \/>\n\t<meta property=\"og:image:type\" content=\"image\/jpeg\" \/>\n<meta name=\"twitter:card\" content=\"summary_large_image\" \/>\n<script type=\"application\/ld+json\" class=\"yoast-schema-graph\">{\"@context\":\"https:\/\/schema.org\",\"@graph\":[{\"@type\":\"WebPage\",\"@id\":\"https:\/\/justbuildit.eu\/en\/pood\/poranda-ja-seinakatted\/parketid\/parkett-tamm-nature-3-lipiline-matt-358m2\/\",\"url\":\"https:\/\/justbuildit.eu\/en\/pood\/poranda-ja-seinakatted\/parketid\/parkett-tamm-nature-3-lipiline-matt-358m2\/\",\"name\":\"Parkett tamm Nature 3-lipiline matt 3,58m2 - Ehituslahendused\",\"isPartOf\":{\"@id\":\"https:\/\/justbuildit.eu\/en\/#website\"},\"primaryImageOfPage\":{\"@id\":\"https:\/\/justbuildit.eu\/en\/pood\/poranda-ja-seinakatted\/parketid\/parkett-tamm-nature-3-lipiline-matt-358m2\/#primaryimage\"},\"image\":{\"@id\":\"https:\/\/justbuildit.eu\/en\/pood\/poranda-ja-seinakatted\/parketid\/parkett-tamm-nature-3-lipiline-matt-358m2\/#primaryimage\"},\"thumbnailUrl\":\"https:\/\/justbuildit.eu\/wp-content\/uploads\/2024\/11\/114749.jpg\",\"datePublished\":\"2024-11-17T07:39:41+00:00\",\"dateModified\":\"2026-05-13T09:02:26+00:00\",\"breadcrumb\":{\"@id\":\"https:\/\/justbuildit.eu\/en\/pood\/poranda-ja-seinakatted\/parketid\/parkett-tamm-nature-3-lipiline-matt-358m2\/#breadcrumb\"},\"inLanguage\":\"en-US\",\"potentialAction\":[{\"@type\":\"ReadAction\",\"target\":[\"https:\/\/justbuildit.eu\/en\/pood\/poranda-ja-seinakatted\/parketid\/parkett-tamm-nature-3-lipiline-matt-358m2\/\"]}]},{\"@type\":\"ImageObject\",\"inLanguage\":\"en-US\",\"@id\":\"https:\/\/justbuildit.eu\/en\/pood\/poranda-ja-seinakatted\/parketid\/parkett-tamm-nature-3-lipiline-matt-358m2\/#primaryimage\",\"url\":\"https:\/\/justbuildit.eu\/wp-content\/uploads\/2024\/11\/114749.jpg\",\"contentUrl\":\"https:\/\/justbuildit.eu\/wp-content\/uploads\/2024\/11\/114749.jpg\",\"width\":709,\"height\":709},{\"@type\":\"BreadcrumbList\",\"@id\":\"https:\/\/justbuildit.eu\/en\/pood\/poranda-ja-seinakatted\/parketid\/parkett-tamm-nature-3-lipiline-matt-358m2\/#breadcrumb\",\"itemListElement\":[{\"@type\":\"ListItem\",\"position\":1,\"name\":\"Home\",\"item\":\"https:\/\/justbuildit.eu\/en\/\"},{\"@type\":\"ListItem\",\"position\":2,\"name\":\"Shop\",\"item\":\"https:\/\/justbuildit.eu\/en\/building-materials\/\"},{\"@type\":\"ListItem\",\"position\":3,\"name\":\"Parkett tamm Nature 3-lipiline matt 3,58m2\"}]},{\"@type\":\"WebSite\",\"@id\":\"https:\/\/justbuildit.eu\/en\/#website\",\"url\":\"https:\/\/justbuildit.eu\/en\/\",\"name\":\"Ehituslahendused\",\"description\":\"Ehituslahendused ja materjalid\",\"publisher\":{\"@id\":\"https:\/\/justbuildit.eu\/en\/#organization\"},\"potentialAction\":[{\"@type\":\"SearchAction\",\"target\":{\"@type\":\"EntryPoint\",\"urlTemplate\":\"https:\/\/justbuildit.eu\/en\/?s={search_term_string}\"},\"query-input\":{\"@type\":\"PropertyValueSpecification\",\"valueRequired\":true,\"valueName\":\"search_term_string\"}}],\"inLanguage\":\"en-US\"},{\"@type\":\"Organization\",\"@id\":\"https:\/\/justbuildit.eu\/en\/#organization\",\"name\":\"Just Build It O\u00dc\",\"url\":\"https:\/\/justbuildit.eu\/en\/\",\"logo\":{\"@type\":\"ImageObject\",\"inLanguage\":\"en-US\",\"@id\":\"https:\/\/justbuildit.eu\/en\/#\/schema\/logo\/image\/\",\"url\":\"https:\/\/justbuildit.eu\/wp-content\/uploads\/2022\/01\/justbuildit.png\",\"contentUrl\":\"https:\/\/justbuildit.eu\/wp-content\/uploads\/2022\/01\/justbuildit.png\",\"width\":173,\"height\":77,\"caption\":\"Just Build It O\u00dc\"},\"image\":{\"@id\":\"https:\/\/justbuildit.eu\/en\/#\/schema\/logo\/image\/\"},\"sameAs\":[\"https:\/\/www.facebook.com\/justbuildit.ee\"]}]}<\/script>\n<!-- \/ Yoast SEO Premium plugin. -->","yoast_head_json":{"title":"Parkett tamm Nature 3-lipiline matt 3,58m2 - Ehituslahendused","robots":{"index":"index","follow":"follow","max-snippet":"max-snippet:-1","max-image-preview":"max-image-preview:large","max-video-preview":"max-video-preview:-1"},"canonical":"https:\/\/justbuildit.eu\/en\/pood\/poranda-ja-seinakatted\/parketid\/parkett-tamm-nature-3-lipiline-matt-358m2\/","og_locale":"en_US","og_type":"article","og_title":"Parkett tamm Nature 3-lipiline matt 3,58m2","og_description":"3-kihiline parkett on v\u00e4\u00e4rispuidu kihiga laudparkett, kus keskmine ja alumine kiht on tehtud kuusest, m\u00e4nnist v\u00f5i paplist. Sellise konstruktsiooniga laudparkett on temperatuuri ja niiskuse k\u00f5ikudes m\u00f5nev\u00f5rra stabiilsem kui massiivparkett, sest erisuunalise puidus\u00fc\u00fcga kihid neutraliseerivad puidu loomulikku liikumist. Sellest tulenevalt on ka pealispind stabiilsem ning sisekliima muutustele vastuv\u00f5tlikum. T\u00e4nu \u201clukk\u201d s\u00fcsteemile on paigaldamine v\u00e4ga lihtne ja kiire. Kui planke maha ei liimita, siis on v\u00f5imalik lauad \u00fcles v\u00f5tta ning teises ruumis uuesti paigaldada. Sobib h\u00e4sti kasutamiseks p\u00f5randak\u00fcttel. V\u00e4\u00e4rispuidu kiht on kuni 3,0mm, mis v\u00f5imaldab parketti 2-3 korda lihvida.","og_url":"https:\/\/justbuildit.eu\/en\/pood\/poranda-ja-seinakatted\/parketid\/parkett-tamm-nature-3-lipiline-matt-358m2\/","og_site_name":"Ehituslahendused","article_publisher":"https:\/\/www.facebook.com\/justbuildit.ee","article_modified_time":"2026-05-13T09:02:26+00:00","og_image":[{"width":709,"height":709,"url":"https:\/\/justbuildit.eu\/wp-content\/uploads\/2024\/11\/114749.jpg","type":"image\/jpeg"}],"twitter_card":"summary_large_image","schema":{"@context":"https:\/\/schema.org","@graph":[{"@type":"WebPage","@id":"https:\/\/justbuildit.eu\/en\/pood\/poranda-ja-seinakatted\/parketid\/parkett-tamm-nature-3-lipiline-matt-358m2\/","url":"https:\/\/justbuildit.eu\/en\/pood\/poranda-ja-seinakatted\/parketid\/parkett-tamm-nature-3-lipiline-matt-358m2\/","name":"Parkett tamm Nature 3-lipiline matt 3,58m2 - Ehituslahendused","isPartOf":{"@id":"https:\/\/justbuildit.eu\/en\/#website"},"primaryImageOfPage":{"@id":"https:\/\/justbuildit.eu\/en\/pood\/poranda-ja-seinakatted\/parketid\/parkett-tamm-nature-3-lipiline-matt-358m2\/#primaryimage"},"image":{"@id":"https:\/\/justbuildit.eu\/en\/pood\/poranda-ja-seinakatted\/parketid\/parkett-tamm-nature-3-lipiline-matt-358m2\/#primaryimage"},"thumbnailUrl":"https:\/\/justbuildit.eu\/wp-content\/uploads\/2024\/11\/114749.jpg","datePublished":"2024-11-17T07:39:41+00:00","dateModified":"2026-05-13T09:02:26+00:00","breadcrumb":{"@id":"https:\/\/justbuildit.eu\/en\/pood\/poranda-ja-seinakatted\/parketid\/parkett-tamm-nature-3-lipiline-matt-358m2\/#breadcrumb"},"inLanguage":"en-US","potentialAction":[{"@type":"ReadAction","target":["https:\/\/justbuildit.eu\/en\/pood\/poranda-ja-seinakatted\/parketid\/parkett-tamm-nature-3-lipiline-matt-358m2\/"]}]},{"@type":"ImageObject","inLanguage":"en-US","@id":"https:\/\/justbuildit.eu\/en\/pood\/poranda-ja-seinakatted\/parketid\/parkett-tamm-nature-3-lipiline-matt-358m2\/#primaryimage","url":"https:\/\/justbuildit.eu\/wp-content\/uploads\/2024\/11\/114749.jpg","contentUrl":"https:\/\/justbuildit.eu\/wp-content\/uploads\/2024\/11\/114749.jpg","width":709,"height":709},{"@type":"BreadcrumbList","@id":"https:\/\/justbuildit.eu\/en\/pood\/poranda-ja-seinakatted\/parketid\/parkett-tamm-nature-3-lipiline-matt-358m2\/#breadcrumb","itemListElement":[{"@type":"ListItem","position":1,"name":"Home","item":"https:\/\/justbuildit.eu\/en\/"},{"@type":"ListItem","position":2,"name":"Shop","item":"https:\/\/justbuildit.eu\/en\/building-materials\/"},{"@type":"ListItem","position":3,"name":"Parkett tamm Nature 3-lipiline matt 3,58m2"}]},{"@type":"WebSite","@id":"https:\/\/justbuildit.eu\/en\/#website","url":"https:\/\/justbuildit.eu\/en\/","name":"Ehituslahendused","description":"Ehituslahendused ja materjalid","publisher":{"@id":"https:\/\/justbuildit.eu\/en\/#organization"},"potentialAction":[{"@type":"SearchAction","target":{"@type":"EntryPoint","urlTemplate":"https:\/\/justbuildit.eu\/en\/?s={search_term_string}"},"query-input":{"@type":"PropertyValueSpecification","valueRequired":true,"valueName":"search_term_string"}}],"inLanguage":"en-US"},{"@type":"Organization","@id":"https:\/\/justbuildit.eu\/en\/#organization","name":"Just Build It O\u00dc","url":"https:\/\/justbuildit.eu\/en\/","logo":{"@type":"ImageObject","inLanguage":"en-US","@id":"https:\/\/justbuildit.eu\/en\/#\/schema\/logo\/image\/","url":"https:\/\/justbuildit.eu\/wp-content\/uploads\/2022\/01\/justbuildit.png","contentUrl":"https:\/\/justbuildit.eu\/wp-content\/uploads\/2022\/01\/justbuildit.png","width":173,"height":77,"caption":"Just Build It O\u00dc"},"image":{"@id":"https:\/\/justbuildit.eu\/en\/#\/schema\/logo\/image\/"},"sameAs":["https:\/\/www.facebook.com\/justbuildit.ee"]}]}},"_links":{"self":[{"href":"https:\/\/justbuildit.eu\/en\/wp-json\/wp\/v2\/product\/504425","targetHints":{"allow":["GET"]}}],"collection":[{"href":"https:\/\/justbuildit.eu\/en\/wp-json\/wp\/v2\/product"}],"about":[{"href":"https:\/\/justbuildit.eu\/en\/wp-json\/wp\/v2\/types\/product"}],"replies":[{"embeddable":true,"href":"https:\/\/justbuildit.eu\/en\/wp-json\/wp\/v2\/comments?post=504425"}],"wp:featuredmedia":[{"embeddable":true,"href":"https:\/\/justbuildit.eu\/en\/wp-json\/wp\/v2\/media\/504426"}],"wp:attachment":[{"href":"https:\/\/justbuildit.eu\/en\/wp-json\/wp\/v2\/media?parent=504425"}],"wp:term":[{"taxonomy":"product_brand","embeddable":true,"href":"https:\/\/justbuildit.eu\/en\/wp-json\/wp\/v2\/product_brand?post=504425"},{"taxonomy":"product_cat","embeddable":true,"href":"https:\/\/justbuildit.eu\/en\/wp-json\/wp\/v2\/product_cat?post=504425"},{"taxonomy":"product_tag","embeddable":true,"href":"https:\/\/justbuildit.eu\/en\/wp-json\/wp\/v2\/product_tag?post=504425"}],"curies":[{"name":"wp","href":"https:\/\/api.w.org\/{rel}","templated":true}]}}