{"id":518118,"date":"2024-12-30T12:21:22","date_gmt":"2024-12-30T09:21:22","guid":{"rendered":"https:\/\/justbuildit.eu\/?post_type=product&#038;p=518118"},"modified":"2026-04-23T12:02:59","modified_gmt":"2026-04-23T09:02:59","slug":"pustolivaht-all-purpose-gunfoam-172-750ml","status":"publish","type":"product","link":"https:\/\/justbuildit.eu\/en\/pood\/tihendusmaterjalid\/ehitusvahud\/pustolivaht-all-purpose-gunfoam-172-750ml\/","title":{"rendered":"P\u00fcstolivaht All Purpose Gunfoam 172 750ml"},"content":{"rendered":"<p>PENOSIL All Purpose Gunfoam 172 on p\u00fcstolivaht professionaalseks kasutamiseks enamikeks ehituslikeks tihendus- ja t\u00e4itmist\u00f6\u00f6deks. Suure v\u00e4ljatulekuga mitmeotstarbeline \u00fchekomponentne ehitusvaht sobib \u00fcldisteks tihendus-, isolatsiooni- ja t\u00e4itmist\u00f6\u00f6deks. Toimib h\u00e4sti ka k\u00f5rgemal temperatuuril (kuni +40 \u00b0C). Tagab survetundlike vuukide \u00f5hu- ja helikindla tihendamise. <\/p>\n<ul>\n<li>V\u00e4ike tardumissurve<\/li>\n<li>Suurep\u00e4rased isoleerivad omadused<\/li>\n<li>Toimib h\u00e4sti ka k\u00f5rgel temperatuuril (kuni +40 \u00b0C)<\/li>\n<li>Suur v\u00e4ljatulek<\/li>\n<li>M\u00f5\u00f5dukas j\u00e4relpaisumine<\/li>\n<li>Suurep\u00e4rased soojus- ja heliisolatsiooniomadused<\/li>\n<\/ul>\n<p>Kasutusalad:<\/p>\n<ul>\n<li>Akna- ja uksevuukide tihendamine ja t\u00e4itmine<\/li>\n<li>Avauste, vuukide, t\u00fchimike ja l\u00e4biviikude (nt kaablite ja torude l\u00e4biviigud) t\u00e4itmine ja isoleerimine.<\/li>\n<li>\u00dchendusvuukide tihendamine.<\/li>\n<li>Soojus- ja heliisolatsiooni parandamine.<\/li>\n<li>K\u00fclmasildade m\u00f5ju v\u00e4hendamine.<\/li>\n<\/ul>\n","protected":false},"excerpt":{"rendered":"<p>PENOSIL All Purpose Gunfoam 172 on p\u00fcstolivaht professionaalseks kasutamiseks enamikeks ehituslikeks tihendus- ja t\u00e4itmist\u00f6\u00f6deks. Suure v\u00e4ljatulekuga mitmeotstarbeline \u00fchekomponentne ehitusvaht sobib \u00fcldisteks tihendus-, isolatsiooni- ja t\u00e4itmist\u00f6\u00f6deks. Toimib h\u00e4sti ka k\u00f5rgemal temperatuuril (kuni +40 \u00b0C). Tagab survetundlike vuukide \u00f5hu- ja helikindla tihendamise. <\/p>","protected":false},"featured_media":518119,"comment_status":"open","ping_status":"closed","template":"","meta":{"_acf_changed":false},"product_brand":[],"product_cat":[109,497],"product_tag":[],"class_list":{"0":"post-518118","1":"product","2":"type-product","3":"status-publish","4":"has-post-thumbnail","6":"product_cat-ehitusvahud","7":"product_cat-puumarket","9":"first","10":"outofstock","11":"shipping-taxable","12":"purchasable","13":"product-type-simple"},"acf":[],"yoast_head":"<!-- This site is optimized with the Yoast SEO Premium plugin v18.7 (Yoast SEO v26.5) - https:\/\/yoast.com\/wordpress\/plugins\/seo\/ -->\n<title>P\u00fcstolivaht All Purpose Gunfoam 172 750ml - Ehituslahendused<\/title>\n<meta name=\"robots\" content=\"index, follow, max-snippet:-1, max-image-preview:large, max-video-preview:-1\" \/>\n<link rel=\"canonical\" href=\"https:\/\/justbuildit.eu\/en\/pood\/tihendusmaterjalid\/ehitusvahud\/pustolivaht-all-purpose-gunfoam-172-750ml\/\" \/>\n<meta property=\"og:locale\" content=\"en_US\" \/>\n<meta property=\"og:type\" content=\"article\" \/>\n<meta property=\"og:title\" content=\"P\u00fcstolivaht All Purpose Gunfoam 172 750ml\" \/>\n<meta property=\"og:description\" content=\"PENOSIL All Purpose Gunfoam 172 on p\u00fcstolivaht professionaalseks kasutamiseks enamikeks ehituslikeks tihendus- ja t\u00e4itmist\u00f6\u00f6deks. Suure v\u00e4ljatulekuga mitmeotstarbeline \u00fchekomponentne ehitusvaht sobib \u00fcldisteks tihendus-, isolatsiooni- ja t\u00e4itmist\u00f6\u00f6deks. Toimib h\u00e4sti ka k\u00f5rgemal temperatuuril (kuni +40 \u00b0C). Tagab survetundlike vuukide \u00f5hu- ja helikindla tihendamise.\" \/>\n<meta property=\"og:url\" content=\"https:\/\/justbuildit.eu\/en\/pood\/tihendusmaterjalid\/ehitusvahud\/pustolivaht-all-purpose-gunfoam-172-750ml\/\" \/>\n<meta property=\"og:site_name\" content=\"Ehituslahendused\" \/>\n<meta property=\"article:publisher\" content=\"https:\/\/www.facebook.com\/justbuildit.ee\" \/>\n<meta property=\"article:modified_time\" content=\"2026-04-23T09:02:59+00:00\" \/>\n<meta property=\"og:image\" content=\"https:\/\/justbuildit.eu\/wp-content\/uploads\/2024\/12\/117003.jpg\" \/>\n\t<meta property=\"og:image:width\" content=\"709\" \/>\n\t<meta property=\"og:image:height\" content=\"709\" \/>\n\t<meta property=\"og:image:type\" content=\"image\/jpeg\" \/>\n<meta name=\"twitter:card\" content=\"summary_large_image\" \/>\n<script type=\"application\/ld+json\" class=\"yoast-schema-graph\">{\"@context\":\"https:\/\/schema.org\",\"@graph\":[{\"@type\":\"WebPage\",\"@id\":\"https:\/\/justbuildit.eu\/en\/pood\/tihendusmaterjalid\/ehitusvahud\/pustolivaht-all-purpose-gunfoam-172-750ml\/\",\"url\":\"https:\/\/justbuildit.eu\/en\/pood\/tihendusmaterjalid\/ehitusvahud\/pustolivaht-all-purpose-gunfoam-172-750ml\/\",\"name\":\"P\u00fcstolivaht All Purpose Gunfoam 172 750ml - Ehituslahendused\",\"isPartOf\":{\"@id\":\"https:\/\/justbuildit.eu\/en\/#website\"},\"primaryImageOfPage\":{\"@id\":\"https:\/\/justbuildit.eu\/en\/pood\/tihendusmaterjalid\/ehitusvahud\/pustolivaht-all-purpose-gunfoam-172-750ml\/#primaryimage\"},\"image\":{\"@id\":\"https:\/\/justbuildit.eu\/en\/pood\/tihendusmaterjalid\/ehitusvahud\/pustolivaht-all-purpose-gunfoam-172-750ml\/#primaryimage\"},\"thumbnailUrl\":\"https:\/\/justbuildit.eu\/wp-content\/uploads\/2024\/12\/117003.jpg\",\"datePublished\":\"2024-12-30T09:21:22+00:00\",\"dateModified\":\"2026-04-23T09:02:59+00:00\",\"breadcrumb\":{\"@id\":\"https:\/\/justbuildit.eu\/en\/pood\/tihendusmaterjalid\/ehitusvahud\/pustolivaht-all-purpose-gunfoam-172-750ml\/#breadcrumb\"},\"inLanguage\":\"en-US\",\"potentialAction\":[{\"@type\":\"ReadAction\",\"target\":[\"https:\/\/justbuildit.eu\/en\/pood\/tihendusmaterjalid\/ehitusvahud\/pustolivaht-all-purpose-gunfoam-172-750ml\/\"]}]},{\"@type\":\"ImageObject\",\"inLanguage\":\"en-US\",\"@id\":\"https:\/\/justbuildit.eu\/en\/pood\/tihendusmaterjalid\/ehitusvahud\/pustolivaht-all-purpose-gunfoam-172-750ml\/#primaryimage\",\"url\":\"https:\/\/justbuildit.eu\/wp-content\/uploads\/2024\/12\/117003.jpg\",\"contentUrl\":\"https:\/\/justbuildit.eu\/wp-content\/uploads\/2024\/12\/117003.jpg\",\"width\":709,\"height\":709},{\"@type\":\"BreadcrumbList\",\"@id\":\"https:\/\/justbuildit.eu\/en\/pood\/tihendusmaterjalid\/ehitusvahud\/pustolivaht-all-purpose-gunfoam-172-750ml\/#breadcrumb\",\"itemListElement\":[{\"@type\":\"ListItem\",\"position\":1,\"name\":\"Home\",\"item\":\"https:\/\/justbuildit.eu\/en\/\"},{\"@type\":\"ListItem\",\"position\":2,\"name\":\"Shop\",\"item\":\"https:\/\/justbuildit.eu\/en\/building-materials\/\"},{\"@type\":\"ListItem\",\"position\":3,\"name\":\"P\u00fcstolivaht All Purpose Gunfoam 172 750ml\"}]},{\"@type\":\"WebSite\",\"@id\":\"https:\/\/justbuildit.eu\/en\/#website\",\"url\":\"https:\/\/justbuildit.eu\/en\/\",\"name\":\"Ehituslahendused\",\"description\":\"Ehituslahendused ja materjalid\",\"publisher\":{\"@id\":\"https:\/\/justbuildit.eu\/en\/#organization\"},\"potentialAction\":[{\"@type\":\"SearchAction\",\"target\":{\"@type\":\"EntryPoint\",\"urlTemplate\":\"https:\/\/justbuildit.eu\/en\/?s={search_term_string}\"},\"query-input\":{\"@type\":\"PropertyValueSpecification\",\"valueRequired\":true,\"valueName\":\"search_term_string\"}}],\"inLanguage\":\"en-US\"},{\"@type\":\"Organization\",\"@id\":\"https:\/\/justbuildit.eu\/en\/#organization\",\"name\":\"Just Build It O\u00dc\",\"url\":\"https:\/\/justbuildit.eu\/en\/\",\"logo\":{\"@type\":\"ImageObject\",\"inLanguage\":\"en-US\",\"@id\":\"https:\/\/justbuildit.eu\/en\/#\/schema\/logo\/image\/\",\"url\":\"https:\/\/justbuildit.eu\/wp-content\/uploads\/2022\/01\/justbuildit.png\",\"contentUrl\":\"https:\/\/justbuildit.eu\/wp-content\/uploads\/2022\/01\/justbuildit.png\",\"width\":173,\"height\":77,\"caption\":\"Just Build It O\u00dc\"},\"image\":{\"@id\":\"https:\/\/justbuildit.eu\/en\/#\/schema\/logo\/image\/\"},\"sameAs\":[\"https:\/\/www.facebook.com\/justbuildit.ee\"]}]}<\/script>\n<!-- \/ Yoast SEO Premium plugin. -->","yoast_head_json":{"title":"P\u00fcstolivaht All Purpose Gunfoam 172 750ml - Ehituslahendused","robots":{"index":"index","follow":"follow","max-snippet":"max-snippet:-1","max-image-preview":"max-image-preview:large","max-video-preview":"max-video-preview:-1"},"canonical":"https:\/\/justbuildit.eu\/en\/pood\/tihendusmaterjalid\/ehitusvahud\/pustolivaht-all-purpose-gunfoam-172-750ml\/","og_locale":"en_US","og_type":"article","og_title":"P\u00fcstolivaht All Purpose Gunfoam 172 750ml","og_description":"PENOSIL All Purpose Gunfoam 172 on p\u00fcstolivaht professionaalseks kasutamiseks enamikeks ehituslikeks tihendus- ja t\u00e4itmist\u00f6\u00f6deks. Suure v\u00e4ljatulekuga mitmeotstarbeline \u00fchekomponentne ehitusvaht sobib \u00fcldisteks tihendus-, isolatsiooni- ja t\u00e4itmist\u00f6\u00f6deks. Toimib h\u00e4sti ka k\u00f5rgemal temperatuuril (kuni +40 \u00b0C). Tagab survetundlike vuukide \u00f5hu- ja helikindla tihendamise.","og_url":"https:\/\/justbuildit.eu\/en\/pood\/tihendusmaterjalid\/ehitusvahud\/pustolivaht-all-purpose-gunfoam-172-750ml\/","og_site_name":"Ehituslahendused","article_publisher":"https:\/\/www.facebook.com\/justbuildit.ee","article_modified_time":"2026-04-23T09:02:59+00:00","og_image":[{"width":709,"height":709,"url":"https:\/\/justbuildit.eu\/wp-content\/uploads\/2024\/12\/117003.jpg","type":"image\/jpeg"}],"twitter_card":"summary_large_image","schema":{"@context":"https:\/\/schema.org","@graph":[{"@type":"WebPage","@id":"https:\/\/justbuildit.eu\/en\/pood\/tihendusmaterjalid\/ehitusvahud\/pustolivaht-all-purpose-gunfoam-172-750ml\/","url":"https:\/\/justbuildit.eu\/en\/pood\/tihendusmaterjalid\/ehitusvahud\/pustolivaht-all-purpose-gunfoam-172-750ml\/","name":"P\u00fcstolivaht All Purpose Gunfoam 172 750ml - Ehituslahendused","isPartOf":{"@id":"https:\/\/justbuildit.eu\/en\/#website"},"primaryImageOfPage":{"@id":"https:\/\/justbuildit.eu\/en\/pood\/tihendusmaterjalid\/ehitusvahud\/pustolivaht-all-purpose-gunfoam-172-750ml\/#primaryimage"},"image":{"@id":"https:\/\/justbuildit.eu\/en\/pood\/tihendusmaterjalid\/ehitusvahud\/pustolivaht-all-purpose-gunfoam-172-750ml\/#primaryimage"},"thumbnailUrl":"https:\/\/justbuildit.eu\/wp-content\/uploads\/2024\/12\/117003.jpg","datePublished":"2024-12-30T09:21:22+00:00","dateModified":"2026-04-23T09:02:59+00:00","breadcrumb":{"@id":"https:\/\/justbuildit.eu\/en\/pood\/tihendusmaterjalid\/ehitusvahud\/pustolivaht-all-purpose-gunfoam-172-750ml\/#breadcrumb"},"inLanguage":"en-US","potentialAction":[{"@type":"ReadAction","target":["https:\/\/justbuildit.eu\/en\/pood\/tihendusmaterjalid\/ehitusvahud\/pustolivaht-all-purpose-gunfoam-172-750ml\/"]}]},{"@type":"ImageObject","inLanguage":"en-US","@id":"https:\/\/justbuildit.eu\/en\/pood\/tihendusmaterjalid\/ehitusvahud\/pustolivaht-all-purpose-gunfoam-172-750ml\/#primaryimage","url":"https:\/\/justbuildit.eu\/wp-content\/uploads\/2024\/12\/117003.jpg","contentUrl":"https:\/\/justbuildit.eu\/wp-content\/uploads\/2024\/12\/117003.jpg","width":709,"height":709},{"@type":"BreadcrumbList","@id":"https:\/\/justbuildit.eu\/en\/pood\/tihendusmaterjalid\/ehitusvahud\/pustolivaht-all-purpose-gunfoam-172-750ml\/#breadcrumb","itemListElement":[{"@type":"ListItem","position":1,"name":"Home","item":"https:\/\/justbuildit.eu\/en\/"},{"@type":"ListItem","position":2,"name":"Shop","item":"https:\/\/justbuildit.eu\/en\/building-materials\/"},{"@type":"ListItem","position":3,"name":"P\u00fcstolivaht All Purpose Gunfoam 172 750ml"}]},{"@type":"WebSite","@id":"https:\/\/justbuildit.eu\/en\/#website","url":"https:\/\/justbuildit.eu\/en\/","name":"Ehituslahendused","description":"Ehituslahendused ja materjalid","publisher":{"@id":"https:\/\/justbuildit.eu\/en\/#organization"},"potentialAction":[{"@type":"SearchAction","target":{"@type":"EntryPoint","urlTemplate":"https:\/\/justbuildit.eu\/en\/?s={search_term_string}"},"query-input":{"@type":"PropertyValueSpecification","valueRequired":true,"valueName":"search_term_string"}}],"inLanguage":"en-US"},{"@type":"Organization","@id":"https:\/\/justbuildit.eu\/en\/#organization","name":"Just Build It O\u00dc","url":"https:\/\/justbuildit.eu\/en\/","logo":{"@type":"ImageObject","inLanguage":"en-US","@id":"https:\/\/justbuildit.eu\/en\/#\/schema\/logo\/image\/","url":"https:\/\/justbuildit.eu\/wp-content\/uploads\/2022\/01\/justbuildit.png","contentUrl":"https:\/\/justbuildit.eu\/wp-content\/uploads\/2022\/01\/justbuildit.png","width":173,"height":77,"caption":"Just Build It O\u00dc"},"image":{"@id":"https:\/\/justbuildit.eu\/en\/#\/schema\/logo\/image\/"},"sameAs":["https:\/\/www.facebook.com\/justbuildit.ee"]}]}},"_links":{"self":[{"href":"https:\/\/justbuildit.eu\/en\/wp-json\/wp\/v2\/product\/518118","targetHints":{"allow":["GET"]}}],"collection":[{"href":"https:\/\/justbuildit.eu\/en\/wp-json\/wp\/v2\/product"}],"about":[{"href":"https:\/\/justbuildit.eu\/en\/wp-json\/wp\/v2\/types\/product"}],"replies":[{"embeddable":true,"href":"https:\/\/justbuildit.eu\/en\/wp-json\/wp\/v2\/comments?post=518118"}],"wp:featuredmedia":[{"embeddable":true,"href":"https:\/\/justbuildit.eu\/en\/wp-json\/wp\/v2\/media\/518119"}],"wp:attachment":[{"href":"https:\/\/justbuildit.eu\/en\/wp-json\/wp\/v2\/media?parent=518118"}],"wp:term":[{"taxonomy":"product_brand","embeddable":true,"href":"https:\/\/justbuildit.eu\/en\/wp-json\/wp\/v2\/product_brand?post=518118"},{"taxonomy":"product_cat","embeddable":true,"href":"https:\/\/justbuildit.eu\/en\/wp-json\/wp\/v2\/product_cat?post=518118"},{"taxonomy":"product_tag","embeddable":true,"href":"https:\/\/justbuildit.eu\/en\/wp-json\/wp\/v2\/product_tag?post=518118"}],"curies":[{"name":"wp","href":"https:\/\/api.w.org\/{rel}","templated":true}]}}