{"id":532797,"date":"2025-02-18T10:15:12","date_gmt":"2025-02-18T07:15:12","guid":{"rendered":"https:\/\/justbuildit.eu\/?post_type=product&#038;p=532797"},"modified":"2026-04-18T12:02:44","modified_gmt":"2026-04-18T09:02:44","slug":"pustolivaht-pihustatav-easyspray-foam-111-700ml","status":"publish","type":"product","link":"https:\/\/justbuildit.eu\/en\/pood\/tihendusmaterjalid\/ehitusvahud\/pustolivaht-pihustatav-easyspray-foam-111-700ml\/","title":{"rendered":"P\u00fcstolivaht pihustatav EasySpray Foam 111 700ml"},"content":{"rendered":"<p>PENOSIL EasySpray Foam 111 on \u00fchekomponentne kasutusvalmis pihustatav p\u00fcstolivaht ebamugavate kohtade ja pindade tihendamiseks ja isoleerimiseks seal, kus traditsiooniliste isolatsioonimaterjalide kasutamine on keeruline. Kiire ja mugav kasutada. Spetsiaalne pihustusaplikaator \u00fchildub enamiku vahup\u00fcstolitega.<\/p>\n<ul>\n<li>V\u00e4ga madal (&lt; 0,1%) diisots\u00fcanaadisisaldus.<\/li>\n<li>Suurep\u00e4rane \u00f5hutihedus, soojus- ja heliisolatsioon.<\/li>\n<li>Suurem UV-kindlus.<\/li>\n<li>Kiire ja lihtne pealekandmine.<\/li>\n<li>Suurep\u00e4rane nakkuvus \u00fcldlevinud ehitusmaterjalidele.<\/li>\n<li>Hea liikuvus.<\/li>\n<li>Isolatsioonikihi paksus on vabalt valitav.<\/li>\n<li>Pihustusaplikaator \u00fchildub enamiku vahup\u00fcsolitega.<\/li>\n<\/ul>\n<p>Kasutusalad:<\/p>\n<ul>\n<li>Tihendamine ja isoleerimine ebamugavate kohtades, ebatasastel ja \u00fcmaratel pindadel, kus traditsiooniliste isolatsioonimaterjalide kasutamine on keeruline.<\/li>\n<li>Soojus- ja heliisolatsiooniplaadid, uksed, laed, torud, p\u00f6\u00f6ningud, r\u00f5dud, garaa\u017eid, keldrid, mahutid, s\u00f5idukid, laevad ja muud ehituselemendid, mille puhul on olemas k\u00fclmasildade tekkimise oht.<\/li>\n<li>Raskesti ligip\u00e4\u00e4setavate pindade isoleerimine ja olemasoleva isolatsioonikihi parandamine.<\/li>\n<li>K\u00fclmasildade m\u00f5ju v\u00e4hendamine.<\/li>\n<li>Kondensatsiooni v\u00e4ltimine k\u00fclmadel pindadel.<\/li>\n<\/ul>\n","protected":false},"excerpt":{"rendered":"<p>PENOSIL EasySpray Foam 111 on \u00fchekomponentne kasutusvalmis pihustatav p\u00fcstolivaht ebamugavate kohtade ja pindade tihendamiseks ja isoleerimiseks seal, kus traditsiooniliste isolatsioonimaterjalide kasutamine on keeruline. Kiire ja mugav kasutada. Spetsiaalne pihustusaplikaator \u00fchildub enamiku vahup\u00fcstolitega.<\/p>","protected":false},"featured_media":532798,"comment_status":"open","ping_status":"closed","template":"","meta":{"_acf_changed":false},"product_brand":[],"product_cat":[109,497],"product_tag":[],"class_list":{"0":"post-532797","1":"product","2":"type-product","3":"status-publish","4":"has-post-thumbnail","6":"product_cat-ehitusvahud","7":"product_cat-puumarket","9":"first","10":"instock","11":"shipping-taxable","12":"purchasable","13":"product-type-simple"},"acf":[],"yoast_head":"<!-- This site is optimized with the Yoast SEO Premium plugin v18.7 (Yoast SEO v26.5) - https:\/\/yoast.com\/wordpress\/plugins\/seo\/ -->\n<title>P\u00fcstolivaht pihustatav EasySpray Foam 111 700ml - Ehituslahendused<\/title>\n<meta name=\"robots\" content=\"index, follow, max-snippet:-1, max-image-preview:large, max-video-preview:-1\" \/>\n<link rel=\"canonical\" href=\"https:\/\/justbuildit.eu\/en\/pood\/tihendusmaterjalid\/ehitusvahud\/pustolivaht-pihustatav-easyspray-foam-111-700ml\/\" \/>\n<meta property=\"og:locale\" content=\"en_US\" \/>\n<meta property=\"og:type\" content=\"article\" \/>\n<meta property=\"og:title\" content=\"P\u00fcstolivaht pihustatav EasySpray Foam 111 700ml\" \/>\n<meta property=\"og:description\" content=\"PENOSIL EasySpray Foam 111 on \u00fchekomponentne kasutusvalmis pihustatav p\u00fcstolivaht ebamugavate kohtade ja pindade tihendamiseks ja isoleerimiseks seal, kus traditsiooniliste isolatsioonimaterjalide kasutamine on keeruline. Kiire ja mugav kasutada. Spetsiaalne pihustusaplikaator \u00fchildub enamiku vahup\u00fcstolitega.\" \/>\n<meta property=\"og:url\" content=\"https:\/\/justbuildit.eu\/en\/pood\/tihendusmaterjalid\/ehitusvahud\/pustolivaht-pihustatav-easyspray-foam-111-700ml\/\" \/>\n<meta property=\"og:site_name\" content=\"Ehituslahendused\" \/>\n<meta property=\"article:publisher\" content=\"https:\/\/www.facebook.com\/justbuildit.ee\" \/>\n<meta property=\"article:modified_time\" content=\"2026-04-18T09:02:44+00:00\" \/>\n<meta property=\"og:image\" content=\"https:\/\/justbuildit.eu\/wp-content\/uploads\/2025\/02\/117007.jpg\" \/>\n\t<meta property=\"og:image:width\" content=\"709\" \/>\n\t<meta property=\"og:image:height\" content=\"709\" \/>\n\t<meta property=\"og:image:type\" content=\"image\/jpeg\" \/>\n<meta name=\"twitter:card\" content=\"summary_large_image\" \/>\n<script type=\"application\/ld+json\" class=\"yoast-schema-graph\">{\"@context\":\"https:\/\/schema.org\",\"@graph\":[{\"@type\":\"WebPage\",\"@id\":\"https:\/\/justbuildit.eu\/en\/pood\/tihendusmaterjalid\/ehitusvahud\/pustolivaht-pihustatav-easyspray-foam-111-700ml\/\",\"url\":\"https:\/\/justbuildit.eu\/en\/pood\/tihendusmaterjalid\/ehitusvahud\/pustolivaht-pihustatav-easyspray-foam-111-700ml\/\",\"name\":\"P\u00fcstolivaht pihustatav EasySpray Foam 111 700ml - Ehituslahendused\",\"isPartOf\":{\"@id\":\"https:\/\/justbuildit.eu\/en\/#website\"},\"primaryImageOfPage\":{\"@id\":\"https:\/\/justbuildit.eu\/en\/pood\/tihendusmaterjalid\/ehitusvahud\/pustolivaht-pihustatav-easyspray-foam-111-700ml\/#primaryimage\"},\"image\":{\"@id\":\"https:\/\/justbuildit.eu\/en\/pood\/tihendusmaterjalid\/ehitusvahud\/pustolivaht-pihustatav-easyspray-foam-111-700ml\/#primaryimage\"},\"thumbnailUrl\":\"https:\/\/justbuildit.eu\/wp-content\/uploads\/2025\/02\/117007.jpg\",\"datePublished\":\"2025-02-18T07:15:12+00:00\",\"dateModified\":\"2026-04-18T09:02:44+00:00\",\"breadcrumb\":{\"@id\":\"https:\/\/justbuildit.eu\/en\/pood\/tihendusmaterjalid\/ehitusvahud\/pustolivaht-pihustatav-easyspray-foam-111-700ml\/#breadcrumb\"},\"inLanguage\":\"en-US\",\"potentialAction\":[{\"@type\":\"ReadAction\",\"target\":[\"https:\/\/justbuildit.eu\/en\/pood\/tihendusmaterjalid\/ehitusvahud\/pustolivaht-pihustatav-easyspray-foam-111-700ml\/\"]}]},{\"@type\":\"ImageObject\",\"inLanguage\":\"en-US\",\"@id\":\"https:\/\/justbuildit.eu\/en\/pood\/tihendusmaterjalid\/ehitusvahud\/pustolivaht-pihustatav-easyspray-foam-111-700ml\/#primaryimage\",\"url\":\"https:\/\/justbuildit.eu\/wp-content\/uploads\/2025\/02\/117007.jpg\",\"contentUrl\":\"https:\/\/justbuildit.eu\/wp-content\/uploads\/2025\/02\/117007.jpg\",\"width\":709,\"height\":709},{\"@type\":\"BreadcrumbList\",\"@id\":\"https:\/\/justbuildit.eu\/en\/pood\/tihendusmaterjalid\/ehitusvahud\/pustolivaht-pihustatav-easyspray-foam-111-700ml\/#breadcrumb\",\"itemListElement\":[{\"@type\":\"ListItem\",\"position\":1,\"name\":\"Home\",\"item\":\"https:\/\/justbuildit.eu\/en\/\"},{\"@type\":\"ListItem\",\"position\":2,\"name\":\"Shop\",\"item\":\"https:\/\/justbuildit.eu\/en\/building-materials\/\"},{\"@type\":\"ListItem\",\"position\":3,\"name\":\"P\u00fcstolivaht pihustatav EasySpray Foam 111 700ml\"}]},{\"@type\":\"WebSite\",\"@id\":\"https:\/\/justbuildit.eu\/en\/#website\",\"url\":\"https:\/\/justbuildit.eu\/en\/\",\"name\":\"Ehituslahendused\",\"description\":\"Ehituslahendused ja materjalid\",\"publisher\":{\"@id\":\"https:\/\/justbuildit.eu\/en\/#organization\"},\"potentialAction\":[{\"@type\":\"SearchAction\",\"target\":{\"@type\":\"EntryPoint\",\"urlTemplate\":\"https:\/\/justbuildit.eu\/en\/?s={search_term_string}\"},\"query-input\":{\"@type\":\"PropertyValueSpecification\",\"valueRequired\":true,\"valueName\":\"search_term_string\"}}],\"inLanguage\":\"en-US\"},{\"@type\":\"Organization\",\"@id\":\"https:\/\/justbuildit.eu\/en\/#organization\",\"name\":\"Just Build It O\u00dc\",\"url\":\"https:\/\/justbuildit.eu\/en\/\",\"logo\":{\"@type\":\"ImageObject\",\"inLanguage\":\"en-US\",\"@id\":\"https:\/\/justbuildit.eu\/en\/#\/schema\/logo\/image\/\",\"url\":\"https:\/\/justbuildit.eu\/wp-content\/uploads\/2022\/01\/justbuildit.png\",\"contentUrl\":\"https:\/\/justbuildit.eu\/wp-content\/uploads\/2022\/01\/justbuildit.png\",\"width\":173,\"height\":77,\"caption\":\"Just Build It O\u00dc\"},\"image\":{\"@id\":\"https:\/\/justbuildit.eu\/en\/#\/schema\/logo\/image\/\"},\"sameAs\":[\"https:\/\/www.facebook.com\/justbuildit.ee\"]}]}<\/script>\n<!-- \/ Yoast SEO Premium plugin. -->","yoast_head_json":{"title":"P\u00fcstolivaht pihustatav EasySpray Foam 111 700ml - Ehituslahendused","robots":{"index":"index","follow":"follow","max-snippet":"max-snippet:-1","max-image-preview":"max-image-preview:large","max-video-preview":"max-video-preview:-1"},"canonical":"https:\/\/justbuildit.eu\/en\/pood\/tihendusmaterjalid\/ehitusvahud\/pustolivaht-pihustatav-easyspray-foam-111-700ml\/","og_locale":"en_US","og_type":"article","og_title":"P\u00fcstolivaht pihustatav EasySpray Foam 111 700ml","og_description":"PENOSIL EasySpray Foam 111 on \u00fchekomponentne kasutusvalmis pihustatav p\u00fcstolivaht ebamugavate kohtade ja pindade tihendamiseks ja isoleerimiseks seal, kus traditsiooniliste isolatsioonimaterjalide kasutamine on keeruline. Kiire ja mugav kasutada. Spetsiaalne pihustusaplikaator \u00fchildub enamiku vahup\u00fcstolitega.","og_url":"https:\/\/justbuildit.eu\/en\/pood\/tihendusmaterjalid\/ehitusvahud\/pustolivaht-pihustatav-easyspray-foam-111-700ml\/","og_site_name":"Ehituslahendused","article_publisher":"https:\/\/www.facebook.com\/justbuildit.ee","article_modified_time":"2026-04-18T09:02:44+00:00","og_image":[{"width":709,"height":709,"url":"https:\/\/justbuildit.eu\/wp-content\/uploads\/2025\/02\/117007.jpg","type":"image\/jpeg"}],"twitter_card":"summary_large_image","schema":{"@context":"https:\/\/schema.org","@graph":[{"@type":"WebPage","@id":"https:\/\/justbuildit.eu\/en\/pood\/tihendusmaterjalid\/ehitusvahud\/pustolivaht-pihustatav-easyspray-foam-111-700ml\/","url":"https:\/\/justbuildit.eu\/en\/pood\/tihendusmaterjalid\/ehitusvahud\/pustolivaht-pihustatav-easyspray-foam-111-700ml\/","name":"P\u00fcstolivaht pihustatav EasySpray Foam 111 700ml - Ehituslahendused","isPartOf":{"@id":"https:\/\/justbuildit.eu\/en\/#website"},"primaryImageOfPage":{"@id":"https:\/\/justbuildit.eu\/en\/pood\/tihendusmaterjalid\/ehitusvahud\/pustolivaht-pihustatav-easyspray-foam-111-700ml\/#primaryimage"},"image":{"@id":"https:\/\/justbuildit.eu\/en\/pood\/tihendusmaterjalid\/ehitusvahud\/pustolivaht-pihustatav-easyspray-foam-111-700ml\/#primaryimage"},"thumbnailUrl":"https:\/\/justbuildit.eu\/wp-content\/uploads\/2025\/02\/117007.jpg","datePublished":"2025-02-18T07:15:12+00:00","dateModified":"2026-04-18T09:02:44+00:00","breadcrumb":{"@id":"https:\/\/justbuildit.eu\/en\/pood\/tihendusmaterjalid\/ehitusvahud\/pustolivaht-pihustatav-easyspray-foam-111-700ml\/#breadcrumb"},"inLanguage":"en-US","potentialAction":[{"@type":"ReadAction","target":["https:\/\/justbuildit.eu\/en\/pood\/tihendusmaterjalid\/ehitusvahud\/pustolivaht-pihustatav-easyspray-foam-111-700ml\/"]}]},{"@type":"ImageObject","inLanguage":"en-US","@id":"https:\/\/justbuildit.eu\/en\/pood\/tihendusmaterjalid\/ehitusvahud\/pustolivaht-pihustatav-easyspray-foam-111-700ml\/#primaryimage","url":"https:\/\/justbuildit.eu\/wp-content\/uploads\/2025\/02\/117007.jpg","contentUrl":"https:\/\/justbuildit.eu\/wp-content\/uploads\/2025\/02\/117007.jpg","width":709,"height":709},{"@type":"BreadcrumbList","@id":"https:\/\/justbuildit.eu\/en\/pood\/tihendusmaterjalid\/ehitusvahud\/pustolivaht-pihustatav-easyspray-foam-111-700ml\/#breadcrumb","itemListElement":[{"@type":"ListItem","position":1,"name":"Home","item":"https:\/\/justbuildit.eu\/en\/"},{"@type":"ListItem","position":2,"name":"Shop","item":"https:\/\/justbuildit.eu\/en\/building-materials\/"},{"@type":"ListItem","position":3,"name":"P\u00fcstolivaht pihustatav EasySpray Foam 111 700ml"}]},{"@type":"WebSite","@id":"https:\/\/justbuildit.eu\/en\/#website","url":"https:\/\/justbuildit.eu\/en\/","name":"Ehituslahendused","description":"Ehituslahendused ja materjalid","publisher":{"@id":"https:\/\/justbuildit.eu\/en\/#organization"},"potentialAction":[{"@type":"SearchAction","target":{"@type":"EntryPoint","urlTemplate":"https:\/\/justbuildit.eu\/en\/?s={search_term_string}"},"query-input":{"@type":"PropertyValueSpecification","valueRequired":true,"valueName":"search_term_string"}}],"inLanguage":"en-US"},{"@type":"Organization","@id":"https:\/\/justbuildit.eu\/en\/#organization","name":"Just Build It O\u00dc","url":"https:\/\/justbuildit.eu\/en\/","logo":{"@type":"ImageObject","inLanguage":"en-US","@id":"https:\/\/justbuildit.eu\/en\/#\/schema\/logo\/image\/","url":"https:\/\/justbuildit.eu\/wp-content\/uploads\/2022\/01\/justbuildit.png","contentUrl":"https:\/\/justbuildit.eu\/wp-content\/uploads\/2022\/01\/justbuildit.png","width":173,"height":77,"caption":"Just Build It O\u00dc"},"image":{"@id":"https:\/\/justbuildit.eu\/en\/#\/schema\/logo\/image\/"},"sameAs":["https:\/\/www.facebook.com\/justbuildit.ee"]}]}},"_links":{"self":[{"href":"https:\/\/justbuildit.eu\/en\/wp-json\/wp\/v2\/product\/532797","targetHints":{"allow":["GET"]}}],"collection":[{"href":"https:\/\/justbuildit.eu\/en\/wp-json\/wp\/v2\/product"}],"about":[{"href":"https:\/\/justbuildit.eu\/en\/wp-json\/wp\/v2\/types\/product"}],"replies":[{"embeddable":true,"href":"https:\/\/justbuildit.eu\/en\/wp-json\/wp\/v2\/comments?post=532797"}],"wp:featuredmedia":[{"embeddable":true,"href":"https:\/\/justbuildit.eu\/en\/wp-json\/wp\/v2\/media\/532798"}],"wp:attachment":[{"href":"https:\/\/justbuildit.eu\/en\/wp-json\/wp\/v2\/media?parent=532797"}],"wp:term":[{"taxonomy":"product_brand","embeddable":true,"href":"https:\/\/justbuildit.eu\/en\/wp-json\/wp\/v2\/product_brand?post=532797"},{"taxonomy":"product_cat","embeddable":true,"href":"https:\/\/justbuildit.eu\/en\/wp-json\/wp\/v2\/product_cat?post=532797"},{"taxonomy":"product_tag","embeddable":true,"href":"https:\/\/justbuildit.eu\/en\/wp-json\/wp\/v2\/product_tag?post=532797"}],"curies":[{"name":"wp","href":"https:\/\/api.w.org\/{rel}","templated":true}]}}