{"id":534293,"date":"2025-02-23T08:42:21","date_gmt":"2025-02-23T05:42:21","guid":{"rendered":"https:\/\/justbuildit.eu\/?post_type=product&#038;p=534293"},"modified":"2026-04-16T12:02:49","modified_gmt":"2026-04-16T09:02:49","slug":"plaatimissegu-weber-extra-fix-25kg","status":"publish","type":"product","link":"https:\/\/justbuildit.eu\/en\/pood\/ehitussegud\/plaatimissegud\/plaatimissegu-weber-extra-fix-25kg\/","title":{"rendered":"Plaatimissegu Weber Extra Fix 25kg"},"content":{"rendered":"<p><strong>Weber Extra Fix on tsemendil baseeruv plaatimissegu, mis on m\u00f5eldud keraamiliste, klinker- ja mosaiikplaatide paigaldamiseks p\u00f5randatele ja seintele sisetingimustes.<\/strong><\/p>\n<ul>\n<li>Elastne, S1-klass<\/li>\n<li>Suure nakketugevusega<\/li>\n<li>Hea t\u00f6\u00f6deldavusomadustega<\/li>\n<li>Pika avatud ja korrigeerimisajaga<\/li>\n<\/ul>\n<p>  Weber EXTRA FIX sobib kasutamiseks nii kuivades kui m\u00e4rgades ruumides ja p\u00f5randak\u00fctte korral. T\u00e4nu suurele nakketugevusele ja elastusele sobib Extra Fix ka plaatide kinnitamiseks vannitubades h\u00fcdroisolatsiooni peal (weber.tec 822). Sobivad aluspinnad on p\u00f5randatasandussegud (nt weber 5000\/6000, weber.floor 4150), betoon (nt weber S-30), tsementkrohvid ja pahtlid (nt weber TT), Fibo plokk, tellis, silikaat jms. Extra Fixi v\u00f5ib kasutada ka kaubandus- ja laop\u00f5randate jm \u00fchskondlikus kasutuses olevate pindade plaatimiseks.<\/p>\n<p>    M\u00e4rkus: ekstreemsemates oludes sobib plaatimiseks weber RF (Renovation Fix) ja v\u00e4litingimustes weber KF (Klinkerplaadisegu).<\/p>\n","protected":false},"excerpt":{"rendered":"<p><strong>Weber Extra Fix on tsemendil baseeruv plaatimissegu, mis on m\u00f5eldud keraamiliste, klinker- ja mosaiikplaatide paigaldamiseks p\u00f5randatele ja seintele sisetingimustes.<\/strong><\/p>","protected":false},"featured_media":534294,"comment_status":"open","ping_status":"closed","template":"","meta":{"_acf_changed":false},"product_brand":[],"product_cat":[59,497],"product_tag":[],"class_list":{"0":"post-534293","1":"product","2":"type-product","3":"status-publish","4":"has-post-thumbnail","6":"product_cat-plaatimissegud","7":"product_cat-puumarket","9":"first","10":"outofstock","11":"shipping-taxable","12":"purchasable","13":"product-type-simple"},"acf":[],"yoast_head":"<!-- This site is optimized with the Yoast SEO Premium plugin v18.7 (Yoast SEO v26.5) - https:\/\/yoast.com\/wordpress\/plugins\/seo\/ -->\n<title>Plaatimissegu Weber Extra Fix 25kg - Ehituslahendused<\/title>\n<meta name=\"robots\" content=\"index, follow, max-snippet:-1, max-image-preview:large, max-video-preview:-1\" \/>\n<link rel=\"canonical\" href=\"https:\/\/justbuildit.eu\/en\/pood\/ehitussegud\/plaatimissegud\/plaatimissegu-weber-extra-fix-25kg\/\" \/>\n<meta property=\"og:locale\" content=\"en_US\" \/>\n<meta property=\"og:type\" content=\"article\" \/>\n<meta property=\"og:title\" content=\"Plaatimissegu Weber Extra Fix 25kg\" \/>\n<meta property=\"og:description\" content=\"Weber Extra Fix on tsemendil baseeruv plaatimissegu, mis on m\u00f5eldud keraamiliste, klinker- ja mosaiikplaatide paigaldamiseks p\u00f5randatele ja seintele sisetingimustes.\" \/>\n<meta property=\"og:url\" content=\"https:\/\/justbuildit.eu\/en\/pood\/ehitussegud\/plaatimissegud\/plaatimissegu-weber-extra-fix-25kg\/\" \/>\n<meta property=\"og:site_name\" content=\"Ehituslahendused\" \/>\n<meta property=\"article:publisher\" content=\"https:\/\/www.facebook.com\/justbuildit.ee\" \/>\n<meta property=\"article:modified_time\" content=\"2026-04-16T09:02:49+00:00\" \/>\n<meta property=\"og:image\" content=\"https:\/\/justbuildit.eu\/wp-content\/uploads\/2025\/02\/109650.jpg\" \/>\n\t<meta property=\"og:image:width\" content=\"588\" \/>\n\t<meta property=\"og:image:height\" content=\"588\" \/>\n\t<meta property=\"og:image:type\" content=\"image\/jpeg\" \/>\n<meta name=\"twitter:card\" content=\"summary_large_image\" \/>\n<script type=\"application\/ld+json\" class=\"yoast-schema-graph\">{\"@context\":\"https:\/\/schema.org\",\"@graph\":[{\"@type\":\"WebPage\",\"@id\":\"https:\/\/justbuildit.eu\/en\/pood\/ehitussegud\/plaatimissegud\/plaatimissegu-weber-extra-fix-25kg\/\",\"url\":\"https:\/\/justbuildit.eu\/en\/pood\/ehitussegud\/plaatimissegud\/plaatimissegu-weber-extra-fix-25kg\/\",\"name\":\"Plaatimissegu Weber Extra Fix 25kg - Ehituslahendused\",\"isPartOf\":{\"@id\":\"https:\/\/justbuildit.eu\/en\/#website\"},\"primaryImageOfPage\":{\"@id\":\"https:\/\/justbuildit.eu\/en\/pood\/ehitussegud\/plaatimissegud\/plaatimissegu-weber-extra-fix-25kg\/#primaryimage\"},\"image\":{\"@id\":\"https:\/\/justbuildit.eu\/en\/pood\/ehitussegud\/plaatimissegud\/plaatimissegu-weber-extra-fix-25kg\/#primaryimage\"},\"thumbnailUrl\":\"https:\/\/justbuildit.eu\/wp-content\/uploads\/2025\/02\/109650.jpg\",\"datePublished\":\"2025-02-23T05:42:21+00:00\",\"dateModified\":\"2026-04-16T09:02:49+00:00\",\"breadcrumb\":{\"@id\":\"https:\/\/justbuildit.eu\/en\/pood\/ehitussegud\/plaatimissegud\/plaatimissegu-weber-extra-fix-25kg\/#breadcrumb\"},\"inLanguage\":\"en-US\",\"potentialAction\":[{\"@type\":\"ReadAction\",\"target\":[\"https:\/\/justbuildit.eu\/en\/pood\/ehitussegud\/plaatimissegud\/plaatimissegu-weber-extra-fix-25kg\/\"]}]},{\"@type\":\"ImageObject\",\"inLanguage\":\"en-US\",\"@id\":\"https:\/\/justbuildit.eu\/en\/pood\/ehitussegud\/plaatimissegud\/plaatimissegu-weber-extra-fix-25kg\/#primaryimage\",\"url\":\"https:\/\/justbuildit.eu\/wp-content\/uploads\/2025\/02\/109650.jpg\",\"contentUrl\":\"https:\/\/justbuildit.eu\/wp-content\/uploads\/2025\/02\/109650.jpg\",\"width\":588,\"height\":588},{\"@type\":\"BreadcrumbList\",\"@id\":\"https:\/\/justbuildit.eu\/en\/pood\/ehitussegud\/plaatimissegud\/plaatimissegu-weber-extra-fix-25kg\/#breadcrumb\",\"itemListElement\":[{\"@type\":\"ListItem\",\"position\":1,\"name\":\"Home\",\"item\":\"https:\/\/justbuildit.eu\/en\/\"},{\"@type\":\"ListItem\",\"position\":2,\"name\":\"Shop\",\"item\":\"https:\/\/justbuildit.eu\/en\/building-materials\/\"},{\"@type\":\"ListItem\",\"position\":3,\"name\":\"Plaatimissegu Weber Extra Fix 25kg\"}]},{\"@type\":\"WebSite\",\"@id\":\"https:\/\/justbuildit.eu\/en\/#website\",\"url\":\"https:\/\/justbuildit.eu\/en\/\",\"name\":\"Ehituslahendused\",\"description\":\"Ehituslahendused ja materjalid\",\"publisher\":{\"@id\":\"https:\/\/justbuildit.eu\/en\/#organization\"},\"potentialAction\":[{\"@type\":\"SearchAction\",\"target\":{\"@type\":\"EntryPoint\",\"urlTemplate\":\"https:\/\/justbuildit.eu\/en\/?s={search_term_string}\"},\"query-input\":{\"@type\":\"PropertyValueSpecification\",\"valueRequired\":true,\"valueName\":\"search_term_string\"}}],\"inLanguage\":\"en-US\"},{\"@type\":\"Organization\",\"@id\":\"https:\/\/justbuildit.eu\/en\/#organization\",\"name\":\"Just Build It O\u00dc\",\"url\":\"https:\/\/justbuildit.eu\/en\/\",\"logo\":{\"@type\":\"ImageObject\",\"inLanguage\":\"en-US\",\"@id\":\"https:\/\/justbuildit.eu\/en\/#\/schema\/logo\/image\/\",\"url\":\"https:\/\/justbuildit.eu\/wp-content\/uploads\/2022\/01\/justbuildit.png\",\"contentUrl\":\"https:\/\/justbuildit.eu\/wp-content\/uploads\/2022\/01\/justbuildit.png\",\"width\":173,\"height\":77,\"caption\":\"Just Build It O\u00dc\"},\"image\":{\"@id\":\"https:\/\/justbuildit.eu\/en\/#\/schema\/logo\/image\/\"},\"sameAs\":[\"https:\/\/www.facebook.com\/justbuildit.ee\"]}]}<\/script>\n<!-- \/ Yoast SEO Premium plugin. -->","yoast_head_json":{"title":"Plaatimissegu Weber Extra Fix 25kg - Ehituslahendused","robots":{"index":"index","follow":"follow","max-snippet":"max-snippet:-1","max-image-preview":"max-image-preview:large","max-video-preview":"max-video-preview:-1"},"canonical":"https:\/\/justbuildit.eu\/en\/pood\/ehitussegud\/plaatimissegud\/plaatimissegu-weber-extra-fix-25kg\/","og_locale":"en_US","og_type":"article","og_title":"Plaatimissegu Weber Extra Fix 25kg","og_description":"Weber Extra Fix on tsemendil baseeruv plaatimissegu, mis on m\u00f5eldud keraamiliste, klinker- ja mosaiikplaatide paigaldamiseks p\u00f5randatele ja seintele sisetingimustes.","og_url":"https:\/\/justbuildit.eu\/en\/pood\/ehitussegud\/plaatimissegud\/plaatimissegu-weber-extra-fix-25kg\/","og_site_name":"Ehituslahendused","article_publisher":"https:\/\/www.facebook.com\/justbuildit.ee","article_modified_time":"2026-04-16T09:02:49+00:00","og_image":[{"width":588,"height":588,"url":"https:\/\/justbuildit.eu\/wp-content\/uploads\/2025\/02\/109650.jpg","type":"image\/jpeg"}],"twitter_card":"summary_large_image","schema":{"@context":"https:\/\/schema.org","@graph":[{"@type":"WebPage","@id":"https:\/\/justbuildit.eu\/en\/pood\/ehitussegud\/plaatimissegud\/plaatimissegu-weber-extra-fix-25kg\/","url":"https:\/\/justbuildit.eu\/en\/pood\/ehitussegud\/plaatimissegud\/plaatimissegu-weber-extra-fix-25kg\/","name":"Plaatimissegu Weber Extra Fix 25kg - Ehituslahendused","isPartOf":{"@id":"https:\/\/justbuildit.eu\/en\/#website"},"primaryImageOfPage":{"@id":"https:\/\/justbuildit.eu\/en\/pood\/ehitussegud\/plaatimissegud\/plaatimissegu-weber-extra-fix-25kg\/#primaryimage"},"image":{"@id":"https:\/\/justbuildit.eu\/en\/pood\/ehitussegud\/plaatimissegud\/plaatimissegu-weber-extra-fix-25kg\/#primaryimage"},"thumbnailUrl":"https:\/\/justbuildit.eu\/wp-content\/uploads\/2025\/02\/109650.jpg","datePublished":"2025-02-23T05:42:21+00:00","dateModified":"2026-04-16T09:02:49+00:00","breadcrumb":{"@id":"https:\/\/justbuildit.eu\/en\/pood\/ehitussegud\/plaatimissegud\/plaatimissegu-weber-extra-fix-25kg\/#breadcrumb"},"inLanguage":"en-US","potentialAction":[{"@type":"ReadAction","target":["https:\/\/justbuildit.eu\/en\/pood\/ehitussegud\/plaatimissegud\/plaatimissegu-weber-extra-fix-25kg\/"]}]},{"@type":"ImageObject","inLanguage":"en-US","@id":"https:\/\/justbuildit.eu\/en\/pood\/ehitussegud\/plaatimissegud\/plaatimissegu-weber-extra-fix-25kg\/#primaryimage","url":"https:\/\/justbuildit.eu\/wp-content\/uploads\/2025\/02\/109650.jpg","contentUrl":"https:\/\/justbuildit.eu\/wp-content\/uploads\/2025\/02\/109650.jpg","width":588,"height":588},{"@type":"BreadcrumbList","@id":"https:\/\/justbuildit.eu\/en\/pood\/ehitussegud\/plaatimissegud\/plaatimissegu-weber-extra-fix-25kg\/#breadcrumb","itemListElement":[{"@type":"ListItem","position":1,"name":"Home","item":"https:\/\/justbuildit.eu\/en\/"},{"@type":"ListItem","position":2,"name":"Shop","item":"https:\/\/justbuildit.eu\/en\/building-materials\/"},{"@type":"ListItem","position":3,"name":"Plaatimissegu Weber Extra Fix 25kg"}]},{"@type":"WebSite","@id":"https:\/\/justbuildit.eu\/en\/#website","url":"https:\/\/justbuildit.eu\/en\/","name":"Ehituslahendused","description":"Ehituslahendused ja materjalid","publisher":{"@id":"https:\/\/justbuildit.eu\/en\/#organization"},"potentialAction":[{"@type":"SearchAction","target":{"@type":"EntryPoint","urlTemplate":"https:\/\/justbuildit.eu\/en\/?s={search_term_string}"},"query-input":{"@type":"PropertyValueSpecification","valueRequired":true,"valueName":"search_term_string"}}],"inLanguage":"en-US"},{"@type":"Organization","@id":"https:\/\/justbuildit.eu\/en\/#organization","name":"Just Build It O\u00dc","url":"https:\/\/justbuildit.eu\/en\/","logo":{"@type":"ImageObject","inLanguage":"en-US","@id":"https:\/\/justbuildit.eu\/en\/#\/schema\/logo\/image\/","url":"https:\/\/justbuildit.eu\/wp-content\/uploads\/2022\/01\/justbuildit.png","contentUrl":"https:\/\/justbuildit.eu\/wp-content\/uploads\/2022\/01\/justbuildit.png","width":173,"height":77,"caption":"Just Build It O\u00dc"},"image":{"@id":"https:\/\/justbuildit.eu\/en\/#\/schema\/logo\/image\/"},"sameAs":["https:\/\/www.facebook.com\/justbuildit.ee"]}]}},"_links":{"self":[{"href":"https:\/\/justbuildit.eu\/en\/wp-json\/wp\/v2\/product\/534293","targetHints":{"allow":["GET"]}}],"collection":[{"href":"https:\/\/justbuildit.eu\/en\/wp-json\/wp\/v2\/product"}],"about":[{"href":"https:\/\/justbuildit.eu\/en\/wp-json\/wp\/v2\/types\/product"}],"replies":[{"embeddable":true,"href":"https:\/\/justbuildit.eu\/en\/wp-json\/wp\/v2\/comments?post=534293"}],"wp:featuredmedia":[{"embeddable":true,"href":"https:\/\/justbuildit.eu\/en\/wp-json\/wp\/v2\/media\/534294"}],"wp:attachment":[{"href":"https:\/\/justbuildit.eu\/en\/wp-json\/wp\/v2\/media?parent=534293"}],"wp:term":[{"taxonomy":"product_brand","embeddable":true,"href":"https:\/\/justbuildit.eu\/en\/wp-json\/wp\/v2\/product_brand?post=534293"},{"taxonomy":"product_cat","embeddable":true,"href":"https:\/\/justbuildit.eu\/en\/wp-json\/wp\/v2\/product_cat?post=534293"},{"taxonomy":"product_tag","embeddable":true,"href":"https:\/\/justbuildit.eu\/en\/wp-json\/wp\/v2\/product_tag?post=534293"}],"curies":[{"name":"wp","href":"https:\/\/api.w.org\/{rel}","templated":true}]}}