{"id":534302,"date":"2025-02-23T08:51:08","date_gmt":"2025-02-23T05:51:08","guid":{"rendered":"https:\/\/justbuildit.eu\/?post_type=product&#038;p=534302"},"modified":"2026-04-15T12:03:16","modified_gmt":"2026-04-15T09:03:16","slug":"porandakuttesegu-kestonit-termo-20kg","status":"publish","type":"product","link":"https:\/\/justbuildit.eu\/en\/pood\/ehitussegud\/tasandussegud\/porandakuttesegu-kestonit-termo-20kg\/","title":{"rendered":"P\u00f5randak\u00fcttesegu Kestonit Termo 20kg"},"content":{"rendered":"<p>Kiudtugevdatud p\u00f5randatasandussegu elektri- v\u00f5i vesip\u00f5randak\u00fcttega p\u00f5randate tasandamiseks. Saab kasutada ka universaalse p\u00f5randatasandusseguna. u 12 l tasandussegu kotis. Madala leeliselisusega. Tsemendibaasil.<\/p>\n<p>Eriomadused:<\/p>\n<ul>\n<li>kiudtugevdatud<\/li>\n<li>ideaalne p\u00f5randak\u00fcttega p\u00f5randatele ja valatud betoonp\u00f5randatele<\/li>\n<li>\u00fcldiseks tasandamiseks, parandamiseks, kallete tegemiseks<\/li>\n<li>k\u00e4imiskindel juba 1 tunni p\u00e4rast<\/li>\n<li>p\u00f5randakatte saab paigaldada  1 p\u00e4eva p\u00e4rast \/ 10 mm, 5 p\u00e4eva p\u00e4rast \/ 50 mm<\/li>\n<li>kulu 1,7 kg\/m\u00b2\/mm<\/li>\n<li>u 12 l tasandussegu kotis<\/li>\n<\/ul>\n<p>Tsemendibaasil, tugevduskiude ning elastsust ja nakkuvust parandavaid lisandeid sisaldav tasandussegu p\u00f5randatele, kuhu paigaldatakse p\u00f5randak\u00fcte. Sobib kasutamiseks p\u00f5randak\u00fcttetorude ja elektrikaablitega. Sobib ka n\u00f5rkade remonditavate pindade tasandamiseks enne p\u00f5randakatte kinnitamist.<\/p>\n<p>Aluspind peab olema puhas ja j\u00e4ik. Eemaldage tsemendiliim, v\u00e4rvipritsmed, liimij\u00e4\u00e4gid ja muu mustus ning puhastage p\u00f5rand korralikult harja v\u00f5i tolmuimejaga. P\u00f5randak\u00fctte paigaldamisel tuleb p\u00f6\u00f6rata t\u00e4helepanu sellele, et aluspind taluks temperatuurik\u00f5ikumistest tulenevaid mahumuutusi.<br \/>\n1. Betoonist aluspinda tuleb enne tasandamist eelt\u00f6\u00f6delda lahjendatud nakkedispersiooniga Kiilto Start Primer (10\u201320% Kiilto Start Primerit \/ 80\u201390% vett).<br \/>\nP\u00f5randak\u00fcttega p\u00f5randatel tuleb aluspind lihvida karedaks ja puhastada hoolikalt enne nakkedispersiooni ja tasandussegu pealekandmist, et tagada piisav nake. Hea nakkumise saab tagada ka nakkekihi tegemisega, n\u00e4iteks Kiilto Remontplaatimisseguga, kasutades hammastatud segukammi. \u00c4rge kasutage nakkedispersiooni (j\u00e4lgige \u00f5iget veekogust).<br \/>\n2. Mitteimavad alusp\u00f5randad, kus ei ole p\u00f5randak\u00fctet, tuleb enne tasandamist kruntida Kiilto Start Primer nakkedispersiooniga.<br \/>\nV\u00e4ikese pindalaga k\u00f6etavatel p\u00f5randatel (alla 10 m\u00b2) tehakse nakkekiht n\u00e4iteks Kiilto Remontplaatimisseguga, kasutades hammastaud segukammi (j\u00e4lgige \u00f5iget veekogust, mitte kasutada nakkedispersiooni). Suuremates ruumides soovitame eemaldada vana pinnakate ja teha tasandus otse betoonaluspinnale.<br \/>\n3. Tugevad puit- ja puitlaasplaatpinnad, kus pole p\u00f5randak\u00fctet, tuleb enne tasandamist kruntida Kiilto Start Primer nakkedispersiooniga.<br \/>\nPuit- ja puitlaastp\u00f5randatel, kuhu tuleb p\u00f5randak\u00fcte, paigaldatakse kipsplaat, mis t\u00f6\u00f6deldakse lahjendamata Kiilto Start Primer nakkedispersiooniga ja tasandatakse. Hea nakkumise tasandussegu ja kipsplaadi vahel saab tagada nakkekihi tegemisega, n\u00e4iteks Kiilto Remontplaatimisseguga (j\u00e4lgige \u00f5iget veekogust, mitte kasutada nakkedispersiooni).<\/p>\n<p>P\u00f5randak\u00fcttetorud\/-kaablid paigaldatakse vastavalt tootja juhistele kuivanud nakkedispersiooni\/nakkekihi peale. Peale seda j\u00e4tkake pinna tasandamist.<\/p>\n","protected":false},"excerpt":{"rendered":"<p>Kiudtugevdatud p\u00f5randatasandussegu elektri- v\u00f5i vesip\u00f5randak\u00fcttega p\u00f5randate tasandamiseks. Saab kasutada ka universaalse p\u00f5randatasandusseguna. u 12 l tasandussegu kotis. Madala leeliselisusega. Tsemendibaasil.<\/p>","protected":false},"featured_media":534303,"comment_status":"open","ping_status":"closed","template":"","meta":{"_acf_changed":false},"product_brand":[],"product_cat":[60,497],"product_tag":[],"class_list":{"0":"post-534302","1":"product","2":"type-product","3":"status-publish","4":"has-post-thumbnail","6":"product_cat-tasandussegud","7":"product_cat-puumarket","9":"first","10":"outofstock","11":"shipping-taxable","12":"purchasable","13":"product-type-simple"},"acf":[],"yoast_head":"<!-- This site is optimized with the Yoast SEO Premium plugin v18.7 (Yoast SEO v26.5) - https:\/\/yoast.com\/wordpress\/plugins\/seo\/ -->\n<title>P\u00f5randak\u00fcttesegu Kestonit Termo 20kg - Ehituslahendused<\/title>\n<meta name=\"robots\" content=\"index, follow, max-snippet:-1, max-image-preview:large, max-video-preview:-1\" \/>\n<link rel=\"canonical\" href=\"https:\/\/justbuildit.eu\/en\/pood\/ehitussegud\/tasandussegud\/porandakuttesegu-kestonit-termo-20kg\/\" \/>\n<meta property=\"og:locale\" content=\"en_US\" \/>\n<meta property=\"og:type\" content=\"article\" \/>\n<meta property=\"og:title\" content=\"P\u00f5randak\u00fcttesegu Kestonit Termo 20kg\" \/>\n<meta property=\"og:description\" content=\"Kiudtugevdatud p\u00f5randatasandussegu elektri- v\u00f5i vesip\u00f5randak\u00fcttega p\u00f5randate tasandamiseks. Saab kasutada ka universaalse p\u00f5randatasandusseguna. u 12 l tasandussegu kotis. Madala leeliselisusega. Tsemendibaasil.\" \/>\n<meta property=\"og:url\" content=\"https:\/\/justbuildit.eu\/en\/pood\/ehitussegud\/tasandussegud\/porandakuttesegu-kestonit-termo-20kg\/\" \/>\n<meta property=\"og:site_name\" content=\"Ehituslahendused\" \/>\n<meta property=\"article:publisher\" content=\"https:\/\/www.facebook.com\/justbuildit.ee\" \/>\n<meta property=\"article:modified_time\" content=\"2026-04-15T09:03:16+00:00\" \/>\n<meta property=\"og:image\" content=\"https:\/\/justbuildit.eu\/wp-content\/uploads\/2025\/02\/103099.jpg\" \/>\n\t<meta property=\"og:image:width\" content=\"709\" \/>\n\t<meta property=\"og:image:height\" content=\"709\" \/>\n\t<meta property=\"og:image:type\" content=\"image\/jpeg\" \/>\n<meta name=\"twitter:card\" content=\"summary_large_image\" \/>\n<script type=\"application\/ld+json\" class=\"yoast-schema-graph\">{\"@context\":\"https:\/\/schema.org\",\"@graph\":[{\"@type\":\"WebPage\",\"@id\":\"https:\/\/justbuildit.eu\/en\/pood\/ehitussegud\/tasandussegud\/porandakuttesegu-kestonit-termo-20kg\/\",\"url\":\"https:\/\/justbuildit.eu\/en\/pood\/ehitussegud\/tasandussegud\/porandakuttesegu-kestonit-termo-20kg\/\",\"name\":\"P\u00f5randak\u00fcttesegu Kestonit Termo 20kg - Ehituslahendused\",\"isPartOf\":{\"@id\":\"https:\/\/justbuildit.eu\/en\/#website\"},\"primaryImageOfPage\":{\"@id\":\"https:\/\/justbuildit.eu\/en\/pood\/ehitussegud\/tasandussegud\/porandakuttesegu-kestonit-termo-20kg\/#primaryimage\"},\"image\":{\"@id\":\"https:\/\/justbuildit.eu\/en\/pood\/ehitussegud\/tasandussegud\/porandakuttesegu-kestonit-termo-20kg\/#primaryimage\"},\"thumbnailUrl\":\"https:\/\/justbuildit.eu\/wp-content\/uploads\/2025\/02\/103099.jpg\",\"datePublished\":\"2025-02-23T05:51:08+00:00\",\"dateModified\":\"2026-04-15T09:03:16+00:00\",\"breadcrumb\":{\"@id\":\"https:\/\/justbuildit.eu\/en\/pood\/ehitussegud\/tasandussegud\/porandakuttesegu-kestonit-termo-20kg\/#breadcrumb\"},\"inLanguage\":\"en-US\",\"potentialAction\":[{\"@type\":\"ReadAction\",\"target\":[\"https:\/\/justbuildit.eu\/en\/pood\/ehitussegud\/tasandussegud\/porandakuttesegu-kestonit-termo-20kg\/\"]}]},{\"@type\":\"ImageObject\",\"inLanguage\":\"en-US\",\"@id\":\"https:\/\/justbuildit.eu\/en\/pood\/ehitussegud\/tasandussegud\/porandakuttesegu-kestonit-termo-20kg\/#primaryimage\",\"url\":\"https:\/\/justbuildit.eu\/wp-content\/uploads\/2025\/02\/103099.jpg\",\"contentUrl\":\"https:\/\/justbuildit.eu\/wp-content\/uploads\/2025\/02\/103099.jpg\",\"width\":709,\"height\":709},{\"@type\":\"BreadcrumbList\",\"@id\":\"https:\/\/justbuildit.eu\/en\/pood\/ehitussegud\/tasandussegud\/porandakuttesegu-kestonit-termo-20kg\/#breadcrumb\",\"itemListElement\":[{\"@type\":\"ListItem\",\"position\":1,\"name\":\"Home\",\"item\":\"https:\/\/justbuildit.eu\/en\/\"},{\"@type\":\"ListItem\",\"position\":2,\"name\":\"Shop\",\"item\":\"https:\/\/justbuildit.eu\/en\/building-materials\/\"},{\"@type\":\"ListItem\",\"position\":3,\"name\":\"P\u00f5randak\u00fcttesegu Kestonit Termo 20kg\"}]},{\"@type\":\"WebSite\",\"@id\":\"https:\/\/justbuildit.eu\/en\/#website\",\"url\":\"https:\/\/justbuildit.eu\/en\/\",\"name\":\"Ehituslahendused\",\"description\":\"Ehituslahendused ja materjalid\",\"publisher\":{\"@id\":\"https:\/\/justbuildit.eu\/en\/#organization\"},\"potentialAction\":[{\"@type\":\"SearchAction\",\"target\":{\"@type\":\"EntryPoint\",\"urlTemplate\":\"https:\/\/justbuildit.eu\/en\/?s={search_term_string}\"},\"query-input\":{\"@type\":\"PropertyValueSpecification\",\"valueRequired\":true,\"valueName\":\"search_term_string\"}}],\"inLanguage\":\"en-US\"},{\"@type\":\"Organization\",\"@id\":\"https:\/\/justbuildit.eu\/en\/#organization\",\"name\":\"Just Build It O\u00dc\",\"url\":\"https:\/\/justbuildit.eu\/en\/\",\"logo\":{\"@type\":\"ImageObject\",\"inLanguage\":\"en-US\",\"@id\":\"https:\/\/justbuildit.eu\/en\/#\/schema\/logo\/image\/\",\"url\":\"https:\/\/justbuildit.eu\/wp-content\/uploads\/2022\/01\/justbuildit.png\",\"contentUrl\":\"https:\/\/justbuildit.eu\/wp-content\/uploads\/2022\/01\/justbuildit.png\",\"width\":173,\"height\":77,\"caption\":\"Just Build It O\u00dc\"},\"image\":{\"@id\":\"https:\/\/justbuildit.eu\/en\/#\/schema\/logo\/image\/\"},\"sameAs\":[\"https:\/\/www.facebook.com\/justbuildit.ee\"]}]}<\/script>\n<!-- \/ Yoast SEO Premium plugin. -->","yoast_head_json":{"title":"P\u00f5randak\u00fcttesegu Kestonit Termo 20kg - Ehituslahendused","robots":{"index":"index","follow":"follow","max-snippet":"max-snippet:-1","max-image-preview":"max-image-preview:large","max-video-preview":"max-video-preview:-1"},"canonical":"https:\/\/justbuildit.eu\/en\/pood\/ehitussegud\/tasandussegud\/porandakuttesegu-kestonit-termo-20kg\/","og_locale":"en_US","og_type":"article","og_title":"P\u00f5randak\u00fcttesegu Kestonit Termo 20kg","og_description":"Kiudtugevdatud p\u00f5randatasandussegu elektri- v\u00f5i vesip\u00f5randak\u00fcttega p\u00f5randate tasandamiseks. Saab kasutada ka universaalse p\u00f5randatasandusseguna. u 12 l tasandussegu kotis. Madala leeliselisusega. Tsemendibaasil.","og_url":"https:\/\/justbuildit.eu\/en\/pood\/ehitussegud\/tasandussegud\/porandakuttesegu-kestonit-termo-20kg\/","og_site_name":"Ehituslahendused","article_publisher":"https:\/\/www.facebook.com\/justbuildit.ee","article_modified_time":"2026-04-15T09:03:16+00:00","og_image":[{"width":709,"height":709,"url":"https:\/\/justbuildit.eu\/wp-content\/uploads\/2025\/02\/103099.jpg","type":"image\/jpeg"}],"twitter_card":"summary_large_image","schema":{"@context":"https:\/\/schema.org","@graph":[{"@type":"WebPage","@id":"https:\/\/justbuildit.eu\/en\/pood\/ehitussegud\/tasandussegud\/porandakuttesegu-kestonit-termo-20kg\/","url":"https:\/\/justbuildit.eu\/en\/pood\/ehitussegud\/tasandussegud\/porandakuttesegu-kestonit-termo-20kg\/","name":"P\u00f5randak\u00fcttesegu Kestonit Termo 20kg - Ehituslahendused","isPartOf":{"@id":"https:\/\/justbuildit.eu\/en\/#website"},"primaryImageOfPage":{"@id":"https:\/\/justbuildit.eu\/en\/pood\/ehitussegud\/tasandussegud\/porandakuttesegu-kestonit-termo-20kg\/#primaryimage"},"image":{"@id":"https:\/\/justbuildit.eu\/en\/pood\/ehitussegud\/tasandussegud\/porandakuttesegu-kestonit-termo-20kg\/#primaryimage"},"thumbnailUrl":"https:\/\/justbuildit.eu\/wp-content\/uploads\/2025\/02\/103099.jpg","datePublished":"2025-02-23T05:51:08+00:00","dateModified":"2026-04-15T09:03:16+00:00","breadcrumb":{"@id":"https:\/\/justbuildit.eu\/en\/pood\/ehitussegud\/tasandussegud\/porandakuttesegu-kestonit-termo-20kg\/#breadcrumb"},"inLanguage":"en-US","potentialAction":[{"@type":"ReadAction","target":["https:\/\/justbuildit.eu\/en\/pood\/ehitussegud\/tasandussegud\/porandakuttesegu-kestonit-termo-20kg\/"]}]},{"@type":"ImageObject","inLanguage":"en-US","@id":"https:\/\/justbuildit.eu\/en\/pood\/ehitussegud\/tasandussegud\/porandakuttesegu-kestonit-termo-20kg\/#primaryimage","url":"https:\/\/justbuildit.eu\/wp-content\/uploads\/2025\/02\/103099.jpg","contentUrl":"https:\/\/justbuildit.eu\/wp-content\/uploads\/2025\/02\/103099.jpg","width":709,"height":709},{"@type":"BreadcrumbList","@id":"https:\/\/justbuildit.eu\/en\/pood\/ehitussegud\/tasandussegud\/porandakuttesegu-kestonit-termo-20kg\/#breadcrumb","itemListElement":[{"@type":"ListItem","position":1,"name":"Home","item":"https:\/\/justbuildit.eu\/en\/"},{"@type":"ListItem","position":2,"name":"Shop","item":"https:\/\/justbuildit.eu\/en\/building-materials\/"},{"@type":"ListItem","position":3,"name":"P\u00f5randak\u00fcttesegu Kestonit Termo 20kg"}]},{"@type":"WebSite","@id":"https:\/\/justbuildit.eu\/en\/#website","url":"https:\/\/justbuildit.eu\/en\/","name":"Ehituslahendused","description":"Ehituslahendused ja materjalid","publisher":{"@id":"https:\/\/justbuildit.eu\/en\/#organization"},"potentialAction":[{"@type":"SearchAction","target":{"@type":"EntryPoint","urlTemplate":"https:\/\/justbuildit.eu\/en\/?s={search_term_string}"},"query-input":{"@type":"PropertyValueSpecification","valueRequired":true,"valueName":"search_term_string"}}],"inLanguage":"en-US"},{"@type":"Organization","@id":"https:\/\/justbuildit.eu\/en\/#organization","name":"Just Build It O\u00dc","url":"https:\/\/justbuildit.eu\/en\/","logo":{"@type":"ImageObject","inLanguage":"en-US","@id":"https:\/\/justbuildit.eu\/en\/#\/schema\/logo\/image\/","url":"https:\/\/justbuildit.eu\/wp-content\/uploads\/2022\/01\/justbuildit.png","contentUrl":"https:\/\/justbuildit.eu\/wp-content\/uploads\/2022\/01\/justbuildit.png","width":173,"height":77,"caption":"Just Build It O\u00dc"},"image":{"@id":"https:\/\/justbuildit.eu\/en\/#\/schema\/logo\/image\/"},"sameAs":["https:\/\/www.facebook.com\/justbuildit.ee"]}]}},"_links":{"self":[{"href":"https:\/\/justbuildit.eu\/en\/wp-json\/wp\/v2\/product\/534302","targetHints":{"allow":["GET"]}}],"collection":[{"href":"https:\/\/justbuildit.eu\/en\/wp-json\/wp\/v2\/product"}],"about":[{"href":"https:\/\/justbuildit.eu\/en\/wp-json\/wp\/v2\/types\/product"}],"replies":[{"embeddable":true,"href":"https:\/\/justbuildit.eu\/en\/wp-json\/wp\/v2\/comments?post=534302"}],"wp:featuredmedia":[{"embeddable":true,"href":"https:\/\/justbuildit.eu\/en\/wp-json\/wp\/v2\/media\/534303"}],"wp:attachment":[{"href":"https:\/\/justbuildit.eu\/en\/wp-json\/wp\/v2\/media?parent=534302"}],"wp:term":[{"taxonomy":"product_brand","embeddable":true,"href":"https:\/\/justbuildit.eu\/en\/wp-json\/wp\/v2\/product_brand?post=534302"},{"taxonomy":"product_cat","embeddable":true,"href":"https:\/\/justbuildit.eu\/en\/wp-json\/wp\/v2\/product_cat?post=534302"},{"taxonomy":"product_tag","embeddable":true,"href":"https:\/\/justbuildit.eu\/en\/wp-json\/wp\/v2\/product_tag?post=534302"}],"curies":[{"name":"wp","href":"https:\/\/api.w.org\/{rel}","templated":true}]}}