{"id":534305,"date":"2025-02-23T08:54:05","date_gmt":"2025-02-23T05:54:05","guid":{"rendered":"https:\/\/justbuildit.eu\/?post_type=product&#038;p=534305"},"modified":"2026-04-15T12:03:15","modified_gmt":"2026-04-15T09:03:15","slug":"porandamass-kiilto-70-20kg","status":"publish","type":"product","link":"https:\/\/justbuildit.eu\/en\/pood\/ehitussegud\/tasandussegud\/porandamass-kiilto-70-20kg\/","title":{"rendered":"P\u00f5randamass Kiilto 70 20kg"},"content":{"rendered":"<p>Tugev p\u00f5randamass p\u00f5randate valamiseks, aukude t\u00e4itmiseks ja kallete tegemiseks sise- ja v\u00e4listingimustes. Lihtne peale kanda. Kotis on u.11 l massi. Madala leeliselisusega. Tsemendibaasil.<\/p>\n<p>Eriomadused:<\/p>\n<ul>\n<li>mitmeotstarbeline, lihtne peale kanda<\/li>\n<li>valamiseks, aukude t\u00e4itmiseks, kallete tegemiseks, p\u00f5randak\u00fcttega p\u00f5randatele <\/li>\n<li>kasutamiseks sise- ja v\u00e4listingimustes<\/li>\n<li>k\u00e4imiskuiv u 2 tunni p\u00e4rast<\/li>\n<li>p\u00f5randakatte saab paigaldada 50 mm\/1\u20133 p\u00e4eva m\u00f6\u00f6dudes , 100 mm \/ 5 p\u00e4eva m\u00f6\u00f6dudes<\/li>\n<li>kulu 1,9 kg\/m\u00b2<\/li>\n<\/ul>\n<p>Spetsiaaltsemendi baasil, kiirkivinev ja -kuivav p\u00f5randamass p\u00f5randate valamiseks, aukude t\u00e4itmiseks ja kallete tegemiseks. Kihi paksus: 5-100 mm. Sobib kasutamiseks sise- ja v\u00e4listingimustes. Tasandatud pinna saab h\u00fcdroisoleerida. Vajadusel soovitame kasutada p\u00f5randapinna viimistlemiseks enne p\u00f5randakatte paigaldamist Kiilto peeneteralist p\u00f5randatasandussegu.<\/p>\n<p>1. Aluspinnal tugevasti kinni olev valu \/ tugev betoonpind v\u00f5i ehitusplaat: aluspind peab olema puhas, kuiv ja j\u00e4ik. Eemaldage tsemendiliim, v\u00e4rvipritsmed, liimij\u00e4\u00e4gid ja muu mustus ning puhastage p\u00f5rand korralikult harja v\u00f5i tolmuimejaga.<br \/>\n2. Betoonist aluspinda tuleb enne tasandamist eelt\u00f6\u00f6delda lahjendatud nakkedispersiooniga Kiilto Start Primer (10\u201320% nakkedispersiooni \/ 80\u201390% vett). Plaataluspinnad krunditakse lahjendamata Kiilto Start Primer nakkedispersiooniga.<\/p>\n<p>Aluspinnal tugevasti kinni oleva valu puhul soovitame kasutada maksimaalset veehulka (2,8 l \/ 20 kg), et tagada hea nake tasanduskihi ja aluspinna vahel.<\/p>\n<p>P\u00f5randak\u00fctte v\u00f5ib paigaldada otse Kiilto Start Primeriga krunditud, piisava tugevusega betoonile v\u00f5i kipslaadile. P\u00f5randak\u00fcttekaabel\/-torud paigaldatakse aluspinnale n\u00e4iteks kuumliimiga v\u00f5i. sobivate kinnitusklambritega. Klaaskiudv\u00f5rgule kinnitatud p\u00f5randak\u00fcttekaabli puhul, nt remonti tehes, tuleb kasutada paremini valguvat Kiilto p\u00f5randak\u00fcttetasandussegu.<\/p>\n<p>Optimaalse nakke tagamiseks v\u00e4listingimustes ja mitteimavate aluspindade puhul kasutage nakkekihi loomiseks n\u00e4iteks Kiilto Flexfix plaatimisssegu ja kandke see pinnale segukammiga.<\/p>\n<p>Ujuv konstruktsioon\/n\u00f5rk betoonpind:<br \/>\nvalu eraldatakse alusp\u00f5randast n\u00e4iteks Kiilto Eraldusribaga v\u00f5i ehituspaberiga. Valu eraldatakse seintest ja torul\u00e4biviikudest eraldusribadega \/ elastse massiga. Valukiht peab olema armeeritud ning paksusega v\u00e4hemalt 50 mm (nt. # 150 \u0172 5). P\u00f5randak\u00fctte kaablid\/torud tuleb kinnitada armatuur-v\u00f5rgu k\u00fclge.<\/p>\n","protected":false},"excerpt":{"rendered":"<p>Tugev p\u00f5randamass p\u00f5randate valamiseks, aukude t\u00e4itmiseks ja kallete tegemiseks sise- ja v\u00e4listingimustes. Lihtne peale kanda. Kotis on u.11 l massi. Madala leeliselisusega. Tsemendibaasil.<\/p>","protected":false},"featured_media":534306,"comment_status":"open","ping_status":"closed","template":"","meta":{"_acf_changed":false},"product_brand":[],"product_cat":[60,497],"product_tag":[],"class_list":{"0":"post-534305","1":"product","2":"type-product","3":"status-publish","4":"has-post-thumbnail","6":"product_cat-tasandussegud","7":"product_cat-puumarket","9":"first","10":"outofstock","11":"shipping-taxable","12":"purchasable","13":"product-type-simple"},"acf":[],"yoast_head":"<!-- This site is optimized with the Yoast SEO Premium plugin v18.7 (Yoast SEO v26.5) - https:\/\/yoast.com\/wordpress\/plugins\/seo\/ -->\n<title>P\u00f5randamass Kiilto 70 20kg - Ehituslahendused<\/title>\n<meta name=\"robots\" content=\"index, follow, max-snippet:-1, max-image-preview:large, max-video-preview:-1\" \/>\n<link rel=\"canonical\" href=\"https:\/\/justbuildit.eu\/en\/pood\/ehitussegud\/tasandussegud\/porandamass-kiilto-70-20kg\/\" \/>\n<meta property=\"og:locale\" content=\"en_US\" \/>\n<meta property=\"og:type\" content=\"article\" \/>\n<meta property=\"og:title\" content=\"P\u00f5randamass Kiilto 70 20kg\" \/>\n<meta property=\"og:description\" content=\"Tugev p\u00f5randamass p\u00f5randate valamiseks, aukude t\u00e4itmiseks ja kallete tegemiseks sise- ja v\u00e4listingimustes. Lihtne peale kanda. Kotis on u.11 l massi. Madala leeliselisusega. Tsemendibaasil.\" \/>\n<meta property=\"og:url\" content=\"https:\/\/justbuildit.eu\/en\/pood\/ehitussegud\/tasandussegud\/porandamass-kiilto-70-20kg\/\" \/>\n<meta property=\"og:site_name\" content=\"Ehituslahendused\" \/>\n<meta property=\"article:publisher\" content=\"https:\/\/www.facebook.com\/justbuildit.ee\" \/>\n<meta property=\"article:modified_time\" content=\"2026-04-15T09:03:15+00:00\" \/>\n<meta property=\"og:image\" content=\"https:\/\/justbuildit.eu\/wp-content\/uploads\/2025\/02\/116745.jpg\" \/>\n\t<meta property=\"og:image:width\" content=\"709\" \/>\n\t<meta property=\"og:image:height\" content=\"709\" \/>\n\t<meta property=\"og:image:type\" content=\"image\/jpeg\" \/>\n<meta name=\"twitter:card\" content=\"summary_large_image\" \/>\n<script type=\"application\/ld+json\" class=\"yoast-schema-graph\">{\"@context\":\"https:\/\/schema.org\",\"@graph\":[{\"@type\":\"WebPage\",\"@id\":\"https:\/\/justbuildit.eu\/en\/pood\/ehitussegud\/tasandussegud\/porandamass-kiilto-70-20kg\/\",\"url\":\"https:\/\/justbuildit.eu\/en\/pood\/ehitussegud\/tasandussegud\/porandamass-kiilto-70-20kg\/\",\"name\":\"P\u00f5randamass Kiilto 70 20kg - Ehituslahendused\",\"isPartOf\":{\"@id\":\"https:\/\/justbuildit.eu\/en\/#website\"},\"primaryImageOfPage\":{\"@id\":\"https:\/\/justbuildit.eu\/en\/pood\/ehitussegud\/tasandussegud\/porandamass-kiilto-70-20kg\/#primaryimage\"},\"image\":{\"@id\":\"https:\/\/justbuildit.eu\/en\/pood\/ehitussegud\/tasandussegud\/porandamass-kiilto-70-20kg\/#primaryimage\"},\"thumbnailUrl\":\"https:\/\/justbuildit.eu\/wp-content\/uploads\/2025\/02\/116745.jpg\",\"datePublished\":\"2025-02-23T05:54:05+00:00\",\"dateModified\":\"2026-04-15T09:03:15+00:00\",\"breadcrumb\":{\"@id\":\"https:\/\/justbuildit.eu\/en\/pood\/ehitussegud\/tasandussegud\/porandamass-kiilto-70-20kg\/#breadcrumb\"},\"inLanguage\":\"en-US\",\"potentialAction\":[{\"@type\":\"ReadAction\",\"target\":[\"https:\/\/justbuildit.eu\/en\/pood\/ehitussegud\/tasandussegud\/porandamass-kiilto-70-20kg\/\"]}]},{\"@type\":\"ImageObject\",\"inLanguage\":\"en-US\",\"@id\":\"https:\/\/justbuildit.eu\/en\/pood\/ehitussegud\/tasandussegud\/porandamass-kiilto-70-20kg\/#primaryimage\",\"url\":\"https:\/\/justbuildit.eu\/wp-content\/uploads\/2025\/02\/116745.jpg\",\"contentUrl\":\"https:\/\/justbuildit.eu\/wp-content\/uploads\/2025\/02\/116745.jpg\",\"width\":709,\"height\":709},{\"@type\":\"BreadcrumbList\",\"@id\":\"https:\/\/justbuildit.eu\/en\/pood\/ehitussegud\/tasandussegud\/porandamass-kiilto-70-20kg\/#breadcrumb\",\"itemListElement\":[{\"@type\":\"ListItem\",\"position\":1,\"name\":\"Home\",\"item\":\"https:\/\/justbuildit.eu\/en\/\"},{\"@type\":\"ListItem\",\"position\":2,\"name\":\"Shop\",\"item\":\"https:\/\/justbuildit.eu\/en\/building-materials\/\"},{\"@type\":\"ListItem\",\"position\":3,\"name\":\"P\u00f5randamass Kiilto 70 20kg\"}]},{\"@type\":\"WebSite\",\"@id\":\"https:\/\/justbuildit.eu\/en\/#website\",\"url\":\"https:\/\/justbuildit.eu\/en\/\",\"name\":\"Ehituslahendused\",\"description\":\"Ehituslahendused ja materjalid\",\"publisher\":{\"@id\":\"https:\/\/justbuildit.eu\/en\/#organization\"},\"potentialAction\":[{\"@type\":\"SearchAction\",\"target\":{\"@type\":\"EntryPoint\",\"urlTemplate\":\"https:\/\/justbuildit.eu\/en\/?s={search_term_string}\"},\"query-input\":{\"@type\":\"PropertyValueSpecification\",\"valueRequired\":true,\"valueName\":\"search_term_string\"}}],\"inLanguage\":\"en-US\"},{\"@type\":\"Organization\",\"@id\":\"https:\/\/justbuildit.eu\/en\/#organization\",\"name\":\"Just Build It O\u00dc\",\"url\":\"https:\/\/justbuildit.eu\/en\/\",\"logo\":{\"@type\":\"ImageObject\",\"inLanguage\":\"en-US\",\"@id\":\"https:\/\/justbuildit.eu\/en\/#\/schema\/logo\/image\/\",\"url\":\"https:\/\/justbuildit.eu\/wp-content\/uploads\/2022\/01\/justbuildit.png\",\"contentUrl\":\"https:\/\/justbuildit.eu\/wp-content\/uploads\/2022\/01\/justbuildit.png\",\"width\":173,\"height\":77,\"caption\":\"Just Build It O\u00dc\"},\"image\":{\"@id\":\"https:\/\/justbuildit.eu\/en\/#\/schema\/logo\/image\/\"},\"sameAs\":[\"https:\/\/www.facebook.com\/justbuildit.ee\"]}]}<\/script>\n<!-- \/ Yoast SEO Premium plugin. -->","yoast_head_json":{"title":"P\u00f5randamass Kiilto 70 20kg - Ehituslahendused","robots":{"index":"index","follow":"follow","max-snippet":"max-snippet:-1","max-image-preview":"max-image-preview:large","max-video-preview":"max-video-preview:-1"},"canonical":"https:\/\/justbuildit.eu\/en\/pood\/ehitussegud\/tasandussegud\/porandamass-kiilto-70-20kg\/","og_locale":"en_US","og_type":"article","og_title":"P\u00f5randamass Kiilto 70 20kg","og_description":"Tugev p\u00f5randamass p\u00f5randate valamiseks, aukude t\u00e4itmiseks ja kallete tegemiseks sise- ja v\u00e4listingimustes. Lihtne peale kanda. Kotis on u.11 l massi. Madala leeliselisusega. Tsemendibaasil.","og_url":"https:\/\/justbuildit.eu\/en\/pood\/ehitussegud\/tasandussegud\/porandamass-kiilto-70-20kg\/","og_site_name":"Ehituslahendused","article_publisher":"https:\/\/www.facebook.com\/justbuildit.ee","article_modified_time":"2026-04-15T09:03:15+00:00","og_image":[{"width":709,"height":709,"url":"https:\/\/justbuildit.eu\/wp-content\/uploads\/2025\/02\/116745.jpg","type":"image\/jpeg"}],"twitter_card":"summary_large_image","schema":{"@context":"https:\/\/schema.org","@graph":[{"@type":"WebPage","@id":"https:\/\/justbuildit.eu\/en\/pood\/ehitussegud\/tasandussegud\/porandamass-kiilto-70-20kg\/","url":"https:\/\/justbuildit.eu\/en\/pood\/ehitussegud\/tasandussegud\/porandamass-kiilto-70-20kg\/","name":"P\u00f5randamass Kiilto 70 20kg - Ehituslahendused","isPartOf":{"@id":"https:\/\/justbuildit.eu\/en\/#website"},"primaryImageOfPage":{"@id":"https:\/\/justbuildit.eu\/en\/pood\/ehitussegud\/tasandussegud\/porandamass-kiilto-70-20kg\/#primaryimage"},"image":{"@id":"https:\/\/justbuildit.eu\/en\/pood\/ehitussegud\/tasandussegud\/porandamass-kiilto-70-20kg\/#primaryimage"},"thumbnailUrl":"https:\/\/justbuildit.eu\/wp-content\/uploads\/2025\/02\/116745.jpg","datePublished":"2025-02-23T05:54:05+00:00","dateModified":"2026-04-15T09:03:15+00:00","breadcrumb":{"@id":"https:\/\/justbuildit.eu\/en\/pood\/ehitussegud\/tasandussegud\/porandamass-kiilto-70-20kg\/#breadcrumb"},"inLanguage":"en-US","potentialAction":[{"@type":"ReadAction","target":["https:\/\/justbuildit.eu\/en\/pood\/ehitussegud\/tasandussegud\/porandamass-kiilto-70-20kg\/"]}]},{"@type":"ImageObject","inLanguage":"en-US","@id":"https:\/\/justbuildit.eu\/en\/pood\/ehitussegud\/tasandussegud\/porandamass-kiilto-70-20kg\/#primaryimage","url":"https:\/\/justbuildit.eu\/wp-content\/uploads\/2025\/02\/116745.jpg","contentUrl":"https:\/\/justbuildit.eu\/wp-content\/uploads\/2025\/02\/116745.jpg","width":709,"height":709},{"@type":"BreadcrumbList","@id":"https:\/\/justbuildit.eu\/en\/pood\/ehitussegud\/tasandussegud\/porandamass-kiilto-70-20kg\/#breadcrumb","itemListElement":[{"@type":"ListItem","position":1,"name":"Home","item":"https:\/\/justbuildit.eu\/en\/"},{"@type":"ListItem","position":2,"name":"Shop","item":"https:\/\/justbuildit.eu\/en\/building-materials\/"},{"@type":"ListItem","position":3,"name":"P\u00f5randamass Kiilto 70 20kg"}]},{"@type":"WebSite","@id":"https:\/\/justbuildit.eu\/en\/#website","url":"https:\/\/justbuildit.eu\/en\/","name":"Ehituslahendused","description":"Ehituslahendused ja materjalid","publisher":{"@id":"https:\/\/justbuildit.eu\/en\/#organization"},"potentialAction":[{"@type":"SearchAction","target":{"@type":"EntryPoint","urlTemplate":"https:\/\/justbuildit.eu\/en\/?s={search_term_string}"},"query-input":{"@type":"PropertyValueSpecification","valueRequired":true,"valueName":"search_term_string"}}],"inLanguage":"en-US"},{"@type":"Organization","@id":"https:\/\/justbuildit.eu\/en\/#organization","name":"Just Build It O\u00dc","url":"https:\/\/justbuildit.eu\/en\/","logo":{"@type":"ImageObject","inLanguage":"en-US","@id":"https:\/\/justbuildit.eu\/en\/#\/schema\/logo\/image\/","url":"https:\/\/justbuildit.eu\/wp-content\/uploads\/2022\/01\/justbuildit.png","contentUrl":"https:\/\/justbuildit.eu\/wp-content\/uploads\/2022\/01\/justbuildit.png","width":173,"height":77,"caption":"Just Build It O\u00dc"},"image":{"@id":"https:\/\/justbuildit.eu\/en\/#\/schema\/logo\/image\/"},"sameAs":["https:\/\/www.facebook.com\/justbuildit.ee"]}]}},"_links":{"self":[{"href":"https:\/\/justbuildit.eu\/en\/wp-json\/wp\/v2\/product\/534305","targetHints":{"allow":["GET"]}}],"collection":[{"href":"https:\/\/justbuildit.eu\/en\/wp-json\/wp\/v2\/product"}],"about":[{"href":"https:\/\/justbuildit.eu\/en\/wp-json\/wp\/v2\/types\/product"}],"replies":[{"embeddable":true,"href":"https:\/\/justbuildit.eu\/en\/wp-json\/wp\/v2\/comments?post=534305"}],"wp:featuredmedia":[{"embeddable":true,"href":"https:\/\/justbuildit.eu\/en\/wp-json\/wp\/v2\/media\/534306"}],"wp:attachment":[{"href":"https:\/\/justbuildit.eu\/en\/wp-json\/wp\/v2\/media?parent=534305"}],"wp:term":[{"taxonomy":"product_brand","embeddable":true,"href":"https:\/\/justbuildit.eu\/en\/wp-json\/wp\/v2\/product_brand?post=534305"},{"taxonomy":"product_cat","embeddable":true,"href":"https:\/\/justbuildit.eu\/en\/wp-json\/wp\/v2\/product_cat?post=534305"},{"taxonomy":"product_tag","embeddable":true,"href":"https:\/\/justbuildit.eu\/en\/wp-json\/wp\/v2\/product_tag?post=534305"}],"curies":[{"name":"wp","href":"https:\/\/api.w.org\/{rel}","templated":true}]}}