{"id":534322,"date":"2025-02-23T09:02:22","date_gmt":"2025-02-23T06:02:22","guid":{"rendered":"https:\/\/justbuildit.eu\/?post_type=product&#038;p=534322"},"modified":"2026-04-18T12:02:42","modified_gmt":"2026-04-18T09:02:42","slug":"fassaadihermeetik-facade-joint-hybrid-25lm-600ml-hall","status":"publish","type":"product","link":"https:\/\/justbuildit.eu\/en\/pood\/tihendusmaterjalid\/hermeetikud-silikoonid-akruulid\/fassaadihermeetik-facade-joint-hybrid-25lm-600ml-hall\/","title":{"rendered":"Fassaadihermeetik Facade Joint Hybrid 25lm 600ml hall"},"content":{"rendered":"<p><b>Toote v\u00e4\u00e4rtused<\/b><br \/>\n+5 \u00b0C kuni +40 \u00b0C.<\/p>\n<ul>\n<li>Suure liikuvusega (\u00b125%) ja v\u00e4ikese elastsusmooduliga.<\/li>\n<li>Lihtne t\u00f6\u00f6delda ja siluda.<\/li>\n<li>Hea nake paljude poorsete ja mittepoorsete pindadega, isegi niiskete pindadega.<\/li>\n<li>Laitmatu elastsuse ja aluspinnaga nakkuvuse p\u00fcsivus.<\/li>\n<li>Ei p\u00f5hjusta metallide korrosiooni.<\/li>\n<li>Vastupidav UV-kiirgusele, erinevatele ilmastikuoludele ja vananemisele.<\/li>\n<li>Minimaalne kahanemine tardumise ajal.<\/li>\n<li>P\u00fcsivalt elastne.<\/li>\n<li>Keskkonnas\u00e4\u00e4stlik, ei sisalda lahusteid, silikoone ega isots\u00fcanaate.<\/li>\n<li>V\u00e4rvitav vesialuseliste v\u00e4rvidega<\/li>\n<\/ul>\n<p><b>Kasutusalad<\/b><\/p>\n<ul>\n<li>Hoonete deformatsiooni-, \u00fchendus- ja piirdevuukide, nagu betoonielementide, m\u00fc\u00fcritise, akna- ja ukselengide \u00fcmbruse, trepikodade, r\u00f5dude jms vuukide tihendamiseks.<\/li>\n<li>Erinevate l\u00e4biviikude (torude, kaablite) tihendamiseks.<\/li>\n<li>Ventilatsioonit\u00f6\u00f6d.<\/li>\n<li>Sobib t\u00e4itmiseks ja tihendamiseks nii sise- kui v\u00e4listingimustes.<\/li>\n<\/ul>\n<p><b>Nakkuvus<\/b><\/p>\n<ul>\n<li>Betoon<\/li>\n<li>Tellis<\/li>\n<li>Plaat<\/li>\n<li>Keraamika<\/li>\n<li>Puit<\/li>\n<li>Klaas<\/li>\n<li>PVC<\/li>\n<li>Metallid<\/li>\n<\/ul>\n","protected":false},"excerpt":{"rendered":"<p><b>Toote v\u00e4\u00e4rtused<\/b><br \/>\n+5 \u00b0C kuni +40 \u00b0C.<\/p>","protected":false},"featured_media":534323,"comment_status":"open","ping_status":"closed","template":"","meta":{"_acf_changed":false},"product_brand":[],"product_cat":[110,497],"product_tag":[],"class_list":{"0":"post-534322","1":"product","2":"type-product","3":"status-publish","4":"has-post-thumbnail","6":"product_cat-hermeetikud-silikoonid-akruulid","7":"product_cat-puumarket","9":"first","10":"instock","11":"shipping-taxable","12":"purchasable","13":"product-type-simple"},"acf":[],"yoast_head":"<!-- This site is optimized with the Yoast SEO Premium plugin v18.7 (Yoast SEO v26.5) - https:\/\/yoast.com\/wordpress\/plugins\/seo\/ -->\n<title>Fassaadihermeetik Facade Joint Hybrid 25lm 600ml hall - Ehituslahendused<\/title>\n<meta name=\"robots\" content=\"index, follow, max-snippet:-1, max-image-preview:large, max-video-preview:-1\" \/>\n<link rel=\"canonical\" href=\"https:\/\/justbuildit.eu\/en\/pood\/tihendusmaterjalid\/hermeetikud-silikoonid-akruulid\/fassaadihermeetik-facade-joint-hybrid-25lm-600ml-hall\/\" \/>\n<meta property=\"og:locale\" content=\"en_US\" \/>\n<meta property=\"og:type\" content=\"article\" \/>\n<meta property=\"og:title\" content=\"Fassaadihermeetik Facade Joint Hybrid 25lm 600ml hall\" \/>\n<meta property=\"og:description\" content=\"Toote v\u00e4\u00e4rtused +5 \u00b0C kuni +40 \u00b0C.\" \/>\n<meta property=\"og:url\" content=\"https:\/\/justbuildit.eu\/en\/pood\/tihendusmaterjalid\/hermeetikud-silikoonid-akruulid\/fassaadihermeetik-facade-joint-hybrid-25lm-600ml-hall\/\" \/>\n<meta property=\"og:site_name\" content=\"Ehituslahendused\" \/>\n<meta property=\"article:publisher\" content=\"https:\/\/www.facebook.com\/justbuildit.ee\" \/>\n<meta property=\"article:modified_time\" content=\"2026-04-18T09:02:42+00:00\" \/>\n<meta property=\"og:image\" content=\"https:\/\/justbuildit.eu\/wp-content\/uploads\/2025\/02\/117010.jpg\" \/>\n\t<meta property=\"og:image:width\" content=\"1658\" \/>\n\t<meta property=\"og:image:height\" content=\"1570\" \/>\n\t<meta property=\"og:image:type\" content=\"image\/jpeg\" \/>\n<meta name=\"twitter:card\" content=\"summary_large_image\" \/>\n<script type=\"application\/ld+json\" class=\"yoast-schema-graph\">{\"@context\":\"https:\/\/schema.org\",\"@graph\":[{\"@type\":\"WebPage\",\"@id\":\"https:\/\/justbuildit.eu\/en\/pood\/tihendusmaterjalid\/hermeetikud-silikoonid-akruulid\/fassaadihermeetik-facade-joint-hybrid-25lm-600ml-hall\/\",\"url\":\"https:\/\/justbuildit.eu\/en\/pood\/tihendusmaterjalid\/hermeetikud-silikoonid-akruulid\/fassaadihermeetik-facade-joint-hybrid-25lm-600ml-hall\/\",\"name\":\"Fassaadihermeetik Facade Joint Hybrid 25lm 600ml hall - Ehituslahendused\",\"isPartOf\":{\"@id\":\"https:\/\/justbuildit.eu\/en\/#website\"},\"primaryImageOfPage\":{\"@id\":\"https:\/\/justbuildit.eu\/en\/pood\/tihendusmaterjalid\/hermeetikud-silikoonid-akruulid\/fassaadihermeetik-facade-joint-hybrid-25lm-600ml-hall\/#primaryimage\"},\"image\":{\"@id\":\"https:\/\/justbuildit.eu\/en\/pood\/tihendusmaterjalid\/hermeetikud-silikoonid-akruulid\/fassaadihermeetik-facade-joint-hybrid-25lm-600ml-hall\/#primaryimage\"},\"thumbnailUrl\":\"https:\/\/justbuildit.eu\/wp-content\/uploads\/2025\/02\/117010.jpg\",\"datePublished\":\"2025-02-23T06:02:22+00:00\",\"dateModified\":\"2026-04-18T09:02:42+00:00\",\"breadcrumb\":{\"@id\":\"https:\/\/justbuildit.eu\/en\/pood\/tihendusmaterjalid\/hermeetikud-silikoonid-akruulid\/fassaadihermeetik-facade-joint-hybrid-25lm-600ml-hall\/#breadcrumb\"},\"inLanguage\":\"en-US\",\"potentialAction\":[{\"@type\":\"ReadAction\",\"target\":[\"https:\/\/justbuildit.eu\/en\/pood\/tihendusmaterjalid\/hermeetikud-silikoonid-akruulid\/fassaadihermeetik-facade-joint-hybrid-25lm-600ml-hall\/\"]}]},{\"@type\":\"ImageObject\",\"inLanguage\":\"en-US\",\"@id\":\"https:\/\/justbuildit.eu\/en\/pood\/tihendusmaterjalid\/hermeetikud-silikoonid-akruulid\/fassaadihermeetik-facade-joint-hybrid-25lm-600ml-hall\/#primaryimage\",\"url\":\"https:\/\/justbuildit.eu\/wp-content\/uploads\/2025\/02\/117010.jpg\",\"contentUrl\":\"https:\/\/justbuildit.eu\/wp-content\/uploads\/2025\/02\/117010.jpg\",\"width\":1658,\"height\":1570},{\"@type\":\"BreadcrumbList\",\"@id\":\"https:\/\/justbuildit.eu\/en\/pood\/tihendusmaterjalid\/hermeetikud-silikoonid-akruulid\/fassaadihermeetik-facade-joint-hybrid-25lm-600ml-hall\/#breadcrumb\",\"itemListElement\":[{\"@type\":\"ListItem\",\"position\":1,\"name\":\"Home\",\"item\":\"https:\/\/justbuildit.eu\/en\/\"},{\"@type\":\"ListItem\",\"position\":2,\"name\":\"Shop\",\"item\":\"https:\/\/justbuildit.eu\/en\/building-materials\/\"},{\"@type\":\"ListItem\",\"position\":3,\"name\":\"Fassaadihermeetik Facade Joint Hybrid 25lm 600ml hall\"}]},{\"@type\":\"WebSite\",\"@id\":\"https:\/\/justbuildit.eu\/en\/#website\",\"url\":\"https:\/\/justbuildit.eu\/en\/\",\"name\":\"Ehituslahendused\",\"description\":\"Ehituslahendused ja materjalid\",\"publisher\":{\"@id\":\"https:\/\/justbuildit.eu\/en\/#organization\"},\"potentialAction\":[{\"@type\":\"SearchAction\",\"target\":{\"@type\":\"EntryPoint\",\"urlTemplate\":\"https:\/\/justbuildit.eu\/en\/?s={search_term_string}\"},\"query-input\":{\"@type\":\"PropertyValueSpecification\",\"valueRequired\":true,\"valueName\":\"search_term_string\"}}],\"inLanguage\":\"en-US\"},{\"@type\":\"Organization\",\"@id\":\"https:\/\/justbuildit.eu\/en\/#organization\",\"name\":\"Just Build It O\u00dc\",\"url\":\"https:\/\/justbuildit.eu\/en\/\",\"logo\":{\"@type\":\"ImageObject\",\"inLanguage\":\"en-US\",\"@id\":\"https:\/\/justbuildit.eu\/en\/#\/schema\/logo\/image\/\",\"url\":\"https:\/\/justbuildit.eu\/wp-content\/uploads\/2022\/01\/justbuildit.png\",\"contentUrl\":\"https:\/\/justbuildit.eu\/wp-content\/uploads\/2022\/01\/justbuildit.png\",\"width\":173,\"height\":77,\"caption\":\"Just Build It O\u00dc\"},\"image\":{\"@id\":\"https:\/\/justbuildit.eu\/en\/#\/schema\/logo\/image\/\"},\"sameAs\":[\"https:\/\/www.facebook.com\/justbuildit.ee\"]}]}<\/script>\n<!-- \/ Yoast SEO Premium plugin. -->","yoast_head_json":{"title":"Fassaadihermeetik Facade Joint Hybrid 25lm 600ml hall - Ehituslahendused","robots":{"index":"index","follow":"follow","max-snippet":"max-snippet:-1","max-image-preview":"max-image-preview:large","max-video-preview":"max-video-preview:-1"},"canonical":"https:\/\/justbuildit.eu\/en\/pood\/tihendusmaterjalid\/hermeetikud-silikoonid-akruulid\/fassaadihermeetik-facade-joint-hybrid-25lm-600ml-hall\/","og_locale":"en_US","og_type":"article","og_title":"Fassaadihermeetik Facade Joint Hybrid 25lm 600ml hall","og_description":"Toote v\u00e4\u00e4rtused +5 \u00b0C kuni +40 \u00b0C.","og_url":"https:\/\/justbuildit.eu\/en\/pood\/tihendusmaterjalid\/hermeetikud-silikoonid-akruulid\/fassaadihermeetik-facade-joint-hybrid-25lm-600ml-hall\/","og_site_name":"Ehituslahendused","article_publisher":"https:\/\/www.facebook.com\/justbuildit.ee","article_modified_time":"2026-04-18T09:02:42+00:00","og_image":[{"width":1658,"height":1570,"url":"https:\/\/justbuildit.eu\/wp-content\/uploads\/2025\/02\/117010.jpg","type":"image\/jpeg"}],"twitter_card":"summary_large_image","schema":{"@context":"https:\/\/schema.org","@graph":[{"@type":"WebPage","@id":"https:\/\/justbuildit.eu\/en\/pood\/tihendusmaterjalid\/hermeetikud-silikoonid-akruulid\/fassaadihermeetik-facade-joint-hybrid-25lm-600ml-hall\/","url":"https:\/\/justbuildit.eu\/en\/pood\/tihendusmaterjalid\/hermeetikud-silikoonid-akruulid\/fassaadihermeetik-facade-joint-hybrid-25lm-600ml-hall\/","name":"Fassaadihermeetik Facade Joint Hybrid 25lm 600ml hall - Ehituslahendused","isPartOf":{"@id":"https:\/\/justbuildit.eu\/en\/#website"},"primaryImageOfPage":{"@id":"https:\/\/justbuildit.eu\/en\/pood\/tihendusmaterjalid\/hermeetikud-silikoonid-akruulid\/fassaadihermeetik-facade-joint-hybrid-25lm-600ml-hall\/#primaryimage"},"image":{"@id":"https:\/\/justbuildit.eu\/en\/pood\/tihendusmaterjalid\/hermeetikud-silikoonid-akruulid\/fassaadihermeetik-facade-joint-hybrid-25lm-600ml-hall\/#primaryimage"},"thumbnailUrl":"https:\/\/justbuildit.eu\/wp-content\/uploads\/2025\/02\/117010.jpg","datePublished":"2025-02-23T06:02:22+00:00","dateModified":"2026-04-18T09:02:42+00:00","breadcrumb":{"@id":"https:\/\/justbuildit.eu\/en\/pood\/tihendusmaterjalid\/hermeetikud-silikoonid-akruulid\/fassaadihermeetik-facade-joint-hybrid-25lm-600ml-hall\/#breadcrumb"},"inLanguage":"en-US","potentialAction":[{"@type":"ReadAction","target":["https:\/\/justbuildit.eu\/en\/pood\/tihendusmaterjalid\/hermeetikud-silikoonid-akruulid\/fassaadihermeetik-facade-joint-hybrid-25lm-600ml-hall\/"]}]},{"@type":"ImageObject","inLanguage":"en-US","@id":"https:\/\/justbuildit.eu\/en\/pood\/tihendusmaterjalid\/hermeetikud-silikoonid-akruulid\/fassaadihermeetik-facade-joint-hybrid-25lm-600ml-hall\/#primaryimage","url":"https:\/\/justbuildit.eu\/wp-content\/uploads\/2025\/02\/117010.jpg","contentUrl":"https:\/\/justbuildit.eu\/wp-content\/uploads\/2025\/02\/117010.jpg","width":1658,"height":1570},{"@type":"BreadcrumbList","@id":"https:\/\/justbuildit.eu\/en\/pood\/tihendusmaterjalid\/hermeetikud-silikoonid-akruulid\/fassaadihermeetik-facade-joint-hybrid-25lm-600ml-hall\/#breadcrumb","itemListElement":[{"@type":"ListItem","position":1,"name":"Home","item":"https:\/\/justbuildit.eu\/en\/"},{"@type":"ListItem","position":2,"name":"Shop","item":"https:\/\/justbuildit.eu\/en\/building-materials\/"},{"@type":"ListItem","position":3,"name":"Fassaadihermeetik Facade Joint Hybrid 25lm 600ml hall"}]},{"@type":"WebSite","@id":"https:\/\/justbuildit.eu\/en\/#website","url":"https:\/\/justbuildit.eu\/en\/","name":"Ehituslahendused","description":"Ehituslahendused ja materjalid","publisher":{"@id":"https:\/\/justbuildit.eu\/en\/#organization"},"potentialAction":[{"@type":"SearchAction","target":{"@type":"EntryPoint","urlTemplate":"https:\/\/justbuildit.eu\/en\/?s={search_term_string}"},"query-input":{"@type":"PropertyValueSpecification","valueRequired":true,"valueName":"search_term_string"}}],"inLanguage":"en-US"},{"@type":"Organization","@id":"https:\/\/justbuildit.eu\/en\/#organization","name":"Just Build It O\u00dc","url":"https:\/\/justbuildit.eu\/en\/","logo":{"@type":"ImageObject","inLanguage":"en-US","@id":"https:\/\/justbuildit.eu\/en\/#\/schema\/logo\/image\/","url":"https:\/\/justbuildit.eu\/wp-content\/uploads\/2022\/01\/justbuildit.png","contentUrl":"https:\/\/justbuildit.eu\/wp-content\/uploads\/2022\/01\/justbuildit.png","width":173,"height":77,"caption":"Just Build It O\u00dc"},"image":{"@id":"https:\/\/justbuildit.eu\/en\/#\/schema\/logo\/image\/"},"sameAs":["https:\/\/www.facebook.com\/justbuildit.ee"]}]}},"_links":{"self":[{"href":"https:\/\/justbuildit.eu\/en\/wp-json\/wp\/v2\/product\/534322","targetHints":{"allow":["GET"]}}],"collection":[{"href":"https:\/\/justbuildit.eu\/en\/wp-json\/wp\/v2\/product"}],"about":[{"href":"https:\/\/justbuildit.eu\/en\/wp-json\/wp\/v2\/types\/product"}],"replies":[{"embeddable":true,"href":"https:\/\/justbuildit.eu\/en\/wp-json\/wp\/v2\/comments?post=534322"}],"wp:featuredmedia":[{"embeddable":true,"href":"https:\/\/justbuildit.eu\/en\/wp-json\/wp\/v2\/media\/534323"}],"wp:attachment":[{"href":"https:\/\/justbuildit.eu\/en\/wp-json\/wp\/v2\/media?parent=534322"}],"wp:term":[{"taxonomy":"product_brand","embeddable":true,"href":"https:\/\/justbuildit.eu\/en\/wp-json\/wp\/v2\/product_brand?post=534322"},{"taxonomy":"product_cat","embeddable":true,"href":"https:\/\/justbuildit.eu\/en\/wp-json\/wp\/v2\/product_cat?post=534322"},{"taxonomy":"product_tag","embeddable":true,"href":"https:\/\/justbuildit.eu\/en\/wp-json\/wp\/v2\/product_tag?post=534322"}],"curies":[{"name":"wp","href":"https:\/\/api.w.org\/{rel}","templated":true}]}}