{"id":534331,"date":"2025-02-23T09:04:18","date_gmt":"2025-02-23T06:04:18","guid":{"rendered":"https:\/\/justbuildit.eu\/?post_type=product&#038;p=534331"},"modified":"2026-04-11T12:02:41","modified_gmt":"2026-04-11T09:02:41","slug":"hubriidhermeetik-porandavuukidele-floor-joint-hybrid-25hm-600ml-hall","status":"publish","type":"product","link":"https:\/\/justbuildit.eu\/en\/pood\/tihendusmaterjalid\/hermeetikud-silikoonid-akruulid\/hubriidhermeetik-porandavuukidele-floor-joint-hybrid-25hm-600ml-hall\/","title":{"rendered":"H\u00fcbriidhermeetik p\u00f5randavuukidele Floor Joint Hybrid 25hm 600ml hall"},"content":{"rendered":"<p><b>V\u00c4\u00c4RTUSED<\/b><\/p>\n<ul>\n<li>Suur liikumisv\u00f5ime (\u00b125%)<\/li>\n<li>K\u00f5rge kulumiskindlus<\/li>\n<li>UV- ja ilmastikukindel<\/li>\n<li>Nakkub niiskete pindadega<\/li>\n<li>Suurep\u00e4rane nakkuvus paljude materjalidega<\/li>\n<li>Ei l\u00f5hna<\/li>\n<li>Peaaegu mittekahanev<\/li>\n<li>Lahustite, silikoonide ja isots\u00fcanaatide vaba<\/li>\n<li>Kasutamistemperatuur +5 \u00b0C kuni +40 \u00b0C.<\/li>\n<\/ul>\n<p><b>KASUTUSALAD<\/b><\/p>\n<ul>\n<li>Liikuvate sisep\u00f5randate vuukide, n\u00e4iteks betooni paisumis- ja perimeetri vuukide tihendamine.<\/li>\n<li>Sobib kasutamiseks p\u00f5randaliistude asemel.<\/li>\n<li>Sisemiste ja v\u00e4liste suure liikuvusega \u00fchendusvuukide tihendamine ja liimimine, nt. seina ja p\u00f5randa vahel, trepid, r\u00f5dud, akna- ja ukseraamid.<\/li>\n<\/ul>\n<p><b>NAKKUVUS<\/b><\/p>\n<ul>\n<li>Betoon<\/li>\n<li>Telliskivi<\/li>\n<li>Plaat<\/li>\n<li>Keraamika<\/li>\n<li>Erinevad metallid<\/li>\n<li>Puit<\/li>\n<li>Klaas<\/li>\n<li>PVC<\/li>\n<\/ul>\n<p><b>KASUTUSJUHISED<\/b><\/p>\n<ul>\nAvage p\u00fcstoli v\u00e4ljastusotsik, sisestage pakend p\u00fcstolisse ja eemaldage pakendilt otsikupoolne kinnitusklamber. Asetage v\u00e4ljastusotsik p\u00fcstoli avatud otsale ja keerake korgiga kinni. Poorsete pindade nakke parandamiseks on soovitatav kanda neile \u00f5huke kiht pol\u00fcuretaankrunti. P\u00e4rast krundi kuivamist asetage vuugi p\u00f5hja vuugin\u00f6\u00f6r, mis ei nakku pol\u00fcuretaanhermeetikuga.<\/p>\n<p>Kandke hermeetik vuuki, surudes korduvalt ja \u00fchtlaselt p\u00fcstoli p\u00e4\u00e4stikule ning libistades otsikut sujuvalt m\u00f6\u00f6da vuuki. Laiemad vuugid tuleks katta kolme pealekandmiskorraga, kattes m\u00f5lemad k\u00fclgmised osad ja seej\u00e4rel vuugi p\u00f5hja. Vajutage hermeetik p\u00f5hjalikult servade ja vuugi p\u00f5hja vastu, kuni \u00f5humulle enam ei teki.<\/p>\n<p>P\u00e4rast pealekandmist siluge pind kummist kaabitsaga tasaseks ja eemaldage \u00fcleliigne materjal. Tagage k\u00f5ikide vuukide juures piisav tuulutus. Hoolitsege selle eest, et tardumisaja jooksul ei settiks pinnale mustust ja vuuk ei satuks mehaanilise koormuse alla.<\/ul>\n","protected":false},"excerpt":{"rendered":"<p><b>V\u00c4\u00c4RTUSED<\/b><\/p>","protected":false},"featured_media":534332,"comment_status":"open","ping_status":"closed","template":"","meta":{"_acf_changed":false},"product_brand":[],"product_cat":[110,497],"product_tag":[],"class_list":{"0":"post-534331","1":"product","2":"type-product","3":"status-publish","4":"has-post-thumbnail","6":"product_cat-hermeetikud-silikoonid-akruulid","7":"product_cat-puumarket","9":"first","10":"instock","11":"shipping-taxable","12":"purchasable","13":"product-type-simple"},"acf":[],"yoast_head":"<!-- This site is optimized with the Yoast SEO Premium plugin v18.7 (Yoast SEO v26.5) - https:\/\/yoast.com\/wordpress\/plugins\/seo\/ -->\n<title>H\u00fcbriidhermeetik p\u00f5randavuukidele Floor Joint Hybrid 25hm 600ml hall - Ehituslahendused<\/title>\n<meta name=\"robots\" content=\"index, follow, max-snippet:-1, max-image-preview:large, max-video-preview:-1\" \/>\n<link rel=\"canonical\" href=\"https:\/\/justbuildit.eu\/en\/pood\/tihendusmaterjalid\/hermeetikud-silikoonid-akruulid\/hubriidhermeetik-porandavuukidele-floor-joint-hybrid-25hm-600ml-hall\/\" \/>\n<meta property=\"og:locale\" content=\"en_US\" \/>\n<meta property=\"og:type\" content=\"article\" \/>\n<meta property=\"og:title\" content=\"H\u00fcbriidhermeetik p\u00f5randavuukidele Floor Joint Hybrid 25hm 600ml hall\" \/>\n<meta property=\"og:description\" content=\"V\u00c4\u00c4RTUSED\" \/>\n<meta property=\"og:url\" content=\"https:\/\/justbuildit.eu\/en\/pood\/tihendusmaterjalid\/hermeetikud-silikoonid-akruulid\/hubriidhermeetik-porandavuukidele-floor-joint-hybrid-25hm-600ml-hall\/\" \/>\n<meta property=\"og:site_name\" content=\"Ehituslahendused\" \/>\n<meta property=\"article:publisher\" content=\"https:\/\/www.facebook.com\/justbuildit.ee\" \/>\n<meta property=\"article:modified_time\" content=\"2026-04-11T09:02:41+00:00\" \/>\n<meta property=\"og:image\" content=\"https:\/\/justbuildit.eu\/wp-content\/uploads\/2025\/02\/117015.jpg\" \/>\n\t<meta property=\"og:image:width\" content=\"1612\" \/>\n\t<meta property=\"og:image:height\" content=\"1580\" \/>\n\t<meta property=\"og:image:type\" content=\"image\/jpeg\" \/>\n<meta name=\"twitter:card\" content=\"summary_large_image\" \/>\n<script type=\"application\/ld+json\" class=\"yoast-schema-graph\">{\"@context\":\"https:\/\/schema.org\",\"@graph\":[{\"@type\":\"WebPage\",\"@id\":\"https:\/\/justbuildit.eu\/en\/pood\/tihendusmaterjalid\/hermeetikud-silikoonid-akruulid\/hubriidhermeetik-porandavuukidele-floor-joint-hybrid-25hm-600ml-hall\/\",\"url\":\"https:\/\/justbuildit.eu\/en\/pood\/tihendusmaterjalid\/hermeetikud-silikoonid-akruulid\/hubriidhermeetik-porandavuukidele-floor-joint-hybrid-25hm-600ml-hall\/\",\"name\":\"H\u00fcbriidhermeetik p\u00f5randavuukidele Floor Joint Hybrid 25hm 600ml hall - Ehituslahendused\",\"isPartOf\":{\"@id\":\"https:\/\/justbuildit.eu\/en\/#website\"},\"primaryImageOfPage\":{\"@id\":\"https:\/\/justbuildit.eu\/en\/pood\/tihendusmaterjalid\/hermeetikud-silikoonid-akruulid\/hubriidhermeetik-porandavuukidele-floor-joint-hybrid-25hm-600ml-hall\/#primaryimage\"},\"image\":{\"@id\":\"https:\/\/justbuildit.eu\/en\/pood\/tihendusmaterjalid\/hermeetikud-silikoonid-akruulid\/hubriidhermeetik-porandavuukidele-floor-joint-hybrid-25hm-600ml-hall\/#primaryimage\"},\"thumbnailUrl\":\"https:\/\/justbuildit.eu\/wp-content\/uploads\/2025\/02\/117015.jpg\",\"datePublished\":\"2025-02-23T06:04:18+00:00\",\"dateModified\":\"2026-04-11T09:02:41+00:00\",\"breadcrumb\":{\"@id\":\"https:\/\/justbuildit.eu\/en\/pood\/tihendusmaterjalid\/hermeetikud-silikoonid-akruulid\/hubriidhermeetik-porandavuukidele-floor-joint-hybrid-25hm-600ml-hall\/#breadcrumb\"},\"inLanguage\":\"en-US\",\"potentialAction\":[{\"@type\":\"ReadAction\",\"target\":[\"https:\/\/justbuildit.eu\/en\/pood\/tihendusmaterjalid\/hermeetikud-silikoonid-akruulid\/hubriidhermeetik-porandavuukidele-floor-joint-hybrid-25hm-600ml-hall\/\"]}]},{\"@type\":\"ImageObject\",\"inLanguage\":\"en-US\",\"@id\":\"https:\/\/justbuildit.eu\/en\/pood\/tihendusmaterjalid\/hermeetikud-silikoonid-akruulid\/hubriidhermeetik-porandavuukidele-floor-joint-hybrid-25hm-600ml-hall\/#primaryimage\",\"url\":\"https:\/\/justbuildit.eu\/wp-content\/uploads\/2025\/02\/117015.jpg\",\"contentUrl\":\"https:\/\/justbuildit.eu\/wp-content\/uploads\/2025\/02\/117015.jpg\",\"width\":1612,\"height\":1580},{\"@type\":\"BreadcrumbList\",\"@id\":\"https:\/\/justbuildit.eu\/en\/pood\/tihendusmaterjalid\/hermeetikud-silikoonid-akruulid\/hubriidhermeetik-porandavuukidele-floor-joint-hybrid-25hm-600ml-hall\/#breadcrumb\",\"itemListElement\":[{\"@type\":\"ListItem\",\"position\":1,\"name\":\"Home\",\"item\":\"https:\/\/justbuildit.eu\/en\/\"},{\"@type\":\"ListItem\",\"position\":2,\"name\":\"Shop\",\"item\":\"https:\/\/justbuildit.eu\/en\/building-materials\/\"},{\"@type\":\"ListItem\",\"position\":3,\"name\":\"H\u00fcbriidhermeetik p\u00f5randavuukidele Floor Joint Hybrid 25hm 600ml hall\"}]},{\"@type\":\"WebSite\",\"@id\":\"https:\/\/justbuildit.eu\/en\/#website\",\"url\":\"https:\/\/justbuildit.eu\/en\/\",\"name\":\"Ehituslahendused\",\"description\":\"Ehituslahendused ja materjalid\",\"publisher\":{\"@id\":\"https:\/\/justbuildit.eu\/en\/#organization\"},\"potentialAction\":[{\"@type\":\"SearchAction\",\"target\":{\"@type\":\"EntryPoint\",\"urlTemplate\":\"https:\/\/justbuildit.eu\/en\/?s={search_term_string}\"},\"query-input\":{\"@type\":\"PropertyValueSpecification\",\"valueRequired\":true,\"valueName\":\"search_term_string\"}}],\"inLanguage\":\"en-US\"},{\"@type\":\"Organization\",\"@id\":\"https:\/\/justbuildit.eu\/en\/#organization\",\"name\":\"Just Build It O\u00dc\",\"url\":\"https:\/\/justbuildit.eu\/en\/\",\"logo\":{\"@type\":\"ImageObject\",\"inLanguage\":\"en-US\",\"@id\":\"https:\/\/justbuildit.eu\/en\/#\/schema\/logo\/image\/\",\"url\":\"https:\/\/justbuildit.eu\/wp-content\/uploads\/2022\/01\/justbuildit.png\",\"contentUrl\":\"https:\/\/justbuildit.eu\/wp-content\/uploads\/2022\/01\/justbuildit.png\",\"width\":173,\"height\":77,\"caption\":\"Just Build It O\u00dc\"},\"image\":{\"@id\":\"https:\/\/justbuildit.eu\/en\/#\/schema\/logo\/image\/\"},\"sameAs\":[\"https:\/\/www.facebook.com\/justbuildit.ee\"]}]}<\/script>\n<!-- \/ Yoast SEO Premium plugin. -->","yoast_head_json":{"title":"H\u00fcbriidhermeetik p\u00f5randavuukidele Floor Joint Hybrid 25hm 600ml hall - Ehituslahendused","robots":{"index":"index","follow":"follow","max-snippet":"max-snippet:-1","max-image-preview":"max-image-preview:large","max-video-preview":"max-video-preview:-1"},"canonical":"https:\/\/justbuildit.eu\/en\/pood\/tihendusmaterjalid\/hermeetikud-silikoonid-akruulid\/hubriidhermeetik-porandavuukidele-floor-joint-hybrid-25hm-600ml-hall\/","og_locale":"en_US","og_type":"article","og_title":"H\u00fcbriidhermeetik p\u00f5randavuukidele Floor Joint Hybrid 25hm 600ml hall","og_description":"V\u00c4\u00c4RTUSED","og_url":"https:\/\/justbuildit.eu\/en\/pood\/tihendusmaterjalid\/hermeetikud-silikoonid-akruulid\/hubriidhermeetik-porandavuukidele-floor-joint-hybrid-25hm-600ml-hall\/","og_site_name":"Ehituslahendused","article_publisher":"https:\/\/www.facebook.com\/justbuildit.ee","article_modified_time":"2026-04-11T09:02:41+00:00","og_image":[{"width":1612,"height":1580,"url":"https:\/\/justbuildit.eu\/wp-content\/uploads\/2025\/02\/117015.jpg","type":"image\/jpeg"}],"twitter_card":"summary_large_image","schema":{"@context":"https:\/\/schema.org","@graph":[{"@type":"WebPage","@id":"https:\/\/justbuildit.eu\/en\/pood\/tihendusmaterjalid\/hermeetikud-silikoonid-akruulid\/hubriidhermeetik-porandavuukidele-floor-joint-hybrid-25hm-600ml-hall\/","url":"https:\/\/justbuildit.eu\/en\/pood\/tihendusmaterjalid\/hermeetikud-silikoonid-akruulid\/hubriidhermeetik-porandavuukidele-floor-joint-hybrid-25hm-600ml-hall\/","name":"H\u00fcbriidhermeetik p\u00f5randavuukidele Floor Joint Hybrid 25hm 600ml hall - Ehituslahendused","isPartOf":{"@id":"https:\/\/justbuildit.eu\/en\/#website"},"primaryImageOfPage":{"@id":"https:\/\/justbuildit.eu\/en\/pood\/tihendusmaterjalid\/hermeetikud-silikoonid-akruulid\/hubriidhermeetik-porandavuukidele-floor-joint-hybrid-25hm-600ml-hall\/#primaryimage"},"image":{"@id":"https:\/\/justbuildit.eu\/en\/pood\/tihendusmaterjalid\/hermeetikud-silikoonid-akruulid\/hubriidhermeetik-porandavuukidele-floor-joint-hybrid-25hm-600ml-hall\/#primaryimage"},"thumbnailUrl":"https:\/\/justbuildit.eu\/wp-content\/uploads\/2025\/02\/117015.jpg","datePublished":"2025-02-23T06:04:18+00:00","dateModified":"2026-04-11T09:02:41+00:00","breadcrumb":{"@id":"https:\/\/justbuildit.eu\/en\/pood\/tihendusmaterjalid\/hermeetikud-silikoonid-akruulid\/hubriidhermeetik-porandavuukidele-floor-joint-hybrid-25hm-600ml-hall\/#breadcrumb"},"inLanguage":"en-US","potentialAction":[{"@type":"ReadAction","target":["https:\/\/justbuildit.eu\/en\/pood\/tihendusmaterjalid\/hermeetikud-silikoonid-akruulid\/hubriidhermeetik-porandavuukidele-floor-joint-hybrid-25hm-600ml-hall\/"]}]},{"@type":"ImageObject","inLanguage":"en-US","@id":"https:\/\/justbuildit.eu\/en\/pood\/tihendusmaterjalid\/hermeetikud-silikoonid-akruulid\/hubriidhermeetik-porandavuukidele-floor-joint-hybrid-25hm-600ml-hall\/#primaryimage","url":"https:\/\/justbuildit.eu\/wp-content\/uploads\/2025\/02\/117015.jpg","contentUrl":"https:\/\/justbuildit.eu\/wp-content\/uploads\/2025\/02\/117015.jpg","width":1612,"height":1580},{"@type":"BreadcrumbList","@id":"https:\/\/justbuildit.eu\/en\/pood\/tihendusmaterjalid\/hermeetikud-silikoonid-akruulid\/hubriidhermeetik-porandavuukidele-floor-joint-hybrid-25hm-600ml-hall\/#breadcrumb","itemListElement":[{"@type":"ListItem","position":1,"name":"Home","item":"https:\/\/justbuildit.eu\/en\/"},{"@type":"ListItem","position":2,"name":"Shop","item":"https:\/\/justbuildit.eu\/en\/building-materials\/"},{"@type":"ListItem","position":3,"name":"H\u00fcbriidhermeetik p\u00f5randavuukidele Floor Joint Hybrid 25hm 600ml hall"}]},{"@type":"WebSite","@id":"https:\/\/justbuildit.eu\/en\/#website","url":"https:\/\/justbuildit.eu\/en\/","name":"Ehituslahendused","description":"Ehituslahendused ja materjalid","publisher":{"@id":"https:\/\/justbuildit.eu\/en\/#organization"},"potentialAction":[{"@type":"SearchAction","target":{"@type":"EntryPoint","urlTemplate":"https:\/\/justbuildit.eu\/en\/?s={search_term_string}"},"query-input":{"@type":"PropertyValueSpecification","valueRequired":true,"valueName":"search_term_string"}}],"inLanguage":"en-US"},{"@type":"Organization","@id":"https:\/\/justbuildit.eu\/en\/#organization","name":"Just Build It O\u00dc","url":"https:\/\/justbuildit.eu\/en\/","logo":{"@type":"ImageObject","inLanguage":"en-US","@id":"https:\/\/justbuildit.eu\/en\/#\/schema\/logo\/image\/","url":"https:\/\/justbuildit.eu\/wp-content\/uploads\/2022\/01\/justbuildit.png","contentUrl":"https:\/\/justbuildit.eu\/wp-content\/uploads\/2022\/01\/justbuildit.png","width":173,"height":77,"caption":"Just Build It O\u00dc"},"image":{"@id":"https:\/\/justbuildit.eu\/en\/#\/schema\/logo\/image\/"},"sameAs":["https:\/\/www.facebook.com\/justbuildit.ee"]}]}},"_links":{"self":[{"href":"https:\/\/justbuildit.eu\/en\/wp-json\/wp\/v2\/product\/534331","targetHints":{"allow":["GET"]}}],"collection":[{"href":"https:\/\/justbuildit.eu\/en\/wp-json\/wp\/v2\/product"}],"about":[{"href":"https:\/\/justbuildit.eu\/en\/wp-json\/wp\/v2\/types\/product"}],"replies":[{"embeddable":true,"href":"https:\/\/justbuildit.eu\/en\/wp-json\/wp\/v2\/comments?post=534331"}],"wp:featuredmedia":[{"embeddable":true,"href":"https:\/\/justbuildit.eu\/en\/wp-json\/wp\/v2\/media\/534332"}],"wp:attachment":[{"href":"https:\/\/justbuildit.eu\/en\/wp-json\/wp\/v2\/media?parent=534331"}],"wp:term":[{"taxonomy":"product_brand","embeddable":true,"href":"https:\/\/justbuildit.eu\/en\/wp-json\/wp\/v2\/product_brand?post=534331"},{"taxonomy":"product_cat","embeddable":true,"href":"https:\/\/justbuildit.eu\/en\/wp-json\/wp\/v2\/product_cat?post=534331"},{"taxonomy":"product_tag","embeddable":true,"href":"https:\/\/justbuildit.eu\/en\/wp-json\/wp\/v2\/product_tag?post=534331"}],"curies":[{"name":"wp","href":"https:\/\/api.w.org\/{rel}","templated":true}]}}