{"id":534336,"date":"2025-02-23T09:05:29","date_gmt":"2025-02-23T06:05:29","guid":{"rendered":"https:\/\/justbuildit.eu\/?post_type=product&#038;p=534336"},"modified":"2026-04-11T12:02:41","modified_gmt":"2026-04-11T09:02:41","slug":"toostuslikud-puhastuslapid-cleaning-wipes-941","status":"publish","type":"product","link":"https:\/\/justbuildit.eu\/en\/pood\/puumarket\/toostuslikud-puhastuslapid-cleaning-wipes-941\/","title":{"rendered":"T\u00f6\u00f6stuslikud puhastuslapid Cleaning Wipes 941"},"content":{"rendered":"<p><b>TOOTEKIRJELDUS<\/b><\/p>\n<ul>\n<li>PENOSIL Cleaning Wipes 941 suured t\u00f6\u00f6stuslikud puhastuslapid v\u00e4rvi, liimi, \u00f5li, ehitusvahu, hermeetiku ja muude plekkide eemaldamiseks k\u00e4telt, t\u00f6\u00f6riistadelt ja muudelt pindadelt. Hoida +5\u00b0C kuni +30\u00b0C.<\/li>\n<\/ul>\n","protected":false},"excerpt":{"rendered":"<p><b>TOOTEKIRJELDUS<\/b><\/p>","protected":false},"featured_media":534337,"comment_status":"open","ping_status":"closed","template":"","meta":{"_acf_changed":false},"product_brand":[],"product_cat":[733,497],"product_tag":[],"class_list":{"0":"post-534336","1":"product","2":"type-product","3":"status-publish","4":"has-post-thumbnail","6":"product_cat-ehituskeemia","7":"product_cat-puumarket","9":"first","10":"outofstock","11":"shipping-taxable","12":"purchasable","13":"product-type-simple"},"acf":[],"yoast_head":"<!-- This site is optimized with the Yoast SEO Premium plugin v18.7 (Yoast SEO v26.5) - https:\/\/yoast.com\/wordpress\/plugins\/seo\/ -->\n<title>T\u00f6\u00f6stuslikud puhastuslapid Cleaning Wipes 941 - Ehituslahendused<\/title>\n<meta name=\"robots\" content=\"index, follow, max-snippet:-1, max-image-preview:large, max-video-preview:-1\" \/>\n<link rel=\"canonical\" href=\"https:\/\/justbuildit.eu\/en\/pood\/puumarket\/toostuslikud-puhastuslapid-cleaning-wipes-941\/\" \/>\n<meta property=\"og:locale\" content=\"en_US\" \/>\n<meta property=\"og:type\" content=\"article\" \/>\n<meta property=\"og:title\" content=\"T\u00f6\u00f6stuslikud puhastuslapid Cleaning Wipes 941\" \/>\n<meta property=\"og:description\" content=\"TOOTEKIRJELDUS\" \/>\n<meta property=\"og:url\" content=\"https:\/\/justbuildit.eu\/en\/pood\/puumarket\/toostuslikud-puhastuslapid-cleaning-wipes-941\/\" \/>\n<meta property=\"og:site_name\" content=\"Ehituslahendused\" \/>\n<meta property=\"article:publisher\" content=\"https:\/\/www.facebook.com\/justbuildit.ee\" \/>\n<meta property=\"article:modified_time\" content=\"2026-04-11T09:02:41+00:00\" \/>\n<meta property=\"og:image\" content=\"https:\/\/justbuildit.eu\/wp-content\/uploads\/2025\/02\/117026.jpg\" \/>\n\t<meta property=\"og:image:width\" content=\"1040\" \/>\n\t<meta property=\"og:image:height\" content=\"1048\" \/>\n\t<meta property=\"og:image:type\" content=\"image\/jpeg\" \/>\n<meta name=\"twitter:card\" content=\"summary_large_image\" \/>\n<script type=\"application\/ld+json\" class=\"yoast-schema-graph\">{\"@context\":\"https:\/\/schema.org\",\"@graph\":[{\"@type\":\"WebPage\",\"@id\":\"https:\/\/justbuildit.eu\/en\/pood\/puumarket\/toostuslikud-puhastuslapid-cleaning-wipes-941\/\",\"url\":\"https:\/\/justbuildit.eu\/en\/pood\/puumarket\/toostuslikud-puhastuslapid-cleaning-wipes-941\/\",\"name\":\"T\u00f6\u00f6stuslikud puhastuslapid Cleaning Wipes 941 - Ehituslahendused\",\"isPartOf\":{\"@id\":\"https:\/\/justbuildit.eu\/en\/#website\"},\"primaryImageOfPage\":{\"@id\":\"https:\/\/justbuildit.eu\/en\/pood\/puumarket\/toostuslikud-puhastuslapid-cleaning-wipes-941\/#primaryimage\"},\"image\":{\"@id\":\"https:\/\/justbuildit.eu\/en\/pood\/puumarket\/toostuslikud-puhastuslapid-cleaning-wipes-941\/#primaryimage\"},\"thumbnailUrl\":\"https:\/\/justbuildit.eu\/wp-content\/uploads\/2025\/02\/117026.jpg\",\"datePublished\":\"2025-02-23T06:05:29+00:00\",\"dateModified\":\"2026-04-11T09:02:41+00:00\",\"breadcrumb\":{\"@id\":\"https:\/\/justbuildit.eu\/en\/pood\/puumarket\/toostuslikud-puhastuslapid-cleaning-wipes-941\/#breadcrumb\"},\"inLanguage\":\"en-US\",\"potentialAction\":[{\"@type\":\"ReadAction\",\"target\":[\"https:\/\/justbuildit.eu\/en\/pood\/puumarket\/toostuslikud-puhastuslapid-cleaning-wipes-941\/\"]}]},{\"@type\":\"ImageObject\",\"inLanguage\":\"en-US\",\"@id\":\"https:\/\/justbuildit.eu\/en\/pood\/puumarket\/toostuslikud-puhastuslapid-cleaning-wipes-941\/#primaryimage\",\"url\":\"https:\/\/justbuildit.eu\/wp-content\/uploads\/2025\/02\/117026.jpg\",\"contentUrl\":\"https:\/\/justbuildit.eu\/wp-content\/uploads\/2025\/02\/117026.jpg\",\"width\":1040,\"height\":1048},{\"@type\":\"BreadcrumbList\",\"@id\":\"https:\/\/justbuildit.eu\/en\/pood\/puumarket\/toostuslikud-puhastuslapid-cleaning-wipes-941\/#breadcrumb\",\"itemListElement\":[{\"@type\":\"ListItem\",\"position\":1,\"name\":\"Home\",\"item\":\"https:\/\/justbuildit.eu\/en\/\"},{\"@type\":\"ListItem\",\"position\":2,\"name\":\"Shop\",\"item\":\"https:\/\/justbuildit.eu\/en\/building-materials\/\"},{\"@type\":\"ListItem\",\"position\":3,\"name\":\"T\u00f6\u00f6stuslikud puhastuslapid Cleaning Wipes 941\"}]},{\"@type\":\"WebSite\",\"@id\":\"https:\/\/justbuildit.eu\/en\/#website\",\"url\":\"https:\/\/justbuildit.eu\/en\/\",\"name\":\"Ehituslahendused\",\"description\":\"Ehituslahendused ja materjalid\",\"publisher\":{\"@id\":\"https:\/\/justbuildit.eu\/en\/#organization\"},\"potentialAction\":[{\"@type\":\"SearchAction\",\"target\":{\"@type\":\"EntryPoint\",\"urlTemplate\":\"https:\/\/justbuildit.eu\/en\/?s={search_term_string}\"},\"query-input\":{\"@type\":\"PropertyValueSpecification\",\"valueRequired\":true,\"valueName\":\"search_term_string\"}}],\"inLanguage\":\"en-US\"},{\"@type\":\"Organization\",\"@id\":\"https:\/\/justbuildit.eu\/en\/#organization\",\"name\":\"Just Build It O\u00dc\",\"url\":\"https:\/\/justbuildit.eu\/en\/\",\"logo\":{\"@type\":\"ImageObject\",\"inLanguage\":\"en-US\",\"@id\":\"https:\/\/justbuildit.eu\/en\/#\/schema\/logo\/image\/\",\"url\":\"https:\/\/justbuildit.eu\/wp-content\/uploads\/2022\/01\/justbuildit.png\",\"contentUrl\":\"https:\/\/justbuildit.eu\/wp-content\/uploads\/2022\/01\/justbuildit.png\",\"width\":173,\"height\":77,\"caption\":\"Just Build It O\u00dc\"},\"image\":{\"@id\":\"https:\/\/justbuildit.eu\/en\/#\/schema\/logo\/image\/\"},\"sameAs\":[\"https:\/\/www.facebook.com\/justbuildit.ee\"]}]}<\/script>\n<!-- \/ Yoast SEO Premium plugin. -->","yoast_head_json":{"title":"T\u00f6\u00f6stuslikud puhastuslapid Cleaning Wipes 941 - Ehituslahendused","robots":{"index":"index","follow":"follow","max-snippet":"max-snippet:-1","max-image-preview":"max-image-preview:large","max-video-preview":"max-video-preview:-1"},"canonical":"https:\/\/justbuildit.eu\/en\/pood\/puumarket\/toostuslikud-puhastuslapid-cleaning-wipes-941\/","og_locale":"en_US","og_type":"article","og_title":"T\u00f6\u00f6stuslikud puhastuslapid Cleaning Wipes 941","og_description":"TOOTEKIRJELDUS","og_url":"https:\/\/justbuildit.eu\/en\/pood\/puumarket\/toostuslikud-puhastuslapid-cleaning-wipes-941\/","og_site_name":"Ehituslahendused","article_publisher":"https:\/\/www.facebook.com\/justbuildit.ee","article_modified_time":"2026-04-11T09:02:41+00:00","og_image":[{"width":1040,"height":1048,"url":"https:\/\/justbuildit.eu\/wp-content\/uploads\/2025\/02\/117026.jpg","type":"image\/jpeg"}],"twitter_card":"summary_large_image","schema":{"@context":"https:\/\/schema.org","@graph":[{"@type":"WebPage","@id":"https:\/\/justbuildit.eu\/en\/pood\/puumarket\/toostuslikud-puhastuslapid-cleaning-wipes-941\/","url":"https:\/\/justbuildit.eu\/en\/pood\/puumarket\/toostuslikud-puhastuslapid-cleaning-wipes-941\/","name":"T\u00f6\u00f6stuslikud puhastuslapid Cleaning Wipes 941 - Ehituslahendused","isPartOf":{"@id":"https:\/\/justbuildit.eu\/en\/#website"},"primaryImageOfPage":{"@id":"https:\/\/justbuildit.eu\/en\/pood\/puumarket\/toostuslikud-puhastuslapid-cleaning-wipes-941\/#primaryimage"},"image":{"@id":"https:\/\/justbuildit.eu\/en\/pood\/puumarket\/toostuslikud-puhastuslapid-cleaning-wipes-941\/#primaryimage"},"thumbnailUrl":"https:\/\/justbuildit.eu\/wp-content\/uploads\/2025\/02\/117026.jpg","datePublished":"2025-02-23T06:05:29+00:00","dateModified":"2026-04-11T09:02:41+00:00","breadcrumb":{"@id":"https:\/\/justbuildit.eu\/en\/pood\/puumarket\/toostuslikud-puhastuslapid-cleaning-wipes-941\/#breadcrumb"},"inLanguage":"en-US","potentialAction":[{"@type":"ReadAction","target":["https:\/\/justbuildit.eu\/en\/pood\/puumarket\/toostuslikud-puhastuslapid-cleaning-wipes-941\/"]}]},{"@type":"ImageObject","inLanguage":"en-US","@id":"https:\/\/justbuildit.eu\/en\/pood\/puumarket\/toostuslikud-puhastuslapid-cleaning-wipes-941\/#primaryimage","url":"https:\/\/justbuildit.eu\/wp-content\/uploads\/2025\/02\/117026.jpg","contentUrl":"https:\/\/justbuildit.eu\/wp-content\/uploads\/2025\/02\/117026.jpg","width":1040,"height":1048},{"@type":"BreadcrumbList","@id":"https:\/\/justbuildit.eu\/en\/pood\/puumarket\/toostuslikud-puhastuslapid-cleaning-wipes-941\/#breadcrumb","itemListElement":[{"@type":"ListItem","position":1,"name":"Home","item":"https:\/\/justbuildit.eu\/en\/"},{"@type":"ListItem","position":2,"name":"Shop","item":"https:\/\/justbuildit.eu\/en\/building-materials\/"},{"@type":"ListItem","position":3,"name":"T\u00f6\u00f6stuslikud puhastuslapid Cleaning Wipes 941"}]},{"@type":"WebSite","@id":"https:\/\/justbuildit.eu\/en\/#website","url":"https:\/\/justbuildit.eu\/en\/","name":"Ehituslahendused","description":"Ehituslahendused ja materjalid","publisher":{"@id":"https:\/\/justbuildit.eu\/en\/#organization"},"potentialAction":[{"@type":"SearchAction","target":{"@type":"EntryPoint","urlTemplate":"https:\/\/justbuildit.eu\/en\/?s={search_term_string}"},"query-input":{"@type":"PropertyValueSpecification","valueRequired":true,"valueName":"search_term_string"}}],"inLanguage":"en-US"},{"@type":"Organization","@id":"https:\/\/justbuildit.eu\/en\/#organization","name":"Just Build It O\u00dc","url":"https:\/\/justbuildit.eu\/en\/","logo":{"@type":"ImageObject","inLanguage":"en-US","@id":"https:\/\/justbuildit.eu\/en\/#\/schema\/logo\/image\/","url":"https:\/\/justbuildit.eu\/wp-content\/uploads\/2022\/01\/justbuildit.png","contentUrl":"https:\/\/justbuildit.eu\/wp-content\/uploads\/2022\/01\/justbuildit.png","width":173,"height":77,"caption":"Just Build It O\u00dc"},"image":{"@id":"https:\/\/justbuildit.eu\/en\/#\/schema\/logo\/image\/"},"sameAs":["https:\/\/www.facebook.com\/justbuildit.ee"]}]}},"_links":{"self":[{"href":"https:\/\/justbuildit.eu\/en\/wp-json\/wp\/v2\/product\/534336","targetHints":{"allow":["GET"]}}],"collection":[{"href":"https:\/\/justbuildit.eu\/en\/wp-json\/wp\/v2\/product"}],"about":[{"href":"https:\/\/justbuildit.eu\/en\/wp-json\/wp\/v2\/types\/product"}],"replies":[{"embeddable":true,"href":"https:\/\/justbuildit.eu\/en\/wp-json\/wp\/v2\/comments?post=534336"}],"wp:featuredmedia":[{"embeddable":true,"href":"https:\/\/justbuildit.eu\/en\/wp-json\/wp\/v2\/media\/534337"}],"wp:attachment":[{"href":"https:\/\/justbuildit.eu\/en\/wp-json\/wp\/v2\/media?parent=534336"}],"wp:term":[{"taxonomy":"product_brand","embeddable":true,"href":"https:\/\/justbuildit.eu\/en\/wp-json\/wp\/v2\/product_brand?post=534336"},{"taxonomy":"product_cat","embeddable":true,"href":"https:\/\/justbuildit.eu\/en\/wp-json\/wp\/v2\/product_cat?post=534336"},{"taxonomy":"product_tag","embeddable":true,"href":"https:\/\/justbuildit.eu\/en\/wp-json\/wp\/v2\/product_tag?post=534336"}],"curies":[{"name":"wp","href":"https:\/\/api.w.org\/{rel}","templated":true}]}}