{"id":534340,"date":"2025-02-23T09:06:22","date_gmt":"2025-02-23T06:06:22","guid":{"rendered":"https:\/\/justbuildit.eu\/?post_type=product&#038;p=534340"},"modified":"2026-04-18T12:02:41","modified_gmt":"2026-04-18T09:02:41","slug":"professionaalne-hermeetikupustol-sealant-manual-gun-ph1-310ml","status":"publish","type":"product","link":"https:\/\/justbuildit.eu\/en\/pood\/tooriistad\/kasitooriistad\/professionaalne-hermeetikupustol-sealant-manual-gun-ph1-310ml\/","title":{"rendered":"Professionaalne hermeetikup\u00fcstol Sealant Manual Gun PH1 310ml"},"content":{"rendered":"<p><b>TOOTEKIRJELDUS<\/b><br \/>\n<UL><br \/>\n<LI>PENOSIL Sealant Manual Gun v\u00e4ga tugev ja vastupidav professionaalne k\u00e4sip\u00fcstol 310 ml padrunite jaoks (silikoonid, liimid ja mastiksid). V\u00f5ib kasutada nii plastist kui ka alumiiniumist padrunitega.<\/LI><br \/>\n<\/UL><br \/>\n<b>TOOTE V\u00c4\u00c4RTUSED<\/b><br \/>\n<UL><br \/>\n<LI>Karastatud materjalist varras ja suruplaat muudavad p\u00fcstoli igasuguste padruntoodete jaoks piisavalt tugevaks.<\/LI><br \/>\n<LI>T\u00f5hus hammas\u00fclekande abil langetamine v\u00e4hendab tunduvalt s\u00f5rmede koormust.<\/LI><br \/>\n<LI>Tilgavaba s\u00fcsteem, mida saab materjali tilkumise v\u00e4ltimiseks sisse\/v\u00e4lja l\u00fclitada.<\/LI><br \/>\n<LI>K\u00e4epide ja konks on kummiga kaetud.<\/LI><br \/>\n<LI>Hoiab toodet tugevasti ning v\u00e4ljastab sujuvalt ja h\u00f5lpsasti kontrollitava ribana.<\/LI><br \/>\n<LI>P\u00f6\u00f6rlev raam.<\/LI><br \/>\n<LI>Suruj\u00f5ud kuni 15 bar.<\/LI><br \/>\n<LI>Kaal 760 g.<\/LI><br \/>\n<LI>Igat t\u00fc\u00fcpi padrunite keskkonnahoidlik ja s\u00e4\u00e4stlik kasutamine.<\/LI><br \/>\n<LI>Hermeetikute ja liimide kiire, lihtne ja ohutu pinnalekandmine ka suuremahulistel t\u00f6\u00f6del. <\/LI><br \/>\n<LI>Materjali s\u00e4\u00e4stlik kasutamine t\u00e4nu t\u00e4psele annustamisele.<\/LI><br \/>\n<\/UL><\/p>\n","protected":false},"excerpt":{"rendered":"<p><b>TOOTEKIRJELDUS<\/b><br \/>\n<UL><br \/>\n<LI>PENOSIL Sealant Manual Gun v\u00e4ga tugev ja vastupidav professionaalne k\u00e4sip\u00fcstol 310 ml padrunite jaoks (silikoonid, liimid ja mastiksid). V\u00f5ib kasutada nii plastist kui ka alumiiniumist padrunitega.<\/LI><br \/>\n<\/UL><br \/>\n<b>TOOTE V\u00c4\u00c4RTUSED<\/b><br \/>\n<UL><br \/>\n<LI>Karastatud materjalist varras ja suruplaat muudavad p\u00fcstoli igasuguste padruntoodete jaoks piisavalt tugevaks.<\/LI><br \/>\n<LI>T\u00f5hus hammas\u00fclekande abil langetamine v\u00e4hendab tunduvalt s\u00f5rmede koormust.<\/LI><br \/>\n<LI>Tilgavaba s\u00fcsteem, mida saab materjali tilkumise v\u00e4ltimiseks sisse\/v\u00e4lja l\u00fclitada.<\/LI><br \/>\n<LI>K\u00e4epide ja konks on kummiga kaetud.<\/LI><br \/>\n<LI>Hoiab toodet tugevasti ning v\u00e4ljastab sujuvalt ja h\u00f5lpsasti kontrollitava ribana.<\/LI><br \/>\n<LI>P\u00f6\u00f6rlev raam.<\/LI><br \/>\n<LI>Suruj\u00f5ud kuni 15 bar.<\/LI><br \/>\n<LI>Kaal 760 g.<\/LI><br \/>\n<LI>Igat t\u00fc\u00fcpi padrunite keskkonnahoidlik ja s\u00e4\u00e4stlik kasutamine.<\/LI><br \/>\n<LI>Hermeetikute ja liimide kiire, lihtne ja ohutu pinnalekandmine ka suuremahulistel t\u00f6\u00f6del. <\/LI><br \/>\n<LI>Materjali s\u00e4\u00e4stlik kasutamine t\u00e4nu t\u00e4psele annustamisele.<\/LI><br \/>\n<\/UL><\/p>","protected":false},"featured_media":534341,"comment_status":"open","ping_status":"closed","template":"","meta":{"_acf_changed":false},"product_brand":[],"product_cat":[114,497],"product_tag":[],"class_list":{"0":"post-534340","1":"product","2":"type-product","3":"status-publish","4":"has-post-thumbnail","6":"product_cat-kasitooriistad","7":"product_cat-puumarket","9":"first","10":"instock","11":"shipping-taxable","12":"purchasable","13":"product-type-simple"},"acf":[],"yoast_head":"<!-- This site is optimized with the Yoast SEO Premium plugin v18.7 (Yoast SEO v26.5) - https:\/\/yoast.com\/wordpress\/plugins\/seo\/ -->\n<title>Professionaalne hermeetikup\u00fcstol Sealant Manual Gun PH1 310ml - Ehituslahendused<\/title>\n<meta name=\"robots\" content=\"index, follow, max-snippet:-1, max-image-preview:large, max-video-preview:-1\" \/>\n<link rel=\"canonical\" href=\"https:\/\/justbuildit.eu\/en\/pood\/tooriistad\/kasitooriistad\/professionaalne-hermeetikupustol-sealant-manual-gun-ph1-310ml\/\" \/>\n<meta property=\"og:locale\" content=\"en_US\" \/>\n<meta property=\"og:type\" content=\"article\" \/>\n<meta property=\"og:title\" content=\"Professionaalne hermeetikup\u00fcstol Sealant Manual Gun PH1 310ml\" \/>\n<meta property=\"og:description\" content=\"TOOTEKIRJELDUS PENOSIL Sealant Manual Gun v\u00e4ga tugev ja vastupidav professionaalne k\u00e4sip\u00fcstol 310 ml padrunite jaoks (silikoonid, liimid ja mastiksid). V\u00f5ib kasutada nii plastist kui ka alumiiniumist padrunitega. TOOTE V\u00c4\u00c4RTUSED Karastatud materjalist varras ja suruplaat muudavad p\u00fcstoli igasuguste padruntoodete jaoks piisavalt tugevaks. T\u00f5hus hammas\u00fclekande abil langetamine v\u00e4hendab tunduvalt s\u00f5rmede koormust. Tilgavaba s\u00fcsteem, mida saab materjali tilkumise v\u00e4ltimiseks sisse\/v\u00e4lja l\u00fclitada. K\u00e4epide ja konks on kummiga kaetud. Hoiab toodet tugevasti ning v\u00e4ljastab sujuvalt ja h\u00f5lpsasti kontrollitava ribana. P\u00f6\u00f6rlev raam. Suruj\u00f5ud kuni 15 bar. Kaal 760 g. Igat t\u00fc\u00fcpi padrunite keskkonnahoidlik ja s\u00e4\u00e4stlik kasutamine. Hermeetikute ja liimide kiire, lihtne ja ohutu pinnalekandmine ka suuremahulistel t\u00f6\u00f6del. Materjali s\u00e4\u00e4stlik kasutamine t\u00e4nu t\u00e4psele annustamisele.\" \/>\n<meta property=\"og:url\" content=\"https:\/\/justbuildit.eu\/en\/pood\/tooriistad\/kasitooriistad\/professionaalne-hermeetikupustol-sealant-manual-gun-ph1-310ml\/\" \/>\n<meta property=\"og:site_name\" content=\"Ehituslahendused\" \/>\n<meta property=\"article:publisher\" content=\"https:\/\/www.facebook.com\/justbuildit.ee\" \/>\n<meta property=\"article:modified_time\" content=\"2026-04-18T09:02:41+00:00\" \/>\n<meta property=\"og:image\" content=\"https:\/\/justbuildit.eu\/wp-content\/uploads\/2025\/02\/117025.jpg\" \/>\n\t<meta property=\"og:image:width\" content=\"2036\" \/>\n\t<meta property=\"og:image:height\" content=\"2036\" \/>\n\t<meta property=\"og:image:type\" content=\"image\/jpeg\" \/>\n<meta name=\"twitter:card\" content=\"summary_large_image\" \/>\n<script type=\"application\/ld+json\" class=\"yoast-schema-graph\">{\"@context\":\"https:\/\/schema.org\",\"@graph\":[{\"@type\":\"WebPage\",\"@id\":\"https:\/\/justbuildit.eu\/en\/pood\/tooriistad\/kasitooriistad\/professionaalne-hermeetikupustol-sealant-manual-gun-ph1-310ml\/\",\"url\":\"https:\/\/justbuildit.eu\/en\/pood\/tooriistad\/kasitooriistad\/professionaalne-hermeetikupustol-sealant-manual-gun-ph1-310ml\/\",\"name\":\"Professionaalne hermeetikup\u00fcstol Sealant Manual Gun PH1 310ml - Ehituslahendused\",\"isPartOf\":{\"@id\":\"https:\/\/justbuildit.eu\/en\/#website\"},\"primaryImageOfPage\":{\"@id\":\"https:\/\/justbuildit.eu\/en\/pood\/tooriistad\/kasitooriistad\/professionaalne-hermeetikupustol-sealant-manual-gun-ph1-310ml\/#primaryimage\"},\"image\":{\"@id\":\"https:\/\/justbuildit.eu\/en\/pood\/tooriistad\/kasitooriistad\/professionaalne-hermeetikupustol-sealant-manual-gun-ph1-310ml\/#primaryimage\"},\"thumbnailUrl\":\"https:\/\/justbuildit.eu\/wp-content\/uploads\/2025\/02\/117025.jpg\",\"datePublished\":\"2025-02-23T06:06:22+00:00\",\"dateModified\":\"2026-04-18T09:02:41+00:00\",\"breadcrumb\":{\"@id\":\"https:\/\/justbuildit.eu\/en\/pood\/tooriistad\/kasitooriistad\/professionaalne-hermeetikupustol-sealant-manual-gun-ph1-310ml\/#breadcrumb\"},\"inLanguage\":\"en-US\",\"potentialAction\":[{\"@type\":\"ReadAction\",\"target\":[\"https:\/\/justbuildit.eu\/en\/pood\/tooriistad\/kasitooriistad\/professionaalne-hermeetikupustol-sealant-manual-gun-ph1-310ml\/\"]}]},{\"@type\":\"ImageObject\",\"inLanguage\":\"en-US\",\"@id\":\"https:\/\/justbuildit.eu\/en\/pood\/tooriistad\/kasitooriistad\/professionaalne-hermeetikupustol-sealant-manual-gun-ph1-310ml\/#primaryimage\",\"url\":\"https:\/\/justbuildit.eu\/wp-content\/uploads\/2025\/02\/117025.jpg\",\"contentUrl\":\"https:\/\/justbuildit.eu\/wp-content\/uploads\/2025\/02\/117025.jpg\",\"width\":2036,\"height\":2036},{\"@type\":\"BreadcrumbList\",\"@id\":\"https:\/\/justbuildit.eu\/en\/pood\/tooriistad\/kasitooriistad\/professionaalne-hermeetikupustol-sealant-manual-gun-ph1-310ml\/#breadcrumb\",\"itemListElement\":[{\"@type\":\"ListItem\",\"position\":1,\"name\":\"Home\",\"item\":\"https:\/\/justbuildit.eu\/en\/\"},{\"@type\":\"ListItem\",\"position\":2,\"name\":\"Shop\",\"item\":\"https:\/\/justbuildit.eu\/en\/building-materials\/\"},{\"@type\":\"ListItem\",\"position\":3,\"name\":\"Professionaalne hermeetikup\u00fcstol Sealant Manual Gun PH1 310ml\"}]},{\"@type\":\"WebSite\",\"@id\":\"https:\/\/justbuildit.eu\/en\/#website\",\"url\":\"https:\/\/justbuildit.eu\/en\/\",\"name\":\"Ehituslahendused\",\"description\":\"Ehituslahendused ja materjalid\",\"publisher\":{\"@id\":\"https:\/\/justbuildit.eu\/en\/#organization\"},\"potentialAction\":[{\"@type\":\"SearchAction\",\"target\":{\"@type\":\"EntryPoint\",\"urlTemplate\":\"https:\/\/justbuildit.eu\/en\/?s={search_term_string}\"},\"query-input\":{\"@type\":\"PropertyValueSpecification\",\"valueRequired\":true,\"valueName\":\"search_term_string\"}}],\"inLanguage\":\"en-US\"},{\"@type\":\"Organization\",\"@id\":\"https:\/\/justbuildit.eu\/en\/#organization\",\"name\":\"Just Build It O\u00dc\",\"url\":\"https:\/\/justbuildit.eu\/en\/\",\"logo\":{\"@type\":\"ImageObject\",\"inLanguage\":\"en-US\",\"@id\":\"https:\/\/justbuildit.eu\/en\/#\/schema\/logo\/image\/\",\"url\":\"https:\/\/justbuildit.eu\/wp-content\/uploads\/2022\/01\/justbuildit.png\",\"contentUrl\":\"https:\/\/justbuildit.eu\/wp-content\/uploads\/2022\/01\/justbuildit.png\",\"width\":173,\"height\":77,\"caption\":\"Just Build It O\u00dc\"},\"image\":{\"@id\":\"https:\/\/justbuildit.eu\/en\/#\/schema\/logo\/image\/\"},\"sameAs\":[\"https:\/\/www.facebook.com\/justbuildit.ee\"]}]}<\/script>\n<!-- \/ Yoast SEO Premium plugin. -->","yoast_head_json":{"title":"Professionaalne hermeetikup\u00fcstol Sealant Manual Gun PH1 310ml - Ehituslahendused","robots":{"index":"index","follow":"follow","max-snippet":"max-snippet:-1","max-image-preview":"max-image-preview:large","max-video-preview":"max-video-preview:-1"},"canonical":"https:\/\/justbuildit.eu\/en\/pood\/tooriistad\/kasitooriistad\/professionaalne-hermeetikupustol-sealant-manual-gun-ph1-310ml\/","og_locale":"en_US","og_type":"article","og_title":"Professionaalne hermeetikup\u00fcstol Sealant Manual Gun PH1 310ml","og_description":"TOOTEKIRJELDUS PENOSIL Sealant Manual Gun v\u00e4ga tugev ja vastupidav professionaalne k\u00e4sip\u00fcstol 310 ml padrunite jaoks (silikoonid, liimid ja mastiksid). V\u00f5ib kasutada nii plastist kui ka alumiiniumist padrunitega. TOOTE V\u00c4\u00c4RTUSED Karastatud materjalist varras ja suruplaat muudavad p\u00fcstoli igasuguste padruntoodete jaoks piisavalt tugevaks. T\u00f5hus hammas\u00fclekande abil langetamine v\u00e4hendab tunduvalt s\u00f5rmede koormust. Tilgavaba s\u00fcsteem, mida saab materjali tilkumise v\u00e4ltimiseks sisse\/v\u00e4lja l\u00fclitada. K\u00e4epide ja konks on kummiga kaetud. Hoiab toodet tugevasti ning v\u00e4ljastab sujuvalt ja h\u00f5lpsasti kontrollitava ribana. P\u00f6\u00f6rlev raam. Suruj\u00f5ud kuni 15 bar. Kaal 760 g. Igat t\u00fc\u00fcpi padrunite keskkonnahoidlik ja s\u00e4\u00e4stlik kasutamine. Hermeetikute ja liimide kiire, lihtne ja ohutu pinnalekandmine ka suuremahulistel t\u00f6\u00f6del. Materjali s\u00e4\u00e4stlik kasutamine t\u00e4nu t\u00e4psele annustamisele.","og_url":"https:\/\/justbuildit.eu\/en\/pood\/tooriistad\/kasitooriistad\/professionaalne-hermeetikupustol-sealant-manual-gun-ph1-310ml\/","og_site_name":"Ehituslahendused","article_publisher":"https:\/\/www.facebook.com\/justbuildit.ee","article_modified_time":"2026-04-18T09:02:41+00:00","og_image":[{"width":2036,"height":2036,"url":"https:\/\/justbuildit.eu\/wp-content\/uploads\/2025\/02\/117025.jpg","type":"image\/jpeg"}],"twitter_card":"summary_large_image","schema":{"@context":"https:\/\/schema.org","@graph":[{"@type":"WebPage","@id":"https:\/\/justbuildit.eu\/en\/pood\/tooriistad\/kasitooriistad\/professionaalne-hermeetikupustol-sealant-manual-gun-ph1-310ml\/","url":"https:\/\/justbuildit.eu\/en\/pood\/tooriistad\/kasitooriistad\/professionaalne-hermeetikupustol-sealant-manual-gun-ph1-310ml\/","name":"Professionaalne hermeetikup\u00fcstol Sealant Manual Gun PH1 310ml - Ehituslahendused","isPartOf":{"@id":"https:\/\/justbuildit.eu\/en\/#website"},"primaryImageOfPage":{"@id":"https:\/\/justbuildit.eu\/en\/pood\/tooriistad\/kasitooriistad\/professionaalne-hermeetikupustol-sealant-manual-gun-ph1-310ml\/#primaryimage"},"image":{"@id":"https:\/\/justbuildit.eu\/en\/pood\/tooriistad\/kasitooriistad\/professionaalne-hermeetikupustol-sealant-manual-gun-ph1-310ml\/#primaryimage"},"thumbnailUrl":"https:\/\/justbuildit.eu\/wp-content\/uploads\/2025\/02\/117025.jpg","datePublished":"2025-02-23T06:06:22+00:00","dateModified":"2026-04-18T09:02:41+00:00","breadcrumb":{"@id":"https:\/\/justbuildit.eu\/en\/pood\/tooriistad\/kasitooriistad\/professionaalne-hermeetikupustol-sealant-manual-gun-ph1-310ml\/#breadcrumb"},"inLanguage":"en-US","potentialAction":[{"@type":"ReadAction","target":["https:\/\/justbuildit.eu\/en\/pood\/tooriistad\/kasitooriistad\/professionaalne-hermeetikupustol-sealant-manual-gun-ph1-310ml\/"]}]},{"@type":"ImageObject","inLanguage":"en-US","@id":"https:\/\/justbuildit.eu\/en\/pood\/tooriistad\/kasitooriistad\/professionaalne-hermeetikupustol-sealant-manual-gun-ph1-310ml\/#primaryimage","url":"https:\/\/justbuildit.eu\/wp-content\/uploads\/2025\/02\/117025.jpg","contentUrl":"https:\/\/justbuildit.eu\/wp-content\/uploads\/2025\/02\/117025.jpg","width":2036,"height":2036},{"@type":"BreadcrumbList","@id":"https:\/\/justbuildit.eu\/en\/pood\/tooriistad\/kasitooriistad\/professionaalne-hermeetikupustol-sealant-manual-gun-ph1-310ml\/#breadcrumb","itemListElement":[{"@type":"ListItem","position":1,"name":"Home","item":"https:\/\/justbuildit.eu\/en\/"},{"@type":"ListItem","position":2,"name":"Shop","item":"https:\/\/justbuildit.eu\/en\/building-materials\/"},{"@type":"ListItem","position":3,"name":"Professionaalne hermeetikup\u00fcstol Sealant Manual Gun PH1 310ml"}]},{"@type":"WebSite","@id":"https:\/\/justbuildit.eu\/en\/#website","url":"https:\/\/justbuildit.eu\/en\/","name":"Ehituslahendused","description":"Ehituslahendused ja materjalid","publisher":{"@id":"https:\/\/justbuildit.eu\/en\/#organization"},"potentialAction":[{"@type":"SearchAction","target":{"@type":"EntryPoint","urlTemplate":"https:\/\/justbuildit.eu\/en\/?s={search_term_string}"},"query-input":{"@type":"PropertyValueSpecification","valueRequired":true,"valueName":"search_term_string"}}],"inLanguage":"en-US"},{"@type":"Organization","@id":"https:\/\/justbuildit.eu\/en\/#organization","name":"Just Build It O\u00dc","url":"https:\/\/justbuildit.eu\/en\/","logo":{"@type":"ImageObject","inLanguage":"en-US","@id":"https:\/\/justbuildit.eu\/en\/#\/schema\/logo\/image\/","url":"https:\/\/justbuildit.eu\/wp-content\/uploads\/2022\/01\/justbuildit.png","contentUrl":"https:\/\/justbuildit.eu\/wp-content\/uploads\/2022\/01\/justbuildit.png","width":173,"height":77,"caption":"Just Build It O\u00dc"},"image":{"@id":"https:\/\/justbuildit.eu\/en\/#\/schema\/logo\/image\/"},"sameAs":["https:\/\/www.facebook.com\/justbuildit.ee"]}]}},"_links":{"self":[{"href":"https:\/\/justbuildit.eu\/en\/wp-json\/wp\/v2\/product\/534340","targetHints":{"allow":["GET"]}}],"collection":[{"href":"https:\/\/justbuildit.eu\/en\/wp-json\/wp\/v2\/product"}],"about":[{"href":"https:\/\/justbuildit.eu\/en\/wp-json\/wp\/v2\/types\/product"}],"replies":[{"embeddable":true,"href":"https:\/\/justbuildit.eu\/en\/wp-json\/wp\/v2\/comments?post=534340"}],"wp:featuredmedia":[{"embeddable":true,"href":"https:\/\/justbuildit.eu\/en\/wp-json\/wp\/v2\/media\/534341"}],"wp:attachment":[{"href":"https:\/\/justbuildit.eu\/en\/wp-json\/wp\/v2\/media?parent=534340"}],"wp:term":[{"taxonomy":"product_brand","embeddable":true,"href":"https:\/\/justbuildit.eu\/en\/wp-json\/wp\/v2\/product_brand?post=534340"},{"taxonomy":"product_cat","embeddable":true,"href":"https:\/\/justbuildit.eu\/en\/wp-json\/wp\/v2\/product_cat?post=534340"},{"taxonomy":"product_tag","embeddable":true,"href":"https:\/\/justbuildit.eu\/en\/wp-json\/wp\/v2\/product_tag?post=534340"}],"curies":[{"name":"wp","href":"https:\/\/api.w.org\/{rel}","templated":true}]}}