{"id":534344,"date":"2025-02-23T09:07:31","date_gmt":"2025-02-23T06:07:31","guid":{"rendered":"https:\/\/justbuildit.eu\/?post_type=product&#038;p=534344"},"modified":"2026-04-11T12:02:40","modified_gmt":"2026-04-11T09:02:40","slug":"liim-membranefix-629-290ml","status":"publish","type":"product","link":"https:\/\/justbuildit.eu\/en\/pood\/liimid\/liim-membranefix-629-290ml\/","title":{"rendered":"Liim MembraneFix 629 290ml"},"content":{"rendered":"<p><b>TOOTEKIRJELDUS<\/b><\/p>\n<ul>\n<li>PENOSIL MembraneFix 629 on \u00fchekomponentne akr\u00fc\u00fclpol\u00fcmeeridel p\u00f5hinev liim mitmesuguste membraanide liimimiseks. Membraaniliimi eeliseks on nakkumine pindadega, mille korral muud liimid v\u00f5i teibid ei toimi.<\/li>\n<\/ul>\n<p><b>V\u00c4\u00c4RTUSED<\/b><\/p>\n<ul>\n<LI>Nakkub k\u00f5igi aurut\u00f5kkemembraanidega<\/LI><br \/>\n<LI>Moodustab t\u00e4iesti \u00f5hukindla \u00fchenduse<\/LI><br \/>\n<LI>P\u00fcsivalt nakkuv ja elastne<\/LI><\/p>\n<li>Tardumisest annab m\u00e4rku v\u00e4rvimuutus<\/li>\n<li>Mittevalguv<\/li>\n<\/ul>\n<p><b>KASUTUSALAD<\/b><\/p>\n<ul>\n<LI>Aurut\u00f5kkemembraanide, fooliumi ja sarnaste materjalide liimimine m\u00fc\u00fcritise,<br \/>\nvillaplaatide k\u00fclge. Seda on vaja peamiselt lagede ja<br \/>\naurut\u00f5kkemembraanide \u00fchenduskohtades.<\/LI><br \/>\n<LI>Kohad, kus aurut\u00f5kkemembraanid liituvad teiste materjalidega<\/LI><br \/>\n<LI>Liimi v\u00f5ib kasutada tolmukaitsekatete paigaldamiseks ja \u00fchendamiseks, kuid tuleb arvesse v\u00f5tta, et tardunud liimi on raske eemaldada<\/LI>\n<\/ul>\n<p><b>NAKKUVUS<\/b><\/p>\n<ul>\n<LI>PE, PP, PA<\/LI><br \/>\n<LI>M\u00fc\u00fcritis<\/LI><br \/>\n<LI>Krohv, kips<\/LI><br \/>\n<LI>Puit<\/LI><br \/>\n<LI>Metall<\/LI><br \/>\n<LI>Erinevad aurut\u00f5kked<\/LI>\n<\/ul>\n<p><b>KASUTUSJUHISED<\/b><\/p>\n<ul>\nPinnad peavad olema kuivad ning puhtad tolmust, lahtistest osakestest ja \u00f5list. Mittepoorseid pindu tuleb puhastada lahusti ja puhta ebemevaba puuvillase lapiga. Lahustij\u00e4\u00e4gid tuleb enne aurustumist eemaldada<br \/>\npuhta lapiga.<\/p>\n<p>Poorsete pindade ja aurut\u00f5kkemembraani liimimisel tuleb liim kanda pinnale, mis on poorsem, ja suruda aurut\u00f5kkemembraan tihedalt liimile. Kiirema kohese \u00fchenduse saavutamiseks tuleks lasta liimiga kaetud<br \/>\npinnal kuivada, kuni see muutub tumedamaks ja pinnale moodustub kleepuv kilekiht. Seej\u00e4rel v\u00f5ib pinnad kokku suruda. Aurut\u00f5kkemembraane saab ka omavahel \u00fchendada. Selleks tuleks kasutada kontaktliimimist, st liimitavad pinnad tuleb kokku suruda ja seej\u00e4rel lahti v\u00f5tta. Pinnad saab uuesti \u00fchendada, kui liim on muutunud tumedamaks ja pinnale on moodustunud kuiv kile. J\u00e4tke aurut\u00f5kkemembraan piisavalt l\u00f5dvaks, et v\u00e4ltida<br \/>\ntarindi liikumisest tulenevaid v\u00f5imalikke pingeid, mis v\u00f5ivad p\u00f5hjustada membraani v\u00f5i liimiliite rebenemise. Villamati puhul saab liimipinna moodustamiseks kanda matile esmalt \u00f5hukese \u00fchtlase liimikihi. P\u00e4rast liimi<br \/>\ntumedamaks muutumist kleepuvad teibid, aurut\u00f5kkemembraanid ja muud sarnased materjalid sellele palju paremini. Liimi l\u00f5plik tardumine v\u00f5tab kauem aega ja selline liimimislahendus eeldab, et liim\u00fchendusele ei<br \/>\nrakendata (lisa-)koormust.<\/p>\n<p>Pinna tardumata liimist puhastamiseks kasutage vett v\u00f5i puhastuslappe PENOSIL Cleaning Wipes. Tardunud liimi saab eemaldada mehaaniliselt.<\/ul>\n","protected":false},"excerpt":{"rendered":"<p><b>TOOTEKIRJELDUS<\/b><\/p>","protected":false},"featured_media":534345,"comment_status":"open","ping_status":"closed","template":"","meta":{"_acf_changed":false},"product_brand":[],"product_cat":[89,497],"product_tag":[],"class_list":{"0":"post-534344","1":"product","2":"type-product","3":"status-publish","4":"has-post-thumbnail","6":"product_cat-liimid","7":"product_cat-puumarket","9":"first","10":"instock","11":"shipping-taxable","12":"purchasable","13":"product-type-simple"},"acf":[],"yoast_head":"<!-- This site is optimized with the Yoast SEO Premium plugin v18.7 (Yoast SEO v26.5) - https:\/\/yoast.com\/wordpress\/plugins\/seo\/ -->\n<title>Liim MembraneFix 629 290ml - Ehituslahendused<\/title>\n<meta name=\"robots\" content=\"index, follow, max-snippet:-1, max-image-preview:large, max-video-preview:-1\" \/>\n<link rel=\"canonical\" href=\"https:\/\/justbuildit.eu\/en\/pood\/liimid\/liim-membranefix-629-290ml\/\" \/>\n<meta property=\"og:locale\" content=\"en_US\" \/>\n<meta property=\"og:type\" content=\"article\" \/>\n<meta property=\"og:title\" content=\"Liim MembraneFix 629 290ml\" \/>\n<meta property=\"og:description\" content=\"TOOTEKIRJELDUS\" \/>\n<meta property=\"og:url\" content=\"https:\/\/justbuildit.eu\/en\/pood\/liimid\/liim-membranefix-629-290ml\/\" \/>\n<meta property=\"og:site_name\" content=\"Ehituslahendused\" \/>\n<meta property=\"article:publisher\" content=\"https:\/\/www.facebook.com\/justbuildit.ee\" \/>\n<meta property=\"article:modified_time\" content=\"2026-04-11T09:02:40+00:00\" \/>\n<meta property=\"og:image\" content=\"https:\/\/justbuildit.eu\/wp-content\/uploads\/2025\/02\/117022.jpg\" \/>\n\t<meta property=\"og:image:width\" content=\"1612\" \/>\n\t<meta property=\"og:image:height\" content=\"1580\" \/>\n\t<meta property=\"og:image:type\" content=\"image\/jpeg\" \/>\n<meta name=\"twitter:card\" content=\"summary_large_image\" \/>\n<script type=\"application\/ld+json\" class=\"yoast-schema-graph\">{\"@context\":\"https:\/\/schema.org\",\"@graph\":[{\"@type\":\"WebPage\",\"@id\":\"https:\/\/justbuildit.eu\/en\/pood\/liimid\/liim-membranefix-629-290ml\/\",\"url\":\"https:\/\/justbuildit.eu\/en\/pood\/liimid\/liim-membranefix-629-290ml\/\",\"name\":\"Liim MembraneFix 629 290ml - Ehituslahendused\",\"isPartOf\":{\"@id\":\"https:\/\/justbuildit.eu\/en\/#website\"},\"primaryImageOfPage\":{\"@id\":\"https:\/\/justbuildit.eu\/en\/pood\/liimid\/liim-membranefix-629-290ml\/#primaryimage\"},\"image\":{\"@id\":\"https:\/\/justbuildit.eu\/en\/pood\/liimid\/liim-membranefix-629-290ml\/#primaryimage\"},\"thumbnailUrl\":\"https:\/\/justbuildit.eu\/wp-content\/uploads\/2025\/02\/117022.jpg\",\"datePublished\":\"2025-02-23T06:07:31+00:00\",\"dateModified\":\"2026-04-11T09:02:40+00:00\",\"breadcrumb\":{\"@id\":\"https:\/\/justbuildit.eu\/en\/pood\/liimid\/liim-membranefix-629-290ml\/#breadcrumb\"},\"inLanguage\":\"en-US\",\"potentialAction\":[{\"@type\":\"ReadAction\",\"target\":[\"https:\/\/justbuildit.eu\/en\/pood\/liimid\/liim-membranefix-629-290ml\/\"]}]},{\"@type\":\"ImageObject\",\"inLanguage\":\"en-US\",\"@id\":\"https:\/\/justbuildit.eu\/en\/pood\/liimid\/liim-membranefix-629-290ml\/#primaryimage\",\"url\":\"https:\/\/justbuildit.eu\/wp-content\/uploads\/2025\/02\/117022.jpg\",\"contentUrl\":\"https:\/\/justbuildit.eu\/wp-content\/uploads\/2025\/02\/117022.jpg\",\"width\":1612,\"height\":1580},{\"@type\":\"BreadcrumbList\",\"@id\":\"https:\/\/justbuildit.eu\/en\/pood\/liimid\/liim-membranefix-629-290ml\/#breadcrumb\",\"itemListElement\":[{\"@type\":\"ListItem\",\"position\":1,\"name\":\"Home\",\"item\":\"https:\/\/justbuildit.eu\/en\/\"},{\"@type\":\"ListItem\",\"position\":2,\"name\":\"Shop\",\"item\":\"https:\/\/justbuildit.eu\/en\/building-materials\/\"},{\"@type\":\"ListItem\",\"position\":3,\"name\":\"Liim MembraneFix 629 290ml\"}]},{\"@type\":\"WebSite\",\"@id\":\"https:\/\/justbuildit.eu\/en\/#website\",\"url\":\"https:\/\/justbuildit.eu\/en\/\",\"name\":\"Ehituslahendused\",\"description\":\"Ehituslahendused ja materjalid\",\"publisher\":{\"@id\":\"https:\/\/justbuildit.eu\/en\/#organization\"},\"potentialAction\":[{\"@type\":\"SearchAction\",\"target\":{\"@type\":\"EntryPoint\",\"urlTemplate\":\"https:\/\/justbuildit.eu\/en\/?s={search_term_string}\"},\"query-input\":{\"@type\":\"PropertyValueSpecification\",\"valueRequired\":true,\"valueName\":\"search_term_string\"}}],\"inLanguage\":\"en-US\"},{\"@type\":\"Organization\",\"@id\":\"https:\/\/justbuildit.eu\/en\/#organization\",\"name\":\"Just Build It O\u00dc\",\"url\":\"https:\/\/justbuildit.eu\/en\/\",\"logo\":{\"@type\":\"ImageObject\",\"inLanguage\":\"en-US\",\"@id\":\"https:\/\/justbuildit.eu\/en\/#\/schema\/logo\/image\/\",\"url\":\"https:\/\/justbuildit.eu\/wp-content\/uploads\/2022\/01\/justbuildit.png\",\"contentUrl\":\"https:\/\/justbuildit.eu\/wp-content\/uploads\/2022\/01\/justbuildit.png\",\"width\":173,\"height\":77,\"caption\":\"Just Build It O\u00dc\"},\"image\":{\"@id\":\"https:\/\/justbuildit.eu\/en\/#\/schema\/logo\/image\/\"},\"sameAs\":[\"https:\/\/www.facebook.com\/justbuildit.ee\"]}]}<\/script>\n<!-- \/ Yoast SEO Premium plugin. -->","yoast_head_json":{"title":"Liim MembraneFix 629 290ml - Ehituslahendused","robots":{"index":"index","follow":"follow","max-snippet":"max-snippet:-1","max-image-preview":"max-image-preview:large","max-video-preview":"max-video-preview:-1"},"canonical":"https:\/\/justbuildit.eu\/en\/pood\/liimid\/liim-membranefix-629-290ml\/","og_locale":"en_US","og_type":"article","og_title":"Liim MembraneFix 629 290ml","og_description":"TOOTEKIRJELDUS","og_url":"https:\/\/justbuildit.eu\/en\/pood\/liimid\/liim-membranefix-629-290ml\/","og_site_name":"Ehituslahendused","article_publisher":"https:\/\/www.facebook.com\/justbuildit.ee","article_modified_time":"2026-04-11T09:02:40+00:00","og_image":[{"width":1612,"height":1580,"url":"https:\/\/justbuildit.eu\/wp-content\/uploads\/2025\/02\/117022.jpg","type":"image\/jpeg"}],"twitter_card":"summary_large_image","schema":{"@context":"https:\/\/schema.org","@graph":[{"@type":"WebPage","@id":"https:\/\/justbuildit.eu\/en\/pood\/liimid\/liim-membranefix-629-290ml\/","url":"https:\/\/justbuildit.eu\/en\/pood\/liimid\/liim-membranefix-629-290ml\/","name":"Liim MembraneFix 629 290ml - Ehituslahendused","isPartOf":{"@id":"https:\/\/justbuildit.eu\/en\/#website"},"primaryImageOfPage":{"@id":"https:\/\/justbuildit.eu\/en\/pood\/liimid\/liim-membranefix-629-290ml\/#primaryimage"},"image":{"@id":"https:\/\/justbuildit.eu\/en\/pood\/liimid\/liim-membranefix-629-290ml\/#primaryimage"},"thumbnailUrl":"https:\/\/justbuildit.eu\/wp-content\/uploads\/2025\/02\/117022.jpg","datePublished":"2025-02-23T06:07:31+00:00","dateModified":"2026-04-11T09:02:40+00:00","breadcrumb":{"@id":"https:\/\/justbuildit.eu\/en\/pood\/liimid\/liim-membranefix-629-290ml\/#breadcrumb"},"inLanguage":"en-US","potentialAction":[{"@type":"ReadAction","target":["https:\/\/justbuildit.eu\/en\/pood\/liimid\/liim-membranefix-629-290ml\/"]}]},{"@type":"ImageObject","inLanguage":"en-US","@id":"https:\/\/justbuildit.eu\/en\/pood\/liimid\/liim-membranefix-629-290ml\/#primaryimage","url":"https:\/\/justbuildit.eu\/wp-content\/uploads\/2025\/02\/117022.jpg","contentUrl":"https:\/\/justbuildit.eu\/wp-content\/uploads\/2025\/02\/117022.jpg","width":1612,"height":1580},{"@type":"BreadcrumbList","@id":"https:\/\/justbuildit.eu\/en\/pood\/liimid\/liim-membranefix-629-290ml\/#breadcrumb","itemListElement":[{"@type":"ListItem","position":1,"name":"Home","item":"https:\/\/justbuildit.eu\/en\/"},{"@type":"ListItem","position":2,"name":"Shop","item":"https:\/\/justbuildit.eu\/en\/building-materials\/"},{"@type":"ListItem","position":3,"name":"Liim MembraneFix 629 290ml"}]},{"@type":"WebSite","@id":"https:\/\/justbuildit.eu\/en\/#website","url":"https:\/\/justbuildit.eu\/en\/","name":"Ehituslahendused","description":"Ehituslahendused ja materjalid","publisher":{"@id":"https:\/\/justbuildit.eu\/en\/#organization"},"potentialAction":[{"@type":"SearchAction","target":{"@type":"EntryPoint","urlTemplate":"https:\/\/justbuildit.eu\/en\/?s={search_term_string}"},"query-input":{"@type":"PropertyValueSpecification","valueRequired":true,"valueName":"search_term_string"}}],"inLanguage":"en-US"},{"@type":"Organization","@id":"https:\/\/justbuildit.eu\/en\/#organization","name":"Just Build It O\u00dc","url":"https:\/\/justbuildit.eu\/en\/","logo":{"@type":"ImageObject","inLanguage":"en-US","@id":"https:\/\/justbuildit.eu\/en\/#\/schema\/logo\/image\/","url":"https:\/\/justbuildit.eu\/wp-content\/uploads\/2022\/01\/justbuildit.png","contentUrl":"https:\/\/justbuildit.eu\/wp-content\/uploads\/2022\/01\/justbuildit.png","width":173,"height":77,"caption":"Just Build It O\u00dc"},"image":{"@id":"https:\/\/justbuildit.eu\/en\/#\/schema\/logo\/image\/"},"sameAs":["https:\/\/www.facebook.com\/justbuildit.ee"]}]}},"_links":{"self":[{"href":"https:\/\/justbuildit.eu\/en\/wp-json\/wp\/v2\/product\/534344","targetHints":{"allow":["GET"]}}],"collection":[{"href":"https:\/\/justbuildit.eu\/en\/wp-json\/wp\/v2\/product"}],"about":[{"href":"https:\/\/justbuildit.eu\/en\/wp-json\/wp\/v2\/types\/product"}],"replies":[{"embeddable":true,"href":"https:\/\/justbuildit.eu\/en\/wp-json\/wp\/v2\/comments?post=534344"}],"wp:featuredmedia":[{"embeddable":true,"href":"https:\/\/justbuildit.eu\/en\/wp-json\/wp\/v2\/media\/534345"}],"wp:attachment":[{"href":"https:\/\/justbuildit.eu\/en\/wp-json\/wp\/v2\/media?parent=534344"}],"wp:term":[{"taxonomy":"product_brand","embeddable":true,"href":"https:\/\/justbuildit.eu\/en\/wp-json\/wp\/v2\/product_brand?post=534344"},{"taxonomy":"product_cat","embeddable":true,"href":"https:\/\/justbuildit.eu\/en\/wp-json\/wp\/v2\/product_cat?post=534344"},{"taxonomy":"product_tag","embeddable":true,"href":"https:\/\/justbuildit.eu\/en\/wp-json\/wp\/v2\/product_tag?post=534344"}],"curies":[{"name":"wp","href":"https:\/\/api.w.org\/{rel}","templated":true}]}}