{"id":546907,"date":"2025-04-12T09:54:05","date_gmt":"2025-04-12T06:54:05","guid":{"rendered":"https:\/\/justbuildit.eu\/?post_type=product&#038;p=546907"},"modified":"2026-04-11T12:02:38","modified_gmt":"2026-04-11T09:02:38","slug":"terrassimoodul-termosaar-a5-21x70x366mm-16tk","status":"publish","type":"product","link":"https:\/\/justbuildit.eu\/en\/pood\/puitmaterjal\/terrassilauad\/terrassimoodul-termosaar-a5-21x70x366mm-16tk\/","title":{"rendered":"Terrassimoodul termosaar A5 21x70x366mm (16tk)"},"content":{"rendered":"<p><strong>Trendikas, vastupidav ja naturaalne Gumideck thermoash\u2122 laudis &#8211; kestvus aastateks.<\/strong><\/p>\n<ul>\n<li>Naturaalsest termot\u00f6\u00f6deldud saarepuidust moodullaudis<\/li>\n<li>Kasutamiseks tasasel aluspinnal nii sise-kui v\u00e4listingimustes<\/li>\n<li>Ilma kruvideta kummiankruga kinnitus, mida on lihtne paigaldada<\/li>\n<li>9 erinevat mustrit, sh kalasaba<\/li>\n<li>Minimaalne materjali \u00fclej\u00e4\u00e4k, kasutage arvutamiseks terrassikalkulaatorit <\/li>\n<li>V\u00e4ike koguk\u00f5rgus (31mm, millest 21mm termosaarest laud) ning minimaalne kahe laua vahe (0,4cm)<\/li>\n<li>K\u00f5rgeim vastupidavusklass I <\/li>\n<\/ul>\n<p>Gumidecki termosaart iseloomustab l\u00e4biv \u0161okolaadipruun toon ning kaunis puidustruktuur. See lisab terrassile luksusliku eksootilise v\u00e4limuse. <\/p>\n<p>Gumidecki termosaarele on omistatud k\u00f5rgeim v\u00f5imalik puidu vastupidavusklass I. See on saavutatud kemikaalivaba puidut\u00f6\u00f6tluse tulemusel, mis toimub vaid temperatuuri ja veeauru m\u00f5jul. Seega ei sisaldu termopuidus kemikaale ega plastikuid.<\/p>\n<p>Gumidecki saab paigaldada oma r\u00f5dule, terrassile v\u00f5i sauna m\u00e4ngleva kergusega kuni 10m2\/tunnis. Paigaldamine ei vaja t\u00f6\u00f6riistu ega l\u00f5ikamist. Laotage Gumideck maha just sulle sobivas isikup\u00e4rases mustris. Valida on populaarsete kalasaba, tellise, redeli jpt. mustrite vahel.<\/p>\n","protected":false},"excerpt":{"rendered":"<p><strong>Trendikas, vastupidav ja naturaalne Gumideck thermoash\u2122 laudis &#8211; kestvus aastateks.<\/strong><\/p>","protected":false},"featured_media":546908,"comment_status":"open","ping_status":"closed","template":"","meta":{"_acf_changed":false},"product_brand":[],"product_cat":[103,497],"product_tag":[],"class_list":{"0":"post-546907","1":"product","2":"type-product","3":"status-publish","4":"has-post-thumbnail","6":"product_cat-terrassilauad","7":"product_cat-puumarket","9":"first","10":"outofstock","11":"shipping-taxable","12":"purchasable","13":"product-type-simple"},"acf":[],"yoast_head":"<!-- This site is optimized with the Yoast SEO Premium plugin v18.7 (Yoast SEO v26.5) - https:\/\/yoast.com\/wordpress\/plugins\/seo\/ -->\n<title>Terrassimoodul termosaar A5 21x70x366mm (16tk) - Ehituslahendused<\/title>\n<meta name=\"robots\" content=\"index, follow, max-snippet:-1, max-image-preview:large, max-video-preview:-1\" \/>\n<link rel=\"canonical\" href=\"https:\/\/justbuildit.eu\/en\/pood\/puitmaterjal\/terrassilauad\/terrassimoodul-termosaar-a5-21x70x366mm-16tk\/\" \/>\n<meta property=\"og:locale\" content=\"en_US\" \/>\n<meta property=\"og:type\" content=\"article\" \/>\n<meta property=\"og:title\" content=\"Terrassimoodul termosaar A5 21x70x366mm (16tk)\" \/>\n<meta property=\"og:description\" content=\"Trendikas, vastupidav ja naturaalne Gumideck thermoash\u2122 laudis - kestvus aastateks.\" \/>\n<meta property=\"og:url\" content=\"https:\/\/justbuildit.eu\/en\/pood\/puitmaterjal\/terrassilauad\/terrassimoodul-termosaar-a5-21x70x366mm-16tk\/\" \/>\n<meta property=\"og:site_name\" content=\"Ehituslahendused\" \/>\n<meta property=\"article:publisher\" content=\"https:\/\/www.facebook.com\/justbuildit.ee\" \/>\n<meta property=\"article:modified_time\" content=\"2026-04-11T09:02:38+00:00\" \/>\n<meta property=\"og:image\" content=\"https:\/\/justbuildit.eu\/wp-content\/uploads\/2025\/04\/114165.jpg\" \/>\n\t<meta property=\"og:image:width\" content=\"709\" \/>\n\t<meta property=\"og:image:height\" content=\"709\" \/>\n\t<meta property=\"og:image:type\" content=\"image\/jpeg\" \/>\n<meta name=\"twitter:card\" content=\"summary_large_image\" \/>\n<script type=\"application\/ld+json\" class=\"yoast-schema-graph\">{\"@context\":\"https:\/\/schema.org\",\"@graph\":[{\"@type\":\"WebPage\",\"@id\":\"https:\/\/justbuildit.eu\/en\/pood\/puitmaterjal\/terrassilauad\/terrassimoodul-termosaar-a5-21x70x366mm-16tk\/\",\"url\":\"https:\/\/justbuildit.eu\/en\/pood\/puitmaterjal\/terrassilauad\/terrassimoodul-termosaar-a5-21x70x366mm-16tk\/\",\"name\":\"Terrassimoodul termosaar A5 21x70x366mm (16tk) - Ehituslahendused\",\"isPartOf\":{\"@id\":\"https:\/\/justbuildit.eu\/en\/#website\"},\"primaryImageOfPage\":{\"@id\":\"https:\/\/justbuildit.eu\/en\/pood\/puitmaterjal\/terrassilauad\/terrassimoodul-termosaar-a5-21x70x366mm-16tk\/#primaryimage\"},\"image\":{\"@id\":\"https:\/\/justbuildit.eu\/en\/pood\/puitmaterjal\/terrassilauad\/terrassimoodul-termosaar-a5-21x70x366mm-16tk\/#primaryimage\"},\"thumbnailUrl\":\"https:\/\/justbuildit.eu\/wp-content\/uploads\/2025\/04\/114165.jpg\",\"datePublished\":\"2025-04-12T06:54:05+00:00\",\"dateModified\":\"2026-04-11T09:02:38+00:00\",\"breadcrumb\":{\"@id\":\"https:\/\/justbuildit.eu\/en\/pood\/puitmaterjal\/terrassilauad\/terrassimoodul-termosaar-a5-21x70x366mm-16tk\/#breadcrumb\"},\"inLanguage\":\"en-US\",\"potentialAction\":[{\"@type\":\"ReadAction\",\"target\":[\"https:\/\/justbuildit.eu\/en\/pood\/puitmaterjal\/terrassilauad\/terrassimoodul-termosaar-a5-21x70x366mm-16tk\/\"]}]},{\"@type\":\"ImageObject\",\"inLanguage\":\"en-US\",\"@id\":\"https:\/\/justbuildit.eu\/en\/pood\/puitmaterjal\/terrassilauad\/terrassimoodul-termosaar-a5-21x70x366mm-16tk\/#primaryimage\",\"url\":\"https:\/\/justbuildit.eu\/wp-content\/uploads\/2025\/04\/114165.jpg\",\"contentUrl\":\"https:\/\/justbuildit.eu\/wp-content\/uploads\/2025\/04\/114165.jpg\",\"width\":709,\"height\":709},{\"@type\":\"BreadcrumbList\",\"@id\":\"https:\/\/justbuildit.eu\/en\/pood\/puitmaterjal\/terrassilauad\/terrassimoodul-termosaar-a5-21x70x366mm-16tk\/#breadcrumb\",\"itemListElement\":[{\"@type\":\"ListItem\",\"position\":1,\"name\":\"Home\",\"item\":\"https:\/\/justbuildit.eu\/en\/\"},{\"@type\":\"ListItem\",\"position\":2,\"name\":\"Shop\",\"item\":\"https:\/\/justbuildit.eu\/en\/building-materials\/\"},{\"@type\":\"ListItem\",\"position\":3,\"name\":\"Terrassimoodul termosaar A5 21x70x366mm (16tk)\"}]},{\"@type\":\"WebSite\",\"@id\":\"https:\/\/justbuildit.eu\/en\/#website\",\"url\":\"https:\/\/justbuildit.eu\/en\/\",\"name\":\"Ehituslahendused\",\"description\":\"Ehituslahendused ja materjalid\",\"publisher\":{\"@id\":\"https:\/\/justbuildit.eu\/en\/#organization\"},\"potentialAction\":[{\"@type\":\"SearchAction\",\"target\":{\"@type\":\"EntryPoint\",\"urlTemplate\":\"https:\/\/justbuildit.eu\/en\/?s={search_term_string}\"},\"query-input\":{\"@type\":\"PropertyValueSpecification\",\"valueRequired\":true,\"valueName\":\"search_term_string\"}}],\"inLanguage\":\"en-US\"},{\"@type\":\"Organization\",\"@id\":\"https:\/\/justbuildit.eu\/en\/#organization\",\"name\":\"Just Build It O\u00dc\",\"url\":\"https:\/\/justbuildit.eu\/en\/\",\"logo\":{\"@type\":\"ImageObject\",\"inLanguage\":\"en-US\",\"@id\":\"https:\/\/justbuildit.eu\/en\/#\/schema\/logo\/image\/\",\"url\":\"https:\/\/justbuildit.eu\/wp-content\/uploads\/2022\/01\/justbuildit.png\",\"contentUrl\":\"https:\/\/justbuildit.eu\/wp-content\/uploads\/2022\/01\/justbuildit.png\",\"width\":173,\"height\":77,\"caption\":\"Just Build It O\u00dc\"},\"image\":{\"@id\":\"https:\/\/justbuildit.eu\/en\/#\/schema\/logo\/image\/\"},\"sameAs\":[\"https:\/\/www.facebook.com\/justbuildit.ee\"]}]}<\/script>\n<!-- \/ Yoast SEO Premium plugin. -->","yoast_head_json":{"title":"Terrassimoodul termosaar A5 21x70x366mm (16tk) - Ehituslahendused","robots":{"index":"index","follow":"follow","max-snippet":"max-snippet:-1","max-image-preview":"max-image-preview:large","max-video-preview":"max-video-preview:-1"},"canonical":"https:\/\/justbuildit.eu\/en\/pood\/puitmaterjal\/terrassilauad\/terrassimoodul-termosaar-a5-21x70x366mm-16tk\/","og_locale":"en_US","og_type":"article","og_title":"Terrassimoodul termosaar A5 21x70x366mm (16tk)","og_description":"Trendikas, vastupidav ja naturaalne Gumideck thermoash\u2122 laudis - kestvus aastateks.","og_url":"https:\/\/justbuildit.eu\/en\/pood\/puitmaterjal\/terrassilauad\/terrassimoodul-termosaar-a5-21x70x366mm-16tk\/","og_site_name":"Ehituslahendused","article_publisher":"https:\/\/www.facebook.com\/justbuildit.ee","article_modified_time":"2026-04-11T09:02:38+00:00","og_image":[{"width":709,"height":709,"url":"https:\/\/justbuildit.eu\/wp-content\/uploads\/2025\/04\/114165.jpg","type":"image\/jpeg"}],"twitter_card":"summary_large_image","schema":{"@context":"https:\/\/schema.org","@graph":[{"@type":"WebPage","@id":"https:\/\/justbuildit.eu\/en\/pood\/puitmaterjal\/terrassilauad\/terrassimoodul-termosaar-a5-21x70x366mm-16tk\/","url":"https:\/\/justbuildit.eu\/en\/pood\/puitmaterjal\/terrassilauad\/terrassimoodul-termosaar-a5-21x70x366mm-16tk\/","name":"Terrassimoodul termosaar A5 21x70x366mm (16tk) - Ehituslahendused","isPartOf":{"@id":"https:\/\/justbuildit.eu\/en\/#website"},"primaryImageOfPage":{"@id":"https:\/\/justbuildit.eu\/en\/pood\/puitmaterjal\/terrassilauad\/terrassimoodul-termosaar-a5-21x70x366mm-16tk\/#primaryimage"},"image":{"@id":"https:\/\/justbuildit.eu\/en\/pood\/puitmaterjal\/terrassilauad\/terrassimoodul-termosaar-a5-21x70x366mm-16tk\/#primaryimage"},"thumbnailUrl":"https:\/\/justbuildit.eu\/wp-content\/uploads\/2025\/04\/114165.jpg","datePublished":"2025-04-12T06:54:05+00:00","dateModified":"2026-04-11T09:02:38+00:00","breadcrumb":{"@id":"https:\/\/justbuildit.eu\/en\/pood\/puitmaterjal\/terrassilauad\/terrassimoodul-termosaar-a5-21x70x366mm-16tk\/#breadcrumb"},"inLanguage":"en-US","potentialAction":[{"@type":"ReadAction","target":["https:\/\/justbuildit.eu\/en\/pood\/puitmaterjal\/terrassilauad\/terrassimoodul-termosaar-a5-21x70x366mm-16tk\/"]}]},{"@type":"ImageObject","inLanguage":"en-US","@id":"https:\/\/justbuildit.eu\/en\/pood\/puitmaterjal\/terrassilauad\/terrassimoodul-termosaar-a5-21x70x366mm-16tk\/#primaryimage","url":"https:\/\/justbuildit.eu\/wp-content\/uploads\/2025\/04\/114165.jpg","contentUrl":"https:\/\/justbuildit.eu\/wp-content\/uploads\/2025\/04\/114165.jpg","width":709,"height":709},{"@type":"BreadcrumbList","@id":"https:\/\/justbuildit.eu\/en\/pood\/puitmaterjal\/terrassilauad\/terrassimoodul-termosaar-a5-21x70x366mm-16tk\/#breadcrumb","itemListElement":[{"@type":"ListItem","position":1,"name":"Home","item":"https:\/\/justbuildit.eu\/en\/"},{"@type":"ListItem","position":2,"name":"Shop","item":"https:\/\/justbuildit.eu\/en\/building-materials\/"},{"@type":"ListItem","position":3,"name":"Terrassimoodul termosaar A5 21x70x366mm (16tk)"}]},{"@type":"WebSite","@id":"https:\/\/justbuildit.eu\/en\/#website","url":"https:\/\/justbuildit.eu\/en\/","name":"Ehituslahendused","description":"Ehituslahendused ja materjalid","publisher":{"@id":"https:\/\/justbuildit.eu\/en\/#organization"},"potentialAction":[{"@type":"SearchAction","target":{"@type":"EntryPoint","urlTemplate":"https:\/\/justbuildit.eu\/en\/?s={search_term_string}"},"query-input":{"@type":"PropertyValueSpecification","valueRequired":true,"valueName":"search_term_string"}}],"inLanguage":"en-US"},{"@type":"Organization","@id":"https:\/\/justbuildit.eu\/en\/#organization","name":"Just Build It O\u00dc","url":"https:\/\/justbuildit.eu\/en\/","logo":{"@type":"ImageObject","inLanguage":"en-US","@id":"https:\/\/justbuildit.eu\/en\/#\/schema\/logo\/image\/","url":"https:\/\/justbuildit.eu\/wp-content\/uploads\/2022\/01\/justbuildit.png","contentUrl":"https:\/\/justbuildit.eu\/wp-content\/uploads\/2022\/01\/justbuildit.png","width":173,"height":77,"caption":"Just Build It O\u00dc"},"image":{"@id":"https:\/\/justbuildit.eu\/en\/#\/schema\/logo\/image\/"},"sameAs":["https:\/\/www.facebook.com\/justbuildit.ee"]}]}},"_links":{"self":[{"href":"https:\/\/justbuildit.eu\/en\/wp-json\/wp\/v2\/product\/546907","targetHints":{"allow":["GET"]}}],"collection":[{"href":"https:\/\/justbuildit.eu\/en\/wp-json\/wp\/v2\/product"}],"about":[{"href":"https:\/\/justbuildit.eu\/en\/wp-json\/wp\/v2\/types\/product"}],"replies":[{"embeddable":true,"href":"https:\/\/justbuildit.eu\/en\/wp-json\/wp\/v2\/comments?post=546907"}],"wp:featuredmedia":[{"embeddable":true,"href":"https:\/\/justbuildit.eu\/en\/wp-json\/wp\/v2\/media\/546908"}],"wp:attachment":[{"href":"https:\/\/justbuildit.eu\/en\/wp-json\/wp\/v2\/media?parent=546907"}],"wp:term":[{"taxonomy":"product_brand","embeddable":true,"href":"https:\/\/justbuildit.eu\/en\/wp-json\/wp\/v2\/product_brand?post=546907"},{"taxonomy":"product_cat","embeddable":true,"href":"https:\/\/justbuildit.eu\/en\/wp-json\/wp\/v2\/product_cat?post=546907"},{"taxonomy":"product_tag","embeddable":true,"href":"https:\/\/justbuildit.eu\/en\/wp-json\/wp\/v2\/product_tag?post=546907"}],"curies":[{"name":"wp","href":"https:\/\/api.w.org\/{rel}","templated":true}]}}