{"id":546946,"date":"2025-04-12T10:07:28","date_gmt":"2025-04-12T07:07:28","guid":{"rendered":"https:\/\/justbuildit.eu\/?post_type=product&#038;p=546946"},"modified":"2026-04-11T12:02:36","modified_gmt":"2026-04-11T09:02:36","slug":"vundamendikate-10x20m","status":"publish","type":"product","link":"https:\/\/justbuildit.eu\/en\/pood\/uncategorized\/vundamendikate-10x20m\/","title":{"rendered":"Vundamendikate 1,0x20m"},"content":{"rendered":"<p>Vundamendikate on m\u00f5eldud kaitsmaks keldriseinu ning vundamenti vee ja niiskuse kahjustuste eest. Selle plaadiga luuakse pinnase ja seina vaheline niiskust\u00f5ke, mis lubab seinakonstruktsioonil kuivada v\u00e4ljapoole.<\/p>\n<ul>\n<li>Materjal: spetsiaalne, suure tihedusega pol\u00fcet\u00fcleen; v\u00e4rvus must<\/li>\n<li>Struktuur: diagonaalne m\u00fcgarstruktuur<\/li>\n<li>Materjali paksus: 0,6mm<\/Li>\n<li>M\u00fcgarate k\u00f5rgus: 7,5mm<\/li>\n<li>Rulli m\u00f5\u00f5dud: 1,0x20m rullis 20 m\u00b2<\/li>\n<li>T\u00f5mbetugevus: &gt; 250 kN\/m\u00b2<\/li>\n<li>Survetugevus: 200 kN\/m\u00b2<\/li>\n<li>Keemilised omadused: talub erinevaid happeid, leeliseid, alkohole jm; ei sisalda m\u00fcrke; neutraalne joogiveele<\/li>\n<li>Kestvus: valmistaja poolt tehtud testide alusel p\u00fcsib toode kasutustingimustes muutumatuna \u00fcle 50 aasta<\/li>\n<\/ul>\n<p>Kasutatakse eelk\u00f5ige konstruktsioonide puhul, kus eeldatav \u00e4rajuhtimist vajav kondensvee kogus ei ole eriti suur (normaalne olukord), vundamenti v\u00f5i keldriseina \u00fcmbritsev t\u00e4itepinnas v\u00f5imaldab normaalset pinnasevee filtreerimist (ei ole savi) ning vundamendikattele rakendatav koormus ei \u00fcleta 200 kN\/m\u00b2.<\/p>\n","protected":false},"excerpt":{"rendered":"<p>Vundamendikate on m\u00f5eldud kaitsmaks keldriseinu ning vundamenti vee ja niiskuse kahjustuste eest. Selle plaadiga luuakse pinnase ja seina vaheline niiskust\u00f5ke, mis lubab seinakonstruktsioonil kuivada v\u00e4ljapoole.<\/p>","protected":false},"featured_media":546947,"comment_status":"open","ping_status":"closed","template":"","meta":{"_acf_changed":false},"product_brand":[],"product_cat":[497,22],"product_tag":[],"class_list":{"0":"post-546946","1":"product","2":"type-product","3":"status-publish","4":"has-post-thumbnail","6":"product_cat-puumarket","7":"product_cat-uncategorized","9":"first","10":"instock","11":"shipping-taxable","12":"purchasable","13":"product-type-simple"},"acf":[],"yoast_head":"<!-- This site is optimized with the Yoast SEO Premium plugin v18.7 (Yoast SEO v26.5) - https:\/\/yoast.com\/wordpress\/plugins\/seo\/ -->\n<title>Vundamendikate 1,0x20m - Ehituslahendused<\/title>\n<meta name=\"robots\" content=\"index, follow, max-snippet:-1, max-image-preview:large, max-video-preview:-1\" \/>\n<link rel=\"canonical\" href=\"https:\/\/justbuildit.eu\/en\/pood\/uncategorized\/vundamendikate-10x20m\/\" \/>\n<meta property=\"og:locale\" content=\"en_US\" \/>\n<meta property=\"og:type\" content=\"article\" \/>\n<meta property=\"og:title\" content=\"Vundamendikate 1,0x20m\" \/>\n<meta property=\"og:description\" content=\"Vundamendikate on m\u00f5eldud kaitsmaks keldriseinu ning vundamenti vee ja niiskuse kahjustuste eest. Selle plaadiga luuakse pinnase ja seina vaheline niiskust\u00f5ke, mis lubab seinakonstruktsioonil kuivada v\u00e4ljapoole.\" \/>\n<meta property=\"og:url\" content=\"https:\/\/justbuildit.eu\/en\/pood\/uncategorized\/vundamendikate-10x20m\/\" \/>\n<meta property=\"og:site_name\" content=\"Ehituslahendused\" \/>\n<meta property=\"article:publisher\" content=\"https:\/\/www.facebook.com\/justbuildit.ee\" \/>\n<meta property=\"article:modified_time\" content=\"2026-04-11T09:02:36+00:00\" \/>\n<meta property=\"og:image\" content=\"https:\/\/justbuildit.eu\/wp-content\/uploads\/2025\/04\/111112.jpg\" \/>\n\t<meta property=\"og:image:width\" content=\"709\" \/>\n\t<meta property=\"og:image:height\" content=\"709\" \/>\n\t<meta property=\"og:image:type\" content=\"image\/jpeg\" \/>\n<meta name=\"twitter:card\" content=\"summary_large_image\" \/>\n<script type=\"application\/ld+json\" class=\"yoast-schema-graph\">{\"@context\":\"https:\/\/schema.org\",\"@graph\":[{\"@type\":\"WebPage\",\"@id\":\"https:\/\/justbuildit.eu\/en\/pood\/uncategorized\/vundamendikate-10x20m\/\",\"url\":\"https:\/\/justbuildit.eu\/en\/pood\/uncategorized\/vundamendikate-10x20m\/\",\"name\":\"Vundamendikate 1,0x20m - Ehituslahendused\",\"isPartOf\":{\"@id\":\"https:\/\/justbuildit.eu\/en\/#website\"},\"primaryImageOfPage\":{\"@id\":\"https:\/\/justbuildit.eu\/en\/pood\/uncategorized\/vundamendikate-10x20m\/#primaryimage\"},\"image\":{\"@id\":\"https:\/\/justbuildit.eu\/en\/pood\/uncategorized\/vundamendikate-10x20m\/#primaryimage\"},\"thumbnailUrl\":\"https:\/\/justbuildit.eu\/wp-content\/uploads\/2025\/04\/111112.jpg\",\"datePublished\":\"2025-04-12T07:07:28+00:00\",\"dateModified\":\"2026-04-11T09:02:36+00:00\",\"breadcrumb\":{\"@id\":\"https:\/\/justbuildit.eu\/en\/pood\/uncategorized\/vundamendikate-10x20m\/#breadcrumb\"},\"inLanguage\":\"en-US\",\"potentialAction\":[{\"@type\":\"ReadAction\",\"target\":[\"https:\/\/justbuildit.eu\/en\/pood\/uncategorized\/vundamendikate-10x20m\/\"]}]},{\"@type\":\"ImageObject\",\"inLanguage\":\"en-US\",\"@id\":\"https:\/\/justbuildit.eu\/en\/pood\/uncategorized\/vundamendikate-10x20m\/#primaryimage\",\"url\":\"https:\/\/justbuildit.eu\/wp-content\/uploads\/2025\/04\/111112.jpg\",\"contentUrl\":\"https:\/\/justbuildit.eu\/wp-content\/uploads\/2025\/04\/111112.jpg\",\"width\":709,\"height\":709},{\"@type\":\"BreadcrumbList\",\"@id\":\"https:\/\/justbuildit.eu\/en\/pood\/uncategorized\/vundamendikate-10x20m\/#breadcrumb\",\"itemListElement\":[{\"@type\":\"ListItem\",\"position\":1,\"name\":\"Home\",\"item\":\"https:\/\/justbuildit.eu\/en\/\"},{\"@type\":\"ListItem\",\"position\":2,\"name\":\"Shop\",\"item\":\"https:\/\/justbuildit.eu\/en\/building-materials\/\"},{\"@type\":\"ListItem\",\"position\":3,\"name\":\"Vundamendikate 1,0x20m\"}]},{\"@type\":\"WebSite\",\"@id\":\"https:\/\/justbuildit.eu\/en\/#website\",\"url\":\"https:\/\/justbuildit.eu\/en\/\",\"name\":\"Ehituslahendused\",\"description\":\"Ehituslahendused ja materjalid\",\"publisher\":{\"@id\":\"https:\/\/justbuildit.eu\/en\/#organization\"},\"potentialAction\":[{\"@type\":\"SearchAction\",\"target\":{\"@type\":\"EntryPoint\",\"urlTemplate\":\"https:\/\/justbuildit.eu\/en\/?s={search_term_string}\"},\"query-input\":{\"@type\":\"PropertyValueSpecification\",\"valueRequired\":true,\"valueName\":\"search_term_string\"}}],\"inLanguage\":\"en-US\"},{\"@type\":\"Organization\",\"@id\":\"https:\/\/justbuildit.eu\/en\/#organization\",\"name\":\"Just Build It O\u00dc\",\"url\":\"https:\/\/justbuildit.eu\/en\/\",\"logo\":{\"@type\":\"ImageObject\",\"inLanguage\":\"en-US\",\"@id\":\"https:\/\/justbuildit.eu\/en\/#\/schema\/logo\/image\/\",\"url\":\"https:\/\/justbuildit.eu\/wp-content\/uploads\/2022\/01\/justbuildit.png\",\"contentUrl\":\"https:\/\/justbuildit.eu\/wp-content\/uploads\/2022\/01\/justbuildit.png\",\"width\":173,\"height\":77,\"caption\":\"Just Build It O\u00dc\"},\"image\":{\"@id\":\"https:\/\/justbuildit.eu\/en\/#\/schema\/logo\/image\/\"},\"sameAs\":[\"https:\/\/www.facebook.com\/justbuildit.ee\"]}]}<\/script>\n<!-- \/ Yoast SEO Premium plugin. -->","yoast_head_json":{"title":"Vundamendikate 1,0x20m - Ehituslahendused","robots":{"index":"index","follow":"follow","max-snippet":"max-snippet:-1","max-image-preview":"max-image-preview:large","max-video-preview":"max-video-preview:-1"},"canonical":"https:\/\/justbuildit.eu\/en\/pood\/uncategorized\/vundamendikate-10x20m\/","og_locale":"en_US","og_type":"article","og_title":"Vundamendikate 1,0x20m","og_description":"Vundamendikate on m\u00f5eldud kaitsmaks keldriseinu ning vundamenti vee ja niiskuse kahjustuste eest. Selle plaadiga luuakse pinnase ja seina vaheline niiskust\u00f5ke, mis lubab seinakonstruktsioonil kuivada v\u00e4ljapoole.","og_url":"https:\/\/justbuildit.eu\/en\/pood\/uncategorized\/vundamendikate-10x20m\/","og_site_name":"Ehituslahendused","article_publisher":"https:\/\/www.facebook.com\/justbuildit.ee","article_modified_time":"2026-04-11T09:02:36+00:00","og_image":[{"width":709,"height":709,"url":"https:\/\/justbuildit.eu\/wp-content\/uploads\/2025\/04\/111112.jpg","type":"image\/jpeg"}],"twitter_card":"summary_large_image","schema":{"@context":"https:\/\/schema.org","@graph":[{"@type":"WebPage","@id":"https:\/\/justbuildit.eu\/en\/pood\/uncategorized\/vundamendikate-10x20m\/","url":"https:\/\/justbuildit.eu\/en\/pood\/uncategorized\/vundamendikate-10x20m\/","name":"Vundamendikate 1,0x20m - Ehituslahendused","isPartOf":{"@id":"https:\/\/justbuildit.eu\/en\/#website"},"primaryImageOfPage":{"@id":"https:\/\/justbuildit.eu\/en\/pood\/uncategorized\/vundamendikate-10x20m\/#primaryimage"},"image":{"@id":"https:\/\/justbuildit.eu\/en\/pood\/uncategorized\/vundamendikate-10x20m\/#primaryimage"},"thumbnailUrl":"https:\/\/justbuildit.eu\/wp-content\/uploads\/2025\/04\/111112.jpg","datePublished":"2025-04-12T07:07:28+00:00","dateModified":"2026-04-11T09:02:36+00:00","breadcrumb":{"@id":"https:\/\/justbuildit.eu\/en\/pood\/uncategorized\/vundamendikate-10x20m\/#breadcrumb"},"inLanguage":"en-US","potentialAction":[{"@type":"ReadAction","target":["https:\/\/justbuildit.eu\/en\/pood\/uncategorized\/vundamendikate-10x20m\/"]}]},{"@type":"ImageObject","inLanguage":"en-US","@id":"https:\/\/justbuildit.eu\/en\/pood\/uncategorized\/vundamendikate-10x20m\/#primaryimage","url":"https:\/\/justbuildit.eu\/wp-content\/uploads\/2025\/04\/111112.jpg","contentUrl":"https:\/\/justbuildit.eu\/wp-content\/uploads\/2025\/04\/111112.jpg","width":709,"height":709},{"@type":"BreadcrumbList","@id":"https:\/\/justbuildit.eu\/en\/pood\/uncategorized\/vundamendikate-10x20m\/#breadcrumb","itemListElement":[{"@type":"ListItem","position":1,"name":"Home","item":"https:\/\/justbuildit.eu\/en\/"},{"@type":"ListItem","position":2,"name":"Shop","item":"https:\/\/justbuildit.eu\/en\/building-materials\/"},{"@type":"ListItem","position":3,"name":"Vundamendikate 1,0x20m"}]},{"@type":"WebSite","@id":"https:\/\/justbuildit.eu\/en\/#website","url":"https:\/\/justbuildit.eu\/en\/","name":"Ehituslahendused","description":"Ehituslahendused ja materjalid","publisher":{"@id":"https:\/\/justbuildit.eu\/en\/#organization"},"potentialAction":[{"@type":"SearchAction","target":{"@type":"EntryPoint","urlTemplate":"https:\/\/justbuildit.eu\/en\/?s={search_term_string}"},"query-input":{"@type":"PropertyValueSpecification","valueRequired":true,"valueName":"search_term_string"}}],"inLanguage":"en-US"},{"@type":"Organization","@id":"https:\/\/justbuildit.eu\/en\/#organization","name":"Just Build It O\u00dc","url":"https:\/\/justbuildit.eu\/en\/","logo":{"@type":"ImageObject","inLanguage":"en-US","@id":"https:\/\/justbuildit.eu\/en\/#\/schema\/logo\/image\/","url":"https:\/\/justbuildit.eu\/wp-content\/uploads\/2022\/01\/justbuildit.png","contentUrl":"https:\/\/justbuildit.eu\/wp-content\/uploads\/2022\/01\/justbuildit.png","width":173,"height":77,"caption":"Just Build It O\u00dc"},"image":{"@id":"https:\/\/justbuildit.eu\/en\/#\/schema\/logo\/image\/"},"sameAs":["https:\/\/www.facebook.com\/justbuildit.ee"]}]}},"_links":{"self":[{"href":"https:\/\/justbuildit.eu\/en\/wp-json\/wp\/v2\/product\/546946","targetHints":{"allow":["GET"]}}],"collection":[{"href":"https:\/\/justbuildit.eu\/en\/wp-json\/wp\/v2\/product"}],"about":[{"href":"https:\/\/justbuildit.eu\/en\/wp-json\/wp\/v2\/types\/product"}],"replies":[{"embeddable":true,"href":"https:\/\/justbuildit.eu\/en\/wp-json\/wp\/v2\/comments?post=546946"}],"wp:featuredmedia":[{"embeddable":true,"href":"https:\/\/justbuildit.eu\/en\/wp-json\/wp\/v2\/media\/546947"}],"wp:attachment":[{"href":"https:\/\/justbuildit.eu\/en\/wp-json\/wp\/v2\/media?parent=546946"}],"wp:term":[{"taxonomy":"product_brand","embeddable":true,"href":"https:\/\/justbuildit.eu\/en\/wp-json\/wp\/v2\/product_brand?post=546946"},{"taxonomy":"product_cat","embeddable":true,"href":"https:\/\/justbuildit.eu\/en\/wp-json\/wp\/v2\/product_cat?post=546946"},{"taxonomy":"product_tag","embeddable":true,"href":"https:\/\/justbuildit.eu\/en\/wp-json\/wp\/v2\/product_tag?post=546946"}],"curies":[{"name":"wp","href":"https:\/\/api.w.org\/{rel}","templated":true}]}}