{"id":547023,"date":"2025-04-12T10:53:38","date_gmt":"2025-04-12T07:53:38","guid":{"rendered":"https:\/\/justbuildit.eu\/?post_type=product&#038;p=547023"},"modified":"2026-04-11T12:02:30","modified_gmt":"2026-04-11T09:02:30","slug":"valisvoodrilaud-kuusk-uyv-21x120x5400mm-krunditud","status":"publish","type":"product","link":"https:\/\/justbuildit.eu\/en\/pood\/puitmaterjal\/voodrilauad\/valisvoodrilaud-kuusk-uyv-21x120x5400mm-krunditud\/","title":{"rendered":"V\u00e4lisvoodrilaud kuusk UYV 21x120x5400mm krunditud"},"content":{"rendered":"<ul>\n<li>Materjali kulu: 9,09 m\u00b2 (jooksvat meetrit ruutmeetri kohta).<\/li>\n<li>K\u00e4itlemine: Puit on krunditud<\/li>\n<li>UYV-profiili soovitame peamiselt horisontaalseks paigaldamiseks. <\/li>\n<\/ul>\n<p>T\u00e4ispuidust v\u00e4lisvoodrilaud sobib kasutamiseks hoonete v\u00e4lisviimistluses. Voodrilaud sobib nii uute hoonete fassaadide katmiseks kui ka vanade hoonete renoveerimiseks. <\/p>\n<p>    Krunditud laudadel on esmane kaitse ilmastikuolude eest ning tekitatud sobiv pinnakiht pinnav\u00e4rvi edukaks nakkumiseks. Kruntimisel on kasutatud Teknose veebaasil alk\u00fc\u00fcd kruntv\u00e4rvi Teknol 1881, mis sisaldab ka hallituse- ja sinekaitseaineid. Teknol 1881 kruntv\u00e4rvi peale v\u00f5ib hiljem kanda nii vesialuselisi v\u00e4rve kui ka \u00f5liv\u00e4rve. <\/p>\n","protected":false},"excerpt":{"rendered":"<p>T\u00e4ispuidust v\u00e4lisvoodrilaud sobib kasutamiseks hoonete v\u00e4lisviimistluses. Voodrilaud sobib nii uute hoonete fassaadide katmiseks kui ka vanade hoonete renoveerimiseks. <\/p>","protected":false},"featured_media":592422,"comment_status":"open","ping_status":"closed","template":"","meta":{"_acf_changed":false},"product_brand":[],"product_cat":[104,497],"product_tag":[],"class_list":{"0":"post-547023","1":"product","2":"type-product","3":"status-publish","4":"has-post-thumbnail","6":"product_cat-voodrilauad","7":"product_cat-puumarket","9":"first","10":"outofstock","11":"shipping-taxable","12":"purchasable","13":"product-type-simple"},"acf":[],"yoast_head":"<!-- This site is optimized with the Yoast SEO Premium plugin v18.7 (Yoast SEO v26.5) - https:\/\/yoast.com\/wordpress\/plugins\/seo\/ -->\n<title>V\u00e4lisvoodrilaud kuusk UYV 21x120x5400mm krunditud - Ehituslahendused<\/title>\n<meta name=\"robots\" content=\"index, follow, max-snippet:-1, max-image-preview:large, max-video-preview:-1\" \/>\n<link rel=\"canonical\" href=\"https:\/\/justbuildit.eu\/en\/pood\/puitmaterjal\/voodrilauad\/valisvoodrilaud-kuusk-uyv-21x120x5400mm-krunditud\/\" \/>\n<meta property=\"og:locale\" content=\"en_US\" \/>\n<meta property=\"og:type\" content=\"article\" \/>\n<meta property=\"og:title\" content=\"V\u00e4lisvoodrilaud kuusk UYV 21x120x5400mm krunditud\" \/>\n<meta property=\"og:description\" content=\"T\u00e4ispuidust v\u00e4lisvoodrilaud sobib kasutamiseks hoonete v\u00e4lisviimistluses. Voodrilaud sobib nii uute hoonete fassaadide katmiseks kui ka vanade hoonete renoveerimiseks.\" \/>\n<meta property=\"og:url\" content=\"https:\/\/justbuildit.eu\/en\/pood\/puitmaterjal\/voodrilauad\/valisvoodrilaud-kuusk-uyv-21x120x5400mm-krunditud\/\" \/>\n<meta property=\"og:site_name\" content=\"Ehituslahendused\" \/>\n<meta property=\"article:publisher\" content=\"https:\/\/www.facebook.com\/justbuildit.ee\" \/>\n<meta property=\"article:modified_time\" content=\"2026-04-11T09:02:30+00:00\" \/>\n<meta property=\"og:image\" content=\"https:\/\/justbuildit.eu\/wp-content\/uploads\/2025\/04\/102450.jpg\" \/>\n\t<meta property=\"og:image:width\" content=\"588\" \/>\n\t<meta property=\"og:image:height\" content=\"588\" \/>\n\t<meta property=\"og:image:type\" content=\"image\/jpeg\" \/>\n<meta name=\"twitter:card\" content=\"summary_large_image\" \/>\n<script type=\"application\/ld+json\" class=\"yoast-schema-graph\">{\"@context\":\"https:\/\/schema.org\",\"@graph\":[{\"@type\":\"WebPage\",\"@id\":\"https:\/\/justbuildit.eu\/en\/pood\/puitmaterjal\/voodrilauad\/valisvoodrilaud-kuusk-uyv-21x120x5400mm-krunditud\/\",\"url\":\"https:\/\/justbuildit.eu\/en\/pood\/puitmaterjal\/voodrilauad\/valisvoodrilaud-kuusk-uyv-21x120x5400mm-krunditud\/\",\"name\":\"V\u00e4lisvoodrilaud kuusk UYV 21x120x5400mm krunditud - Ehituslahendused\",\"isPartOf\":{\"@id\":\"https:\/\/justbuildit.eu\/en\/#website\"},\"primaryImageOfPage\":{\"@id\":\"https:\/\/justbuildit.eu\/en\/pood\/puitmaterjal\/voodrilauad\/valisvoodrilaud-kuusk-uyv-21x120x5400mm-krunditud\/#primaryimage\"},\"image\":{\"@id\":\"https:\/\/justbuildit.eu\/en\/pood\/puitmaterjal\/voodrilauad\/valisvoodrilaud-kuusk-uyv-21x120x5400mm-krunditud\/#primaryimage\"},\"thumbnailUrl\":\"https:\/\/justbuildit.eu\/wp-content\/uploads\/2025\/04\/102450.jpg\",\"datePublished\":\"2025-04-12T07:53:38+00:00\",\"dateModified\":\"2026-04-11T09:02:30+00:00\",\"breadcrumb\":{\"@id\":\"https:\/\/justbuildit.eu\/en\/pood\/puitmaterjal\/voodrilauad\/valisvoodrilaud-kuusk-uyv-21x120x5400mm-krunditud\/#breadcrumb\"},\"inLanguage\":\"en-US\",\"potentialAction\":[{\"@type\":\"ReadAction\",\"target\":[\"https:\/\/justbuildit.eu\/en\/pood\/puitmaterjal\/voodrilauad\/valisvoodrilaud-kuusk-uyv-21x120x5400mm-krunditud\/\"]}]},{\"@type\":\"ImageObject\",\"inLanguage\":\"en-US\",\"@id\":\"https:\/\/justbuildit.eu\/en\/pood\/puitmaterjal\/voodrilauad\/valisvoodrilaud-kuusk-uyv-21x120x5400mm-krunditud\/#primaryimage\",\"url\":\"https:\/\/justbuildit.eu\/wp-content\/uploads\/2025\/04\/102450.jpg\",\"contentUrl\":\"https:\/\/justbuildit.eu\/wp-content\/uploads\/2025\/04\/102450.jpg\",\"width\":588,\"height\":588},{\"@type\":\"BreadcrumbList\",\"@id\":\"https:\/\/justbuildit.eu\/en\/pood\/puitmaterjal\/voodrilauad\/valisvoodrilaud-kuusk-uyv-21x120x5400mm-krunditud\/#breadcrumb\",\"itemListElement\":[{\"@type\":\"ListItem\",\"position\":1,\"name\":\"Home\",\"item\":\"https:\/\/justbuildit.eu\/en\/\"},{\"@type\":\"ListItem\",\"position\":2,\"name\":\"Shop\",\"item\":\"https:\/\/justbuildit.eu\/en\/building-materials\/\"},{\"@type\":\"ListItem\",\"position\":3,\"name\":\"V\u00e4lisvoodrilaud kuusk UYV 21x120x5400mm krunditud\"}]},{\"@type\":\"WebSite\",\"@id\":\"https:\/\/justbuildit.eu\/en\/#website\",\"url\":\"https:\/\/justbuildit.eu\/en\/\",\"name\":\"Ehituslahendused\",\"description\":\"Ehituslahendused ja materjalid\",\"publisher\":{\"@id\":\"https:\/\/justbuildit.eu\/en\/#organization\"},\"potentialAction\":[{\"@type\":\"SearchAction\",\"target\":{\"@type\":\"EntryPoint\",\"urlTemplate\":\"https:\/\/justbuildit.eu\/en\/?s={search_term_string}\"},\"query-input\":{\"@type\":\"PropertyValueSpecification\",\"valueRequired\":true,\"valueName\":\"search_term_string\"}}],\"inLanguage\":\"en-US\"},{\"@type\":\"Organization\",\"@id\":\"https:\/\/justbuildit.eu\/en\/#organization\",\"name\":\"Just Build It O\u00dc\",\"url\":\"https:\/\/justbuildit.eu\/en\/\",\"logo\":{\"@type\":\"ImageObject\",\"inLanguage\":\"en-US\",\"@id\":\"https:\/\/justbuildit.eu\/en\/#\/schema\/logo\/image\/\",\"url\":\"https:\/\/justbuildit.eu\/wp-content\/uploads\/2022\/01\/justbuildit.png\",\"contentUrl\":\"https:\/\/justbuildit.eu\/wp-content\/uploads\/2022\/01\/justbuildit.png\",\"width\":173,\"height\":77,\"caption\":\"Just Build It O\u00dc\"},\"image\":{\"@id\":\"https:\/\/justbuildit.eu\/en\/#\/schema\/logo\/image\/\"},\"sameAs\":[\"https:\/\/www.facebook.com\/justbuildit.ee\"]}]}<\/script>\n<!-- \/ Yoast SEO Premium plugin. -->","yoast_head_json":{"title":"V\u00e4lisvoodrilaud kuusk UYV 21x120x5400mm krunditud - Ehituslahendused","robots":{"index":"index","follow":"follow","max-snippet":"max-snippet:-1","max-image-preview":"max-image-preview:large","max-video-preview":"max-video-preview:-1"},"canonical":"https:\/\/justbuildit.eu\/en\/pood\/puitmaterjal\/voodrilauad\/valisvoodrilaud-kuusk-uyv-21x120x5400mm-krunditud\/","og_locale":"en_US","og_type":"article","og_title":"V\u00e4lisvoodrilaud kuusk UYV 21x120x5400mm krunditud","og_description":"T\u00e4ispuidust v\u00e4lisvoodrilaud sobib kasutamiseks hoonete v\u00e4lisviimistluses. Voodrilaud sobib nii uute hoonete fassaadide katmiseks kui ka vanade hoonete renoveerimiseks.","og_url":"https:\/\/justbuildit.eu\/en\/pood\/puitmaterjal\/voodrilauad\/valisvoodrilaud-kuusk-uyv-21x120x5400mm-krunditud\/","og_site_name":"Ehituslahendused","article_publisher":"https:\/\/www.facebook.com\/justbuildit.ee","article_modified_time":"2026-04-11T09:02:30+00:00","og_image":[{"width":588,"height":588,"url":"https:\/\/justbuildit.eu\/wp-content\/uploads\/2025\/04\/102450.jpg","type":"image\/jpeg"}],"twitter_card":"summary_large_image","schema":{"@context":"https:\/\/schema.org","@graph":[{"@type":"WebPage","@id":"https:\/\/justbuildit.eu\/en\/pood\/puitmaterjal\/voodrilauad\/valisvoodrilaud-kuusk-uyv-21x120x5400mm-krunditud\/","url":"https:\/\/justbuildit.eu\/en\/pood\/puitmaterjal\/voodrilauad\/valisvoodrilaud-kuusk-uyv-21x120x5400mm-krunditud\/","name":"V\u00e4lisvoodrilaud kuusk UYV 21x120x5400mm krunditud - Ehituslahendused","isPartOf":{"@id":"https:\/\/justbuildit.eu\/en\/#website"},"primaryImageOfPage":{"@id":"https:\/\/justbuildit.eu\/en\/pood\/puitmaterjal\/voodrilauad\/valisvoodrilaud-kuusk-uyv-21x120x5400mm-krunditud\/#primaryimage"},"image":{"@id":"https:\/\/justbuildit.eu\/en\/pood\/puitmaterjal\/voodrilauad\/valisvoodrilaud-kuusk-uyv-21x120x5400mm-krunditud\/#primaryimage"},"thumbnailUrl":"https:\/\/justbuildit.eu\/wp-content\/uploads\/2025\/04\/102450.jpg","datePublished":"2025-04-12T07:53:38+00:00","dateModified":"2026-04-11T09:02:30+00:00","breadcrumb":{"@id":"https:\/\/justbuildit.eu\/en\/pood\/puitmaterjal\/voodrilauad\/valisvoodrilaud-kuusk-uyv-21x120x5400mm-krunditud\/#breadcrumb"},"inLanguage":"en-US","potentialAction":[{"@type":"ReadAction","target":["https:\/\/justbuildit.eu\/en\/pood\/puitmaterjal\/voodrilauad\/valisvoodrilaud-kuusk-uyv-21x120x5400mm-krunditud\/"]}]},{"@type":"ImageObject","inLanguage":"en-US","@id":"https:\/\/justbuildit.eu\/en\/pood\/puitmaterjal\/voodrilauad\/valisvoodrilaud-kuusk-uyv-21x120x5400mm-krunditud\/#primaryimage","url":"https:\/\/justbuildit.eu\/wp-content\/uploads\/2025\/04\/102450.jpg","contentUrl":"https:\/\/justbuildit.eu\/wp-content\/uploads\/2025\/04\/102450.jpg","width":588,"height":588},{"@type":"BreadcrumbList","@id":"https:\/\/justbuildit.eu\/en\/pood\/puitmaterjal\/voodrilauad\/valisvoodrilaud-kuusk-uyv-21x120x5400mm-krunditud\/#breadcrumb","itemListElement":[{"@type":"ListItem","position":1,"name":"Home","item":"https:\/\/justbuildit.eu\/en\/"},{"@type":"ListItem","position":2,"name":"Shop","item":"https:\/\/justbuildit.eu\/en\/building-materials\/"},{"@type":"ListItem","position":3,"name":"V\u00e4lisvoodrilaud kuusk UYV 21x120x5400mm krunditud"}]},{"@type":"WebSite","@id":"https:\/\/justbuildit.eu\/en\/#website","url":"https:\/\/justbuildit.eu\/en\/","name":"Ehituslahendused","description":"Ehituslahendused ja materjalid","publisher":{"@id":"https:\/\/justbuildit.eu\/en\/#organization"},"potentialAction":[{"@type":"SearchAction","target":{"@type":"EntryPoint","urlTemplate":"https:\/\/justbuildit.eu\/en\/?s={search_term_string}"},"query-input":{"@type":"PropertyValueSpecification","valueRequired":true,"valueName":"search_term_string"}}],"inLanguage":"en-US"},{"@type":"Organization","@id":"https:\/\/justbuildit.eu\/en\/#organization","name":"Just Build It O\u00dc","url":"https:\/\/justbuildit.eu\/en\/","logo":{"@type":"ImageObject","inLanguage":"en-US","@id":"https:\/\/justbuildit.eu\/en\/#\/schema\/logo\/image\/","url":"https:\/\/justbuildit.eu\/wp-content\/uploads\/2022\/01\/justbuildit.png","contentUrl":"https:\/\/justbuildit.eu\/wp-content\/uploads\/2022\/01\/justbuildit.png","width":173,"height":77,"caption":"Just Build It O\u00dc"},"image":{"@id":"https:\/\/justbuildit.eu\/en\/#\/schema\/logo\/image\/"},"sameAs":["https:\/\/www.facebook.com\/justbuildit.ee"]}]}},"_links":{"self":[{"href":"https:\/\/justbuildit.eu\/en\/wp-json\/wp\/v2\/product\/547023","targetHints":{"allow":["GET"]}}],"collection":[{"href":"https:\/\/justbuildit.eu\/en\/wp-json\/wp\/v2\/product"}],"about":[{"href":"https:\/\/justbuildit.eu\/en\/wp-json\/wp\/v2\/types\/product"}],"replies":[{"embeddable":true,"href":"https:\/\/justbuildit.eu\/en\/wp-json\/wp\/v2\/comments?post=547023"}],"wp:featuredmedia":[{"embeddable":true,"href":"https:\/\/justbuildit.eu\/en\/wp-json\/wp\/v2\/media\/592422"}],"wp:attachment":[{"href":"https:\/\/justbuildit.eu\/en\/wp-json\/wp\/v2\/media?parent=547023"}],"wp:term":[{"taxonomy":"product_brand","embeddable":true,"href":"https:\/\/justbuildit.eu\/en\/wp-json\/wp\/v2\/product_brand?post=547023"},{"taxonomy":"product_cat","embeddable":true,"href":"https:\/\/justbuildit.eu\/en\/wp-json\/wp\/v2\/product_cat?post=547023"},{"taxonomy":"product_tag","embeddable":true,"href":"https:\/\/justbuildit.eu\/en\/wp-json\/wp\/v2\/product_tag?post=547023"}],"curies":[{"name":"wp","href":"https:\/\/api.w.org\/{rel}","templated":true}]}}