{"id":547037,"date":"2025-04-12T10:56:36","date_gmt":"2025-04-12T07:56:36","guid":{"rendered":"https:\/\/justbuildit.eu\/?post_type=product&#038;p=547037"},"modified":"2026-04-11T12:02:29","modified_gmt":"2026-04-11T09:02:29","slug":"valisvoodrilaud-uys-21x120mm-krunditud-varvitud-1-kiht-2","status":"publish","type":"product","link":"https:\/\/justbuildit.eu\/en\/pood\/puitmaterjal\/voodrilauad\/valisvoodrilaud-uys-21x120mm-krunditud-varvitud-1-kiht-2\/","title":{"rendered":"V\u00e4lisvoodrilaud UYS 21x120mm krunditud, v\u00e4rvitud (1 kiht)"},"content":{"rendered":"<ul>\n<li>UYS-profiili soovitame peamiselt vertikaalseks paigaldamiseks.<\/li>\n<\/ul>\n<p>T\u00e4ispuidust v\u00e4lisvoodrilaud sobib kasutamiseks hoonete v\u00e4lisviimistluses. Voodrilaud sobib nii uute hoonete fassaadide katmiseks kui ka vanade hoonete renoveerimiseks. UYS n\u00e4ol on tegemist v\u00e4ga praktilise profiiliga, kus on kliendi v\u00f5i ehitaja jaoks juba v\u00e4ga palju t\u00f6\u00f6d ette \u00e4ra tehtud.<\/p>\n<p>T\u00f6\u00f6stuslik v\u00e4rvimine annab veatu pinna ning tagab voodrilaua pikema kestvuse ning vastupidavuse ilmastikutingimustele. Otsatapiga voodrilaua puhul on v\u00f5imalik laudu paigaldada nagu parketti ehk pikkuse erinevusest tekkivad kaod on seel\u00e4bi v\u00f5imalik viia miinimumini.<\/p>\n<p>Puidukoja v\u00e4rvitud toodete hinnakirja meelespea:<br \/>\n1.\tMiinimumtellimus 100 m2 \u00fchte v\u00e4rvitooni.<a href=\"https:\/\/www.teknos.com\/et-EE\/tarbija\/varvitoonid\/\" target=\"_blank\">Teknose v\u00e4rvikaardid<\/a><br \/>\n2.\tV\u00e4iksemad tellimused (al.50 M2 min.) hinnalisa +10%<br \/>\n3.\tKatva v\u00e4rvi s\u00fcsteem ( 1 kiht v\u00e4rvi): 4-st k\u00fcljest krunt (Teknol 1881) + 3-st k\u00fcljest v\u00e4rv (Nordica Eko 3330-03)<br \/>\n4.\tDeklaratioonid ja v\u00e4lisvoodrilaua garantii tootja kodulehel: <a href=\"https:\/\/www.puidukoda.eu\/professionaalidele\/sertifikaadid\/\" target=\"_blank\">Deklaratioonid ja v\u00e4lisvoodrilaua garantii tootja kodulehel<\/a><br \/>\n5.\tVaikimisi kvaliteet on kokkulepitud AB, juhendid tootja kodulehel: <a href=\"https:\/\/www.puidukoda.eu\/professionaalidele\/juhendid\/\" target=\"_blank\">juhendid tootja kodulehel<\/a><\/p>\n<p>T\u00f6\u00f6stuslikult v\u00e4rvitud v\u00e4lisvoodrilauale kehtib tootja garantii juhul, kui kogu viimistlusprotsess on l\u00f5puni viidud tootja juures. Katvad toonis 2 kihti pinnav\u00e4rvi korral kehtib garantii v\u00e4rvide kombinatsiooni toimivusele 10 aastat 1\u20132 korruselistel hoonetel, millel on olemas n\u00f5uetekohased r\u00e4\u00e4stad.<br \/>\n<a href=\"https:\/\/www.puidukoda.eu\/wp-content\/uploads\/2024\/12\/Toostuslikult_varvitud_valisvoodrilauad.pdf\" target=\"_blank\">Garantiitingimused<a \/><\/p>\n","protected":false},"excerpt":{"rendered":"<p>T\u00e4ispuidust v\u00e4lisvoodrilaud sobib kasutamiseks hoonete v\u00e4lisviimistluses. Voodrilaud sobib nii uute hoonete fassaadide katmiseks kui ka vanade hoonete renoveerimiseks. UYS n\u00e4ol on tegemist v\u00e4ga praktilise profiiliga, kus on kliendi v\u00f5i ehitaja jaoks juba v\u00e4ga palju t\u00f6\u00f6d ette \u00e4ra tehtud.<\/p>","protected":false},"featured_media":547038,"comment_status":"open","ping_status":"closed","template":"","meta":{"_acf_changed":false},"product_brand":[],"product_cat":[104,497],"product_tag":[],"class_list":{"0":"post-547037","1":"product","2":"type-product","3":"status-publish","4":"has-post-thumbnail","6":"product_cat-voodrilauad","7":"product_cat-puumarket","9":"first","10":"outofstock","11":"shipping-taxable","12":"purchasable","13":"product-type-simple"},"acf":[],"yoast_head":"<!-- This site is optimized with the Yoast SEO Premium plugin v18.7 (Yoast SEO v26.5) - https:\/\/yoast.com\/wordpress\/plugins\/seo\/ -->\n<title>V\u00e4lisvoodrilaud UYS 21x120mm krunditud, v\u00e4rvitud (1 kiht) - Ehituslahendused<\/title>\n<meta name=\"robots\" content=\"index, follow, max-snippet:-1, max-image-preview:large, max-video-preview:-1\" \/>\n<link rel=\"canonical\" href=\"https:\/\/justbuildit.eu\/en\/pood\/puitmaterjal\/voodrilauad\/valisvoodrilaud-uys-21x120mm-krunditud-varvitud-1-kiht-2\/\" \/>\n<meta property=\"og:locale\" content=\"en_US\" \/>\n<meta property=\"og:type\" content=\"article\" \/>\n<meta property=\"og:title\" content=\"V\u00e4lisvoodrilaud UYS 21x120mm krunditud, v\u00e4rvitud (1 kiht)\" \/>\n<meta property=\"og:description\" content=\"T\u00e4ispuidust v\u00e4lisvoodrilaud sobib kasutamiseks hoonete v\u00e4lisviimistluses. Voodrilaud sobib nii uute hoonete fassaadide katmiseks kui ka vanade hoonete renoveerimiseks. UYS n\u00e4ol on tegemist v\u00e4ga praktilise profiiliga, kus on kliendi v\u00f5i ehitaja jaoks juba v\u00e4ga palju t\u00f6\u00f6d ette \u00e4ra tehtud.\" \/>\n<meta property=\"og:url\" content=\"https:\/\/justbuildit.eu\/en\/pood\/puitmaterjal\/voodrilauad\/valisvoodrilaud-uys-21x120mm-krunditud-varvitud-1-kiht-2\/\" \/>\n<meta property=\"og:site_name\" content=\"Ehituslahendused\" \/>\n<meta property=\"article:publisher\" content=\"https:\/\/www.facebook.com\/justbuildit.ee\" \/>\n<meta property=\"article:modified_time\" content=\"2026-04-11T09:02:29+00:00\" \/>\n<meta property=\"og:image\" content=\"https:\/\/justbuildit.eu\/wp-content\/uploads\/2025\/04\/102342.jpg\" \/>\n\t<meta property=\"og:image:width\" content=\"1890\" \/>\n\t<meta property=\"og:image:height\" content=\"1890\" \/>\n\t<meta property=\"og:image:type\" content=\"image\/jpeg\" \/>\n<meta name=\"twitter:card\" content=\"summary_large_image\" \/>\n<script type=\"application\/ld+json\" class=\"yoast-schema-graph\">{\"@context\":\"https:\/\/schema.org\",\"@graph\":[{\"@type\":\"WebPage\",\"@id\":\"https:\/\/justbuildit.eu\/en\/pood\/puitmaterjal\/voodrilauad\/valisvoodrilaud-uys-21x120mm-krunditud-varvitud-1-kiht-2\/\",\"url\":\"https:\/\/justbuildit.eu\/en\/pood\/puitmaterjal\/voodrilauad\/valisvoodrilaud-uys-21x120mm-krunditud-varvitud-1-kiht-2\/\",\"name\":\"V\u00e4lisvoodrilaud UYS 21x120mm krunditud, v\u00e4rvitud (1 kiht) - Ehituslahendused\",\"isPartOf\":{\"@id\":\"https:\/\/justbuildit.eu\/en\/#website\"},\"primaryImageOfPage\":{\"@id\":\"https:\/\/justbuildit.eu\/en\/pood\/puitmaterjal\/voodrilauad\/valisvoodrilaud-uys-21x120mm-krunditud-varvitud-1-kiht-2\/#primaryimage\"},\"image\":{\"@id\":\"https:\/\/justbuildit.eu\/en\/pood\/puitmaterjal\/voodrilauad\/valisvoodrilaud-uys-21x120mm-krunditud-varvitud-1-kiht-2\/#primaryimage\"},\"thumbnailUrl\":\"https:\/\/justbuildit.eu\/wp-content\/uploads\/2025\/04\/102342.jpg\",\"datePublished\":\"2025-04-12T07:56:36+00:00\",\"dateModified\":\"2026-04-11T09:02:29+00:00\",\"breadcrumb\":{\"@id\":\"https:\/\/justbuildit.eu\/en\/pood\/puitmaterjal\/voodrilauad\/valisvoodrilaud-uys-21x120mm-krunditud-varvitud-1-kiht-2\/#breadcrumb\"},\"inLanguage\":\"en-US\",\"potentialAction\":[{\"@type\":\"ReadAction\",\"target\":[\"https:\/\/justbuildit.eu\/en\/pood\/puitmaterjal\/voodrilauad\/valisvoodrilaud-uys-21x120mm-krunditud-varvitud-1-kiht-2\/\"]}]},{\"@type\":\"ImageObject\",\"inLanguage\":\"en-US\",\"@id\":\"https:\/\/justbuildit.eu\/en\/pood\/puitmaterjal\/voodrilauad\/valisvoodrilaud-uys-21x120mm-krunditud-varvitud-1-kiht-2\/#primaryimage\",\"url\":\"https:\/\/justbuildit.eu\/wp-content\/uploads\/2025\/04\/102342.jpg\",\"contentUrl\":\"https:\/\/justbuildit.eu\/wp-content\/uploads\/2025\/04\/102342.jpg\",\"width\":1890,\"height\":1890},{\"@type\":\"BreadcrumbList\",\"@id\":\"https:\/\/justbuildit.eu\/en\/pood\/puitmaterjal\/voodrilauad\/valisvoodrilaud-uys-21x120mm-krunditud-varvitud-1-kiht-2\/#breadcrumb\",\"itemListElement\":[{\"@type\":\"ListItem\",\"position\":1,\"name\":\"Home\",\"item\":\"https:\/\/justbuildit.eu\/en\/\"},{\"@type\":\"ListItem\",\"position\":2,\"name\":\"Shop\",\"item\":\"https:\/\/justbuildit.eu\/en\/building-materials\/\"},{\"@type\":\"ListItem\",\"position\":3,\"name\":\"V\u00e4lisvoodrilaud UYS 21x120mm krunditud, v\u00e4rvitud (1 kiht)\"}]},{\"@type\":\"WebSite\",\"@id\":\"https:\/\/justbuildit.eu\/en\/#website\",\"url\":\"https:\/\/justbuildit.eu\/en\/\",\"name\":\"Ehituslahendused\",\"description\":\"Ehituslahendused ja materjalid\",\"publisher\":{\"@id\":\"https:\/\/justbuildit.eu\/en\/#organization\"},\"potentialAction\":[{\"@type\":\"SearchAction\",\"target\":{\"@type\":\"EntryPoint\",\"urlTemplate\":\"https:\/\/justbuildit.eu\/en\/?s={search_term_string}\"},\"query-input\":{\"@type\":\"PropertyValueSpecification\",\"valueRequired\":true,\"valueName\":\"search_term_string\"}}],\"inLanguage\":\"en-US\"},{\"@type\":\"Organization\",\"@id\":\"https:\/\/justbuildit.eu\/en\/#organization\",\"name\":\"Just Build It O\u00dc\",\"url\":\"https:\/\/justbuildit.eu\/en\/\",\"logo\":{\"@type\":\"ImageObject\",\"inLanguage\":\"en-US\",\"@id\":\"https:\/\/justbuildit.eu\/en\/#\/schema\/logo\/image\/\",\"url\":\"https:\/\/justbuildit.eu\/wp-content\/uploads\/2022\/01\/justbuildit.png\",\"contentUrl\":\"https:\/\/justbuildit.eu\/wp-content\/uploads\/2022\/01\/justbuildit.png\",\"width\":173,\"height\":77,\"caption\":\"Just Build It O\u00dc\"},\"image\":{\"@id\":\"https:\/\/justbuildit.eu\/en\/#\/schema\/logo\/image\/\"},\"sameAs\":[\"https:\/\/www.facebook.com\/justbuildit.ee\"]}]}<\/script>\n<!-- \/ Yoast SEO Premium plugin. -->","yoast_head_json":{"title":"V\u00e4lisvoodrilaud UYS 21x120mm krunditud, v\u00e4rvitud (1 kiht) - Ehituslahendused","robots":{"index":"index","follow":"follow","max-snippet":"max-snippet:-1","max-image-preview":"max-image-preview:large","max-video-preview":"max-video-preview:-1"},"canonical":"https:\/\/justbuildit.eu\/en\/pood\/puitmaterjal\/voodrilauad\/valisvoodrilaud-uys-21x120mm-krunditud-varvitud-1-kiht-2\/","og_locale":"en_US","og_type":"article","og_title":"V\u00e4lisvoodrilaud UYS 21x120mm krunditud, v\u00e4rvitud (1 kiht)","og_description":"T\u00e4ispuidust v\u00e4lisvoodrilaud sobib kasutamiseks hoonete v\u00e4lisviimistluses. Voodrilaud sobib nii uute hoonete fassaadide katmiseks kui ka vanade hoonete renoveerimiseks. UYS n\u00e4ol on tegemist v\u00e4ga praktilise profiiliga, kus on kliendi v\u00f5i ehitaja jaoks juba v\u00e4ga palju t\u00f6\u00f6d ette \u00e4ra tehtud.","og_url":"https:\/\/justbuildit.eu\/en\/pood\/puitmaterjal\/voodrilauad\/valisvoodrilaud-uys-21x120mm-krunditud-varvitud-1-kiht-2\/","og_site_name":"Ehituslahendused","article_publisher":"https:\/\/www.facebook.com\/justbuildit.ee","article_modified_time":"2026-04-11T09:02:29+00:00","og_image":[{"width":1890,"height":1890,"url":"https:\/\/justbuildit.eu\/wp-content\/uploads\/2025\/04\/102342.jpg","type":"image\/jpeg"}],"twitter_card":"summary_large_image","schema":{"@context":"https:\/\/schema.org","@graph":[{"@type":"WebPage","@id":"https:\/\/justbuildit.eu\/en\/pood\/puitmaterjal\/voodrilauad\/valisvoodrilaud-uys-21x120mm-krunditud-varvitud-1-kiht-2\/","url":"https:\/\/justbuildit.eu\/en\/pood\/puitmaterjal\/voodrilauad\/valisvoodrilaud-uys-21x120mm-krunditud-varvitud-1-kiht-2\/","name":"V\u00e4lisvoodrilaud UYS 21x120mm krunditud, v\u00e4rvitud (1 kiht) - Ehituslahendused","isPartOf":{"@id":"https:\/\/justbuildit.eu\/en\/#website"},"primaryImageOfPage":{"@id":"https:\/\/justbuildit.eu\/en\/pood\/puitmaterjal\/voodrilauad\/valisvoodrilaud-uys-21x120mm-krunditud-varvitud-1-kiht-2\/#primaryimage"},"image":{"@id":"https:\/\/justbuildit.eu\/en\/pood\/puitmaterjal\/voodrilauad\/valisvoodrilaud-uys-21x120mm-krunditud-varvitud-1-kiht-2\/#primaryimage"},"thumbnailUrl":"https:\/\/justbuildit.eu\/wp-content\/uploads\/2025\/04\/102342.jpg","datePublished":"2025-04-12T07:56:36+00:00","dateModified":"2026-04-11T09:02:29+00:00","breadcrumb":{"@id":"https:\/\/justbuildit.eu\/en\/pood\/puitmaterjal\/voodrilauad\/valisvoodrilaud-uys-21x120mm-krunditud-varvitud-1-kiht-2\/#breadcrumb"},"inLanguage":"en-US","potentialAction":[{"@type":"ReadAction","target":["https:\/\/justbuildit.eu\/en\/pood\/puitmaterjal\/voodrilauad\/valisvoodrilaud-uys-21x120mm-krunditud-varvitud-1-kiht-2\/"]}]},{"@type":"ImageObject","inLanguage":"en-US","@id":"https:\/\/justbuildit.eu\/en\/pood\/puitmaterjal\/voodrilauad\/valisvoodrilaud-uys-21x120mm-krunditud-varvitud-1-kiht-2\/#primaryimage","url":"https:\/\/justbuildit.eu\/wp-content\/uploads\/2025\/04\/102342.jpg","contentUrl":"https:\/\/justbuildit.eu\/wp-content\/uploads\/2025\/04\/102342.jpg","width":1890,"height":1890},{"@type":"BreadcrumbList","@id":"https:\/\/justbuildit.eu\/en\/pood\/puitmaterjal\/voodrilauad\/valisvoodrilaud-uys-21x120mm-krunditud-varvitud-1-kiht-2\/#breadcrumb","itemListElement":[{"@type":"ListItem","position":1,"name":"Home","item":"https:\/\/justbuildit.eu\/en\/"},{"@type":"ListItem","position":2,"name":"Shop","item":"https:\/\/justbuildit.eu\/en\/building-materials\/"},{"@type":"ListItem","position":3,"name":"V\u00e4lisvoodrilaud UYS 21x120mm krunditud, v\u00e4rvitud (1 kiht)"}]},{"@type":"WebSite","@id":"https:\/\/justbuildit.eu\/en\/#website","url":"https:\/\/justbuildit.eu\/en\/","name":"Ehituslahendused","description":"Ehituslahendused ja materjalid","publisher":{"@id":"https:\/\/justbuildit.eu\/en\/#organization"},"potentialAction":[{"@type":"SearchAction","target":{"@type":"EntryPoint","urlTemplate":"https:\/\/justbuildit.eu\/en\/?s={search_term_string}"},"query-input":{"@type":"PropertyValueSpecification","valueRequired":true,"valueName":"search_term_string"}}],"inLanguage":"en-US"},{"@type":"Organization","@id":"https:\/\/justbuildit.eu\/en\/#organization","name":"Just Build It O\u00dc","url":"https:\/\/justbuildit.eu\/en\/","logo":{"@type":"ImageObject","inLanguage":"en-US","@id":"https:\/\/justbuildit.eu\/en\/#\/schema\/logo\/image\/","url":"https:\/\/justbuildit.eu\/wp-content\/uploads\/2022\/01\/justbuildit.png","contentUrl":"https:\/\/justbuildit.eu\/wp-content\/uploads\/2022\/01\/justbuildit.png","width":173,"height":77,"caption":"Just Build It O\u00dc"},"image":{"@id":"https:\/\/justbuildit.eu\/en\/#\/schema\/logo\/image\/"},"sameAs":["https:\/\/www.facebook.com\/justbuildit.ee"]}]}},"_links":{"self":[{"href":"https:\/\/justbuildit.eu\/en\/wp-json\/wp\/v2\/product\/547037","targetHints":{"allow":["GET"]}}],"collection":[{"href":"https:\/\/justbuildit.eu\/en\/wp-json\/wp\/v2\/product"}],"about":[{"href":"https:\/\/justbuildit.eu\/en\/wp-json\/wp\/v2\/types\/product"}],"replies":[{"embeddable":true,"href":"https:\/\/justbuildit.eu\/en\/wp-json\/wp\/v2\/comments?post=547037"}],"wp:featuredmedia":[{"embeddable":true,"href":"https:\/\/justbuildit.eu\/en\/wp-json\/wp\/v2\/media\/547038"}],"wp:attachment":[{"href":"https:\/\/justbuildit.eu\/en\/wp-json\/wp\/v2\/media?parent=547037"}],"wp:term":[{"taxonomy":"product_brand","embeddable":true,"href":"https:\/\/justbuildit.eu\/en\/wp-json\/wp\/v2\/product_brand?post=547037"},{"taxonomy":"product_cat","embeddable":true,"href":"https:\/\/justbuildit.eu\/en\/wp-json\/wp\/v2\/product_cat?post=547037"},{"taxonomy":"product_tag","embeddable":true,"href":"https:\/\/justbuildit.eu\/en\/wp-json\/wp\/v2\/product_tag?post=547037"}],"curies":[{"name":"wp","href":"https:\/\/api.w.org\/{rel}","templated":true}]}}