{"id":547051,"date":"2025-04-12T10:59:12","date_gmt":"2025-04-12T07:59:12","guid":{"rendered":"https:\/\/justbuildit.eu\/?post_type=product&#038;p=547051"},"modified":"2026-04-11T12:02:21","modified_gmt":"2026-04-11T09:02:21","slug":"valisvoodrilaud-uys-21x120mm-lasuuritud-2-kihti","status":"publish","type":"product","link":"https:\/\/justbuildit.eu\/en\/pood\/puitmaterjal\/voodrilauad\/valisvoodrilaud-uys-21x120mm-lasuuritud-2-kihti\/","title":{"rendered":"V\u00e4lisvoodrilaud UYS 21x120mm lasuuritud (2 kihti)"},"content":{"rendered":"<blockquote>\n<p>\n<b>Puidukoja v\u00e4rvitud toodete hinnakirja meelespea:<\/b><\/p>\n<ul>\n<li>Miinimumtellimus 100 m2 \u00fchte v\u00e4rvitooni.<br \/>\n<a href=\"https:\/\/www.teknos.com\/et-EE\/tarbija\/varvitoonid\/\" target=\"_blank\">Teknose v\u00e4rvikaardid<\/a><\/li>\n<li>V\u00e4iksemad tellimused (al. 50m2 min.) hinnalisa +10%<\/li>\n<li>Lasuurv\u00e4rvi s\u00fcsteem: neljast k\u00fcljest lasuurv\u00e4rv (Aqua Primer 2900-02) + kolmest k\u00fcljest lasuurv\u00e4rv (Aqua Primer 2900-02)<\/li>\n<li><a href=\"https:\/\/www.puidukoda.eu\/professionaalidele\/sertifikaadid\/\" target=\"_blank\">Deklaratioonid ja v\u00e4lisvoodrilaua garantii tootja kodulehel<\/a><\/li>\n<li>Vaikimisi kvaliteet on kokkulepitud AB.<br \/>\n<a href=\"https:\/\/www.puidukoda.eu\/professionaalidele\/juhendid\/\" target=\"_blank\">juhendid tootja kodulehel<\/a><\/li>\n<\/ul>\n<\/blockquote>\n","protected":false},"excerpt":{"rendered":"<p>\n<b>Puidukoja v\u00e4rvitud toodete hinnakirja meelespea:<\/b><\/p>","protected":false},"featured_media":547052,"comment_status":"open","ping_status":"closed","template":"","meta":{"_acf_changed":false},"product_brand":[],"product_cat":[104,497],"product_tag":[],"class_list":{"0":"post-547051","1":"product","2":"type-product","3":"status-publish","4":"has-post-thumbnail","6":"product_cat-voodrilauad","7":"product_cat-puumarket","9":"first","10":"outofstock","11":"shipping-taxable","12":"purchasable","13":"product-type-simple"},"acf":[],"yoast_head":"<!-- This site is optimized with the Yoast SEO Premium plugin v18.7 (Yoast SEO v26.5) - https:\/\/yoast.com\/wordpress\/plugins\/seo\/ -->\n<title>V\u00e4lisvoodrilaud UYS 21x120mm lasuuritud (2 kihti) - Ehituslahendused<\/title>\n<meta name=\"robots\" content=\"index, follow, max-snippet:-1, max-image-preview:large, max-video-preview:-1\" \/>\n<link rel=\"canonical\" href=\"https:\/\/justbuildit.eu\/en\/pood\/puitmaterjal\/voodrilauad\/valisvoodrilaud-uys-21x120mm-lasuuritud-2-kihti\/\" \/>\n<meta property=\"og:locale\" content=\"en_US\" \/>\n<meta property=\"og:type\" content=\"article\" \/>\n<meta property=\"og:title\" content=\"V\u00e4lisvoodrilaud UYS 21x120mm lasuuritud (2 kihti)\" \/>\n<meta property=\"og:description\" content=\"Puidukoja v\u00e4rvitud toodete hinnakirja meelespea:\" \/>\n<meta property=\"og:url\" content=\"https:\/\/justbuildit.eu\/en\/pood\/puitmaterjal\/voodrilauad\/valisvoodrilaud-uys-21x120mm-lasuuritud-2-kihti\/\" \/>\n<meta property=\"og:site_name\" content=\"Ehituslahendused\" \/>\n<meta property=\"article:publisher\" content=\"https:\/\/www.facebook.com\/justbuildit.ee\" \/>\n<meta property=\"article:modified_time\" content=\"2026-04-11T09:02:21+00:00\" \/>\n<meta property=\"og:image\" content=\"https:\/\/justbuildit.eu\/wp-content\/uploads\/2025\/04\/102341.jpg\" \/>\n\t<meta property=\"og:image:width\" content=\"1890\" \/>\n\t<meta property=\"og:image:height\" content=\"1890\" \/>\n\t<meta property=\"og:image:type\" content=\"image\/jpeg\" \/>\n<meta name=\"twitter:card\" content=\"summary_large_image\" \/>\n<script type=\"application\/ld+json\" class=\"yoast-schema-graph\">{\"@context\":\"https:\/\/schema.org\",\"@graph\":[{\"@type\":\"WebPage\",\"@id\":\"https:\/\/justbuildit.eu\/en\/pood\/puitmaterjal\/voodrilauad\/valisvoodrilaud-uys-21x120mm-lasuuritud-2-kihti\/\",\"url\":\"https:\/\/justbuildit.eu\/en\/pood\/puitmaterjal\/voodrilauad\/valisvoodrilaud-uys-21x120mm-lasuuritud-2-kihti\/\",\"name\":\"V\u00e4lisvoodrilaud UYS 21x120mm lasuuritud (2 kihti) - Ehituslahendused\",\"isPartOf\":{\"@id\":\"https:\/\/justbuildit.eu\/en\/#website\"},\"primaryImageOfPage\":{\"@id\":\"https:\/\/justbuildit.eu\/en\/pood\/puitmaterjal\/voodrilauad\/valisvoodrilaud-uys-21x120mm-lasuuritud-2-kihti\/#primaryimage\"},\"image\":{\"@id\":\"https:\/\/justbuildit.eu\/en\/pood\/puitmaterjal\/voodrilauad\/valisvoodrilaud-uys-21x120mm-lasuuritud-2-kihti\/#primaryimage\"},\"thumbnailUrl\":\"https:\/\/justbuildit.eu\/wp-content\/uploads\/2025\/04\/102341.jpg\",\"datePublished\":\"2025-04-12T07:59:12+00:00\",\"dateModified\":\"2026-04-11T09:02:21+00:00\",\"breadcrumb\":{\"@id\":\"https:\/\/justbuildit.eu\/en\/pood\/puitmaterjal\/voodrilauad\/valisvoodrilaud-uys-21x120mm-lasuuritud-2-kihti\/#breadcrumb\"},\"inLanguage\":\"en-US\",\"potentialAction\":[{\"@type\":\"ReadAction\",\"target\":[\"https:\/\/justbuildit.eu\/en\/pood\/puitmaterjal\/voodrilauad\/valisvoodrilaud-uys-21x120mm-lasuuritud-2-kihti\/\"]}]},{\"@type\":\"ImageObject\",\"inLanguage\":\"en-US\",\"@id\":\"https:\/\/justbuildit.eu\/en\/pood\/puitmaterjal\/voodrilauad\/valisvoodrilaud-uys-21x120mm-lasuuritud-2-kihti\/#primaryimage\",\"url\":\"https:\/\/justbuildit.eu\/wp-content\/uploads\/2025\/04\/102341.jpg\",\"contentUrl\":\"https:\/\/justbuildit.eu\/wp-content\/uploads\/2025\/04\/102341.jpg\",\"width\":1890,\"height\":1890},{\"@type\":\"BreadcrumbList\",\"@id\":\"https:\/\/justbuildit.eu\/en\/pood\/puitmaterjal\/voodrilauad\/valisvoodrilaud-uys-21x120mm-lasuuritud-2-kihti\/#breadcrumb\",\"itemListElement\":[{\"@type\":\"ListItem\",\"position\":1,\"name\":\"Home\",\"item\":\"https:\/\/justbuildit.eu\/en\/\"},{\"@type\":\"ListItem\",\"position\":2,\"name\":\"Shop\",\"item\":\"https:\/\/justbuildit.eu\/en\/building-materials\/\"},{\"@type\":\"ListItem\",\"position\":3,\"name\":\"V\u00e4lisvoodrilaud UYS 21x120mm lasuuritud (2 kihti)\"}]},{\"@type\":\"WebSite\",\"@id\":\"https:\/\/justbuildit.eu\/en\/#website\",\"url\":\"https:\/\/justbuildit.eu\/en\/\",\"name\":\"Ehituslahendused\",\"description\":\"Ehituslahendused ja materjalid\",\"publisher\":{\"@id\":\"https:\/\/justbuildit.eu\/en\/#organization\"},\"potentialAction\":[{\"@type\":\"SearchAction\",\"target\":{\"@type\":\"EntryPoint\",\"urlTemplate\":\"https:\/\/justbuildit.eu\/en\/?s={search_term_string}\"},\"query-input\":{\"@type\":\"PropertyValueSpecification\",\"valueRequired\":true,\"valueName\":\"search_term_string\"}}],\"inLanguage\":\"en-US\"},{\"@type\":\"Organization\",\"@id\":\"https:\/\/justbuildit.eu\/en\/#organization\",\"name\":\"Just Build It O\u00dc\",\"url\":\"https:\/\/justbuildit.eu\/en\/\",\"logo\":{\"@type\":\"ImageObject\",\"inLanguage\":\"en-US\",\"@id\":\"https:\/\/justbuildit.eu\/en\/#\/schema\/logo\/image\/\",\"url\":\"https:\/\/justbuildit.eu\/wp-content\/uploads\/2022\/01\/justbuildit.png\",\"contentUrl\":\"https:\/\/justbuildit.eu\/wp-content\/uploads\/2022\/01\/justbuildit.png\",\"width\":173,\"height\":77,\"caption\":\"Just Build It O\u00dc\"},\"image\":{\"@id\":\"https:\/\/justbuildit.eu\/en\/#\/schema\/logo\/image\/\"},\"sameAs\":[\"https:\/\/www.facebook.com\/justbuildit.ee\"]}]}<\/script>\n<!-- \/ Yoast SEO Premium plugin. -->","yoast_head_json":{"title":"V\u00e4lisvoodrilaud UYS 21x120mm lasuuritud (2 kihti) - Ehituslahendused","robots":{"index":"index","follow":"follow","max-snippet":"max-snippet:-1","max-image-preview":"max-image-preview:large","max-video-preview":"max-video-preview:-1"},"canonical":"https:\/\/justbuildit.eu\/en\/pood\/puitmaterjal\/voodrilauad\/valisvoodrilaud-uys-21x120mm-lasuuritud-2-kihti\/","og_locale":"en_US","og_type":"article","og_title":"V\u00e4lisvoodrilaud UYS 21x120mm lasuuritud (2 kihti)","og_description":"Puidukoja v\u00e4rvitud toodete hinnakirja meelespea:","og_url":"https:\/\/justbuildit.eu\/en\/pood\/puitmaterjal\/voodrilauad\/valisvoodrilaud-uys-21x120mm-lasuuritud-2-kihti\/","og_site_name":"Ehituslahendused","article_publisher":"https:\/\/www.facebook.com\/justbuildit.ee","article_modified_time":"2026-04-11T09:02:21+00:00","og_image":[{"width":1890,"height":1890,"url":"https:\/\/justbuildit.eu\/wp-content\/uploads\/2025\/04\/102341.jpg","type":"image\/jpeg"}],"twitter_card":"summary_large_image","schema":{"@context":"https:\/\/schema.org","@graph":[{"@type":"WebPage","@id":"https:\/\/justbuildit.eu\/en\/pood\/puitmaterjal\/voodrilauad\/valisvoodrilaud-uys-21x120mm-lasuuritud-2-kihti\/","url":"https:\/\/justbuildit.eu\/en\/pood\/puitmaterjal\/voodrilauad\/valisvoodrilaud-uys-21x120mm-lasuuritud-2-kihti\/","name":"V\u00e4lisvoodrilaud UYS 21x120mm lasuuritud (2 kihti) - Ehituslahendused","isPartOf":{"@id":"https:\/\/justbuildit.eu\/en\/#website"},"primaryImageOfPage":{"@id":"https:\/\/justbuildit.eu\/en\/pood\/puitmaterjal\/voodrilauad\/valisvoodrilaud-uys-21x120mm-lasuuritud-2-kihti\/#primaryimage"},"image":{"@id":"https:\/\/justbuildit.eu\/en\/pood\/puitmaterjal\/voodrilauad\/valisvoodrilaud-uys-21x120mm-lasuuritud-2-kihti\/#primaryimage"},"thumbnailUrl":"https:\/\/justbuildit.eu\/wp-content\/uploads\/2025\/04\/102341.jpg","datePublished":"2025-04-12T07:59:12+00:00","dateModified":"2026-04-11T09:02:21+00:00","breadcrumb":{"@id":"https:\/\/justbuildit.eu\/en\/pood\/puitmaterjal\/voodrilauad\/valisvoodrilaud-uys-21x120mm-lasuuritud-2-kihti\/#breadcrumb"},"inLanguage":"en-US","potentialAction":[{"@type":"ReadAction","target":["https:\/\/justbuildit.eu\/en\/pood\/puitmaterjal\/voodrilauad\/valisvoodrilaud-uys-21x120mm-lasuuritud-2-kihti\/"]}]},{"@type":"ImageObject","inLanguage":"en-US","@id":"https:\/\/justbuildit.eu\/en\/pood\/puitmaterjal\/voodrilauad\/valisvoodrilaud-uys-21x120mm-lasuuritud-2-kihti\/#primaryimage","url":"https:\/\/justbuildit.eu\/wp-content\/uploads\/2025\/04\/102341.jpg","contentUrl":"https:\/\/justbuildit.eu\/wp-content\/uploads\/2025\/04\/102341.jpg","width":1890,"height":1890},{"@type":"BreadcrumbList","@id":"https:\/\/justbuildit.eu\/en\/pood\/puitmaterjal\/voodrilauad\/valisvoodrilaud-uys-21x120mm-lasuuritud-2-kihti\/#breadcrumb","itemListElement":[{"@type":"ListItem","position":1,"name":"Home","item":"https:\/\/justbuildit.eu\/en\/"},{"@type":"ListItem","position":2,"name":"Shop","item":"https:\/\/justbuildit.eu\/en\/building-materials\/"},{"@type":"ListItem","position":3,"name":"V\u00e4lisvoodrilaud UYS 21x120mm lasuuritud (2 kihti)"}]},{"@type":"WebSite","@id":"https:\/\/justbuildit.eu\/en\/#website","url":"https:\/\/justbuildit.eu\/en\/","name":"Ehituslahendused","description":"Ehituslahendused ja materjalid","publisher":{"@id":"https:\/\/justbuildit.eu\/en\/#organization"},"potentialAction":[{"@type":"SearchAction","target":{"@type":"EntryPoint","urlTemplate":"https:\/\/justbuildit.eu\/en\/?s={search_term_string}"},"query-input":{"@type":"PropertyValueSpecification","valueRequired":true,"valueName":"search_term_string"}}],"inLanguage":"en-US"},{"@type":"Organization","@id":"https:\/\/justbuildit.eu\/en\/#organization","name":"Just Build It O\u00dc","url":"https:\/\/justbuildit.eu\/en\/","logo":{"@type":"ImageObject","inLanguage":"en-US","@id":"https:\/\/justbuildit.eu\/en\/#\/schema\/logo\/image\/","url":"https:\/\/justbuildit.eu\/wp-content\/uploads\/2022\/01\/justbuildit.png","contentUrl":"https:\/\/justbuildit.eu\/wp-content\/uploads\/2022\/01\/justbuildit.png","width":173,"height":77,"caption":"Just Build It O\u00dc"},"image":{"@id":"https:\/\/justbuildit.eu\/en\/#\/schema\/logo\/image\/"},"sameAs":["https:\/\/www.facebook.com\/justbuildit.ee"]}]}},"_links":{"self":[{"href":"https:\/\/justbuildit.eu\/en\/wp-json\/wp\/v2\/product\/547051","targetHints":{"allow":["GET"]}}],"collection":[{"href":"https:\/\/justbuildit.eu\/en\/wp-json\/wp\/v2\/product"}],"about":[{"href":"https:\/\/justbuildit.eu\/en\/wp-json\/wp\/v2\/types\/product"}],"replies":[{"embeddable":true,"href":"https:\/\/justbuildit.eu\/en\/wp-json\/wp\/v2\/comments?post=547051"}],"wp:featuredmedia":[{"embeddable":true,"href":"https:\/\/justbuildit.eu\/en\/wp-json\/wp\/v2\/media\/547052"}],"wp:attachment":[{"href":"https:\/\/justbuildit.eu\/en\/wp-json\/wp\/v2\/media?parent=547051"}],"wp:term":[{"taxonomy":"product_brand","embeddable":true,"href":"https:\/\/justbuildit.eu\/en\/wp-json\/wp\/v2\/product_brand?post=547051"},{"taxonomy":"product_cat","embeddable":true,"href":"https:\/\/justbuildit.eu\/en\/wp-json\/wp\/v2\/product_cat?post=547051"},{"taxonomy":"product_tag","embeddable":true,"href":"https:\/\/justbuildit.eu\/en\/wp-json\/wp\/v2\/product_tag?post=547051"}],"curies":[{"name":"wp","href":"https:\/\/api.w.org\/{rel}","templated":true}]}}