{"id":582309,"date":"2025-08-31T09:39:12","date_gmt":"2025-08-31T06:39:12","guid":{"rendered":"https:\/\/justbuildit.eu\/?post_type=product&#038;p=582309"},"modified":"2026-04-16T12:02:04","modified_gmt":"2026-04-16T09:02:04","slug":"kipsplaat-tule-ja-niiskuskindel-gkfi-hf-125x1200x2600mm","status":"publish","type":"product","link":"https:\/\/justbuildit.eu\/en\/pood\/ehitusplaadid\/kipsplaadid\/kipsplaat-tule-ja-niiskuskindel-gkfi-hf-125x1200x2600mm\/","title":{"rendered":"Kipsplaat tule- ja niiskuskindel GKFI\/HF 12,5x1200x2600mm"},"content":{"rendered":"<p>Sinise kartongkattega tule- ja niiskuskindel erik\u00f5va kipsplaat kasutamiseks konstruktsioonides, millede tugevusele, tuleohutusele, heliisolatsioonile ja niiskuskindlusele on k\u00f5rgemad n\u00f5uded.<\/p>\n<ul>\n<li>Kipsplaate Knauf Blue saab kasutada k\u00f5rgemate omadustega kipsplaattarindites, millel on suurem heliisolatsioon, tulep\u00fcsivusklass, l\u00f6\u00f6gikoormus pinnale, samuti l\u00fchemat aega k\u00f5rgem \u00f5huniiskus.<\/li>\n<li>T\u00e4nu suuremale massile tagab parema heliisolatsiooni, seet\u00f5ttu sobib samuti ka korterite vaheliste seinte jaoks.<\/li>\n<li>T\u00e4nu suuremale tugevusele sobib Knauf Blue \u00fchekorruseliste elementmajade seinte j\u00e4igastamiseks.<\/li>\n<li>Knauf Blue kinnitamiseks aluskarkassile sobivad spetsiaalsed erik\u00f5vade kipsplaatide kruvid Knauf XTN.<\/li>\n<li>12,5 mm plaatide pikiservade t\u00fc\u00fcp on: HRAK ja 15 mm korral AK.<\/li>\n<li>Knauf Blue on pool\u00fcmarate pikiservadega HRAK ja vuukide t\u00e4itmiseks ilma vuugilindita sobivad pahtlid Knauf Uniflott ja Knauf Uniflott impr\u00e4gniert.<\/li>\n<\/ul>\n<p>Omadused:<\/p>\n<ul>\n<li>Esik\u00fclje kartongkatte v\u00e4rvus: sinine<\/li>\n<li>Pikiservade t\u00fc\u00fcp: 12,5 \u2013 HRAK\/15 &#8211; AK<\/li>\n<li>Mittep\u00f5lev, tuletundlikkus: A2-s1, d0<\/li>\n<li>Kontrollitud tules koosp\u00fcsivus<\/li>\n<li>V\u00e4hendatud veeimavus<\/li>\n<li>Suurendatud painde- ja pinnatugevus<\/li>\n<li>Plaadi t\u00fc\u00fcp EN 520 j\u00e4rgi DFH2IR<\/li>\n<li>Plaadi t\u00fc\u00fcp DIN 18180 j\u00e4rgi GKFI<\/li>\n<\/ul>\n","protected":false},"excerpt":{"rendered":"<p>Sinise kartongkattega tule- ja niiskuskindel erik\u00f5va kipsplaat kasutamiseks konstruktsioonides, millede tugevusele, tuleohutusele, heliisolatsioonile ja niiskuskindlusele on k\u00f5rgemad n\u00f5uded.<\/p>","protected":false},"featured_media":582310,"comment_status":"open","ping_status":"closed","template":"","meta":{"_acf_changed":false},"product_brand":[],"product_cat":[53,497],"product_tag":[],"class_list":{"0":"post-582309","1":"product","2":"type-product","3":"status-publish","4":"has-post-thumbnail","6":"product_cat-kipsplaadid","7":"product_cat-puumarket","9":"first","10":"outofstock","11":"shipping-taxable","12":"purchasable","13":"product-type-simple"},"acf":[],"yoast_head":"<!-- This site is optimized with the Yoast SEO Premium plugin v18.7 (Yoast SEO v26.5) - https:\/\/yoast.com\/wordpress\/plugins\/seo\/ -->\n<title>Kipsplaat tule- ja niiskuskindel GKFI\/HF 12,5x1200x2600mm - Ehituslahendused<\/title>\n<meta name=\"robots\" content=\"index, follow, max-snippet:-1, max-image-preview:large, max-video-preview:-1\" \/>\n<link rel=\"canonical\" href=\"https:\/\/justbuildit.eu\/en\/pood\/ehitusplaadid\/kipsplaadid\/kipsplaat-tule-ja-niiskuskindel-gkfi-hf-125x1200x2600mm\/\" \/>\n<meta property=\"og:locale\" content=\"en_US\" \/>\n<meta property=\"og:type\" content=\"article\" \/>\n<meta property=\"og:title\" content=\"Kipsplaat tule- ja niiskuskindel GKFI\/HF 12,5x1200x2600mm\" \/>\n<meta property=\"og:description\" content=\"Sinise kartongkattega tule- ja niiskuskindel erik\u00f5va kipsplaat kasutamiseks konstruktsioonides, millede tugevusele, tuleohutusele, heliisolatsioonile ja niiskuskindlusele on k\u00f5rgemad n\u00f5uded.\" \/>\n<meta property=\"og:url\" content=\"https:\/\/justbuildit.eu\/en\/pood\/ehitusplaadid\/kipsplaadid\/kipsplaat-tule-ja-niiskuskindel-gkfi-hf-125x1200x2600mm\/\" \/>\n<meta property=\"og:site_name\" content=\"Ehituslahendused\" \/>\n<meta property=\"article:publisher\" content=\"https:\/\/www.facebook.com\/justbuildit.ee\" \/>\n<meta property=\"article:modified_time\" content=\"2026-04-16T09:02:04+00:00\" \/>\n<meta property=\"og:image\" content=\"https:\/\/justbuildit.eu\/wp-content\/uploads\/2025\/08\/110242.jpg\" \/>\n\t<meta property=\"og:image:width\" content=\"709\" \/>\n\t<meta property=\"og:image:height\" content=\"709\" \/>\n\t<meta property=\"og:image:type\" content=\"image\/jpeg\" \/>\n<meta name=\"twitter:card\" content=\"summary_large_image\" \/>\n<script type=\"application\/ld+json\" class=\"yoast-schema-graph\">{\"@context\":\"https:\/\/schema.org\",\"@graph\":[{\"@type\":\"WebPage\",\"@id\":\"https:\/\/justbuildit.eu\/en\/pood\/ehitusplaadid\/kipsplaadid\/kipsplaat-tule-ja-niiskuskindel-gkfi-hf-125x1200x2600mm\/\",\"url\":\"https:\/\/justbuildit.eu\/en\/pood\/ehitusplaadid\/kipsplaadid\/kipsplaat-tule-ja-niiskuskindel-gkfi-hf-125x1200x2600mm\/\",\"name\":\"Kipsplaat tule- ja niiskuskindel GKFI\/HF 12,5x1200x2600mm - Ehituslahendused\",\"isPartOf\":{\"@id\":\"https:\/\/justbuildit.eu\/en\/#website\"},\"primaryImageOfPage\":{\"@id\":\"https:\/\/justbuildit.eu\/en\/pood\/ehitusplaadid\/kipsplaadid\/kipsplaat-tule-ja-niiskuskindel-gkfi-hf-125x1200x2600mm\/#primaryimage\"},\"image\":{\"@id\":\"https:\/\/justbuildit.eu\/en\/pood\/ehitusplaadid\/kipsplaadid\/kipsplaat-tule-ja-niiskuskindel-gkfi-hf-125x1200x2600mm\/#primaryimage\"},\"thumbnailUrl\":\"https:\/\/justbuildit.eu\/wp-content\/uploads\/2025\/08\/110242.jpg\",\"datePublished\":\"2025-08-31T06:39:12+00:00\",\"dateModified\":\"2026-04-16T09:02:04+00:00\",\"breadcrumb\":{\"@id\":\"https:\/\/justbuildit.eu\/en\/pood\/ehitusplaadid\/kipsplaadid\/kipsplaat-tule-ja-niiskuskindel-gkfi-hf-125x1200x2600mm\/#breadcrumb\"},\"inLanguage\":\"en-US\",\"potentialAction\":[{\"@type\":\"ReadAction\",\"target\":[\"https:\/\/justbuildit.eu\/en\/pood\/ehitusplaadid\/kipsplaadid\/kipsplaat-tule-ja-niiskuskindel-gkfi-hf-125x1200x2600mm\/\"]}]},{\"@type\":\"ImageObject\",\"inLanguage\":\"en-US\",\"@id\":\"https:\/\/justbuildit.eu\/en\/pood\/ehitusplaadid\/kipsplaadid\/kipsplaat-tule-ja-niiskuskindel-gkfi-hf-125x1200x2600mm\/#primaryimage\",\"url\":\"https:\/\/justbuildit.eu\/wp-content\/uploads\/2025\/08\/110242.jpg\",\"contentUrl\":\"https:\/\/justbuildit.eu\/wp-content\/uploads\/2025\/08\/110242.jpg\",\"width\":709,\"height\":709},{\"@type\":\"BreadcrumbList\",\"@id\":\"https:\/\/justbuildit.eu\/en\/pood\/ehitusplaadid\/kipsplaadid\/kipsplaat-tule-ja-niiskuskindel-gkfi-hf-125x1200x2600mm\/#breadcrumb\",\"itemListElement\":[{\"@type\":\"ListItem\",\"position\":1,\"name\":\"Home\",\"item\":\"https:\/\/justbuildit.eu\/en\/\"},{\"@type\":\"ListItem\",\"position\":2,\"name\":\"Shop\",\"item\":\"https:\/\/justbuildit.eu\/en\/building-materials\/\"},{\"@type\":\"ListItem\",\"position\":3,\"name\":\"Kipsplaat tule- ja niiskuskindel GKFI\/HF 12,5x1200x2600mm\"}]},{\"@type\":\"WebSite\",\"@id\":\"https:\/\/justbuildit.eu\/en\/#website\",\"url\":\"https:\/\/justbuildit.eu\/en\/\",\"name\":\"Ehituslahendused\",\"description\":\"Ehituslahendused ja materjalid\",\"publisher\":{\"@id\":\"https:\/\/justbuildit.eu\/en\/#organization\"},\"potentialAction\":[{\"@type\":\"SearchAction\",\"target\":{\"@type\":\"EntryPoint\",\"urlTemplate\":\"https:\/\/justbuildit.eu\/en\/?s={search_term_string}\"},\"query-input\":{\"@type\":\"PropertyValueSpecification\",\"valueRequired\":true,\"valueName\":\"search_term_string\"}}],\"inLanguage\":\"en-US\"},{\"@type\":\"Organization\",\"@id\":\"https:\/\/justbuildit.eu\/en\/#organization\",\"name\":\"Just Build It O\u00dc\",\"url\":\"https:\/\/justbuildit.eu\/en\/\",\"logo\":{\"@type\":\"ImageObject\",\"inLanguage\":\"en-US\",\"@id\":\"https:\/\/justbuildit.eu\/en\/#\/schema\/logo\/image\/\",\"url\":\"https:\/\/justbuildit.eu\/wp-content\/uploads\/2022\/01\/justbuildit.png\",\"contentUrl\":\"https:\/\/justbuildit.eu\/wp-content\/uploads\/2022\/01\/justbuildit.png\",\"width\":173,\"height\":77,\"caption\":\"Just Build It O\u00dc\"},\"image\":{\"@id\":\"https:\/\/justbuildit.eu\/en\/#\/schema\/logo\/image\/\"},\"sameAs\":[\"https:\/\/www.facebook.com\/justbuildit.ee\"]}]}<\/script>\n<!-- \/ Yoast SEO Premium plugin. -->","yoast_head_json":{"title":"Kipsplaat tule- ja niiskuskindel GKFI\/HF 12,5x1200x2600mm - Ehituslahendused","robots":{"index":"index","follow":"follow","max-snippet":"max-snippet:-1","max-image-preview":"max-image-preview:large","max-video-preview":"max-video-preview:-1"},"canonical":"https:\/\/justbuildit.eu\/en\/pood\/ehitusplaadid\/kipsplaadid\/kipsplaat-tule-ja-niiskuskindel-gkfi-hf-125x1200x2600mm\/","og_locale":"en_US","og_type":"article","og_title":"Kipsplaat tule- ja niiskuskindel GKFI\/HF 12,5x1200x2600mm","og_description":"Sinise kartongkattega tule- ja niiskuskindel erik\u00f5va kipsplaat kasutamiseks konstruktsioonides, millede tugevusele, tuleohutusele, heliisolatsioonile ja niiskuskindlusele on k\u00f5rgemad n\u00f5uded.","og_url":"https:\/\/justbuildit.eu\/en\/pood\/ehitusplaadid\/kipsplaadid\/kipsplaat-tule-ja-niiskuskindel-gkfi-hf-125x1200x2600mm\/","og_site_name":"Ehituslahendused","article_publisher":"https:\/\/www.facebook.com\/justbuildit.ee","article_modified_time":"2026-04-16T09:02:04+00:00","og_image":[{"width":709,"height":709,"url":"https:\/\/justbuildit.eu\/wp-content\/uploads\/2025\/08\/110242.jpg","type":"image\/jpeg"}],"twitter_card":"summary_large_image","schema":{"@context":"https:\/\/schema.org","@graph":[{"@type":"WebPage","@id":"https:\/\/justbuildit.eu\/en\/pood\/ehitusplaadid\/kipsplaadid\/kipsplaat-tule-ja-niiskuskindel-gkfi-hf-125x1200x2600mm\/","url":"https:\/\/justbuildit.eu\/en\/pood\/ehitusplaadid\/kipsplaadid\/kipsplaat-tule-ja-niiskuskindel-gkfi-hf-125x1200x2600mm\/","name":"Kipsplaat tule- ja niiskuskindel GKFI\/HF 12,5x1200x2600mm - Ehituslahendused","isPartOf":{"@id":"https:\/\/justbuildit.eu\/en\/#website"},"primaryImageOfPage":{"@id":"https:\/\/justbuildit.eu\/en\/pood\/ehitusplaadid\/kipsplaadid\/kipsplaat-tule-ja-niiskuskindel-gkfi-hf-125x1200x2600mm\/#primaryimage"},"image":{"@id":"https:\/\/justbuildit.eu\/en\/pood\/ehitusplaadid\/kipsplaadid\/kipsplaat-tule-ja-niiskuskindel-gkfi-hf-125x1200x2600mm\/#primaryimage"},"thumbnailUrl":"https:\/\/justbuildit.eu\/wp-content\/uploads\/2025\/08\/110242.jpg","datePublished":"2025-08-31T06:39:12+00:00","dateModified":"2026-04-16T09:02:04+00:00","breadcrumb":{"@id":"https:\/\/justbuildit.eu\/en\/pood\/ehitusplaadid\/kipsplaadid\/kipsplaat-tule-ja-niiskuskindel-gkfi-hf-125x1200x2600mm\/#breadcrumb"},"inLanguage":"en-US","potentialAction":[{"@type":"ReadAction","target":["https:\/\/justbuildit.eu\/en\/pood\/ehitusplaadid\/kipsplaadid\/kipsplaat-tule-ja-niiskuskindel-gkfi-hf-125x1200x2600mm\/"]}]},{"@type":"ImageObject","inLanguage":"en-US","@id":"https:\/\/justbuildit.eu\/en\/pood\/ehitusplaadid\/kipsplaadid\/kipsplaat-tule-ja-niiskuskindel-gkfi-hf-125x1200x2600mm\/#primaryimage","url":"https:\/\/justbuildit.eu\/wp-content\/uploads\/2025\/08\/110242.jpg","contentUrl":"https:\/\/justbuildit.eu\/wp-content\/uploads\/2025\/08\/110242.jpg","width":709,"height":709},{"@type":"BreadcrumbList","@id":"https:\/\/justbuildit.eu\/en\/pood\/ehitusplaadid\/kipsplaadid\/kipsplaat-tule-ja-niiskuskindel-gkfi-hf-125x1200x2600mm\/#breadcrumb","itemListElement":[{"@type":"ListItem","position":1,"name":"Home","item":"https:\/\/justbuildit.eu\/en\/"},{"@type":"ListItem","position":2,"name":"Shop","item":"https:\/\/justbuildit.eu\/en\/building-materials\/"},{"@type":"ListItem","position":3,"name":"Kipsplaat tule- ja niiskuskindel GKFI\/HF 12,5x1200x2600mm"}]},{"@type":"WebSite","@id":"https:\/\/justbuildit.eu\/en\/#website","url":"https:\/\/justbuildit.eu\/en\/","name":"Ehituslahendused","description":"Ehituslahendused ja materjalid","publisher":{"@id":"https:\/\/justbuildit.eu\/en\/#organization"},"potentialAction":[{"@type":"SearchAction","target":{"@type":"EntryPoint","urlTemplate":"https:\/\/justbuildit.eu\/en\/?s={search_term_string}"},"query-input":{"@type":"PropertyValueSpecification","valueRequired":true,"valueName":"search_term_string"}}],"inLanguage":"en-US"},{"@type":"Organization","@id":"https:\/\/justbuildit.eu\/en\/#organization","name":"Just Build It O\u00dc","url":"https:\/\/justbuildit.eu\/en\/","logo":{"@type":"ImageObject","inLanguage":"en-US","@id":"https:\/\/justbuildit.eu\/en\/#\/schema\/logo\/image\/","url":"https:\/\/justbuildit.eu\/wp-content\/uploads\/2022\/01\/justbuildit.png","contentUrl":"https:\/\/justbuildit.eu\/wp-content\/uploads\/2022\/01\/justbuildit.png","width":173,"height":77,"caption":"Just Build It O\u00dc"},"image":{"@id":"https:\/\/justbuildit.eu\/en\/#\/schema\/logo\/image\/"},"sameAs":["https:\/\/www.facebook.com\/justbuildit.ee"]}]}},"_links":{"self":[{"href":"https:\/\/justbuildit.eu\/en\/wp-json\/wp\/v2\/product\/582309","targetHints":{"allow":["GET"]}}],"collection":[{"href":"https:\/\/justbuildit.eu\/en\/wp-json\/wp\/v2\/product"}],"about":[{"href":"https:\/\/justbuildit.eu\/en\/wp-json\/wp\/v2\/types\/product"}],"replies":[{"embeddable":true,"href":"https:\/\/justbuildit.eu\/en\/wp-json\/wp\/v2\/comments?post=582309"}],"wp:featuredmedia":[{"embeddable":true,"href":"https:\/\/justbuildit.eu\/en\/wp-json\/wp\/v2\/media\/582310"}],"wp:attachment":[{"href":"https:\/\/justbuildit.eu\/en\/wp-json\/wp\/v2\/media?parent=582309"}],"wp:term":[{"taxonomy":"product_brand","embeddable":true,"href":"https:\/\/justbuildit.eu\/en\/wp-json\/wp\/v2\/product_brand?post=582309"},{"taxonomy":"product_cat","embeddable":true,"href":"https:\/\/justbuildit.eu\/en\/wp-json\/wp\/v2\/product_cat?post=582309"},{"taxonomy":"product_tag","embeddable":true,"href":"https:\/\/justbuildit.eu\/en\/wp-json\/wp\/v2\/product_tag?post=582309"}],"curies":[{"name":"wp","href":"https:\/\/api.w.org\/{rel}","templated":true}]}}