{"id":582316,"date":"2025-08-31T09:40:25","date_gmt":"2025-08-31T06:40:25","guid":{"rendered":"https:\/\/justbuildit.eu\/?post_type=product&#038;p=582316"},"modified":"2026-04-16T12:02:04","modified_gmt":"2026-04-16T09:02:04","slug":"kipsplaat-tuletokke-gkf-15x1200x2600mm","status":"publish","type":"product","link":"https:\/\/justbuildit.eu\/en\/pood\/ehitusplaadid\/kipsplaadid\/kipsplaat-tuletokke-gkf-15x1200x2600mm\/","title":{"rendered":"Kipsplaat tulet\u00f5kke GKF 15x1200x2600mm"},"content":{"rendered":"<p>Punase kartongkattega kipsplaadid on spetsiaalselt loodud tulet\u00f5kkeseinte ja \u2013 lagede katmiseks. Plaatidel on kontrollitud tihedus ja kipss\u00fcdamikku on lisatud tules koosp\u00fcsivusaja tagamiseks klaaskiudu, et tule m\u00f5ju korral plaat s\u00e4ilitaks n\u00f5utud aja jooksul koosp\u00fcsivuse.<\/p>\n<p>  <strong>Omadused<\/strong>  <\/p>\n<ul>\n<li>Esik\u00fclje kartongkatte v\u00e4rvus: helepunane<\/li>\n<li>Pikiservade t\u00fc\u00fcp: AK\/HRAK<\/li>\n<li>Mittep\u00f5lev, tuletundlikkus: A2-s1, d0<\/li>\n<li>Min tihedus: 800 kg\/m\u00b3<\/li>\n<li>Kontrollitud tules koosp\u00fcsivus<\/li>\n<li>Painutatav kumerpindade tegemiseks<\/li>\n<li>Lagedel ja katteseintel 2&#215;12,5 mm Knauf RED GKF tagab lagedes tulep\u00fcsivusklassi EI 30<\/li>\n<li>Lagedel ja katteseintel 2&#215;15 mm Knauf RED GKF tagab tulep\u00fcsivusklassi EI 60<\/li>\n<li>Kipsmaterjale ei saa kasutada kohtades (n\u00e4iteks kaminate kattena), kus kasutusaegne temperatuur on k\u00f5rgem kui 50 \u00b0C<\/li>\n<li>Knauf RED GKF vuukide t\u00e4itmiseks pahtel number 1 on kipspahtel Knauf Uniflott<\/li>\n<li>Tulet\u00f5kketarindite alumiste plaadikihtide vuugid tuleb alati t\u00e4ita pahtliga!<\/li>\n<\/ul>\n<p><strong>Kasutusala<\/strong>: Siset\u00f6\u00f6del tulet\u00f5kkevaheseinte, -\u0161ahtseinte ja -lagede ehitamiseks, samuti teras-, puit- v\u00f5i raudbetoonpostidele ning taladele tulekaitsekatete tegemiseks.<\/p>\n","protected":false},"excerpt":{"rendered":"<p>Punase kartongkattega kipsplaadid on spetsiaalselt loodud tulet\u00f5kkeseinte ja \u2013 lagede katmiseks. Plaatidel on kontrollitud tihedus ja kipss\u00fcdamikku on lisatud tules koosp\u00fcsivusaja tagamiseks klaaskiudu, et tule m\u00f5ju korral plaat s\u00e4ilitaks n\u00f5utud aja jooksul koosp\u00fcsivuse.<\/p>","protected":false},"featured_media":582317,"comment_status":"open","ping_status":"closed","template":"","meta":{"_acf_changed":false},"product_brand":[],"product_cat":[53,497],"product_tag":[],"class_list":{"0":"post-582316","1":"product","2":"type-product","3":"status-publish","4":"has-post-thumbnail","6":"product_cat-kipsplaadid","7":"product_cat-puumarket","9":"first","10":"instock","11":"shipping-taxable","12":"purchasable","13":"product-type-simple"},"acf":[],"yoast_head":"<!-- This site is optimized with the Yoast SEO Premium plugin v18.7 (Yoast SEO v26.5) - https:\/\/yoast.com\/wordpress\/plugins\/seo\/ -->\n<title>Kipsplaat tulet\u00f5kke GKF 15x1200x2600mm - Ehituslahendused<\/title>\n<meta name=\"robots\" content=\"index, follow, max-snippet:-1, max-image-preview:large, max-video-preview:-1\" \/>\n<link rel=\"canonical\" href=\"https:\/\/justbuildit.eu\/en\/pood\/ehitusplaadid\/kipsplaadid\/kipsplaat-tuletokke-gkf-15x1200x2600mm\/\" \/>\n<meta property=\"og:locale\" content=\"en_US\" \/>\n<meta property=\"og:type\" content=\"article\" \/>\n<meta property=\"og:title\" content=\"Kipsplaat tulet\u00f5kke GKF 15x1200x2600mm\" \/>\n<meta property=\"og:description\" content=\"Punase kartongkattega kipsplaadid on spetsiaalselt loodud tulet\u00f5kkeseinte ja \u2013 lagede katmiseks. Plaatidel on kontrollitud tihedus ja kipss\u00fcdamikku on lisatud tules koosp\u00fcsivusaja tagamiseks klaaskiudu, et tule m\u00f5ju korral plaat s\u00e4ilitaks n\u00f5utud aja jooksul koosp\u00fcsivuse.\" \/>\n<meta property=\"og:url\" content=\"https:\/\/justbuildit.eu\/en\/pood\/ehitusplaadid\/kipsplaadid\/kipsplaat-tuletokke-gkf-15x1200x2600mm\/\" \/>\n<meta property=\"og:site_name\" content=\"Ehituslahendused\" \/>\n<meta property=\"article:publisher\" content=\"https:\/\/www.facebook.com\/justbuildit.ee\" \/>\n<meta property=\"article:modified_time\" content=\"2026-04-16T09:02:04+00:00\" \/>\n<meta property=\"og:image\" content=\"https:\/\/justbuildit.eu\/wp-content\/uploads\/2025\/08\/110649.jpg\" \/>\n\t<meta property=\"og:image:width\" content=\"709\" \/>\n\t<meta property=\"og:image:height\" content=\"709\" \/>\n\t<meta property=\"og:image:type\" content=\"image\/jpeg\" \/>\n<meta name=\"twitter:card\" content=\"summary_large_image\" \/>\n<script type=\"application\/ld+json\" class=\"yoast-schema-graph\">{\"@context\":\"https:\/\/schema.org\",\"@graph\":[{\"@type\":\"WebPage\",\"@id\":\"https:\/\/justbuildit.eu\/en\/pood\/ehitusplaadid\/kipsplaadid\/kipsplaat-tuletokke-gkf-15x1200x2600mm\/\",\"url\":\"https:\/\/justbuildit.eu\/en\/pood\/ehitusplaadid\/kipsplaadid\/kipsplaat-tuletokke-gkf-15x1200x2600mm\/\",\"name\":\"Kipsplaat tulet\u00f5kke GKF 15x1200x2600mm - Ehituslahendused\",\"isPartOf\":{\"@id\":\"https:\/\/justbuildit.eu\/en\/#website\"},\"primaryImageOfPage\":{\"@id\":\"https:\/\/justbuildit.eu\/en\/pood\/ehitusplaadid\/kipsplaadid\/kipsplaat-tuletokke-gkf-15x1200x2600mm\/#primaryimage\"},\"image\":{\"@id\":\"https:\/\/justbuildit.eu\/en\/pood\/ehitusplaadid\/kipsplaadid\/kipsplaat-tuletokke-gkf-15x1200x2600mm\/#primaryimage\"},\"thumbnailUrl\":\"https:\/\/justbuildit.eu\/wp-content\/uploads\/2025\/08\/110649.jpg\",\"datePublished\":\"2025-08-31T06:40:25+00:00\",\"dateModified\":\"2026-04-16T09:02:04+00:00\",\"breadcrumb\":{\"@id\":\"https:\/\/justbuildit.eu\/en\/pood\/ehitusplaadid\/kipsplaadid\/kipsplaat-tuletokke-gkf-15x1200x2600mm\/#breadcrumb\"},\"inLanguage\":\"en-US\",\"potentialAction\":[{\"@type\":\"ReadAction\",\"target\":[\"https:\/\/justbuildit.eu\/en\/pood\/ehitusplaadid\/kipsplaadid\/kipsplaat-tuletokke-gkf-15x1200x2600mm\/\"]}]},{\"@type\":\"ImageObject\",\"inLanguage\":\"en-US\",\"@id\":\"https:\/\/justbuildit.eu\/en\/pood\/ehitusplaadid\/kipsplaadid\/kipsplaat-tuletokke-gkf-15x1200x2600mm\/#primaryimage\",\"url\":\"https:\/\/justbuildit.eu\/wp-content\/uploads\/2025\/08\/110649.jpg\",\"contentUrl\":\"https:\/\/justbuildit.eu\/wp-content\/uploads\/2025\/08\/110649.jpg\",\"width\":709,\"height\":709},{\"@type\":\"BreadcrumbList\",\"@id\":\"https:\/\/justbuildit.eu\/en\/pood\/ehitusplaadid\/kipsplaadid\/kipsplaat-tuletokke-gkf-15x1200x2600mm\/#breadcrumb\",\"itemListElement\":[{\"@type\":\"ListItem\",\"position\":1,\"name\":\"Home\",\"item\":\"https:\/\/justbuildit.eu\/en\/\"},{\"@type\":\"ListItem\",\"position\":2,\"name\":\"Shop\",\"item\":\"https:\/\/justbuildit.eu\/en\/building-materials\/\"},{\"@type\":\"ListItem\",\"position\":3,\"name\":\"Kipsplaat tulet\u00f5kke GKF 15x1200x2600mm\"}]},{\"@type\":\"WebSite\",\"@id\":\"https:\/\/justbuildit.eu\/en\/#website\",\"url\":\"https:\/\/justbuildit.eu\/en\/\",\"name\":\"Ehituslahendused\",\"description\":\"Ehituslahendused ja materjalid\",\"publisher\":{\"@id\":\"https:\/\/justbuildit.eu\/en\/#organization\"},\"potentialAction\":[{\"@type\":\"SearchAction\",\"target\":{\"@type\":\"EntryPoint\",\"urlTemplate\":\"https:\/\/justbuildit.eu\/en\/?s={search_term_string}\"},\"query-input\":{\"@type\":\"PropertyValueSpecification\",\"valueRequired\":true,\"valueName\":\"search_term_string\"}}],\"inLanguage\":\"en-US\"},{\"@type\":\"Organization\",\"@id\":\"https:\/\/justbuildit.eu\/en\/#organization\",\"name\":\"Just Build It O\u00dc\",\"url\":\"https:\/\/justbuildit.eu\/en\/\",\"logo\":{\"@type\":\"ImageObject\",\"inLanguage\":\"en-US\",\"@id\":\"https:\/\/justbuildit.eu\/en\/#\/schema\/logo\/image\/\",\"url\":\"https:\/\/justbuildit.eu\/wp-content\/uploads\/2022\/01\/justbuildit.png\",\"contentUrl\":\"https:\/\/justbuildit.eu\/wp-content\/uploads\/2022\/01\/justbuildit.png\",\"width\":173,\"height\":77,\"caption\":\"Just Build It O\u00dc\"},\"image\":{\"@id\":\"https:\/\/justbuildit.eu\/en\/#\/schema\/logo\/image\/\"},\"sameAs\":[\"https:\/\/www.facebook.com\/justbuildit.ee\"]}]}<\/script>\n<!-- \/ Yoast SEO Premium plugin. -->","yoast_head_json":{"title":"Kipsplaat tulet\u00f5kke GKF 15x1200x2600mm - Ehituslahendused","robots":{"index":"index","follow":"follow","max-snippet":"max-snippet:-1","max-image-preview":"max-image-preview:large","max-video-preview":"max-video-preview:-1"},"canonical":"https:\/\/justbuildit.eu\/en\/pood\/ehitusplaadid\/kipsplaadid\/kipsplaat-tuletokke-gkf-15x1200x2600mm\/","og_locale":"en_US","og_type":"article","og_title":"Kipsplaat tulet\u00f5kke GKF 15x1200x2600mm","og_description":"Punase kartongkattega kipsplaadid on spetsiaalselt loodud tulet\u00f5kkeseinte ja \u2013 lagede katmiseks. Plaatidel on kontrollitud tihedus ja kipss\u00fcdamikku on lisatud tules koosp\u00fcsivusaja tagamiseks klaaskiudu, et tule m\u00f5ju korral plaat s\u00e4ilitaks n\u00f5utud aja jooksul koosp\u00fcsivuse.","og_url":"https:\/\/justbuildit.eu\/en\/pood\/ehitusplaadid\/kipsplaadid\/kipsplaat-tuletokke-gkf-15x1200x2600mm\/","og_site_name":"Ehituslahendused","article_publisher":"https:\/\/www.facebook.com\/justbuildit.ee","article_modified_time":"2026-04-16T09:02:04+00:00","og_image":[{"width":709,"height":709,"url":"https:\/\/justbuildit.eu\/wp-content\/uploads\/2025\/08\/110649.jpg","type":"image\/jpeg"}],"twitter_card":"summary_large_image","schema":{"@context":"https:\/\/schema.org","@graph":[{"@type":"WebPage","@id":"https:\/\/justbuildit.eu\/en\/pood\/ehitusplaadid\/kipsplaadid\/kipsplaat-tuletokke-gkf-15x1200x2600mm\/","url":"https:\/\/justbuildit.eu\/en\/pood\/ehitusplaadid\/kipsplaadid\/kipsplaat-tuletokke-gkf-15x1200x2600mm\/","name":"Kipsplaat tulet\u00f5kke GKF 15x1200x2600mm - Ehituslahendused","isPartOf":{"@id":"https:\/\/justbuildit.eu\/en\/#website"},"primaryImageOfPage":{"@id":"https:\/\/justbuildit.eu\/en\/pood\/ehitusplaadid\/kipsplaadid\/kipsplaat-tuletokke-gkf-15x1200x2600mm\/#primaryimage"},"image":{"@id":"https:\/\/justbuildit.eu\/en\/pood\/ehitusplaadid\/kipsplaadid\/kipsplaat-tuletokke-gkf-15x1200x2600mm\/#primaryimage"},"thumbnailUrl":"https:\/\/justbuildit.eu\/wp-content\/uploads\/2025\/08\/110649.jpg","datePublished":"2025-08-31T06:40:25+00:00","dateModified":"2026-04-16T09:02:04+00:00","breadcrumb":{"@id":"https:\/\/justbuildit.eu\/en\/pood\/ehitusplaadid\/kipsplaadid\/kipsplaat-tuletokke-gkf-15x1200x2600mm\/#breadcrumb"},"inLanguage":"en-US","potentialAction":[{"@type":"ReadAction","target":["https:\/\/justbuildit.eu\/en\/pood\/ehitusplaadid\/kipsplaadid\/kipsplaat-tuletokke-gkf-15x1200x2600mm\/"]}]},{"@type":"ImageObject","inLanguage":"en-US","@id":"https:\/\/justbuildit.eu\/en\/pood\/ehitusplaadid\/kipsplaadid\/kipsplaat-tuletokke-gkf-15x1200x2600mm\/#primaryimage","url":"https:\/\/justbuildit.eu\/wp-content\/uploads\/2025\/08\/110649.jpg","contentUrl":"https:\/\/justbuildit.eu\/wp-content\/uploads\/2025\/08\/110649.jpg","width":709,"height":709},{"@type":"BreadcrumbList","@id":"https:\/\/justbuildit.eu\/en\/pood\/ehitusplaadid\/kipsplaadid\/kipsplaat-tuletokke-gkf-15x1200x2600mm\/#breadcrumb","itemListElement":[{"@type":"ListItem","position":1,"name":"Home","item":"https:\/\/justbuildit.eu\/en\/"},{"@type":"ListItem","position":2,"name":"Shop","item":"https:\/\/justbuildit.eu\/en\/building-materials\/"},{"@type":"ListItem","position":3,"name":"Kipsplaat tulet\u00f5kke GKF 15x1200x2600mm"}]},{"@type":"WebSite","@id":"https:\/\/justbuildit.eu\/en\/#website","url":"https:\/\/justbuildit.eu\/en\/","name":"Ehituslahendused","description":"Ehituslahendused ja materjalid","publisher":{"@id":"https:\/\/justbuildit.eu\/en\/#organization"},"potentialAction":[{"@type":"SearchAction","target":{"@type":"EntryPoint","urlTemplate":"https:\/\/justbuildit.eu\/en\/?s={search_term_string}"},"query-input":{"@type":"PropertyValueSpecification","valueRequired":true,"valueName":"search_term_string"}}],"inLanguage":"en-US"},{"@type":"Organization","@id":"https:\/\/justbuildit.eu\/en\/#organization","name":"Just Build It O\u00dc","url":"https:\/\/justbuildit.eu\/en\/","logo":{"@type":"ImageObject","inLanguage":"en-US","@id":"https:\/\/justbuildit.eu\/en\/#\/schema\/logo\/image\/","url":"https:\/\/justbuildit.eu\/wp-content\/uploads\/2022\/01\/justbuildit.png","contentUrl":"https:\/\/justbuildit.eu\/wp-content\/uploads\/2022\/01\/justbuildit.png","width":173,"height":77,"caption":"Just Build It O\u00dc"},"image":{"@id":"https:\/\/justbuildit.eu\/en\/#\/schema\/logo\/image\/"},"sameAs":["https:\/\/www.facebook.com\/justbuildit.ee"]}]}},"_links":{"self":[{"href":"https:\/\/justbuildit.eu\/en\/wp-json\/wp\/v2\/product\/582316","targetHints":{"allow":["GET"]}}],"collection":[{"href":"https:\/\/justbuildit.eu\/en\/wp-json\/wp\/v2\/product"}],"about":[{"href":"https:\/\/justbuildit.eu\/en\/wp-json\/wp\/v2\/types\/product"}],"replies":[{"embeddable":true,"href":"https:\/\/justbuildit.eu\/en\/wp-json\/wp\/v2\/comments?post=582316"}],"wp:featuredmedia":[{"embeddable":true,"href":"https:\/\/justbuildit.eu\/en\/wp-json\/wp\/v2\/media\/582317"}],"wp:attachment":[{"href":"https:\/\/justbuildit.eu\/en\/wp-json\/wp\/v2\/media?parent=582316"}],"wp:term":[{"taxonomy":"product_brand","embeddable":true,"href":"https:\/\/justbuildit.eu\/en\/wp-json\/wp\/v2\/product_brand?post=582316"},{"taxonomy":"product_cat","embeddable":true,"href":"https:\/\/justbuildit.eu\/en\/wp-json\/wp\/v2\/product_cat?post=582316"},{"taxonomy":"product_tag","embeddable":true,"href":"https:\/\/justbuildit.eu\/en\/wp-json\/wp\/v2\/product_tag?post=582316"}],"curies":[{"name":"wp","href":"https:\/\/api.w.org\/{rel}","templated":true}]}}