{"id":599572,"date":"2025-10-23T13:04:51","date_gmt":"2025-10-23T10:04:51","guid":{"rendered":"https:\/\/justbuildit.eu\/?post_type=product&#038;p=599572"},"modified":"2026-04-11T12:01:39","modified_gmt":"2026-04-11T09:01:39","slug":"kipspahtel-knauf-uniflott-5kg","status":"publish","type":"product","link":"https:\/\/justbuildit.eu\/en\/pood\/pahtel\/kipspahtel-knauf-uniflott-5kg\/","title":{"rendered":"KIPSPAHTEL KNAUF UNIFLOTT 5KG"},"content":{"rendered":"<div class=\"row\"  id=\"row-1392797384\">\n<div id=\"col-1419168175\" class=\"col medium-9 small-12 large-9\"  >\n<div class=\"col-inner\"  >\n<h3>Kipspahtel Knauf Uniflott 5kg<\/h3>\n<p>Erikipsil p\u00f5hinev veega segamisvalmis kipsplaatide (HRAK ja HRK-servadele ilma vuugilindita) vuugipahtli kuivsegu. Kulu: umbes 250 g vuugi 1 m kohta.<\/p>\n<p>&#8211; Siset\u00f6\u00f6deks<br \/>\n&#8211; Pulbriline, segamisvalmis<br \/>\n&#8211; Mittep\u00f5lev, tuletundlikkus: A1<br \/>\n&#8211; Veega segatud segu on t\u00f6\u00f6deldav kuni u 45 minutit<br \/>\n&#8211; T\u00e4idab korraga plaadikihi paksuse vuugi<br \/>\n&#8211; V\u00e4hene mahukahanemine<br \/>\n&#8211; Vuugipahtel EN 13963 t\u00fc\u00fcp 4B<\/p>\n<div id=\"gap-331176872\" class=\"gap-element clearfix\" style=\"display:block; height:auto;\">\n<style>\n#gap-331176872 {\n  padding-top: 30px;\n}\n<\/style>\n<\/p>\n<\/div>\n<h3>Kasutamise \u00fcksikasjad<\/h3>\n<p>Ilma vuugilindita HRK (pool\u00fcmara) ja HRAK (pool\u00fcmara \u00f5hendatud) pikiservadega kipsplaadivuukide, perforeeritud kipsplaadid Knauf Cleaneo\u00ae Akustik servat\u00fc\u00fcbiga SK (l\u00f5igatud) v\u00f5i UFF (astmelised), p\u00f5randa-kipskiudplaatide Knauf Brio ja kartongkattega p\u00f5randakipsplaatide vaheliste vuukide pahteldamiseks. L\u00f5igatud v\u00f5i \u00f5hendusega kantservadega (AK) kipsplaadivuugid pahteldada koos pabervuugilindiga.<\/p>\n<p><strong>Kasutamine:<\/strong> Puistake Uniflott pulbrit k\u00fclma puhta veega segukaussi kuni vee pinnale j\u00e4\u00e4vad \u201esaarekesed\u02ee (kuni 5 kg pahtlit 2,4 l vette). Oodake 2\u20133 minutit ja seej\u00e4rel segage kelluga, kuni segu muutub hapukooretaolise konsistentsiga massiks. T\u00e4itke kipsplaadivuugid pahtliga ja \u00f5hendusega kandiliste AK-servade korral paigaldage vuugikattelint ning siluge tasaseks. Pabervuugikattelinti mitte katta pahtliga enne j\u00e4rgmist p\u00e4eva. Ka on soovitav katta l\u00f5igatud ja faasitud servadega kipsplaatide vuugid pabervuugikattelindiga. Enne uue pahtli pealekandmist veenduge, et eelmine kiht on kuiv. Peske t\u00f6\u00f6riistad kohe veega puhtaks.<\/p>\n<\/p>\n<\/div>\n<\/div>\n<div id=\"col-224176476\" class=\"col medium-3 small-12 large-3\"  >\n<div class=\"col-inner\"  >\n<h3>Tooteleht<\/h3>\n<p><a href=\"https:\/\/espak.ee\/epood\/wp-content\/uploads\/2022\/04\/Knauf_Uniflott_K467ee_2018.pdf\"target=\"_blank\" rel=\"noopener noreferrer\"><i class=\"far fa-file-pdf\"><\/i> Tooteleht (PDF)<\/a><\/p>\n<h3>Ohutusalane teave<\/h3>\n<p><a href=\"https:\/\/espak.ee\/epood\/wp-content\/uploads\/2022\/04\/OK_Knauf_Uniflott_2015.pdf\"target=\"_blank\" rel=\"noopener noreferrer\"><i class=\"far fa-file-pdf\"><\/i> Ohutuskaart (PDF)<\/a><\/p>\n<div class=\"is-divider divider clearfix\" ><\/div>\n<p><strong>\u00dcksikasjalikuma n\u00f5u saamiseks v\u00f5tke \u00fchendust:<br \/><\/strong>Knauf Tallinn U\u00dc<br \/>J\u00e4rvevana tee 7B<br \/>10132<br \/>Tallinn<br \/>+372 6518697<\/p>\n<div class=\"is-divider divider clearfix\" ><\/div>\n<\/p>\n<\/div>\n<\/div>\n<\/div>\n","protected":false},"excerpt":{"rendered":"<p>Erikipsil p\u00f5hinev veega segamisvalmis kipsplaatide (HRAK ja HRK-servadele ilma vuugilindita) vuugipahtli kuivsegu. Kulu: umbes 250 g vuugi 1 m kohta.<\/p>","protected":false},"featured_media":648165,"comment_status":"open","ping_status":"closed","template":"","meta":{"_acf_changed":false},"product_brand":[],"product_cat":[90,498],"product_tag":[],"class_list":{"0":"post-599572","1":"product","2":"type-product","3":"status-publish","4":"has-post-thumbnail","6":"product_cat-pahtel","7":"product_cat-espak","9":"first","10":"instock","11":"sale","12":"shipping-taxable","13":"purchasable","14":"product-type-simple"},"acf":[],"yoast_head":"<!-- This site is optimized with the Yoast SEO Premium plugin v18.7 (Yoast SEO v26.5) - https:\/\/yoast.com\/wordpress\/plugins\/seo\/ -->\n<title>KIPSPAHTEL KNAUF UNIFLOTT 5KG - Ehituslahendused<\/title>\n<meta name=\"robots\" content=\"index, follow, max-snippet:-1, max-image-preview:large, max-video-preview:-1\" \/>\n<link rel=\"canonical\" href=\"https:\/\/justbuildit.eu\/en\/pood\/pahtel\/kipspahtel-knauf-uniflott-5kg\/\" \/>\n<meta property=\"og:locale\" content=\"en_US\" \/>\n<meta property=\"og:type\" content=\"article\" \/>\n<meta property=\"og:title\" content=\"KIPSPAHTEL KNAUF UNIFLOTT 5KG\" \/>\n<meta property=\"og:description\" content=\"Erikipsil p\u00f5hinev veega segamisvalmis kipsplaatide (HRAK ja HRK-servadele ilma vuugilindita) vuugipahtli kuivsegu. Kulu: umbes 250 g vuugi 1 m kohta.\" \/>\n<meta property=\"og:url\" content=\"https:\/\/justbuildit.eu\/en\/pood\/pahtel\/kipspahtel-knauf-uniflott-5kg\/\" \/>\n<meta property=\"og:site_name\" content=\"Ehituslahendused\" \/>\n<meta property=\"article:publisher\" content=\"https:\/\/www.facebook.com\/justbuildit.ee\" \/>\n<meta property=\"article:modified_time\" content=\"2026-04-11T09:01:39+00:00\" \/>\n<meta property=\"og:image\" content=\"https:\/\/justbuildit.eu\/wp-content\/uploads\/2025\/10\/464871_683x512-2-2.jpg\" \/>\n\t<meta property=\"og:image:width\" content=\"800\" \/>\n\t<meta property=\"og:image:height\" content=\"800\" \/>\n\t<meta property=\"og:image:type\" content=\"image\/jpeg\" \/>\n<meta name=\"twitter:card\" content=\"summary_large_image\" \/>\n<script type=\"application\/ld+json\" class=\"yoast-schema-graph\">{\"@context\":\"https:\/\/schema.org\",\"@graph\":[{\"@type\":\"WebPage\",\"@id\":\"https:\/\/justbuildit.eu\/en\/pood\/pahtel\/kipspahtel-knauf-uniflott-5kg\/\",\"url\":\"https:\/\/justbuildit.eu\/en\/pood\/pahtel\/kipspahtel-knauf-uniflott-5kg\/\",\"name\":\"KIPSPAHTEL KNAUF UNIFLOTT 5KG - Ehituslahendused\",\"isPartOf\":{\"@id\":\"https:\/\/justbuildit.eu\/en\/#website\"},\"primaryImageOfPage\":{\"@id\":\"https:\/\/justbuildit.eu\/en\/pood\/pahtel\/kipspahtel-knauf-uniflott-5kg\/#primaryimage\"},\"image\":{\"@id\":\"https:\/\/justbuildit.eu\/en\/pood\/pahtel\/kipspahtel-knauf-uniflott-5kg\/#primaryimage\"},\"thumbnailUrl\":\"https:\/\/justbuildit.eu\/wp-content\/uploads\/2025\/10\/464871_683x512-2-1.jpg\",\"datePublished\":\"2025-10-23T10:04:51+00:00\",\"dateModified\":\"2026-04-11T09:01:39+00:00\",\"breadcrumb\":{\"@id\":\"https:\/\/justbuildit.eu\/en\/pood\/pahtel\/kipspahtel-knauf-uniflott-5kg\/#breadcrumb\"},\"inLanguage\":\"en-US\",\"potentialAction\":[{\"@type\":\"ReadAction\",\"target\":[\"https:\/\/justbuildit.eu\/en\/pood\/pahtel\/kipspahtel-knauf-uniflott-5kg\/\"]}]},{\"@type\":\"ImageObject\",\"inLanguage\":\"en-US\",\"@id\":\"https:\/\/justbuildit.eu\/en\/pood\/pahtel\/kipspahtel-knauf-uniflott-5kg\/#primaryimage\",\"url\":\"https:\/\/justbuildit.eu\/wp-content\/uploads\/2025\/10\/464871_683x512-2-1.jpg\",\"contentUrl\":\"https:\/\/justbuildit.eu\/wp-content\/uploads\/2025\/10\/464871_683x512-2-1.jpg\",\"width\":800,\"height\":800},{\"@type\":\"BreadcrumbList\",\"@id\":\"https:\/\/justbuildit.eu\/en\/pood\/pahtel\/kipspahtel-knauf-uniflott-5kg\/#breadcrumb\",\"itemListElement\":[{\"@type\":\"ListItem\",\"position\":1,\"name\":\"Home\",\"item\":\"https:\/\/justbuildit.eu\/en\/\"},{\"@type\":\"ListItem\",\"position\":2,\"name\":\"Shop\",\"item\":\"https:\/\/justbuildit.eu\/en\/building-materials\/\"},{\"@type\":\"ListItem\",\"position\":3,\"name\":\"KIPSPAHTEL KNAUF UNIFLOTT 5KG\"}]},{\"@type\":\"WebSite\",\"@id\":\"https:\/\/justbuildit.eu\/en\/#website\",\"url\":\"https:\/\/justbuildit.eu\/en\/\",\"name\":\"Ehituslahendused\",\"description\":\"Ehituslahendused ja materjalid\",\"publisher\":{\"@id\":\"https:\/\/justbuildit.eu\/en\/#organization\"},\"potentialAction\":[{\"@type\":\"SearchAction\",\"target\":{\"@type\":\"EntryPoint\",\"urlTemplate\":\"https:\/\/justbuildit.eu\/en\/?s={search_term_string}\"},\"query-input\":{\"@type\":\"PropertyValueSpecification\",\"valueRequired\":true,\"valueName\":\"search_term_string\"}}],\"inLanguage\":\"en-US\"},{\"@type\":\"Organization\",\"@id\":\"https:\/\/justbuildit.eu\/en\/#organization\",\"name\":\"Just Build It O\u00dc\",\"url\":\"https:\/\/justbuildit.eu\/en\/\",\"logo\":{\"@type\":\"ImageObject\",\"inLanguage\":\"en-US\",\"@id\":\"https:\/\/justbuildit.eu\/en\/#\/schema\/logo\/image\/\",\"url\":\"https:\/\/justbuildit.eu\/wp-content\/uploads\/2022\/01\/justbuildit.png\",\"contentUrl\":\"https:\/\/justbuildit.eu\/wp-content\/uploads\/2022\/01\/justbuildit.png\",\"width\":173,\"height\":77,\"caption\":\"Just Build It O\u00dc\"},\"image\":{\"@id\":\"https:\/\/justbuildit.eu\/en\/#\/schema\/logo\/image\/\"},\"sameAs\":[\"https:\/\/www.facebook.com\/justbuildit.ee\"]}]}<\/script>\n<!-- \/ Yoast SEO Premium plugin. -->","yoast_head_json":{"title":"KIPSPAHTEL KNAUF UNIFLOTT 5KG - Ehituslahendused","robots":{"index":"index","follow":"follow","max-snippet":"max-snippet:-1","max-image-preview":"max-image-preview:large","max-video-preview":"max-video-preview:-1"},"canonical":"https:\/\/justbuildit.eu\/en\/pood\/pahtel\/kipspahtel-knauf-uniflott-5kg\/","og_locale":"en_US","og_type":"article","og_title":"KIPSPAHTEL KNAUF UNIFLOTT 5KG","og_description":"Erikipsil p\u00f5hinev veega segamisvalmis kipsplaatide (HRAK ja HRK-servadele ilma vuugilindita) vuugipahtli kuivsegu. Kulu: umbes 250 g vuugi 1 m kohta.","og_url":"https:\/\/justbuildit.eu\/en\/pood\/pahtel\/kipspahtel-knauf-uniflott-5kg\/","og_site_name":"Ehituslahendused","article_publisher":"https:\/\/www.facebook.com\/justbuildit.ee","article_modified_time":"2026-04-11T09:01:39+00:00","og_image":[{"width":800,"height":800,"url":"https:\/\/justbuildit.eu\/wp-content\/uploads\/2025\/10\/464871_683x512-2-2.jpg","type":"image\/jpeg"}],"twitter_card":"summary_large_image","schema":{"@context":"https:\/\/schema.org","@graph":[{"@type":"WebPage","@id":"https:\/\/justbuildit.eu\/en\/pood\/pahtel\/kipspahtel-knauf-uniflott-5kg\/","url":"https:\/\/justbuildit.eu\/en\/pood\/pahtel\/kipspahtel-knauf-uniflott-5kg\/","name":"KIPSPAHTEL KNAUF UNIFLOTT 5KG - Ehituslahendused","isPartOf":{"@id":"https:\/\/justbuildit.eu\/en\/#website"},"primaryImageOfPage":{"@id":"https:\/\/justbuildit.eu\/en\/pood\/pahtel\/kipspahtel-knauf-uniflott-5kg\/#primaryimage"},"image":{"@id":"https:\/\/justbuildit.eu\/en\/pood\/pahtel\/kipspahtel-knauf-uniflott-5kg\/#primaryimage"},"thumbnailUrl":"https:\/\/justbuildit.eu\/wp-content\/uploads\/2025\/10\/464871_683x512-2-1.jpg","datePublished":"2025-10-23T10:04:51+00:00","dateModified":"2026-04-11T09:01:39+00:00","breadcrumb":{"@id":"https:\/\/justbuildit.eu\/en\/pood\/pahtel\/kipspahtel-knauf-uniflott-5kg\/#breadcrumb"},"inLanguage":"en-US","potentialAction":[{"@type":"ReadAction","target":["https:\/\/justbuildit.eu\/en\/pood\/pahtel\/kipspahtel-knauf-uniflott-5kg\/"]}]},{"@type":"ImageObject","inLanguage":"en-US","@id":"https:\/\/justbuildit.eu\/en\/pood\/pahtel\/kipspahtel-knauf-uniflott-5kg\/#primaryimage","url":"https:\/\/justbuildit.eu\/wp-content\/uploads\/2025\/10\/464871_683x512-2-1.jpg","contentUrl":"https:\/\/justbuildit.eu\/wp-content\/uploads\/2025\/10\/464871_683x512-2-1.jpg","width":800,"height":800},{"@type":"BreadcrumbList","@id":"https:\/\/justbuildit.eu\/en\/pood\/pahtel\/kipspahtel-knauf-uniflott-5kg\/#breadcrumb","itemListElement":[{"@type":"ListItem","position":1,"name":"Home","item":"https:\/\/justbuildit.eu\/en\/"},{"@type":"ListItem","position":2,"name":"Shop","item":"https:\/\/justbuildit.eu\/en\/building-materials\/"},{"@type":"ListItem","position":3,"name":"KIPSPAHTEL KNAUF UNIFLOTT 5KG"}]},{"@type":"WebSite","@id":"https:\/\/justbuildit.eu\/en\/#website","url":"https:\/\/justbuildit.eu\/en\/","name":"Ehituslahendused","description":"Ehituslahendused ja materjalid","publisher":{"@id":"https:\/\/justbuildit.eu\/en\/#organization"},"potentialAction":[{"@type":"SearchAction","target":{"@type":"EntryPoint","urlTemplate":"https:\/\/justbuildit.eu\/en\/?s={search_term_string}"},"query-input":{"@type":"PropertyValueSpecification","valueRequired":true,"valueName":"search_term_string"}}],"inLanguage":"en-US"},{"@type":"Organization","@id":"https:\/\/justbuildit.eu\/en\/#organization","name":"Just Build It O\u00dc","url":"https:\/\/justbuildit.eu\/en\/","logo":{"@type":"ImageObject","inLanguage":"en-US","@id":"https:\/\/justbuildit.eu\/en\/#\/schema\/logo\/image\/","url":"https:\/\/justbuildit.eu\/wp-content\/uploads\/2022\/01\/justbuildit.png","contentUrl":"https:\/\/justbuildit.eu\/wp-content\/uploads\/2022\/01\/justbuildit.png","width":173,"height":77,"caption":"Just Build It O\u00dc"},"image":{"@id":"https:\/\/justbuildit.eu\/en\/#\/schema\/logo\/image\/"},"sameAs":["https:\/\/www.facebook.com\/justbuildit.ee"]}]}},"_links":{"self":[{"href":"https:\/\/justbuildit.eu\/en\/wp-json\/wp\/v2\/product\/599572","targetHints":{"allow":["GET"]}}],"collection":[{"href":"https:\/\/justbuildit.eu\/en\/wp-json\/wp\/v2\/product"}],"about":[{"href":"https:\/\/justbuildit.eu\/en\/wp-json\/wp\/v2\/types\/product"}],"replies":[{"embeddable":true,"href":"https:\/\/justbuildit.eu\/en\/wp-json\/wp\/v2\/comments?post=599572"}],"wp:featuredmedia":[{"embeddable":true,"href":"https:\/\/justbuildit.eu\/en\/wp-json\/wp\/v2\/media\/648165"}],"wp:attachment":[{"href":"https:\/\/justbuildit.eu\/en\/wp-json\/wp\/v2\/media?parent=599572"}],"wp:term":[{"taxonomy":"product_brand","embeddable":true,"href":"https:\/\/justbuildit.eu\/en\/wp-json\/wp\/v2\/product_brand?post=599572"},{"taxonomy":"product_cat","embeddable":true,"href":"https:\/\/justbuildit.eu\/en\/wp-json\/wp\/v2\/product_cat?post=599572"},{"taxonomy":"product_tag","embeddable":true,"href":"https:\/\/justbuildit.eu\/en\/wp-json\/wp\/v2\/product_tag?post=599572"}],"curies":[{"name":"wp","href":"https:\/\/api.w.org\/{rel}","templated":true}]}}