{"id":599577,"date":"2025-10-23T13:06:19","date_gmt":"2025-10-23T10:06:19","guid":{"rendered":"https:\/\/justbuildit.eu\/?post_type=product&#038;p=599577"},"modified":"2026-04-11T12:01:39","modified_gmt":"2026-04-11T09:01:39","slug":"kasutamisvalmis-universaalpahtel-knauf-super-finish-54kg-2","status":"publish","type":"product","link":"https:\/\/justbuildit.eu\/en\/pood\/pahtel\/kasutamisvalmis-universaalpahtel-knauf-super-finish-54kg-2\/","title":{"rendered":"KASUTAMISVALMIS UNIVERSAALPAHTEL KNAUF SUPER FINISH 5,4KG"},"content":{"rendered":"<div class=\"row\"  id=\"row-327852375\">\n<div id=\"col-1832323217\" class=\"col medium-9 small-12 large-9\"  >\n<div class=\"col-inner\"  >\n<h3>Kasutamisvalmis universaalpahtel Knauf Super Finish 5,4kg<\/h3>\n<p>Kasutamisvalmis universaalpahtel sisetingimustes kuivade ruumide pahteldamiseks. Kulu pinna pahteldamisel u 1,6 kg\/m\u00b2\/mm.<\/p>\n<p>&#8211; Siset\u00f6\u00f6deks<br \/>\n&#8211; Kasutamisvalmis<br \/>\n&#8211; Kvaliteediklassidega Q1 &#8211; Q4 pindade tegemiseks<br \/>\n&#8211; Tihedus: 1,65 kg\/l<br \/>\n&#8211; Pinnale kantav k\u00e4sitsi v\u00f5i veega lahjendamisel pahtlipritsiga<br \/>\n&#8211; Korraga kantava kihi paksus: kuni 2 mm<br \/>\n&#8211; Kuivamine: u 24 tundi<br \/>\n&#8211; Vuugi- ja pinnapahtel EN 13963 t\u00fc\u00fcp 3A<\/p>\n<div id=\"gap-1484432659\" class=\"gap-element clearfix\" style=\"display:block; height:auto;\">\n<style>\n#gap-1484432659 {\n  padding-top: 30px;\n}\n<\/style>\n<\/p>\n<\/div>\n<h3>Kasutamise \u00fcksikasjad<\/h3>\n<p>Kasutamisvalmis, \u00f5hu k\u00e4es kuivav universaalne pahtel sisetingimustes kuivades ruumides kipsplaadivuukide, kipsplaatide ja samuti erinevate mineraalsete aluspindade, nagu n\u00e4iteks krohv, betoon, poorbetoon ning tellism\u00fc\u00fcritis pahteldamiseks.<\/p>\n<p><strong>Kasutamine:<\/strong> Kui aluspind on erineva v\u00f5i suure imavusega, on soovitatav kasutada krunti (nt Knauf Tiefengrund). Krunt valida aluspinna imavuse j\u00e4rgi. Enne t\u00f6\u00f6 alustamist segage \u00e4mber l\u00e4bi. Lahjendage v\u00e4hese veega \u00fcksnes vajaduse korral v\u00f5i vuukide t\u00e4itmiseks. Kui kipsplaadil on suuremaid defekte v\u00f5i lohke, kasutage t\u00e4itmiseks pahtlit Knauf Uniflott. Kasutage ainult puhtaid n\u00f5usid ja t\u00f6\u00f6riistu. Pahteldamise ajal peab \u00f5hutemperatuur olema v\u00e4hemalt +10 \u00b0C. Ruum ei tohi olla v\u00e4ga niiske. Tagage ruumi \u00f5hutus. Pahtel k\u00f5vastub kuivades. Kuivamisaeg s\u00f5ltub \u00f5hutemperatuurist, niiskusest ja kihi paksusest.<\/p>\n<\/p>\n<\/div>\n<\/div>\n<div id=\"col-1433743912\" class=\"col medium-3 small-12 large-3\"  >\n<div class=\"col-inner\"  >\n<h3>Tooteleht<\/h3>\n<p><a href=\"https:\/\/espak.ee\/epood\/wp-content\/uploads\/2022\/04\/Knauf_Super_Finish_2020.pdf\"target=\"_blank\" rel=\"noopener noreferrer\"><i class=\"far fa-file-pdf\"><\/i> Tooteleht (PDF)<\/a><\/p>\n<h3>Ohutusalane teave<\/h3>\n<p><a href=\"https:\/\/espak.ee\/epood\/wp-content\/uploads\/2022\/04\/OK_Knauf_SuperFinish_2017.pdf\"target=\"_blank\" rel=\"noopener noreferrer\"><i class=\"far fa-file-pdf\"><\/i> Ohutuskaart (PDF)<\/a><\/p>\n<div class=\"is-divider divider clearfix\" ><\/div>\n<p><strong>\u00dcksikasjalikuma n\u00f5u saamiseks v\u00f5tke \u00fchendust:<br \/><\/strong>Knauf Tallinn U\u00dc<br \/>J\u00e4rvevana tee 7B<br \/>10132<br \/>Tallinn<br \/>+372 6518697<\/p>\n<div class=\"is-divider divider clearfix\" ><\/div>\n<\/p>\n<\/div>\n<\/div>\n<\/div>\n","protected":false},"excerpt":{"rendered":"<p>Kasutamisvalmis universaalpahtel sisetingimustes kuivade ruumide pahteldamiseks. Kulu pinna pahteldamisel u 1,6 kg\/m\u00b2\/mm.<\/p>","protected":false},"featured_media":599578,"comment_status":"open","ping_status":"closed","template":"","meta":{"_acf_changed":false},"product_brand":[],"product_cat":[90,498],"product_tag":[],"class_list":{"0":"post-599577","1":"product","2":"type-product","3":"status-publish","4":"has-post-thumbnail","6":"product_cat-pahtel","7":"product_cat-espak","9":"first","10":"instock","11":"sale","12":"shipping-taxable","13":"purchasable","14":"product-type-simple"},"acf":[],"yoast_head":"<!-- This site is optimized with the Yoast SEO Premium plugin v18.7 (Yoast SEO v26.5) - https:\/\/yoast.com\/wordpress\/plugins\/seo\/ -->\n<title>KASUTAMISVALMIS UNIVERSAALPAHTEL KNAUF SUPER FINISH 5,4KG - Ehituslahendused<\/title>\n<meta name=\"robots\" content=\"index, follow, max-snippet:-1, max-image-preview:large, max-video-preview:-1\" \/>\n<link rel=\"canonical\" href=\"https:\/\/justbuildit.eu\/en\/pood\/pahtel\/kasutamisvalmis-universaalpahtel-knauf-super-finish-54kg-2\/\" \/>\n<meta property=\"og:locale\" content=\"en_US\" \/>\n<meta property=\"og:type\" content=\"article\" \/>\n<meta property=\"og:title\" content=\"KASUTAMISVALMIS UNIVERSAALPAHTEL KNAUF SUPER FINISH 5,4KG\" \/>\n<meta property=\"og:description\" content=\"Kasutamisvalmis universaalpahtel sisetingimustes kuivade ruumide pahteldamiseks. Kulu pinna pahteldamisel u 1,6 kg\/m\u00b2\/mm.\" \/>\n<meta property=\"og:url\" content=\"https:\/\/justbuildit.eu\/en\/pood\/pahtel\/kasutamisvalmis-universaalpahtel-knauf-super-finish-54kg-2\/\" \/>\n<meta property=\"og:site_name\" content=\"Ehituslahendused\" \/>\n<meta property=\"article:publisher\" content=\"https:\/\/www.facebook.com\/justbuildit.ee\" \/>\n<meta property=\"article:modified_time\" content=\"2026-04-11T09:01:39+00:00\" \/>\n<meta property=\"og:image\" content=\"https:\/\/justbuildit.eu\/wp-content\/uploads\/2025\/10\/424980_683x512-2.jpg\" \/>\n\t<meta property=\"og:image:width\" content=\"800\" \/>\n\t<meta property=\"og:image:height\" content=\"800\" \/>\n\t<meta property=\"og:image:type\" content=\"image\/jpeg\" \/>\n<meta name=\"twitter:card\" content=\"summary_large_image\" \/>\n<script type=\"application\/ld+json\" class=\"yoast-schema-graph\">{\"@context\":\"https:\/\/schema.org\",\"@graph\":[{\"@type\":\"WebPage\",\"@id\":\"https:\/\/justbuildit.eu\/en\/pood\/pahtel\/kasutamisvalmis-universaalpahtel-knauf-super-finish-54kg-2\/\",\"url\":\"https:\/\/justbuildit.eu\/en\/pood\/pahtel\/kasutamisvalmis-universaalpahtel-knauf-super-finish-54kg-2\/\",\"name\":\"KASUTAMISVALMIS UNIVERSAALPAHTEL KNAUF SUPER FINISH 5,4KG - Ehituslahendused\",\"isPartOf\":{\"@id\":\"https:\/\/justbuildit.eu\/en\/#website\"},\"primaryImageOfPage\":{\"@id\":\"https:\/\/justbuildit.eu\/en\/pood\/pahtel\/kasutamisvalmis-universaalpahtel-knauf-super-finish-54kg-2\/#primaryimage\"},\"image\":{\"@id\":\"https:\/\/justbuildit.eu\/en\/pood\/pahtel\/kasutamisvalmis-universaalpahtel-knauf-super-finish-54kg-2\/#primaryimage\"},\"thumbnailUrl\":\"https:\/\/justbuildit.eu\/wp-content\/uploads\/2025\/10\/424980_683x512-2.jpg\",\"datePublished\":\"2025-10-23T10:06:19+00:00\",\"dateModified\":\"2026-04-11T09:01:39+00:00\",\"breadcrumb\":{\"@id\":\"https:\/\/justbuildit.eu\/en\/pood\/pahtel\/kasutamisvalmis-universaalpahtel-knauf-super-finish-54kg-2\/#breadcrumb\"},\"inLanguage\":\"en-US\",\"potentialAction\":[{\"@type\":\"ReadAction\",\"target\":[\"https:\/\/justbuildit.eu\/en\/pood\/pahtel\/kasutamisvalmis-universaalpahtel-knauf-super-finish-54kg-2\/\"]}]},{\"@type\":\"ImageObject\",\"inLanguage\":\"en-US\",\"@id\":\"https:\/\/justbuildit.eu\/en\/pood\/pahtel\/kasutamisvalmis-universaalpahtel-knauf-super-finish-54kg-2\/#primaryimage\",\"url\":\"https:\/\/justbuildit.eu\/wp-content\/uploads\/2025\/10\/424980_683x512-2.jpg\",\"contentUrl\":\"https:\/\/justbuildit.eu\/wp-content\/uploads\/2025\/10\/424980_683x512-2.jpg\",\"width\":800,\"height\":800},{\"@type\":\"BreadcrumbList\",\"@id\":\"https:\/\/justbuildit.eu\/en\/pood\/pahtel\/kasutamisvalmis-universaalpahtel-knauf-super-finish-54kg-2\/#breadcrumb\",\"itemListElement\":[{\"@type\":\"ListItem\",\"position\":1,\"name\":\"Home\",\"item\":\"https:\/\/justbuildit.eu\/en\/\"},{\"@type\":\"ListItem\",\"position\":2,\"name\":\"Shop\",\"item\":\"https:\/\/justbuildit.eu\/en\/building-materials\/\"},{\"@type\":\"ListItem\",\"position\":3,\"name\":\"KASUTAMISVALMIS UNIVERSAALPAHTEL KNAUF SUPER FINISH 5,4KG\"}]},{\"@type\":\"WebSite\",\"@id\":\"https:\/\/justbuildit.eu\/en\/#website\",\"url\":\"https:\/\/justbuildit.eu\/en\/\",\"name\":\"Ehituslahendused\",\"description\":\"Ehituslahendused ja materjalid\",\"publisher\":{\"@id\":\"https:\/\/justbuildit.eu\/en\/#organization\"},\"potentialAction\":[{\"@type\":\"SearchAction\",\"target\":{\"@type\":\"EntryPoint\",\"urlTemplate\":\"https:\/\/justbuildit.eu\/en\/?s={search_term_string}\"},\"query-input\":{\"@type\":\"PropertyValueSpecification\",\"valueRequired\":true,\"valueName\":\"search_term_string\"}}],\"inLanguage\":\"en-US\"},{\"@type\":\"Organization\",\"@id\":\"https:\/\/justbuildit.eu\/en\/#organization\",\"name\":\"Just Build It O\u00dc\",\"url\":\"https:\/\/justbuildit.eu\/en\/\",\"logo\":{\"@type\":\"ImageObject\",\"inLanguage\":\"en-US\",\"@id\":\"https:\/\/justbuildit.eu\/en\/#\/schema\/logo\/image\/\",\"url\":\"https:\/\/justbuildit.eu\/wp-content\/uploads\/2022\/01\/justbuildit.png\",\"contentUrl\":\"https:\/\/justbuildit.eu\/wp-content\/uploads\/2022\/01\/justbuildit.png\",\"width\":173,\"height\":77,\"caption\":\"Just Build It O\u00dc\"},\"image\":{\"@id\":\"https:\/\/justbuildit.eu\/en\/#\/schema\/logo\/image\/\"},\"sameAs\":[\"https:\/\/www.facebook.com\/justbuildit.ee\"]}]}<\/script>\n<!-- \/ Yoast SEO Premium plugin. -->","yoast_head_json":{"title":"KASUTAMISVALMIS UNIVERSAALPAHTEL KNAUF SUPER FINISH 5,4KG - Ehituslahendused","robots":{"index":"index","follow":"follow","max-snippet":"max-snippet:-1","max-image-preview":"max-image-preview:large","max-video-preview":"max-video-preview:-1"},"canonical":"https:\/\/justbuildit.eu\/en\/pood\/pahtel\/kasutamisvalmis-universaalpahtel-knauf-super-finish-54kg-2\/","og_locale":"en_US","og_type":"article","og_title":"KASUTAMISVALMIS UNIVERSAALPAHTEL KNAUF SUPER FINISH 5,4KG","og_description":"Kasutamisvalmis universaalpahtel sisetingimustes kuivade ruumide pahteldamiseks. Kulu pinna pahteldamisel u 1,6 kg\/m\u00b2\/mm.","og_url":"https:\/\/justbuildit.eu\/en\/pood\/pahtel\/kasutamisvalmis-universaalpahtel-knauf-super-finish-54kg-2\/","og_site_name":"Ehituslahendused","article_publisher":"https:\/\/www.facebook.com\/justbuildit.ee","article_modified_time":"2026-04-11T09:01:39+00:00","og_image":[{"width":800,"height":800,"url":"https:\/\/justbuildit.eu\/wp-content\/uploads\/2025\/10\/424980_683x512-2.jpg","type":"image\/jpeg"}],"twitter_card":"summary_large_image","schema":{"@context":"https:\/\/schema.org","@graph":[{"@type":"WebPage","@id":"https:\/\/justbuildit.eu\/en\/pood\/pahtel\/kasutamisvalmis-universaalpahtel-knauf-super-finish-54kg-2\/","url":"https:\/\/justbuildit.eu\/en\/pood\/pahtel\/kasutamisvalmis-universaalpahtel-knauf-super-finish-54kg-2\/","name":"KASUTAMISVALMIS UNIVERSAALPAHTEL KNAUF SUPER FINISH 5,4KG - Ehituslahendused","isPartOf":{"@id":"https:\/\/justbuildit.eu\/en\/#website"},"primaryImageOfPage":{"@id":"https:\/\/justbuildit.eu\/en\/pood\/pahtel\/kasutamisvalmis-universaalpahtel-knauf-super-finish-54kg-2\/#primaryimage"},"image":{"@id":"https:\/\/justbuildit.eu\/en\/pood\/pahtel\/kasutamisvalmis-universaalpahtel-knauf-super-finish-54kg-2\/#primaryimage"},"thumbnailUrl":"https:\/\/justbuildit.eu\/wp-content\/uploads\/2025\/10\/424980_683x512-2.jpg","datePublished":"2025-10-23T10:06:19+00:00","dateModified":"2026-04-11T09:01:39+00:00","breadcrumb":{"@id":"https:\/\/justbuildit.eu\/en\/pood\/pahtel\/kasutamisvalmis-universaalpahtel-knauf-super-finish-54kg-2\/#breadcrumb"},"inLanguage":"en-US","potentialAction":[{"@type":"ReadAction","target":["https:\/\/justbuildit.eu\/en\/pood\/pahtel\/kasutamisvalmis-universaalpahtel-knauf-super-finish-54kg-2\/"]}]},{"@type":"ImageObject","inLanguage":"en-US","@id":"https:\/\/justbuildit.eu\/en\/pood\/pahtel\/kasutamisvalmis-universaalpahtel-knauf-super-finish-54kg-2\/#primaryimage","url":"https:\/\/justbuildit.eu\/wp-content\/uploads\/2025\/10\/424980_683x512-2.jpg","contentUrl":"https:\/\/justbuildit.eu\/wp-content\/uploads\/2025\/10\/424980_683x512-2.jpg","width":800,"height":800},{"@type":"BreadcrumbList","@id":"https:\/\/justbuildit.eu\/en\/pood\/pahtel\/kasutamisvalmis-universaalpahtel-knauf-super-finish-54kg-2\/#breadcrumb","itemListElement":[{"@type":"ListItem","position":1,"name":"Home","item":"https:\/\/justbuildit.eu\/en\/"},{"@type":"ListItem","position":2,"name":"Shop","item":"https:\/\/justbuildit.eu\/en\/building-materials\/"},{"@type":"ListItem","position":3,"name":"KASUTAMISVALMIS UNIVERSAALPAHTEL KNAUF SUPER FINISH 5,4KG"}]},{"@type":"WebSite","@id":"https:\/\/justbuildit.eu\/en\/#website","url":"https:\/\/justbuildit.eu\/en\/","name":"Ehituslahendused","description":"Ehituslahendused ja materjalid","publisher":{"@id":"https:\/\/justbuildit.eu\/en\/#organization"},"potentialAction":[{"@type":"SearchAction","target":{"@type":"EntryPoint","urlTemplate":"https:\/\/justbuildit.eu\/en\/?s={search_term_string}"},"query-input":{"@type":"PropertyValueSpecification","valueRequired":true,"valueName":"search_term_string"}}],"inLanguage":"en-US"},{"@type":"Organization","@id":"https:\/\/justbuildit.eu\/en\/#organization","name":"Just Build It O\u00dc","url":"https:\/\/justbuildit.eu\/en\/","logo":{"@type":"ImageObject","inLanguage":"en-US","@id":"https:\/\/justbuildit.eu\/en\/#\/schema\/logo\/image\/","url":"https:\/\/justbuildit.eu\/wp-content\/uploads\/2022\/01\/justbuildit.png","contentUrl":"https:\/\/justbuildit.eu\/wp-content\/uploads\/2022\/01\/justbuildit.png","width":173,"height":77,"caption":"Just Build It O\u00dc"},"image":{"@id":"https:\/\/justbuildit.eu\/en\/#\/schema\/logo\/image\/"},"sameAs":["https:\/\/www.facebook.com\/justbuildit.ee"]}]}},"_links":{"self":[{"href":"https:\/\/justbuildit.eu\/en\/wp-json\/wp\/v2\/product\/599577","targetHints":{"allow":["GET"]}}],"collection":[{"href":"https:\/\/justbuildit.eu\/en\/wp-json\/wp\/v2\/product"}],"about":[{"href":"https:\/\/justbuildit.eu\/en\/wp-json\/wp\/v2\/types\/product"}],"replies":[{"embeddable":true,"href":"https:\/\/justbuildit.eu\/en\/wp-json\/wp\/v2\/comments?post=599577"}],"wp:featuredmedia":[{"embeddable":true,"href":"https:\/\/justbuildit.eu\/en\/wp-json\/wp\/v2\/media\/599578"}],"wp:attachment":[{"href":"https:\/\/justbuildit.eu\/en\/wp-json\/wp\/v2\/media?parent=599577"}],"wp:term":[{"taxonomy":"product_brand","embeddable":true,"href":"https:\/\/justbuildit.eu\/en\/wp-json\/wp\/v2\/product_brand?post=599577"},{"taxonomy":"product_cat","embeddable":true,"href":"https:\/\/justbuildit.eu\/en\/wp-json\/wp\/v2\/product_cat?post=599577"},{"taxonomy":"product_tag","embeddable":true,"href":"https:\/\/justbuildit.eu\/en\/wp-json\/wp\/v2\/product_tag?post=599577"}],"curies":[{"name":"wp","href":"https:\/\/api.w.org\/{rel}","templated":true}]}}