{"id":599685,"date":"2025-10-23T13:59:25","date_gmt":"2025-10-23T10:59:25","guid":{"rendered":"https:\/\/justbuildit.eu\/?post_type=product&#038;p=599685"},"modified":"2026-04-11T12:01:21","modified_gmt":"2026-04-11T09:01:21","slug":"aurutoke-eurovent-aktiv-sk2-75m2","status":"publish","type":"product","link":"https:\/\/justbuildit.eu\/en\/pood\/isolatsioonimaterjalid\/membraanid\/aurutoke-eurovent-aktiv-sk2-75m2\/","title":{"rendered":"Aurut\u00f5ke Eurovent Aktiv SK2 75m2"},"content":{"rendered":"<p>Kahekihiline aktiivne aurut\u00f5ke. Valmistatud pol\u00fcprop\u00fcleenist laustekstiilist ja funktsionaalsest kilest, mis reguleerib konstruktsioonis oleva niiskuse kuivamist nii aurut\u00f5kkekihist sisse- kui ka v\u00e4ljapoole. Erinevalt aurut\u00f5kke kiledest, v\u00f5imaldavad membraani aktiivsed omadused v\u00e4ltida kondensi teket. Membraan on varustatud kahe teibi\/liimiribaga.<\/p>\n<p>Rakendus: Membraan on m\u00f5eldud kasutamiseks aurut\u00f5kkekihina, mis kaitseb konstruktsiooni veeauru sissetungi vastu. Toote unikaalsed omadused reguleerivad aktiivselt aurude liikumist, ennetavad kondenseerumist ja sellest tulenevaid puitkonstruktsioonide kahjustusi. Tungivalt soovitame veenduda, et \u00fclekatted on tihedalt omavahel kokku liimunud. Ilma liimiribadeta membraani puhul kasutada spetsiaalset Eurovent teipi.<\/p>\n<p>Hoiustamine\/transport: Toodet tuleb hoida niiskuse ja UV-kiirguse eest, kuivas ruumis, suletud ja kahjustamata pakendis. Rulle v\u00f5ib transportida kaetud\/suletud transpordivahendites. Need peavad olema pakitud transportimiseks viisil, mis kaitseb neid kahjustuste eest. Toodet tuleb kaitsta keemiliste m\u00f5jurite eest, eelk\u00f5ige lahustip\u00f5hised ained, kuna need v\u00f5ivad v\u00e4hendada membraani tehnilisi parameetreid v\u00f5i kahjustada seda p\u00fcsivalt.<\/p>\n<p>S\u00fcsteem SK2: Membraan on varustatud kahe teibi\/liimiribaga. See lahendus lihtsustab materjali paigaldamist ja garanteerib n\u00f5uetekohase \u00fclekatete tiheda \u00fchenduse. Kaks teibiriba tagavad membraanide p\u00fcsiva \u00fchenduse igaks ilmastikutingimuseks: k\u00f5rge niiskus, tugev tuul, vihm, madalad temperatuurid.<\/p>\n","protected":false},"excerpt":{"rendered":"<p>Kahekihiline aktiivne aurut\u00f5ke. Valmistatud pol\u00fcprop\u00fcleenist laustekstiilist ja funktsionaalsest kilest, mis reguleerib konstruktsioonis oleva niiskuse kuivamist nii aurut\u00f5kkekihist sisse- kui ka v\u00e4ljapoole. Erinevalt aurut\u00f5kke kiledest, v\u00f5imaldavad membraani aktiivsed omadused v\u00e4ltida kondensi teket. Membraan on varustatud kahe teibi\/liimiribaga.<\/p>","protected":false},"featured_media":599686,"comment_status":"open","ping_status":"closed","template":"","meta":{"_acf_changed":false},"product_brand":[],"product_cat":[68,497],"product_tag":[],"class_list":{"0":"post-599685","1":"product","2":"type-product","3":"status-publish","4":"has-post-thumbnail","6":"product_cat-membraanid","7":"product_cat-puumarket","9":"first","10":"instock","11":"shipping-taxable","12":"purchasable","13":"product-type-simple"},"acf":[],"yoast_head":"<!-- This site is optimized with the Yoast SEO Premium plugin v18.7 (Yoast SEO v26.5) - https:\/\/yoast.com\/wordpress\/plugins\/seo\/ -->\n<title>Aurut\u00f5ke Eurovent Aktiv SK2 75m2 - Ehituslahendused<\/title>\n<meta name=\"robots\" content=\"index, follow, max-snippet:-1, max-image-preview:large, max-video-preview:-1\" \/>\n<link rel=\"canonical\" href=\"https:\/\/justbuildit.eu\/en\/pood\/isolatsioonimaterjalid\/membraanid\/aurutoke-eurovent-aktiv-sk2-75m2\/\" \/>\n<meta property=\"og:locale\" content=\"en_US\" \/>\n<meta property=\"og:type\" content=\"article\" \/>\n<meta property=\"og:title\" content=\"Aurut\u00f5ke Eurovent Aktiv SK2 75m2\" \/>\n<meta property=\"og:description\" content=\"Kahekihiline aktiivne aurut\u00f5ke. Valmistatud pol\u00fcprop\u00fcleenist laustekstiilist ja funktsionaalsest kilest, mis reguleerib konstruktsioonis oleva niiskuse kuivamist nii aurut\u00f5kkekihist sisse- kui ka v\u00e4ljapoole. Erinevalt aurut\u00f5kke kiledest, v\u00f5imaldavad membraani aktiivsed omadused v\u00e4ltida kondensi teket. Membraan on varustatud kahe teibi\/liimiribaga.\" \/>\n<meta property=\"og:url\" content=\"https:\/\/justbuildit.eu\/en\/pood\/isolatsioonimaterjalid\/membraanid\/aurutoke-eurovent-aktiv-sk2-75m2\/\" \/>\n<meta property=\"og:site_name\" content=\"Ehituslahendused\" \/>\n<meta property=\"article:publisher\" content=\"https:\/\/www.facebook.com\/justbuildit.ee\" \/>\n<meta property=\"article:modified_time\" content=\"2026-04-11T09:01:21+00:00\" \/>\n<meta property=\"og:image\" content=\"https:\/\/justbuildit.eu\/wp-content\/uploads\/2025\/10\/114378.jpg\" \/>\n\t<meta property=\"og:image:width\" content=\"709\" \/>\n\t<meta property=\"og:image:height\" content=\"709\" \/>\n\t<meta property=\"og:image:type\" content=\"image\/jpeg\" \/>\n<meta name=\"twitter:card\" content=\"summary_large_image\" \/>\n<script type=\"application\/ld+json\" class=\"yoast-schema-graph\">{\"@context\":\"https:\/\/schema.org\",\"@graph\":[{\"@type\":\"WebPage\",\"@id\":\"https:\/\/justbuildit.eu\/en\/pood\/isolatsioonimaterjalid\/membraanid\/aurutoke-eurovent-aktiv-sk2-75m2\/\",\"url\":\"https:\/\/justbuildit.eu\/en\/pood\/isolatsioonimaterjalid\/membraanid\/aurutoke-eurovent-aktiv-sk2-75m2\/\",\"name\":\"Aurut\u00f5ke Eurovent Aktiv SK2 75m2 - Ehituslahendused\",\"isPartOf\":{\"@id\":\"https:\/\/justbuildit.eu\/en\/#website\"},\"primaryImageOfPage\":{\"@id\":\"https:\/\/justbuildit.eu\/en\/pood\/isolatsioonimaterjalid\/membraanid\/aurutoke-eurovent-aktiv-sk2-75m2\/#primaryimage\"},\"image\":{\"@id\":\"https:\/\/justbuildit.eu\/en\/pood\/isolatsioonimaterjalid\/membraanid\/aurutoke-eurovent-aktiv-sk2-75m2\/#primaryimage\"},\"thumbnailUrl\":\"https:\/\/justbuildit.eu\/wp-content\/uploads\/2025\/10\/114378.jpg\",\"datePublished\":\"2025-10-23T10:59:25+00:00\",\"dateModified\":\"2026-04-11T09:01:21+00:00\",\"breadcrumb\":{\"@id\":\"https:\/\/justbuildit.eu\/en\/pood\/isolatsioonimaterjalid\/membraanid\/aurutoke-eurovent-aktiv-sk2-75m2\/#breadcrumb\"},\"inLanguage\":\"en-US\",\"potentialAction\":[{\"@type\":\"ReadAction\",\"target\":[\"https:\/\/justbuildit.eu\/en\/pood\/isolatsioonimaterjalid\/membraanid\/aurutoke-eurovent-aktiv-sk2-75m2\/\"]}]},{\"@type\":\"ImageObject\",\"inLanguage\":\"en-US\",\"@id\":\"https:\/\/justbuildit.eu\/en\/pood\/isolatsioonimaterjalid\/membraanid\/aurutoke-eurovent-aktiv-sk2-75m2\/#primaryimage\",\"url\":\"https:\/\/justbuildit.eu\/wp-content\/uploads\/2025\/10\/114378.jpg\",\"contentUrl\":\"https:\/\/justbuildit.eu\/wp-content\/uploads\/2025\/10\/114378.jpg\",\"width\":709,\"height\":709},{\"@type\":\"BreadcrumbList\",\"@id\":\"https:\/\/justbuildit.eu\/en\/pood\/isolatsioonimaterjalid\/membraanid\/aurutoke-eurovent-aktiv-sk2-75m2\/#breadcrumb\",\"itemListElement\":[{\"@type\":\"ListItem\",\"position\":1,\"name\":\"Home\",\"item\":\"https:\/\/justbuildit.eu\/en\/\"},{\"@type\":\"ListItem\",\"position\":2,\"name\":\"Shop\",\"item\":\"https:\/\/justbuildit.eu\/en\/building-materials\/\"},{\"@type\":\"ListItem\",\"position\":3,\"name\":\"Aurut\u00f5ke Eurovent Aktiv SK2 75m2\"}]},{\"@type\":\"WebSite\",\"@id\":\"https:\/\/justbuildit.eu\/en\/#website\",\"url\":\"https:\/\/justbuildit.eu\/en\/\",\"name\":\"Ehituslahendused\",\"description\":\"Ehituslahendused ja materjalid\",\"publisher\":{\"@id\":\"https:\/\/justbuildit.eu\/en\/#organization\"},\"potentialAction\":[{\"@type\":\"SearchAction\",\"target\":{\"@type\":\"EntryPoint\",\"urlTemplate\":\"https:\/\/justbuildit.eu\/en\/?s={search_term_string}\"},\"query-input\":{\"@type\":\"PropertyValueSpecification\",\"valueRequired\":true,\"valueName\":\"search_term_string\"}}],\"inLanguage\":\"en-US\"},{\"@type\":\"Organization\",\"@id\":\"https:\/\/justbuildit.eu\/en\/#organization\",\"name\":\"Just Build It O\u00dc\",\"url\":\"https:\/\/justbuildit.eu\/en\/\",\"logo\":{\"@type\":\"ImageObject\",\"inLanguage\":\"en-US\",\"@id\":\"https:\/\/justbuildit.eu\/en\/#\/schema\/logo\/image\/\",\"url\":\"https:\/\/justbuildit.eu\/wp-content\/uploads\/2022\/01\/justbuildit.png\",\"contentUrl\":\"https:\/\/justbuildit.eu\/wp-content\/uploads\/2022\/01\/justbuildit.png\",\"width\":173,\"height\":77,\"caption\":\"Just Build It O\u00dc\"},\"image\":{\"@id\":\"https:\/\/justbuildit.eu\/en\/#\/schema\/logo\/image\/\"},\"sameAs\":[\"https:\/\/www.facebook.com\/justbuildit.ee\"]}]}<\/script>\n<!-- \/ Yoast SEO Premium plugin. -->","yoast_head_json":{"title":"Aurut\u00f5ke Eurovent Aktiv SK2 75m2 - Ehituslahendused","robots":{"index":"index","follow":"follow","max-snippet":"max-snippet:-1","max-image-preview":"max-image-preview:large","max-video-preview":"max-video-preview:-1"},"canonical":"https:\/\/justbuildit.eu\/en\/pood\/isolatsioonimaterjalid\/membraanid\/aurutoke-eurovent-aktiv-sk2-75m2\/","og_locale":"en_US","og_type":"article","og_title":"Aurut\u00f5ke Eurovent Aktiv SK2 75m2","og_description":"Kahekihiline aktiivne aurut\u00f5ke. Valmistatud pol\u00fcprop\u00fcleenist laustekstiilist ja funktsionaalsest kilest, mis reguleerib konstruktsioonis oleva niiskuse kuivamist nii aurut\u00f5kkekihist sisse- kui ka v\u00e4ljapoole. Erinevalt aurut\u00f5kke kiledest, v\u00f5imaldavad membraani aktiivsed omadused v\u00e4ltida kondensi teket. Membraan on varustatud kahe teibi\/liimiribaga.","og_url":"https:\/\/justbuildit.eu\/en\/pood\/isolatsioonimaterjalid\/membraanid\/aurutoke-eurovent-aktiv-sk2-75m2\/","og_site_name":"Ehituslahendused","article_publisher":"https:\/\/www.facebook.com\/justbuildit.ee","article_modified_time":"2026-04-11T09:01:21+00:00","og_image":[{"width":709,"height":709,"url":"https:\/\/justbuildit.eu\/wp-content\/uploads\/2025\/10\/114378.jpg","type":"image\/jpeg"}],"twitter_card":"summary_large_image","schema":{"@context":"https:\/\/schema.org","@graph":[{"@type":"WebPage","@id":"https:\/\/justbuildit.eu\/en\/pood\/isolatsioonimaterjalid\/membraanid\/aurutoke-eurovent-aktiv-sk2-75m2\/","url":"https:\/\/justbuildit.eu\/en\/pood\/isolatsioonimaterjalid\/membraanid\/aurutoke-eurovent-aktiv-sk2-75m2\/","name":"Aurut\u00f5ke Eurovent Aktiv SK2 75m2 - Ehituslahendused","isPartOf":{"@id":"https:\/\/justbuildit.eu\/en\/#website"},"primaryImageOfPage":{"@id":"https:\/\/justbuildit.eu\/en\/pood\/isolatsioonimaterjalid\/membraanid\/aurutoke-eurovent-aktiv-sk2-75m2\/#primaryimage"},"image":{"@id":"https:\/\/justbuildit.eu\/en\/pood\/isolatsioonimaterjalid\/membraanid\/aurutoke-eurovent-aktiv-sk2-75m2\/#primaryimage"},"thumbnailUrl":"https:\/\/justbuildit.eu\/wp-content\/uploads\/2025\/10\/114378.jpg","datePublished":"2025-10-23T10:59:25+00:00","dateModified":"2026-04-11T09:01:21+00:00","breadcrumb":{"@id":"https:\/\/justbuildit.eu\/en\/pood\/isolatsioonimaterjalid\/membraanid\/aurutoke-eurovent-aktiv-sk2-75m2\/#breadcrumb"},"inLanguage":"en-US","potentialAction":[{"@type":"ReadAction","target":["https:\/\/justbuildit.eu\/en\/pood\/isolatsioonimaterjalid\/membraanid\/aurutoke-eurovent-aktiv-sk2-75m2\/"]}]},{"@type":"ImageObject","inLanguage":"en-US","@id":"https:\/\/justbuildit.eu\/en\/pood\/isolatsioonimaterjalid\/membraanid\/aurutoke-eurovent-aktiv-sk2-75m2\/#primaryimage","url":"https:\/\/justbuildit.eu\/wp-content\/uploads\/2025\/10\/114378.jpg","contentUrl":"https:\/\/justbuildit.eu\/wp-content\/uploads\/2025\/10\/114378.jpg","width":709,"height":709},{"@type":"BreadcrumbList","@id":"https:\/\/justbuildit.eu\/en\/pood\/isolatsioonimaterjalid\/membraanid\/aurutoke-eurovent-aktiv-sk2-75m2\/#breadcrumb","itemListElement":[{"@type":"ListItem","position":1,"name":"Home","item":"https:\/\/justbuildit.eu\/en\/"},{"@type":"ListItem","position":2,"name":"Shop","item":"https:\/\/justbuildit.eu\/en\/building-materials\/"},{"@type":"ListItem","position":3,"name":"Aurut\u00f5ke Eurovent Aktiv SK2 75m2"}]},{"@type":"WebSite","@id":"https:\/\/justbuildit.eu\/en\/#website","url":"https:\/\/justbuildit.eu\/en\/","name":"Ehituslahendused","description":"Ehituslahendused ja materjalid","publisher":{"@id":"https:\/\/justbuildit.eu\/en\/#organization"},"potentialAction":[{"@type":"SearchAction","target":{"@type":"EntryPoint","urlTemplate":"https:\/\/justbuildit.eu\/en\/?s={search_term_string}"},"query-input":{"@type":"PropertyValueSpecification","valueRequired":true,"valueName":"search_term_string"}}],"inLanguage":"en-US"},{"@type":"Organization","@id":"https:\/\/justbuildit.eu\/en\/#organization","name":"Just Build It O\u00dc","url":"https:\/\/justbuildit.eu\/en\/","logo":{"@type":"ImageObject","inLanguage":"en-US","@id":"https:\/\/justbuildit.eu\/en\/#\/schema\/logo\/image\/","url":"https:\/\/justbuildit.eu\/wp-content\/uploads\/2022\/01\/justbuildit.png","contentUrl":"https:\/\/justbuildit.eu\/wp-content\/uploads\/2022\/01\/justbuildit.png","width":173,"height":77,"caption":"Just Build It O\u00dc"},"image":{"@id":"https:\/\/justbuildit.eu\/en\/#\/schema\/logo\/image\/"},"sameAs":["https:\/\/www.facebook.com\/justbuildit.ee"]}]}},"_links":{"self":[{"href":"https:\/\/justbuildit.eu\/en\/wp-json\/wp\/v2\/product\/599685","targetHints":{"allow":["GET"]}}],"collection":[{"href":"https:\/\/justbuildit.eu\/en\/wp-json\/wp\/v2\/product"}],"about":[{"href":"https:\/\/justbuildit.eu\/en\/wp-json\/wp\/v2\/types\/product"}],"replies":[{"embeddable":true,"href":"https:\/\/justbuildit.eu\/en\/wp-json\/wp\/v2\/comments?post=599685"}],"wp:featuredmedia":[{"embeddable":true,"href":"https:\/\/justbuildit.eu\/en\/wp-json\/wp\/v2\/media\/599686"}],"wp:attachment":[{"href":"https:\/\/justbuildit.eu\/en\/wp-json\/wp\/v2\/media?parent=599685"}],"wp:term":[{"taxonomy":"product_brand","embeddable":true,"href":"https:\/\/justbuildit.eu\/en\/wp-json\/wp\/v2\/product_brand?post=599685"},{"taxonomy":"product_cat","embeddable":true,"href":"https:\/\/justbuildit.eu\/en\/wp-json\/wp\/v2\/product_cat?post=599685"},{"taxonomy":"product_tag","embeddable":true,"href":"https:\/\/justbuildit.eu\/en\/wp-json\/wp\/v2\/product_tag?post=599685"}],"curies":[{"name":"wp","href":"https:\/\/api.w.org\/{rel}","templated":true}]}}