{"id":599697,"date":"2025-10-23T14:01:06","date_gmt":"2025-10-23T11:01:06","guid":{"rendered":"https:\/\/justbuildit.eu\/?post_type=product&#038;p=599697"},"modified":"2026-04-11T12:01:19","modified_gmt":"2026-04-11T09:01:19","slug":"aurutokke-ehituskile-vario-xtra-60m2","status":"publish","type":"product","link":"https:\/\/justbuildit.eu\/en\/pood\/isolatsioonimaterjalid\/membraanid\/aurutokke-ehituskile-vario-xtra-60m2\/","title":{"rendered":"Aurut\u00f5kke ehituskile Vario Xtra (60m2)"},"content":{"rendered":"<ul>\n<li>ISOVER Vario\u00ae Xtra on uus toode aurut\u00f5kete seas, mis toimib niiskusliikumist kontrolliva membraanina konstruktsioonis.<\/li>\n<li>Peale klassikalise kasutamise viilkatustel sobib kile ka siseseinte isoleerimiseks ja isegi talvisteks viimistluseta ehitust\u00f6\u00f6deks.<\/li>\n<li>T\u00e4iendav garantii niiskuskahjustuste vastu &#8211; muutuv veeaurutakistus (sd \u2013 0,3-25 m).<\/li>\n<li>Kaitseb ruumi sise\u00f5hku radooni ja puidukaitsevahendite l\u00f5hnade eest.<\/li>\n<li>Kerge kaal.<\/li>\n<\/ul>\n<p>ISOVER Vario\u00ae Xtra on uus t\u00e4iustatud versioon ISOVER Vario\u00ae  auru- ja \u00f5hutiheduss\u00fcsteemis. Oma eelk\u00e4ijast, ISOVER Vario\u00ae Duplex kilest erineb see oluliselt suurema aurul\u00e4bilaskvuse varieeruvuse poolest, mis sobib paremini p\u00f5hjamaise kliimaga. Sd-v\u00e4\u00e4rtused on vahemikus 0,3 kuni 25 m. Sellega on membraan oma klassi parim.<\/p>\n","protected":false},"excerpt":{"rendered":"<p>ISOVER Vario\u00ae Xtra on uus t\u00e4iustatud versioon ISOVER Vario\u00ae  auru- ja \u00f5hutiheduss\u00fcsteemis. Oma eelk\u00e4ijast, ISOVER Vario\u00ae Duplex kilest erineb see oluliselt suurema aurul\u00e4bilaskvuse varieeruvuse poolest, mis sobib paremini p\u00f5hjamaise kliimaga. Sd-v\u00e4\u00e4rtused on vahemikus 0,3 kuni 25 m. Sellega on membraan oma klassi parim.<\/p>","protected":false},"featured_media":599698,"comment_status":"open","ping_status":"closed","template":"","meta":{"_acf_changed":false},"product_brand":[],"product_cat":[68,497],"product_tag":[],"class_list":{"0":"post-599697","1":"product","2":"type-product","3":"status-publish","4":"has-post-thumbnail","6":"product_cat-membraanid","7":"product_cat-puumarket","9":"first","10":"instock","11":"shipping-taxable","12":"purchasable","13":"product-type-simple"},"acf":[],"yoast_head":"<!-- This site is optimized with the Yoast SEO Premium plugin v18.7 (Yoast SEO v26.5) - https:\/\/yoast.com\/wordpress\/plugins\/seo\/ -->\n<title>Aurut\u00f5kke ehituskile Vario Xtra (60m2) - Ehituslahendused<\/title>\n<meta name=\"robots\" content=\"index, follow, max-snippet:-1, max-image-preview:large, max-video-preview:-1\" \/>\n<link rel=\"canonical\" href=\"https:\/\/justbuildit.eu\/en\/pood\/isolatsioonimaterjalid\/membraanid\/aurutokke-ehituskile-vario-xtra-60m2\/\" \/>\n<meta property=\"og:locale\" content=\"en_US\" \/>\n<meta property=\"og:type\" content=\"article\" \/>\n<meta property=\"og:title\" content=\"Aurut\u00f5kke ehituskile Vario Xtra (60m2)\" \/>\n<meta property=\"og:description\" content=\"ISOVER Vario\u00ae Xtra on uus t\u00e4iustatud versioon ISOVER Vario\u00ae auru- ja \u00f5hutiheduss\u00fcsteemis. Oma eelk\u00e4ijast, ISOVER Vario\u00ae Duplex kilest erineb see oluliselt suurema aurul\u00e4bilaskvuse varieeruvuse poolest, mis sobib paremini p\u00f5hjamaise kliimaga. Sd-v\u00e4\u00e4rtused on vahemikus 0,3 kuni 25 m. Sellega on membraan oma klassi parim.\" \/>\n<meta property=\"og:url\" content=\"https:\/\/justbuildit.eu\/en\/pood\/isolatsioonimaterjalid\/membraanid\/aurutokke-ehituskile-vario-xtra-60m2\/\" \/>\n<meta property=\"og:site_name\" content=\"Ehituslahendused\" \/>\n<meta property=\"article:publisher\" content=\"https:\/\/www.facebook.com\/justbuildit.ee\" \/>\n<meta property=\"article:modified_time\" content=\"2026-04-11T09:01:19+00:00\" \/>\n<meta property=\"og:image\" content=\"https:\/\/justbuildit.eu\/wp-content\/uploads\/2025\/10\/108767.jpg\" \/>\n\t<meta property=\"og:image:width\" content=\"588\" \/>\n\t<meta property=\"og:image:height\" content=\"588\" \/>\n\t<meta property=\"og:image:type\" content=\"image\/jpeg\" \/>\n<meta name=\"twitter:card\" content=\"summary_large_image\" \/>\n<script type=\"application\/ld+json\" class=\"yoast-schema-graph\">{\"@context\":\"https:\/\/schema.org\",\"@graph\":[{\"@type\":\"WebPage\",\"@id\":\"https:\/\/justbuildit.eu\/en\/pood\/isolatsioonimaterjalid\/membraanid\/aurutokke-ehituskile-vario-xtra-60m2\/\",\"url\":\"https:\/\/justbuildit.eu\/en\/pood\/isolatsioonimaterjalid\/membraanid\/aurutokke-ehituskile-vario-xtra-60m2\/\",\"name\":\"Aurut\u00f5kke ehituskile Vario Xtra (60m2) - Ehituslahendused\",\"isPartOf\":{\"@id\":\"https:\/\/justbuildit.eu\/en\/#website\"},\"primaryImageOfPage\":{\"@id\":\"https:\/\/justbuildit.eu\/en\/pood\/isolatsioonimaterjalid\/membraanid\/aurutokke-ehituskile-vario-xtra-60m2\/#primaryimage\"},\"image\":{\"@id\":\"https:\/\/justbuildit.eu\/en\/pood\/isolatsioonimaterjalid\/membraanid\/aurutokke-ehituskile-vario-xtra-60m2\/#primaryimage\"},\"thumbnailUrl\":\"https:\/\/justbuildit.eu\/wp-content\/uploads\/2025\/10\/108767.jpg\",\"datePublished\":\"2025-10-23T11:01:06+00:00\",\"dateModified\":\"2026-04-11T09:01:19+00:00\",\"breadcrumb\":{\"@id\":\"https:\/\/justbuildit.eu\/en\/pood\/isolatsioonimaterjalid\/membraanid\/aurutokke-ehituskile-vario-xtra-60m2\/#breadcrumb\"},\"inLanguage\":\"en-US\",\"potentialAction\":[{\"@type\":\"ReadAction\",\"target\":[\"https:\/\/justbuildit.eu\/en\/pood\/isolatsioonimaterjalid\/membraanid\/aurutokke-ehituskile-vario-xtra-60m2\/\"]}]},{\"@type\":\"ImageObject\",\"inLanguage\":\"en-US\",\"@id\":\"https:\/\/justbuildit.eu\/en\/pood\/isolatsioonimaterjalid\/membraanid\/aurutokke-ehituskile-vario-xtra-60m2\/#primaryimage\",\"url\":\"https:\/\/justbuildit.eu\/wp-content\/uploads\/2025\/10\/108767.jpg\",\"contentUrl\":\"https:\/\/justbuildit.eu\/wp-content\/uploads\/2025\/10\/108767.jpg\",\"width\":588,\"height\":588},{\"@type\":\"BreadcrumbList\",\"@id\":\"https:\/\/justbuildit.eu\/en\/pood\/isolatsioonimaterjalid\/membraanid\/aurutokke-ehituskile-vario-xtra-60m2\/#breadcrumb\",\"itemListElement\":[{\"@type\":\"ListItem\",\"position\":1,\"name\":\"Home\",\"item\":\"https:\/\/justbuildit.eu\/en\/\"},{\"@type\":\"ListItem\",\"position\":2,\"name\":\"Shop\",\"item\":\"https:\/\/justbuildit.eu\/en\/building-materials\/\"},{\"@type\":\"ListItem\",\"position\":3,\"name\":\"Aurut\u00f5kke ehituskile Vario Xtra (60m2)\"}]},{\"@type\":\"WebSite\",\"@id\":\"https:\/\/justbuildit.eu\/en\/#website\",\"url\":\"https:\/\/justbuildit.eu\/en\/\",\"name\":\"Ehituslahendused\",\"description\":\"Ehituslahendused ja materjalid\",\"publisher\":{\"@id\":\"https:\/\/justbuildit.eu\/en\/#organization\"},\"potentialAction\":[{\"@type\":\"SearchAction\",\"target\":{\"@type\":\"EntryPoint\",\"urlTemplate\":\"https:\/\/justbuildit.eu\/en\/?s={search_term_string}\"},\"query-input\":{\"@type\":\"PropertyValueSpecification\",\"valueRequired\":true,\"valueName\":\"search_term_string\"}}],\"inLanguage\":\"en-US\"},{\"@type\":\"Organization\",\"@id\":\"https:\/\/justbuildit.eu\/en\/#organization\",\"name\":\"Just Build It O\u00dc\",\"url\":\"https:\/\/justbuildit.eu\/en\/\",\"logo\":{\"@type\":\"ImageObject\",\"inLanguage\":\"en-US\",\"@id\":\"https:\/\/justbuildit.eu\/en\/#\/schema\/logo\/image\/\",\"url\":\"https:\/\/justbuildit.eu\/wp-content\/uploads\/2022\/01\/justbuildit.png\",\"contentUrl\":\"https:\/\/justbuildit.eu\/wp-content\/uploads\/2022\/01\/justbuildit.png\",\"width\":173,\"height\":77,\"caption\":\"Just Build It O\u00dc\"},\"image\":{\"@id\":\"https:\/\/justbuildit.eu\/en\/#\/schema\/logo\/image\/\"},\"sameAs\":[\"https:\/\/www.facebook.com\/justbuildit.ee\"]}]}<\/script>\n<!-- \/ Yoast SEO Premium plugin. -->","yoast_head_json":{"title":"Aurut\u00f5kke ehituskile Vario Xtra (60m2) - Ehituslahendused","robots":{"index":"index","follow":"follow","max-snippet":"max-snippet:-1","max-image-preview":"max-image-preview:large","max-video-preview":"max-video-preview:-1"},"canonical":"https:\/\/justbuildit.eu\/en\/pood\/isolatsioonimaterjalid\/membraanid\/aurutokke-ehituskile-vario-xtra-60m2\/","og_locale":"en_US","og_type":"article","og_title":"Aurut\u00f5kke ehituskile Vario Xtra (60m2)","og_description":"ISOVER Vario\u00ae Xtra on uus t\u00e4iustatud versioon ISOVER Vario\u00ae auru- ja \u00f5hutiheduss\u00fcsteemis. Oma eelk\u00e4ijast, ISOVER Vario\u00ae Duplex kilest erineb see oluliselt suurema aurul\u00e4bilaskvuse varieeruvuse poolest, mis sobib paremini p\u00f5hjamaise kliimaga. Sd-v\u00e4\u00e4rtused on vahemikus 0,3 kuni 25 m. Sellega on membraan oma klassi parim.","og_url":"https:\/\/justbuildit.eu\/en\/pood\/isolatsioonimaterjalid\/membraanid\/aurutokke-ehituskile-vario-xtra-60m2\/","og_site_name":"Ehituslahendused","article_publisher":"https:\/\/www.facebook.com\/justbuildit.ee","article_modified_time":"2026-04-11T09:01:19+00:00","og_image":[{"width":588,"height":588,"url":"https:\/\/justbuildit.eu\/wp-content\/uploads\/2025\/10\/108767.jpg","type":"image\/jpeg"}],"twitter_card":"summary_large_image","schema":{"@context":"https:\/\/schema.org","@graph":[{"@type":"WebPage","@id":"https:\/\/justbuildit.eu\/en\/pood\/isolatsioonimaterjalid\/membraanid\/aurutokke-ehituskile-vario-xtra-60m2\/","url":"https:\/\/justbuildit.eu\/en\/pood\/isolatsioonimaterjalid\/membraanid\/aurutokke-ehituskile-vario-xtra-60m2\/","name":"Aurut\u00f5kke ehituskile Vario Xtra (60m2) - Ehituslahendused","isPartOf":{"@id":"https:\/\/justbuildit.eu\/en\/#website"},"primaryImageOfPage":{"@id":"https:\/\/justbuildit.eu\/en\/pood\/isolatsioonimaterjalid\/membraanid\/aurutokke-ehituskile-vario-xtra-60m2\/#primaryimage"},"image":{"@id":"https:\/\/justbuildit.eu\/en\/pood\/isolatsioonimaterjalid\/membraanid\/aurutokke-ehituskile-vario-xtra-60m2\/#primaryimage"},"thumbnailUrl":"https:\/\/justbuildit.eu\/wp-content\/uploads\/2025\/10\/108767.jpg","datePublished":"2025-10-23T11:01:06+00:00","dateModified":"2026-04-11T09:01:19+00:00","breadcrumb":{"@id":"https:\/\/justbuildit.eu\/en\/pood\/isolatsioonimaterjalid\/membraanid\/aurutokke-ehituskile-vario-xtra-60m2\/#breadcrumb"},"inLanguage":"en-US","potentialAction":[{"@type":"ReadAction","target":["https:\/\/justbuildit.eu\/en\/pood\/isolatsioonimaterjalid\/membraanid\/aurutokke-ehituskile-vario-xtra-60m2\/"]}]},{"@type":"ImageObject","inLanguage":"en-US","@id":"https:\/\/justbuildit.eu\/en\/pood\/isolatsioonimaterjalid\/membraanid\/aurutokke-ehituskile-vario-xtra-60m2\/#primaryimage","url":"https:\/\/justbuildit.eu\/wp-content\/uploads\/2025\/10\/108767.jpg","contentUrl":"https:\/\/justbuildit.eu\/wp-content\/uploads\/2025\/10\/108767.jpg","width":588,"height":588},{"@type":"BreadcrumbList","@id":"https:\/\/justbuildit.eu\/en\/pood\/isolatsioonimaterjalid\/membraanid\/aurutokke-ehituskile-vario-xtra-60m2\/#breadcrumb","itemListElement":[{"@type":"ListItem","position":1,"name":"Home","item":"https:\/\/justbuildit.eu\/en\/"},{"@type":"ListItem","position":2,"name":"Shop","item":"https:\/\/justbuildit.eu\/en\/building-materials\/"},{"@type":"ListItem","position":3,"name":"Aurut\u00f5kke ehituskile Vario Xtra (60m2)"}]},{"@type":"WebSite","@id":"https:\/\/justbuildit.eu\/en\/#website","url":"https:\/\/justbuildit.eu\/en\/","name":"Ehituslahendused","description":"Ehituslahendused ja materjalid","publisher":{"@id":"https:\/\/justbuildit.eu\/en\/#organization"},"potentialAction":[{"@type":"SearchAction","target":{"@type":"EntryPoint","urlTemplate":"https:\/\/justbuildit.eu\/en\/?s={search_term_string}"},"query-input":{"@type":"PropertyValueSpecification","valueRequired":true,"valueName":"search_term_string"}}],"inLanguage":"en-US"},{"@type":"Organization","@id":"https:\/\/justbuildit.eu\/en\/#organization","name":"Just Build It O\u00dc","url":"https:\/\/justbuildit.eu\/en\/","logo":{"@type":"ImageObject","inLanguage":"en-US","@id":"https:\/\/justbuildit.eu\/en\/#\/schema\/logo\/image\/","url":"https:\/\/justbuildit.eu\/wp-content\/uploads\/2022\/01\/justbuildit.png","contentUrl":"https:\/\/justbuildit.eu\/wp-content\/uploads\/2022\/01\/justbuildit.png","width":173,"height":77,"caption":"Just Build It O\u00dc"},"image":{"@id":"https:\/\/justbuildit.eu\/en\/#\/schema\/logo\/image\/"},"sameAs":["https:\/\/www.facebook.com\/justbuildit.ee"]}]}},"_links":{"self":[{"href":"https:\/\/justbuildit.eu\/en\/wp-json\/wp\/v2\/product\/599697","targetHints":{"allow":["GET"]}}],"collection":[{"href":"https:\/\/justbuildit.eu\/en\/wp-json\/wp\/v2\/product"}],"about":[{"href":"https:\/\/justbuildit.eu\/en\/wp-json\/wp\/v2\/types\/product"}],"replies":[{"embeddable":true,"href":"https:\/\/justbuildit.eu\/en\/wp-json\/wp\/v2\/comments?post=599697"}],"wp:featuredmedia":[{"embeddable":true,"href":"https:\/\/justbuildit.eu\/en\/wp-json\/wp\/v2\/media\/599698"}],"wp:attachment":[{"href":"https:\/\/justbuildit.eu\/en\/wp-json\/wp\/v2\/media?parent=599697"}],"wp:term":[{"taxonomy":"product_brand","embeddable":true,"href":"https:\/\/justbuildit.eu\/en\/wp-json\/wp\/v2\/product_brand?post=599697"},{"taxonomy":"product_cat","embeddable":true,"href":"https:\/\/justbuildit.eu\/en\/wp-json\/wp\/v2\/product_cat?post=599697"},{"taxonomy":"product_tag","embeddable":true,"href":"https:\/\/justbuildit.eu\/en\/wp-json\/wp\/v2\/product_tag?post=599697"}],"curies":[{"name":"wp","href":"https:\/\/api.w.org\/{rel}","templated":true}]}}