{"id":600392,"date":"2025-10-26T10:01:22","date_gmt":"2025-10-26T07:01:22","guid":{"rendered":"https:\/\/justbuildit.eu\/?post_type=product&#038;p=600392"},"modified":"2026-04-18T12:01:12","modified_gmt":"2026-04-18T09:01:12","slug":"silikoonkrohv-amphisilan-fassadenputz-r20-valge-25kg","status":"publish","type":"product","link":"https:\/\/justbuildit.eu\/en\/pood\/pahtlid-krohvisegud\/krohvid\/silikoonkrohv-amphisilan-fassadenputz-r20-valge-25kg\/","title":{"rendered":"SILIKOONKROHV AMPHISILAN-FASSADENPUTZ R20 VALGE 25KG"},"content":{"rendered":"<div class=\"row\"  id=\"row-1554583467\">\n<div id=\"col-1261078630\" class=\"col medium-9 small-12 large-9\"  >\n<div class=\"col-inner\"  >\n<h2>Silikoonkrohv AmphiSilan-Fassadenputz K15 Valge<\/h2>\n<p>Kasutusvalmis struktureeritav silikonkrohv.<\/p>\n<div class=\"message-box relative\" style=\"padding-top:15px;padding-bottom:15px;\">\n<div class=\"message-box-bg-image bg-fill fill\" ><\/div>\n<div class=\"message-box-bg-overlay bg-fill fill\" ><\/div>\n<div class=\"container relative\">\n<div class=\"inner last-reset\">\n<div class=\"row align-middle align-center\"  id=\"row-965858613\">\n<div id=\"col-1539541911\" class=\"col small-12 large-12\"  >\n<div class=\"col-inner text-left\"  >\n<h4>Omadused<\/h4>\n<div class=\"row\"  id=\"row-1858663062\">\n<div id=\"col-1334935969\" class=\"col medium-6 small-12 large-6\"  >\n<div class=\"col-inner\"  >\n<p><i class=\"fa fa-check fa-2x\"><\/i> <strong>V\u00e4ga h\u00e4sti veeauru l\u00e4bilaskev<\/strong><\/p>\n<p><i class=\"fa fa-check fa-2x\"><\/i> <strong>Ilmastikukindel, vett t\u00f5rjuv<\/strong><\/p>\n<\/p>\n<\/div>\n<style>\n#col-1334935969 > .col-inner {\n  margin: 0px 0px 15px 0px;\n}\n<\/style>\n<\/p>\n<\/div>\n<div id=\"col-1565142469\" class=\"col medium-6 small-12 large-6\"  >\n<div class=\"col-inner\"  >\n<p><i class=\"fa fa-check fa-2x\"><\/i> <strong>Lihtsalt pinnale kantav<\/strong><\/p>\n<p><i class=\"fa fa-check fa-2x\"><\/i> <strong>Keskkonnas\u00e4\u00e4stlik, v\u00e4hese l\u00f5hnaga<\/strong><\/p>\n<\/p>\n<\/div>\n<style>\n#col-1565142469 > .col-inner {\n  margin: 0px 0px 15px 0px;\n}\n<\/style>\n<\/p>\n<\/div>\n<\/div>\n<\/div>\n<\/div>\n<\/div>\n<\/div>\n<\/div>\n<\/div>\n<div id=\"gap-1638414646\" class=\"gap-element clearfix\" style=\"display:block; height:auto;\">\n<style>\n#gap-1638414646 {\n  padding-top: 30px;\n}\n<\/style>\n<\/p>\n<\/div>\n<h3>Kasutamise \u00fcksikasjad<\/h3>\n<p><strong>Aluspind:<\/strong> Aluspind peab olema sile, puhas, kuiv, tugev, kandev ja vaba nakkumist takistavatest ainetest. Kinni tuleb pidada ehitusteenuste t\u00f6\u00f6v\u00f5tu m\u00e4\u00e4rusest (VOB), C-osa, standard DIN 18 363, l\u00f5ik 3. Halva kandev\u00f5imega email-, dispersioonv\u00e4rv- v\u00f5i kunstvaikkrohv-pinnakatted ning halva kandev\u00f5imega mineraalv\u00e4rvkatted tuleb t\u00e4ielikult eemaldada. Kinniolevad v\u00e4rvkatted puhastada kuivalt v\u00f5i m\u00e4rjalt. Hallituse, sambla v\u00f5i vetikatega kaetud pinnad puhastada survepesuga seadusega kehtestatud eeskirju j\u00e4rgides. Pinnad pesta mikrobiotsiidlahusega Capatox ja lasta seej\u00e4rel h\u00e4sti kuivada. T\u00f6\u00f6stuslike heitgaaside ja tahmaga m\u00e4\u00e4rdunud pinnad puhastada survepesuga sobivaid puhastusvahendeid kasutades ja seadusega kehtestatud eeskirju j\u00e4rgides.<\/p>\n<p><strong>Ohutus:<\/strong> Kahjulik veeorganismidele, v\u00f5ib avaldada pikaajalist veekeskkonda kahjustavat toimet. Hoida lastele k\u00e4ttesaamatus kohas. Silma sattumisel loputada kohe rohke veega. Nahale sattumisel loputada kohe rohke vee ja seebiga. Mitte valada kanalisatsiooni, veekogudesse v\u00f5i maapinnale. Allaneelamise korral p\u00f6\u00f6rduda koheselt arsti poole, sest toode v\u00f5ib kahjustada seedetrakti mikrofloorat. Pihustamistehnika kasutamisel v\u00e4ltida pritsmeaurude sissehingamist.<\/p>\n<\/p>\n<\/div>\n<\/div>\n<div id=\"col-163489899\" class=\"col medium-3 small-12 large-3\"  >\n<div class=\"col-inner\"  >\n<div id=\"gap-717553042\" class=\"gap-element clearfix\" style=\"display:block; height:auto;\">\n<style>\n#gap-717553042 {\n  padding-top: 30px;\n}\n<\/style>\n<\/p>\n<\/div>\n<h3>Tehniline informatsioon<\/h3>\n<p><a href=\"https:\/\/espak.ee\/epood\/wp-content\/uploads\/Silikoonkrohv-AmphiSilan-Fassadenputz-tooteleht.pdf\" target=\"_blank\" rel=\"noopener noreferrer\"><i class=\"far fa-file-pdf\"><\/i> Tehniline info (PDF)<\/a><\/p>\n<h3>Ohutusalane teave<\/h3>\n<p><a href=\"https:\/\/espak.ee\/epood\/wp-content\/uploads\/Silikoonkrohv-AmphiSilan-Fassadenputz-ohutuskaart.pdf\" target=\"_blank\" rel=\"noopener noreferrer\"><i class=\"far fa-file-pdf\"><\/i> Ohutusalane teave (PDF)<\/a><\/p>\n<div class=\"is-divider divider clearfix\" ><\/div>\n<p><strong>\u00dcksikasjalikuma n\u00f5u saamiseks v\u00f5tke \u00fchendust:<br \/><\/strong>SIA DAW Baltica Eesti filiaal<br \/>L\u00e4ike tee 2\/1<br \/>75312<br \/>Peetri alevik, Rae vald<br \/>+372 6000690<\/p>\n<div class=\"is-divider divider clearfix\" ><\/div>\n<\/p>\n<\/div>\n<\/div>\n<\/div>\n","protected":false},"excerpt":{"rendered":"<p>Kasutusvalmis struktureeritav silikonkrohv.<\/p>","protected":false},"featured_media":600393,"comment_status":"open","ping_status":"closed","template":"","meta":{"_acf_changed":false},"product_brand":[],"product_cat":[92,498],"product_tag":[],"class_list":{"0":"post-600392","1":"product","2":"type-product","3":"status-publish","4":"has-post-thumbnail","6":"product_cat-krohvid","7":"product_cat-espak","9":"first","10":"instock","11":"sale","12":"shipping-taxable","13":"purchasable","14":"product-type-simple"},"acf":[],"yoast_head":"<!-- This site is optimized with the Yoast SEO Premium plugin v18.7 (Yoast SEO v26.5) - https:\/\/yoast.com\/wordpress\/plugins\/seo\/ -->\n<title>SILIKOONKROHV AMPHISILAN-FASSADENPUTZ R20 VALGE 25KG - Ehituslahendused<\/title>\n<meta name=\"robots\" content=\"index, follow, max-snippet:-1, max-image-preview:large, max-video-preview:-1\" \/>\n<link rel=\"canonical\" href=\"https:\/\/justbuildit.eu\/en\/pood\/pahtlid-krohvisegud\/krohvid\/silikoonkrohv-amphisilan-fassadenputz-r20-valge-25kg\/\" \/>\n<meta property=\"og:locale\" content=\"en_US\" \/>\n<meta property=\"og:type\" content=\"article\" \/>\n<meta property=\"og:title\" content=\"SILIKOONKROHV AMPHISILAN-FASSADENPUTZ R20 VALGE 25KG\" \/>\n<meta property=\"og:description\" content=\"Kasutusvalmis struktureeritav silikonkrohv.\" \/>\n<meta property=\"og:url\" content=\"https:\/\/justbuildit.eu\/en\/pood\/pahtlid-krohvisegud\/krohvid\/silikoonkrohv-amphisilan-fassadenputz-r20-valge-25kg\/\" \/>\n<meta property=\"og:site_name\" content=\"Ehituslahendused\" \/>\n<meta property=\"article:publisher\" content=\"https:\/\/www.facebook.com\/justbuildit.ee\" \/>\n<meta property=\"article:modified_time\" content=\"2026-04-18T09:01:12+00:00\" \/>\n<meta property=\"og:image\" content=\"https:\/\/justbuildit.eu\/wp-content\/uploads\/2025\/10\/Silikoonkrohv-AmphiSilan-Fassadenputz.png\" \/>\n\t<meta property=\"og:image:width\" content=\"800\" \/>\n\t<meta property=\"og:image:height\" content=\"800\" \/>\n\t<meta property=\"og:image:type\" content=\"image\/png\" \/>\n<meta name=\"twitter:card\" content=\"summary_large_image\" \/>\n<script type=\"application\/ld+json\" class=\"yoast-schema-graph\">{\"@context\":\"https:\/\/schema.org\",\"@graph\":[{\"@type\":\"WebPage\",\"@id\":\"https:\/\/justbuildit.eu\/en\/pood\/pahtlid-krohvisegud\/krohvid\/silikoonkrohv-amphisilan-fassadenputz-r20-valge-25kg\/\",\"url\":\"https:\/\/justbuildit.eu\/en\/pood\/pahtlid-krohvisegud\/krohvid\/silikoonkrohv-amphisilan-fassadenputz-r20-valge-25kg\/\",\"name\":\"SILIKOONKROHV AMPHISILAN-FASSADENPUTZ R20 VALGE 25KG - Ehituslahendused\",\"isPartOf\":{\"@id\":\"https:\/\/justbuildit.eu\/en\/#website\"},\"primaryImageOfPage\":{\"@id\":\"https:\/\/justbuildit.eu\/en\/pood\/pahtlid-krohvisegud\/krohvid\/silikoonkrohv-amphisilan-fassadenputz-r20-valge-25kg\/#primaryimage\"},\"image\":{\"@id\":\"https:\/\/justbuildit.eu\/en\/pood\/pahtlid-krohvisegud\/krohvid\/silikoonkrohv-amphisilan-fassadenputz-r20-valge-25kg\/#primaryimage\"},\"thumbnailUrl\":\"https:\/\/justbuildit.eu\/wp-content\/uploads\/2025\/10\/Silikoonkrohv-AmphiSilan-Fassadenputz.png\",\"datePublished\":\"2025-10-26T07:01:22+00:00\",\"dateModified\":\"2026-04-18T09:01:12+00:00\",\"breadcrumb\":{\"@id\":\"https:\/\/justbuildit.eu\/en\/pood\/pahtlid-krohvisegud\/krohvid\/silikoonkrohv-amphisilan-fassadenputz-r20-valge-25kg\/#breadcrumb\"},\"inLanguage\":\"en-US\",\"potentialAction\":[{\"@type\":\"ReadAction\",\"target\":[\"https:\/\/justbuildit.eu\/en\/pood\/pahtlid-krohvisegud\/krohvid\/silikoonkrohv-amphisilan-fassadenputz-r20-valge-25kg\/\"]}]},{\"@type\":\"ImageObject\",\"inLanguage\":\"en-US\",\"@id\":\"https:\/\/justbuildit.eu\/en\/pood\/pahtlid-krohvisegud\/krohvid\/silikoonkrohv-amphisilan-fassadenputz-r20-valge-25kg\/#primaryimage\",\"url\":\"https:\/\/justbuildit.eu\/wp-content\/uploads\/2025\/10\/Silikoonkrohv-AmphiSilan-Fassadenputz.png\",\"contentUrl\":\"https:\/\/justbuildit.eu\/wp-content\/uploads\/2025\/10\/Silikoonkrohv-AmphiSilan-Fassadenputz.png\",\"width\":800,\"height\":800},{\"@type\":\"BreadcrumbList\",\"@id\":\"https:\/\/justbuildit.eu\/en\/pood\/pahtlid-krohvisegud\/krohvid\/silikoonkrohv-amphisilan-fassadenputz-r20-valge-25kg\/#breadcrumb\",\"itemListElement\":[{\"@type\":\"ListItem\",\"position\":1,\"name\":\"Home\",\"item\":\"https:\/\/justbuildit.eu\/en\/\"},{\"@type\":\"ListItem\",\"position\":2,\"name\":\"Shop\",\"item\":\"https:\/\/justbuildit.eu\/en\/building-materials\/\"},{\"@type\":\"ListItem\",\"position\":3,\"name\":\"SILIKOONKROHV AMPHISILAN-FASSADENPUTZ R20 VALGE 25KG\"}]},{\"@type\":\"WebSite\",\"@id\":\"https:\/\/justbuildit.eu\/en\/#website\",\"url\":\"https:\/\/justbuildit.eu\/en\/\",\"name\":\"Ehituslahendused\",\"description\":\"Ehituslahendused ja materjalid\",\"publisher\":{\"@id\":\"https:\/\/justbuildit.eu\/en\/#organization\"},\"potentialAction\":[{\"@type\":\"SearchAction\",\"target\":{\"@type\":\"EntryPoint\",\"urlTemplate\":\"https:\/\/justbuildit.eu\/en\/?s={search_term_string}\"},\"query-input\":{\"@type\":\"PropertyValueSpecification\",\"valueRequired\":true,\"valueName\":\"search_term_string\"}}],\"inLanguage\":\"en-US\"},{\"@type\":\"Organization\",\"@id\":\"https:\/\/justbuildit.eu\/en\/#organization\",\"name\":\"Just Build It O\u00dc\",\"url\":\"https:\/\/justbuildit.eu\/en\/\",\"logo\":{\"@type\":\"ImageObject\",\"inLanguage\":\"en-US\",\"@id\":\"https:\/\/justbuildit.eu\/en\/#\/schema\/logo\/image\/\",\"url\":\"https:\/\/justbuildit.eu\/wp-content\/uploads\/2022\/01\/justbuildit.png\",\"contentUrl\":\"https:\/\/justbuildit.eu\/wp-content\/uploads\/2022\/01\/justbuildit.png\",\"width\":173,\"height\":77,\"caption\":\"Just Build It O\u00dc\"},\"image\":{\"@id\":\"https:\/\/justbuildit.eu\/en\/#\/schema\/logo\/image\/\"},\"sameAs\":[\"https:\/\/www.facebook.com\/justbuildit.ee\"]}]}<\/script>\n<!-- \/ Yoast SEO Premium plugin. -->","yoast_head_json":{"title":"SILIKOONKROHV AMPHISILAN-FASSADENPUTZ R20 VALGE 25KG - Ehituslahendused","robots":{"index":"index","follow":"follow","max-snippet":"max-snippet:-1","max-image-preview":"max-image-preview:large","max-video-preview":"max-video-preview:-1"},"canonical":"https:\/\/justbuildit.eu\/en\/pood\/pahtlid-krohvisegud\/krohvid\/silikoonkrohv-amphisilan-fassadenputz-r20-valge-25kg\/","og_locale":"en_US","og_type":"article","og_title":"SILIKOONKROHV AMPHISILAN-FASSADENPUTZ R20 VALGE 25KG","og_description":"Kasutusvalmis struktureeritav silikonkrohv.","og_url":"https:\/\/justbuildit.eu\/en\/pood\/pahtlid-krohvisegud\/krohvid\/silikoonkrohv-amphisilan-fassadenputz-r20-valge-25kg\/","og_site_name":"Ehituslahendused","article_publisher":"https:\/\/www.facebook.com\/justbuildit.ee","article_modified_time":"2026-04-18T09:01:12+00:00","og_image":[{"width":800,"height":800,"url":"https:\/\/justbuildit.eu\/wp-content\/uploads\/2025\/10\/Silikoonkrohv-AmphiSilan-Fassadenputz.png","type":"image\/png"}],"twitter_card":"summary_large_image","schema":{"@context":"https:\/\/schema.org","@graph":[{"@type":"WebPage","@id":"https:\/\/justbuildit.eu\/en\/pood\/pahtlid-krohvisegud\/krohvid\/silikoonkrohv-amphisilan-fassadenputz-r20-valge-25kg\/","url":"https:\/\/justbuildit.eu\/en\/pood\/pahtlid-krohvisegud\/krohvid\/silikoonkrohv-amphisilan-fassadenputz-r20-valge-25kg\/","name":"SILIKOONKROHV AMPHISILAN-FASSADENPUTZ R20 VALGE 25KG - Ehituslahendused","isPartOf":{"@id":"https:\/\/justbuildit.eu\/en\/#website"},"primaryImageOfPage":{"@id":"https:\/\/justbuildit.eu\/en\/pood\/pahtlid-krohvisegud\/krohvid\/silikoonkrohv-amphisilan-fassadenputz-r20-valge-25kg\/#primaryimage"},"image":{"@id":"https:\/\/justbuildit.eu\/en\/pood\/pahtlid-krohvisegud\/krohvid\/silikoonkrohv-amphisilan-fassadenputz-r20-valge-25kg\/#primaryimage"},"thumbnailUrl":"https:\/\/justbuildit.eu\/wp-content\/uploads\/2025\/10\/Silikoonkrohv-AmphiSilan-Fassadenputz.png","datePublished":"2025-10-26T07:01:22+00:00","dateModified":"2026-04-18T09:01:12+00:00","breadcrumb":{"@id":"https:\/\/justbuildit.eu\/en\/pood\/pahtlid-krohvisegud\/krohvid\/silikoonkrohv-amphisilan-fassadenputz-r20-valge-25kg\/#breadcrumb"},"inLanguage":"en-US","potentialAction":[{"@type":"ReadAction","target":["https:\/\/justbuildit.eu\/en\/pood\/pahtlid-krohvisegud\/krohvid\/silikoonkrohv-amphisilan-fassadenputz-r20-valge-25kg\/"]}]},{"@type":"ImageObject","inLanguage":"en-US","@id":"https:\/\/justbuildit.eu\/en\/pood\/pahtlid-krohvisegud\/krohvid\/silikoonkrohv-amphisilan-fassadenputz-r20-valge-25kg\/#primaryimage","url":"https:\/\/justbuildit.eu\/wp-content\/uploads\/2025\/10\/Silikoonkrohv-AmphiSilan-Fassadenputz.png","contentUrl":"https:\/\/justbuildit.eu\/wp-content\/uploads\/2025\/10\/Silikoonkrohv-AmphiSilan-Fassadenputz.png","width":800,"height":800},{"@type":"BreadcrumbList","@id":"https:\/\/justbuildit.eu\/en\/pood\/pahtlid-krohvisegud\/krohvid\/silikoonkrohv-amphisilan-fassadenputz-r20-valge-25kg\/#breadcrumb","itemListElement":[{"@type":"ListItem","position":1,"name":"Home","item":"https:\/\/justbuildit.eu\/en\/"},{"@type":"ListItem","position":2,"name":"Shop","item":"https:\/\/justbuildit.eu\/en\/building-materials\/"},{"@type":"ListItem","position":3,"name":"SILIKOONKROHV AMPHISILAN-FASSADENPUTZ R20 VALGE 25KG"}]},{"@type":"WebSite","@id":"https:\/\/justbuildit.eu\/en\/#website","url":"https:\/\/justbuildit.eu\/en\/","name":"Ehituslahendused","description":"Ehituslahendused ja materjalid","publisher":{"@id":"https:\/\/justbuildit.eu\/en\/#organization"},"potentialAction":[{"@type":"SearchAction","target":{"@type":"EntryPoint","urlTemplate":"https:\/\/justbuildit.eu\/en\/?s={search_term_string}"},"query-input":{"@type":"PropertyValueSpecification","valueRequired":true,"valueName":"search_term_string"}}],"inLanguage":"en-US"},{"@type":"Organization","@id":"https:\/\/justbuildit.eu\/en\/#organization","name":"Just Build It O\u00dc","url":"https:\/\/justbuildit.eu\/en\/","logo":{"@type":"ImageObject","inLanguage":"en-US","@id":"https:\/\/justbuildit.eu\/en\/#\/schema\/logo\/image\/","url":"https:\/\/justbuildit.eu\/wp-content\/uploads\/2022\/01\/justbuildit.png","contentUrl":"https:\/\/justbuildit.eu\/wp-content\/uploads\/2022\/01\/justbuildit.png","width":173,"height":77,"caption":"Just Build It O\u00dc"},"image":{"@id":"https:\/\/justbuildit.eu\/en\/#\/schema\/logo\/image\/"},"sameAs":["https:\/\/www.facebook.com\/justbuildit.ee"]}]}},"_links":{"self":[{"href":"https:\/\/justbuildit.eu\/en\/wp-json\/wp\/v2\/product\/600392","targetHints":{"allow":["GET"]}}],"collection":[{"href":"https:\/\/justbuildit.eu\/en\/wp-json\/wp\/v2\/product"}],"about":[{"href":"https:\/\/justbuildit.eu\/en\/wp-json\/wp\/v2\/types\/product"}],"replies":[{"embeddable":true,"href":"https:\/\/justbuildit.eu\/en\/wp-json\/wp\/v2\/comments?post=600392"}],"wp:featuredmedia":[{"embeddable":true,"href":"https:\/\/justbuildit.eu\/en\/wp-json\/wp\/v2\/media\/600393"}],"wp:attachment":[{"href":"https:\/\/justbuildit.eu\/en\/wp-json\/wp\/v2\/media?parent=600392"}],"wp:term":[{"taxonomy":"product_brand","embeddable":true,"href":"https:\/\/justbuildit.eu\/en\/wp-json\/wp\/v2\/product_brand?post=600392"},{"taxonomy":"product_cat","embeddable":true,"href":"https:\/\/justbuildit.eu\/en\/wp-json\/wp\/v2\/product_cat?post=600392"},{"taxonomy":"product_tag","embeddable":true,"href":"https:\/\/justbuildit.eu\/en\/wp-json\/wp\/v2\/product_tag?post=600392"}],"curies":[{"name":"wp","href":"https:\/\/api.w.org\/{rel}","templated":true}]}}