{"id":602692,"date":"2025-11-02T08:59:53","date_gmt":"2025-11-02T05:59:53","guid":{"rendered":"https:\/\/justbuildit.eu\/?post_type=product&#038;p=602692"},"modified":"2026-04-16T12:01:06","modified_gmt":"2026-04-16T09:01:06","slug":"kivivill-paroc-ultra-200x565x1220mm-276m2","status":"publish","type":"product","link":"https:\/\/justbuildit.eu\/en\/pood\/isolatsioonimaterjalid\/kivivill\/kivivill-paroc-ultra-200x565x1220mm-276m2\/","title":{"rendered":"Kivivill PAROC Ultra 200x565x1220mm (2,76m2)"},"content":{"rendered":"<p>PAROC Ultra, lambda 0,035W\/mK, on elastne soojustusplaat kasutamiseks erinevates soojustus, heliisolatsiooni ja tulekaitse lahendustes uutes ja renoveeritavates honetes.<br \/>\nPAROC Ultra on suurep\u00e4rane valik ventileeritavate fassaadide ja kaldkatuste soojustamiseks kuna toote k\u00f5rge tihedus garanteerib parima soojustuse k\u00fclmadel talvep\u00e4rvadel &#8211; \u00f5hu liikumiseks puudub v\u00f5imalus.<br \/>\nPAROC Ultraga on lihtne t\u00f6\u00f6tada &#8211; pehme materjal t\u00e4idab k\u00f5ik ebatasasused ning p\u00fcsib karkassi vahel ilma lisatoeta.<br \/>\nKivivill ei p\u00f5le, ei vaju kokku ega m\u00e4rgu ning laseb t\u00f5husalt hoone konstruktsioonil kuivada.<\/p>\n","protected":false},"excerpt":{"rendered":"<p>PAROC Ultra, lambda 0,035W\/mK, on elastne soojustusplaat kasutamiseks erinevates soojustus, heliisolatsiooni ja tulekaitse lahendustes uutes ja renoveeritavates honetes.<br \/>\nPAROC Ultra on suurep\u00e4rane valik ventileeritavate fassaadide ja kaldkatuste soojustamiseks kuna toote k\u00f5rge tihedus garanteerib parima soojustuse k\u00fclmadel talvep\u00e4rvadel &#8211; \u00f5hu liikumiseks puudub v\u00f5imalus.<br \/>\nPAROC Ultraga on lihtne t\u00f6\u00f6tada &#8211; pehme materjal t\u00e4idab k\u00f5ik ebatasasused ning p\u00fcsib karkassi vahel ilma lisatoeta.<br \/>\nKivivill ei p\u00f5le, ei vaju kokku ega m\u00e4rgu ning laseb t\u00f5husalt hoone konstruktsioonil kuivada.<\/p>","protected":false},"featured_media":602693,"comment_status":"open","ping_status":"closed","template":"","meta":{"_acf_changed":false},"product_brand":[],"product_cat":[66,497],"product_tag":[],"class_list":{"0":"post-602692","1":"product","2":"type-product","3":"status-publish","4":"has-post-thumbnail","6":"product_cat-kivivill","7":"product_cat-puumarket","9":"first","10":"instock","11":"shipping-taxable","12":"purchasable","13":"product-type-simple"},"acf":[],"yoast_head":"<!-- This site is optimized with the Yoast SEO Premium plugin v18.7 (Yoast SEO v26.5) - https:\/\/yoast.com\/wordpress\/plugins\/seo\/ -->\n<title>Kivivill PAROC Ultra 200x565x1220mm (2,76m2) - Ehituslahendused<\/title>\n<meta name=\"robots\" content=\"index, follow, max-snippet:-1, max-image-preview:large, max-video-preview:-1\" \/>\n<link rel=\"canonical\" href=\"https:\/\/justbuildit.eu\/en\/pood\/isolatsioonimaterjalid\/kivivill\/kivivill-paroc-ultra-200x565x1220mm-276m2\/\" \/>\n<meta property=\"og:locale\" content=\"en_US\" \/>\n<meta property=\"og:type\" content=\"article\" \/>\n<meta property=\"og:title\" content=\"Kivivill PAROC Ultra 200x565x1220mm (2,76m2)\" \/>\n<meta property=\"og:description\" content=\"PAROC Ultra, lambda 0,035W\/mK, on elastne soojustusplaat kasutamiseks erinevates soojustus, heliisolatsiooni ja tulekaitse lahendustes uutes ja renoveeritavates honetes. PAROC Ultra on suurep\u00e4rane valik ventileeritavate fassaadide ja kaldkatuste soojustamiseks kuna toote k\u00f5rge tihedus garanteerib parima soojustuse k\u00fclmadel talvep\u00e4rvadel - \u00f5hu liikumiseks puudub v\u00f5imalus. PAROC Ultraga on lihtne t\u00f6\u00f6tada - pehme materjal t\u00e4idab k\u00f5ik ebatasasused ning p\u00fcsib karkassi vahel ilma lisatoeta. Kivivill ei p\u00f5le, ei vaju kokku ega m\u00e4rgu ning laseb t\u00f5husalt hoone konstruktsioonil kuivada.\" \/>\n<meta property=\"og:url\" content=\"https:\/\/justbuildit.eu\/en\/pood\/isolatsioonimaterjalid\/kivivill\/kivivill-paroc-ultra-200x565x1220mm-276m2\/\" \/>\n<meta property=\"og:site_name\" content=\"Ehituslahendused\" \/>\n<meta property=\"article:publisher\" content=\"https:\/\/www.facebook.com\/justbuildit.ee\" \/>\n<meta property=\"article:modified_time\" content=\"2026-04-16T09:01:06+00:00\" \/>\n<meta property=\"og:image\" content=\"https:\/\/justbuildit.eu\/wp-content\/uploads\/2025\/11\/112517.jpg\" \/>\n\t<meta property=\"og:image:width\" content=\"709\" \/>\n\t<meta property=\"og:image:height\" content=\"709\" \/>\n\t<meta property=\"og:image:type\" content=\"image\/jpeg\" \/>\n<meta name=\"twitter:card\" content=\"summary_large_image\" \/>\n<script type=\"application\/ld+json\" class=\"yoast-schema-graph\">{\"@context\":\"https:\/\/schema.org\",\"@graph\":[{\"@type\":\"WebPage\",\"@id\":\"https:\/\/justbuildit.eu\/en\/pood\/isolatsioonimaterjalid\/kivivill\/kivivill-paroc-ultra-200x565x1220mm-276m2\/\",\"url\":\"https:\/\/justbuildit.eu\/en\/pood\/isolatsioonimaterjalid\/kivivill\/kivivill-paroc-ultra-200x565x1220mm-276m2\/\",\"name\":\"Kivivill PAROC Ultra 200x565x1220mm (2,76m2) - Ehituslahendused\",\"isPartOf\":{\"@id\":\"https:\/\/justbuildit.eu\/en\/#website\"},\"primaryImageOfPage\":{\"@id\":\"https:\/\/justbuildit.eu\/en\/pood\/isolatsioonimaterjalid\/kivivill\/kivivill-paroc-ultra-200x565x1220mm-276m2\/#primaryimage\"},\"image\":{\"@id\":\"https:\/\/justbuildit.eu\/en\/pood\/isolatsioonimaterjalid\/kivivill\/kivivill-paroc-ultra-200x565x1220mm-276m2\/#primaryimage\"},\"thumbnailUrl\":\"https:\/\/justbuildit.eu\/wp-content\/uploads\/2025\/11\/112517.jpg\",\"datePublished\":\"2025-11-02T05:59:53+00:00\",\"dateModified\":\"2026-04-16T09:01:06+00:00\",\"breadcrumb\":{\"@id\":\"https:\/\/justbuildit.eu\/en\/pood\/isolatsioonimaterjalid\/kivivill\/kivivill-paroc-ultra-200x565x1220mm-276m2\/#breadcrumb\"},\"inLanguage\":\"en-US\",\"potentialAction\":[{\"@type\":\"ReadAction\",\"target\":[\"https:\/\/justbuildit.eu\/en\/pood\/isolatsioonimaterjalid\/kivivill\/kivivill-paroc-ultra-200x565x1220mm-276m2\/\"]}]},{\"@type\":\"ImageObject\",\"inLanguage\":\"en-US\",\"@id\":\"https:\/\/justbuildit.eu\/en\/pood\/isolatsioonimaterjalid\/kivivill\/kivivill-paroc-ultra-200x565x1220mm-276m2\/#primaryimage\",\"url\":\"https:\/\/justbuildit.eu\/wp-content\/uploads\/2025\/11\/112517.jpg\",\"contentUrl\":\"https:\/\/justbuildit.eu\/wp-content\/uploads\/2025\/11\/112517.jpg\",\"width\":709,\"height\":709},{\"@type\":\"BreadcrumbList\",\"@id\":\"https:\/\/justbuildit.eu\/en\/pood\/isolatsioonimaterjalid\/kivivill\/kivivill-paroc-ultra-200x565x1220mm-276m2\/#breadcrumb\",\"itemListElement\":[{\"@type\":\"ListItem\",\"position\":1,\"name\":\"Home\",\"item\":\"https:\/\/justbuildit.eu\/en\/\"},{\"@type\":\"ListItem\",\"position\":2,\"name\":\"Shop\",\"item\":\"https:\/\/justbuildit.eu\/en\/building-materials\/\"},{\"@type\":\"ListItem\",\"position\":3,\"name\":\"Kivivill PAROC Ultra 200x565x1220mm (2,76m2)\"}]},{\"@type\":\"WebSite\",\"@id\":\"https:\/\/justbuildit.eu\/en\/#website\",\"url\":\"https:\/\/justbuildit.eu\/en\/\",\"name\":\"Ehituslahendused\",\"description\":\"Ehituslahendused ja materjalid\",\"publisher\":{\"@id\":\"https:\/\/justbuildit.eu\/en\/#organization\"},\"potentialAction\":[{\"@type\":\"SearchAction\",\"target\":{\"@type\":\"EntryPoint\",\"urlTemplate\":\"https:\/\/justbuildit.eu\/en\/?s={search_term_string}\"},\"query-input\":{\"@type\":\"PropertyValueSpecification\",\"valueRequired\":true,\"valueName\":\"search_term_string\"}}],\"inLanguage\":\"en-US\"},{\"@type\":\"Organization\",\"@id\":\"https:\/\/justbuildit.eu\/en\/#organization\",\"name\":\"Just Build It O\u00dc\",\"url\":\"https:\/\/justbuildit.eu\/en\/\",\"logo\":{\"@type\":\"ImageObject\",\"inLanguage\":\"en-US\",\"@id\":\"https:\/\/justbuildit.eu\/en\/#\/schema\/logo\/image\/\",\"url\":\"https:\/\/justbuildit.eu\/wp-content\/uploads\/2022\/01\/justbuildit.png\",\"contentUrl\":\"https:\/\/justbuildit.eu\/wp-content\/uploads\/2022\/01\/justbuildit.png\",\"width\":173,\"height\":77,\"caption\":\"Just Build It O\u00dc\"},\"image\":{\"@id\":\"https:\/\/justbuildit.eu\/en\/#\/schema\/logo\/image\/\"},\"sameAs\":[\"https:\/\/www.facebook.com\/justbuildit.ee\"]}]}<\/script>\n<!-- \/ Yoast SEO Premium plugin. -->","yoast_head_json":{"title":"Kivivill PAROC Ultra 200x565x1220mm (2,76m2) - Ehituslahendused","robots":{"index":"index","follow":"follow","max-snippet":"max-snippet:-1","max-image-preview":"max-image-preview:large","max-video-preview":"max-video-preview:-1"},"canonical":"https:\/\/justbuildit.eu\/en\/pood\/isolatsioonimaterjalid\/kivivill\/kivivill-paroc-ultra-200x565x1220mm-276m2\/","og_locale":"en_US","og_type":"article","og_title":"Kivivill PAROC Ultra 200x565x1220mm (2,76m2)","og_description":"PAROC Ultra, lambda 0,035W\/mK, on elastne soojustusplaat kasutamiseks erinevates soojustus, heliisolatsiooni ja tulekaitse lahendustes uutes ja renoveeritavates honetes. PAROC Ultra on suurep\u00e4rane valik ventileeritavate fassaadide ja kaldkatuste soojustamiseks kuna toote k\u00f5rge tihedus garanteerib parima soojustuse k\u00fclmadel talvep\u00e4rvadel - \u00f5hu liikumiseks puudub v\u00f5imalus. PAROC Ultraga on lihtne t\u00f6\u00f6tada - pehme materjal t\u00e4idab k\u00f5ik ebatasasused ning p\u00fcsib karkassi vahel ilma lisatoeta. Kivivill ei p\u00f5le, ei vaju kokku ega m\u00e4rgu ning laseb t\u00f5husalt hoone konstruktsioonil kuivada.","og_url":"https:\/\/justbuildit.eu\/en\/pood\/isolatsioonimaterjalid\/kivivill\/kivivill-paroc-ultra-200x565x1220mm-276m2\/","og_site_name":"Ehituslahendused","article_publisher":"https:\/\/www.facebook.com\/justbuildit.ee","article_modified_time":"2026-04-16T09:01:06+00:00","og_image":[{"width":709,"height":709,"url":"https:\/\/justbuildit.eu\/wp-content\/uploads\/2025\/11\/112517.jpg","type":"image\/jpeg"}],"twitter_card":"summary_large_image","schema":{"@context":"https:\/\/schema.org","@graph":[{"@type":"WebPage","@id":"https:\/\/justbuildit.eu\/en\/pood\/isolatsioonimaterjalid\/kivivill\/kivivill-paroc-ultra-200x565x1220mm-276m2\/","url":"https:\/\/justbuildit.eu\/en\/pood\/isolatsioonimaterjalid\/kivivill\/kivivill-paroc-ultra-200x565x1220mm-276m2\/","name":"Kivivill PAROC Ultra 200x565x1220mm (2,76m2) - Ehituslahendused","isPartOf":{"@id":"https:\/\/justbuildit.eu\/en\/#website"},"primaryImageOfPage":{"@id":"https:\/\/justbuildit.eu\/en\/pood\/isolatsioonimaterjalid\/kivivill\/kivivill-paroc-ultra-200x565x1220mm-276m2\/#primaryimage"},"image":{"@id":"https:\/\/justbuildit.eu\/en\/pood\/isolatsioonimaterjalid\/kivivill\/kivivill-paroc-ultra-200x565x1220mm-276m2\/#primaryimage"},"thumbnailUrl":"https:\/\/justbuildit.eu\/wp-content\/uploads\/2025\/11\/112517.jpg","datePublished":"2025-11-02T05:59:53+00:00","dateModified":"2026-04-16T09:01:06+00:00","breadcrumb":{"@id":"https:\/\/justbuildit.eu\/en\/pood\/isolatsioonimaterjalid\/kivivill\/kivivill-paroc-ultra-200x565x1220mm-276m2\/#breadcrumb"},"inLanguage":"en-US","potentialAction":[{"@type":"ReadAction","target":["https:\/\/justbuildit.eu\/en\/pood\/isolatsioonimaterjalid\/kivivill\/kivivill-paroc-ultra-200x565x1220mm-276m2\/"]}]},{"@type":"ImageObject","inLanguage":"en-US","@id":"https:\/\/justbuildit.eu\/en\/pood\/isolatsioonimaterjalid\/kivivill\/kivivill-paroc-ultra-200x565x1220mm-276m2\/#primaryimage","url":"https:\/\/justbuildit.eu\/wp-content\/uploads\/2025\/11\/112517.jpg","contentUrl":"https:\/\/justbuildit.eu\/wp-content\/uploads\/2025\/11\/112517.jpg","width":709,"height":709},{"@type":"BreadcrumbList","@id":"https:\/\/justbuildit.eu\/en\/pood\/isolatsioonimaterjalid\/kivivill\/kivivill-paroc-ultra-200x565x1220mm-276m2\/#breadcrumb","itemListElement":[{"@type":"ListItem","position":1,"name":"Home","item":"https:\/\/justbuildit.eu\/en\/"},{"@type":"ListItem","position":2,"name":"Shop","item":"https:\/\/justbuildit.eu\/en\/building-materials\/"},{"@type":"ListItem","position":3,"name":"Kivivill PAROC Ultra 200x565x1220mm (2,76m2)"}]},{"@type":"WebSite","@id":"https:\/\/justbuildit.eu\/en\/#website","url":"https:\/\/justbuildit.eu\/en\/","name":"Ehituslahendused","description":"Ehituslahendused ja materjalid","publisher":{"@id":"https:\/\/justbuildit.eu\/en\/#organization"},"potentialAction":[{"@type":"SearchAction","target":{"@type":"EntryPoint","urlTemplate":"https:\/\/justbuildit.eu\/en\/?s={search_term_string}"},"query-input":{"@type":"PropertyValueSpecification","valueRequired":true,"valueName":"search_term_string"}}],"inLanguage":"en-US"},{"@type":"Organization","@id":"https:\/\/justbuildit.eu\/en\/#organization","name":"Just Build It O\u00dc","url":"https:\/\/justbuildit.eu\/en\/","logo":{"@type":"ImageObject","inLanguage":"en-US","@id":"https:\/\/justbuildit.eu\/en\/#\/schema\/logo\/image\/","url":"https:\/\/justbuildit.eu\/wp-content\/uploads\/2022\/01\/justbuildit.png","contentUrl":"https:\/\/justbuildit.eu\/wp-content\/uploads\/2022\/01\/justbuildit.png","width":173,"height":77,"caption":"Just Build It O\u00dc"},"image":{"@id":"https:\/\/justbuildit.eu\/en\/#\/schema\/logo\/image\/"},"sameAs":["https:\/\/www.facebook.com\/justbuildit.ee"]}]}},"_links":{"self":[{"href":"https:\/\/justbuildit.eu\/en\/wp-json\/wp\/v2\/product\/602692","targetHints":{"allow":["GET"]}}],"collection":[{"href":"https:\/\/justbuildit.eu\/en\/wp-json\/wp\/v2\/product"}],"about":[{"href":"https:\/\/justbuildit.eu\/en\/wp-json\/wp\/v2\/types\/product"}],"replies":[{"embeddable":true,"href":"https:\/\/justbuildit.eu\/en\/wp-json\/wp\/v2\/comments?post=602692"}],"wp:featuredmedia":[{"embeddable":true,"href":"https:\/\/justbuildit.eu\/en\/wp-json\/wp\/v2\/media\/602693"}],"wp:attachment":[{"href":"https:\/\/justbuildit.eu\/en\/wp-json\/wp\/v2\/media?parent=602692"}],"wp:term":[{"taxonomy":"product_brand","embeddable":true,"href":"https:\/\/justbuildit.eu\/en\/wp-json\/wp\/v2\/product_brand?post=602692"},{"taxonomy":"product_cat","embeddable":true,"href":"https:\/\/justbuildit.eu\/en\/wp-json\/wp\/v2\/product_cat?post=602692"},{"taxonomy":"product_tag","embeddable":true,"href":"https:\/\/justbuildit.eu\/en\/wp-json\/wp\/v2\/product_tag?post=602692"}],"curies":[{"name":"wp","href":"https:\/\/api.w.org\/{rel}","templated":true}]}}