{"id":614093,"date":"2025-12-14T10:22:23","date_gmt":"2025-12-14T07:22:23","guid":{"rendered":"https:\/\/justbuildit.eu\/?post_type=product&#038;p=614093"},"modified":"2026-04-15T12:01:10","modified_gmt":"2026-04-15T09:01:10","slug":"porandapahtel-weberfloor-3400-0-5mm-15kg","status":"publish","type":"product","link":"https:\/\/justbuildit.eu\/en\/pood\/ehitussegud\/tasandussegud\/porandapahtel-weberfloor-3400-0-5mm-15kg\/","title":{"rendered":"P\u00d5RANDAPAHTEL WEBERFLOOR 3400 0-5MM 15KG"},"content":{"rendered":"<div class=\"row\"  id=\"row-465559993\">\n<div id=\"col-907098163\" class=\"col medium-9 small-12 large-9\"  >\n<div class=\"col-inner\"  >\n<h3>P\u00f5randapahtel Weber 3400 0-5mm 15kg<\/h3>\n<p>Kasutatakse betoonp\u00f5randate v\u00e4ikeste ebatasasuste tasandamiseks sisetingimustes, kui on v\u00e4ga kiire. Sobib p\u00f5randate, treppide aga ka seinte ja lagede pragude ning aukude t\u00e4itmiseks.<\/p>\n<div class=\"message-box relative\" style=\"padding-top:15px;padding-bottom:15px;\">\n<div class=\"message-box-bg-image bg-fill fill\" ><\/div>\n<div class=\"message-box-bg-overlay bg-fill fill\" ><\/div>\n<div class=\"container relative\">\n<div class=\"inner last-reset\">\n<div class=\"row align-middle align-center\"  id=\"row-60101038\">\n<div id=\"col-1386409413\" class=\"col small-12 large-12\"  >\n<div class=\"col-inner text-left\"  >\n<h4>Omadused<\/h4>\n<div class=\"row\"  id=\"row-956870789\">\n<div id=\"col-1667433431\" class=\"col medium-6 small-12 large-6\"  >\n<div class=\"col-inner\"  >\n<p><i class=\"fa fa-check fa-2x\"><\/i> <strong>V\u00e4ga kiiresti kivinev, katmiskuiv 2 tundi p\u00e4rast paigaldamist <\/strong><\/p>\n<p><i class=\"fa fa-check fa-2x\"><\/i> <strong>Kasutatav nii p\u00f5randatel, seintel, lagedel<\/strong><\/p>\n<p><i class=\"fa fa-check fa-2x\"><\/i> <strong>V\u00e4ga sile pealispind p\u00f5randakatte liimimiseks<\/strong><\/p>\n<\/p>\n<\/div>\n<style>\n#col-1667433431 > .col-inner {\n  margin: 0px 0px 15px 0px;\n}\n<\/style>\n<\/p>\n<\/div>\n<div id=\"col-1639031602\" class=\"col medium-6 small-12 large-6\"  >\n<div class=\"col-inner\"  >\n<p><i class=\"fa fa-check fa-2x\"><\/i> <strong>Ei vaja aluspinna kruntimist<\/strong><\/p>\n<p><i class=\"fa fa-check fa-2x\"><\/i> <strong>Hea t\u00f6\u00f6deldavus<\/strong><\/p>\n<\/p>\n<\/div>\n<style>\n#col-1639031602 > .col-inner {\n  margin: 0px 0px 15px 0px;\n}\n<\/style>\n<\/p>\n<\/div>\n<\/div>\n<\/div>\n<\/div>\n<\/div>\n<\/div>\n<\/div>\n<\/div>\n<div id=\"gap-1489558611\" class=\"gap-element clearfix\" style=\"display:block; height:auto;\">\n<style>\n#gap-1489558611 {\n  padding-top: 30px;\n}\n<\/style>\n<\/p>\n<\/div>\n<p><strong>Kasutamine<\/strong><br \/>\nSobilik aluspind on betoon v\u00f5i tsemendil baseeruv tasandussegu, mille t\u00f5mbetugevus on > 0,5 MPa. Aluspind puhastatakse naket n\u00f5rgendavatest ainetest nagu tsemendipiim, rasv, \u00f5li, tolm, v\u00e4rv, (p\u00f5randakatte)liimi j\u00e4\u00e4gid ning vees lahustuvad pinnakattematerjalid. N\u00f5rk v\u00f5i lahtine betoon tuleb eemaldada ja p\u00f5rand tolmust puhastada tolmuimejaga. Nakkedispersiooniga kruntimine enne 3400 paigaldamist ei ole kohustuslik.<\/p>\n<p><strong>T\u00f6\u00f6juhised<\/strong><br \/>\nKott kuivsegu (15 kg) segatakse 4,2 liitri veega (28% kuivsegu kaalust). Segu segatakse piisava v\u00f5imsusega trelli ja vispli abil v\u00e4hemalt kuni segu on t\u00e4ielikult segunenud veega. Vedelama segu saamiseks v\u00f5ib veekogust suurendada kuni 4,5 l\/15 kg. Suurendatud veekogus pikendab kuivamisaega. Segumassi kasutusaeg on umbes 15 minutit. Segu temperatuur peab olema \u00fcle 10 \u00b0C. K\u00fclmades oludes v\u00f5ib kasutada sooja vett temperatuuriga kuni 35\u00b0C. Vett ei tohi \u00fcle doseerida, kuna liigne vesi p\u00f5hjustab separeerumist ja v\u00e4hendab segu tugevust. T\u00f6\u00f6de ajal peavad olema aknad ja uksed suletud, v\u00e4ltida tuulet\u00f5mmet ja otsest p\u00e4ikesevalguse langemist p\u00f5randale. Aluspinna ja \u00f5hu temperatuur peavad olema t\u00f6\u00f6de ajal ja n\u00e4dala jooksul p\u00e4rast valamist vahemikus +10\u2026+25 \u00b0C. Aluspinna suhteline \u00f5huniiskus peab olema <90%. Paigaldamise p\u00e4eval ja p\u00e4ev hiljem ei tohi p\u00f5randat koormata. Segu paigaldatakse terasliibi abil. 30 minutit peale tasandamist v\u00f5ib vajadusel liibi j\u00e4lgi maha kraapida. T\u00f6\u00f6riistad pesta koheselt peale valamise l\u00f5ppu, kuivanud segu eemaldada mehhaaniliselt. P\u00f5rand on k\u00e4imiskuiv 45 min peale valamist ja kaetav 2 h p\u00e4rast, kui \u00f5hutemperatuur on 20\u00b0C. Kuni 2 mm kihi v\u00f5ib katta niipea kui aluspind on kuivanud niipalju et liimi saab paigaldada. K\u00f5rge \u00f5huniiskus ja madal temperatuur pikendavad kuivamisaega. P\u00f5randakatte paigaldamisel arvestada tootja n\u00f5uetega.\n\n<strong>J\u00e4relhooldus<\/strong><br \/>\nV\u00e4rskelt valatud p\u00f5randat tuleb kaitsta tuule ja otsese intensiivse p\u00e4ikese eest.<\/p>\n<\/p>\n<\/div>\n<\/div>\n<div id=\"col-1190685400\" class=\"col medium-3 small-12 large-3\"  >\n<div class=\"col-inner\"  >\n<div id=\"gap-500645986\" class=\"gap-element clearfix\" style=\"display:block; height:auto;\">\n<style>\n#gap-500645986 {\n  padding-top: 30px;\n}\n<\/style>\n<\/p>\n<\/div>\n<h3>Ohutuskaart<\/h3>\n<p><a href=\"https:\/\/espak.ee\/epood\/wp-content\/uploads\/2020\/09\/SDS358P0547_-_weber_vetonit_3400_Fast_Floor_Screed-_-EE.pdf\"target=\"_blank\" rel=\"noopener noreferrer\"><i class=\"far fa-file-pdf\"><\/i> Ohutuskaart (PDF)<\/a><\/p>\n<h3>DoP<\/h3>\n<p><a href=\"https:\/\/espak.ee\/epood\/wp-content\/uploads\/2020\/09\/toimivusdeklaratsioon_weber.vetonit_3400.pdf\"target=\"_blank\" rel=\"noopener noreferrer\"><i class=\"far fa-file-pdf\"><\/i> DoP (PDF)<\/a><\/p>\n<h3>Tooteleht<\/h3>\n<p><a href=\"https:\/\/espak.ee\/epood\/wp-content\/uploads\/2020\/09\/weber-3400-FI.pdf\"target=\"_blank\" rel=\"noopener noreferrer\"><i class=\"far fa-file-pdf\"><\/i> Tooteleht (PDF)<\/a><\/p>\n<h3>Bro\u0161\u00fc\u00fcr<\/h3>\n<p><a href=\"https:\/\/espak.ee\/epood\/wp-content\/uploads\/2020\/09\/Weber-porandate-lahendused-PREVIEW-4.pdf\"target=\"_blank\" rel=\"noopener noreferrer\"><i class=\"far fa-file-pdf\"><\/i> Weber p\u00f5randate lahendused (PDF)<\/a><\/p>\n<div class=\"is-divider divider clearfix\" ><\/div>\n<p><strong>\u00dcksikasjalikuma n\u00f5u saamiseks v\u00f5tke \u00fchendust:<br \/><\/strong>SAINT-GOBAIN EESTI AS<br \/>Peterburi tee 75<br \/>Tallinn, 11415<br \/>Telefon: +372 6209 510<\/p>\n<div class=\"is-divider divider clearfix\" ><\/div>\n<\/p>\n<\/div>\n<\/div>\n<\/div>\n","protected":false},"excerpt":{"rendered":"<p>Kasutatakse betoonp\u00f5randate v\u00e4ikeste ebatasasuste tasandamiseks sisetingimustes, kui on v\u00e4ga kiire. Sobib p\u00f5randate, treppide aga ka seinte ja lagede pragude ning aukude t\u00e4itmiseks.<\/p>","protected":false},"featured_media":614094,"comment_status":"open","ping_status":"closed","template":"","meta":{"_acf_changed":false},"product_brand":[],"product_cat":[60,498],"product_tag":[],"class_list":{"0":"post-614093","1":"product","2":"type-product","3":"status-publish","4":"has-post-thumbnail","6":"product_cat-tasandussegud","7":"product_cat-espak","9":"first","10":"instock","11":"sale","12":"shipping-taxable","13":"purchasable","14":"product-type-simple"},"acf":[],"yoast_head":"<!-- This site is optimized with the Yoast SEO Premium plugin v18.7 (Yoast SEO v26.5) - https:\/\/yoast.com\/wordpress\/plugins\/seo\/ -->\n<title>P\u00d5RANDAPAHTEL WEBERFLOOR 3400 0-5MM 15KG - Ehituslahendused<\/title>\n<meta name=\"robots\" content=\"index, follow, max-snippet:-1, max-image-preview:large, max-video-preview:-1\" \/>\n<link rel=\"canonical\" href=\"https:\/\/justbuildit.eu\/en\/pood\/ehitussegud\/tasandussegud\/porandapahtel-weberfloor-3400-0-5mm-15kg\/\" \/>\n<meta property=\"og:locale\" content=\"en_US\" \/>\n<meta property=\"og:type\" content=\"article\" \/>\n<meta property=\"og:title\" content=\"P\u00d5RANDAPAHTEL WEBERFLOOR 3400 0-5MM 15KG\" \/>\n<meta property=\"og:description\" content=\"Kasutatakse betoonp\u00f5randate v\u00e4ikeste ebatasasuste tasandamiseks sisetingimustes, kui on v\u00e4ga kiire. Sobib p\u00f5randate, treppide aga ka seinte ja lagede pragude ning aukude t\u00e4itmiseks.\" \/>\n<meta property=\"og:url\" content=\"https:\/\/justbuildit.eu\/en\/pood\/ehitussegud\/tasandussegud\/porandapahtel-weberfloor-3400-0-5mm-15kg\/\" \/>\n<meta property=\"og:site_name\" content=\"Ehituslahendused\" \/>\n<meta property=\"article:publisher\" content=\"https:\/\/www.facebook.com\/justbuildit.ee\" \/>\n<meta property=\"article:modified_time\" content=\"2026-04-15T09:01:10+00:00\" \/>\n<meta property=\"og:image\" content=\"https:\/\/justbuildit.eu\/wp-content\/uploads\/2025\/12\/webervetonit_3400_15kg_BE7A409762464107B810C19BDA760C5B.jpg.webp.jpg\" \/>\n\t<meta property=\"og:image:width\" content=\"1000\" \/>\n\t<meta property=\"og:image:height\" content=\"1000\" \/>\n\t<meta property=\"og:image:type\" content=\"image\/jpeg\" \/>\n<meta name=\"twitter:card\" content=\"summary_large_image\" \/>\n<script type=\"application\/ld+json\" class=\"yoast-schema-graph\">{\"@context\":\"https:\/\/schema.org\",\"@graph\":[{\"@type\":\"WebPage\",\"@id\":\"https:\/\/justbuildit.eu\/en\/pood\/ehitussegud\/tasandussegud\/porandapahtel-weberfloor-3400-0-5mm-15kg\/\",\"url\":\"https:\/\/justbuildit.eu\/en\/pood\/ehitussegud\/tasandussegud\/porandapahtel-weberfloor-3400-0-5mm-15kg\/\",\"name\":\"P\u00d5RANDAPAHTEL WEBERFLOOR 3400 0-5MM 15KG - Ehituslahendused\",\"isPartOf\":{\"@id\":\"https:\/\/justbuildit.eu\/en\/#website\"},\"primaryImageOfPage\":{\"@id\":\"https:\/\/justbuildit.eu\/en\/pood\/ehitussegud\/tasandussegud\/porandapahtel-weberfloor-3400-0-5mm-15kg\/#primaryimage\"},\"image\":{\"@id\":\"https:\/\/justbuildit.eu\/en\/pood\/ehitussegud\/tasandussegud\/porandapahtel-weberfloor-3400-0-5mm-15kg\/#primaryimage\"},\"thumbnailUrl\":\"https:\/\/justbuildit.eu\/wp-content\/uploads\/2025\/12\/webervetonit_3400_15kg_BE7A409762464107B810C19BDA760C5B.jpg.webp.jpg\",\"datePublished\":\"2025-12-14T07:22:23+00:00\",\"dateModified\":\"2026-04-15T09:01:10+00:00\",\"breadcrumb\":{\"@id\":\"https:\/\/justbuildit.eu\/en\/pood\/ehitussegud\/tasandussegud\/porandapahtel-weberfloor-3400-0-5mm-15kg\/#breadcrumb\"},\"inLanguage\":\"en-US\",\"potentialAction\":[{\"@type\":\"ReadAction\",\"target\":[\"https:\/\/justbuildit.eu\/en\/pood\/ehitussegud\/tasandussegud\/porandapahtel-weberfloor-3400-0-5mm-15kg\/\"]}]},{\"@type\":\"ImageObject\",\"inLanguage\":\"en-US\",\"@id\":\"https:\/\/justbuildit.eu\/en\/pood\/ehitussegud\/tasandussegud\/porandapahtel-weberfloor-3400-0-5mm-15kg\/#primaryimage\",\"url\":\"https:\/\/justbuildit.eu\/wp-content\/uploads\/2025\/12\/webervetonit_3400_15kg_BE7A409762464107B810C19BDA760C5B.jpg.webp.jpg\",\"contentUrl\":\"https:\/\/justbuildit.eu\/wp-content\/uploads\/2025\/12\/webervetonit_3400_15kg_BE7A409762464107B810C19BDA760C5B.jpg.webp.jpg\",\"width\":1000,\"height\":1000},{\"@type\":\"BreadcrumbList\",\"@id\":\"https:\/\/justbuildit.eu\/en\/pood\/ehitussegud\/tasandussegud\/porandapahtel-weberfloor-3400-0-5mm-15kg\/#breadcrumb\",\"itemListElement\":[{\"@type\":\"ListItem\",\"position\":1,\"name\":\"Home\",\"item\":\"https:\/\/justbuildit.eu\/en\/\"},{\"@type\":\"ListItem\",\"position\":2,\"name\":\"Shop\",\"item\":\"https:\/\/justbuildit.eu\/en\/building-materials\/\"},{\"@type\":\"ListItem\",\"position\":3,\"name\":\"P\u00d5RANDAPAHTEL WEBERFLOOR 3400 0-5MM 15KG\"}]},{\"@type\":\"WebSite\",\"@id\":\"https:\/\/justbuildit.eu\/en\/#website\",\"url\":\"https:\/\/justbuildit.eu\/en\/\",\"name\":\"Ehituslahendused\",\"description\":\"Ehituslahendused ja materjalid\",\"publisher\":{\"@id\":\"https:\/\/justbuildit.eu\/en\/#organization\"},\"potentialAction\":[{\"@type\":\"SearchAction\",\"target\":{\"@type\":\"EntryPoint\",\"urlTemplate\":\"https:\/\/justbuildit.eu\/en\/?s={search_term_string}\"},\"query-input\":{\"@type\":\"PropertyValueSpecification\",\"valueRequired\":true,\"valueName\":\"search_term_string\"}}],\"inLanguage\":\"en-US\"},{\"@type\":\"Organization\",\"@id\":\"https:\/\/justbuildit.eu\/en\/#organization\",\"name\":\"Just Build It O\u00dc\",\"url\":\"https:\/\/justbuildit.eu\/en\/\",\"logo\":{\"@type\":\"ImageObject\",\"inLanguage\":\"en-US\",\"@id\":\"https:\/\/justbuildit.eu\/en\/#\/schema\/logo\/image\/\",\"url\":\"https:\/\/justbuildit.eu\/wp-content\/uploads\/2022\/01\/justbuildit.png\",\"contentUrl\":\"https:\/\/justbuildit.eu\/wp-content\/uploads\/2022\/01\/justbuildit.png\",\"width\":173,\"height\":77,\"caption\":\"Just Build It O\u00dc\"},\"image\":{\"@id\":\"https:\/\/justbuildit.eu\/en\/#\/schema\/logo\/image\/\"},\"sameAs\":[\"https:\/\/www.facebook.com\/justbuildit.ee\"]}]}<\/script>\n<!-- \/ Yoast SEO Premium plugin. -->","yoast_head_json":{"title":"P\u00d5RANDAPAHTEL WEBERFLOOR 3400 0-5MM 15KG - Ehituslahendused","robots":{"index":"index","follow":"follow","max-snippet":"max-snippet:-1","max-image-preview":"max-image-preview:large","max-video-preview":"max-video-preview:-1"},"canonical":"https:\/\/justbuildit.eu\/en\/pood\/ehitussegud\/tasandussegud\/porandapahtel-weberfloor-3400-0-5mm-15kg\/","og_locale":"en_US","og_type":"article","og_title":"P\u00d5RANDAPAHTEL WEBERFLOOR 3400 0-5MM 15KG","og_description":"Kasutatakse betoonp\u00f5randate v\u00e4ikeste ebatasasuste tasandamiseks sisetingimustes, kui on v\u00e4ga kiire. Sobib p\u00f5randate, treppide aga ka seinte ja lagede pragude ning aukude t\u00e4itmiseks.","og_url":"https:\/\/justbuildit.eu\/en\/pood\/ehitussegud\/tasandussegud\/porandapahtel-weberfloor-3400-0-5mm-15kg\/","og_site_name":"Ehituslahendused","article_publisher":"https:\/\/www.facebook.com\/justbuildit.ee","article_modified_time":"2026-04-15T09:01:10+00:00","og_image":[{"width":1000,"height":1000,"url":"https:\/\/justbuildit.eu\/wp-content\/uploads\/2025\/12\/webervetonit_3400_15kg_BE7A409762464107B810C19BDA760C5B.jpg.webp.jpg","type":"image\/jpeg"}],"twitter_card":"summary_large_image","schema":{"@context":"https:\/\/schema.org","@graph":[{"@type":"WebPage","@id":"https:\/\/justbuildit.eu\/en\/pood\/ehitussegud\/tasandussegud\/porandapahtel-weberfloor-3400-0-5mm-15kg\/","url":"https:\/\/justbuildit.eu\/en\/pood\/ehitussegud\/tasandussegud\/porandapahtel-weberfloor-3400-0-5mm-15kg\/","name":"P\u00d5RANDAPAHTEL WEBERFLOOR 3400 0-5MM 15KG - Ehituslahendused","isPartOf":{"@id":"https:\/\/justbuildit.eu\/en\/#website"},"primaryImageOfPage":{"@id":"https:\/\/justbuildit.eu\/en\/pood\/ehitussegud\/tasandussegud\/porandapahtel-weberfloor-3400-0-5mm-15kg\/#primaryimage"},"image":{"@id":"https:\/\/justbuildit.eu\/en\/pood\/ehitussegud\/tasandussegud\/porandapahtel-weberfloor-3400-0-5mm-15kg\/#primaryimage"},"thumbnailUrl":"https:\/\/justbuildit.eu\/wp-content\/uploads\/2025\/12\/webervetonit_3400_15kg_BE7A409762464107B810C19BDA760C5B.jpg.webp.jpg","datePublished":"2025-12-14T07:22:23+00:00","dateModified":"2026-04-15T09:01:10+00:00","breadcrumb":{"@id":"https:\/\/justbuildit.eu\/en\/pood\/ehitussegud\/tasandussegud\/porandapahtel-weberfloor-3400-0-5mm-15kg\/#breadcrumb"},"inLanguage":"en-US","potentialAction":[{"@type":"ReadAction","target":["https:\/\/justbuildit.eu\/en\/pood\/ehitussegud\/tasandussegud\/porandapahtel-weberfloor-3400-0-5mm-15kg\/"]}]},{"@type":"ImageObject","inLanguage":"en-US","@id":"https:\/\/justbuildit.eu\/en\/pood\/ehitussegud\/tasandussegud\/porandapahtel-weberfloor-3400-0-5mm-15kg\/#primaryimage","url":"https:\/\/justbuildit.eu\/wp-content\/uploads\/2025\/12\/webervetonit_3400_15kg_BE7A409762464107B810C19BDA760C5B.jpg.webp.jpg","contentUrl":"https:\/\/justbuildit.eu\/wp-content\/uploads\/2025\/12\/webervetonit_3400_15kg_BE7A409762464107B810C19BDA760C5B.jpg.webp.jpg","width":1000,"height":1000},{"@type":"BreadcrumbList","@id":"https:\/\/justbuildit.eu\/en\/pood\/ehitussegud\/tasandussegud\/porandapahtel-weberfloor-3400-0-5mm-15kg\/#breadcrumb","itemListElement":[{"@type":"ListItem","position":1,"name":"Home","item":"https:\/\/justbuildit.eu\/en\/"},{"@type":"ListItem","position":2,"name":"Shop","item":"https:\/\/justbuildit.eu\/en\/building-materials\/"},{"@type":"ListItem","position":3,"name":"P\u00d5RANDAPAHTEL WEBERFLOOR 3400 0-5MM 15KG"}]},{"@type":"WebSite","@id":"https:\/\/justbuildit.eu\/en\/#website","url":"https:\/\/justbuildit.eu\/en\/","name":"Ehituslahendused","description":"Ehituslahendused ja materjalid","publisher":{"@id":"https:\/\/justbuildit.eu\/en\/#organization"},"potentialAction":[{"@type":"SearchAction","target":{"@type":"EntryPoint","urlTemplate":"https:\/\/justbuildit.eu\/en\/?s={search_term_string}"},"query-input":{"@type":"PropertyValueSpecification","valueRequired":true,"valueName":"search_term_string"}}],"inLanguage":"en-US"},{"@type":"Organization","@id":"https:\/\/justbuildit.eu\/en\/#organization","name":"Just Build It O\u00dc","url":"https:\/\/justbuildit.eu\/en\/","logo":{"@type":"ImageObject","inLanguage":"en-US","@id":"https:\/\/justbuildit.eu\/en\/#\/schema\/logo\/image\/","url":"https:\/\/justbuildit.eu\/wp-content\/uploads\/2022\/01\/justbuildit.png","contentUrl":"https:\/\/justbuildit.eu\/wp-content\/uploads\/2022\/01\/justbuildit.png","width":173,"height":77,"caption":"Just Build It O\u00dc"},"image":{"@id":"https:\/\/justbuildit.eu\/en\/#\/schema\/logo\/image\/"},"sameAs":["https:\/\/www.facebook.com\/justbuildit.ee"]}]}},"_links":{"self":[{"href":"https:\/\/justbuildit.eu\/en\/wp-json\/wp\/v2\/product\/614093","targetHints":{"allow":["GET"]}}],"collection":[{"href":"https:\/\/justbuildit.eu\/en\/wp-json\/wp\/v2\/product"}],"about":[{"href":"https:\/\/justbuildit.eu\/en\/wp-json\/wp\/v2\/types\/product"}],"replies":[{"embeddable":true,"href":"https:\/\/justbuildit.eu\/en\/wp-json\/wp\/v2\/comments?post=614093"}],"wp:featuredmedia":[{"embeddable":true,"href":"https:\/\/justbuildit.eu\/en\/wp-json\/wp\/v2\/media\/614094"}],"wp:attachment":[{"href":"https:\/\/justbuildit.eu\/en\/wp-json\/wp\/v2\/media?parent=614093"}],"wp:term":[{"taxonomy":"product_brand","embeddable":true,"href":"https:\/\/justbuildit.eu\/en\/wp-json\/wp\/v2\/product_brand?post=614093"},{"taxonomy":"product_cat","embeddable":true,"href":"https:\/\/justbuildit.eu\/en\/wp-json\/wp\/v2\/product_cat?post=614093"},{"taxonomy":"product_tag","embeddable":true,"href":"https:\/\/justbuildit.eu\/en\/wp-json\/wp\/v2\/product_tag?post=614093"}],"curies":[{"name":"wp","href":"https:\/\/api.w.org\/{rel}","templated":true}]}}