{"id":638940,"date":"2026-03-14T09:46:22","date_gmt":"2026-03-14T06:46:22","guid":{"rendered":"https:\/\/justbuildit.eu\/?post_type=product&#038;p=638940"},"modified":"2026-04-11T12:00:56","modified_gmt":"2026-04-11T09:00:56","slug":"terrassilaud-termomand-d4-26x140x4200mm","status":"publish","type":"product","link":"https:\/\/justbuildit.eu\/en\/pood\/puitmaterjal\/terrassilauad\/terrassilaud-termomand-d4-26x140x4200mm\/","title":{"rendered":"Terrassilaud termom\u00e4nd D4 26x140x4200mm"},"content":{"rendered":"<p>Lunawood \u00fchendab p\u00f5hjamaise puidu ilu ja looduslikkuse t\u00e4nap\u00e4evase tehnoloogiaga: termot\u00f6\u00f6tlus tagab vastupidavuse, m\u00f5\u00f5tude stabiilsuse ja pika eluea. Toode sobib ideaalselt terrassidele, v\u00e4lisfassaadidele, paviljonidele ja sisetingimustesse \u2014 k\u00f5ikjal, kus hinnatakse naturaalsust, vastupidavust ja minimaalset hooldusvajadust. Lisaks on tegemist keskkonnas\u00f5braliku ja sertifitseeritud tootega, mis ei sisalda kemikaale. <\/p>\n<ul>\n<li>Materjal: p\u00f5hjamaine (Soome) kuusk\/m\u00e4nd, termot\u00f6\u00f6tlusega, mis tagab puidu k\u00f5rgema ilmastikukindluse.<\/li>\n<li>Keskkonnas\u00f5bralik, taastuvast p\u00f5hjametsast p\u00e4rit toode, mis t\u00f6\u00f6tlemisel kemikaale ei vaja.<\/li>\n<li>V\u00e4ga hea m\u00f5\u00f5du- ja kujustabiilsus \u2014 sobib kasutamiseks igasugustes tingimustes.<\/li>\n<li>V\u00e4hene hooldusvajadus \u2014 kui puit j\u00e4tta t\u00f6\u00f6tlemata, tekib aastatega ilus h\u00f5behall toon; kui soovida soojemat tooni, tuleb teha UV-filteriga ja pigmenteeritud \u00f5litus.<\/li>\n<li>Mitmek\u00fclgne kasutus: puitterassid, r\u00f5dud, paviljonid, fassaadid, aiad \u2014 praktiliselt igasugune puidust v\u00e4lis- v\u00f5i siseviimistlus.<\/li>\n<li>Puidule iseloomulikud omadused: tekstuur ja toon v\u00f5ivad varieeruda, kuna puidul on looduslik struktuur ja iseloom.<\/li>\n<\/ul>\n<p><b>Garantii:<\/b><\/p>\n<p>Anname Lunawood ThermoWood toodetele 20-aastase garantii Euroopa Liidu riikides ning teistes riikides, kus kehtib Euroopa standard EN 335. Garantii kehtib uutele projektidele, mille puhul Lunawoodi tooteid on kasutatud fassaadidel, siseseintel ja -lagedel ning mis on Lunawoodi poolt registreeritud ja heaks kiidetud.<\/p>\n","protected":false},"excerpt":{"rendered":"<p>Lunawood \u00fchendab p\u00f5hjamaise puidu ilu ja looduslikkuse t\u00e4nap\u00e4evase tehnoloogiaga: termot\u00f6\u00f6tlus tagab vastupidavuse, m\u00f5\u00f5tude stabiilsuse ja pika eluea. Toode sobib ideaalselt terrassidele, v\u00e4lisfassaadidele, paviljonidele ja sisetingimustesse \u2014 k\u00f5ikjal, kus hinnatakse naturaalsust, vastupidavust ja minimaalset hooldusvajadust. Lisaks on tegemist keskkonnas\u00f5braliku ja sertifitseeritud tootega, mis ei sisalda kemikaale. <\/p>","protected":false},"featured_media":638941,"comment_status":"open","ping_status":"closed","template":"","meta":{"_acf_changed":false},"product_brand":[],"product_cat":[99,103,497],"product_tag":[],"class_list":{"0":"post-638940","1":"product","2":"type-product","3":"status-publish","4":"has-post-thumbnail","6":"product_cat-puitmaterjal","7":"product_cat-terrassilauad","8":"product_cat-puumarket","10":"first","11":"instock","12":"shipping-taxable","13":"purchasable","14":"product-type-simple"},"acf":[],"yoast_head":"<!-- This site is optimized with the Yoast SEO Premium plugin v18.7 (Yoast SEO v26.5) - https:\/\/yoast.com\/wordpress\/plugins\/seo\/ -->\n<title>Terrassilaud termom\u00e4nd D4 26x140x4200mm - Ehituslahendused<\/title>\n<meta name=\"robots\" content=\"index, follow, max-snippet:-1, max-image-preview:large, max-video-preview:-1\" \/>\n<link rel=\"canonical\" href=\"https:\/\/justbuildit.eu\/en\/pood\/puitmaterjal\/terrassilauad\/terrassilaud-termomand-d4-26x140x4200mm\/\" \/>\n<meta property=\"og:locale\" content=\"en_US\" \/>\n<meta property=\"og:type\" content=\"article\" \/>\n<meta property=\"og:title\" content=\"Terrassilaud termom\u00e4nd D4 26x140x4200mm\" \/>\n<meta property=\"og:description\" content=\"Lunawood \u00fchendab p\u00f5hjamaise puidu ilu ja looduslikkuse t\u00e4nap\u00e4evase tehnoloogiaga: termot\u00f6\u00f6tlus tagab vastupidavuse, m\u00f5\u00f5tude stabiilsuse ja pika eluea. Toode sobib ideaalselt terrassidele, v\u00e4lisfassaadidele, paviljonidele ja sisetingimustesse \u2014 k\u00f5ikjal, kus hinnatakse naturaalsust, vastupidavust ja minimaalset hooldusvajadust. Lisaks on tegemist keskkonnas\u00f5braliku ja sertifitseeritud tootega, mis ei sisalda kemikaale.\" \/>\n<meta property=\"og:url\" content=\"https:\/\/justbuildit.eu\/en\/pood\/puitmaterjal\/terrassilauad\/terrassilaud-termomand-d4-26x140x4200mm\/\" \/>\n<meta property=\"og:site_name\" content=\"Ehituslahendused\" \/>\n<meta property=\"article:publisher\" content=\"https:\/\/www.facebook.com\/justbuildit.ee\" \/>\n<meta property=\"article:modified_time\" content=\"2026-04-11T09:00:56+00:00\" \/>\n<meta property=\"og:image\" content=\"https:\/\/justbuildit.eu\/wp-content\/uploads\/2026\/03\/112758.jpg\" \/>\n\t<meta property=\"og:image:width\" content=\"709\" \/>\n\t<meta property=\"og:image:height\" content=\"709\" \/>\n\t<meta property=\"og:image:type\" content=\"image\/jpeg\" \/>\n<meta name=\"twitter:card\" content=\"summary_large_image\" \/>\n<script type=\"application\/ld+json\" class=\"yoast-schema-graph\">{\"@context\":\"https:\/\/schema.org\",\"@graph\":[{\"@type\":\"WebPage\",\"@id\":\"https:\/\/justbuildit.eu\/en\/pood\/puitmaterjal\/terrassilauad\/terrassilaud-termomand-d4-26x140x4200mm\/\",\"url\":\"https:\/\/justbuildit.eu\/en\/pood\/puitmaterjal\/terrassilauad\/terrassilaud-termomand-d4-26x140x4200mm\/\",\"name\":\"Terrassilaud termom\u00e4nd D4 26x140x4200mm - Ehituslahendused\",\"isPartOf\":{\"@id\":\"https:\/\/justbuildit.eu\/en\/#website\"},\"primaryImageOfPage\":{\"@id\":\"https:\/\/justbuildit.eu\/en\/pood\/puitmaterjal\/terrassilauad\/terrassilaud-termomand-d4-26x140x4200mm\/#primaryimage\"},\"image\":{\"@id\":\"https:\/\/justbuildit.eu\/en\/pood\/puitmaterjal\/terrassilauad\/terrassilaud-termomand-d4-26x140x4200mm\/#primaryimage\"},\"thumbnailUrl\":\"https:\/\/justbuildit.eu\/wp-content\/uploads\/2026\/03\/112758.jpg\",\"datePublished\":\"2026-03-14T06:46:22+00:00\",\"dateModified\":\"2026-04-11T09:00:56+00:00\",\"breadcrumb\":{\"@id\":\"https:\/\/justbuildit.eu\/en\/pood\/puitmaterjal\/terrassilauad\/terrassilaud-termomand-d4-26x140x4200mm\/#breadcrumb\"},\"inLanguage\":\"en-US\",\"potentialAction\":[{\"@type\":\"ReadAction\",\"target\":[\"https:\/\/justbuildit.eu\/en\/pood\/puitmaterjal\/terrassilauad\/terrassilaud-termomand-d4-26x140x4200mm\/\"]}]},{\"@type\":\"ImageObject\",\"inLanguage\":\"en-US\",\"@id\":\"https:\/\/justbuildit.eu\/en\/pood\/puitmaterjal\/terrassilauad\/terrassilaud-termomand-d4-26x140x4200mm\/#primaryimage\",\"url\":\"https:\/\/justbuildit.eu\/wp-content\/uploads\/2026\/03\/112758.jpg\",\"contentUrl\":\"https:\/\/justbuildit.eu\/wp-content\/uploads\/2026\/03\/112758.jpg\",\"width\":709,\"height\":709},{\"@type\":\"BreadcrumbList\",\"@id\":\"https:\/\/justbuildit.eu\/en\/pood\/puitmaterjal\/terrassilauad\/terrassilaud-termomand-d4-26x140x4200mm\/#breadcrumb\",\"itemListElement\":[{\"@type\":\"ListItem\",\"position\":1,\"name\":\"Home\",\"item\":\"https:\/\/justbuildit.eu\/en\/\"},{\"@type\":\"ListItem\",\"position\":2,\"name\":\"Shop\",\"item\":\"https:\/\/justbuildit.eu\/en\/building-materials\/\"},{\"@type\":\"ListItem\",\"position\":3,\"name\":\"Terrassilaud termom\u00e4nd D4 26x140x4200mm\"}]},{\"@type\":\"WebSite\",\"@id\":\"https:\/\/justbuildit.eu\/en\/#website\",\"url\":\"https:\/\/justbuildit.eu\/en\/\",\"name\":\"Ehituslahendused\",\"description\":\"Ehituslahendused ja materjalid\",\"publisher\":{\"@id\":\"https:\/\/justbuildit.eu\/en\/#organization\"},\"potentialAction\":[{\"@type\":\"SearchAction\",\"target\":{\"@type\":\"EntryPoint\",\"urlTemplate\":\"https:\/\/justbuildit.eu\/en\/?s={search_term_string}\"},\"query-input\":{\"@type\":\"PropertyValueSpecification\",\"valueRequired\":true,\"valueName\":\"search_term_string\"}}],\"inLanguage\":\"en-US\"},{\"@type\":\"Organization\",\"@id\":\"https:\/\/justbuildit.eu\/en\/#organization\",\"name\":\"Just Build It O\u00dc\",\"url\":\"https:\/\/justbuildit.eu\/en\/\",\"logo\":{\"@type\":\"ImageObject\",\"inLanguage\":\"en-US\",\"@id\":\"https:\/\/justbuildit.eu\/en\/#\/schema\/logo\/image\/\",\"url\":\"https:\/\/justbuildit.eu\/wp-content\/uploads\/2022\/01\/justbuildit.png\",\"contentUrl\":\"https:\/\/justbuildit.eu\/wp-content\/uploads\/2022\/01\/justbuildit.png\",\"width\":173,\"height\":77,\"caption\":\"Just Build It O\u00dc\"},\"image\":{\"@id\":\"https:\/\/justbuildit.eu\/en\/#\/schema\/logo\/image\/\"},\"sameAs\":[\"https:\/\/www.facebook.com\/justbuildit.ee\"]}]}<\/script>\n<!-- \/ Yoast SEO Premium plugin. -->","yoast_head_json":{"title":"Terrassilaud termom\u00e4nd D4 26x140x4200mm - Ehituslahendused","robots":{"index":"index","follow":"follow","max-snippet":"max-snippet:-1","max-image-preview":"max-image-preview:large","max-video-preview":"max-video-preview:-1"},"canonical":"https:\/\/justbuildit.eu\/en\/pood\/puitmaterjal\/terrassilauad\/terrassilaud-termomand-d4-26x140x4200mm\/","og_locale":"en_US","og_type":"article","og_title":"Terrassilaud termom\u00e4nd D4 26x140x4200mm","og_description":"Lunawood \u00fchendab p\u00f5hjamaise puidu ilu ja looduslikkuse t\u00e4nap\u00e4evase tehnoloogiaga: termot\u00f6\u00f6tlus tagab vastupidavuse, m\u00f5\u00f5tude stabiilsuse ja pika eluea. Toode sobib ideaalselt terrassidele, v\u00e4lisfassaadidele, paviljonidele ja sisetingimustesse \u2014 k\u00f5ikjal, kus hinnatakse naturaalsust, vastupidavust ja minimaalset hooldusvajadust. Lisaks on tegemist keskkonnas\u00f5braliku ja sertifitseeritud tootega, mis ei sisalda kemikaale.","og_url":"https:\/\/justbuildit.eu\/en\/pood\/puitmaterjal\/terrassilauad\/terrassilaud-termomand-d4-26x140x4200mm\/","og_site_name":"Ehituslahendused","article_publisher":"https:\/\/www.facebook.com\/justbuildit.ee","article_modified_time":"2026-04-11T09:00:56+00:00","og_image":[{"width":709,"height":709,"url":"https:\/\/justbuildit.eu\/wp-content\/uploads\/2026\/03\/112758.jpg","type":"image\/jpeg"}],"twitter_card":"summary_large_image","schema":{"@context":"https:\/\/schema.org","@graph":[{"@type":"WebPage","@id":"https:\/\/justbuildit.eu\/en\/pood\/puitmaterjal\/terrassilauad\/terrassilaud-termomand-d4-26x140x4200mm\/","url":"https:\/\/justbuildit.eu\/en\/pood\/puitmaterjal\/terrassilauad\/terrassilaud-termomand-d4-26x140x4200mm\/","name":"Terrassilaud termom\u00e4nd D4 26x140x4200mm - Ehituslahendused","isPartOf":{"@id":"https:\/\/justbuildit.eu\/en\/#website"},"primaryImageOfPage":{"@id":"https:\/\/justbuildit.eu\/en\/pood\/puitmaterjal\/terrassilauad\/terrassilaud-termomand-d4-26x140x4200mm\/#primaryimage"},"image":{"@id":"https:\/\/justbuildit.eu\/en\/pood\/puitmaterjal\/terrassilauad\/terrassilaud-termomand-d4-26x140x4200mm\/#primaryimage"},"thumbnailUrl":"https:\/\/justbuildit.eu\/wp-content\/uploads\/2026\/03\/112758.jpg","datePublished":"2026-03-14T06:46:22+00:00","dateModified":"2026-04-11T09:00:56+00:00","breadcrumb":{"@id":"https:\/\/justbuildit.eu\/en\/pood\/puitmaterjal\/terrassilauad\/terrassilaud-termomand-d4-26x140x4200mm\/#breadcrumb"},"inLanguage":"en-US","potentialAction":[{"@type":"ReadAction","target":["https:\/\/justbuildit.eu\/en\/pood\/puitmaterjal\/terrassilauad\/terrassilaud-termomand-d4-26x140x4200mm\/"]}]},{"@type":"ImageObject","inLanguage":"en-US","@id":"https:\/\/justbuildit.eu\/en\/pood\/puitmaterjal\/terrassilauad\/terrassilaud-termomand-d4-26x140x4200mm\/#primaryimage","url":"https:\/\/justbuildit.eu\/wp-content\/uploads\/2026\/03\/112758.jpg","contentUrl":"https:\/\/justbuildit.eu\/wp-content\/uploads\/2026\/03\/112758.jpg","width":709,"height":709},{"@type":"BreadcrumbList","@id":"https:\/\/justbuildit.eu\/en\/pood\/puitmaterjal\/terrassilauad\/terrassilaud-termomand-d4-26x140x4200mm\/#breadcrumb","itemListElement":[{"@type":"ListItem","position":1,"name":"Home","item":"https:\/\/justbuildit.eu\/en\/"},{"@type":"ListItem","position":2,"name":"Shop","item":"https:\/\/justbuildit.eu\/en\/building-materials\/"},{"@type":"ListItem","position":3,"name":"Terrassilaud termom\u00e4nd D4 26x140x4200mm"}]},{"@type":"WebSite","@id":"https:\/\/justbuildit.eu\/en\/#website","url":"https:\/\/justbuildit.eu\/en\/","name":"Ehituslahendused","description":"Ehituslahendused ja materjalid","publisher":{"@id":"https:\/\/justbuildit.eu\/en\/#organization"},"potentialAction":[{"@type":"SearchAction","target":{"@type":"EntryPoint","urlTemplate":"https:\/\/justbuildit.eu\/en\/?s={search_term_string}"},"query-input":{"@type":"PropertyValueSpecification","valueRequired":true,"valueName":"search_term_string"}}],"inLanguage":"en-US"},{"@type":"Organization","@id":"https:\/\/justbuildit.eu\/en\/#organization","name":"Just Build It O\u00dc","url":"https:\/\/justbuildit.eu\/en\/","logo":{"@type":"ImageObject","inLanguage":"en-US","@id":"https:\/\/justbuildit.eu\/en\/#\/schema\/logo\/image\/","url":"https:\/\/justbuildit.eu\/wp-content\/uploads\/2022\/01\/justbuildit.png","contentUrl":"https:\/\/justbuildit.eu\/wp-content\/uploads\/2022\/01\/justbuildit.png","width":173,"height":77,"caption":"Just Build It O\u00dc"},"image":{"@id":"https:\/\/justbuildit.eu\/en\/#\/schema\/logo\/image\/"},"sameAs":["https:\/\/www.facebook.com\/justbuildit.ee"]}]}},"_links":{"self":[{"href":"https:\/\/justbuildit.eu\/en\/wp-json\/wp\/v2\/product\/638940","targetHints":{"allow":["GET"]}}],"collection":[{"href":"https:\/\/justbuildit.eu\/en\/wp-json\/wp\/v2\/product"}],"about":[{"href":"https:\/\/justbuildit.eu\/en\/wp-json\/wp\/v2\/types\/product"}],"replies":[{"embeddable":true,"href":"https:\/\/justbuildit.eu\/en\/wp-json\/wp\/v2\/comments?post=638940"}],"wp:featuredmedia":[{"embeddable":true,"href":"https:\/\/justbuildit.eu\/en\/wp-json\/wp\/v2\/media\/638941"}],"wp:attachment":[{"href":"https:\/\/justbuildit.eu\/en\/wp-json\/wp\/v2\/media?parent=638940"}],"wp:term":[{"taxonomy":"product_brand","embeddable":true,"href":"https:\/\/justbuildit.eu\/en\/wp-json\/wp\/v2\/product_brand?post=638940"},{"taxonomy":"product_cat","embeddable":true,"href":"https:\/\/justbuildit.eu\/en\/wp-json\/wp\/v2\/product_cat?post=638940"},{"taxonomy":"product_tag","embeddable":true,"href":"https:\/\/justbuildit.eu\/en\/wp-json\/wp\/v2\/product_tag?post=638940"}],"curies":[{"name":"wp","href":"https:\/\/api.w.org\/{rel}","templated":true}]}}