{"id":639043,"date":"2026-03-14T09:55:11","date_gmt":"2026-03-14T06:55:11","guid":{"rendered":"https:\/\/justbuildit.eu\/?post_type=product&#038;p=639043"},"modified":"2026-04-11T12:00:38","modified_gmt":"2026-04-11T09:00:38","slug":"terrassilaud-termosaar-d45j-21x118x3000mm","status":"publish","type":"product","link":"https:\/\/justbuildit.eu\/en\/pood\/puitmaterjal\/terrassilauad\/terrassilaud-termosaar-d45j-21x118x3000mm\/","title":{"rendered":"Terrassilaud termosaar D45J 21x118x3000mm"},"content":{"rendered":"<p><strong>Kirjeldus<\/strong>:<\/p>\n<ul>\n<li>Termot\u00f6\u00f6tluse aste: intensiivne<\/li>\n<li>Kasutus: eksterj\u00f6\u00f6r, interj\u00f6\u00f6r<\/li>\n<li>Viimistlus: \u00f5litamata<\/li>\n<li>Tekstuur: sile<\/li>\n<li>Kinnitusviis: varjatud<\/li>\n<li>Paigaldusmeetod: PaCS<\/li>\n<li>Vastupidavusklass:1 (vastupidavus m\u00e4danikule 25+ aastat)<\/li>\n<\/ul>\n<p>\nMeie termosaar on erakordselt vastupidav, m\u00f5\u00f5tmetelt stabiilne ning eksootilise s\u00fcgavpruuni tooniga. Julgelt v\u00f5ib v\u00e4ita, et termosaar on ideaalne looduslik terrassimaterjal \u2013 ajatu, luksuslik, pika kasutuseaga, palja jala all m\u00f5nusalt sile ning lisaks veel lihtne paigaldada.<\/p>\n<p><a href=\"https:\/\/puumarket.ee\/tooteinfo\/juhendid-ja-infomaterjalid\/?material_cat=terrass\" target=\"_blank\"><img decoding=\"async\" src=\"https:\/\/puumarket.ee\/wp-content\/uploads\/650_terrassimaterjalide-juhised.jpg\"><\/a><\/p>\n","protected":false},"excerpt":{"rendered":"<p><strong>Kirjeldus<\/strong>:<\/p>","protected":false},"featured_media":639044,"comment_status":"open","ping_status":"closed","template":"","meta":{"_acf_changed":false},"product_brand":[],"product_cat":[103,497],"product_tag":[],"class_list":{"0":"post-639043","1":"product","2":"type-product","3":"status-publish","4":"has-post-thumbnail","6":"product_cat-terrassilauad","7":"product_cat-puumarket","9":"first","10":"instock","11":"shipping-taxable","12":"purchasable","13":"product-type-simple"},"acf":[],"yoast_head":"<!-- This site is optimized with the Yoast SEO Premium plugin v18.7 (Yoast SEO v26.5) - https:\/\/yoast.com\/wordpress\/plugins\/seo\/ -->\n<title>Terrassilaud termosaar D45J 21x118x3000mm - Ehituslahendused<\/title>\n<meta name=\"robots\" content=\"index, follow, max-snippet:-1, max-image-preview:large, max-video-preview:-1\" \/>\n<link rel=\"canonical\" href=\"https:\/\/justbuildit.eu\/en\/pood\/puitmaterjal\/terrassilauad\/terrassilaud-termosaar-d45j-21x118x3000mm\/\" \/>\n<meta property=\"og:locale\" content=\"en_US\" \/>\n<meta property=\"og:type\" content=\"article\" \/>\n<meta property=\"og:title\" content=\"Terrassilaud termosaar D45J 21x118x3000mm\" \/>\n<meta property=\"og:description\" content=\"Kirjeldus:\" \/>\n<meta property=\"og:url\" content=\"https:\/\/justbuildit.eu\/en\/pood\/puitmaterjal\/terrassilauad\/terrassilaud-termosaar-d45j-21x118x3000mm\/\" \/>\n<meta property=\"og:site_name\" content=\"Ehituslahendused\" \/>\n<meta property=\"article:publisher\" content=\"https:\/\/www.facebook.com\/justbuildit.ee\" \/>\n<meta property=\"article:modified_time\" content=\"2026-04-11T09:00:38+00:00\" \/>\n<meta property=\"og:image\" content=\"https:\/\/justbuildit.eu\/wp-content\/uploads\/2026\/03\/111218.jpg\" \/>\n\t<meta property=\"og:image:width\" content=\"709\" \/>\n\t<meta property=\"og:image:height\" content=\"709\" \/>\n\t<meta property=\"og:image:type\" content=\"image\/jpeg\" \/>\n<meta name=\"twitter:card\" content=\"summary_large_image\" \/>\n<script type=\"application\/ld+json\" class=\"yoast-schema-graph\">{\"@context\":\"https:\/\/schema.org\",\"@graph\":[{\"@type\":\"WebPage\",\"@id\":\"https:\/\/justbuildit.eu\/en\/pood\/puitmaterjal\/terrassilauad\/terrassilaud-termosaar-d45j-21x118x3000mm\/\",\"url\":\"https:\/\/justbuildit.eu\/en\/pood\/puitmaterjal\/terrassilauad\/terrassilaud-termosaar-d45j-21x118x3000mm\/\",\"name\":\"Terrassilaud termosaar D45J 21x118x3000mm - Ehituslahendused\",\"isPartOf\":{\"@id\":\"https:\/\/justbuildit.eu\/en\/#website\"},\"primaryImageOfPage\":{\"@id\":\"https:\/\/justbuildit.eu\/en\/pood\/puitmaterjal\/terrassilauad\/terrassilaud-termosaar-d45j-21x118x3000mm\/#primaryimage\"},\"image\":{\"@id\":\"https:\/\/justbuildit.eu\/en\/pood\/puitmaterjal\/terrassilauad\/terrassilaud-termosaar-d45j-21x118x3000mm\/#primaryimage\"},\"thumbnailUrl\":\"https:\/\/justbuildit.eu\/wp-content\/uploads\/2026\/03\/111218.jpg\",\"datePublished\":\"2026-03-14T06:55:11+00:00\",\"dateModified\":\"2026-04-11T09:00:38+00:00\",\"breadcrumb\":{\"@id\":\"https:\/\/justbuildit.eu\/en\/pood\/puitmaterjal\/terrassilauad\/terrassilaud-termosaar-d45j-21x118x3000mm\/#breadcrumb\"},\"inLanguage\":\"en-US\",\"potentialAction\":[{\"@type\":\"ReadAction\",\"target\":[\"https:\/\/justbuildit.eu\/en\/pood\/puitmaterjal\/terrassilauad\/terrassilaud-termosaar-d45j-21x118x3000mm\/\"]}]},{\"@type\":\"ImageObject\",\"inLanguage\":\"en-US\",\"@id\":\"https:\/\/justbuildit.eu\/en\/pood\/puitmaterjal\/terrassilauad\/terrassilaud-termosaar-d45j-21x118x3000mm\/#primaryimage\",\"url\":\"https:\/\/justbuildit.eu\/wp-content\/uploads\/2026\/03\/111218.jpg\",\"contentUrl\":\"https:\/\/justbuildit.eu\/wp-content\/uploads\/2026\/03\/111218.jpg\",\"width\":709,\"height\":709},{\"@type\":\"BreadcrumbList\",\"@id\":\"https:\/\/justbuildit.eu\/en\/pood\/puitmaterjal\/terrassilauad\/terrassilaud-termosaar-d45j-21x118x3000mm\/#breadcrumb\",\"itemListElement\":[{\"@type\":\"ListItem\",\"position\":1,\"name\":\"Home\",\"item\":\"https:\/\/justbuildit.eu\/en\/\"},{\"@type\":\"ListItem\",\"position\":2,\"name\":\"Shop\",\"item\":\"https:\/\/justbuildit.eu\/en\/building-materials\/\"},{\"@type\":\"ListItem\",\"position\":3,\"name\":\"Terrassilaud termosaar D45J 21x118x3000mm\"}]},{\"@type\":\"WebSite\",\"@id\":\"https:\/\/justbuildit.eu\/en\/#website\",\"url\":\"https:\/\/justbuildit.eu\/en\/\",\"name\":\"Ehituslahendused\",\"description\":\"Ehituslahendused ja materjalid\",\"publisher\":{\"@id\":\"https:\/\/justbuildit.eu\/en\/#organization\"},\"potentialAction\":[{\"@type\":\"SearchAction\",\"target\":{\"@type\":\"EntryPoint\",\"urlTemplate\":\"https:\/\/justbuildit.eu\/en\/?s={search_term_string}\"},\"query-input\":{\"@type\":\"PropertyValueSpecification\",\"valueRequired\":true,\"valueName\":\"search_term_string\"}}],\"inLanguage\":\"en-US\"},{\"@type\":\"Organization\",\"@id\":\"https:\/\/justbuildit.eu\/en\/#organization\",\"name\":\"Just Build It O\u00dc\",\"url\":\"https:\/\/justbuildit.eu\/en\/\",\"logo\":{\"@type\":\"ImageObject\",\"inLanguage\":\"en-US\",\"@id\":\"https:\/\/justbuildit.eu\/en\/#\/schema\/logo\/image\/\",\"url\":\"https:\/\/justbuildit.eu\/wp-content\/uploads\/2022\/01\/justbuildit.png\",\"contentUrl\":\"https:\/\/justbuildit.eu\/wp-content\/uploads\/2022\/01\/justbuildit.png\",\"width\":173,\"height\":77,\"caption\":\"Just Build It O\u00dc\"},\"image\":{\"@id\":\"https:\/\/justbuildit.eu\/en\/#\/schema\/logo\/image\/\"},\"sameAs\":[\"https:\/\/www.facebook.com\/justbuildit.ee\"]}]}<\/script>\n<!-- \/ Yoast SEO Premium plugin. -->","yoast_head_json":{"title":"Terrassilaud termosaar D45J 21x118x3000mm - Ehituslahendused","robots":{"index":"index","follow":"follow","max-snippet":"max-snippet:-1","max-image-preview":"max-image-preview:large","max-video-preview":"max-video-preview:-1"},"canonical":"https:\/\/justbuildit.eu\/en\/pood\/puitmaterjal\/terrassilauad\/terrassilaud-termosaar-d45j-21x118x3000mm\/","og_locale":"en_US","og_type":"article","og_title":"Terrassilaud termosaar D45J 21x118x3000mm","og_description":"Kirjeldus:","og_url":"https:\/\/justbuildit.eu\/en\/pood\/puitmaterjal\/terrassilauad\/terrassilaud-termosaar-d45j-21x118x3000mm\/","og_site_name":"Ehituslahendused","article_publisher":"https:\/\/www.facebook.com\/justbuildit.ee","article_modified_time":"2026-04-11T09:00:38+00:00","og_image":[{"width":709,"height":709,"url":"https:\/\/justbuildit.eu\/wp-content\/uploads\/2026\/03\/111218.jpg","type":"image\/jpeg"}],"twitter_card":"summary_large_image","schema":{"@context":"https:\/\/schema.org","@graph":[{"@type":"WebPage","@id":"https:\/\/justbuildit.eu\/en\/pood\/puitmaterjal\/terrassilauad\/terrassilaud-termosaar-d45j-21x118x3000mm\/","url":"https:\/\/justbuildit.eu\/en\/pood\/puitmaterjal\/terrassilauad\/terrassilaud-termosaar-d45j-21x118x3000mm\/","name":"Terrassilaud termosaar D45J 21x118x3000mm - Ehituslahendused","isPartOf":{"@id":"https:\/\/justbuildit.eu\/en\/#website"},"primaryImageOfPage":{"@id":"https:\/\/justbuildit.eu\/en\/pood\/puitmaterjal\/terrassilauad\/terrassilaud-termosaar-d45j-21x118x3000mm\/#primaryimage"},"image":{"@id":"https:\/\/justbuildit.eu\/en\/pood\/puitmaterjal\/terrassilauad\/terrassilaud-termosaar-d45j-21x118x3000mm\/#primaryimage"},"thumbnailUrl":"https:\/\/justbuildit.eu\/wp-content\/uploads\/2026\/03\/111218.jpg","datePublished":"2026-03-14T06:55:11+00:00","dateModified":"2026-04-11T09:00:38+00:00","breadcrumb":{"@id":"https:\/\/justbuildit.eu\/en\/pood\/puitmaterjal\/terrassilauad\/terrassilaud-termosaar-d45j-21x118x3000mm\/#breadcrumb"},"inLanguage":"en-US","potentialAction":[{"@type":"ReadAction","target":["https:\/\/justbuildit.eu\/en\/pood\/puitmaterjal\/terrassilauad\/terrassilaud-termosaar-d45j-21x118x3000mm\/"]}]},{"@type":"ImageObject","inLanguage":"en-US","@id":"https:\/\/justbuildit.eu\/en\/pood\/puitmaterjal\/terrassilauad\/terrassilaud-termosaar-d45j-21x118x3000mm\/#primaryimage","url":"https:\/\/justbuildit.eu\/wp-content\/uploads\/2026\/03\/111218.jpg","contentUrl":"https:\/\/justbuildit.eu\/wp-content\/uploads\/2026\/03\/111218.jpg","width":709,"height":709},{"@type":"BreadcrumbList","@id":"https:\/\/justbuildit.eu\/en\/pood\/puitmaterjal\/terrassilauad\/terrassilaud-termosaar-d45j-21x118x3000mm\/#breadcrumb","itemListElement":[{"@type":"ListItem","position":1,"name":"Home","item":"https:\/\/justbuildit.eu\/en\/"},{"@type":"ListItem","position":2,"name":"Shop","item":"https:\/\/justbuildit.eu\/en\/building-materials\/"},{"@type":"ListItem","position":3,"name":"Terrassilaud termosaar D45J 21x118x3000mm"}]},{"@type":"WebSite","@id":"https:\/\/justbuildit.eu\/en\/#website","url":"https:\/\/justbuildit.eu\/en\/","name":"Ehituslahendused","description":"Ehituslahendused ja materjalid","publisher":{"@id":"https:\/\/justbuildit.eu\/en\/#organization"},"potentialAction":[{"@type":"SearchAction","target":{"@type":"EntryPoint","urlTemplate":"https:\/\/justbuildit.eu\/en\/?s={search_term_string}"},"query-input":{"@type":"PropertyValueSpecification","valueRequired":true,"valueName":"search_term_string"}}],"inLanguage":"en-US"},{"@type":"Organization","@id":"https:\/\/justbuildit.eu\/en\/#organization","name":"Just Build It O\u00dc","url":"https:\/\/justbuildit.eu\/en\/","logo":{"@type":"ImageObject","inLanguage":"en-US","@id":"https:\/\/justbuildit.eu\/en\/#\/schema\/logo\/image\/","url":"https:\/\/justbuildit.eu\/wp-content\/uploads\/2022\/01\/justbuildit.png","contentUrl":"https:\/\/justbuildit.eu\/wp-content\/uploads\/2022\/01\/justbuildit.png","width":173,"height":77,"caption":"Just Build It O\u00dc"},"image":{"@id":"https:\/\/justbuildit.eu\/en\/#\/schema\/logo\/image\/"},"sameAs":["https:\/\/www.facebook.com\/justbuildit.ee"]}]}},"_links":{"self":[{"href":"https:\/\/justbuildit.eu\/en\/wp-json\/wp\/v2\/product\/639043","targetHints":{"allow":["GET"]}}],"collection":[{"href":"https:\/\/justbuildit.eu\/en\/wp-json\/wp\/v2\/product"}],"about":[{"href":"https:\/\/justbuildit.eu\/en\/wp-json\/wp\/v2\/types\/product"}],"replies":[{"embeddable":true,"href":"https:\/\/justbuildit.eu\/en\/wp-json\/wp\/v2\/comments?post=639043"}],"wp:featuredmedia":[{"embeddable":true,"href":"https:\/\/justbuildit.eu\/en\/wp-json\/wp\/v2\/media\/639044"}],"wp:attachment":[{"href":"https:\/\/justbuildit.eu\/en\/wp-json\/wp\/v2\/media?parent=639043"}],"wp:term":[{"taxonomy":"product_brand","embeddable":true,"href":"https:\/\/justbuildit.eu\/en\/wp-json\/wp\/v2\/product_brand?post=639043"},{"taxonomy":"product_cat","embeddable":true,"href":"https:\/\/justbuildit.eu\/en\/wp-json\/wp\/v2\/product_cat?post=639043"},{"taxonomy":"product_tag","embeddable":true,"href":"https:\/\/justbuildit.eu\/en\/wp-json\/wp\/v2\/product_tag?post=639043"}],"curies":[{"name":"wp","href":"https:\/\/api.w.org\/{rel}","templated":true}]}}